{"id":13588,"date":"2025-09-03T09:29:26","date_gmt":"2025-09-03T07:29:26","guid":{"rendered":"https:\/\/rutana.webdemo.lt\/?post_type=product&#038;p=13588"},"modified":"2025-10-13T15:44:45","modified_gmt":"2025-10-13T13:44:45","slug":"sasiuvinis-kietu-virseliu-notebook-a4-96-lapu-langeliais-grand-25423","status":"publish","type":"product","link":"https:\/\/rutana.lt\/en\/product\/sasiuvinis-kietu-virseliu-notebook-a4-96-lapu-langeliais-grand-25423\/","title":{"rendered":"S\u0105siuvinis kietu vir\u0161eliu &#8222;Notebook&#8221; A4 96 lap\u0173 langeliais Grand 25423"},"content":{"rendered":"<p>S\u0105siuvinis kietu vir\u0161eliu i\u0161 kartono. Vidiniai lapai pagaminti i\u0161 kokybi\u0161ko balto popieriaus.<\/p>\n<p>Formatas: A4<\/p>\n<p>Lap\u0173 skai\u010dius: 96<\/p>\n<p>Vidiniai lapai: langeliais<\/p>\n<p>Susegimas: si\u016btas<\/p>\n<p>Kilm\u0117s \u0161alis: Lenkija<\/p>\n<p><\/p>\n<p><\/p>","protected":false},"excerpt":{"rendered":"<p>S\u0105siuvinis kietu vir\u0161eliu i\u0161 kartono. Vidiniai lapai pagaminti i\u0161 kokybi\u0161ko balto popieriaus. Formatas: A4 Lap\u0173 skai\u010dius: 96 Vidiniai lapai: langeliais Susegimas: si\u016btas Kilm\u0117s \u0161alis: Lenkija<\/p>","protected":false},"featured_media":28145,"comment_status":"open","ping_status":"closed","template":"","meta":{"_season_start":"","_season_end":"","_season_days":"","_season_months":"","_season_auto_visibility":""},"product_brand":[579],"product_cat":[1827],"product_tag":[],"class_list":{"0":"post-13588","1":"product","2":"type-product","3":"status-publish","4":"has-post-thumbnail","6":"product_brand-grand","7":"product_cat-a4-formatas","9":"first","10":"instock","11":"taxable","12":"shipping-taxable","13":"purchasable","14":"product-type-simple"},"yoast_head":"<!-- This site is optimized with the Yoast SEO plugin v26.1.1 - https:\/\/yoast.com\/wordpress\/plugins\/seo\/ -->\n<title>S\u0105siuvinis kietu vir\u0161eliu &quot;Notebook&quot; A4 96 lap\u0173 langeliais Grand 25423 - Rutana - Ra\u0161tin\u0117s reikmenys<\/title>\n<meta name=\"robots\" content=\"index, follow, max-snippet:-1, max-image-preview:large, max-video-preview:-1\" \/>\n<link rel=\"canonical\" href=\"https:\/\/rutana.lt\/en\/product\/sasiuvinis-kietu-virseliu-notebook-a4-96-lapu-langeliais-grand-25423\/\" \/>\n<meta property=\"og:locale\" content=\"en_US\" \/>\n<meta property=\"og:type\" content=\"article\" \/>\n<meta property=\"og:title\" content=\"S\u0105siuvinis kietu vir\u0161eliu &quot;Notebook&quot; A4 96 lap\u0173 langeliais Grand 25423 - Rutana - Ra\u0161tin\u0117s reikmenys\" \/>\n<meta property=\"og:description\" content=\"S\u0105siuvinis kietu vir\u0161eliu i\u0161 kartono. Vidiniai lapai pagaminti i\u0161 kokybi\u0161ko balto popieriaus. Formatas: A4 Lap\u0173 skai\u010dius: 96 Vidiniai lapai: langeliais Susegimas: si\u016btas Kilm\u0117s \u0161alis: Lenkija\" \/>\n<meta property=\"og:url\" content=\"https:\/\/rutana.lt\/en\/product\/sasiuvinis-kietu-virseliu-notebook-a4-96-lapu-langeliais-grand-25423\/\" \/>\n<meta property=\"og:site_name\" content=\"Rutana - Ra\u0161tin\u0117s reikmenys\" \/>\n<meta property=\"article:publisher\" content=\"https:\/\/www.facebook.com\/RutanaKanceliarinesPrekes\/\" \/>\n<meta property=\"article:modified_time\" content=\"2025-10-13T13:44:45+00:00\" \/>\n<meta property=\"og:image\" content=\"https:\/\/rutana.lt\/wp-content\/uploads\/2025\/09\/A022-403.jpg\" \/>\n\t<meta property=\"og:image:width\" content=\"600\" \/>\n\t<meta property=\"og:image:height\" content=\"600\" \/>\n\t<meta property=\"og:image:type\" content=\"image\/jpeg\" \/>\n<meta name=\"twitter:card\" content=\"summary_large_image\" \/>\n<script type=\"application\/ld+json\" class=\"yoast-schema-graph\">{\"@context\":\"https:\/\/schema.org\",\"@graph\":[{\"@type\":\"WebPage\",\"@id\":\"https:\/\/rutana.lt\/produktas\/sasiuvinis-kietu-virseliu-notebook-a4-96-lapu-langeliais-grand-25423\/\",\"url\":\"https:\/\/rutana.lt\/produktas\/sasiuvinis-kietu-virseliu-notebook-a4-96-lapu-langeliais-grand-25423\/\",\"name\":\"S\u0105siuvinis kietu vir\u0161eliu \\\"Notebook\\\" A4 96 lap\u0173 langeliais Grand 25423 - Rutana - Ra\u0161tin\u0117s reikmenys\",\"isPartOf\":{\"@id\":\"https:\/\/rutana.lt\/#website\"},\"primaryImageOfPage\":{\"@id\":\"https:\/\/rutana.lt\/produktas\/sasiuvinis-kietu-virseliu-notebook-a4-96-lapu-langeliais-grand-25423\/#primaryimage\"},\"image\":{\"@id\":\"https:\/\/rutana.lt\/produktas\/sasiuvinis-kietu-virseliu-notebook-a4-96-lapu-langeliais-grand-25423\/#primaryimage\"},\"thumbnailUrl\":\"https:\/\/rutana.lt\/wp-content\/uploads\/2025\/09\/A022-403-2.jpg?v=1763619092\",\"datePublished\":\"2025-09-03T07:29:26+00:00\",\"dateModified\":\"2025-10-13T13:44:45+00:00\",\"breadcrumb\":{\"@id\":\"https:\/\/rutana.lt\/produktas\/sasiuvinis-kietu-virseliu-notebook-a4-96-lapu-langeliais-grand-25423\/#breadcrumb\"},\"inLanguage\":\"en-US\",\"potentialAction\":[{\"@type\":\"ReadAction\",\"target\":[\"https:\/\/rutana.lt\/produktas\/sasiuvinis-kietu-virseliu-notebook-a4-96-lapu-langeliais-grand-25423\/\"]}]},{\"@type\":\"ImageObject\",\"inLanguage\":\"en-US\",\"@id\":\"https:\/\/rutana.lt\/produktas\/sasiuvinis-kietu-virseliu-notebook-a4-96-lapu-langeliais-grand-25423\/#primaryimage\",\"url\":\"https:\/\/rutana.lt\/wp-content\/uploads\/2025\/09\/A022-403-2.jpg?v=1763619092\",\"contentUrl\":\"https:\/\/rutana.lt\/wp-content\/uploads\/2025\/09\/A022-403-2.jpg?v=1763619092\",\"width\":600,\"height\":600},{\"@type\":\"BreadcrumbList\",\"@id\":\"https:\/\/rutana.lt\/produktas\/sasiuvinis-kietu-virseliu-notebook-a4-96-lapu-langeliais-grand-25423\/#breadcrumb\",\"itemListElement\":[{\"@type\":\"ListItem\",\"position\":1,\"name\":\"Home\",\"item\":\"https:\/\/rutana.lt\/\"},{\"@type\":\"ListItem\",\"position\":2,\"name\":\"Parduotuv\u0117\",\"item\":\"https:\/\/rutana.lt\/parduotuve\/\"},{\"@type\":\"ListItem\",\"position\":3,\"name\":\"S\u0105siuvinis kietu vir\u0161eliu &#8222;Notebook&#8221; A4 96 lap\u0173 langeliais Grand 25423\"}]},{\"@type\":\"WebSite\",\"@id\":\"https:\/\/rutana.lt\/#website\",\"url\":\"https:\/\/rutana.lt\/\",\"name\":\"Rutana - Ra\u0161tin\u0117s reikmenys\",\"description\":\"Prekiaujame pasaulin\u0117je rinkoje pripa\u017eintomis, kokybi\u0161komis biuro prek\u0117mis toki\u0173  gamintoj\u0173 kaip: Schneider, Esselte, Novus, 3M, Faber-Castell, Citizen, Milan, Leitz, Colop, Zebra, Staedtler, Durable, Tork, Parker, Waterman ir kt.\",\"publisher\":{\"@id\":\"https:\/\/rutana.lt\/#organization\"},\"potentialAction\":[{\"@type\":\"SearchAction\",\"target\":{\"@type\":\"EntryPoint\",\"urlTemplate\":\"https:\/\/rutana.lt\/?s={search_term_string}\"},\"query-input\":{\"@type\":\"PropertyValueSpecification\",\"valueRequired\":true,\"valueName\":\"search_term_string\"}}],\"inLanguage\":\"en-US\"},{\"@type\":\"Organization\",\"@id\":\"https:\/\/rutana.lt\/#organization\",\"name\":\"Rutana - Ra\u0161tin\u0117s reikmenys\",\"url\":\"https:\/\/rutana.lt\/\",\"logo\":{\"@type\":\"ImageObject\",\"inLanguage\":\"en-US\",\"@id\":\"https:\/\/rutana.lt\/#\/schema\/logo\/image\/\",\"url\":\"https:\/\/rutana.lt\/wp-content\/uploads\/2025\/10\/Asset-32.png\",\"contentUrl\":\"https:\/\/rutana.lt\/wp-content\/uploads\/2025\/10\/Asset-32.png\",\"width\":433,\"height\":119,\"caption\":\"Rutana - Ra\u0161tin\u0117s reikmenys\"},\"image\":{\"@id\":\"https:\/\/rutana.lt\/#\/schema\/logo\/image\/\"},\"sameAs\":[\"https:\/\/www.facebook.com\/RutanaKanceliarinesPrekes\/\"]}]}<\/script>\n<!-- \/ Yoast SEO plugin. -->","yoast_head_json":{"title":"S\u0105siuvinis kietu vir\u0161eliu \"Notebook\" A4 96 lap\u0173 langeliais Grand 25423 - Rutana - Ra\u0161tin\u0117s reikmenys","robots":{"index":"index","follow":"follow","max-snippet":"max-snippet:-1","max-image-preview":"max-image-preview:large","max-video-preview":"max-video-preview:-1"},"canonical":"https:\/\/rutana.lt\/en\/product\/sasiuvinis-kietu-virseliu-notebook-a4-96-lapu-langeliais-grand-25423\/","og_locale":"en_US","og_type":"article","og_title":"S\u0105siuvinis kietu vir\u0161eliu \"Notebook\" A4 96 lap\u0173 langeliais Grand 25423 - Rutana - Ra\u0161tin\u0117s reikmenys","og_description":"S\u0105siuvinis kietu vir\u0161eliu i\u0161 kartono. Vidiniai lapai pagaminti i\u0161 kokybi\u0161ko balto popieriaus. Formatas: A4 Lap\u0173 skai\u010dius: 96 Vidiniai lapai: langeliais Susegimas: si\u016btas Kilm\u0117s \u0161alis: Lenkija","og_url":"https:\/\/rutana.lt\/en\/product\/sasiuvinis-kietu-virseliu-notebook-a4-96-lapu-langeliais-grand-25423\/","og_site_name":"Rutana - Ra\u0161tin\u0117s reikmenys","article_publisher":"https:\/\/www.facebook.com\/RutanaKanceliarinesPrekes\/","article_modified_time":"2025-10-13T13:44:45+00:00","og_image":[{"width":600,"height":600,"url":"https:\/\/rutana.lt\/wp-content\/uploads\/2025\/09\/A022-403.jpg","type":"image\/jpeg"}],"twitter_card":"summary_large_image","schema":{"@context":"https:\/\/schema.org","@graph":[{"@type":"WebPage","@id":"https:\/\/rutana.lt\/produktas\/sasiuvinis-kietu-virseliu-notebook-a4-96-lapu-langeliais-grand-25423\/","url":"https:\/\/rutana.lt\/produktas\/sasiuvinis-kietu-virseliu-notebook-a4-96-lapu-langeliais-grand-25423\/","name":"S\u0105siuvinis kietu vir\u0161eliu \"Notebook\" A4 96 lap\u0173 langeliais Grand 25423 - Rutana - Ra\u0161tin\u0117s reikmenys","isPartOf":{"@id":"https:\/\/rutana.lt\/#website"},"primaryImageOfPage":{"@id":"https:\/\/rutana.lt\/produktas\/sasiuvinis-kietu-virseliu-notebook-a4-96-lapu-langeliais-grand-25423\/#primaryimage"},"image":{"@id":"https:\/\/rutana.lt\/produktas\/sasiuvinis-kietu-virseliu-notebook-a4-96-lapu-langeliais-grand-25423\/#primaryimage"},"thumbnailUrl":"https:\/\/rutana.lt\/wp-content\/uploads\/2025\/09\/A022-403-2.jpg?v=1763619092","datePublished":"2025-09-03T07:29:26+00:00","dateModified":"2025-10-13T13:44:45+00:00","breadcrumb":{"@id":"https:\/\/rutana.lt\/produktas\/sasiuvinis-kietu-virseliu-notebook-a4-96-lapu-langeliais-grand-25423\/#breadcrumb"},"inLanguage":"en-US","potentialAction":[{"@type":"ReadAction","target":["https:\/\/rutana.lt\/produktas\/sasiuvinis-kietu-virseliu-notebook-a4-96-lapu-langeliais-grand-25423\/"]}]},{"@type":"ImageObject","inLanguage":"en-US","@id":"https:\/\/rutana.lt\/produktas\/sasiuvinis-kietu-virseliu-notebook-a4-96-lapu-langeliais-grand-25423\/#primaryimage","url":"https:\/\/rutana.lt\/wp-content\/uploads\/2025\/09\/A022-403-2.jpg?v=1763619092","contentUrl":"https:\/\/rutana.lt\/wp-content\/uploads\/2025\/09\/A022-403-2.jpg?v=1763619092","width":600,"height":600},{"@type":"BreadcrumbList","@id":"https:\/\/rutana.lt\/produktas\/sasiuvinis-kietu-virseliu-notebook-a4-96-lapu-langeliais-grand-25423\/#breadcrumb","itemListElement":[{"@type":"ListItem","position":1,"name":"Home","item":"https:\/\/rutana.lt\/"},{"@type":"ListItem","position":2,"name":"Parduotuv\u0117","item":"https:\/\/rutana.lt\/parduotuve\/"},{"@type":"ListItem","position":3,"name":"S\u0105siuvinis kietu vir\u0161eliu &#8222;Notebook&#8221; A4 96 lap\u0173 langeliais Grand 25423"}]},{"@type":"WebSite","@id":"https:\/\/rutana.lt\/#website","url":"https:\/\/rutana.lt\/","name":"Rutana - Ra\u0161tin\u0117s reikmenys","description":"Prekiaujame pasaulin\u0117je rinkoje pripa\u017eintomis, kokybi\u0161komis biuro prek\u0117mis toki\u0173  gamintoj\u0173 kaip: Schneider, Esselte, Novus, 3M, Faber-Castell, Citizen, Milan, Leitz, Colop, Zebra, Staedtler, Durable, Tork, Parker, Waterman ir kt.","publisher":{"@id":"https:\/\/rutana.lt\/#organization"},"potentialAction":[{"@type":"SearchAction","target":{"@type":"EntryPoint","urlTemplate":"https:\/\/rutana.lt\/?s={search_term_string}"},"query-input":{"@type":"PropertyValueSpecification","valueRequired":true,"valueName":"search_term_string"}}],"inLanguage":"en-US"},{"@type":"Organization","@id":"https:\/\/rutana.lt\/#organization","name":"Rutana - Ra\u0161tin\u0117s reikmenys","url":"https:\/\/rutana.lt\/","logo":{"@type":"ImageObject","inLanguage":"en-US","@id":"https:\/\/rutana.lt\/#\/schema\/logo\/image\/","url":"https:\/\/rutana.lt\/wp-content\/uploads\/2025\/10\/Asset-32.png","contentUrl":"https:\/\/rutana.lt\/wp-content\/uploads\/2025\/10\/Asset-32.png","width":433,"height":119,"caption":"Rutana - Ra\u0161tin\u0117s reikmenys"},"image":{"@id":"https:\/\/rutana.lt\/#\/schema\/logo\/image\/"},"sameAs":["https:\/\/www.facebook.com\/RutanaKanceliarinesPrekes\/"]}]}},"_links":{"self":[{"href":"https:\/\/rutana.lt\/en\/wp-json\/wp\/v2\/product\/13588","targetHints":{"allow":["GET"]}}],"collection":[{"href":"https:\/\/rutana.lt\/en\/wp-json\/wp\/v2\/product"}],"about":[{"href":"https:\/\/rutana.lt\/en\/wp-json\/wp\/v2\/types\/product"}],"replies":[{"embeddable":true,"href":"https:\/\/rutana.lt\/en\/wp-json\/wp\/v2\/comments?post=13588"}],"version-history":[{"count":1,"href":"https:\/\/rutana.lt\/en\/wp-json\/wp\/v2\/product\/13588\/revisions"}],"predecessor-version":[{"id":13630,"href":"https:\/\/rutana.lt\/en\/wp-json\/wp\/v2\/product\/13588\/revisions\/13630"}],"wp:featuredmedia":[{"embeddable":true,"href":"https:\/\/rutana.lt\/en\/wp-json\/wp\/v2\/media\/28145"}],"wp:attachment":[{"href":"https:\/\/rutana.lt\/en\/wp-json\/wp\/v2\/media?parent=13588"}],"wp:term":[{"taxonomy":"product_brand","embeddable":true,"href":"https:\/\/rutana.lt\/en\/wp-json\/wp\/v2\/product_brand?post=13588"},{"taxonomy":"product_cat","embeddable":true,"href":"https:\/\/rutana.lt\/en\/wp-json\/wp\/v2\/product_cat?post=13588"},{"taxonomy":"product_tag","embeddable":true,"href":"https:\/\/rutana.lt\/en\/wp-json\/wp\/v2\/product_tag?post=13588"}],"curies":[{"name":"wp","href":"https:\/\/api.w.org\/{rel}","templated":true}]}}