{"id":13530,"date":"2025-09-03T09:29:03","date_gmt":"2025-09-03T07:29:03","guid":{"rendered":"https:\/\/rutana.webdemo.lt\/?post_type=product&#038;p=13530"},"modified":"2025-10-13T15:44:40","modified_gmt":"2025-10-13T13:44:40","slug":"ruloninis-popierius-pramonei-360m-melynas-papernet-412058","status":"publish","type":"product","link":"https:\/\/rutana.lt\/en\/product\/ruloninis-popierius-pramonei-360m-melynas-papernet-412058\/","title":{"rendered":"Ruloninis popierius pramonei 360m m\u0117lynas Papernet 412058"},"content":{"rendered":"<p>D\u0117l nepaprasto ilgio \u201ePapernet\u201c pramoniniai ritin\u0117liai puikiai tinka toms \u012fstaigoms, kuriose reikalingas nuoseklus, efektyvus ir prakti\u0161kas \u012frankis kruop\u0161\u010diam valymui. D\u0117l didelio sugeriamumo \u201ePapernet\u201c pramoniniai ritin\u0117liai ypa\u010d tinka darbo vietoms, kurias reikia kruop\u0161\u010diai valyti kasdien.<\/p>\n<p>Ritinio ilgis: 360 m<\/p>\n<p>Lapelio ilgis: 36 cm<\/p>\n<p>Lapelio plotis: 21.5 cm<\/p>\n<p>Lapeli\u0173 kiekis: 1000 <\/p>\n<p>Ritinio \u0161erdies skersmuo: 6 cm<\/p>\n<p>Sluoksniai: 2<\/p>\n<p>Med\u017eiaga: perdirbtas pluo\u0161tas<\/p>\n<p>Spalva: m\u0117lyna<\/p>\n<p>Kaina nurodyta u\u017e 1 rulon\u0105.<\/p>\n<p><\/p>","protected":false},"excerpt":{"rendered":"<p>D\u0117l nepaprasto ilgio \u201ePapernet\u201c pramoniniai ritin\u0117liai puikiai tinka toms \u012fstaigoms, kuriose reikalingas nuoseklus, efektyvus ir prakti\u0161kas \u012frankis kruop\u0161\u010diam valymui. D\u0117l didelio sugeriamumo \u201ePapernet\u201c pramoniniai ritin\u0117liai ypa\u010d tinka darbo vietoms, kurias reikia kruop\u0161\u010diai valyti kasdien. Ritinio ilgis: 360 m Lapelio ilgis: 36 cm Lapelio plotis: 21.5 cm Lapeli\u0173 kiekis: 1000 Ritinio \u0161erdies skersmuo: 6 cm Sluoksniai: [&hellip;]<\/p>","protected":false},"featured_media":28133,"comment_status":"open","ping_status":"closed","template":"","meta":{"_season_start":"","_season_end":"","_season_days":"","_season_months":"","_season_auto_visibility":""},"product_brand":[238],"product_cat":[1620],"product_tag":[],"class_list":{"0":"post-13530","1":"product","2":"type-product","3":"status-publish","4":"has-post-thumbnail","6":"product_brand-papernet","7":"product_cat-popieriniai-ranksluosciai","9":"first","10":"instock","11":"taxable","12":"shipping-taxable","13":"purchasable","14":"product-type-simple"},"yoast_head":"<!-- This site is optimized with the Yoast SEO plugin v26.1.1 - https:\/\/yoast.com\/wordpress\/plugins\/seo\/ -->\n<title>Ruloninis popierius pramonei 360m m\u0117lynas Papernet 412058 - Rutana - Ra\u0161tin\u0117s reikmenys<\/title>\n<meta name=\"robots\" content=\"index, follow, max-snippet:-1, max-image-preview:large, max-video-preview:-1\" \/>\n<link rel=\"canonical\" href=\"https:\/\/rutana.lt\/en\/product\/ruloninis-popierius-pramonei-360m-melynas-papernet-412058\/\" \/>\n<meta property=\"og:locale\" content=\"en_US\" \/>\n<meta property=\"og:type\" content=\"article\" \/>\n<meta property=\"og:title\" content=\"Ruloninis popierius pramonei 360m m\u0117lynas Papernet 412058 - Rutana - Ra\u0161tin\u0117s reikmenys\" \/>\n<meta property=\"og:description\" content=\"D\u0117l nepaprasto ilgio \u201ePapernet\u201c pramoniniai ritin\u0117liai puikiai tinka toms \u012fstaigoms, kuriose reikalingas nuoseklus, efektyvus ir prakti\u0161kas \u012frankis kruop\u0161\u010diam valymui. D\u0117l didelio sugeriamumo \u201ePapernet\u201c pramoniniai ritin\u0117liai ypa\u010d tinka darbo vietoms, kurias reikia kruop\u0161\u010diai valyti kasdien. Ritinio ilgis: 360 m Lapelio ilgis: 36 cm Lapelio plotis: 21.5 cm Lapeli\u0173 kiekis: 1000 Ritinio \u0161erdies skersmuo: 6 cm Sluoksniai: [&hellip;]\" \/>\n<meta property=\"og:url\" content=\"https:\/\/rutana.lt\/en\/product\/ruloninis-popierius-pramonei-360m-melynas-papernet-412058\/\" \/>\n<meta property=\"og:site_name\" content=\"Rutana - Ra\u0161tin\u0117s reikmenys\" \/>\n<meta property=\"article:publisher\" content=\"https:\/\/www.facebook.com\/RutanaKanceliarinesPrekes\/\" \/>\n<meta property=\"article:modified_time\" content=\"2025-10-13T13:44:40+00:00\" \/>\n<meta property=\"og:image\" content=\"https:\/\/rutana.lt\/wp-content\/uploads\/2025\/09\/A082-113.jpg\" \/>\n\t<meta property=\"og:image:width\" content=\"600\" \/>\n\t<meta property=\"og:image:height\" content=\"508\" \/>\n\t<meta property=\"og:image:type\" content=\"image\/jpeg\" \/>\n<meta name=\"twitter:card\" content=\"summary_large_image\" \/>\n<script type=\"application\/ld+json\" class=\"yoast-schema-graph\">{\"@context\":\"https:\/\/schema.org\",\"@graph\":[{\"@type\":\"WebPage\",\"@id\":\"https:\/\/rutana.lt\/produktas\/ruloninis-popierius-pramonei-360m-melynas-papernet-412058\/\",\"url\":\"https:\/\/rutana.lt\/produktas\/ruloninis-popierius-pramonei-360m-melynas-papernet-412058\/\",\"name\":\"Ruloninis popierius pramonei 360m m\u0117lynas Papernet 412058 - Rutana - Ra\u0161tin\u0117s reikmenys\",\"isPartOf\":{\"@id\":\"https:\/\/rutana.lt\/#website\"},\"primaryImageOfPage\":{\"@id\":\"https:\/\/rutana.lt\/produktas\/ruloninis-popierius-pramonei-360m-melynas-papernet-412058\/#primaryimage\"},\"image\":{\"@id\":\"https:\/\/rutana.lt\/produktas\/ruloninis-popierius-pramonei-360m-melynas-papernet-412058\/#primaryimage\"},\"thumbnailUrl\":\"https:\/\/rutana.lt\/wp-content\/uploads\/2025\/09\/A082-113-1.jpg?v=1763619109\",\"datePublished\":\"2025-09-03T07:29:03+00:00\",\"dateModified\":\"2025-10-13T13:44:40+00:00\",\"breadcrumb\":{\"@id\":\"https:\/\/rutana.lt\/produktas\/ruloninis-popierius-pramonei-360m-melynas-papernet-412058\/#breadcrumb\"},\"inLanguage\":\"en-US\",\"potentialAction\":[{\"@type\":\"ReadAction\",\"target\":[\"https:\/\/rutana.lt\/produktas\/ruloninis-popierius-pramonei-360m-melynas-papernet-412058\/\"]}]},{\"@type\":\"ImageObject\",\"inLanguage\":\"en-US\",\"@id\":\"https:\/\/rutana.lt\/produktas\/ruloninis-popierius-pramonei-360m-melynas-papernet-412058\/#primaryimage\",\"url\":\"https:\/\/rutana.lt\/wp-content\/uploads\/2025\/09\/A082-113-1.jpg?v=1763619109\",\"contentUrl\":\"https:\/\/rutana.lt\/wp-content\/uploads\/2025\/09\/A082-113-1.jpg?v=1763619109\",\"width\":600,\"height\":508},{\"@type\":\"BreadcrumbList\",\"@id\":\"https:\/\/rutana.lt\/produktas\/ruloninis-popierius-pramonei-360m-melynas-papernet-412058\/#breadcrumb\",\"itemListElement\":[{\"@type\":\"ListItem\",\"position\":1,\"name\":\"Home\",\"item\":\"https:\/\/rutana.lt\/\"},{\"@type\":\"ListItem\",\"position\":2,\"name\":\"Parduotuv\u0117\",\"item\":\"https:\/\/rutana.lt\/parduotuve\/\"},{\"@type\":\"ListItem\",\"position\":3,\"name\":\"Ruloninis popierius pramonei 360m m\u0117lynas Papernet 412058\"}]},{\"@type\":\"WebSite\",\"@id\":\"https:\/\/rutana.lt\/#website\",\"url\":\"https:\/\/rutana.lt\/\",\"name\":\"Rutana - Ra\u0161tin\u0117s reikmenys\",\"description\":\"Prekiaujame pasaulin\u0117je rinkoje pripa\u017eintomis, kokybi\u0161komis biuro prek\u0117mis toki\u0173  gamintoj\u0173 kaip: Schneider, Esselte, Novus, 3M, Faber-Castell, Citizen, Milan, Leitz, Colop, Zebra, Staedtler, Durable, Tork, Parker, Waterman ir kt.\",\"publisher\":{\"@id\":\"https:\/\/rutana.lt\/#organization\"},\"potentialAction\":[{\"@type\":\"SearchAction\",\"target\":{\"@type\":\"EntryPoint\",\"urlTemplate\":\"https:\/\/rutana.lt\/?s={search_term_string}\"},\"query-input\":{\"@type\":\"PropertyValueSpecification\",\"valueRequired\":true,\"valueName\":\"search_term_string\"}}],\"inLanguage\":\"en-US\"},{\"@type\":\"Organization\",\"@id\":\"https:\/\/rutana.lt\/#organization\",\"name\":\"Rutana - Ra\u0161tin\u0117s reikmenys\",\"url\":\"https:\/\/rutana.lt\/\",\"logo\":{\"@type\":\"ImageObject\",\"inLanguage\":\"en-US\",\"@id\":\"https:\/\/rutana.lt\/#\/schema\/logo\/image\/\",\"url\":\"https:\/\/rutana.lt\/wp-content\/uploads\/2025\/10\/Asset-32.png\",\"contentUrl\":\"https:\/\/rutana.lt\/wp-content\/uploads\/2025\/10\/Asset-32.png\",\"width\":433,\"height\":119,\"caption\":\"Rutana - Ra\u0161tin\u0117s reikmenys\"},\"image\":{\"@id\":\"https:\/\/rutana.lt\/#\/schema\/logo\/image\/\"},\"sameAs\":[\"https:\/\/www.facebook.com\/RutanaKanceliarinesPrekes\/\"]}]}<\/script>\n<!-- \/ Yoast SEO plugin. -->","yoast_head_json":{"title":"Ruloninis popierius pramonei 360m m\u0117lynas Papernet 412058 - Rutana - Ra\u0161tin\u0117s reikmenys","robots":{"index":"index","follow":"follow","max-snippet":"max-snippet:-1","max-image-preview":"max-image-preview:large","max-video-preview":"max-video-preview:-1"},"canonical":"https:\/\/rutana.lt\/en\/product\/ruloninis-popierius-pramonei-360m-melynas-papernet-412058\/","og_locale":"en_US","og_type":"article","og_title":"Ruloninis popierius pramonei 360m m\u0117lynas Papernet 412058 - Rutana - Ra\u0161tin\u0117s reikmenys","og_description":"D\u0117l nepaprasto ilgio \u201ePapernet\u201c pramoniniai ritin\u0117liai puikiai tinka toms \u012fstaigoms, kuriose reikalingas nuoseklus, efektyvus ir prakti\u0161kas \u012frankis kruop\u0161\u010diam valymui. D\u0117l didelio sugeriamumo \u201ePapernet\u201c pramoniniai ritin\u0117liai ypa\u010d tinka darbo vietoms, kurias reikia kruop\u0161\u010diai valyti kasdien. Ritinio ilgis: 360 m Lapelio ilgis: 36 cm Lapelio plotis: 21.5 cm Lapeli\u0173 kiekis: 1000 Ritinio \u0161erdies skersmuo: 6 cm Sluoksniai: [&hellip;]","og_url":"https:\/\/rutana.lt\/en\/product\/ruloninis-popierius-pramonei-360m-melynas-papernet-412058\/","og_site_name":"Rutana - Ra\u0161tin\u0117s reikmenys","article_publisher":"https:\/\/www.facebook.com\/RutanaKanceliarinesPrekes\/","article_modified_time":"2025-10-13T13:44:40+00:00","og_image":[{"width":600,"height":508,"url":"https:\/\/rutana.lt\/wp-content\/uploads\/2025\/09\/A082-113.jpg","type":"image\/jpeg"}],"twitter_card":"summary_large_image","schema":{"@context":"https:\/\/schema.org","@graph":[{"@type":"WebPage","@id":"https:\/\/rutana.lt\/produktas\/ruloninis-popierius-pramonei-360m-melynas-papernet-412058\/","url":"https:\/\/rutana.lt\/produktas\/ruloninis-popierius-pramonei-360m-melynas-papernet-412058\/","name":"Ruloninis popierius pramonei 360m m\u0117lynas Papernet 412058 - Rutana - Ra\u0161tin\u0117s reikmenys","isPartOf":{"@id":"https:\/\/rutana.lt\/#website"},"primaryImageOfPage":{"@id":"https:\/\/rutana.lt\/produktas\/ruloninis-popierius-pramonei-360m-melynas-papernet-412058\/#primaryimage"},"image":{"@id":"https:\/\/rutana.lt\/produktas\/ruloninis-popierius-pramonei-360m-melynas-papernet-412058\/#primaryimage"},"thumbnailUrl":"https:\/\/rutana.lt\/wp-content\/uploads\/2025\/09\/A082-113-1.jpg?v=1763619109","datePublished":"2025-09-03T07:29:03+00:00","dateModified":"2025-10-13T13:44:40+00:00","breadcrumb":{"@id":"https:\/\/rutana.lt\/produktas\/ruloninis-popierius-pramonei-360m-melynas-papernet-412058\/#breadcrumb"},"inLanguage":"en-US","potentialAction":[{"@type":"ReadAction","target":["https:\/\/rutana.lt\/produktas\/ruloninis-popierius-pramonei-360m-melynas-papernet-412058\/"]}]},{"@type":"ImageObject","inLanguage":"en-US","@id":"https:\/\/rutana.lt\/produktas\/ruloninis-popierius-pramonei-360m-melynas-papernet-412058\/#primaryimage","url":"https:\/\/rutana.lt\/wp-content\/uploads\/2025\/09\/A082-113-1.jpg?v=1763619109","contentUrl":"https:\/\/rutana.lt\/wp-content\/uploads\/2025\/09\/A082-113-1.jpg?v=1763619109","width":600,"height":508},{"@type":"BreadcrumbList","@id":"https:\/\/rutana.lt\/produktas\/ruloninis-popierius-pramonei-360m-melynas-papernet-412058\/#breadcrumb","itemListElement":[{"@type":"ListItem","position":1,"name":"Home","item":"https:\/\/rutana.lt\/"},{"@type":"ListItem","position":2,"name":"Parduotuv\u0117","item":"https:\/\/rutana.lt\/parduotuve\/"},{"@type":"ListItem","position":3,"name":"Ruloninis popierius pramonei 360m m\u0117lynas Papernet 412058"}]},{"@type":"WebSite","@id":"https:\/\/rutana.lt\/#website","url":"https:\/\/rutana.lt\/","name":"Rutana - Ra\u0161tin\u0117s reikmenys","description":"Prekiaujame pasaulin\u0117je rinkoje pripa\u017eintomis, kokybi\u0161komis biuro prek\u0117mis toki\u0173  gamintoj\u0173 kaip: Schneider, Esselte, Novus, 3M, Faber-Castell, Citizen, Milan, Leitz, Colop, Zebra, Staedtler, Durable, Tork, Parker, Waterman ir kt.","publisher":{"@id":"https:\/\/rutana.lt\/#organization"},"potentialAction":[{"@type":"SearchAction","target":{"@type":"EntryPoint","urlTemplate":"https:\/\/rutana.lt\/?s={search_term_string}"},"query-input":{"@type":"PropertyValueSpecification","valueRequired":true,"valueName":"search_term_string"}}],"inLanguage":"en-US"},{"@type":"Organization","@id":"https:\/\/rutana.lt\/#organization","name":"Rutana - Ra\u0161tin\u0117s reikmenys","url":"https:\/\/rutana.lt\/","logo":{"@type":"ImageObject","inLanguage":"en-US","@id":"https:\/\/rutana.lt\/#\/schema\/logo\/image\/","url":"https:\/\/rutana.lt\/wp-content\/uploads\/2025\/10\/Asset-32.png","contentUrl":"https:\/\/rutana.lt\/wp-content\/uploads\/2025\/10\/Asset-32.png","width":433,"height":119,"caption":"Rutana - Ra\u0161tin\u0117s reikmenys"},"image":{"@id":"https:\/\/rutana.lt\/#\/schema\/logo\/image\/"},"sameAs":["https:\/\/www.facebook.com\/RutanaKanceliarinesPrekes\/"]}]}},"_links":{"self":[{"href":"https:\/\/rutana.lt\/en\/wp-json\/wp\/v2\/product\/13530","targetHints":{"allow":["GET"]}}],"collection":[{"href":"https:\/\/rutana.lt\/en\/wp-json\/wp\/v2\/product"}],"about":[{"href":"https:\/\/rutana.lt\/en\/wp-json\/wp\/v2\/types\/product"}],"replies":[{"embeddable":true,"href":"https:\/\/rutana.lt\/en\/wp-json\/wp\/v2\/comments?post=13530"}],"version-history":[{"count":1,"href":"https:\/\/rutana.lt\/en\/wp-json\/wp\/v2\/product\/13530\/revisions"}],"predecessor-version":[{"id":13583,"href":"https:\/\/rutana.lt\/en\/wp-json\/wp\/v2\/product\/13530\/revisions\/13583"}],"wp:featuredmedia":[{"embeddable":true,"href":"https:\/\/rutana.lt\/en\/wp-json\/wp\/v2\/media\/28133"}],"wp:attachment":[{"href":"https:\/\/rutana.lt\/en\/wp-json\/wp\/v2\/media?parent=13530"}],"wp:term":[{"taxonomy":"product_brand","embeddable":true,"href":"https:\/\/rutana.lt\/en\/wp-json\/wp\/v2\/product_brand?post=13530"},{"taxonomy":"product_cat","embeddable":true,"href":"https:\/\/rutana.lt\/en\/wp-json\/wp\/v2\/product_cat?post=13530"},{"taxonomy":"product_tag","embeddable":true,"href":"https:\/\/rutana.lt\/en\/wp-json\/wp\/v2\/product_tag?post=13530"}],"curies":[{"name":"wp","href":"https:\/\/api.w.org\/{rel}","templated":true}]}}