{"id":13527,"date":"2025-09-03T09:29:03","date_gmt":"2025-09-03T07:29:03","guid":{"rendered":"https:\/\/rutana.webdemo.lt\/?post_type=product&#038;p=13527"},"modified":"2025-10-13T15:44:38","modified_gmt":"2025-10-13T13:44:38","slug":"skystas-muilas-classic-balzam-5000-ml-mayeri-7224","status":"publish","type":"product","link":"https:\/\/rutana.lt\/en\/product\/skystas-muilas-classic-balzam-5000-ml-mayeri-7224\/","title":{"rendered":"Skystas  muilas Classic Balzam 5000 ml Mayeri 7224"},"content":{"rendered":"<p>Universalus, kremin\u0117s konsistencijos skystas muilas. Tinka kasdieniniam rank\u0173 ir k\u016bno plovimui. Sud\u0117tyje yra alavijo ( Aloe Vera ) ekstrakto, jo mineralai  &#8211; dr\u0117kina od\u0105. Palaiko optimal\u0173 odos dr\u0117gm\u0117s balans\u0105, skatina jos lasteli\u0173 atsinaujinim\u0105. Dermatologi\u0161kai patikrintas, puikiai putoja.<\/p>\n<p>Talpa: 5000 ml<\/p>\n<p>pH vert\u0117: 5.5 &#8211; 6.5 <\/p>","protected":false},"excerpt":{"rendered":"<p>Universalus, kremin\u0117s konsistencijos skystas muilas. Tinka kasdieniniam rank\u0173 ir k\u016bno plovimui. Sud\u0117tyje yra alavijo ( Aloe Vera ) ekstrakto, jo mineralai &#8211; dr\u0117kina od\u0105. Palaiko optimal\u0173 odos dr\u0117gm\u0117s balans\u0105, skatina jos lasteli\u0173 atsinaujinim\u0105. Dermatologi\u0161kai patikrintas, puikiai putoja. Talpa: 5000 ml pH vert\u0117: 5.5 &#8211; 6.5<\/p>","protected":false},"featured_media":28130,"comment_status":"open","ping_status":"closed","template":"","meta":{"_season_start":"","_season_end":"","_season_days":"","_season_months":"","_season_auto_visibility":""},"product_brand":[877],"product_cat":[1696],"product_tag":[],"class_list":{"0":"post-13527","1":"product","2":"type-product","3":"status-publish","4":"has-post-thumbnail","6":"product_brand-mayeri","7":"product_cat-muilas-ir-laikikliai","9":"first","10":"instock","11":"taxable","12":"shipping-taxable","13":"purchasable","14":"product-type-simple"},"yoast_head":"<!-- This site is optimized with the Yoast SEO plugin v26.1.1 - https:\/\/yoast.com\/wordpress\/plugins\/seo\/ -->\n<title>Skystas muilas Classic Balzam 5000 ml Mayeri 7224 - Rutana - Ra\u0161tin\u0117s reikmenys<\/title>\n<meta name=\"robots\" content=\"index, follow, max-snippet:-1, max-image-preview:large, max-video-preview:-1\" \/>\n<link rel=\"canonical\" href=\"https:\/\/rutana.lt\/en\/product\/skystas-muilas-classic-balzam-5000-ml-mayeri-7224\/\" \/>\n<meta property=\"og:locale\" content=\"en_US\" \/>\n<meta property=\"og:type\" content=\"article\" \/>\n<meta property=\"og:title\" content=\"Skystas muilas Classic Balzam 5000 ml Mayeri 7224 - Rutana - Ra\u0161tin\u0117s reikmenys\" \/>\n<meta property=\"og:description\" content=\"Universalus, kremin\u0117s konsistencijos skystas muilas. Tinka kasdieniniam rank\u0173 ir k\u016bno plovimui. Sud\u0117tyje yra alavijo ( Aloe Vera ) ekstrakto, jo mineralai &#8211; dr\u0117kina od\u0105. Palaiko optimal\u0173 odos dr\u0117gm\u0117s balans\u0105, skatina jos lasteli\u0173 atsinaujinim\u0105. Dermatologi\u0161kai patikrintas, puikiai putoja. Talpa: 5000 ml pH vert\u0117: 5.5 &#8211; 6.5\" \/>\n<meta property=\"og:url\" content=\"https:\/\/rutana.lt\/en\/product\/skystas-muilas-classic-balzam-5000-ml-mayeri-7224\/\" \/>\n<meta property=\"og:site_name\" content=\"Rutana - Ra\u0161tin\u0117s reikmenys\" \/>\n<meta property=\"article:publisher\" content=\"https:\/\/www.facebook.com\/RutanaKanceliarinesPrekes\/\" \/>\n<meta property=\"article:modified_time\" content=\"2025-10-13T13:44:38+00:00\" \/>\n<meta property=\"og:image\" content=\"https:\/\/rutana.lt\/wp-content\/uploads\/2025\/09\/B095-459.jpg\" \/>\n\t<meta property=\"og:image:width\" content=\"502\" \/>\n\t<meta property=\"og:image:height\" content=\"550\" \/>\n\t<meta property=\"og:image:type\" content=\"image\/jpeg\" \/>\n<meta name=\"twitter:card\" content=\"summary_large_image\" \/>\n<script type=\"application\/ld+json\" class=\"yoast-schema-graph\">{\"@context\":\"https:\/\/schema.org\",\"@graph\":[{\"@type\":\"WebPage\",\"@id\":\"https:\/\/rutana.lt\/produktas\/skystas-muilas-classic-balzam-5000-ml-mayeri-7224\/\",\"url\":\"https:\/\/rutana.lt\/produktas\/skystas-muilas-classic-balzam-5000-ml-mayeri-7224\/\",\"name\":\"Skystas muilas Classic Balzam 5000 ml Mayeri 7224 - Rutana - Ra\u0161tin\u0117s reikmenys\",\"isPartOf\":{\"@id\":\"https:\/\/rutana.lt\/#website\"},\"primaryImageOfPage\":{\"@id\":\"https:\/\/rutana.lt\/produktas\/skystas-muilas-classic-balzam-5000-ml-mayeri-7224\/#primaryimage\"},\"image\":{\"@id\":\"https:\/\/rutana.lt\/produktas\/skystas-muilas-classic-balzam-5000-ml-mayeri-7224\/#primaryimage\"},\"thumbnailUrl\":\"https:\/\/rutana.lt\/wp-content\/uploads\/2025\/09\/B095-459-1.jpg?v=1763619112\",\"datePublished\":\"2025-09-03T07:29:03+00:00\",\"dateModified\":\"2025-10-13T13:44:38+00:00\",\"breadcrumb\":{\"@id\":\"https:\/\/rutana.lt\/produktas\/skystas-muilas-classic-balzam-5000-ml-mayeri-7224\/#breadcrumb\"},\"inLanguage\":\"en-US\",\"potentialAction\":[{\"@type\":\"ReadAction\",\"target\":[\"https:\/\/rutana.lt\/produktas\/skystas-muilas-classic-balzam-5000-ml-mayeri-7224\/\"]}]},{\"@type\":\"ImageObject\",\"inLanguage\":\"en-US\",\"@id\":\"https:\/\/rutana.lt\/produktas\/skystas-muilas-classic-balzam-5000-ml-mayeri-7224\/#primaryimage\",\"url\":\"https:\/\/rutana.lt\/wp-content\/uploads\/2025\/09\/B095-459-1.jpg?v=1763619112\",\"contentUrl\":\"https:\/\/rutana.lt\/wp-content\/uploads\/2025\/09\/B095-459-1.jpg?v=1763619112\",\"width\":502,\"height\":550},{\"@type\":\"BreadcrumbList\",\"@id\":\"https:\/\/rutana.lt\/produktas\/skystas-muilas-classic-balzam-5000-ml-mayeri-7224\/#breadcrumb\",\"itemListElement\":[{\"@type\":\"ListItem\",\"position\":1,\"name\":\"Home\",\"item\":\"https:\/\/rutana.lt\/\"},{\"@type\":\"ListItem\",\"position\":2,\"name\":\"Parduotuv\u0117\",\"item\":\"https:\/\/rutana.lt\/parduotuve\/\"},{\"@type\":\"ListItem\",\"position\":3,\"name\":\"Skystas muilas Classic Balzam 5000 ml Mayeri 7224\"}]},{\"@type\":\"WebSite\",\"@id\":\"https:\/\/rutana.lt\/#website\",\"url\":\"https:\/\/rutana.lt\/\",\"name\":\"Rutana - Ra\u0161tin\u0117s reikmenys\",\"description\":\"Prekiaujame pasaulin\u0117je rinkoje pripa\u017eintomis, kokybi\u0161komis biuro prek\u0117mis toki\u0173  gamintoj\u0173 kaip: Schneider, Esselte, Novus, 3M, Faber-Castell, Citizen, Milan, Leitz, Colop, Zebra, Staedtler, Durable, Tork, Parker, Waterman ir kt.\",\"publisher\":{\"@id\":\"https:\/\/rutana.lt\/#organization\"},\"potentialAction\":[{\"@type\":\"SearchAction\",\"target\":{\"@type\":\"EntryPoint\",\"urlTemplate\":\"https:\/\/rutana.lt\/?s={search_term_string}\"},\"query-input\":{\"@type\":\"PropertyValueSpecification\",\"valueRequired\":true,\"valueName\":\"search_term_string\"}}],\"inLanguage\":\"en-US\"},{\"@type\":\"Organization\",\"@id\":\"https:\/\/rutana.lt\/#organization\",\"name\":\"Rutana - Ra\u0161tin\u0117s reikmenys\",\"url\":\"https:\/\/rutana.lt\/\",\"logo\":{\"@type\":\"ImageObject\",\"inLanguage\":\"en-US\",\"@id\":\"https:\/\/rutana.lt\/#\/schema\/logo\/image\/\",\"url\":\"https:\/\/rutana.lt\/wp-content\/uploads\/2025\/10\/Asset-32.png\",\"contentUrl\":\"https:\/\/rutana.lt\/wp-content\/uploads\/2025\/10\/Asset-32.png\",\"width\":433,\"height\":119,\"caption\":\"Rutana - Ra\u0161tin\u0117s reikmenys\"},\"image\":{\"@id\":\"https:\/\/rutana.lt\/#\/schema\/logo\/image\/\"},\"sameAs\":[\"https:\/\/www.facebook.com\/RutanaKanceliarinesPrekes\/\"]}]}<\/script>\n<!-- \/ Yoast SEO plugin. -->","yoast_head_json":{"title":"Skystas muilas Classic Balzam 5000 ml Mayeri 7224 - Rutana - Ra\u0161tin\u0117s reikmenys","robots":{"index":"index","follow":"follow","max-snippet":"max-snippet:-1","max-image-preview":"max-image-preview:large","max-video-preview":"max-video-preview:-1"},"canonical":"https:\/\/rutana.lt\/en\/product\/skystas-muilas-classic-balzam-5000-ml-mayeri-7224\/","og_locale":"en_US","og_type":"article","og_title":"Skystas muilas Classic Balzam 5000 ml Mayeri 7224 - Rutana - Ra\u0161tin\u0117s reikmenys","og_description":"Universalus, kremin\u0117s konsistencijos skystas muilas. Tinka kasdieniniam rank\u0173 ir k\u016bno plovimui. Sud\u0117tyje yra alavijo ( Aloe Vera ) ekstrakto, jo mineralai &#8211; dr\u0117kina od\u0105. Palaiko optimal\u0173 odos dr\u0117gm\u0117s balans\u0105, skatina jos lasteli\u0173 atsinaujinim\u0105. Dermatologi\u0161kai patikrintas, puikiai putoja. Talpa: 5000 ml pH vert\u0117: 5.5 &#8211; 6.5","og_url":"https:\/\/rutana.lt\/en\/product\/skystas-muilas-classic-balzam-5000-ml-mayeri-7224\/","og_site_name":"Rutana - Ra\u0161tin\u0117s reikmenys","article_publisher":"https:\/\/www.facebook.com\/RutanaKanceliarinesPrekes\/","article_modified_time":"2025-10-13T13:44:38+00:00","og_image":[{"width":502,"height":550,"url":"https:\/\/rutana.lt\/wp-content\/uploads\/2025\/09\/B095-459.jpg","type":"image\/jpeg"}],"twitter_card":"summary_large_image","schema":{"@context":"https:\/\/schema.org","@graph":[{"@type":"WebPage","@id":"https:\/\/rutana.lt\/produktas\/skystas-muilas-classic-balzam-5000-ml-mayeri-7224\/","url":"https:\/\/rutana.lt\/produktas\/skystas-muilas-classic-balzam-5000-ml-mayeri-7224\/","name":"Skystas muilas Classic Balzam 5000 ml Mayeri 7224 - Rutana - Ra\u0161tin\u0117s reikmenys","isPartOf":{"@id":"https:\/\/rutana.lt\/#website"},"primaryImageOfPage":{"@id":"https:\/\/rutana.lt\/produktas\/skystas-muilas-classic-balzam-5000-ml-mayeri-7224\/#primaryimage"},"image":{"@id":"https:\/\/rutana.lt\/produktas\/skystas-muilas-classic-balzam-5000-ml-mayeri-7224\/#primaryimage"},"thumbnailUrl":"https:\/\/rutana.lt\/wp-content\/uploads\/2025\/09\/B095-459-1.jpg?v=1763619112","datePublished":"2025-09-03T07:29:03+00:00","dateModified":"2025-10-13T13:44:38+00:00","breadcrumb":{"@id":"https:\/\/rutana.lt\/produktas\/skystas-muilas-classic-balzam-5000-ml-mayeri-7224\/#breadcrumb"},"inLanguage":"en-US","potentialAction":[{"@type":"ReadAction","target":["https:\/\/rutana.lt\/produktas\/skystas-muilas-classic-balzam-5000-ml-mayeri-7224\/"]}]},{"@type":"ImageObject","inLanguage":"en-US","@id":"https:\/\/rutana.lt\/produktas\/skystas-muilas-classic-balzam-5000-ml-mayeri-7224\/#primaryimage","url":"https:\/\/rutana.lt\/wp-content\/uploads\/2025\/09\/B095-459-1.jpg?v=1763619112","contentUrl":"https:\/\/rutana.lt\/wp-content\/uploads\/2025\/09\/B095-459-1.jpg?v=1763619112","width":502,"height":550},{"@type":"BreadcrumbList","@id":"https:\/\/rutana.lt\/produktas\/skystas-muilas-classic-balzam-5000-ml-mayeri-7224\/#breadcrumb","itemListElement":[{"@type":"ListItem","position":1,"name":"Home","item":"https:\/\/rutana.lt\/"},{"@type":"ListItem","position":2,"name":"Parduotuv\u0117","item":"https:\/\/rutana.lt\/parduotuve\/"},{"@type":"ListItem","position":3,"name":"Skystas muilas Classic Balzam 5000 ml Mayeri 7224"}]},{"@type":"WebSite","@id":"https:\/\/rutana.lt\/#website","url":"https:\/\/rutana.lt\/","name":"Rutana - Ra\u0161tin\u0117s reikmenys","description":"Prekiaujame pasaulin\u0117je rinkoje pripa\u017eintomis, kokybi\u0161komis biuro prek\u0117mis toki\u0173  gamintoj\u0173 kaip: Schneider, Esselte, Novus, 3M, Faber-Castell, Citizen, Milan, Leitz, Colop, Zebra, Staedtler, Durable, Tork, Parker, Waterman ir kt.","publisher":{"@id":"https:\/\/rutana.lt\/#organization"},"potentialAction":[{"@type":"SearchAction","target":{"@type":"EntryPoint","urlTemplate":"https:\/\/rutana.lt\/?s={search_term_string}"},"query-input":{"@type":"PropertyValueSpecification","valueRequired":true,"valueName":"search_term_string"}}],"inLanguage":"en-US"},{"@type":"Organization","@id":"https:\/\/rutana.lt\/#organization","name":"Rutana - Ra\u0161tin\u0117s reikmenys","url":"https:\/\/rutana.lt\/","logo":{"@type":"ImageObject","inLanguage":"en-US","@id":"https:\/\/rutana.lt\/#\/schema\/logo\/image\/","url":"https:\/\/rutana.lt\/wp-content\/uploads\/2025\/10\/Asset-32.png","contentUrl":"https:\/\/rutana.lt\/wp-content\/uploads\/2025\/10\/Asset-32.png","width":433,"height":119,"caption":"Rutana - Ra\u0161tin\u0117s reikmenys"},"image":{"@id":"https:\/\/rutana.lt\/#\/schema\/logo\/image\/"},"sameAs":["https:\/\/www.facebook.com\/RutanaKanceliarinesPrekes\/"]}]}},"_links":{"self":[{"href":"https:\/\/rutana.lt\/en\/wp-json\/wp\/v2\/product\/13527","targetHints":{"allow":["GET"]}}],"collection":[{"href":"https:\/\/rutana.lt\/en\/wp-json\/wp\/v2\/product"}],"about":[{"href":"https:\/\/rutana.lt\/en\/wp-json\/wp\/v2\/types\/product"}],"replies":[{"embeddable":true,"href":"https:\/\/rutana.lt\/en\/wp-json\/wp\/v2\/comments?post=13527"}],"version-history":[{"count":1,"href":"https:\/\/rutana.lt\/en\/wp-json\/wp\/v2\/product\/13527\/revisions"}],"predecessor-version":[{"id":13577,"href":"https:\/\/rutana.lt\/en\/wp-json\/wp\/v2\/product\/13527\/revisions\/13577"}],"wp:featuredmedia":[{"embeddable":true,"href":"https:\/\/rutana.lt\/en\/wp-json\/wp\/v2\/media\/28130"}],"wp:attachment":[{"href":"https:\/\/rutana.lt\/en\/wp-json\/wp\/v2\/media?parent=13527"}],"wp:term":[{"taxonomy":"product_brand","embeddable":true,"href":"https:\/\/rutana.lt\/en\/wp-json\/wp\/v2\/product_brand?post=13527"},{"taxonomy":"product_cat","embeddable":true,"href":"https:\/\/rutana.lt\/en\/wp-json\/wp\/v2\/product_cat?post=13527"},{"taxonomy":"product_tag","embeddable":true,"href":"https:\/\/rutana.lt\/en\/wp-json\/wp\/v2\/product_tag?post=13527"}],"curies":[{"name":"wp","href":"https:\/\/api.w.org\/{rel}","templated":true}]}}