{"id":13460,"date":"2025-09-03T09:28:39","date_gmt":"2025-09-03T07:28:39","guid":{"rendered":"https:\/\/rutana.webdemo.lt\/?post_type=product&#038;p=13460"},"modified":"2025-10-13T15:44:18","modified_gmt":"2025-10-13T13:44:18","slug":"plastilinas-vasko-pagrindu-krocha-12-spalvu-luc-23%d1%81-1484-08","status":"publish","type":"product","link":"https:\/\/rutana.lt\/en\/product\/plastilinas-vasko-pagrindu-krocha-12-spalvu-luc-23%d1%81-1484-08\/","title":{"rendered":"Plastilinas va\u0161ko pagrindu &#8222;Krocha&#8221; 12 spalv\u0173 Lu\u010d 23\u0421 1484-08"},"content":{"rendered":"<p>Plastilinas buvo sukurtas vadovaujantis mokytoj\u0173, dirban\u010di\u0173 su jaunesnio ikimokyklinio am\u017eiaus vaikais, pasi\u016blymais ir rekomendacijomis. Plastilinas yra toks mink\u0161tas, kad nereikalauja i\u0161ankstinio minkymo, tod\u0117l, vis\u0173 pirma, tai idealus plastilinas k\u016bdikiams, kurie tik pradeda lipdyti. Savyb\u0117s: nelimpa ir netepa rank\u0173, greitai mink\u0161t\u0117jantis, neutralaus kvapo, ry\u0161kios ir sodrios spalvos, kurias galima mai\u0161yti viena su kita. Plastilin\u0105 galima ne tik lipdyti, bet ir juo pie\u0161ti ant popieriaus ar kartono. Tinkamas naudoti vaikams nuo 3 met\u0173 am\u017eiaus. Kartonin\u0117 pakuot\u0117. Atitinka CE reikalavimams.<\/p>\n<p>Spalvos: 12<\/p>\n<p><\/p>\n<p><\/p>","protected":false},"excerpt":{"rendered":"<p>Plastilinas buvo sukurtas vadovaujantis mokytoj\u0173, dirban\u010di\u0173 su jaunesnio ikimokyklinio am\u017eiaus vaikais, pasi\u016blymais ir rekomendacijomis. Plastilinas yra toks mink\u0161tas, kad nereikalauja i\u0161ankstinio minkymo, tod\u0117l, vis\u0173 pirma, tai idealus plastilinas k\u016bdikiams, kurie tik pradeda lipdyti. Savyb\u0117s: nelimpa ir netepa rank\u0173, greitai mink\u0161t\u0117jantis, neutralaus kvapo, ry\u0161kios ir sodrios spalvos, kurias galima mai\u0161yti viena su kita. Plastilin\u0105 galima ne [&hellip;]<\/p>","protected":false},"featured_media":28105,"comment_status":"open","ping_status":"closed","template":"","meta":{"_season_start":"","_season_end":"","_season_days":"","_season_months":"","_season_auto_visibility":""},"product_brand":[516],"product_cat":[1658,1657],"product_tag":[],"class_list":{"0":"post-13460","1":"product","2":"type-product","3":"status-publish","4":"has-post-thumbnail","6":"product_brand-luc","7":"product_cat-modelinas","8":"product_cat-plastilinas","10":"first","11":"instock","12":"taxable","13":"shipping-taxable","14":"purchasable","15":"product-type-simple"},"yoast_head":"<!-- This site is optimized with the Yoast SEO plugin v27.4 - https:\/\/yoast.com\/product\/yoast-seo-wordpress\/ -->\n<title>Plastilinas va\u0161ko pagrindu &quot;Krocha&quot; 12 spalv\u0173 Lu\u010d 23\u0421 1484-08 - Rutana - Ra\u0161tin\u0117s reikmenys<\/title>\n<meta name=\"robots\" content=\"index, follow, max-snippet:-1, max-image-preview:large, max-video-preview:-1\" \/>\n<link rel=\"canonical\" href=\"https:\/\/rutana.lt\/en\/product\/plastilinas-vasko-pagrindu-krocha-12-spalvu-luc-23\u0441-1484-08\/\" \/>\n<meta property=\"og:locale\" content=\"en_US\" \/>\n<meta property=\"og:type\" content=\"article\" \/>\n<meta property=\"og:title\" content=\"Plastilinas va\u0161ko pagrindu &quot;Krocha&quot; 12 spalv\u0173 Lu\u010d 23\u0421 1484-08 - Rutana - Ra\u0161tin\u0117s reikmenys\" \/>\n<meta property=\"og:description\" content=\"Plastilinas buvo sukurtas vadovaujantis mokytoj\u0173, dirban\u010di\u0173 su jaunesnio ikimokyklinio am\u017eiaus vaikais, pasi\u016blymais ir rekomendacijomis. Plastilinas yra toks mink\u0161tas, kad nereikalauja i\u0161ankstinio minkymo, tod\u0117l, vis\u0173 pirma, tai idealus plastilinas k\u016bdikiams, kurie tik pradeda lipdyti. Savyb\u0117s: nelimpa ir netepa rank\u0173, greitai mink\u0161t\u0117jantis, neutralaus kvapo, ry\u0161kios ir sodrios spalvos, kurias galima mai\u0161yti viena su kita. Plastilin\u0105 galima ne [&hellip;]\" \/>\n<meta property=\"og:url\" content=\"https:\/\/rutana.lt\/en\/product\/plastilinas-vasko-pagrindu-krocha-12-spalvu-luc-23\u0441-1484-08\/\" \/>\n<meta property=\"og:site_name\" content=\"Rutana - Ra\u0161tin\u0117s reikmenys\" \/>\n<meta property=\"article:publisher\" content=\"https:\/\/www.facebook.com\/RutanaKanceliarinesPrekes\/\" \/>\n<meta property=\"article:modified_time\" content=\"2025-10-13T13:44:18+00:00\" \/>\n<meta property=\"og:image\" content=\"https:\/\/rutana.lt\/wp-content\/uploads\/2025\/09\/D026-334.jpg\" \/>\n\t<meta property=\"og:image:width\" content=\"548\" \/>\n\t<meta property=\"og:image:height\" content=\"514\" \/>\n\t<meta property=\"og:image:type\" content=\"image\/jpeg\" \/>\n<meta name=\"twitter:card\" content=\"summary_large_image\" \/>\n<script type=\"application\/ld+json\" class=\"yoast-schema-graph\">{\"@context\":\"https:\\\/\\\/schema.org\",\"@graph\":[{\"@type\":\"WebPage\",\"@id\":\"https:\\\/\\\/rutana.lt\\\/produktas\\\/plastilinas-vasko-pagrindu-krocha-12-spalvu-luc-23%d1%81-1484-08\\\/\",\"url\":\"https:\\\/\\\/rutana.lt\\\/produktas\\\/plastilinas-vasko-pagrindu-krocha-12-spalvu-luc-23%d1%81-1484-08\\\/\",\"name\":\"Plastilinas va\u0161ko pagrindu \\\"Krocha\\\" 12 spalv\u0173 Lu\u010d 23\u0421 1484-08 - Rutana - Ra\u0161tin\u0117s reikmenys\",\"isPartOf\":{\"@id\":\"https:\\\/\\\/rutana.lt\\\/#website\"},\"primaryImageOfPage\":{\"@id\":\"https:\\\/\\\/rutana.lt\\\/produktas\\\/plastilinas-vasko-pagrindu-krocha-12-spalvu-luc-23%d1%81-1484-08\\\/#primaryimage\"},\"image\":{\"@id\":\"https:\\\/\\\/rutana.lt\\\/produktas\\\/plastilinas-vasko-pagrindu-krocha-12-spalvu-luc-23%d1%81-1484-08\\\/#primaryimage\"},\"thumbnailUrl\":\"https:\\\/\\\/rutana.lt\\\/wp-content\\\/uploads\\\/2025\\\/09\\\/D026-334-1.jpg?v=1763619149\",\"datePublished\":\"2025-09-03T07:28:39+00:00\",\"dateModified\":\"2025-10-13T13:44:18+00:00\",\"breadcrumb\":{\"@id\":\"https:\\\/\\\/rutana.lt\\\/produktas\\\/plastilinas-vasko-pagrindu-krocha-12-spalvu-luc-23%d1%81-1484-08\\\/#breadcrumb\"},\"inLanguage\":\"en-US\",\"potentialAction\":[{\"@type\":\"ReadAction\",\"target\":[\"https:\\\/\\\/rutana.lt\\\/produktas\\\/plastilinas-vasko-pagrindu-krocha-12-spalvu-luc-23%d1%81-1484-08\\\/\"]}]},{\"@type\":\"ImageObject\",\"inLanguage\":\"en-US\",\"@id\":\"https:\\\/\\\/rutana.lt\\\/produktas\\\/plastilinas-vasko-pagrindu-krocha-12-spalvu-luc-23%d1%81-1484-08\\\/#primaryimage\",\"url\":\"https:\\\/\\\/rutana.lt\\\/wp-content\\\/uploads\\\/2025\\\/09\\\/D026-334-1.jpg?v=1763619149\",\"contentUrl\":\"https:\\\/\\\/rutana.lt\\\/wp-content\\\/uploads\\\/2025\\\/09\\\/D026-334-1.jpg?v=1763619149\",\"width\":548,\"height\":514},{\"@type\":\"BreadcrumbList\",\"@id\":\"https:\\\/\\\/rutana.lt\\\/produktas\\\/plastilinas-vasko-pagrindu-krocha-12-spalvu-luc-23%d1%81-1484-08\\\/#breadcrumb\",\"itemListElement\":[{\"@type\":\"ListItem\",\"position\":1,\"name\":\"Home\",\"item\":\"https:\\\/\\\/rutana.lt\\\/\"},{\"@type\":\"ListItem\",\"position\":2,\"name\":\"Parduotuv\u0117\",\"item\":\"https:\\\/\\\/rutana.lt\\\/parduotuve\\\/\"},{\"@type\":\"ListItem\",\"position\":3,\"name\":\"Plastilinas va\u0161ko pagrindu &#8222;Krocha&#8221; 12 spalv\u0173 Lu\u010d 23\u0421 1484-08\"}]},{\"@type\":\"WebSite\",\"@id\":\"https:\\\/\\\/rutana.lt\\\/#website\",\"url\":\"https:\\\/\\\/rutana.lt\\\/\",\"name\":\"Rutana - Ra\u0161tin\u0117s reikmenys\",\"description\":\"Prekiaujame pasaulin\u0117je rinkoje pripa\u017eintomis, kokybi\u0161komis biuro prek\u0117mis toki\u0173  gamintoj\u0173 kaip: Schneider, Esselte, Novus, 3M, Faber-Castell, Citizen, Milan, Leitz, Colop, Zebra, Staedtler, Durable, Tork, Parker, Waterman ir kt.\",\"publisher\":{\"@id\":\"https:\\\/\\\/rutana.lt\\\/#organization\"},\"potentialAction\":[{\"@type\":\"SearchAction\",\"target\":{\"@type\":\"EntryPoint\",\"urlTemplate\":\"https:\\\/\\\/rutana.lt\\\/?s={search_term_string}\"},\"query-input\":{\"@type\":\"PropertyValueSpecification\",\"valueRequired\":true,\"valueName\":\"search_term_string\"}}],\"inLanguage\":\"en-US\"},{\"@type\":\"Organization\",\"@id\":\"https:\\\/\\\/rutana.lt\\\/#organization\",\"name\":\"Rutana - Ra\u0161tin\u0117s reikmenys\",\"url\":\"https:\\\/\\\/rutana.lt\\\/\",\"logo\":{\"@type\":\"ImageObject\",\"inLanguage\":\"en-US\",\"@id\":\"https:\\\/\\\/rutana.lt\\\/#\\\/schema\\\/logo\\\/image\\\/\",\"url\":\"https:\\\/\\\/rutana.lt\\\/wp-content\\\/uploads\\\/2025\\\/10\\\/Asset-32.png\",\"contentUrl\":\"https:\\\/\\\/rutana.lt\\\/wp-content\\\/uploads\\\/2025\\\/10\\\/Asset-32.png\",\"width\":433,\"height\":119,\"caption\":\"Rutana - Ra\u0161tin\u0117s reikmenys\"},\"image\":{\"@id\":\"https:\\\/\\\/rutana.lt\\\/#\\\/schema\\\/logo\\\/image\\\/\"},\"sameAs\":[\"https:\\\/\\\/www.facebook.com\\\/RutanaKanceliarinesPrekes\\\/\"]}]}<\/script>\n<!-- \/ Yoast SEO plugin. -->","yoast_head_json":{"title":"Plastilinas va\u0161ko pagrindu \"Krocha\" 12 spalv\u0173 Lu\u010d 23\u0421 1484-08 - Rutana - Ra\u0161tin\u0117s reikmenys","robots":{"index":"index","follow":"follow","max-snippet":"max-snippet:-1","max-image-preview":"max-image-preview:large","max-video-preview":"max-video-preview:-1"},"canonical":"https:\/\/rutana.lt\/en\/product\/plastilinas-vasko-pagrindu-krocha-12-spalvu-luc-23\u0441-1484-08\/","og_locale":"en_US","og_type":"article","og_title":"Plastilinas va\u0161ko pagrindu \"Krocha\" 12 spalv\u0173 Lu\u010d 23\u0421 1484-08 - Rutana - Ra\u0161tin\u0117s reikmenys","og_description":"Plastilinas buvo sukurtas vadovaujantis mokytoj\u0173, dirban\u010di\u0173 su jaunesnio ikimokyklinio am\u017eiaus vaikais, pasi\u016blymais ir rekomendacijomis. Plastilinas yra toks mink\u0161tas, kad nereikalauja i\u0161ankstinio minkymo, tod\u0117l, vis\u0173 pirma, tai idealus plastilinas k\u016bdikiams, kurie tik pradeda lipdyti. Savyb\u0117s: nelimpa ir netepa rank\u0173, greitai mink\u0161t\u0117jantis, neutralaus kvapo, ry\u0161kios ir sodrios spalvos, kurias galima mai\u0161yti viena su kita. Plastilin\u0105 galima ne [&hellip;]","og_url":"https:\/\/rutana.lt\/en\/product\/plastilinas-vasko-pagrindu-krocha-12-spalvu-luc-23\u0441-1484-08\/","og_site_name":"Rutana - Ra\u0161tin\u0117s reikmenys","article_publisher":"https:\/\/www.facebook.com\/RutanaKanceliarinesPrekes\/","article_modified_time":"2025-10-13T13:44:18+00:00","og_image":[{"width":548,"height":514,"url":"https:\/\/rutana.lt\/wp-content\/uploads\/2025\/09\/D026-334.jpg","type":"image\/jpeg"}],"twitter_card":"summary_large_image","schema":{"@context":"https:\/\/schema.org","@graph":[{"@type":"WebPage","@id":"https:\/\/rutana.lt\/produktas\/plastilinas-vasko-pagrindu-krocha-12-spalvu-luc-23%d1%81-1484-08\/","url":"https:\/\/rutana.lt\/produktas\/plastilinas-vasko-pagrindu-krocha-12-spalvu-luc-23%d1%81-1484-08\/","name":"Plastilinas va\u0161ko pagrindu \"Krocha\" 12 spalv\u0173 Lu\u010d 23\u0421 1484-08 - Rutana - Ra\u0161tin\u0117s reikmenys","isPartOf":{"@id":"https:\/\/rutana.lt\/#website"},"primaryImageOfPage":{"@id":"https:\/\/rutana.lt\/produktas\/plastilinas-vasko-pagrindu-krocha-12-spalvu-luc-23%d1%81-1484-08\/#primaryimage"},"image":{"@id":"https:\/\/rutana.lt\/produktas\/plastilinas-vasko-pagrindu-krocha-12-spalvu-luc-23%d1%81-1484-08\/#primaryimage"},"thumbnailUrl":"https:\/\/rutana.lt\/wp-content\/uploads\/2025\/09\/D026-334-1.jpg?v=1763619149","datePublished":"2025-09-03T07:28:39+00:00","dateModified":"2025-10-13T13:44:18+00:00","breadcrumb":{"@id":"https:\/\/rutana.lt\/produktas\/plastilinas-vasko-pagrindu-krocha-12-spalvu-luc-23%d1%81-1484-08\/#breadcrumb"},"inLanguage":"en-US","potentialAction":[{"@type":"ReadAction","target":["https:\/\/rutana.lt\/produktas\/plastilinas-vasko-pagrindu-krocha-12-spalvu-luc-23%d1%81-1484-08\/"]}]},{"@type":"ImageObject","inLanguage":"en-US","@id":"https:\/\/rutana.lt\/produktas\/plastilinas-vasko-pagrindu-krocha-12-spalvu-luc-23%d1%81-1484-08\/#primaryimage","url":"https:\/\/rutana.lt\/wp-content\/uploads\/2025\/09\/D026-334-1.jpg?v=1763619149","contentUrl":"https:\/\/rutana.lt\/wp-content\/uploads\/2025\/09\/D026-334-1.jpg?v=1763619149","width":548,"height":514},{"@type":"BreadcrumbList","@id":"https:\/\/rutana.lt\/produktas\/plastilinas-vasko-pagrindu-krocha-12-spalvu-luc-23%d1%81-1484-08\/#breadcrumb","itemListElement":[{"@type":"ListItem","position":1,"name":"Home","item":"https:\/\/rutana.lt\/"},{"@type":"ListItem","position":2,"name":"Parduotuv\u0117","item":"https:\/\/rutana.lt\/parduotuve\/"},{"@type":"ListItem","position":3,"name":"Plastilinas va\u0161ko pagrindu &#8222;Krocha&#8221; 12 spalv\u0173 Lu\u010d 23\u0421 1484-08"}]},{"@type":"WebSite","@id":"https:\/\/rutana.lt\/#website","url":"https:\/\/rutana.lt\/","name":"Rutana - Ra\u0161tin\u0117s reikmenys","description":"Prekiaujame pasaulin\u0117je rinkoje pripa\u017eintomis, kokybi\u0161komis biuro prek\u0117mis toki\u0173  gamintoj\u0173 kaip: Schneider, Esselte, Novus, 3M, Faber-Castell, Citizen, Milan, Leitz, Colop, Zebra, Staedtler, Durable, Tork, Parker, Waterman ir kt.","publisher":{"@id":"https:\/\/rutana.lt\/#organization"},"potentialAction":[{"@type":"SearchAction","target":{"@type":"EntryPoint","urlTemplate":"https:\/\/rutana.lt\/?s={search_term_string}"},"query-input":{"@type":"PropertyValueSpecification","valueRequired":true,"valueName":"search_term_string"}}],"inLanguage":"en-US"},{"@type":"Organization","@id":"https:\/\/rutana.lt\/#organization","name":"Rutana - Ra\u0161tin\u0117s reikmenys","url":"https:\/\/rutana.lt\/","logo":{"@type":"ImageObject","inLanguage":"en-US","@id":"https:\/\/rutana.lt\/#\/schema\/logo\/image\/","url":"https:\/\/rutana.lt\/wp-content\/uploads\/2025\/10\/Asset-32.png","contentUrl":"https:\/\/rutana.lt\/wp-content\/uploads\/2025\/10\/Asset-32.png","width":433,"height":119,"caption":"Rutana - Ra\u0161tin\u0117s reikmenys"},"image":{"@id":"https:\/\/rutana.lt\/#\/schema\/logo\/image\/"},"sameAs":["https:\/\/www.facebook.com\/RutanaKanceliarinesPrekes\/"]}]}},"_links":{"self":[{"href":"https:\/\/rutana.lt\/en\/wp-json\/wp\/v2\/product\/13460","targetHints":{"allow":["GET"]}}],"collection":[{"href":"https:\/\/rutana.lt\/en\/wp-json\/wp\/v2\/product"}],"about":[{"href":"https:\/\/rutana.lt\/en\/wp-json\/wp\/v2\/types\/product"}],"replies":[{"embeddable":true,"href":"https:\/\/rutana.lt\/en\/wp-json\/wp\/v2\/comments?post=13460"}],"version-history":[{"count":1,"href":"https:\/\/rutana.lt\/en\/wp-json\/wp\/v2\/product\/13460\/revisions"}],"predecessor-version":[{"id":13506,"href":"https:\/\/rutana.lt\/en\/wp-json\/wp\/v2\/product\/13460\/revisions\/13506"}],"wp:featuredmedia":[{"embeddable":true,"href":"https:\/\/rutana.lt\/en\/wp-json\/wp\/v2\/media\/28105"}],"wp:attachment":[{"href":"https:\/\/rutana.lt\/en\/wp-json\/wp\/v2\/media?parent=13460"}],"wp:term":[{"taxonomy":"product_brand","embeddable":true,"href":"https:\/\/rutana.lt\/en\/wp-json\/wp\/v2\/product_brand?post=13460"},{"taxonomy":"product_cat","embeddable":true,"href":"https:\/\/rutana.lt\/en\/wp-json\/wp\/v2\/product_cat?post=13460"},{"taxonomy":"product_tag","embeddable":true,"href":"https:\/\/rutana.lt\/en\/wp-json\/wp\/v2\/product_tag?post=13460"}],"curies":[{"name":"wp","href":"https:\/\/api.w.org\/{rel}","templated":true}]}}