{"id":13450,"date":"2025-09-03T09:28:39","date_gmt":"2025-09-03T07:28:39","guid":{"rendered":"https:\/\/rutana.webdemo.lt\/?post_type=product&#038;p=13450"},"modified":"2025-10-13T15:44:13","modified_gmt":"2025-10-13T13:44:13","slug":"lipnios-etiketes-juvelyriniams-dirbiniams-a4-49-x-10-mm-1-lapas-baltos-herma-5116","status":"publish","type":"product","link":"https:\/\/rutana.lt\/en\/product\/lipnios-etiketes-juvelyriniams-dirbiniams-a4-49-x-10-mm-1-lapas-baltos-herma-5116\/","title":{"rendered":"Lipnios etiket\u0117s juvelyriniams dirbiniams A4\/49 x 10 mm 1 lapas baltos  Herma 5116"},"content":{"rendered":"<p>Lipnios etiket\u0117s skirtos \u017eied\u0173, laikrod\u017ei\u0173, papuo\u0161al\u0173, akini\u0173 ir ma\u017eo skersmens daikt\u0173 kainoms pasigaminti. Su nelipnia vidurine dalimi: neprilips prie daikto, tiesiog u\u017eri\u0161kite j\u012f aplink prek\u0119 ir prispauskite su lipniu pavir\u0161iumi. Tinka ra\u0161aliniams spausdintuvams, lazeriniams spausdintuvams ir kopijavimo aparatams. Puikiai atsispausdina nespalvotai arba spalvotai. Kaina nurodyta u\u017e 1 lap\u0105.<\/p>\n<p>Etike\u010di\u0173 kiekis A4 lape: 60 vnt.<\/p>\n<p>Etiket\u0117s matmenys: 49 x 10 mm <\/p>\n<p>Etiket\u0117s spalva: balta<\/p>\n<p>Kilm\u0117s \u0161alis: Vokietija<\/p>\n<\/p>\n<p><\/p>","protected":false},"excerpt":{"rendered":"<p>Lipnios etiket\u0117s skirtos \u017eied\u0173, laikrod\u017ei\u0173, papuo\u0161al\u0173, akini\u0173 ir ma\u017eo skersmens daikt\u0173 kainoms pasigaminti. Su nelipnia vidurine dalimi: neprilips prie daikto, tiesiog u\u017eri\u0161kite j\u012f aplink prek\u0119 ir prispauskite su lipniu pavir\u0161iumi. Tinka ra\u0161aliniams spausdintuvams, lazeriniams spausdintuvams ir kopijavimo aparatams. Puikiai atsispausdina nespalvotai arba spalvotai. Kaina nurodyta u\u017e 1 lap\u0105. Etike\u010di\u0173 kiekis A4 lape: 60 vnt. Etiket\u0117s [&hellip;]<\/p>","protected":false},"featured_media":28095,"comment_status":"open","ping_status":"closed","template":"","meta":{"_season_start":"","_season_end":"","_season_days":"","_season_months":"","_season_auto_visibility":""},"product_brand":[665],"product_cat":[1796],"product_tag":[],"class_list":{"0":"post-13450","1":"product","2":"type-product","3":"status-publish","4":"has-post-thumbnail","6":"product_brand-herma","7":"product_cat-lipnios-etiketes","9":"first","10":"instock","11":"taxable","12":"shipping-taxable","13":"purchasable","14":"product-type-simple"},"yoast_head":"<!-- This site is optimized with the Yoast SEO plugin v27.4 - https:\/\/yoast.com\/product\/yoast-seo-wordpress\/ -->\n<title>Lipnios etiket\u0117s juvelyriniams dirbiniams A4\/49 x 10 mm 1 lapas baltos Herma 5116 - Rutana - Ra\u0161tin\u0117s reikmenys<\/title>\n<meta name=\"robots\" content=\"index, follow, max-snippet:-1, max-image-preview:large, max-video-preview:-1\" \/>\n<link rel=\"canonical\" href=\"https:\/\/rutana.lt\/en\/product\/lipnios-etiketes-juvelyriniams-dirbiniams-a4-49-x-10-mm-1-lapas-baltos-herma-5116\/\" \/>\n<meta property=\"og:locale\" content=\"en_US\" \/>\n<meta property=\"og:type\" content=\"article\" \/>\n<meta property=\"og:title\" content=\"Lipnios etiket\u0117s juvelyriniams dirbiniams A4\/49 x 10 mm 1 lapas baltos Herma 5116 - Rutana - Ra\u0161tin\u0117s reikmenys\" \/>\n<meta property=\"og:description\" content=\"Lipnios etiket\u0117s skirtos \u017eied\u0173, laikrod\u017ei\u0173, papuo\u0161al\u0173, akini\u0173 ir ma\u017eo skersmens daikt\u0173 kainoms pasigaminti. Su nelipnia vidurine dalimi: neprilips prie daikto, tiesiog u\u017eri\u0161kite j\u012f aplink prek\u0119 ir prispauskite su lipniu pavir\u0161iumi. Tinka ra\u0161aliniams spausdintuvams, lazeriniams spausdintuvams ir kopijavimo aparatams. Puikiai atsispausdina nespalvotai arba spalvotai. Kaina nurodyta u\u017e 1 lap\u0105. Etike\u010di\u0173 kiekis A4 lape: 60 vnt. Etiket\u0117s [&hellip;]\" \/>\n<meta property=\"og:url\" content=\"https:\/\/rutana.lt\/en\/product\/lipnios-etiketes-juvelyriniams-dirbiniams-a4-49-x-10-mm-1-lapas-baltos-herma-5116\/\" \/>\n<meta property=\"og:site_name\" content=\"Rutana - Ra\u0161tin\u0117s reikmenys\" \/>\n<meta property=\"article:publisher\" content=\"https:\/\/www.facebook.com\/RutanaKanceliarinesPrekes\/\" \/>\n<meta property=\"article:modified_time\" content=\"2025-10-13T13:44:13+00:00\" \/>\n<meta property=\"og:image\" content=\"https:\/\/rutana.lt\/wp-content\/uploads\/2025\/09\/A113-175-1.jpg\" \/>\n\t<meta property=\"og:image:width\" content=\"500\" \/>\n\t<meta property=\"og:image:height\" content=\"533\" \/>\n\t<meta property=\"og:image:type\" content=\"image\/jpeg\" \/>\n<meta name=\"twitter:card\" content=\"summary_large_image\" \/>\n<script type=\"application\/ld+json\" class=\"yoast-schema-graph\">{\"@context\":\"https:\\\/\\\/schema.org\",\"@graph\":[{\"@type\":\"WebPage\",\"@id\":\"https:\\\/\\\/rutana.lt\\\/produktas\\\/lipnios-etiketes-juvelyriniams-dirbiniams-a4-49-x-10-mm-1-lapas-baltos-herma-5116\\\/\",\"url\":\"https:\\\/\\\/rutana.lt\\\/produktas\\\/lipnios-etiketes-juvelyriniams-dirbiniams-a4-49-x-10-mm-1-lapas-baltos-herma-5116\\\/\",\"name\":\"Lipnios etiket\u0117s juvelyriniams dirbiniams A4\\\/49 x 10 mm 1 lapas baltos Herma 5116 - Rutana - Ra\u0161tin\u0117s reikmenys\",\"isPartOf\":{\"@id\":\"https:\\\/\\\/rutana.lt\\\/#website\"},\"primaryImageOfPage\":{\"@id\":\"https:\\\/\\\/rutana.lt\\\/produktas\\\/lipnios-etiketes-juvelyriniams-dirbiniams-a4-49-x-10-mm-1-lapas-baltos-herma-5116\\\/#primaryimage\"},\"image\":{\"@id\":\"https:\\\/\\\/rutana.lt\\\/produktas\\\/lipnios-etiketes-juvelyriniams-dirbiniams-a4-49-x-10-mm-1-lapas-baltos-herma-5116\\\/#primaryimage\"},\"thumbnailUrl\":\"https:\\\/\\\/rutana.lt\\\/wp-content\\\/uploads\\\/2025\\\/09\\\/A113-175-1-1.jpg?v=1763619159\",\"datePublished\":\"2025-09-03T07:28:39+00:00\",\"dateModified\":\"2025-10-13T13:44:13+00:00\",\"breadcrumb\":{\"@id\":\"https:\\\/\\\/rutana.lt\\\/produktas\\\/lipnios-etiketes-juvelyriniams-dirbiniams-a4-49-x-10-mm-1-lapas-baltos-herma-5116\\\/#breadcrumb\"},\"inLanguage\":\"en-US\",\"potentialAction\":[{\"@type\":\"ReadAction\",\"target\":[\"https:\\\/\\\/rutana.lt\\\/produktas\\\/lipnios-etiketes-juvelyriniams-dirbiniams-a4-49-x-10-mm-1-lapas-baltos-herma-5116\\\/\"]}]},{\"@type\":\"ImageObject\",\"inLanguage\":\"en-US\",\"@id\":\"https:\\\/\\\/rutana.lt\\\/produktas\\\/lipnios-etiketes-juvelyriniams-dirbiniams-a4-49-x-10-mm-1-lapas-baltos-herma-5116\\\/#primaryimage\",\"url\":\"https:\\\/\\\/rutana.lt\\\/wp-content\\\/uploads\\\/2025\\\/09\\\/A113-175-1-1.jpg?v=1763619159\",\"contentUrl\":\"https:\\\/\\\/rutana.lt\\\/wp-content\\\/uploads\\\/2025\\\/09\\\/A113-175-1-1.jpg?v=1763619159\",\"width\":500,\"height\":533},{\"@type\":\"BreadcrumbList\",\"@id\":\"https:\\\/\\\/rutana.lt\\\/produktas\\\/lipnios-etiketes-juvelyriniams-dirbiniams-a4-49-x-10-mm-1-lapas-baltos-herma-5116\\\/#breadcrumb\",\"itemListElement\":[{\"@type\":\"ListItem\",\"position\":1,\"name\":\"Home\",\"item\":\"https:\\\/\\\/rutana.lt\\\/\"},{\"@type\":\"ListItem\",\"position\":2,\"name\":\"Parduotuv\u0117\",\"item\":\"https:\\\/\\\/rutana.lt\\\/parduotuve\\\/\"},{\"@type\":\"ListItem\",\"position\":3,\"name\":\"Lipnios etiket\u0117s juvelyriniams dirbiniams A4\\\/49 x 10 mm 1 lapas baltos Herma 5116\"}]},{\"@type\":\"WebSite\",\"@id\":\"https:\\\/\\\/rutana.lt\\\/#website\",\"url\":\"https:\\\/\\\/rutana.lt\\\/\",\"name\":\"Rutana - Ra\u0161tin\u0117s reikmenys\",\"description\":\"Prekiaujame pasaulin\u0117je rinkoje pripa\u017eintomis, kokybi\u0161komis biuro prek\u0117mis toki\u0173  gamintoj\u0173 kaip: Schneider, Esselte, Novus, 3M, Faber-Castell, Citizen, Milan, Leitz, Colop, Zebra, Staedtler, Durable, Tork, Parker, Waterman ir kt.\",\"publisher\":{\"@id\":\"https:\\\/\\\/rutana.lt\\\/#organization\"},\"potentialAction\":[{\"@type\":\"SearchAction\",\"target\":{\"@type\":\"EntryPoint\",\"urlTemplate\":\"https:\\\/\\\/rutana.lt\\\/?s={search_term_string}\"},\"query-input\":{\"@type\":\"PropertyValueSpecification\",\"valueRequired\":true,\"valueName\":\"search_term_string\"}}],\"inLanguage\":\"en-US\"},{\"@type\":\"Organization\",\"@id\":\"https:\\\/\\\/rutana.lt\\\/#organization\",\"name\":\"Rutana - Ra\u0161tin\u0117s reikmenys\",\"url\":\"https:\\\/\\\/rutana.lt\\\/\",\"logo\":{\"@type\":\"ImageObject\",\"inLanguage\":\"en-US\",\"@id\":\"https:\\\/\\\/rutana.lt\\\/#\\\/schema\\\/logo\\\/image\\\/\",\"url\":\"https:\\\/\\\/rutana.lt\\\/wp-content\\\/uploads\\\/2025\\\/10\\\/Asset-32.png\",\"contentUrl\":\"https:\\\/\\\/rutana.lt\\\/wp-content\\\/uploads\\\/2025\\\/10\\\/Asset-32.png\",\"width\":433,\"height\":119,\"caption\":\"Rutana - Ra\u0161tin\u0117s reikmenys\"},\"image\":{\"@id\":\"https:\\\/\\\/rutana.lt\\\/#\\\/schema\\\/logo\\\/image\\\/\"},\"sameAs\":[\"https:\\\/\\\/www.facebook.com\\\/RutanaKanceliarinesPrekes\\\/\"]}]}<\/script>\n<!-- \/ Yoast SEO plugin. -->","yoast_head_json":{"title":"Lipnios etiket\u0117s juvelyriniams dirbiniams A4\/49 x 10 mm 1 lapas baltos Herma 5116 - Rutana - Ra\u0161tin\u0117s reikmenys","robots":{"index":"index","follow":"follow","max-snippet":"max-snippet:-1","max-image-preview":"max-image-preview:large","max-video-preview":"max-video-preview:-1"},"canonical":"https:\/\/rutana.lt\/en\/product\/lipnios-etiketes-juvelyriniams-dirbiniams-a4-49-x-10-mm-1-lapas-baltos-herma-5116\/","og_locale":"en_US","og_type":"article","og_title":"Lipnios etiket\u0117s juvelyriniams dirbiniams A4\/49 x 10 mm 1 lapas baltos Herma 5116 - Rutana - Ra\u0161tin\u0117s reikmenys","og_description":"Lipnios etiket\u0117s skirtos \u017eied\u0173, laikrod\u017ei\u0173, papuo\u0161al\u0173, akini\u0173 ir ma\u017eo skersmens daikt\u0173 kainoms pasigaminti. Su nelipnia vidurine dalimi: neprilips prie daikto, tiesiog u\u017eri\u0161kite j\u012f aplink prek\u0119 ir prispauskite su lipniu pavir\u0161iumi. Tinka ra\u0161aliniams spausdintuvams, lazeriniams spausdintuvams ir kopijavimo aparatams. Puikiai atsispausdina nespalvotai arba spalvotai. Kaina nurodyta u\u017e 1 lap\u0105. Etike\u010di\u0173 kiekis A4 lape: 60 vnt. Etiket\u0117s [&hellip;]","og_url":"https:\/\/rutana.lt\/en\/product\/lipnios-etiketes-juvelyriniams-dirbiniams-a4-49-x-10-mm-1-lapas-baltos-herma-5116\/","og_site_name":"Rutana - Ra\u0161tin\u0117s reikmenys","article_publisher":"https:\/\/www.facebook.com\/RutanaKanceliarinesPrekes\/","article_modified_time":"2025-10-13T13:44:13+00:00","og_image":[{"width":500,"height":533,"url":"https:\/\/rutana.lt\/wp-content\/uploads\/2025\/09\/A113-175-1.jpg","type":"image\/jpeg"}],"twitter_card":"summary_large_image","schema":{"@context":"https:\/\/schema.org","@graph":[{"@type":"WebPage","@id":"https:\/\/rutana.lt\/produktas\/lipnios-etiketes-juvelyriniams-dirbiniams-a4-49-x-10-mm-1-lapas-baltos-herma-5116\/","url":"https:\/\/rutana.lt\/produktas\/lipnios-etiketes-juvelyriniams-dirbiniams-a4-49-x-10-mm-1-lapas-baltos-herma-5116\/","name":"Lipnios etiket\u0117s juvelyriniams dirbiniams A4\/49 x 10 mm 1 lapas baltos Herma 5116 - Rutana - Ra\u0161tin\u0117s reikmenys","isPartOf":{"@id":"https:\/\/rutana.lt\/#website"},"primaryImageOfPage":{"@id":"https:\/\/rutana.lt\/produktas\/lipnios-etiketes-juvelyriniams-dirbiniams-a4-49-x-10-mm-1-lapas-baltos-herma-5116\/#primaryimage"},"image":{"@id":"https:\/\/rutana.lt\/produktas\/lipnios-etiketes-juvelyriniams-dirbiniams-a4-49-x-10-mm-1-lapas-baltos-herma-5116\/#primaryimage"},"thumbnailUrl":"https:\/\/rutana.lt\/wp-content\/uploads\/2025\/09\/A113-175-1-1.jpg?v=1763619159","datePublished":"2025-09-03T07:28:39+00:00","dateModified":"2025-10-13T13:44:13+00:00","breadcrumb":{"@id":"https:\/\/rutana.lt\/produktas\/lipnios-etiketes-juvelyriniams-dirbiniams-a4-49-x-10-mm-1-lapas-baltos-herma-5116\/#breadcrumb"},"inLanguage":"en-US","potentialAction":[{"@type":"ReadAction","target":["https:\/\/rutana.lt\/produktas\/lipnios-etiketes-juvelyriniams-dirbiniams-a4-49-x-10-mm-1-lapas-baltos-herma-5116\/"]}]},{"@type":"ImageObject","inLanguage":"en-US","@id":"https:\/\/rutana.lt\/produktas\/lipnios-etiketes-juvelyriniams-dirbiniams-a4-49-x-10-mm-1-lapas-baltos-herma-5116\/#primaryimage","url":"https:\/\/rutana.lt\/wp-content\/uploads\/2025\/09\/A113-175-1-1.jpg?v=1763619159","contentUrl":"https:\/\/rutana.lt\/wp-content\/uploads\/2025\/09\/A113-175-1-1.jpg?v=1763619159","width":500,"height":533},{"@type":"BreadcrumbList","@id":"https:\/\/rutana.lt\/produktas\/lipnios-etiketes-juvelyriniams-dirbiniams-a4-49-x-10-mm-1-lapas-baltos-herma-5116\/#breadcrumb","itemListElement":[{"@type":"ListItem","position":1,"name":"Home","item":"https:\/\/rutana.lt\/"},{"@type":"ListItem","position":2,"name":"Parduotuv\u0117","item":"https:\/\/rutana.lt\/parduotuve\/"},{"@type":"ListItem","position":3,"name":"Lipnios etiket\u0117s juvelyriniams dirbiniams A4\/49 x 10 mm 1 lapas baltos Herma 5116"}]},{"@type":"WebSite","@id":"https:\/\/rutana.lt\/#website","url":"https:\/\/rutana.lt\/","name":"Rutana - Ra\u0161tin\u0117s reikmenys","description":"Prekiaujame pasaulin\u0117je rinkoje pripa\u017eintomis, kokybi\u0161komis biuro prek\u0117mis toki\u0173  gamintoj\u0173 kaip: Schneider, Esselte, Novus, 3M, Faber-Castell, Citizen, Milan, Leitz, Colop, Zebra, Staedtler, Durable, Tork, Parker, Waterman ir kt.","publisher":{"@id":"https:\/\/rutana.lt\/#organization"},"potentialAction":[{"@type":"SearchAction","target":{"@type":"EntryPoint","urlTemplate":"https:\/\/rutana.lt\/?s={search_term_string}"},"query-input":{"@type":"PropertyValueSpecification","valueRequired":true,"valueName":"search_term_string"}}],"inLanguage":"en-US"},{"@type":"Organization","@id":"https:\/\/rutana.lt\/#organization","name":"Rutana - Ra\u0161tin\u0117s reikmenys","url":"https:\/\/rutana.lt\/","logo":{"@type":"ImageObject","inLanguage":"en-US","@id":"https:\/\/rutana.lt\/#\/schema\/logo\/image\/","url":"https:\/\/rutana.lt\/wp-content\/uploads\/2025\/10\/Asset-32.png","contentUrl":"https:\/\/rutana.lt\/wp-content\/uploads\/2025\/10\/Asset-32.png","width":433,"height":119,"caption":"Rutana - Ra\u0161tin\u0117s reikmenys"},"image":{"@id":"https:\/\/rutana.lt\/#\/schema\/logo\/image\/"},"sameAs":["https:\/\/www.facebook.com\/RutanaKanceliarinesPrekes\/"]}]}},"_links":{"self":[{"href":"https:\/\/rutana.lt\/en\/wp-json\/wp\/v2\/product\/13450","targetHints":{"allow":["GET"]}}],"collection":[{"href":"https:\/\/rutana.lt\/en\/wp-json\/wp\/v2\/product"}],"about":[{"href":"https:\/\/rutana.lt\/en\/wp-json\/wp\/v2\/types\/product"}],"replies":[{"embeddable":true,"href":"https:\/\/rutana.lt\/en\/wp-json\/wp\/v2\/comments?post=13450"}],"version-history":[{"count":1,"href":"https:\/\/rutana.lt\/en\/wp-json\/wp\/v2\/product\/13450\/revisions"}],"predecessor-version":[{"id":13486,"href":"https:\/\/rutana.lt\/en\/wp-json\/wp\/v2\/product\/13450\/revisions\/13486"}],"wp:featuredmedia":[{"embeddable":true,"href":"https:\/\/rutana.lt\/en\/wp-json\/wp\/v2\/media\/28095"}],"wp:attachment":[{"href":"https:\/\/rutana.lt\/en\/wp-json\/wp\/v2\/media?parent=13450"}],"wp:term":[{"taxonomy":"product_brand","embeddable":true,"href":"https:\/\/rutana.lt\/en\/wp-json\/wp\/v2\/product_brand?post=13450"},{"taxonomy":"product_cat","embeddable":true,"href":"https:\/\/rutana.lt\/en\/wp-json\/wp\/v2\/product_cat?post=13450"},{"taxonomy":"product_tag","embeddable":true,"href":"https:\/\/rutana.lt\/en\/wp-json\/wp\/v2\/product_tag?post=13450"}],"curies":[{"name":"wp","href":"https:\/\/api.w.org\/{rel}","templated":true}]}}