{"id":13385,"date":"2025-09-03T09:28:15","date_gmt":"2025-09-03T07:28:15","guid":{"rendered":"https:\/\/rutana.webdemo.lt\/?post_type=product&#038;p=13385"},"modified":"2025-10-13T15:44:06","modified_gmt":"2025-10-13T13:44:06","slug":"segiklis-iki-16-lapu-nr-10-raudonas-forpus-61209","status":"publish","type":"product","link":"https:\/\/rutana.lt\/en\/product\/segiklis-iki-16-lapu-nr-10-raudonas-forpus-61209\/","title":{"rendered":"Segiklis iki 16 lap\u0173 Nr.10 raudonas Forpus 61209"},"content":{"rendered":"<p>Rankinis, ma\u017eas biuro segiklis, pagamintas i\u0161 metalo. Segiklis gali atsilenkti 180<sup>0 <\/sup>ir leid\u017eia prisegti dokument\u0105 prie ofiso lentos ar kito pavir\u0161iaus. Segiklyje yra metalinis s\u0105sag\u0117li\u0173 i\u0161segiklis. Susega iki 16 lap\u0173 vienu metu. Susegimo gylis yra 52 mm.<\/p>\n<p>Naudojamos s\u0105sag\u0117l\u0117s: Nr.10<\/p>\n<p>Segiklio spalva: raudona \/ sidabrin\u0117<\/p>\n<\/p>\n<p><\/p>","protected":false},"excerpt":{"rendered":"<p>Rankinis, ma\u017eas biuro segiklis, pagamintas i\u0161 metalo. Segiklis gali atsilenkti 1800 ir leid\u017eia prisegti dokument\u0105 prie ofiso lentos ar kito pavir\u0161iaus. Segiklyje yra metalinis s\u0105sag\u0117li\u0173 i\u0161segiklis. Susega iki 16 lap\u0173 vienu metu. Susegimo gylis yra 52 mm. Naudojamos s\u0105sag\u0117l\u0117s: Nr.10 Segiklio spalva: raudona \/ sidabrin\u0117<\/p>","protected":false},"featured_media":28082,"comment_status":"open","ping_status":"closed","template":"","meta":{"_season_start":"","_season_end":"","_season_days":"","_season_months":"","_season_auto_visibility":""},"product_brand":[74],"product_cat":[1584],"product_tag":[],"class_list":{"0":"post-13385","1":"product","2":"type-product","3":"status-publish","4":"has-post-thumbnail","6":"product_brand-forpus","7":"product_cat-segikliai-ir-issegikliai","9":"first","10":"instock","11":"taxable","12":"shipping-taxable","13":"purchasable","14":"product-type-simple"},"yoast_head":"<!-- This site is optimized with the Yoast SEO plugin v26.1.1 - https:\/\/yoast.com\/wordpress\/plugins\/seo\/ -->\n<title>Segiklis iki 16 lap\u0173 Nr.10 raudonas Forpus 61209 - Rutana - Ra\u0161tin\u0117s reikmenys<\/title>\n<meta name=\"robots\" content=\"index, follow, max-snippet:-1, max-image-preview:large, max-video-preview:-1\" \/>\n<link rel=\"canonical\" href=\"https:\/\/rutana.lt\/en\/product\/segiklis-iki-16-lapu-nr-10-raudonas-forpus-61209\/\" \/>\n<meta property=\"og:locale\" content=\"en_US\" \/>\n<meta property=\"og:type\" content=\"article\" \/>\n<meta property=\"og:title\" content=\"Segiklis iki 16 lap\u0173 Nr.10 raudonas Forpus 61209 - Rutana - Ra\u0161tin\u0117s reikmenys\" \/>\n<meta property=\"og:description\" content=\"Rankinis, ma\u017eas biuro segiklis, pagamintas i\u0161 metalo. Segiklis gali atsilenkti 1800 ir leid\u017eia prisegti dokument\u0105 prie ofiso lentos ar kito pavir\u0161iaus. Segiklyje yra metalinis s\u0105sag\u0117li\u0173 i\u0161segiklis. Susega iki 16 lap\u0173 vienu metu. Susegimo gylis yra 52 mm. Naudojamos s\u0105sag\u0117l\u0117s: Nr.10 Segiklio spalva: raudona \/ sidabrin\u0117\" \/>\n<meta property=\"og:url\" content=\"https:\/\/rutana.lt\/en\/product\/segiklis-iki-16-lapu-nr-10-raudonas-forpus-61209\/\" \/>\n<meta property=\"og:site_name\" content=\"Rutana - Ra\u0161tin\u0117s reikmenys\" \/>\n<meta property=\"article:publisher\" content=\"https:\/\/www.facebook.com\/RutanaKanceliarinesPrekes\/\" \/>\n<meta property=\"article:modified_time\" content=\"2025-10-13T13:44:06+00:00\" \/>\n<meta property=\"og:image\" content=\"https:\/\/rutana.lt\/wp-content\/uploads\/2025\/09\/B016-970.jpg\" \/>\n\t<meta property=\"og:image:width\" content=\"600\" \/>\n\t<meta property=\"og:image:height\" content=\"499\" \/>\n\t<meta property=\"og:image:type\" content=\"image\/jpeg\" \/>\n<meta name=\"twitter:card\" content=\"summary_large_image\" \/>\n<script type=\"application\/ld+json\" class=\"yoast-schema-graph\">{\"@context\":\"https:\/\/schema.org\",\"@graph\":[{\"@type\":\"WebPage\",\"@id\":\"https:\/\/rutana.lt\/produktas\/segiklis-iki-16-lapu-nr-10-raudonas-forpus-61209\/\",\"url\":\"https:\/\/rutana.lt\/produktas\/segiklis-iki-16-lapu-nr-10-raudonas-forpus-61209\/\",\"name\":\"Segiklis iki 16 lap\u0173 Nr.10 raudonas Forpus 61209 - Rutana - Ra\u0161tin\u0117s reikmenys\",\"isPartOf\":{\"@id\":\"https:\/\/rutana.lt\/#website\"},\"primaryImageOfPage\":{\"@id\":\"https:\/\/rutana.lt\/produktas\/segiklis-iki-16-lapu-nr-10-raudonas-forpus-61209\/#primaryimage\"},\"image\":{\"@id\":\"https:\/\/rutana.lt\/produktas\/segiklis-iki-16-lapu-nr-10-raudonas-forpus-61209\/#primaryimage\"},\"thumbnailUrl\":\"https:\/\/rutana.lt\/wp-content\/uploads\/2025\/09\/B016-970-1.jpg?v=1763619178\",\"datePublished\":\"2025-09-03T07:28:15+00:00\",\"dateModified\":\"2025-10-13T13:44:06+00:00\",\"breadcrumb\":{\"@id\":\"https:\/\/rutana.lt\/produktas\/segiklis-iki-16-lapu-nr-10-raudonas-forpus-61209\/#breadcrumb\"},\"inLanguage\":\"en-US\",\"potentialAction\":[{\"@type\":\"ReadAction\",\"target\":[\"https:\/\/rutana.lt\/produktas\/segiklis-iki-16-lapu-nr-10-raudonas-forpus-61209\/\"]}]},{\"@type\":\"ImageObject\",\"inLanguage\":\"en-US\",\"@id\":\"https:\/\/rutana.lt\/produktas\/segiklis-iki-16-lapu-nr-10-raudonas-forpus-61209\/#primaryimage\",\"url\":\"https:\/\/rutana.lt\/wp-content\/uploads\/2025\/09\/B016-970-1.jpg?v=1763619178\",\"contentUrl\":\"https:\/\/rutana.lt\/wp-content\/uploads\/2025\/09\/B016-970-1.jpg?v=1763619178\",\"width\":600,\"height\":499},{\"@type\":\"BreadcrumbList\",\"@id\":\"https:\/\/rutana.lt\/produktas\/segiklis-iki-16-lapu-nr-10-raudonas-forpus-61209\/#breadcrumb\",\"itemListElement\":[{\"@type\":\"ListItem\",\"position\":1,\"name\":\"Home\",\"item\":\"https:\/\/rutana.lt\/\"},{\"@type\":\"ListItem\",\"position\":2,\"name\":\"Parduotuv\u0117\",\"item\":\"https:\/\/rutana.lt\/parduotuve\/\"},{\"@type\":\"ListItem\",\"position\":3,\"name\":\"Segiklis iki 16 lap\u0173 Nr.10 raudonas Forpus 61209\"}]},{\"@type\":\"WebSite\",\"@id\":\"https:\/\/rutana.lt\/#website\",\"url\":\"https:\/\/rutana.lt\/\",\"name\":\"Rutana - Ra\u0161tin\u0117s reikmenys\",\"description\":\"Prekiaujame pasaulin\u0117je rinkoje pripa\u017eintomis, kokybi\u0161komis biuro prek\u0117mis toki\u0173  gamintoj\u0173 kaip: Schneider, Esselte, Novus, 3M, Faber-Castell, Citizen, Milan, Leitz, Colop, Zebra, Staedtler, Durable, Tork, Parker, Waterman ir kt.\",\"publisher\":{\"@id\":\"https:\/\/rutana.lt\/#organization\"},\"potentialAction\":[{\"@type\":\"SearchAction\",\"target\":{\"@type\":\"EntryPoint\",\"urlTemplate\":\"https:\/\/rutana.lt\/?s={search_term_string}\"},\"query-input\":{\"@type\":\"PropertyValueSpecification\",\"valueRequired\":true,\"valueName\":\"search_term_string\"}}],\"inLanguage\":\"en-US\"},{\"@type\":\"Organization\",\"@id\":\"https:\/\/rutana.lt\/#organization\",\"name\":\"Rutana - Ra\u0161tin\u0117s reikmenys\",\"url\":\"https:\/\/rutana.lt\/\",\"logo\":{\"@type\":\"ImageObject\",\"inLanguage\":\"en-US\",\"@id\":\"https:\/\/rutana.lt\/#\/schema\/logo\/image\/\",\"url\":\"https:\/\/rutana.lt\/wp-content\/uploads\/2025\/10\/Asset-32.png\",\"contentUrl\":\"https:\/\/rutana.lt\/wp-content\/uploads\/2025\/10\/Asset-32.png\",\"width\":433,\"height\":119,\"caption\":\"Rutana - Ra\u0161tin\u0117s reikmenys\"},\"image\":{\"@id\":\"https:\/\/rutana.lt\/#\/schema\/logo\/image\/\"},\"sameAs\":[\"https:\/\/www.facebook.com\/RutanaKanceliarinesPrekes\/\"]}]}<\/script>\n<!-- \/ Yoast SEO plugin. -->","yoast_head_json":{"title":"Segiklis iki 16 lap\u0173 Nr.10 raudonas Forpus 61209 - Rutana - Ra\u0161tin\u0117s reikmenys","robots":{"index":"index","follow":"follow","max-snippet":"max-snippet:-1","max-image-preview":"max-image-preview:large","max-video-preview":"max-video-preview:-1"},"canonical":"https:\/\/rutana.lt\/en\/product\/segiklis-iki-16-lapu-nr-10-raudonas-forpus-61209\/","og_locale":"en_US","og_type":"article","og_title":"Segiklis iki 16 lap\u0173 Nr.10 raudonas Forpus 61209 - Rutana - Ra\u0161tin\u0117s reikmenys","og_description":"Rankinis, ma\u017eas biuro segiklis, pagamintas i\u0161 metalo. Segiklis gali atsilenkti 1800 ir leid\u017eia prisegti dokument\u0105 prie ofiso lentos ar kito pavir\u0161iaus. Segiklyje yra metalinis s\u0105sag\u0117li\u0173 i\u0161segiklis. Susega iki 16 lap\u0173 vienu metu. Susegimo gylis yra 52 mm. Naudojamos s\u0105sag\u0117l\u0117s: Nr.10 Segiklio spalva: raudona \/ sidabrin\u0117","og_url":"https:\/\/rutana.lt\/en\/product\/segiklis-iki-16-lapu-nr-10-raudonas-forpus-61209\/","og_site_name":"Rutana - Ra\u0161tin\u0117s reikmenys","article_publisher":"https:\/\/www.facebook.com\/RutanaKanceliarinesPrekes\/","article_modified_time":"2025-10-13T13:44:06+00:00","og_image":[{"width":600,"height":499,"url":"https:\/\/rutana.lt\/wp-content\/uploads\/2025\/09\/B016-970.jpg","type":"image\/jpeg"}],"twitter_card":"summary_large_image","schema":{"@context":"https:\/\/schema.org","@graph":[{"@type":"WebPage","@id":"https:\/\/rutana.lt\/produktas\/segiklis-iki-16-lapu-nr-10-raudonas-forpus-61209\/","url":"https:\/\/rutana.lt\/produktas\/segiklis-iki-16-lapu-nr-10-raudonas-forpus-61209\/","name":"Segiklis iki 16 lap\u0173 Nr.10 raudonas Forpus 61209 - Rutana - Ra\u0161tin\u0117s reikmenys","isPartOf":{"@id":"https:\/\/rutana.lt\/#website"},"primaryImageOfPage":{"@id":"https:\/\/rutana.lt\/produktas\/segiklis-iki-16-lapu-nr-10-raudonas-forpus-61209\/#primaryimage"},"image":{"@id":"https:\/\/rutana.lt\/produktas\/segiklis-iki-16-lapu-nr-10-raudonas-forpus-61209\/#primaryimage"},"thumbnailUrl":"https:\/\/rutana.lt\/wp-content\/uploads\/2025\/09\/B016-970-1.jpg?v=1763619178","datePublished":"2025-09-03T07:28:15+00:00","dateModified":"2025-10-13T13:44:06+00:00","breadcrumb":{"@id":"https:\/\/rutana.lt\/produktas\/segiklis-iki-16-lapu-nr-10-raudonas-forpus-61209\/#breadcrumb"},"inLanguage":"en-US","potentialAction":[{"@type":"ReadAction","target":["https:\/\/rutana.lt\/produktas\/segiklis-iki-16-lapu-nr-10-raudonas-forpus-61209\/"]}]},{"@type":"ImageObject","inLanguage":"en-US","@id":"https:\/\/rutana.lt\/produktas\/segiklis-iki-16-lapu-nr-10-raudonas-forpus-61209\/#primaryimage","url":"https:\/\/rutana.lt\/wp-content\/uploads\/2025\/09\/B016-970-1.jpg?v=1763619178","contentUrl":"https:\/\/rutana.lt\/wp-content\/uploads\/2025\/09\/B016-970-1.jpg?v=1763619178","width":600,"height":499},{"@type":"BreadcrumbList","@id":"https:\/\/rutana.lt\/produktas\/segiklis-iki-16-lapu-nr-10-raudonas-forpus-61209\/#breadcrumb","itemListElement":[{"@type":"ListItem","position":1,"name":"Home","item":"https:\/\/rutana.lt\/"},{"@type":"ListItem","position":2,"name":"Parduotuv\u0117","item":"https:\/\/rutana.lt\/parduotuve\/"},{"@type":"ListItem","position":3,"name":"Segiklis iki 16 lap\u0173 Nr.10 raudonas Forpus 61209"}]},{"@type":"WebSite","@id":"https:\/\/rutana.lt\/#website","url":"https:\/\/rutana.lt\/","name":"Rutana - Ra\u0161tin\u0117s reikmenys","description":"Prekiaujame pasaulin\u0117je rinkoje pripa\u017eintomis, kokybi\u0161komis biuro prek\u0117mis toki\u0173  gamintoj\u0173 kaip: Schneider, Esselte, Novus, 3M, Faber-Castell, Citizen, Milan, Leitz, Colop, Zebra, Staedtler, Durable, Tork, Parker, Waterman ir kt.","publisher":{"@id":"https:\/\/rutana.lt\/#organization"},"potentialAction":[{"@type":"SearchAction","target":{"@type":"EntryPoint","urlTemplate":"https:\/\/rutana.lt\/?s={search_term_string}"},"query-input":{"@type":"PropertyValueSpecification","valueRequired":true,"valueName":"search_term_string"}}],"inLanguage":"en-US"},{"@type":"Organization","@id":"https:\/\/rutana.lt\/#organization","name":"Rutana - Ra\u0161tin\u0117s reikmenys","url":"https:\/\/rutana.lt\/","logo":{"@type":"ImageObject","inLanguage":"en-US","@id":"https:\/\/rutana.lt\/#\/schema\/logo\/image\/","url":"https:\/\/rutana.lt\/wp-content\/uploads\/2025\/10\/Asset-32.png","contentUrl":"https:\/\/rutana.lt\/wp-content\/uploads\/2025\/10\/Asset-32.png","width":433,"height":119,"caption":"Rutana - Ra\u0161tin\u0117s reikmenys"},"image":{"@id":"https:\/\/rutana.lt\/#\/schema\/logo\/image\/"},"sameAs":["https:\/\/www.facebook.com\/RutanaKanceliarinesPrekes\/"]}]}},"_links":{"self":[{"href":"https:\/\/rutana.lt\/en\/wp-json\/wp\/v2\/product\/13385","targetHints":{"allow":["GET"]}}],"collection":[{"href":"https:\/\/rutana.lt\/en\/wp-json\/wp\/v2\/product"}],"about":[{"href":"https:\/\/rutana.lt\/en\/wp-json\/wp\/v2\/types\/product"}],"replies":[{"embeddable":true,"href":"https:\/\/rutana.lt\/en\/wp-json\/wp\/v2\/comments?post=13385"}],"version-history":[{"count":1,"href":"https:\/\/rutana.lt\/en\/wp-json\/wp\/v2\/product\/13385\/revisions"}],"predecessor-version":[{"id":13434,"href":"https:\/\/rutana.lt\/en\/wp-json\/wp\/v2\/product\/13385\/revisions\/13434"}],"wp:featuredmedia":[{"embeddable":true,"href":"https:\/\/rutana.lt\/en\/wp-json\/wp\/v2\/media\/28082"}],"wp:attachment":[{"href":"https:\/\/rutana.lt\/en\/wp-json\/wp\/v2\/media?parent=13385"}],"wp:term":[{"taxonomy":"product_brand","embeddable":true,"href":"https:\/\/rutana.lt\/en\/wp-json\/wp\/v2\/product_brand?post=13385"},{"taxonomy":"product_cat","embeddable":true,"href":"https:\/\/rutana.lt\/en\/wp-json\/wp\/v2\/product_cat?post=13385"},{"taxonomy":"product_tag","embeddable":true,"href":"https:\/\/rutana.lt\/en\/wp-json\/wp\/v2\/product_tag?post=13385"}],"curies":[{"name":"wp","href":"https:\/\/api.w.org\/{rel}","templated":true}]}}