{"id":13380,"date":"2025-09-03T09:28:15","date_gmt":"2025-09-03T07:28:15","guid":{"rendered":"https:\/\/rutana.webdemo.lt\/?post_type=product&#038;p=13380"},"modified":"2025-10-13T15:44:04","modified_gmt":"2025-10-13T13:44:04","slug":"porcelianinis-puodelis-panthony-450ml-matinis-melynas-hd-94045-104","status":"publish","type":"product","link":"https:\/\/rutana.lt\/en\/product\/porcelianinis-puodelis-panthony-450ml-matinis-melynas-hd-94045-104\/","title":{"rendered":"Porcelianinis puodelis Panthony 450ml matinis m\u0117lynas HD 94045-104"},"content":{"rendered":"<p>Puodelis pagamintas i\u0161 porceliano, hidroglaz\u016bros technologija padengtas matiniu atspalviu. Rekomenduojama naudoti tik neprofesionaliam naudojimui, tinkamas maistui ir kar\u0161tiems g\u0117rimams. Ant puodelio galima u\u017ed\u0117ti reklamin\u012f \u012fmon\u0117s logotip\u0105 ar kitok\u012f u\u017era\u0161\u0105 jums pageidaujamoje vietoje bei j\u016bs\u0173 pasirinkt\u0173 b\u016bdu. Parduodamas kartonin\u0117je d\u0117\u017eut\u0117je. Kaina nurodyta tik puodelio, be u\u017era\u0161o. U\u017era\u0161o kaina priklauso nuo u\u017esakomo kiekio ir u\u017ed\u0117jimo b\u016bdo.<\/p>\n<p>Puodelio spalva: matin\u0117 m\u0117lyna<\/p>\n<p>Puodelio talpa: 450 ml<\/p>\n<p>Puodelio matmenys: \u00f895 x 100 \u043c\u043c<\/p>\n<p>D\u0117\u017eut\u0117s matmenys: 130 x 101 x 107 \u043c\u043c<\/p>\n<p>U\u017era\u0161o u\u017ed\u0117jimo galimi b\u016bdai: tamponinis spausdinimas, sm\u0117liavimas, lipdukas<\/p>\n<p>U\u017era\u0161o u\u017ed\u0117jimo galimos vietos: vidus, korpusas, \u0105sel\u0117<\/p>\n<p>Kilm\u0117s \u0161alis: \u010cekija<\/p>","protected":false},"excerpt":{"rendered":"<p>Puodelis pagamintas i\u0161 porceliano, hidroglaz\u016bros technologija padengtas matiniu atspalviu. Rekomenduojama naudoti tik neprofesionaliam naudojimui, tinkamas maistui ir kar\u0161tiems g\u0117rimams. Ant puodelio galima u\u017ed\u0117ti reklamin\u012f \u012fmon\u0117s logotip\u0105 ar kitok\u012f u\u017era\u0161\u0105 jums pageidaujamoje vietoje bei j\u016bs\u0173 pasirinkt\u0173 b\u016bdu. Parduodamas kartonin\u0117je d\u0117\u017eut\u0117je. Kaina nurodyta tik puodelio, be u\u017era\u0161o. U\u017era\u0161o kaina priklauso nuo u\u017esakomo kiekio ir u\u017ed\u0117jimo b\u016bdo. Puodelio [&hellip;]<\/p>","protected":false},"featured_media":28077,"comment_status":"open","ping_status":"closed","template":"","meta":{"_season_start":"","_season_end":"","_season_days":"","_season_months":"","_season_auto_visibility":""},"product_brand":[868],"product_cat":[1714,1712,1713],"product_tag":[],"class_list":{"0":"post-13380","1":"product","2":"type-product","3":"status-publish","4":"has-post-thumbnail","6":"product_brand-hd","7":"product_cat-gertuves","8":"product_cat-puodukai","9":"product_cat-stiklines","11":"first","12":"instock","13":"taxable","14":"shipping-taxable","15":"purchasable","16":"product-type-simple"},"yoast_head":"<!-- This site is optimized with the Yoast SEO plugin v27.4 - https:\/\/yoast.com\/product\/yoast-seo-wordpress\/ -->\n<title>Porcelianinis puodelis Panthony 450ml matinis m\u0117lynas HD 94045-104 - Rutana - Ra\u0161tin\u0117s reikmenys<\/title>\n<meta name=\"robots\" content=\"index, follow, max-snippet:-1, max-image-preview:large, max-video-preview:-1\" \/>\n<link rel=\"canonical\" href=\"https:\/\/rutana.lt\/en\/product\/porcelianinis-puodelis-panthony-450ml-matinis-melynas-hd-94045-104\/\" \/>\n<meta property=\"og:locale\" content=\"en_US\" \/>\n<meta property=\"og:type\" content=\"article\" \/>\n<meta property=\"og:title\" content=\"Porcelianinis puodelis Panthony 450ml matinis m\u0117lynas HD 94045-104 - Rutana - Ra\u0161tin\u0117s reikmenys\" \/>\n<meta property=\"og:description\" content=\"Puodelis pagamintas i\u0161 porceliano, hidroglaz\u016bros technologija padengtas matiniu atspalviu. Rekomenduojama naudoti tik neprofesionaliam naudojimui, tinkamas maistui ir kar\u0161tiems g\u0117rimams. Ant puodelio galima u\u017ed\u0117ti reklamin\u012f \u012fmon\u0117s logotip\u0105 ar kitok\u012f u\u017era\u0161\u0105 jums pageidaujamoje vietoje bei j\u016bs\u0173 pasirinkt\u0173 b\u016bdu. Parduodamas kartonin\u0117je d\u0117\u017eut\u0117je. Kaina nurodyta tik puodelio, be u\u017era\u0161o. U\u017era\u0161o kaina priklauso nuo u\u017esakomo kiekio ir u\u017ed\u0117jimo b\u016bdo. Puodelio [&hellip;]\" \/>\n<meta property=\"og:url\" content=\"https:\/\/rutana.lt\/en\/product\/porcelianinis-puodelis-panthony-450ml-matinis-melynas-hd-94045-104\/\" \/>\n<meta property=\"og:site_name\" content=\"Rutana - Ra\u0161tin\u0117s reikmenys\" \/>\n<meta property=\"article:publisher\" content=\"https:\/\/www.facebook.com\/RutanaKanceliarinesPrekes\/\" \/>\n<meta property=\"article:modified_time\" content=\"2025-10-13T13:44:04+00:00\" \/>\n<meta property=\"og:image\" content=\"https:\/\/rutana.lt\/wp-content\/uploads\/2025\/09\/B094-393-1.jpg\" \/>\n\t<meta property=\"og:image:width\" content=\"500\" \/>\n\t<meta property=\"og:image:height\" content=\"500\" \/>\n\t<meta property=\"og:image:type\" content=\"image\/jpeg\" \/>\n<meta name=\"twitter:card\" content=\"summary_large_image\" \/>\n<meta name=\"twitter:label1\" content=\"Est. reading time\" \/>\n\t<meta name=\"twitter:data1\" content=\"1 minute\" \/>\n<script type=\"application\/ld+json\" class=\"yoast-schema-graph\">{\"@context\":\"https:\\\/\\\/schema.org\",\"@graph\":[{\"@type\":\"WebPage\",\"@id\":\"https:\\\/\\\/rutana.lt\\\/produktas\\\/porcelianinis-puodelis-panthony-450ml-matinis-melynas-hd-94045-104\\\/\",\"url\":\"https:\\\/\\\/rutana.lt\\\/produktas\\\/porcelianinis-puodelis-panthony-450ml-matinis-melynas-hd-94045-104\\\/\",\"name\":\"Porcelianinis puodelis Panthony 450ml matinis m\u0117lynas HD 94045-104 - Rutana - Ra\u0161tin\u0117s reikmenys\",\"isPartOf\":{\"@id\":\"https:\\\/\\\/rutana.lt\\\/#website\"},\"primaryImageOfPage\":{\"@id\":\"https:\\\/\\\/rutana.lt\\\/produktas\\\/porcelianinis-puodelis-panthony-450ml-matinis-melynas-hd-94045-104\\\/#primaryimage\"},\"image\":{\"@id\":\"https:\\\/\\\/rutana.lt\\\/produktas\\\/porcelianinis-puodelis-panthony-450ml-matinis-melynas-hd-94045-104\\\/#primaryimage\"},\"thumbnailUrl\":\"https:\\\/\\\/rutana.lt\\\/wp-content\\\/uploads\\\/2025\\\/09\\\/B094-393-1-1.jpg?v=1763619184\",\"datePublished\":\"2025-09-03T07:28:15+00:00\",\"dateModified\":\"2025-10-13T13:44:04+00:00\",\"breadcrumb\":{\"@id\":\"https:\\\/\\\/rutana.lt\\\/produktas\\\/porcelianinis-puodelis-panthony-450ml-matinis-melynas-hd-94045-104\\\/#breadcrumb\"},\"inLanguage\":\"en-US\",\"potentialAction\":[{\"@type\":\"ReadAction\",\"target\":[\"https:\\\/\\\/rutana.lt\\\/produktas\\\/porcelianinis-puodelis-panthony-450ml-matinis-melynas-hd-94045-104\\\/\"]}]},{\"@type\":\"ImageObject\",\"inLanguage\":\"en-US\",\"@id\":\"https:\\\/\\\/rutana.lt\\\/produktas\\\/porcelianinis-puodelis-panthony-450ml-matinis-melynas-hd-94045-104\\\/#primaryimage\",\"url\":\"https:\\\/\\\/rutana.lt\\\/wp-content\\\/uploads\\\/2025\\\/09\\\/B094-393-1-1.jpg?v=1763619184\",\"contentUrl\":\"https:\\\/\\\/rutana.lt\\\/wp-content\\\/uploads\\\/2025\\\/09\\\/B094-393-1-1.jpg?v=1763619184\",\"width\":500,\"height\":500},{\"@type\":\"BreadcrumbList\",\"@id\":\"https:\\\/\\\/rutana.lt\\\/produktas\\\/porcelianinis-puodelis-panthony-450ml-matinis-melynas-hd-94045-104\\\/#breadcrumb\",\"itemListElement\":[{\"@type\":\"ListItem\",\"position\":1,\"name\":\"Home\",\"item\":\"https:\\\/\\\/rutana.lt\\\/\"},{\"@type\":\"ListItem\",\"position\":2,\"name\":\"Parduotuv\u0117\",\"item\":\"https:\\\/\\\/rutana.lt\\\/parduotuve\\\/\"},{\"@type\":\"ListItem\",\"position\":3,\"name\":\"Porcelianinis puodelis Panthony 450ml matinis m\u0117lynas HD 94045-104\"}]},{\"@type\":\"WebSite\",\"@id\":\"https:\\\/\\\/rutana.lt\\\/#website\",\"url\":\"https:\\\/\\\/rutana.lt\\\/\",\"name\":\"Rutana - Ra\u0161tin\u0117s reikmenys\",\"description\":\"Prekiaujame pasaulin\u0117je rinkoje pripa\u017eintomis, kokybi\u0161komis biuro prek\u0117mis toki\u0173  gamintoj\u0173 kaip: Schneider, Esselte, Novus, 3M, Faber-Castell, Citizen, Milan, Leitz, Colop, Zebra, Staedtler, Durable, Tork, Parker, Waterman ir kt.\",\"publisher\":{\"@id\":\"https:\\\/\\\/rutana.lt\\\/#organization\"},\"potentialAction\":[{\"@type\":\"SearchAction\",\"target\":{\"@type\":\"EntryPoint\",\"urlTemplate\":\"https:\\\/\\\/rutana.lt\\\/?s={search_term_string}\"},\"query-input\":{\"@type\":\"PropertyValueSpecification\",\"valueRequired\":true,\"valueName\":\"search_term_string\"}}],\"inLanguage\":\"en-US\"},{\"@type\":\"Organization\",\"@id\":\"https:\\\/\\\/rutana.lt\\\/#organization\",\"name\":\"Rutana - Ra\u0161tin\u0117s reikmenys\",\"url\":\"https:\\\/\\\/rutana.lt\\\/\",\"logo\":{\"@type\":\"ImageObject\",\"inLanguage\":\"en-US\",\"@id\":\"https:\\\/\\\/rutana.lt\\\/#\\\/schema\\\/logo\\\/image\\\/\",\"url\":\"https:\\\/\\\/rutana.lt\\\/wp-content\\\/uploads\\\/2025\\\/10\\\/Asset-32.png\",\"contentUrl\":\"https:\\\/\\\/rutana.lt\\\/wp-content\\\/uploads\\\/2025\\\/10\\\/Asset-32.png\",\"width\":433,\"height\":119,\"caption\":\"Rutana - Ra\u0161tin\u0117s reikmenys\"},\"image\":{\"@id\":\"https:\\\/\\\/rutana.lt\\\/#\\\/schema\\\/logo\\\/image\\\/\"},\"sameAs\":[\"https:\\\/\\\/www.facebook.com\\\/RutanaKanceliarinesPrekes\\\/\"]}]}<\/script>\n<!-- \/ Yoast SEO plugin. -->","yoast_head_json":{"title":"Porcelianinis puodelis Panthony 450ml matinis m\u0117lynas HD 94045-104 - Rutana - Ra\u0161tin\u0117s reikmenys","robots":{"index":"index","follow":"follow","max-snippet":"max-snippet:-1","max-image-preview":"max-image-preview:large","max-video-preview":"max-video-preview:-1"},"canonical":"https:\/\/rutana.lt\/en\/product\/porcelianinis-puodelis-panthony-450ml-matinis-melynas-hd-94045-104\/","og_locale":"en_US","og_type":"article","og_title":"Porcelianinis puodelis Panthony 450ml matinis m\u0117lynas HD 94045-104 - Rutana - Ra\u0161tin\u0117s reikmenys","og_description":"Puodelis pagamintas i\u0161 porceliano, hidroglaz\u016bros technologija padengtas matiniu atspalviu. Rekomenduojama naudoti tik neprofesionaliam naudojimui, tinkamas maistui ir kar\u0161tiems g\u0117rimams. Ant puodelio galima u\u017ed\u0117ti reklamin\u012f \u012fmon\u0117s logotip\u0105 ar kitok\u012f u\u017era\u0161\u0105 jums pageidaujamoje vietoje bei j\u016bs\u0173 pasirinkt\u0173 b\u016bdu. Parduodamas kartonin\u0117je d\u0117\u017eut\u0117je. Kaina nurodyta tik puodelio, be u\u017era\u0161o. U\u017era\u0161o kaina priklauso nuo u\u017esakomo kiekio ir u\u017ed\u0117jimo b\u016bdo. Puodelio [&hellip;]","og_url":"https:\/\/rutana.lt\/en\/product\/porcelianinis-puodelis-panthony-450ml-matinis-melynas-hd-94045-104\/","og_site_name":"Rutana - Ra\u0161tin\u0117s reikmenys","article_publisher":"https:\/\/www.facebook.com\/RutanaKanceliarinesPrekes\/","article_modified_time":"2025-10-13T13:44:04+00:00","og_image":[{"width":500,"height":500,"url":"https:\/\/rutana.lt\/wp-content\/uploads\/2025\/09\/B094-393-1.jpg","type":"image\/jpeg"}],"twitter_card":"summary_large_image","twitter_misc":{"Est. reading time":"1 minute"},"schema":{"@context":"https:\/\/schema.org","@graph":[{"@type":"WebPage","@id":"https:\/\/rutana.lt\/produktas\/porcelianinis-puodelis-panthony-450ml-matinis-melynas-hd-94045-104\/","url":"https:\/\/rutana.lt\/produktas\/porcelianinis-puodelis-panthony-450ml-matinis-melynas-hd-94045-104\/","name":"Porcelianinis puodelis Panthony 450ml matinis m\u0117lynas HD 94045-104 - Rutana - Ra\u0161tin\u0117s reikmenys","isPartOf":{"@id":"https:\/\/rutana.lt\/#website"},"primaryImageOfPage":{"@id":"https:\/\/rutana.lt\/produktas\/porcelianinis-puodelis-panthony-450ml-matinis-melynas-hd-94045-104\/#primaryimage"},"image":{"@id":"https:\/\/rutana.lt\/produktas\/porcelianinis-puodelis-panthony-450ml-matinis-melynas-hd-94045-104\/#primaryimage"},"thumbnailUrl":"https:\/\/rutana.lt\/wp-content\/uploads\/2025\/09\/B094-393-1-1.jpg?v=1763619184","datePublished":"2025-09-03T07:28:15+00:00","dateModified":"2025-10-13T13:44:04+00:00","breadcrumb":{"@id":"https:\/\/rutana.lt\/produktas\/porcelianinis-puodelis-panthony-450ml-matinis-melynas-hd-94045-104\/#breadcrumb"},"inLanguage":"en-US","potentialAction":[{"@type":"ReadAction","target":["https:\/\/rutana.lt\/produktas\/porcelianinis-puodelis-panthony-450ml-matinis-melynas-hd-94045-104\/"]}]},{"@type":"ImageObject","inLanguage":"en-US","@id":"https:\/\/rutana.lt\/produktas\/porcelianinis-puodelis-panthony-450ml-matinis-melynas-hd-94045-104\/#primaryimage","url":"https:\/\/rutana.lt\/wp-content\/uploads\/2025\/09\/B094-393-1-1.jpg?v=1763619184","contentUrl":"https:\/\/rutana.lt\/wp-content\/uploads\/2025\/09\/B094-393-1-1.jpg?v=1763619184","width":500,"height":500},{"@type":"BreadcrumbList","@id":"https:\/\/rutana.lt\/produktas\/porcelianinis-puodelis-panthony-450ml-matinis-melynas-hd-94045-104\/#breadcrumb","itemListElement":[{"@type":"ListItem","position":1,"name":"Home","item":"https:\/\/rutana.lt\/"},{"@type":"ListItem","position":2,"name":"Parduotuv\u0117","item":"https:\/\/rutana.lt\/parduotuve\/"},{"@type":"ListItem","position":3,"name":"Porcelianinis puodelis Panthony 450ml matinis m\u0117lynas HD 94045-104"}]},{"@type":"WebSite","@id":"https:\/\/rutana.lt\/#website","url":"https:\/\/rutana.lt\/","name":"Rutana - Ra\u0161tin\u0117s reikmenys","description":"Prekiaujame pasaulin\u0117je rinkoje pripa\u017eintomis, kokybi\u0161komis biuro prek\u0117mis toki\u0173  gamintoj\u0173 kaip: Schneider, Esselte, Novus, 3M, Faber-Castell, Citizen, Milan, Leitz, Colop, Zebra, Staedtler, Durable, Tork, Parker, Waterman ir kt.","publisher":{"@id":"https:\/\/rutana.lt\/#organization"},"potentialAction":[{"@type":"SearchAction","target":{"@type":"EntryPoint","urlTemplate":"https:\/\/rutana.lt\/?s={search_term_string}"},"query-input":{"@type":"PropertyValueSpecification","valueRequired":true,"valueName":"search_term_string"}}],"inLanguage":"en-US"},{"@type":"Organization","@id":"https:\/\/rutana.lt\/#organization","name":"Rutana - Ra\u0161tin\u0117s reikmenys","url":"https:\/\/rutana.lt\/","logo":{"@type":"ImageObject","inLanguage":"en-US","@id":"https:\/\/rutana.lt\/#\/schema\/logo\/image\/","url":"https:\/\/rutana.lt\/wp-content\/uploads\/2025\/10\/Asset-32.png","contentUrl":"https:\/\/rutana.lt\/wp-content\/uploads\/2025\/10\/Asset-32.png","width":433,"height":119,"caption":"Rutana - Ra\u0161tin\u0117s reikmenys"},"image":{"@id":"https:\/\/rutana.lt\/#\/schema\/logo\/image\/"},"sameAs":["https:\/\/www.facebook.com\/RutanaKanceliarinesPrekes\/"]}]}},"_links":{"self":[{"href":"https:\/\/rutana.lt\/en\/wp-json\/wp\/v2\/product\/13380","targetHints":{"allow":["GET"]}}],"collection":[{"href":"https:\/\/rutana.lt\/en\/wp-json\/wp\/v2\/product"}],"about":[{"href":"https:\/\/rutana.lt\/en\/wp-json\/wp\/v2\/types\/product"}],"replies":[{"embeddable":true,"href":"https:\/\/rutana.lt\/en\/wp-json\/wp\/v2\/comments?post=13380"}],"version-history":[{"count":1,"href":"https:\/\/rutana.lt\/en\/wp-json\/wp\/v2\/product\/13380\/revisions"}],"predecessor-version":[{"id":13424,"href":"https:\/\/rutana.lt\/en\/wp-json\/wp\/v2\/product\/13380\/revisions\/13424"}],"wp:featuredmedia":[{"embeddable":true,"href":"https:\/\/rutana.lt\/en\/wp-json\/wp\/v2\/media\/28077"}],"wp:attachment":[{"href":"https:\/\/rutana.lt\/en\/wp-json\/wp\/v2\/media?parent=13380"}],"wp:term":[{"taxonomy":"product_brand","embeddable":true,"href":"https:\/\/rutana.lt\/en\/wp-json\/wp\/v2\/product_brand?post=13380"},{"taxonomy":"product_cat","embeddable":true,"href":"https:\/\/rutana.lt\/en\/wp-json\/wp\/v2\/product_cat?post=13380"},{"taxonomy":"product_tag","embeddable":true,"href":"https:\/\/rutana.lt\/en\/wp-json\/wp\/v2\/product_tag?post=13380"}],"curies":[{"name":"wp","href":"https:\/\/api.w.org\/{rel}","templated":true}]}}