{"id":13261,"date":"2025-09-03T09:27:30","date_gmt":"2025-09-03T07:27:30","guid":{"rendered":"https:\/\/rutana.webdemo.lt\/?post_type=product&#038;p=13261"},"modified":"2025-10-13T15:43:50","modified_gmt":"2025-10-13T13:43:50","slug":"automatinis-piestukas-0-5mm-pencil-558-juodas-korpusas-schneider-156801","status":"publish","type":"product","link":"https:\/\/rutana.lt\/en\/product\/automatinis-piestukas-0-5mm-pencil-558-juodas-korpusas-schneider-156801\/","title":{"rendered":"Automatinis pie\u0161tukas 0.5mm Pencil 558 juodas korpusas Schneider 156801"},"content":{"rendered":"<p>Mechaninis pie\u0161tukas su tvirtu korpusu ir k\u016bginiu galiuku ra\u0161ymui ir pie\u0161imui. Neslystanti, gumuota laikymo zona u\u017etikrina patog\u0173 ra\u0161ym\u0105. Per stipriai spaud\u017eiamas grafitas, d\u0117l savo pamink\u0161tinimo at\u0161oka atgal ir taip apsaugomas nuo l\u016b\u017eio. Naudojant prakti\u0161k\u0105 spaustuk\u0105, mechanin\u012f pie\u0161tuk\u0105 galima saugiai laikyti mar\u0161kini\u0173 ki\u0161en\u0117je arba pritvirtinti prie u\u017era\u0161\u0173 knygel\u0117s. Trintukas integruotas pie\u0161tuko gale.<\/p>\n<p>Grafito storis: 0.5 mm<\/p>\n<p>Korpuso spalva: juoda<\/p>\n<p>Kilm\u0117s \u0161alis: Vokietija <\/p><\/p>","protected":false},"excerpt":{"rendered":"<p>Mechaninis pie\u0161tukas su tvirtu korpusu ir k\u016bginiu galiuku ra\u0161ymui ir pie\u0161imui. Neslystanti, gumuota laikymo zona u\u017etikrina patog\u0173 ra\u0161ym\u0105. Per stipriai spaud\u017eiamas grafitas, d\u0117l savo pamink\u0161tinimo at\u0161oka atgal ir taip apsaugomas nuo l\u016b\u017eio. Naudojant prakti\u0161k\u0105 spaustuk\u0105, mechanin\u012f pie\u0161tuk\u0105 galima saugiai laikyti mar\u0161kini\u0173 ki\u0161en\u0117je arba pritvirtinti prie u\u017era\u0161\u0173 knygel\u0117s. Trintukas integruotas pie\u0161tuko gale. Grafito storis: 0.5 mm [&hellip;]<\/p>","protected":false},"featured_media":28044,"comment_status":"open","ping_status":"closed","template":"","meta":{"_season_start":"","_season_end":"","_season_days":"","_season_months":"","_season_auto_visibility":""},"product_brand":[202],"product_cat":[1807],"product_tag":[],"class_list":{"0":"post-13261","1":"product","2":"type-product","3":"status-publish","4":"has-post-thumbnail","6":"product_brand-schneider","7":"product_cat-automatiniai-piestukai","9":"first","10":"instock","11":"taxable","12":"shipping-taxable","13":"purchasable","14":"product-type-simple"},"yoast_head":"<!-- This site is optimized with the Yoast SEO plugin v27.4 - https:\/\/yoast.com\/product\/yoast-seo-wordpress\/ -->\n<title>Automatinis pie\u0161tukas 0.5mm Pencil 558 juodas korpusas Schneider 156801 - Rutana - Ra\u0161tin\u0117s reikmenys<\/title>\n<meta name=\"robots\" content=\"index, follow, max-snippet:-1, max-image-preview:large, max-video-preview:-1\" \/>\n<link rel=\"canonical\" href=\"https:\/\/rutana.lt\/en\/product\/automatinis-piestukas-0-5mm-pencil-558-juodas-korpusas-schneider-156801\/\" \/>\n<meta property=\"og:locale\" content=\"en_US\" \/>\n<meta property=\"og:type\" content=\"article\" \/>\n<meta property=\"og:title\" content=\"Automatinis pie\u0161tukas 0.5mm Pencil 558 juodas korpusas Schneider 156801 - Rutana - Ra\u0161tin\u0117s reikmenys\" \/>\n<meta property=\"og:description\" content=\"Mechaninis pie\u0161tukas su tvirtu korpusu ir k\u016bginiu galiuku ra\u0161ymui ir pie\u0161imui. Neslystanti, gumuota laikymo zona u\u017etikrina patog\u0173 ra\u0161ym\u0105. Per stipriai spaud\u017eiamas grafitas, d\u0117l savo pamink\u0161tinimo at\u0161oka atgal ir taip apsaugomas nuo l\u016b\u017eio. Naudojant prakti\u0161k\u0105 spaustuk\u0105, mechanin\u012f pie\u0161tuk\u0105 galima saugiai laikyti mar\u0161kini\u0173 ki\u0161en\u0117je arba pritvirtinti prie u\u017era\u0161\u0173 knygel\u0117s. Trintukas integruotas pie\u0161tuko gale. Grafito storis: 0.5 mm [&hellip;]\" \/>\n<meta property=\"og:url\" content=\"https:\/\/rutana.lt\/en\/product\/automatinis-piestukas-0-5mm-pencil-558-juodas-korpusas-schneider-156801\/\" \/>\n<meta property=\"og:site_name\" content=\"Rutana - Ra\u0161tin\u0117s reikmenys\" \/>\n<meta property=\"article:publisher\" content=\"https:\/\/www.facebook.com\/RutanaKanceliarinesPrekes\/\" \/>\n<meta property=\"article:modified_time\" content=\"2025-10-13T13:43:50+00:00\" \/>\n<meta property=\"og:image\" content=\"https:\/\/rutana.lt\/wp-content\/uploads\/2025\/09\/C081-122.jpg\" \/>\n\t<meta property=\"og:image:width\" content=\"600\" \/>\n\t<meta property=\"og:image:height\" content=\"600\" \/>\n\t<meta property=\"og:image:type\" content=\"image\/jpeg\" \/>\n<meta name=\"twitter:card\" content=\"summary_large_image\" \/>\n<script type=\"application\/ld+json\" class=\"yoast-schema-graph\">{\"@context\":\"https:\\\/\\\/schema.org\",\"@graph\":[{\"@type\":\"WebPage\",\"@id\":\"https:\\\/\\\/rutana.lt\\\/produktas\\\/automatinis-piestukas-0-5mm-pencil-558-juodas-korpusas-schneider-156801\\\/\",\"url\":\"https:\\\/\\\/rutana.lt\\\/produktas\\\/automatinis-piestukas-0-5mm-pencil-558-juodas-korpusas-schneider-156801\\\/\",\"name\":\"Automatinis pie\u0161tukas 0.5mm Pencil 558 juodas korpusas Schneider 156801 - Rutana - Ra\u0161tin\u0117s reikmenys\",\"isPartOf\":{\"@id\":\"https:\\\/\\\/rutana.lt\\\/#website\"},\"primaryImageOfPage\":{\"@id\":\"https:\\\/\\\/rutana.lt\\\/produktas\\\/automatinis-piestukas-0-5mm-pencil-558-juodas-korpusas-schneider-156801\\\/#primaryimage\"},\"image\":{\"@id\":\"https:\\\/\\\/rutana.lt\\\/produktas\\\/automatinis-piestukas-0-5mm-pencil-558-juodas-korpusas-schneider-156801\\\/#primaryimage\"},\"thumbnailUrl\":\"https:\\\/\\\/rutana.lt\\\/wp-content\\\/uploads\\\/2025\\\/09\\\/C081-122-1.jpg?v=1763619223\",\"datePublished\":\"2025-09-03T07:27:30+00:00\",\"dateModified\":\"2025-10-13T13:43:50+00:00\",\"breadcrumb\":{\"@id\":\"https:\\\/\\\/rutana.lt\\\/produktas\\\/automatinis-piestukas-0-5mm-pencil-558-juodas-korpusas-schneider-156801\\\/#breadcrumb\"},\"inLanguage\":\"en-US\",\"potentialAction\":[{\"@type\":\"ReadAction\",\"target\":[\"https:\\\/\\\/rutana.lt\\\/produktas\\\/automatinis-piestukas-0-5mm-pencil-558-juodas-korpusas-schneider-156801\\\/\"]}]},{\"@type\":\"ImageObject\",\"inLanguage\":\"en-US\",\"@id\":\"https:\\\/\\\/rutana.lt\\\/produktas\\\/automatinis-piestukas-0-5mm-pencil-558-juodas-korpusas-schneider-156801\\\/#primaryimage\",\"url\":\"https:\\\/\\\/rutana.lt\\\/wp-content\\\/uploads\\\/2025\\\/09\\\/C081-122-1.jpg?v=1763619223\",\"contentUrl\":\"https:\\\/\\\/rutana.lt\\\/wp-content\\\/uploads\\\/2025\\\/09\\\/C081-122-1.jpg?v=1763619223\",\"width\":600,\"height\":600},{\"@type\":\"BreadcrumbList\",\"@id\":\"https:\\\/\\\/rutana.lt\\\/produktas\\\/automatinis-piestukas-0-5mm-pencil-558-juodas-korpusas-schneider-156801\\\/#breadcrumb\",\"itemListElement\":[{\"@type\":\"ListItem\",\"position\":1,\"name\":\"Home\",\"item\":\"https:\\\/\\\/rutana.lt\\\/\"},{\"@type\":\"ListItem\",\"position\":2,\"name\":\"Parduotuv\u0117\",\"item\":\"https:\\\/\\\/rutana.lt\\\/parduotuve\\\/\"},{\"@type\":\"ListItem\",\"position\":3,\"name\":\"Automatinis pie\u0161tukas 0.5mm Pencil 558 juodas korpusas Schneider 156801\"}]},{\"@type\":\"WebSite\",\"@id\":\"https:\\\/\\\/rutana.lt\\\/#website\",\"url\":\"https:\\\/\\\/rutana.lt\\\/\",\"name\":\"Rutana - Ra\u0161tin\u0117s reikmenys\",\"description\":\"Prekiaujame pasaulin\u0117je rinkoje pripa\u017eintomis, kokybi\u0161komis biuro prek\u0117mis toki\u0173  gamintoj\u0173 kaip: Schneider, Esselte, Novus, 3M, Faber-Castell, Citizen, Milan, Leitz, Colop, Zebra, Staedtler, Durable, Tork, Parker, Waterman ir kt.\",\"publisher\":{\"@id\":\"https:\\\/\\\/rutana.lt\\\/#organization\"},\"potentialAction\":[{\"@type\":\"SearchAction\",\"target\":{\"@type\":\"EntryPoint\",\"urlTemplate\":\"https:\\\/\\\/rutana.lt\\\/?s={search_term_string}\"},\"query-input\":{\"@type\":\"PropertyValueSpecification\",\"valueRequired\":true,\"valueName\":\"search_term_string\"}}],\"inLanguage\":\"en-US\"},{\"@type\":\"Organization\",\"@id\":\"https:\\\/\\\/rutana.lt\\\/#organization\",\"name\":\"Rutana - Ra\u0161tin\u0117s reikmenys\",\"url\":\"https:\\\/\\\/rutana.lt\\\/\",\"logo\":{\"@type\":\"ImageObject\",\"inLanguage\":\"en-US\",\"@id\":\"https:\\\/\\\/rutana.lt\\\/#\\\/schema\\\/logo\\\/image\\\/\",\"url\":\"https:\\\/\\\/rutana.lt\\\/wp-content\\\/uploads\\\/2025\\\/10\\\/Asset-32.png\",\"contentUrl\":\"https:\\\/\\\/rutana.lt\\\/wp-content\\\/uploads\\\/2025\\\/10\\\/Asset-32.png\",\"width\":433,\"height\":119,\"caption\":\"Rutana - Ra\u0161tin\u0117s reikmenys\"},\"image\":{\"@id\":\"https:\\\/\\\/rutana.lt\\\/#\\\/schema\\\/logo\\\/image\\\/\"},\"sameAs\":[\"https:\\\/\\\/www.facebook.com\\\/RutanaKanceliarinesPrekes\\\/\"]}]}<\/script>\n<!-- \/ Yoast SEO plugin. -->","yoast_head_json":{"title":"Automatinis pie\u0161tukas 0.5mm Pencil 558 juodas korpusas Schneider 156801 - Rutana - Ra\u0161tin\u0117s reikmenys","robots":{"index":"index","follow":"follow","max-snippet":"max-snippet:-1","max-image-preview":"max-image-preview:large","max-video-preview":"max-video-preview:-1"},"canonical":"https:\/\/rutana.lt\/en\/product\/automatinis-piestukas-0-5mm-pencil-558-juodas-korpusas-schneider-156801\/","og_locale":"en_US","og_type":"article","og_title":"Automatinis pie\u0161tukas 0.5mm Pencil 558 juodas korpusas Schneider 156801 - Rutana - Ra\u0161tin\u0117s reikmenys","og_description":"Mechaninis pie\u0161tukas su tvirtu korpusu ir k\u016bginiu galiuku ra\u0161ymui ir pie\u0161imui. Neslystanti, gumuota laikymo zona u\u017etikrina patog\u0173 ra\u0161ym\u0105. Per stipriai spaud\u017eiamas grafitas, d\u0117l savo pamink\u0161tinimo at\u0161oka atgal ir taip apsaugomas nuo l\u016b\u017eio. Naudojant prakti\u0161k\u0105 spaustuk\u0105, mechanin\u012f pie\u0161tuk\u0105 galima saugiai laikyti mar\u0161kini\u0173 ki\u0161en\u0117je arba pritvirtinti prie u\u017era\u0161\u0173 knygel\u0117s. Trintukas integruotas pie\u0161tuko gale. Grafito storis: 0.5 mm [&hellip;]","og_url":"https:\/\/rutana.lt\/en\/product\/automatinis-piestukas-0-5mm-pencil-558-juodas-korpusas-schneider-156801\/","og_site_name":"Rutana - Ra\u0161tin\u0117s reikmenys","article_publisher":"https:\/\/www.facebook.com\/RutanaKanceliarinesPrekes\/","article_modified_time":"2025-10-13T13:43:50+00:00","og_image":[{"width":600,"height":600,"url":"https:\/\/rutana.lt\/wp-content\/uploads\/2025\/09\/C081-122.jpg","type":"image\/jpeg"}],"twitter_card":"summary_large_image","schema":{"@context":"https:\/\/schema.org","@graph":[{"@type":"WebPage","@id":"https:\/\/rutana.lt\/produktas\/automatinis-piestukas-0-5mm-pencil-558-juodas-korpusas-schneider-156801\/","url":"https:\/\/rutana.lt\/produktas\/automatinis-piestukas-0-5mm-pencil-558-juodas-korpusas-schneider-156801\/","name":"Automatinis pie\u0161tukas 0.5mm Pencil 558 juodas korpusas Schneider 156801 - Rutana - Ra\u0161tin\u0117s reikmenys","isPartOf":{"@id":"https:\/\/rutana.lt\/#website"},"primaryImageOfPage":{"@id":"https:\/\/rutana.lt\/produktas\/automatinis-piestukas-0-5mm-pencil-558-juodas-korpusas-schneider-156801\/#primaryimage"},"image":{"@id":"https:\/\/rutana.lt\/produktas\/automatinis-piestukas-0-5mm-pencil-558-juodas-korpusas-schneider-156801\/#primaryimage"},"thumbnailUrl":"https:\/\/rutana.lt\/wp-content\/uploads\/2025\/09\/C081-122-1.jpg?v=1763619223","datePublished":"2025-09-03T07:27:30+00:00","dateModified":"2025-10-13T13:43:50+00:00","breadcrumb":{"@id":"https:\/\/rutana.lt\/produktas\/automatinis-piestukas-0-5mm-pencil-558-juodas-korpusas-schneider-156801\/#breadcrumb"},"inLanguage":"en-US","potentialAction":[{"@type":"ReadAction","target":["https:\/\/rutana.lt\/produktas\/automatinis-piestukas-0-5mm-pencil-558-juodas-korpusas-schneider-156801\/"]}]},{"@type":"ImageObject","inLanguage":"en-US","@id":"https:\/\/rutana.lt\/produktas\/automatinis-piestukas-0-5mm-pencil-558-juodas-korpusas-schneider-156801\/#primaryimage","url":"https:\/\/rutana.lt\/wp-content\/uploads\/2025\/09\/C081-122-1.jpg?v=1763619223","contentUrl":"https:\/\/rutana.lt\/wp-content\/uploads\/2025\/09\/C081-122-1.jpg?v=1763619223","width":600,"height":600},{"@type":"BreadcrumbList","@id":"https:\/\/rutana.lt\/produktas\/automatinis-piestukas-0-5mm-pencil-558-juodas-korpusas-schneider-156801\/#breadcrumb","itemListElement":[{"@type":"ListItem","position":1,"name":"Home","item":"https:\/\/rutana.lt\/"},{"@type":"ListItem","position":2,"name":"Parduotuv\u0117","item":"https:\/\/rutana.lt\/parduotuve\/"},{"@type":"ListItem","position":3,"name":"Automatinis pie\u0161tukas 0.5mm Pencil 558 juodas korpusas Schneider 156801"}]},{"@type":"WebSite","@id":"https:\/\/rutana.lt\/#website","url":"https:\/\/rutana.lt\/","name":"Rutana - Ra\u0161tin\u0117s reikmenys","description":"Prekiaujame pasaulin\u0117je rinkoje pripa\u017eintomis, kokybi\u0161komis biuro prek\u0117mis toki\u0173  gamintoj\u0173 kaip: Schneider, Esselte, Novus, 3M, Faber-Castell, Citizen, Milan, Leitz, Colop, Zebra, Staedtler, Durable, Tork, Parker, Waterman ir kt.","publisher":{"@id":"https:\/\/rutana.lt\/#organization"},"potentialAction":[{"@type":"SearchAction","target":{"@type":"EntryPoint","urlTemplate":"https:\/\/rutana.lt\/?s={search_term_string}"},"query-input":{"@type":"PropertyValueSpecification","valueRequired":true,"valueName":"search_term_string"}}],"inLanguage":"en-US"},{"@type":"Organization","@id":"https:\/\/rutana.lt\/#organization","name":"Rutana - Ra\u0161tin\u0117s reikmenys","url":"https:\/\/rutana.lt\/","logo":{"@type":"ImageObject","inLanguage":"en-US","@id":"https:\/\/rutana.lt\/#\/schema\/logo\/image\/","url":"https:\/\/rutana.lt\/wp-content\/uploads\/2025\/10\/Asset-32.png","contentUrl":"https:\/\/rutana.lt\/wp-content\/uploads\/2025\/10\/Asset-32.png","width":433,"height":119,"caption":"Rutana - Ra\u0161tin\u0117s reikmenys"},"image":{"@id":"https:\/\/rutana.lt\/#\/schema\/logo\/image\/"},"sameAs":["https:\/\/www.facebook.com\/RutanaKanceliarinesPrekes\/"]}]}},"_links":{"self":[{"href":"https:\/\/rutana.lt\/en\/wp-json\/wp\/v2\/product\/13261","targetHints":{"allow":["GET"]}}],"collection":[{"href":"https:\/\/rutana.lt\/en\/wp-json\/wp\/v2\/product"}],"about":[{"href":"https:\/\/rutana.lt\/en\/wp-json\/wp\/v2\/types\/product"}],"replies":[{"embeddable":true,"href":"https:\/\/rutana.lt\/en\/wp-json\/wp\/v2\/comments?post=13261"}],"version-history":[{"count":1,"href":"https:\/\/rutana.lt\/en\/wp-json\/wp\/v2\/product\/13261\/revisions"}],"predecessor-version":[{"id":13338,"href":"https:\/\/rutana.lt\/en\/wp-json\/wp\/v2\/product\/13261\/revisions\/13338"}],"wp:featuredmedia":[{"embeddable":true,"href":"https:\/\/rutana.lt\/en\/wp-json\/wp\/v2\/media\/28044"}],"wp:attachment":[{"href":"https:\/\/rutana.lt\/en\/wp-json\/wp\/v2\/media?parent=13261"}],"wp:term":[{"taxonomy":"product_brand","embeddable":true,"href":"https:\/\/rutana.lt\/en\/wp-json\/wp\/v2\/product_brand?post=13261"},{"taxonomy":"product_cat","embeddable":true,"href":"https:\/\/rutana.lt\/en\/wp-json\/wp\/v2\/product_cat?post=13261"},{"taxonomy":"product_tag","embeddable":true,"href":"https:\/\/rutana.lt\/en\/wp-json\/wp\/v2\/product_tag?post=13261"}],"curies":[{"name":"wp","href":"https:\/\/api.w.org\/{rel}","templated":true}]}}