{"id":13253,"date":"2025-09-03T09:27:30","date_gmt":"2025-09-03T07:27:30","guid":{"rendered":"https:\/\/rutana.webdemo.lt\/?post_type=product&#038;p=13253"},"modified":"2025-10-13T15:43:46","modified_gmt":"2025-10-13T13:43:46","slug":"grafinis-rasiklis-pictus-0-3mm-juodas-schneider-197301","status":"publish","type":"product","link":"https:\/\/rutana.lt\/en\/product\/grafinis-rasiklis-pictus-0-3mm-juodas-schneider-197301\/","title":{"rendered":"Grafinis ra\u0161iklis Pictus 0.3mm juodas Schneider 197301"},"content":{"rendered":"<p>Technin\u0117s iliustracijos, animaciniai filmai, mados dizainas ir vaizduojamasis menas arba tiesiog eskizai ir ra\u0161ymas namuose ar mokykloje, naujasis grafinis ra\u0161iklis \u201ePictus\u201c atitinka visas \u0161ias programas. Jo vandens pagrindu pagamintas pigmentuotas ra\u0161alas garantuoja ilgai i\u0161liekan\u010dias ry\u0161kias spalvas ir puik\u0173 atsparum\u0105 blukimui. Ra\u0161alas yra nepralaidus vandeniui pagal ra\u0161alo standart\u0105 ISO 14145-2. Metalinis ra\u0161ymo antgalis rei\u0161kia ilgaam\u017ei\u0161kum\u0105 ir tikslius i\u0161d\u0117stymus. \u201ePictus\u201c yra ideali ra\u0161ymo priemon\u0117 pie\u0161imui, eskizams, iliustravimui ir ra\u0161ymui, taip pat darbui su liniuot\u0117mis ir trafaretais. \u201eSchneider\u201c ekologiniai reikalavimai yra vienas i\u0161 pagrindini\u0173 prioritet\u0173, tod\u0117l pie\u0161tuko \u201ePictus\u201c ra\u0161iklio korpusas yra pagamintas i\u0161 ma\u017eiausiai 85% perdirbto plastiko.<\/p>\n<p>Galiuko tipas: apvalus<\/p>\n<p>Br\u0117\u017eiamos linijos storis: 0.3 mm<\/p>\n<p>Ra\u0161alo spalva: juoda <\/p>\n<p>Kilm\u0117s \u0161alis: Vokietija<\/p>\n<\/p>\n<p><\/p>","protected":false},"excerpt":{"rendered":"<p>Technin\u0117s iliustracijos, animaciniai filmai, mados dizainas ir vaizduojamasis menas arba tiesiog eskizai ir ra\u0161ymas namuose ar mokykloje, naujasis grafinis ra\u0161iklis \u201ePictus\u201c atitinka visas \u0161ias programas. Jo vandens pagrindu pagamintas pigmentuotas ra\u0161alas garantuoja ilgai i\u0161liekan\u010dias ry\u0161kias spalvas ir puik\u0173 atsparum\u0105 blukimui. Ra\u0161alas yra nepralaidus vandeniui pagal ra\u0161alo standart\u0105 ISO 14145-2. Metalinis ra\u0161ymo antgalis rei\u0161kia ilgaam\u017ei\u0161kum\u0105 ir [&hellip;]<\/p>","protected":false},"featured_media":28036,"comment_status":"open","ping_status":"closed","template":"","meta":{"_season_start":"","_season_end":"","_season_days":"","_season_months":"","_season_auto_visibility":""},"product_brand":[202],"product_cat":[1749],"product_tag":[],"class_list":{"0":"post-13253","1":"product","2":"type-product","3":"status-publish","4":"has-post-thumbnail","6":"product_brand-schneider","7":"product_cat-vienkartiniai-rasikliai","9":"first","10":"instock","11":"taxable","12":"shipping-taxable","13":"purchasable","14":"product-type-simple"},"yoast_head":"<!-- This site is optimized with the Yoast SEO plugin v26.1.1 - https:\/\/yoast.com\/wordpress\/plugins\/seo\/ -->\n<title>Grafinis ra\u0161iklis Pictus 0.3mm juodas Schneider 197301 - Rutana - Ra\u0161tin\u0117s reikmenys<\/title>\n<meta name=\"robots\" content=\"index, follow, max-snippet:-1, max-image-preview:large, max-video-preview:-1\" \/>\n<link rel=\"canonical\" href=\"https:\/\/rutana.lt\/en\/product\/grafinis-rasiklis-pictus-0-3mm-juodas-schneider-197301\/\" \/>\n<meta property=\"og:locale\" content=\"en_US\" \/>\n<meta property=\"og:type\" content=\"article\" \/>\n<meta property=\"og:title\" content=\"Grafinis ra\u0161iklis Pictus 0.3mm juodas Schneider 197301 - Rutana - Ra\u0161tin\u0117s reikmenys\" \/>\n<meta property=\"og:description\" content=\"Technin\u0117s iliustracijos, animaciniai filmai, mados dizainas ir vaizduojamasis menas arba tiesiog eskizai ir ra\u0161ymas namuose ar mokykloje, naujasis grafinis ra\u0161iklis \u201ePictus\u201c atitinka visas \u0161ias programas. Jo vandens pagrindu pagamintas pigmentuotas ra\u0161alas garantuoja ilgai i\u0161liekan\u010dias ry\u0161kias spalvas ir puik\u0173 atsparum\u0105 blukimui. Ra\u0161alas yra nepralaidus vandeniui pagal ra\u0161alo standart\u0105 ISO 14145-2. Metalinis ra\u0161ymo antgalis rei\u0161kia ilgaam\u017ei\u0161kum\u0105 ir [&hellip;]\" \/>\n<meta property=\"og:url\" content=\"https:\/\/rutana.lt\/en\/product\/grafinis-rasiklis-pictus-0-3mm-juodas-schneider-197301\/\" \/>\n<meta property=\"og:site_name\" content=\"Rutana - Ra\u0161tin\u0117s reikmenys\" \/>\n<meta property=\"article:publisher\" content=\"https:\/\/www.facebook.com\/RutanaKanceliarinesPrekes\/\" \/>\n<meta property=\"article:modified_time\" content=\"2025-10-13T13:43:46+00:00\" \/>\n<meta property=\"og:image\" content=\"https:\/\/rutana.lt\/wp-content\/uploads\/2025\/09\/C035-189.jpg\" \/>\n\t<meta property=\"og:image:width\" content=\"541\" \/>\n\t<meta property=\"og:image:height\" content=\"600\" \/>\n\t<meta property=\"og:image:type\" content=\"image\/jpeg\" \/>\n<meta name=\"twitter:card\" content=\"summary_large_image\" \/>\n<meta name=\"twitter:label1\" content=\"Est. reading time\" \/>\n\t<meta name=\"twitter:data1\" content=\"1 minute\" \/>\n<script type=\"application\/ld+json\" class=\"yoast-schema-graph\">{\"@context\":\"https:\/\/schema.org\",\"@graph\":[{\"@type\":\"WebPage\",\"@id\":\"https:\/\/rutana.lt\/produktas\/grafinis-rasiklis-pictus-0-3mm-juodas-schneider-197301\/\",\"url\":\"https:\/\/rutana.lt\/produktas\/grafinis-rasiklis-pictus-0-3mm-juodas-schneider-197301\/\",\"name\":\"Grafinis ra\u0161iklis Pictus 0.3mm juodas Schneider 197301 - Rutana - Ra\u0161tin\u0117s reikmenys\",\"isPartOf\":{\"@id\":\"https:\/\/rutana.lt\/#website\"},\"primaryImageOfPage\":{\"@id\":\"https:\/\/rutana.lt\/produktas\/grafinis-rasiklis-pictus-0-3mm-juodas-schneider-197301\/#primaryimage\"},\"image\":{\"@id\":\"https:\/\/rutana.lt\/produktas\/grafinis-rasiklis-pictus-0-3mm-juodas-schneider-197301\/#primaryimage\"},\"thumbnailUrl\":\"https:\/\/rutana.lt\/wp-content\/uploads\/2025\/09\/C035-189-1.jpg?v=1763619235\",\"datePublished\":\"2025-09-03T07:27:30+00:00\",\"dateModified\":\"2025-10-13T13:43:46+00:00\",\"breadcrumb\":{\"@id\":\"https:\/\/rutana.lt\/produktas\/grafinis-rasiklis-pictus-0-3mm-juodas-schneider-197301\/#breadcrumb\"},\"inLanguage\":\"en-US\",\"potentialAction\":[{\"@type\":\"ReadAction\",\"target\":[\"https:\/\/rutana.lt\/produktas\/grafinis-rasiklis-pictus-0-3mm-juodas-schneider-197301\/\"]}]},{\"@type\":\"ImageObject\",\"inLanguage\":\"en-US\",\"@id\":\"https:\/\/rutana.lt\/produktas\/grafinis-rasiklis-pictus-0-3mm-juodas-schneider-197301\/#primaryimage\",\"url\":\"https:\/\/rutana.lt\/wp-content\/uploads\/2025\/09\/C035-189-1.jpg?v=1763619235\",\"contentUrl\":\"https:\/\/rutana.lt\/wp-content\/uploads\/2025\/09\/C035-189-1.jpg?v=1763619235\",\"width\":541,\"height\":600},{\"@type\":\"BreadcrumbList\",\"@id\":\"https:\/\/rutana.lt\/produktas\/grafinis-rasiklis-pictus-0-3mm-juodas-schneider-197301\/#breadcrumb\",\"itemListElement\":[{\"@type\":\"ListItem\",\"position\":1,\"name\":\"Home\",\"item\":\"https:\/\/rutana.lt\/\"},{\"@type\":\"ListItem\",\"position\":2,\"name\":\"Parduotuv\u0117\",\"item\":\"https:\/\/rutana.lt\/parduotuve\/\"},{\"@type\":\"ListItem\",\"position\":3,\"name\":\"Grafinis ra\u0161iklis Pictus 0.3mm juodas Schneider 197301\"}]},{\"@type\":\"WebSite\",\"@id\":\"https:\/\/rutana.lt\/#website\",\"url\":\"https:\/\/rutana.lt\/\",\"name\":\"Rutana - Ra\u0161tin\u0117s reikmenys\",\"description\":\"Prekiaujame pasaulin\u0117je rinkoje pripa\u017eintomis, kokybi\u0161komis biuro prek\u0117mis toki\u0173  gamintoj\u0173 kaip: Schneider, Esselte, Novus, 3M, Faber-Castell, Citizen, Milan, Leitz, Colop, Zebra, Staedtler, Durable, Tork, Parker, Waterman ir kt.\",\"publisher\":{\"@id\":\"https:\/\/rutana.lt\/#organization\"},\"potentialAction\":[{\"@type\":\"SearchAction\",\"target\":{\"@type\":\"EntryPoint\",\"urlTemplate\":\"https:\/\/rutana.lt\/?s={search_term_string}\"},\"query-input\":{\"@type\":\"PropertyValueSpecification\",\"valueRequired\":true,\"valueName\":\"search_term_string\"}}],\"inLanguage\":\"en-US\"},{\"@type\":\"Organization\",\"@id\":\"https:\/\/rutana.lt\/#organization\",\"name\":\"Rutana - Ra\u0161tin\u0117s reikmenys\",\"url\":\"https:\/\/rutana.lt\/\",\"logo\":{\"@type\":\"ImageObject\",\"inLanguage\":\"en-US\",\"@id\":\"https:\/\/rutana.lt\/#\/schema\/logo\/image\/\",\"url\":\"https:\/\/rutana.lt\/wp-content\/uploads\/2025\/10\/Asset-32.png\",\"contentUrl\":\"https:\/\/rutana.lt\/wp-content\/uploads\/2025\/10\/Asset-32.png\",\"width\":433,\"height\":119,\"caption\":\"Rutana - Ra\u0161tin\u0117s reikmenys\"},\"image\":{\"@id\":\"https:\/\/rutana.lt\/#\/schema\/logo\/image\/\"},\"sameAs\":[\"https:\/\/www.facebook.com\/RutanaKanceliarinesPrekes\/\"]}]}<\/script>\n<!-- \/ Yoast SEO plugin. -->","yoast_head_json":{"title":"Grafinis ra\u0161iklis Pictus 0.3mm juodas Schneider 197301 - Rutana - Ra\u0161tin\u0117s reikmenys","robots":{"index":"index","follow":"follow","max-snippet":"max-snippet:-1","max-image-preview":"max-image-preview:large","max-video-preview":"max-video-preview:-1"},"canonical":"https:\/\/rutana.lt\/en\/product\/grafinis-rasiklis-pictus-0-3mm-juodas-schneider-197301\/","og_locale":"en_US","og_type":"article","og_title":"Grafinis ra\u0161iklis Pictus 0.3mm juodas Schneider 197301 - Rutana - Ra\u0161tin\u0117s reikmenys","og_description":"Technin\u0117s iliustracijos, animaciniai filmai, mados dizainas ir vaizduojamasis menas arba tiesiog eskizai ir ra\u0161ymas namuose ar mokykloje, naujasis grafinis ra\u0161iklis \u201ePictus\u201c atitinka visas \u0161ias programas. Jo vandens pagrindu pagamintas pigmentuotas ra\u0161alas garantuoja ilgai i\u0161liekan\u010dias ry\u0161kias spalvas ir puik\u0173 atsparum\u0105 blukimui. Ra\u0161alas yra nepralaidus vandeniui pagal ra\u0161alo standart\u0105 ISO 14145-2. Metalinis ra\u0161ymo antgalis rei\u0161kia ilgaam\u017ei\u0161kum\u0105 ir [&hellip;]","og_url":"https:\/\/rutana.lt\/en\/product\/grafinis-rasiklis-pictus-0-3mm-juodas-schneider-197301\/","og_site_name":"Rutana - Ra\u0161tin\u0117s reikmenys","article_publisher":"https:\/\/www.facebook.com\/RutanaKanceliarinesPrekes\/","article_modified_time":"2025-10-13T13:43:46+00:00","og_image":[{"width":541,"height":600,"url":"https:\/\/rutana.lt\/wp-content\/uploads\/2025\/09\/C035-189.jpg","type":"image\/jpeg"}],"twitter_card":"summary_large_image","twitter_misc":{"Est. reading time":"1 minute"},"schema":{"@context":"https:\/\/schema.org","@graph":[{"@type":"WebPage","@id":"https:\/\/rutana.lt\/produktas\/grafinis-rasiklis-pictus-0-3mm-juodas-schneider-197301\/","url":"https:\/\/rutana.lt\/produktas\/grafinis-rasiklis-pictus-0-3mm-juodas-schneider-197301\/","name":"Grafinis ra\u0161iklis Pictus 0.3mm juodas Schneider 197301 - Rutana - Ra\u0161tin\u0117s reikmenys","isPartOf":{"@id":"https:\/\/rutana.lt\/#website"},"primaryImageOfPage":{"@id":"https:\/\/rutana.lt\/produktas\/grafinis-rasiklis-pictus-0-3mm-juodas-schneider-197301\/#primaryimage"},"image":{"@id":"https:\/\/rutana.lt\/produktas\/grafinis-rasiklis-pictus-0-3mm-juodas-schneider-197301\/#primaryimage"},"thumbnailUrl":"https:\/\/rutana.lt\/wp-content\/uploads\/2025\/09\/C035-189-1.jpg?v=1763619235","datePublished":"2025-09-03T07:27:30+00:00","dateModified":"2025-10-13T13:43:46+00:00","breadcrumb":{"@id":"https:\/\/rutana.lt\/produktas\/grafinis-rasiklis-pictus-0-3mm-juodas-schneider-197301\/#breadcrumb"},"inLanguage":"en-US","potentialAction":[{"@type":"ReadAction","target":["https:\/\/rutana.lt\/produktas\/grafinis-rasiklis-pictus-0-3mm-juodas-schneider-197301\/"]}]},{"@type":"ImageObject","inLanguage":"en-US","@id":"https:\/\/rutana.lt\/produktas\/grafinis-rasiklis-pictus-0-3mm-juodas-schneider-197301\/#primaryimage","url":"https:\/\/rutana.lt\/wp-content\/uploads\/2025\/09\/C035-189-1.jpg?v=1763619235","contentUrl":"https:\/\/rutana.lt\/wp-content\/uploads\/2025\/09\/C035-189-1.jpg?v=1763619235","width":541,"height":600},{"@type":"BreadcrumbList","@id":"https:\/\/rutana.lt\/produktas\/grafinis-rasiklis-pictus-0-3mm-juodas-schneider-197301\/#breadcrumb","itemListElement":[{"@type":"ListItem","position":1,"name":"Home","item":"https:\/\/rutana.lt\/"},{"@type":"ListItem","position":2,"name":"Parduotuv\u0117","item":"https:\/\/rutana.lt\/parduotuve\/"},{"@type":"ListItem","position":3,"name":"Grafinis ra\u0161iklis Pictus 0.3mm juodas Schneider 197301"}]},{"@type":"WebSite","@id":"https:\/\/rutana.lt\/#website","url":"https:\/\/rutana.lt\/","name":"Rutana - Ra\u0161tin\u0117s reikmenys","description":"Prekiaujame pasaulin\u0117je rinkoje pripa\u017eintomis, kokybi\u0161komis biuro prek\u0117mis toki\u0173  gamintoj\u0173 kaip: Schneider, Esselte, Novus, 3M, Faber-Castell, Citizen, Milan, Leitz, Colop, Zebra, Staedtler, Durable, Tork, Parker, Waterman ir kt.","publisher":{"@id":"https:\/\/rutana.lt\/#organization"},"potentialAction":[{"@type":"SearchAction","target":{"@type":"EntryPoint","urlTemplate":"https:\/\/rutana.lt\/?s={search_term_string}"},"query-input":{"@type":"PropertyValueSpecification","valueRequired":true,"valueName":"search_term_string"}}],"inLanguage":"en-US"},{"@type":"Organization","@id":"https:\/\/rutana.lt\/#organization","name":"Rutana - Ra\u0161tin\u0117s reikmenys","url":"https:\/\/rutana.lt\/","logo":{"@type":"ImageObject","inLanguage":"en-US","@id":"https:\/\/rutana.lt\/#\/schema\/logo\/image\/","url":"https:\/\/rutana.lt\/wp-content\/uploads\/2025\/10\/Asset-32.png","contentUrl":"https:\/\/rutana.lt\/wp-content\/uploads\/2025\/10\/Asset-32.png","width":433,"height":119,"caption":"Rutana - Ra\u0161tin\u0117s reikmenys"},"image":{"@id":"https:\/\/rutana.lt\/#\/schema\/logo\/image\/"},"sameAs":["https:\/\/www.facebook.com\/RutanaKanceliarinesPrekes\/"]}]}},"_links":{"self":[{"href":"https:\/\/rutana.lt\/en\/wp-json\/wp\/v2\/product\/13253","targetHints":{"allow":["GET"]}}],"collection":[{"href":"https:\/\/rutana.lt\/en\/wp-json\/wp\/v2\/product"}],"about":[{"href":"https:\/\/rutana.lt\/en\/wp-json\/wp\/v2\/types\/product"}],"replies":[{"embeddable":true,"href":"https:\/\/rutana.lt\/en\/wp-json\/wp\/v2\/comments?post=13253"}],"version-history":[{"count":1,"href":"https:\/\/rutana.lt\/en\/wp-json\/wp\/v2\/product\/13253\/revisions"}],"predecessor-version":[{"id":13299,"href":"https:\/\/rutana.lt\/en\/wp-json\/wp\/v2\/product\/13253\/revisions\/13299"}],"wp:featuredmedia":[{"embeddable":true,"href":"https:\/\/rutana.lt\/en\/wp-json\/wp\/v2\/media\/28036"}],"wp:attachment":[{"href":"https:\/\/rutana.lt\/en\/wp-json\/wp\/v2\/media?parent=13253"}],"wp:term":[{"taxonomy":"product_brand","embeddable":true,"href":"https:\/\/rutana.lt\/en\/wp-json\/wp\/v2\/product_brand?post=13253"},{"taxonomy":"product_cat","embeddable":true,"href":"https:\/\/rutana.lt\/en\/wp-json\/wp\/v2\/product_cat?post=13253"},{"taxonomy":"product_tag","embeddable":true,"href":"https:\/\/rutana.lt\/en\/wp-json\/wp\/v2\/product_tag?post=13253"}],"curies":[{"name":"wp","href":"https:\/\/api.w.org\/{rel}","templated":true}]}}