{"id":13189,"date":"2025-09-03T09:27:07","date_gmt":"2025-09-03T07:27:07","guid":{"rendered":"https:\/\/rutana.webdemo.lt\/?post_type=product&#038;p=13189"},"modified":"2025-10-13T15:43:40","modified_gmt":"2025-10-13T13:43:40","slug":"kanceliarinis-peiliukas-9-mm-centrum-80336","status":"publish","type":"product","link":"https:\/\/rutana.lt\/en\/product\/kanceliarinis-peiliukas-9-mm-centrum-80336\/","title":{"rendered":"Kanceliarinis peiliukas 9 mm Centrum 80336"},"content":{"rendered":"<p>Ma\u017eas kanceliarinis peiliukas skirtas pjauti popieri\u0173, karton\u0105, gum\u0105, pl\u0117vel\u0119. A\u0161trus peiliukas su patogia, saugia ranken\u0117le i\u0161 plastiko ir peilio ilgio fiksavimo mechanizmu. Peiliuko korpuse yra plastikinis spaustukas. Nusidev\u0117jusius a\u0161menis galima pakeisti naujais. <\/p>\n<p>A\u0161mens plotis: 9 mm<\/p>\n<p>Kilm\u0117s \u0161alis: Vokietija<\/p>\n<\/p>\n<p><\/p>","protected":false},"excerpt":{"rendered":"<p>Ma\u017eas kanceliarinis peiliukas skirtas pjauti popieri\u0173, karton\u0105, gum\u0105, pl\u0117vel\u0119. A\u0161trus peiliukas su patogia, saugia ranken\u0117le i\u0161 plastiko ir peilio ilgio fiksavimo mechanizmu. Peiliuko korpuse yra plastikinis spaustukas. Nusidev\u0117jusius a\u0161menis galima pakeisti naujais. A\u0161mens plotis: 9 mm Kilm\u0117s \u0161alis: Vokietija<\/p>","protected":false},"featured_media":28022,"comment_status":"open","ping_status":"closed","template":"","meta":{"_season_start":"","_season_end":"","_season_days":"","_season_months":"","_season_auto_visibility":""},"product_brand":[199],"product_cat":[1591],"product_tag":[],"class_list":{"0":"post-13189","1":"product","2":"type-product","3":"status-publish","4":"has-post-thumbnail","6":"product_brand-centrum","7":"product_cat-zirkles-ir-kanceliariniai-peiliai","9":"first","10":"instock","11":"taxable","12":"shipping-taxable","13":"purchasable","14":"product-type-simple"},"yoast_head":"<!-- This site is optimized with the Yoast SEO plugin v26.1.1 - https:\/\/yoast.com\/wordpress\/plugins\/seo\/ -->\n<title>Kanceliarinis peiliukas 9 mm Centrum 80336 - Rutana - Ra\u0161tin\u0117s reikmenys<\/title>\n<meta name=\"robots\" content=\"index, follow, max-snippet:-1, max-image-preview:large, max-video-preview:-1\" \/>\n<link rel=\"canonical\" href=\"https:\/\/rutana.lt\/en\/product\/kanceliarinis-peiliukas-9-mm-centrum-80336\/\" \/>\n<meta property=\"og:locale\" content=\"en_US\" \/>\n<meta property=\"og:type\" content=\"article\" \/>\n<meta property=\"og:title\" content=\"Kanceliarinis peiliukas 9 mm Centrum 80336 - Rutana - Ra\u0161tin\u0117s reikmenys\" \/>\n<meta property=\"og:description\" content=\"Ma\u017eas kanceliarinis peiliukas skirtas pjauti popieri\u0173, karton\u0105, gum\u0105, pl\u0117vel\u0119. A\u0161trus peiliukas su patogia, saugia ranken\u0117le i\u0161 plastiko ir peilio ilgio fiksavimo mechanizmu. Peiliuko korpuse yra plastikinis spaustukas. Nusidev\u0117jusius a\u0161menis galima pakeisti naujais. A\u0161mens plotis: 9 mm Kilm\u0117s \u0161alis: Vokietija\" \/>\n<meta property=\"og:url\" content=\"https:\/\/rutana.lt\/en\/product\/kanceliarinis-peiliukas-9-mm-centrum-80336\/\" \/>\n<meta property=\"og:site_name\" content=\"Rutana - Ra\u0161tin\u0117s reikmenys\" \/>\n<meta property=\"article:publisher\" content=\"https:\/\/www.facebook.com\/RutanaKanceliarinesPrekes\/\" \/>\n<meta property=\"article:modified_time\" content=\"2025-10-13T13:43:40+00:00\" \/>\n<meta property=\"og:image\" content=\"https:\/\/rutana.lt\/wp-content\/uploads\/2025\/09\/B015-621.jpg\" \/>\n\t<meta property=\"og:image:width\" content=\"500\" \/>\n\t<meta property=\"og:image:height\" content=\"500\" \/>\n\t<meta property=\"og:image:type\" content=\"image\/jpeg\" \/>\n<meta name=\"twitter:card\" content=\"summary_large_image\" \/>\n<script type=\"application\/ld+json\" class=\"yoast-schema-graph\">{\"@context\":\"https:\/\/schema.org\",\"@graph\":[{\"@type\":\"WebPage\",\"@id\":\"https:\/\/rutana.lt\/produktas\/kanceliarinis-peiliukas-9-mm-centrum-80336\/\",\"url\":\"https:\/\/rutana.lt\/produktas\/kanceliarinis-peiliukas-9-mm-centrum-80336\/\",\"name\":\"Kanceliarinis peiliukas 9 mm Centrum 80336 - Rutana - Ra\u0161tin\u0117s reikmenys\",\"isPartOf\":{\"@id\":\"https:\/\/rutana.lt\/#website\"},\"primaryImageOfPage\":{\"@id\":\"https:\/\/rutana.lt\/produktas\/kanceliarinis-peiliukas-9-mm-centrum-80336\/#primaryimage\"},\"image\":{\"@id\":\"https:\/\/rutana.lt\/produktas\/kanceliarinis-peiliukas-9-mm-centrum-80336\/#primaryimage\"},\"thumbnailUrl\":\"https:\/\/rutana.lt\/wp-content\/uploads\/2025\/09\/B015-621-1.jpg?v=1763619251\",\"datePublished\":\"2025-09-03T07:27:07+00:00\",\"dateModified\":\"2025-10-13T13:43:40+00:00\",\"breadcrumb\":{\"@id\":\"https:\/\/rutana.lt\/produktas\/kanceliarinis-peiliukas-9-mm-centrum-80336\/#breadcrumb\"},\"inLanguage\":\"en-US\",\"potentialAction\":[{\"@type\":\"ReadAction\",\"target\":[\"https:\/\/rutana.lt\/produktas\/kanceliarinis-peiliukas-9-mm-centrum-80336\/\"]}]},{\"@type\":\"ImageObject\",\"inLanguage\":\"en-US\",\"@id\":\"https:\/\/rutana.lt\/produktas\/kanceliarinis-peiliukas-9-mm-centrum-80336\/#primaryimage\",\"url\":\"https:\/\/rutana.lt\/wp-content\/uploads\/2025\/09\/B015-621-1.jpg?v=1763619251\",\"contentUrl\":\"https:\/\/rutana.lt\/wp-content\/uploads\/2025\/09\/B015-621-1.jpg?v=1763619251\",\"width\":500,\"height\":500},{\"@type\":\"BreadcrumbList\",\"@id\":\"https:\/\/rutana.lt\/produktas\/kanceliarinis-peiliukas-9-mm-centrum-80336\/#breadcrumb\",\"itemListElement\":[{\"@type\":\"ListItem\",\"position\":1,\"name\":\"Home\",\"item\":\"https:\/\/rutana.lt\/\"},{\"@type\":\"ListItem\",\"position\":2,\"name\":\"Parduotuv\u0117\",\"item\":\"https:\/\/rutana.lt\/parduotuve\/\"},{\"@type\":\"ListItem\",\"position\":3,\"name\":\"Kanceliarinis peiliukas 9 mm Centrum 80336\"}]},{\"@type\":\"WebSite\",\"@id\":\"https:\/\/rutana.lt\/#website\",\"url\":\"https:\/\/rutana.lt\/\",\"name\":\"Rutana - Ra\u0161tin\u0117s reikmenys\",\"description\":\"Prekiaujame pasaulin\u0117je rinkoje pripa\u017eintomis, kokybi\u0161komis biuro prek\u0117mis toki\u0173  gamintoj\u0173 kaip: Schneider, Esselte, Novus, 3M, Faber-Castell, Citizen, Milan, Leitz, Colop, Zebra, Staedtler, Durable, Tork, Parker, Waterman ir kt.\",\"publisher\":{\"@id\":\"https:\/\/rutana.lt\/#organization\"},\"potentialAction\":[{\"@type\":\"SearchAction\",\"target\":{\"@type\":\"EntryPoint\",\"urlTemplate\":\"https:\/\/rutana.lt\/?s={search_term_string}\"},\"query-input\":{\"@type\":\"PropertyValueSpecification\",\"valueRequired\":true,\"valueName\":\"search_term_string\"}}],\"inLanguage\":\"en-US\"},{\"@type\":\"Organization\",\"@id\":\"https:\/\/rutana.lt\/#organization\",\"name\":\"Rutana - Ra\u0161tin\u0117s reikmenys\",\"url\":\"https:\/\/rutana.lt\/\",\"logo\":{\"@type\":\"ImageObject\",\"inLanguage\":\"en-US\",\"@id\":\"https:\/\/rutana.lt\/#\/schema\/logo\/image\/\",\"url\":\"https:\/\/rutana.lt\/wp-content\/uploads\/2025\/10\/Asset-32.png\",\"contentUrl\":\"https:\/\/rutana.lt\/wp-content\/uploads\/2025\/10\/Asset-32.png\",\"width\":433,\"height\":119,\"caption\":\"Rutana - Ra\u0161tin\u0117s reikmenys\"},\"image\":{\"@id\":\"https:\/\/rutana.lt\/#\/schema\/logo\/image\/\"},\"sameAs\":[\"https:\/\/www.facebook.com\/RutanaKanceliarinesPrekes\/\"]}]}<\/script>\n<!-- \/ Yoast SEO plugin. -->","yoast_head_json":{"title":"Kanceliarinis peiliukas 9 mm Centrum 80336 - Rutana - Ra\u0161tin\u0117s reikmenys","robots":{"index":"index","follow":"follow","max-snippet":"max-snippet:-1","max-image-preview":"max-image-preview:large","max-video-preview":"max-video-preview:-1"},"canonical":"https:\/\/rutana.lt\/en\/product\/kanceliarinis-peiliukas-9-mm-centrum-80336\/","og_locale":"en_US","og_type":"article","og_title":"Kanceliarinis peiliukas 9 mm Centrum 80336 - Rutana - Ra\u0161tin\u0117s reikmenys","og_description":"Ma\u017eas kanceliarinis peiliukas skirtas pjauti popieri\u0173, karton\u0105, gum\u0105, pl\u0117vel\u0119. A\u0161trus peiliukas su patogia, saugia ranken\u0117le i\u0161 plastiko ir peilio ilgio fiksavimo mechanizmu. Peiliuko korpuse yra plastikinis spaustukas. Nusidev\u0117jusius a\u0161menis galima pakeisti naujais. A\u0161mens plotis: 9 mm Kilm\u0117s \u0161alis: Vokietija","og_url":"https:\/\/rutana.lt\/en\/product\/kanceliarinis-peiliukas-9-mm-centrum-80336\/","og_site_name":"Rutana - Ra\u0161tin\u0117s reikmenys","article_publisher":"https:\/\/www.facebook.com\/RutanaKanceliarinesPrekes\/","article_modified_time":"2025-10-13T13:43:40+00:00","og_image":[{"width":500,"height":500,"url":"https:\/\/rutana.lt\/wp-content\/uploads\/2025\/09\/B015-621.jpg","type":"image\/jpeg"}],"twitter_card":"summary_large_image","schema":{"@context":"https:\/\/schema.org","@graph":[{"@type":"WebPage","@id":"https:\/\/rutana.lt\/produktas\/kanceliarinis-peiliukas-9-mm-centrum-80336\/","url":"https:\/\/rutana.lt\/produktas\/kanceliarinis-peiliukas-9-mm-centrum-80336\/","name":"Kanceliarinis peiliukas 9 mm Centrum 80336 - Rutana - Ra\u0161tin\u0117s reikmenys","isPartOf":{"@id":"https:\/\/rutana.lt\/#website"},"primaryImageOfPage":{"@id":"https:\/\/rutana.lt\/produktas\/kanceliarinis-peiliukas-9-mm-centrum-80336\/#primaryimage"},"image":{"@id":"https:\/\/rutana.lt\/produktas\/kanceliarinis-peiliukas-9-mm-centrum-80336\/#primaryimage"},"thumbnailUrl":"https:\/\/rutana.lt\/wp-content\/uploads\/2025\/09\/B015-621-1.jpg?v=1763619251","datePublished":"2025-09-03T07:27:07+00:00","dateModified":"2025-10-13T13:43:40+00:00","breadcrumb":{"@id":"https:\/\/rutana.lt\/produktas\/kanceliarinis-peiliukas-9-mm-centrum-80336\/#breadcrumb"},"inLanguage":"en-US","potentialAction":[{"@type":"ReadAction","target":["https:\/\/rutana.lt\/produktas\/kanceliarinis-peiliukas-9-mm-centrum-80336\/"]}]},{"@type":"ImageObject","inLanguage":"en-US","@id":"https:\/\/rutana.lt\/produktas\/kanceliarinis-peiliukas-9-mm-centrum-80336\/#primaryimage","url":"https:\/\/rutana.lt\/wp-content\/uploads\/2025\/09\/B015-621-1.jpg?v=1763619251","contentUrl":"https:\/\/rutana.lt\/wp-content\/uploads\/2025\/09\/B015-621-1.jpg?v=1763619251","width":500,"height":500},{"@type":"BreadcrumbList","@id":"https:\/\/rutana.lt\/produktas\/kanceliarinis-peiliukas-9-mm-centrum-80336\/#breadcrumb","itemListElement":[{"@type":"ListItem","position":1,"name":"Home","item":"https:\/\/rutana.lt\/"},{"@type":"ListItem","position":2,"name":"Parduotuv\u0117","item":"https:\/\/rutana.lt\/parduotuve\/"},{"@type":"ListItem","position":3,"name":"Kanceliarinis peiliukas 9 mm Centrum 80336"}]},{"@type":"WebSite","@id":"https:\/\/rutana.lt\/#website","url":"https:\/\/rutana.lt\/","name":"Rutana - Ra\u0161tin\u0117s reikmenys","description":"Prekiaujame pasaulin\u0117je rinkoje pripa\u017eintomis, kokybi\u0161komis biuro prek\u0117mis toki\u0173  gamintoj\u0173 kaip: Schneider, Esselte, Novus, 3M, Faber-Castell, Citizen, Milan, Leitz, Colop, Zebra, Staedtler, Durable, Tork, Parker, Waterman ir kt.","publisher":{"@id":"https:\/\/rutana.lt\/#organization"},"potentialAction":[{"@type":"SearchAction","target":{"@type":"EntryPoint","urlTemplate":"https:\/\/rutana.lt\/?s={search_term_string}"},"query-input":{"@type":"PropertyValueSpecification","valueRequired":true,"valueName":"search_term_string"}}],"inLanguage":"en-US"},{"@type":"Organization","@id":"https:\/\/rutana.lt\/#organization","name":"Rutana - Ra\u0161tin\u0117s reikmenys","url":"https:\/\/rutana.lt\/","logo":{"@type":"ImageObject","inLanguage":"en-US","@id":"https:\/\/rutana.lt\/#\/schema\/logo\/image\/","url":"https:\/\/rutana.lt\/wp-content\/uploads\/2025\/10\/Asset-32.png","contentUrl":"https:\/\/rutana.lt\/wp-content\/uploads\/2025\/10\/Asset-32.png","width":433,"height":119,"caption":"Rutana - Ra\u0161tin\u0117s reikmenys"},"image":{"@id":"https:\/\/rutana.lt\/#\/schema\/logo\/image\/"},"sameAs":["https:\/\/www.facebook.com\/RutanaKanceliarinesPrekes\/"]}]}},"_links":{"self":[{"href":"https:\/\/rutana.lt\/en\/wp-json\/wp\/v2\/product\/13189","targetHints":{"allow":["GET"]}}],"collection":[{"href":"https:\/\/rutana.lt\/en\/wp-json\/wp\/v2\/product"}],"about":[{"href":"https:\/\/rutana.lt\/en\/wp-json\/wp\/v2\/types\/product"}],"replies":[{"embeddable":true,"href":"https:\/\/rutana.lt\/en\/wp-json\/wp\/v2\/comments?post=13189"}],"version-history":[{"count":1,"href":"https:\/\/rutana.lt\/en\/wp-json\/wp\/v2\/product\/13189\/revisions"}],"predecessor-version":[{"id":13271,"href":"https:\/\/rutana.lt\/en\/wp-json\/wp\/v2\/product\/13189\/revisions\/13271"}],"wp:featuredmedia":[{"embeddable":true,"href":"https:\/\/rutana.lt\/en\/wp-json\/wp\/v2\/media\/28022"}],"wp:attachment":[{"href":"https:\/\/rutana.lt\/en\/wp-json\/wp\/v2\/media?parent=13189"}],"wp:term":[{"taxonomy":"product_brand","embeddable":true,"href":"https:\/\/rutana.lt\/en\/wp-json\/wp\/v2\/product_brand?post=13189"},{"taxonomy":"product_cat","embeddable":true,"href":"https:\/\/rutana.lt\/en\/wp-json\/wp\/v2\/product_cat?post=13189"},{"taxonomy":"product_tag","embeddable":true,"href":"https:\/\/rutana.lt\/en\/wp-json\/wp\/v2\/product_tag?post=13189"}],"curies":[{"name":"wp","href":"https:\/\/api.w.org\/{rel}","templated":true}]}}