{"id":13109,"date":"2025-09-03T09:26:43","date_gmt":"2025-09-03T07:26:43","guid":{"rendered":"https:\/\/rutana.webdemo.lt\/?post_type=product&#038;p=13109"},"modified":"2025-10-13T15:43:24","modified_gmt":"2025-10-13T13:43:24","slug":"guasas-baltas-40-ml-indelyje-rosa-51115","status":"publish","type":"product","link":"https:\/\/rutana.lt\/en\/product\/guasas-baltas-40-ml-indelyje-rosa-51115\/","title":{"rendered":"Gua\u0161as baltas 40 ml indelyje Rosa 51115"},"content":{"rendered":"<p>\u201eROSA Studio\u201c gua\u0161o da\u017eus kuria auk\u0161tos kvalifikacijos ROSA technologai, atsi\u017evelgdami \u012f meno mokykl\u0173 mokytoj\u0173 reikalavimus ir rekomendacijas. Da\u017eai gaminami i\u0161 auk\u0161tos kokyb\u0117s pigment\u0173 ir nat\u016bralaus augalo pagrindo. \u201eROSA Studio\u201c gua\u0161o da\u017eai yra puikus sprendimas tiems, kurie studijuoja tapyb\u0105, men\u0105 ir amatus bei u\u017esiima iliustracija. Da\u017eai lengvai mai\u0161osi ir nesudaro purvo ( mai\u0161ant iki 3 spalv\u0173 ). Spalva i\u0161lieka ry\u0161ki net po i\u0161d\u017ei\u016bvimo ir ne\u0161vies\u0117ja. Parduodamas plastikiniame indelyje.<\/p>\n<p>Spalva: balta<\/p>\n<p>Talpa: 40 ml<\/p>\n<p>Kilm\u0117s \u0161alis: Ukraina<\/p>\n<p><\/p>\n<p><\/p><\/p>","protected":false},"excerpt":{"rendered":"<p>\u201eROSA Studio\u201c gua\u0161o da\u017eus kuria auk\u0161tos kvalifikacijos ROSA technologai, atsi\u017evelgdami \u012f meno mokykl\u0173 mokytoj\u0173 reikalavimus ir rekomendacijas. Da\u017eai gaminami i\u0161 auk\u0161tos kokyb\u0117s pigment\u0173 ir nat\u016bralaus augalo pagrindo. \u201eROSA Studio\u201c gua\u0161o da\u017eai yra puikus sprendimas tiems, kurie studijuoja tapyb\u0105, men\u0105 ir amatus bei u\u017esiima iliustracija. Da\u017eai lengvai mai\u0161osi ir nesudaro purvo ( mai\u0161ant iki 3 spalv\u0173 [&hellip;]<\/p>","protected":false},"featured_media":27990,"comment_status":"open","ping_status":"closed","template":"","meta":{"_season_start":"","_season_end":"","_season_days":"","_season_months":"","_season_auto_visibility":""},"product_brand":[862],"product_cat":[1659],"product_tag":[],"class_list":{"0":"post-13109","1":"product","2":"type-product","3":"status-publish","4":"has-post-thumbnail","6":"product_brand-rosa","7":"product_cat-guasas","9":"first","10":"instock","11":"taxable","12":"shipping-taxable","13":"purchasable","14":"product-type-simple"},"yoast_head":"<!-- This site is optimized with the Yoast SEO plugin v27.4 - https:\/\/yoast.com\/product\/yoast-seo-wordpress\/ -->\n<title>Gua\u0161as baltas 40 ml indelyje Rosa 51115 - Rutana - Ra\u0161tin\u0117s reikmenys<\/title>\n<meta name=\"robots\" content=\"index, follow, max-snippet:-1, max-image-preview:large, max-video-preview:-1\" \/>\n<link rel=\"canonical\" href=\"https:\/\/rutana.lt\/en\/product\/guasas-baltas-40-ml-indelyje-rosa-51115\/\" \/>\n<meta property=\"og:locale\" content=\"en_US\" \/>\n<meta property=\"og:type\" content=\"article\" \/>\n<meta property=\"og:title\" content=\"Gua\u0161as baltas 40 ml indelyje Rosa 51115 - Rutana - Ra\u0161tin\u0117s reikmenys\" \/>\n<meta property=\"og:description\" content=\"\u201eROSA Studio\u201c gua\u0161o da\u017eus kuria auk\u0161tos kvalifikacijos ROSA technologai, atsi\u017evelgdami \u012f meno mokykl\u0173 mokytoj\u0173 reikalavimus ir rekomendacijas. Da\u017eai gaminami i\u0161 auk\u0161tos kokyb\u0117s pigment\u0173 ir nat\u016bralaus augalo pagrindo. \u201eROSA Studio\u201c gua\u0161o da\u017eai yra puikus sprendimas tiems, kurie studijuoja tapyb\u0105, men\u0105 ir amatus bei u\u017esiima iliustracija. Da\u017eai lengvai mai\u0161osi ir nesudaro purvo ( mai\u0161ant iki 3 spalv\u0173 [&hellip;]\" \/>\n<meta property=\"og:url\" content=\"https:\/\/rutana.lt\/en\/product\/guasas-baltas-40-ml-indelyje-rosa-51115\/\" \/>\n<meta property=\"og:site_name\" content=\"Rutana - Ra\u0161tin\u0117s reikmenys\" \/>\n<meta property=\"article:publisher\" content=\"https:\/\/www.facebook.com\/RutanaKanceliarinesPrekes\/\" \/>\n<meta property=\"article:modified_time\" content=\"2025-10-13T13:43:24+00:00\" \/>\n<meta property=\"og:image\" content=\"https:\/\/rutana.lt\/wp-content\/uploads\/2025\/09\/D032-835.jpg\" \/>\n\t<meta property=\"og:image:width\" content=\"500\" \/>\n\t<meta property=\"og:image:height\" content=\"500\" \/>\n\t<meta property=\"og:image:type\" content=\"image\/jpeg\" \/>\n<meta name=\"twitter:card\" content=\"summary_large_image\" \/>\n<script type=\"application\/ld+json\" class=\"yoast-schema-graph\">{\"@context\":\"https:\\\/\\\/schema.org\",\"@graph\":[{\"@type\":\"WebPage\",\"@id\":\"https:\\\/\\\/rutana.lt\\\/produktas\\\/guasas-baltas-40-ml-indelyje-rosa-51115\\\/\",\"url\":\"https:\\\/\\\/rutana.lt\\\/produktas\\\/guasas-baltas-40-ml-indelyje-rosa-51115\\\/\",\"name\":\"Gua\u0161as baltas 40 ml indelyje Rosa 51115 - Rutana - Ra\u0161tin\u0117s reikmenys\",\"isPartOf\":{\"@id\":\"https:\\\/\\\/rutana.lt\\\/#website\"},\"primaryImageOfPage\":{\"@id\":\"https:\\\/\\\/rutana.lt\\\/produktas\\\/guasas-baltas-40-ml-indelyje-rosa-51115\\\/#primaryimage\"},\"image\":{\"@id\":\"https:\\\/\\\/rutana.lt\\\/produktas\\\/guasas-baltas-40-ml-indelyje-rosa-51115\\\/#primaryimage\"},\"thumbnailUrl\":\"https:\\\/\\\/rutana.lt\\\/wp-content\\\/uploads\\\/2025\\\/09\\\/D032-835-1.jpg?v=1763619290\",\"datePublished\":\"2025-09-03T07:26:43+00:00\",\"dateModified\":\"2025-10-13T13:43:24+00:00\",\"breadcrumb\":{\"@id\":\"https:\\\/\\\/rutana.lt\\\/produktas\\\/guasas-baltas-40-ml-indelyje-rosa-51115\\\/#breadcrumb\"},\"inLanguage\":\"en-US\",\"potentialAction\":[{\"@type\":\"ReadAction\",\"target\":[\"https:\\\/\\\/rutana.lt\\\/produktas\\\/guasas-baltas-40-ml-indelyje-rosa-51115\\\/\"]}]},{\"@type\":\"ImageObject\",\"inLanguage\":\"en-US\",\"@id\":\"https:\\\/\\\/rutana.lt\\\/produktas\\\/guasas-baltas-40-ml-indelyje-rosa-51115\\\/#primaryimage\",\"url\":\"https:\\\/\\\/rutana.lt\\\/wp-content\\\/uploads\\\/2025\\\/09\\\/D032-835-1.jpg?v=1763619290\",\"contentUrl\":\"https:\\\/\\\/rutana.lt\\\/wp-content\\\/uploads\\\/2025\\\/09\\\/D032-835-1.jpg?v=1763619290\",\"width\":500,\"height\":500},{\"@type\":\"BreadcrumbList\",\"@id\":\"https:\\\/\\\/rutana.lt\\\/produktas\\\/guasas-baltas-40-ml-indelyje-rosa-51115\\\/#breadcrumb\",\"itemListElement\":[{\"@type\":\"ListItem\",\"position\":1,\"name\":\"Home\",\"item\":\"https:\\\/\\\/rutana.lt\\\/\"},{\"@type\":\"ListItem\",\"position\":2,\"name\":\"Parduotuv\u0117\",\"item\":\"https:\\\/\\\/rutana.lt\\\/parduotuve\\\/\"},{\"@type\":\"ListItem\",\"position\":3,\"name\":\"Gua\u0161as baltas 40 ml indelyje Rosa 51115\"}]},{\"@type\":\"WebSite\",\"@id\":\"https:\\\/\\\/rutana.lt\\\/#website\",\"url\":\"https:\\\/\\\/rutana.lt\\\/\",\"name\":\"Rutana - Ra\u0161tin\u0117s reikmenys\",\"description\":\"Prekiaujame pasaulin\u0117je rinkoje pripa\u017eintomis, kokybi\u0161komis biuro prek\u0117mis toki\u0173  gamintoj\u0173 kaip: Schneider, Esselte, Novus, 3M, Faber-Castell, Citizen, Milan, Leitz, Colop, Zebra, Staedtler, Durable, Tork, Parker, Waterman ir kt.\",\"publisher\":{\"@id\":\"https:\\\/\\\/rutana.lt\\\/#organization\"},\"potentialAction\":[{\"@type\":\"SearchAction\",\"target\":{\"@type\":\"EntryPoint\",\"urlTemplate\":\"https:\\\/\\\/rutana.lt\\\/?s={search_term_string}\"},\"query-input\":{\"@type\":\"PropertyValueSpecification\",\"valueRequired\":true,\"valueName\":\"search_term_string\"}}],\"inLanguage\":\"en-US\"},{\"@type\":\"Organization\",\"@id\":\"https:\\\/\\\/rutana.lt\\\/#organization\",\"name\":\"Rutana - Ra\u0161tin\u0117s reikmenys\",\"url\":\"https:\\\/\\\/rutana.lt\\\/\",\"logo\":{\"@type\":\"ImageObject\",\"inLanguage\":\"en-US\",\"@id\":\"https:\\\/\\\/rutana.lt\\\/#\\\/schema\\\/logo\\\/image\\\/\",\"url\":\"https:\\\/\\\/rutana.lt\\\/wp-content\\\/uploads\\\/2025\\\/10\\\/Asset-32.png\",\"contentUrl\":\"https:\\\/\\\/rutana.lt\\\/wp-content\\\/uploads\\\/2025\\\/10\\\/Asset-32.png\",\"width\":433,\"height\":119,\"caption\":\"Rutana - Ra\u0161tin\u0117s reikmenys\"},\"image\":{\"@id\":\"https:\\\/\\\/rutana.lt\\\/#\\\/schema\\\/logo\\\/image\\\/\"},\"sameAs\":[\"https:\\\/\\\/www.facebook.com\\\/RutanaKanceliarinesPrekes\\\/\"]}]}<\/script>\n<!-- \/ Yoast SEO plugin. -->","yoast_head_json":{"title":"Gua\u0161as baltas 40 ml indelyje Rosa 51115 - Rutana - Ra\u0161tin\u0117s reikmenys","robots":{"index":"index","follow":"follow","max-snippet":"max-snippet:-1","max-image-preview":"max-image-preview:large","max-video-preview":"max-video-preview:-1"},"canonical":"https:\/\/rutana.lt\/en\/product\/guasas-baltas-40-ml-indelyje-rosa-51115\/","og_locale":"en_US","og_type":"article","og_title":"Gua\u0161as baltas 40 ml indelyje Rosa 51115 - Rutana - Ra\u0161tin\u0117s reikmenys","og_description":"\u201eROSA Studio\u201c gua\u0161o da\u017eus kuria auk\u0161tos kvalifikacijos ROSA technologai, atsi\u017evelgdami \u012f meno mokykl\u0173 mokytoj\u0173 reikalavimus ir rekomendacijas. Da\u017eai gaminami i\u0161 auk\u0161tos kokyb\u0117s pigment\u0173 ir nat\u016bralaus augalo pagrindo. \u201eROSA Studio\u201c gua\u0161o da\u017eai yra puikus sprendimas tiems, kurie studijuoja tapyb\u0105, men\u0105 ir amatus bei u\u017esiima iliustracija. Da\u017eai lengvai mai\u0161osi ir nesudaro purvo ( mai\u0161ant iki 3 spalv\u0173 [&hellip;]","og_url":"https:\/\/rutana.lt\/en\/product\/guasas-baltas-40-ml-indelyje-rosa-51115\/","og_site_name":"Rutana - Ra\u0161tin\u0117s reikmenys","article_publisher":"https:\/\/www.facebook.com\/RutanaKanceliarinesPrekes\/","article_modified_time":"2025-10-13T13:43:24+00:00","og_image":[{"width":500,"height":500,"url":"https:\/\/rutana.lt\/wp-content\/uploads\/2025\/09\/D032-835.jpg","type":"image\/jpeg"}],"twitter_card":"summary_large_image","schema":{"@context":"https:\/\/schema.org","@graph":[{"@type":"WebPage","@id":"https:\/\/rutana.lt\/produktas\/guasas-baltas-40-ml-indelyje-rosa-51115\/","url":"https:\/\/rutana.lt\/produktas\/guasas-baltas-40-ml-indelyje-rosa-51115\/","name":"Gua\u0161as baltas 40 ml indelyje Rosa 51115 - Rutana - Ra\u0161tin\u0117s reikmenys","isPartOf":{"@id":"https:\/\/rutana.lt\/#website"},"primaryImageOfPage":{"@id":"https:\/\/rutana.lt\/produktas\/guasas-baltas-40-ml-indelyje-rosa-51115\/#primaryimage"},"image":{"@id":"https:\/\/rutana.lt\/produktas\/guasas-baltas-40-ml-indelyje-rosa-51115\/#primaryimage"},"thumbnailUrl":"https:\/\/rutana.lt\/wp-content\/uploads\/2025\/09\/D032-835-1.jpg?v=1763619290","datePublished":"2025-09-03T07:26:43+00:00","dateModified":"2025-10-13T13:43:24+00:00","breadcrumb":{"@id":"https:\/\/rutana.lt\/produktas\/guasas-baltas-40-ml-indelyje-rosa-51115\/#breadcrumb"},"inLanguage":"en-US","potentialAction":[{"@type":"ReadAction","target":["https:\/\/rutana.lt\/produktas\/guasas-baltas-40-ml-indelyje-rosa-51115\/"]}]},{"@type":"ImageObject","inLanguage":"en-US","@id":"https:\/\/rutana.lt\/produktas\/guasas-baltas-40-ml-indelyje-rosa-51115\/#primaryimage","url":"https:\/\/rutana.lt\/wp-content\/uploads\/2025\/09\/D032-835-1.jpg?v=1763619290","contentUrl":"https:\/\/rutana.lt\/wp-content\/uploads\/2025\/09\/D032-835-1.jpg?v=1763619290","width":500,"height":500},{"@type":"BreadcrumbList","@id":"https:\/\/rutana.lt\/produktas\/guasas-baltas-40-ml-indelyje-rosa-51115\/#breadcrumb","itemListElement":[{"@type":"ListItem","position":1,"name":"Home","item":"https:\/\/rutana.lt\/"},{"@type":"ListItem","position":2,"name":"Parduotuv\u0117","item":"https:\/\/rutana.lt\/parduotuve\/"},{"@type":"ListItem","position":3,"name":"Gua\u0161as baltas 40 ml indelyje Rosa 51115"}]},{"@type":"WebSite","@id":"https:\/\/rutana.lt\/#website","url":"https:\/\/rutana.lt\/","name":"Rutana - Ra\u0161tin\u0117s reikmenys","description":"Prekiaujame pasaulin\u0117je rinkoje pripa\u017eintomis, kokybi\u0161komis biuro prek\u0117mis toki\u0173  gamintoj\u0173 kaip: Schneider, Esselte, Novus, 3M, Faber-Castell, Citizen, Milan, Leitz, Colop, Zebra, Staedtler, Durable, Tork, Parker, Waterman ir kt.","publisher":{"@id":"https:\/\/rutana.lt\/#organization"},"potentialAction":[{"@type":"SearchAction","target":{"@type":"EntryPoint","urlTemplate":"https:\/\/rutana.lt\/?s={search_term_string}"},"query-input":{"@type":"PropertyValueSpecification","valueRequired":true,"valueName":"search_term_string"}}],"inLanguage":"en-US"},{"@type":"Organization","@id":"https:\/\/rutana.lt\/#organization","name":"Rutana - Ra\u0161tin\u0117s reikmenys","url":"https:\/\/rutana.lt\/","logo":{"@type":"ImageObject","inLanguage":"en-US","@id":"https:\/\/rutana.lt\/#\/schema\/logo\/image\/","url":"https:\/\/rutana.lt\/wp-content\/uploads\/2025\/10\/Asset-32.png","contentUrl":"https:\/\/rutana.lt\/wp-content\/uploads\/2025\/10\/Asset-32.png","width":433,"height":119,"caption":"Rutana - Ra\u0161tin\u0117s reikmenys"},"image":{"@id":"https:\/\/rutana.lt\/#\/schema\/logo\/image\/"},"sameAs":["https:\/\/www.facebook.com\/RutanaKanceliarinesPrekes\/"]}]}},"_links":{"self":[{"href":"https:\/\/rutana.lt\/en\/wp-json\/wp\/v2\/product\/13109","targetHints":{"allow":["GET"]}}],"collection":[{"href":"https:\/\/rutana.lt\/en\/wp-json\/wp\/v2\/product"}],"about":[{"href":"https:\/\/rutana.lt\/en\/wp-json\/wp\/v2\/types\/product"}],"replies":[{"embeddable":true,"href":"https:\/\/rutana.lt\/en\/wp-json\/wp\/v2\/comments?post=13109"}],"version-history":[{"count":1,"href":"https:\/\/rutana.lt\/en\/wp-json\/wp\/v2\/product\/13109\/revisions"}],"predecessor-version":[{"id":13150,"href":"https:\/\/rutana.lt\/en\/wp-json\/wp\/v2\/product\/13109\/revisions\/13150"}],"wp:featuredmedia":[{"embeddable":true,"href":"https:\/\/rutana.lt\/en\/wp-json\/wp\/v2\/media\/27990"}],"wp:attachment":[{"href":"https:\/\/rutana.lt\/en\/wp-json\/wp\/v2\/media?parent=13109"}],"wp:term":[{"taxonomy":"product_brand","embeddable":true,"href":"https:\/\/rutana.lt\/en\/wp-json\/wp\/v2\/product_brand?post=13109"},{"taxonomy":"product_cat","embeddable":true,"href":"https:\/\/rutana.lt\/en\/wp-json\/wp\/v2\/product_cat?post=13109"},{"taxonomy":"product_tag","embeddable":true,"href":"https:\/\/rutana.lt\/en\/wp-json\/wp\/v2\/product_tag?post=13109"}],"curies":[{"name":"wp","href":"https:\/\/api.w.org\/{rel}","templated":true}]}}