{"id":13036,"date":"2025-09-03T09:26:20","date_gmt":"2025-09-03T07:26:20","guid":{"rendered":"https:\/\/rutana.webdemo.lt\/?post_type=product&#038;p=13036"},"modified":"2025-10-13T15:43:15","modified_gmt":"2025-10-13T13:43:15","slug":"spalvoti-piestukai-su-trintuku-tita-carioca-24-spalvu-universal-42938","status":"publish","type":"product","link":"https:\/\/rutana.lt\/en\/product\/spalvoti-piestukai-su-trintuku-tita-carioca-24-spalvu-universal-42938\/","title":{"rendered":"Spalvoti pie\u0161tukai su trintuku TITA Carioca 24 spalv\u0173 Universal 42938"},"content":{"rendered":"<\/p>\n<ul style=\"list-style-image: url(\"ul.gif\"); list-style-type: circle; margin-bottom: 10px; margin-left: 18px; margin-top: 3px; line-height: 14pt; padding: 0px; color: rgb(74, 76, 63); font-family: arial; font-size: 13.3333px; font-style: normal; font-variant-ligatures: font-variant-caps: font-weight: 400; letter-spacing: orphans: 2; text-align: left; text-indent: text-transform: none; white-space: widows: word-spacing: -webkit-text-stroke-width: background-color: rgb(255, 255, 255); text-decoration-thickness: initial; text-decoration-style: text-decoration-color: initial;\"><\/ul>\n<\/p>\n<p style=\"margin: 0px; padding: 0px; text-decoration-thickness: initial; text-decoration-style: initial; text-decoration-color: initial;\">TITA &#8211; tai nauja <span style=\"line-height: 18.6667px;\">CARIOCA<\/span><span style=\"line-height: 18.6667px;\"> <\/span><span style=\"line-height: 14pt;\">spalvot\u0173 pie\u0161tuk\u0173<\/span><span style=\"line-height: 18.6667px;\"> <\/span><span style=\"line-height: 18.6667px;\">linija<\/span><span style=\"line-height: 14pt;\"> be medienos. Auk\u0161tos kokyb\u0117s spalvoti pie\u0161tukai pagaminti i\u0161 sintetin\u0117s med\u017eiagos. Tribriaunis korpusas, lengvai dro\u017eiami, su trintuku. Grafitas atsparus l\u016b\u017eiams ir skilimui. Grafito diametras 3.0 mm. Sodrios, ry\u0161kios spalvos. Parduodami kartonin\u0117je d\u0117\u017eut\u0117je.<\/span><\/p>\n<p style=\"margin: 0px; padding: 0px; text-decoration-thickness: initial; text-decoration-style: initial; text-decoration-color: initial;\"><span style=\"line-height: 14pt;\"><br \/><\/span><\/p>\n<p style=\"margin: 0px; padding: 0px; text-decoration-thickness: initial; text-decoration-style: initial; text-decoration-color: initial;\">Spalv\u0173 kiekis: 24<\/p>\n<p style=\"margin: 0px; padding: 0px; text-decoration-thickness: initial; text-decoration-style: initial; text-decoration-color: initial;\"><\/p>\n<p style=\"margin: 0px; padding: 0px; text-decoration-thickness: initial; text-decoration-style: initial; text-decoration-color: initial;\">Kilm\u0117s \u0161alis: Italija<\/p>\n<p><\/p>\n<\/p>\n<p><\/p>","protected":false},"excerpt":{"rendered":"<p>TITA &#8211; tai nauja CARIOCA spalvot\u0173 pie\u0161tuk\u0173 linija be medienos. Auk\u0161tos kokyb\u0117s spalvoti pie\u0161tukai pagaminti i\u0161 sintetin\u0117s med\u017eiagos. Tribriaunis korpusas, lengvai dro\u017eiami, su trintuku. Grafitas atsparus l\u016b\u017eiams ir skilimui. Grafito diametras 3.0 mm. Sodrios, ry\u0161kios spalvos. Parduodami kartonin\u0117je d\u0117\u017eut\u0117je. Spalv\u0173 kiekis: 24 Kilm\u0117s \u0161alis: Italija<\/p>","protected":false},"featured_media":27966,"comment_status":"open","ping_status":"closed","template":"","meta":{"_season_start":"","_season_end":"","_season_days":"","_season_months":"","_season_auto_visibility":""},"product_brand":[207],"product_cat":[1809],"product_tag":[],"class_list":{"0":"post-13036","1":"product","2":"type-product","3":"status-publish","4":"has-post-thumbnail","6":"product_brand-universal","7":"product_cat-spalvoti-piestukai","9":"first","10":"instock","11":"taxable","12":"shipping-taxable","13":"purchasable","14":"product-type-simple"},"yoast_head":"<!-- This site is optimized with the Yoast SEO plugin v27.4 - https:\/\/yoast.com\/product\/yoast-seo-wordpress\/ -->\n<title>Spalvoti pie\u0161tukai su trintuku TITA Carioca 24 spalv\u0173 Universal 42938 - Rutana - Ra\u0161tin\u0117s reikmenys<\/title>\n<meta name=\"robots\" content=\"index, follow, max-snippet:-1, max-image-preview:large, max-video-preview:-1\" \/>\n<link rel=\"canonical\" href=\"https:\/\/rutana.lt\/en\/product\/spalvoti-piestukai-su-trintuku-tita-carioca-24-spalvu-universal-42938\/\" \/>\n<meta property=\"og:locale\" content=\"en_US\" \/>\n<meta property=\"og:type\" content=\"article\" \/>\n<meta property=\"og:title\" content=\"Spalvoti pie\u0161tukai su trintuku TITA Carioca 24 spalv\u0173 Universal 42938 - Rutana - Ra\u0161tin\u0117s reikmenys\" \/>\n<meta property=\"og:description\" content=\"TITA &#8211; tai nauja CARIOCA spalvot\u0173 pie\u0161tuk\u0173 linija be medienos. Auk\u0161tos kokyb\u0117s spalvoti pie\u0161tukai pagaminti i\u0161 sintetin\u0117s med\u017eiagos. Tribriaunis korpusas, lengvai dro\u017eiami, su trintuku. Grafitas atsparus l\u016b\u017eiams ir skilimui. Grafito diametras 3.0 mm. Sodrios, ry\u0161kios spalvos. Parduodami kartonin\u0117je d\u0117\u017eut\u0117je. Spalv\u0173 kiekis: 24 Kilm\u0117s \u0161alis: Italija\" \/>\n<meta property=\"og:url\" content=\"https:\/\/rutana.lt\/en\/product\/spalvoti-piestukai-su-trintuku-tita-carioca-24-spalvu-universal-42938\/\" \/>\n<meta property=\"og:site_name\" content=\"Rutana - Ra\u0161tin\u0117s reikmenys\" \/>\n<meta property=\"article:publisher\" content=\"https:\/\/www.facebook.com\/RutanaKanceliarinesPrekes\/\" \/>\n<meta property=\"article:modified_time\" content=\"2025-10-13T13:43:15+00:00\" \/>\n<meta property=\"og:image\" content=\"https:\/\/rutana.lt\/wp-content\/uploads\/2025\/09\/C084-324.jpg\" \/>\n\t<meta property=\"og:image:width\" content=\"600\" \/>\n\t<meta property=\"og:image:height\" content=\"600\" \/>\n\t<meta property=\"og:image:type\" content=\"image\/jpeg\" \/>\n<meta name=\"twitter:card\" content=\"summary_large_image\" \/>\n<script type=\"application\/ld+json\" class=\"yoast-schema-graph\">{\"@context\":\"https:\\\/\\\/schema.org\",\"@graph\":[{\"@type\":\"WebPage\",\"@id\":\"https:\\\/\\\/rutana.lt\\\/produktas\\\/spalvoti-piestukai-su-trintuku-tita-carioca-24-spalvu-universal-42938\\\/\",\"url\":\"https:\\\/\\\/rutana.lt\\\/produktas\\\/spalvoti-piestukai-su-trintuku-tita-carioca-24-spalvu-universal-42938\\\/\",\"name\":\"Spalvoti pie\u0161tukai su trintuku TITA Carioca 24 spalv\u0173 Universal 42938 - Rutana - Ra\u0161tin\u0117s reikmenys\",\"isPartOf\":{\"@id\":\"https:\\\/\\\/rutana.lt\\\/#website\"},\"primaryImageOfPage\":{\"@id\":\"https:\\\/\\\/rutana.lt\\\/produktas\\\/spalvoti-piestukai-su-trintuku-tita-carioca-24-spalvu-universal-42938\\\/#primaryimage\"},\"image\":{\"@id\":\"https:\\\/\\\/rutana.lt\\\/produktas\\\/spalvoti-piestukai-su-trintuku-tita-carioca-24-spalvu-universal-42938\\\/#primaryimage\"},\"thumbnailUrl\":\"https:\\\/\\\/rutana.lt\\\/wp-content\\\/uploads\\\/2025\\\/09\\\/C084-324-1.jpg?v=1763619322\",\"datePublished\":\"2025-09-03T07:26:20+00:00\",\"dateModified\":\"2025-10-13T13:43:15+00:00\",\"breadcrumb\":{\"@id\":\"https:\\\/\\\/rutana.lt\\\/produktas\\\/spalvoti-piestukai-su-trintuku-tita-carioca-24-spalvu-universal-42938\\\/#breadcrumb\"},\"inLanguage\":\"en-US\",\"potentialAction\":[{\"@type\":\"ReadAction\",\"target\":[\"https:\\\/\\\/rutana.lt\\\/produktas\\\/spalvoti-piestukai-su-trintuku-tita-carioca-24-spalvu-universal-42938\\\/\"]}]},{\"@type\":\"ImageObject\",\"inLanguage\":\"en-US\",\"@id\":\"https:\\\/\\\/rutana.lt\\\/produktas\\\/spalvoti-piestukai-su-trintuku-tita-carioca-24-spalvu-universal-42938\\\/#primaryimage\",\"url\":\"https:\\\/\\\/rutana.lt\\\/wp-content\\\/uploads\\\/2025\\\/09\\\/C084-324-1.jpg?v=1763619322\",\"contentUrl\":\"https:\\\/\\\/rutana.lt\\\/wp-content\\\/uploads\\\/2025\\\/09\\\/C084-324-1.jpg?v=1763619322\",\"width\":600,\"height\":600},{\"@type\":\"BreadcrumbList\",\"@id\":\"https:\\\/\\\/rutana.lt\\\/produktas\\\/spalvoti-piestukai-su-trintuku-tita-carioca-24-spalvu-universal-42938\\\/#breadcrumb\",\"itemListElement\":[{\"@type\":\"ListItem\",\"position\":1,\"name\":\"Home\",\"item\":\"https:\\\/\\\/rutana.lt\\\/\"},{\"@type\":\"ListItem\",\"position\":2,\"name\":\"Parduotuv\u0117\",\"item\":\"https:\\\/\\\/rutana.lt\\\/parduotuve\\\/\"},{\"@type\":\"ListItem\",\"position\":3,\"name\":\"Spalvoti pie\u0161tukai su trintuku TITA Carioca 24 spalv\u0173 Universal 42938\"}]},{\"@type\":\"WebSite\",\"@id\":\"https:\\\/\\\/rutana.lt\\\/#website\",\"url\":\"https:\\\/\\\/rutana.lt\\\/\",\"name\":\"Rutana - Ra\u0161tin\u0117s reikmenys\",\"description\":\"Prekiaujame pasaulin\u0117je rinkoje pripa\u017eintomis, kokybi\u0161komis biuro prek\u0117mis toki\u0173  gamintoj\u0173 kaip: Schneider, Esselte, Novus, 3M, Faber-Castell, Citizen, Milan, Leitz, Colop, Zebra, Staedtler, Durable, Tork, Parker, Waterman ir kt.\",\"publisher\":{\"@id\":\"https:\\\/\\\/rutana.lt\\\/#organization\"},\"potentialAction\":[{\"@type\":\"SearchAction\",\"target\":{\"@type\":\"EntryPoint\",\"urlTemplate\":\"https:\\\/\\\/rutana.lt\\\/?s={search_term_string}\"},\"query-input\":{\"@type\":\"PropertyValueSpecification\",\"valueRequired\":true,\"valueName\":\"search_term_string\"}}],\"inLanguage\":\"en-US\"},{\"@type\":\"Organization\",\"@id\":\"https:\\\/\\\/rutana.lt\\\/#organization\",\"name\":\"Rutana - Ra\u0161tin\u0117s reikmenys\",\"url\":\"https:\\\/\\\/rutana.lt\\\/\",\"logo\":{\"@type\":\"ImageObject\",\"inLanguage\":\"en-US\",\"@id\":\"https:\\\/\\\/rutana.lt\\\/#\\\/schema\\\/logo\\\/image\\\/\",\"url\":\"https:\\\/\\\/rutana.lt\\\/wp-content\\\/uploads\\\/2025\\\/10\\\/Asset-32.png\",\"contentUrl\":\"https:\\\/\\\/rutana.lt\\\/wp-content\\\/uploads\\\/2025\\\/10\\\/Asset-32.png\",\"width\":433,\"height\":119,\"caption\":\"Rutana - Ra\u0161tin\u0117s reikmenys\"},\"image\":{\"@id\":\"https:\\\/\\\/rutana.lt\\\/#\\\/schema\\\/logo\\\/image\\\/\"},\"sameAs\":[\"https:\\\/\\\/www.facebook.com\\\/RutanaKanceliarinesPrekes\\\/\"]}]}<\/script>\n<!-- \/ Yoast SEO plugin. -->","yoast_head_json":{"title":"Spalvoti pie\u0161tukai su trintuku TITA Carioca 24 spalv\u0173 Universal 42938 - Rutana - Ra\u0161tin\u0117s reikmenys","robots":{"index":"index","follow":"follow","max-snippet":"max-snippet:-1","max-image-preview":"max-image-preview:large","max-video-preview":"max-video-preview:-1"},"canonical":"https:\/\/rutana.lt\/en\/product\/spalvoti-piestukai-su-trintuku-tita-carioca-24-spalvu-universal-42938\/","og_locale":"en_US","og_type":"article","og_title":"Spalvoti pie\u0161tukai su trintuku TITA Carioca 24 spalv\u0173 Universal 42938 - Rutana - Ra\u0161tin\u0117s reikmenys","og_description":"TITA &#8211; tai nauja CARIOCA spalvot\u0173 pie\u0161tuk\u0173 linija be medienos. Auk\u0161tos kokyb\u0117s spalvoti pie\u0161tukai pagaminti i\u0161 sintetin\u0117s med\u017eiagos. Tribriaunis korpusas, lengvai dro\u017eiami, su trintuku. Grafitas atsparus l\u016b\u017eiams ir skilimui. Grafito diametras 3.0 mm. Sodrios, ry\u0161kios spalvos. Parduodami kartonin\u0117je d\u0117\u017eut\u0117je. Spalv\u0173 kiekis: 24 Kilm\u0117s \u0161alis: Italija","og_url":"https:\/\/rutana.lt\/en\/product\/spalvoti-piestukai-su-trintuku-tita-carioca-24-spalvu-universal-42938\/","og_site_name":"Rutana - Ra\u0161tin\u0117s reikmenys","article_publisher":"https:\/\/www.facebook.com\/RutanaKanceliarinesPrekes\/","article_modified_time":"2025-10-13T13:43:15+00:00","og_image":[{"width":600,"height":600,"url":"https:\/\/rutana.lt\/wp-content\/uploads\/2025\/09\/C084-324.jpg","type":"image\/jpeg"}],"twitter_card":"summary_large_image","schema":{"@context":"https:\/\/schema.org","@graph":[{"@type":"WebPage","@id":"https:\/\/rutana.lt\/produktas\/spalvoti-piestukai-su-trintuku-tita-carioca-24-spalvu-universal-42938\/","url":"https:\/\/rutana.lt\/produktas\/spalvoti-piestukai-su-trintuku-tita-carioca-24-spalvu-universal-42938\/","name":"Spalvoti pie\u0161tukai su trintuku TITA Carioca 24 spalv\u0173 Universal 42938 - Rutana - Ra\u0161tin\u0117s reikmenys","isPartOf":{"@id":"https:\/\/rutana.lt\/#website"},"primaryImageOfPage":{"@id":"https:\/\/rutana.lt\/produktas\/spalvoti-piestukai-su-trintuku-tita-carioca-24-spalvu-universal-42938\/#primaryimage"},"image":{"@id":"https:\/\/rutana.lt\/produktas\/spalvoti-piestukai-su-trintuku-tita-carioca-24-spalvu-universal-42938\/#primaryimage"},"thumbnailUrl":"https:\/\/rutana.lt\/wp-content\/uploads\/2025\/09\/C084-324-1.jpg?v=1763619322","datePublished":"2025-09-03T07:26:20+00:00","dateModified":"2025-10-13T13:43:15+00:00","breadcrumb":{"@id":"https:\/\/rutana.lt\/produktas\/spalvoti-piestukai-su-trintuku-tita-carioca-24-spalvu-universal-42938\/#breadcrumb"},"inLanguage":"en-US","potentialAction":[{"@type":"ReadAction","target":["https:\/\/rutana.lt\/produktas\/spalvoti-piestukai-su-trintuku-tita-carioca-24-spalvu-universal-42938\/"]}]},{"@type":"ImageObject","inLanguage":"en-US","@id":"https:\/\/rutana.lt\/produktas\/spalvoti-piestukai-su-trintuku-tita-carioca-24-spalvu-universal-42938\/#primaryimage","url":"https:\/\/rutana.lt\/wp-content\/uploads\/2025\/09\/C084-324-1.jpg?v=1763619322","contentUrl":"https:\/\/rutana.lt\/wp-content\/uploads\/2025\/09\/C084-324-1.jpg?v=1763619322","width":600,"height":600},{"@type":"BreadcrumbList","@id":"https:\/\/rutana.lt\/produktas\/spalvoti-piestukai-su-trintuku-tita-carioca-24-spalvu-universal-42938\/#breadcrumb","itemListElement":[{"@type":"ListItem","position":1,"name":"Home","item":"https:\/\/rutana.lt\/"},{"@type":"ListItem","position":2,"name":"Parduotuv\u0117","item":"https:\/\/rutana.lt\/parduotuve\/"},{"@type":"ListItem","position":3,"name":"Spalvoti pie\u0161tukai su trintuku TITA Carioca 24 spalv\u0173 Universal 42938"}]},{"@type":"WebSite","@id":"https:\/\/rutana.lt\/#website","url":"https:\/\/rutana.lt\/","name":"Rutana - Ra\u0161tin\u0117s reikmenys","description":"Prekiaujame pasaulin\u0117je rinkoje pripa\u017eintomis, kokybi\u0161komis biuro prek\u0117mis toki\u0173  gamintoj\u0173 kaip: Schneider, Esselte, Novus, 3M, Faber-Castell, Citizen, Milan, Leitz, Colop, Zebra, Staedtler, Durable, Tork, Parker, Waterman ir kt.","publisher":{"@id":"https:\/\/rutana.lt\/#organization"},"potentialAction":[{"@type":"SearchAction","target":{"@type":"EntryPoint","urlTemplate":"https:\/\/rutana.lt\/?s={search_term_string}"},"query-input":{"@type":"PropertyValueSpecification","valueRequired":true,"valueName":"search_term_string"}}],"inLanguage":"en-US"},{"@type":"Organization","@id":"https:\/\/rutana.lt\/#organization","name":"Rutana - Ra\u0161tin\u0117s reikmenys","url":"https:\/\/rutana.lt\/","logo":{"@type":"ImageObject","inLanguage":"en-US","@id":"https:\/\/rutana.lt\/#\/schema\/logo\/image\/","url":"https:\/\/rutana.lt\/wp-content\/uploads\/2025\/10\/Asset-32.png","contentUrl":"https:\/\/rutana.lt\/wp-content\/uploads\/2025\/10\/Asset-32.png","width":433,"height":119,"caption":"Rutana - Ra\u0161tin\u0117s reikmenys"},"image":{"@id":"https:\/\/rutana.lt\/#\/schema\/logo\/image\/"},"sameAs":["https:\/\/www.facebook.com\/RutanaKanceliarinesPrekes\/"]}]}},"_links":{"self":[{"href":"https:\/\/rutana.lt\/en\/wp-json\/wp\/v2\/product\/13036","targetHints":{"allow":["GET"]}}],"collection":[{"href":"https:\/\/rutana.lt\/en\/wp-json\/wp\/v2\/product"}],"about":[{"href":"https:\/\/rutana.lt\/en\/wp-json\/wp\/v2\/types\/product"}],"replies":[{"embeddable":true,"href":"https:\/\/rutana.lt\/en\/wp-json\/wp\/v2\/comments?post=13036"}],"version-history":[{"count":1,"href":"https:\/\/rutana.lt\/en\/wp-json\/wp\/v2\/product\/13036\/revisions"}],"predecessor-version":[{"id":13076,"href":"https:\/\/rutana.lt\/en\/wp-json\/wp\/v2\/product\/13036\/revisions\/13076"}],"wp:featuredmedia":[{"embeddable":true,"href":"https:\/\/rutana.lt\/en\/wp-json\/wp\/v2\/media\/27966"}],"wp:attachment":[{"href":"https:\/\/rutana.lt\/en\/wp-json\/wp\/v2\/media?parent=13036"}],"wp:term":[{"taxonomy":"product_brand","embeddable":true,"href":"https:\/\/rutana.lt\/en\/wp-json\/wp\/v2\/product_brand?post=13036"},{"taxonomy":"product_cat","embeddable":true,"href":"https:\/\/rutana.lt\/en\/wp-json\/wp\/v2\/product_cat?post=13036"},{"taxonomy":"product_tag","embeddable":true,"href":"https:\/\/rutana.lt\/en\/wp-json\/wp\/v2\/product_tag?post=13036"}],"curies":[{"name":"wp","href":"https:\/\/api.w.org\/{rel}","templated":true}]}}