{"id":13030,"date":"2025-09-03T09:26:19","date_gmt":"2025-09-03T07:26:19","guid":{"rendered":"https:\/\/rutana.webdemo.lt\/?post_type=product&#038;p=13030"},"modified":"2025-10-13T15:43:12","modified_gmt":"2025-10-13T13:43:12","slug":"laikiklis-ranku-servetelems-aquarius-didelis-baltos-sp-kimberly-clark-6945","status":"publish","type":"product","link":"https:\/\/rutana.lt\/en\/product\/laikiklis-ranku-servetelems-aquarius-didelis-baltos-sp-kimberly-clark-6945\/","title":{"rendered":"Laikiklis rank\u0173 servet\u0117l\u0117ms Aquarius didelis baltos sp. Kimberly-Clark 6945"},"content":{"rendered":"<p>\u0160iuolaikinis, eleganti\u0161kas ir patogus dispenseris Aquarius nuo Kimberly-Clark sukurtas specialiai auk\u0161to higienos lygio palaikymui. Turi special\u0173 u\u017epildymo kontrol\u0117s langel\u012f. Taip pat dispenseryje yra \u012frengta patentuota apsauga nuo perpildymo ir pasl\u0117ptas u\u017esidarymo mechanizmas. \u0160iuolaikinis patrauklus dizainas. Ekonomi\u0161kas i\u0161davimas po 1 lapel\u012f. Ilgaam\u017ei\u0161kumas ir ekologi\u0161kumas \u2013 minimalus plastiko ir pakavimo med\u017eiag\u0173 panaudojimas, ma\u017eesnis transportavimo ma\u0161in\u0173 kiekis. Ypatingas dizainas neduoda purvui susirinkti ant korpuso pavir\u0161iaus. Baltas glotnus pavir\u0161ius ir atsparus d\u016b\u017eiams plastikas ABS. U\u017epildymui galima naudoti sulenktas \u0161luostes servet\u0117les Kleenex ir Scott, Z ir W lenkimo. Produktas yra sertifikuotas ISO9001 ir ISO14001.<\/p>\n<p>Laikiklio spalva: balta<\/p>\n<p>Laikiklio matmenys: 39.9 x 26.5 x 14<\/p>\n<p>Kilm\u0117s \u0161alis: Vokietija<\/p>\n<p><\/p>\n<p><iframe src=\"\/\/www.youtube.com\/embed\/COQEJixkltk\" width=\"640\" height=\"360\" frameborder=\"0\"><\/iframe><\/p>\n<p><\/p>\n<p><\/p>\n<p><\/p>\n<p><\/p>","protected":false},"excerpt":{"rendered":"<p>\u0160iuolaikinis, eleganti\u0161kas ir patogus dispenseris Aquarius nuo Kimberly-Clark sukurtas specialiai auk\u0161to higienos lygio palaikymui. Turi special\u0173 u\u017epildymo kontrol\u0117s langel\u012f. Taip pat dispenseryje yra \u012frengta patentuota apsauga nuo perpildymo ir pasl\u0117ptas u\u017esidarymo mechanizmas. \u0160iuolaikinis patrauklus dizainas. Ekonomi\u0161kas i\u0161davimas po 1 lapel\u012f. Ilgaam\u017ei\u0161kumas ir ekologi\u0161kumas \u2013 minimalus plastiko ir pakavimo med\u017eiag\u0173 panaudojimas, ma\u017eesnis transportavimo ma\u0161in\u0173 kiekis. Ypatingas [&hellip;]<\/p>","protected":false},"featured_media":27960,"comment_status":"open","ping_status":"closed","template":"","meta":{"_season_start":"","_season_end":"","_season_days":"","_season_months":"","_season_auto_visibility":""},"product_brand":[859],"product_cat":[1711],"product_tag":[],"class_list":{"0":"post-13030","1":"product","2":"type-product","3":"status-publish","4":"has-post-thumbnail","6":"product_brand-kimberly-clark","7":"product_cat-laikikliai-tualetiniam-popieriui-ir-ranksluosciams","9":"first","10":"instock","11":"taxable","12":"shipping-taxable","13":"purchasable","14":"product-type-simple"},"yoast_head":"<!-- This site is optimized with the Yoast SEO plugin v26.1.1 - https:\/\/yoast.com\/wordpress\/plugins\/seo\/ -->\n<title>Laikiklis rank\u0173 servet\u0117l\u0117ms Aquarius didelis baltos sp. Kimberly-Clark 6945 - Rutana - Ra\u0161tin\u0117s reikmenys<\/title>\n<meta name=\"robots\" content=\"index, follow, max-snippet:-1, max-image-preview:large, max-video-preview:-1\" \/>\n<link rel=\"canonical\" href=\"https:\/\/rutana.lt\/en\/product\/laikiklis-ranku-servetelems-aquarius-didelis-baltos-sp-kimberly-clark-6945\/\" \/>\n<meta property=\"og:locale\" content=\"en_US\" \/>\n<meta property=\"og:type\" content=\"article\" \/>\n<meta property=\"og:title\" content=\"Laikiklis rank\u0173 servet\u0117l\u0117ms Aquarius didelis baltos sp. Kimberly-Clark 6945 - Rutana - Ra\u0161tin\u0117s reikmenys\" \/>\n<meta property=\"og:description\" content=\"\u0160iuolaikinis, eleganti\u0161kas ir patogus dispenseris Aquarius nuo Kimberly-Clark sukurtas specialiai auk\u0161to higienos lygio palaikymui. Turi special\u0173 u\u017epildymo kontrol\u0117s langel\u012f. Taip pat dispenseryje yra \u012frengta patentuota apsauga nuo perpildymo ir pasl\u0117ptas u\u017esidarymo mechanizmas. \u0160iuolaikinis patrauklus dizainas. Ekonomi\u0161kas i\u0161davimas po 1 lapel\u012f. Ilgaam\u017ei\u0161kumas ir ekologi\u0161kumas \u2013 minimalus plastiko ir pakavimo med\u017eiag\u0173 panaudojimas, ma\u017eesnis transportavimo ma\u0161in\u0173 kiekis. Ypatingas [&hellip;]\" \/>\n<meta property=\"og:url\" content=\"https:\/\/rutana.lt\/en\/product\/laikiklis-ranku-servetelems-aquarius-didelis-baltos-sp-kimberly-clark-6945\/\" \/>\n<meta property=\"og:site_name\" content=\"Rutana - Ra\u0161tin\u0117s reikmenys\" \/>\n<meta property=\"article:publisher\" content=\"https:\/\/www.facebook.com\/RutanaKanceliarinesPrekes\/\" \/>\n<meta property=\"article:modified_time\" content=\"2025-10-13T13:43:12+00:00\" \/>\n<meta property=\"og:image\" content=\"https:\/\/rutana.lt\/wp-content\/uploads\/2025\/09\/B046-940.jpg\" \/>\n\t<meta property=\"og:image:width\" content=\"600\" \/>\n\t<meta property=\"og:image:height\" content=\"504\" \/>\n\t<meta property=\"og:image:type\" content=\"image\/jpeg\" \/>\n<meta name=\"twitter:card\" content=\"summary_large_image\" \/>\n<meta name=\"twitter:label1\" content=\"Est. reading time\" \/>\n\t<meta name=\"twitter:data1\" content=\"1 minute\" \/>\n<script type=\"application\/ld+json\" class=\"yoast-schema-graph\">{\"@context\":\"https:\/\/schema.org\",\"@graph\":[{\"@type\":\"WebPage\",\"@id\":\"https:\/\/rutana.lt\/produktas\/laikiklis-ranku-servetelems-aquarius-didelis-baltos-sp-kimberly-clark-6945\/\",\"url\":\"https:\/\/rutana.lt\/produktas\/laikiklis-ranku-servetelems-aquarius-didelis-baltos-sp-kimberly-clark-6945\/\",\"name\":\"Laikiklis rank\u0173 servet\u0117l\u0117ms Aquarius didelis baltos sp. Kimberly-Clark 6945 - Rutana - Ra\u0161tin\u0117s reikmenys\",\"isPartOf\":{\"@id\":\"https:\/\/rutana.lt\/#website\"},\"primaryImageOfPage\":{\"@id\":\"https:\/\/rutana.lt\/produktas\/laikiklis-ranku-servetelems-aquarius-didelis-baltos-sp-kimberly-clark-6945\/#primaryimage\"},\"image\":{\"@id\":\"https:\/\/rutana.lt\/produktas\/laikiklis-ranku-servetelems-aquarius-didelis-baltos-sp-kimberly-clark-6945\/#primaryimage\"},\"thumbnailUrl\":\"https:\/\/rutana.lt\/wp-content\/uploads\/2025\/09\/B046-940-2.jpg?v=1763619329\",\"datePublished\":\"2025-09-03T07:26:19+00:00\",\"dateModified\":\"2025-10-13T13:43:12+00:00\",\"breadcrumb\":{\"@id\":\"https:\/\/rutana.lt\/produktas\/laikiklis-ranku-servetelems-aquarius-didelis-baltos-sp-kimberly-clark-6945\/#breadcrumb\"},\"inLanguage\":\"en-US\",\"potentialAction\":[{\"@type\":\"ReadAction\",\"target\":[\"https:\/\/rutana.lt\/produktas\/laikiklis-ranku-servetelems-aquarius-didelis-baltos-sp-kimberly-clark-6945\/\"]}]},{\"@type\":\"ImageObject\",\"inLanguage\":\"en-US\",\"@id\":\"https:\/\/rutana.lt\/produktas\/laikiklis-ranku-servetelems-aquarius-didelis-baltos-sp-kimberly-clark-6945\/#primaryimage\",\"url\":\"https:\/\/rutana.lt\/wp-content\/uploads\/2025\/09\/B046-940-2.jpg?v=1763619329\",\"contentUrl\":\"https:\/\/rutana.lt\/wp-content\/uploads\/2025\/09\/B046-940-2.jpg?v=1763619329\",\"width\":600,\"height\":504},{\"@type\":\"BreadcrumbList\",\"@id\":\"https:\/\/rutana.lt\/produktas\/laikiklis-ranku-servetelems-aquarius-didelis-baltos-sp-kimberly-clark-6945\/#breadcrumb\",\"itemListElement\":[{\"@type\":\"ListItem\",\"position\":1,\"name\":\"Home\",\"item\":\"https:\/\/rutana.lt\/\"},{\"@type\":\"ListItem\",\"position\":2,\"name\":\"Parduotuv\u0117\",\"item\":\"https:\/\/rutana.lt\/parduotuve\/\"},{\"@type\":\"ListItem\",\"position\":3,\"name\":\"Laikiklis rank\u0173 servet\u0117l\u0117ms Aquarius didelis baltos sp. Kimberly-Clark 6945\"}]},{\"@type\":\"WebSite\",\"@id\":\"https:\/\/rutana.lt\/#website\",\"url\":\"https:\/\/rutana.lt\/\",\"name\":\"Rutana - Ra\u0161tin\u0117s reikmenys\",\"description\":\"Prekiaujame pasaulin\u0117je rinkoje pripa\u017eintomis, kokybi\u0161komis biuro prek\u0117mis toki\u0173  gamintoj\u0173 kaip: Schneider, Esselte, Novus, 3M, Faber-Castell, Citizen, Milan, Leitz, Colop, Zebra, Staedtler, Durable, Tork, Parker, Waterman ir kt.\",\"publisher\":{\"@id\":\"https:\/\/rutana.lt\/#organization\"},\"potentialAction\":[{\"@type\":\"SearchAction\",\"target\":{\"@type\":\"EntryPoint\",\"urlTemplate\":\"https:\/\/rutana.lt\/?s={search_term_string}\"},\"query-input\":{\"@type\":\"PropertyValueSpecification\",\"valueRequired\":true,\"valueName\":\"search_term_string\"}}],\"inLanguage\":\"en-US\"},{\"@type\":\"Organization\",\"@id\":\"https:\/\/rutana.lt\/#organization\",\"name\":\"Rutana - Ra\u0161tin\u0117s reikmenys\",\"url\":\"https:\/\/rutana.lt\/\",\"logo\":{\"@type\":\"ImageObject\",\"inLanguage\":\"en-US\",\"@id\":\"https:\/\/rutana.lt\/#\/schema\/logo\/image\/\",\"url\":\"https:\/\/rutana.lt\/wp-content\/uploads\/2025\/10\/Asset-32.png\",\"contentUrl\":\"https:\/\/rutana.lt\/wp-content\/uploads\/2025\/10\/Asset-32.png\",\"width\":433,\"height\":119,\"caption\":\"Rutana - Ra\u0161tin\u0117s reikmenys\"},\"image\":{\"@id\":\"https:\/\/rutana.lt\/#\/schema\/logo\/image\/\"},\"sameAs\":[\"https:\/\/www.facebook.com\/RutanaKanceliarinesPrekes\/\"]}]}<\/script>\n<!-- \/ Yoast SEO plugin. -->","yoast_head_json":{"title":"Laikiklis rank\u0173 servet\u0117l\u0117ms Aquarius didelis baltos sp. Kimberly-Clark 6945 - Rutana - Ra\u0161tin\u0117s reikmenys","robots":{"index":"index","follow":"follow","max-snippet":"max-snippet:-1","max-image-preview":"max-image-preview:large","max-video-preview":"max-video-preview:-1"},"canonical":"https:\/\/rutana.lt\/en\/product\/laikiklis-ranku-servetelems-aquarius-didelis-baltos-sp-kimberly-clark-6945\/","og_locale":"en_US","og_type":"article","og_title":"Laikiklis rank\u0173 servet\u0117l\u0117ms Aquarius didelis baltos sp. Kimberly-Clark 6945 - Rutana - Ra\u0161tin\u0117s reikmenys","og_description":"\u0160iuolaikinis, eleganti\u0161kas ir patogus dispenseris Aquarius nuo Kimberly-Clark sukurtas specialiai auk\u0161to higienos lygio palaikymui. Turi special\u0173 u\u017epildymo kontrol\u0117s langel\u012f. Taip pat dispenseryje yra \u012frengta patentuota apsauga nuo perpildymo ir pasl\u0117ptas u\u017esidarymo mechanizmas. \u0160iuolaikinis patrauklus dizainas. Ekonomi\u0161kas i\u0161davimas po 1 lapel\u012f. Ilgaam\u017ei\u0161kumas ir ekologi\u0161kumas \u2013 minimalus plastiko ir pakavimo med\u017eiag\u0173 panaudojimas, ma\u017eesnis transportavimo ma\u0161in\u0173 kiekis. Ypatingas [&hellip;]","og_url":"https:\/\/rutana.lt\/en\/product\/laikiklis-ranku-servetelems-aquarius-didelis-baltos-sp-kimberly-clark-6945\/","og_site_name":"Rutana - Ra\u0161tin\u0117s reikmenys","article_publisher":"https:\/\/www.facebook.com\/RutanaKanceliarinesPrekes\/","article_modified_time":"2025-10-13T13:43:12+00:00","og_image":[{"width":600,"height":504,"url":"https:\/\/rutana.lt\/wp-content\/uploads\/2025\/09\/B046-940.jpg","type":"image\/jpeg"}],"twitter_card":"summary_large_image","twitter_misc":{"Est. reading time":"1 minute"},"schema":{"@context":"https:\/\/schema.org","@graph":[{"@type":"WebPage","@id":"https:\/\/rutana.lt\/produktas\/laikiklis-ranku-servetelems-aquarius-didelis-baltos-sp-kimberly-clark-6945\/","url":"https:\/\/rutana.lt\/produktas\/laikiklis-ranku-servetelems-aquarius-didelis-baltos-sp-kimberly-clark-6945\/","name":"Laikiklis rank\u0173 servet\u0117l\u0117ms Aquarius didelis baltos sp. Kimberly-Clark 6945 - Rutana - Ra\u0161tin\u0117s reikmenys","isPartOf":{"@id":"https:\/\/rutana.lt\/#website"},"primaryImageOfPage":{"@id":"https:\/\/rutana.lt\/produktas\/laikiklis-ranku-servetelems-aquarius-didelis-baltos-sp-kimberly-clark-6945\/#primaryimage"},"image":{"@id":"https:\/\/rutana.lt\/produktas\/laikiklis-ranku-servetelems-aquarius-didelis-baltos-sp-kimberly-clark-6945\/#primaryimage"},"thumbnailUrl":"https:\/\/rutana.lt\/wp-content\/uploads\/2025\/09\/B046-940-2.jpg?v=1763619329","datePublished":"2025-09-03T07:26:19+00:00","dateModified":"2025-10-13T13:43:12+00:00","breadcrumb":{"@id":"https:\/\/rutana.lt\/produktas\/laikiklis-ranku-servetelems-aquarius-didelis-baltos-sp-kimberly-clark-6945\/#breadcrumb"},"inLanguage":"en-US","potentialAction":[{"@type":"ReadAction","target":["https:\/\/rutana.lt\/produktas\/laikiklis-ranku-servetelems-aquarius-didelis-baltos-sp-kimberly-clark-6945\/"]}]},{"@type":"ImageObject","inLanguage":"en-US","@id":"https:\/\/rutana.lt\/produktas\/laikiklis-ranku-servetelems-aquarius-didelis-baltos-sp-kimberly-clark-6945\/#primaryimage","url":"https:\/\/rutana.lt\/wp-content\/uploads\/2025\/09\/B046-940-2.jpg?v=1763619329","contentUrl":"https:\/\/rutana.lt\/wp-content\/uploads\/2025\/09\/B046-940-2.jpg?v=1763619329","width":600,"height":504},{"@type":"BreadcrumbList","@id":"https:\/\/rutana.lt\/produktas\/laikiklis-ranku-servetelems-aquarius-didelis-baltos-sp-kimberly-clark-6945\/#breadcrumb","itemListElement":[{"@type":"ListItem","position":1,"name":"Home","item":"https:\/\/rutana.lt\/"},{"@type":"ListItem","position":2,"name":"Parduotuv\u0117","item":"https:\/\/rutana.lt\/parduotuve\/"},{"@type":"ListItem","position":3,"name":"Laikiklis rank\u0173 servet\u0117l\u0117ms Aquarius didelis baltos sp. Kimberly-Clark 6945"}]},{"@type":"WebSite","@id":"https:\/\/rutana.lt\/#website","url":"https:\/\/rutana.lt\/","name":"Rutana - Ra\u0161tin\u0117s reikmenys","description":"Prekiaujame pasaulin\u0117je rinkoje pripa\u017eintomis, kokybi\u0161komis biuro prek\u0117mis toki\u0173  gamintoj\u0173 kaip: Schneider, Esselte, Novus, 3M, Faber-Castell, Citizen, Milan, Leitz, Colop, Zebra, Staedtler, Durable, Tork, Parker, Waterman ir kt.","publisher":{"@id":"https:\/\/rutana.lt\/#organization"},"potentialAction":[{"@type":"SearchAction","target":{"@type":"EntryPoint","urlTemplate":"https:\/\/rutana.lt\/?s={search_term_string}"},"query-input":{"@type":"PropertyValueSpecification","valueRequired":true,"valueName":"search_term_string"}}],"inLanguage":"en-US"},{"@type":"Organization","@id":"https:\/\/rutana.lt\/#organization","name":"Rutana - Ra\u0161tin\u0117s reikmenys","url":"https:\/\/rutana.lt\/","logo":{"@type":"ImageObject","inLanguage":"en-US","@id":"https:\/\/rutana.lt\/#\/schema\/logo\/image\/","url":"https:\/\/rutana.lt\/wp-content\/uploads\/2025\/10\/Asset-32.png","contentUrl":"https:\/\/rutana.lt\/wp-content\/uploads\/2025\/10\/Asset-32.png","width":433,"height":119,"caption":"Rutana - Ra\u0161tin\u0117s reikmenys"},"image":{"@id":"https:\/\/rutana.lt\/#\/schema\/logo\/image\/"},"sameAs":["https:\/\/www.facebook.com\/RutanaKanceliarinesPrekes\/"]}]}},"_links":{"self":[{"href":"https:\/\/rutana.lt\/en\/wp-json\/wp\/v2\/product\/13030","targetHints":{"allow":["GET"]}}],"collection":[{"href":"https:\/\/rutana.lt\/en\/wp-json\/wp\/v2\/product"}],"about":[{"href":"https:\/\/rutana.lt\/en\/wp-json\/wp\/v2\/types\/product"}],"replies":[{"embeddable":true,"href":"https:\/\/rutana.lt\/en\/wp-json\/wp\/v2\/comments?post=13030"}],"version-history":[{"count":1,"href":"https:\/\/rutana.lt\/en\/wp-json\/wp\/v2\/product\/13030\/revisions"}],"predecessor-version":[{"id":13064,"href":"https:\/\/rutana.lt\/en\/wp-json\/wp\/v2\/product\/13030\/revisions\/13064"}],"wp:featuredmedia":[{"embeddable":true,"href":"https:\/\/rutana.lt\/en\/wp-json\/wp\/v2\/media\/27960"}],"wp:attachment":[{"href":"https:\/\/rutana.lt\/en\/wp-json\/wp\/v2\/media?parent=13030"}],"wp:term":[{"taxonomy":"product_brand","embeddable":true,"href":"https:\/\/rutana.lt\/en\/wp-json\/wp\/v2\/product_brand?post=13030"},{"taxonomy":"product_cat","embeddable":true,"href":"https:\/\/rutana.lt\/en\/wp-json\/wp\/v2\/product_cat?post=13030"},{"taxonomy":"product_tag","embeddable":true,"href":"https:\/\/rutana.lt\/en\/wp-json\/wp\/v2\/product_tag?post=13030"}],"curies":[{"name":"wp","href":"https:\/\/api.w.org\/{rel}","templated":true}]}}