{"id":12981,"date":"2025-09-03T09:25:56","date_gmt":"2025-09-03T07:25:56","guid":{"rendered":"https:\/\/rutana.webdemo.lt\/?post_type=product&#038;p=12981"},"modified":"2025-10-13T15:43:10","modified_gmt":"2025-10-13T13:43:10","slug":"kasete-rasaliniam-spausdintuvui-pg-50-juoda-canon","status":"publish","type":"product","link":"https:\/\/rutana.lt\/en\/product\/kasete-rasaliniam-spausdintuvui-pg-50-juoda-canon\/","title":{"rendered":"Kaset\u0117 ra\u0161aliniam spausdintuvui PG-50 juoda Canon"},"content":{"rendered":"<p style=\"margin-bottom: 10px; line-height: 1.8;\">Originali Canon kaset\u0117, kuri veikia nepriekai\u0161tingai. M\u0117gaukit\u0117s i\u0161skirtine spausdinimo kokybe naudodami originalias Canon kasetes. \u012esp\u016bdingo spausdinimo ry\u0161kumo ir ma\u017eos kainos u\u017e puslap\u012f santykio d\u0117ka Canon kaset\u0117 yra puikus sprendimas nam\u0173 vartotojams ir \u012fmon\u0117ms, kurios reguliariai spausdina. <br \/>Tinka spausdintuvams: Canon PIXMA MX300, FAX-JX210P, PowerShot A530\/PIXMA MP460 Combo, PIXMA MP460, PIXMA MP180, PIXMA MX310, PIXMA MP450, PIXMA MX300, PIXMA MP170, PIXMA MP160, PIXMA MP150.<br \/>Kaset\u0117s talpa: 22 ml<br \/>Spalva: juoda<br \/>Spausdinimo technologija: ra\u0161alinis<br \/>Puslapi\u0173 skai\u010dius: 545<br \/>Gamintojo kodas: 0616B001<br \/>Gamintojas: Canon<\/p>\n<p style=\"margin-bottom: 10px;\">\n<div style=\"box-sizing: border-box; orphans: 2; text-align: start; text-indent: 0px; widows: 2; text-decoration-thickness: initial; text-decoration-style: initial; text-decoration-color: initial;\"><\/div>\n<\/p>\n<div style=\"\">\n<p style=\"margin-bottom: 10px;\"><br style=\"color: rgb(0, 0, 0); font-size: 14px;\"><\/p>\n<\/div>","protected":false},"excerpt":{"rendered":"<p>Originali Canon kaset\u0117, kuri veikia nepriekai\u0161tingai. M\u0117gaukit\u0117s i\u0161skirtine spausdinimo kokybe naudodami originalias Canon kasetes. \u012esp\u016bdingo spausdinimo ry\u0161kumo ir ma\u017eos kainos u\u017e puslap\u012f santykio d\u0117ka Canon kaset\u0117 yra puikus sprendimas nam\u0173 vartotojams ir \u012fmon\u0117ms, kurios reguliariai spausdina. Tinka spausdintuvams: Canon PIXMA MX300, FAX-JX210P, PowerShot A530\/PIXMA MP460 Combo, PIXMA MP460, PIXMA MP180, PIXMA MX310, PIXMA MP450, PIXMA [&hellip;]<\/p>","protected":false},"featured_media":27957,"comment_status":"open","ping_status":"closed","template":"","meta":{"_season_start":"","_season_end":"","_season_days":"","_season_months":"","_season_auto_visibility":""},"product_brand":[514],"product_cat":[1886],"product_tag":[],"class_list":{"0":"post-12981","1":"product","2":"type-product","3":"status-publish","4":"has-post-thumbnail","6":"product_brand-canon","7":"product_cat-originalios-kasetes-rasaliniams-spausdintuvams","9":"first","10":"instock","11":"taxable","12":"shipping-taxable","13":"purchasable","14":"product-type-simple"},"yoast_head":"<!-- This site is optimized with the Yoast SEO plugin v26.1.1 - https:\/\/yoast.com\/wordpress\/plugins\/seo\/ -->\n<title>Kaset\u0117 ra\u0161aliniam spausdintuvui PG-50 juoda Canon - Rutana - Ra\u0161tin\u0117s reikmenys<\/title>\n<meta name=\"robots\" content=\"index, follow, max-snippet:-1, max-image-preview:large, max-video-preview:-1\" \/>\n<link rel=\"canonical\" href=\"https:\/\/rutana.lt\/en\/product\/kasete-rasaliniam-spausdintuvui-pg-50-juoda-canon\/\" \/>\n<meta property=\"og:locale\" content=\"en_US\" \/>\n<meta property=\"og:type\" content=\"article\" \/>\n<meta property=\"og:title\" content=\"Kaset\u0117 ra\u0161aliniam spausdintuvui PG-50 juoda Canon - Rutana - Ra\u0161tin\u0117s reikmenys\" \/>\n<meta property=\"og:description\" content=\"Originali Canon kaset\u0117, kuri veikia nepriekai\u0161tingai. M\u0117gaukit\u0117s i\u0161skirtine spausdinimo kokybe naudodami originalias Canon kasetes. \u012esp\u016bdingo spausdinimo ry\u0161kumo ir ma\u017eos kainos u\u017e puslap\u012f santykio d\u0117ka Canon kaset\u0117 yra puikus sprendimas nam\u0173 vartotojams ir \u012fmon\u0117ms, kurios reguliariai spausdina. Tinka spausdintuvams: Canon PIXMA MX300, FAX-JX210P, PowerShot A530\/PIXMA MP460 Combo, PIXMA MP460, PIXMA MP180, PIXMA MX310, PIXMA MP450, PIXMA [&hellip;]\" \/>\n<meta property=\"og:url\" content=\"https:\/\/rutana.lt\/en\/product\/kasete-rasaliniam-spausdintuvui-pg-50-juoda-canon\/\" \/>\n<meta property=\"og:site_name\" content=\"Rutana - Ra\u0161tin\u0117s reikmenys\" \/>\n<meta property=\"article:publisher\" content=\"https:\/\/www.facebook.com\/RutanaKanceliarinesPrekes\/\" \/>\n<meta property=\"article:modified_time\" content=\"2025-10-13T13:43:10+00:00\" \/>\n<meta property=\"og:image\" content=\"https:\/\/rutana.lt\/wp-content\/uploads\/2025\/09\/B032-240.jpg\" \/>\n\t<meta property=\"og:image:width\" content=\"428\" \/>\n\t<meta property=\"og:image:height\" content=\"500\" \/>\n\t<meta property=\"og:image:type\" content=\"image\/jpeg\" \/>\n<meta name=\"twitter:card\" content=\"summary_large_image\" \/>\n<script type=\"application\/ld+json\" class=\"yoast-schema-graph\">{\"@context\":\"https:\/\/schema.org\",\"@graph\":[{\"@type\":\"WebPage\",\"@id\":\"https:\/\/rutana.lt\/produktas\/kasete-rasaliniam-spausdintuvui-pg-50-juoda-canon\/\",\"url\":\"https:\/\/rutana.lt\/produktas\/kasete-rasaliniam-spausdintuvui-pg-50-juoda-canon\/\",\"name\":\"Kaset\u0117 ra\u0161aliniam spausdintuvui PG-50 juoda Canon - Rutana - Ra\u0161tin\u0117s reikmenys\",\"isPartOf\":{\"@id\":\"https:\/\/rutana.lt\/#website\"},\"primaryImageOfPage\":{\"@id\":\"https:\/\/rutana.lt\/produktas\/kasete-rasaliniam-spausdintuvui-pg-50-juoda-canon\/#primaryimage\"},\"image\":{\"@id\":\"https:\/\/rutana.lt\/produktas\/kasete-rasaliniam-spausdintuvui-pg-50-juoda-canon\/#primaryimage\"},\"thumbnailUrl\":\"https:\/\/rutana.lt\/wp-content\/uploads\/2025\/09\/B032-240-1.jpg?v=1763619334\",\"datePublished\":\"2025-09-03T07:25:56+00:00\",\"dateModified\":\"2025-10-13T13:43:10+00:00\",\"breadcrumb\":{\"@id\":\"https:\/\/rutana.lt\/produktas\/kasete-rasaliniam-spausdintuvui-pg-50-juoda-canon\/#breadcrumb\"},\"inLanguage\":\"en-US\",\"potentialAction\":[{\"@type\":\"ReadAction\",\"target\":[\"https:\/\/rutana.lt\/produktas\/kasete-rasaliniam-spausdintuvui-pg-50-juoda-canon\/\"]}]},{\"@type\":\"ImageObject\",\"inLanguage\":\"en-US\",\"@id\":\"https:\/\/rutana.lt\/produktas\/kasete-rasaliniam-spausdintuvui-pg-50-juoda-canon\/#primaryimage\",\"url\":\"https:\/\/rutana.lt\/wp-content\/uploads\/2025\/09\/B032-240-1.jpg?v=1763619334\",\"contentUrl\":\"https:\/\/rutana.lt\/wp-content\/uploads\/2025\/09\/B032-240-1.jpg?v=1763619334\",\"width\":428,\"height\":500},{\"@type\":\"BreadcrumbList\",\"@id\":\"https:\/\/rutana.lt\/produktas\/kasete-rasaliniam-spausdintuvui-pg-50-juoda-canon\/#breadcrumb\",\"itemListElement\":[{\"@type\":\"ListItem\",\"position\":1,\"name\":\"Home\",\"item\":\"https:\/\/rutana.lt\/\"},{\"@type\":\"ListItem\",\"position\":2,\"name\":\"Parduotuv\u0117\",\"item\":\"https:\/\/rutana.lt\/parduotuve\/\"},{\"@type\":\"ListItem\",\"position\":3,\"name\":\"Kaset\u0117 ra\u0161aliniam spausdintuvui PG-50 juoda Canon\"}]},{\"@type\":\"WebSite\",\"@id\":\"https:\/\/rutana.lt\/#website\",\"url\":\"https:\/\/rutana.lt\/\",\"name\":\"Rutana - Ra\u0161tin\u0117s reikmenys\",\"description\":\"Prekiaujame pasaulin\u0117je rinkoje pripa\u017eintomis, kokybi\u0161komis biuro prek\u0117mis toki\u0173  gamintoj\u0173 kaip: Schneider, Esselte, Novus, 3M, Faber-Castell, Citizen, Milan, Leitz, Colop, Zebra, Staedtler, Durable, Tork, Parker, Waterman ir kt.\",\"publisher\":{\"@id\":\"https:\/\/rutana.lt\/#organization\"},\"potentialAction\":[{\"@type\":\"SearchAction\",\"target\":{\"@type\":\"EntryPoint\",\"urlTemplate\":\"https:\/\/rutana.lt\/?s={search_term_string}\"},\"query-input\":{\"@type\":\"PropertyValueSpecification\",\"valueRequired\":true,\"valueName\":\"search_term_string\"}}],\"inLanguage\":\"en-US\"},{\"@type\":\"Organization\",\"@id\":\"https:\/\/rutana.lt\/#organization\",\"name\":\"Rutana - Ra\u0161tin\u0117s reikmenys\",\"url\":\"https:\/\/rutana.lt\/\",\"logo\":{\"@type\":\"ImageObject\",\"inLanguage\":\"en-US\",\"@id\":\"https:\/\/rutana.lt\/#\/schema\/logo\/image\/\",\"url\":\"https:\/\/rutana.lt\/wp-content\/uploads\/2025\/10\/Asset-32.png\",\"contentUrl\":\"https:\/\/rutana.lt\/wp-content\/uploads\/2025\/10\/Asset-32.png\",\"width\":433,\"height\":119,\"caption\":\"Rutana - Ra\u0161tin\u0117s reikmenys\"},\"image\":{\"@id\":\"https:\/\/rutana.lt\/#\/schema\/logo\/image\/\"},\"sameAs\":[\"https:\/\/www.facebook.com\/RutanaKanceliarinesPrekes\/\"]}]}<\/script>\n<!-- \/ Yoast SEO plugin. -->","yoast_head_json":{"title":"Kaset\u0117 ra\u0161aliniam spausdintuvui PG-50 juoda Canon - Rutana - Ra\u0161tin\u0117s reikmenys","robots":{"index":"index","follow":"follow","max-snippet":"max-snippet:-1","max-image-preview":"max-image-preview:large","max-video-preview":"max-video-preview:-1"},"canonical":"https:\/\/rutana.lt\/en\/product\/kasete-rasaliniam-spausdintuvui-pg-50-juoda-canon\/","og_locale":"en_US","og_type":"article","og_title":"Kaset\u0117 ra\u0161aliniam spausdintuvui PG-50 juoda Canon - Rutana - Ra\u0161tin\u0117s reikmenys","og_description":"Originali Canon kaset\u0117, kuri veikia nepriekai\u0161tingai. M\u0117gaukit\u0117s i\u0161skirtine spausdinimo kokybe naudodami originalias Canon kasetes. \u012esp\u016bdingo spausdinimo ry\u0161kumo ir ma\u017eos kainos u\u017e puslap\u012f santykio d\u0117ka Canon kaset\u0117 yra puikus sprendimas nam\u0173 vartotojams ir \u012fmon\u0117ms, kurios reguliariai spausdina. Tinka spausdintuvams: Canon PIXMA MX300, FAX-JX210P, PowerShot A530\/PIXMA MP460 Combo, PIXMA MP460, PIXMA MP180, PIXMA MX310, PIXMA MP450, PIXMA [&hellip;]","og_url":"https:\/\/rutana.lt\/en\/product\/kasete-rasaliniam-spausdintuvui-pg-50-juoda-canon\/","og_site_name":"Rutana - Ra\u0161tin\u0117s reikmenys","article_publisher":"https:\/\/www.facebook.com\/RutanaKanceliarinesPrekes\/","article_modified_time":"2025-10-13T13:43:10+00:00","og_image":[{"width":428,"height":500,"url":"https:\/\/rutana.lt\/wp-content\/uploads\/2025\/09\/B032-240.jpg","type":"image\/jpeg"}],"twitter_card":"summary_large_image","schema":{"@context":"https:\/\/schema.org","@graph":[{"@type":"WebPage","@id":"https:\/\/rutana.lt\/produktas\/kasete-rasaliniam-spausdintuvui-pg-50-juoda-canon\/","url":"https:\/\/rutana.lt\/produktas\/kasete-rasaliniam-spausdintuvui-pg-50-juoda-canon\/","name":"Kaset\u0117 ra\u0161aliniam spausdintuvui PG-50 juoda Canon - Rutana - Ra\u0161tin\u0117s reikmenys","isPartOf":{"@id":"https:\/\/rutana.lt\/#website"},"primaryImageOfPage":{"@id":"https:\/\/rutana.lt\/produktas\/kasete-rasaliniam-spausdintuvui-pg-50-juoda-canon\/#primaryimage"},"image":{"@id":"https:\/\/rutana.lt\/produktas\/kasete-rasaliniam-spausdintuvui-pg-50-juoda-canon\/#primaryimage"},"thumbnailUrl":"https:\/\/rutana.lt\/wp-content\/uploads\/2025\/09\/B032-240-1.jpg?v=1763619334","datePublished":"2025-09-03T07:25:56+00:00","dateModified":"2025-10-13T13:43:10+00:00","breadcrumb":{"@id":"https:\/\/rutana.lt\/produktas\/kasete-rasaliniam-spausdintuvui-pg-50-juoda-canon\/#breadcrumb"},"inLanguage":"en-US","potentialAction":[{"@type":"ReadAction","target":["https:\/\/rutana.lt\/produktas\/kasete-rasaliniam-spausdintuvui-pg-50-juoda-canon\/"]}]},{"@type":"ImageObject","inLanguage":"en-US","@id":"https:\/\/rutana.lt\/produktas\/kasete-rasaliniam-spausdintuvui-pg-50-juoda-canon\/#primaryimage","url":"https:\/\/rutana.lt\/wp-content\/uploads\/2025\/09\/B032-240-1.jpg?v=1763619334","contentUrl":"https:\/\/rutana.lt\/wp-content\/uploads\/2025\/09\/B032-240-1.jpg?v=1763619334","width":428,"height":500},{"@type":"BreadcrumbList","@id":"https:\/\/rutana.lt\/produktas\/kasete-rasaliniam-spausdintuvui-pg-50-juoda-canon\/#breadcrumb","itemListElement":[{"@type":"ListItem","position":1,"name":"Home","item":"https:\/\/rutana.lt\/"},{"@type":"ListItem","position":2,"name":"Parduotuv\u0117","item":"https:\/\/rutana.lt\/parduotuve\/"},{"@type":"ListItem","position":3,"name":"Kaset\u0117 ra\u0161aliniam spausdintuvui PG-50 juoda Canon"}]},{"@type":"WebSite","@id":"https:\/\/rutana.lt\/#website","url":"https:\/\/rutana.lt\/","name":"Rutana - Ra\u0161tin\u0117s reikmenys","description":"Prekiaujame pasaulin\u0117je rinkoje pripa\u017eintomis, kokybi\u0161komis biuro prek\u0117mis toki\u0173  gamintoj\u0173 kaip: Schneider, Esselte, Novus, 3M, Faber-Castell, Citizen, Milan, Leitz, Colop, Zebra, Staedtler, Durable, Tork, Parker, Waterman ir kt.","publisher":{"@id":"https:\/\/rutana.lt\/#organization"},"potentialAction":[{"@type":"SearchAction","target":{"@type":"EntryPoint","urlTemplate":"https:\/\/rutana.lt\/?s={search_term_string}"},"query-input":{"@type":"PropertyValueSpecification","valueRequired":true,"valueName":"search_term_string"}}],"inLanguage":"en-US"},{"@type":"Organization","@id":"https:\/\/rutana.lt\/#organization","name":"Rutana - Ra\u0161tin\u0117s reikmenys","url":"https:\/\/rutana.lt\/","logo":{"@type":"ImageObject","inLanguage":"en-US","@id":"https:\/\/rutana.lt\/#\/schema\/logo\/image\/","url":"https:\/\/rutana.lt\/wp-content\/uploads\/2025\/10\/Asset-32.png","contentUrl":"https:\/\/rutana.lt\/wp-content\/uploads\/2025\/10\/Asset-32.png","width":433,"height":119,"caption":"Rutana - Ra\u0161tin\u0117s reikmenys"},"image":{"@id":"https:\/\/rutana.lt\/#\/schema\/logo\/image\/"},"sameAs":["https:\/\/www.facebook.com\/RutanaKanceliarinesPrekes\/"]}]}},"_links":{"self":[{"href":"https:\/\/rutana.lt\/en\/wp-json\/wp\/v2\/product\/12981","targetHints":{"allow":["GET"]}}],"collection":[{"href":"https:\/\/rutana.lt\/en\/wp-json\/wp\/v2\/product"}],"about":[{"href":"https:\/\/rutana.lt\/en\/wp-json\/wp\/v2\/types\/product"}],"replies":[{"embeddable":true,"href":"https:\/\/rutana.lt\/en\/wp-json\/wp\/v2\/comments?post=12981"}],"version-history":[{"count":1,"href":"https:\/\/rutana.lt\/en\/wp-json\/wp\/v2\/product\/12981\/revisions"}],"predecessor-version":[{"id":13055,"href":"https:\/\/rutana.lt\/en\/wp-json\/wp\/v2\/product\/12981\/revisions\/13055"}],"wp:featuredmedia":[{"embeddable":true,"href":"https:\/\/rutana.lt\/en\/wp-json\/wp\/v2\/media\/27957"}],"wp:attachment":[{"href":"https:\/\/rutana.lt\/en\/wp-json\/wp\/v2\/media?parent=12981"}],"wp:term":[{"taxonomy":"product_brand","embeddable":true,"href":"https:\/\/rutana.lt\/en\/wp-json\/wp\/v2\/product_brand?post=12981"},{"taxonomy":"product_cat","embeddable":true,"href":"https:\/\/rutana.lt\/en\/wp-json\/wp\/v2\/product_cat?post=12981"},{"taxonomy":"product_tag","embeddable":true,"href":"https:\/\/rutana.lt\/en\/wp-json\/wp\/v2\/product_tag?post=12981"}],"curies":[{"name":"wp","href":"https:\/\/api.w.org\/{rel}","templated":true}]}}