{"id":12979,"date":"2025-09-03T09:25:56","date_gmt":"2025-09-03T07:25:56","guid":{"rendered":"https:\/\/rutana.webdemo.lt\/?post_type=product&#038;p=12979"},"modified":"2025-10-13T15:43:08","modified_gmt":"2025-10-13T13:43:08","slug":"rasalo-buteliukas-t6643-raudonas-epson-c13t66434a","status":"publish","type":"product","link":"https:\/\/rutana.lt\/en\/product\/rasalo-buteliukas-t6643-raudonas-epson-c13t66434a\/","title":{"rendered":"Ra\u0161alo buteliukas T6643 raudonas Epson C13T66434A"},"content":{"rendered":"<div style=\"line-height: 1.8;\">Originalus ra\u0161alas buteliuke, tinkantis Epson gamintojo spausdintuvams: Epson L100, L110, L120, L130, L132, L200, L210, L220, L222, L300, L310, L312, L350, L355, L362, L364, L365, L366, L382, L386, L455, L456, L486, L550, L555, L565, L566, L1300, EcoTank ITS L3050, L3060, L3070.<br \/>Buteliuko talpa: 70 ml<br \/>Spalva: raudona<br \/>Spausdinimo technologija: ra\u0161alinis<br \/>Puslapi\u0173 skai\u010dius: 6500<br \/>Gamintojo kodas: C13T66434A<br \/>Gamintojas: Epson<\/div>\n<div style=\"line-height: 1.8;\">\n<p style=\"margin-bottom: 10px; line-height: 1.8;\"><br style=\"color: rgb(0, 0, 0); font-size: 14px;\"><\/p>\n<\/div>","protected":false},"excerpt":{"rendered":"<p>Originalus ra\u0161alas buteliuke, tinkantis Epson gamintojo spausdintuvams: Epson L100, L110, L120, L130, L132, L200, L210, L220, L222, L300, L310, L312, L350, L355, L362, L364, L365, L366, L382, L386, L455, L456, L486, L550, L555, L565, L566, L1300, EcoTank ITS L3050, L3060, L3070.Buteliuko talpa: 70 mlSpalva: raudonaSpausdinimo technologija: ra\u0161alinisPuslapi\u0173 skai\u010dius: 6500Gamintojo kodas: C13T66434AGamintojas: Epson<\/p>","protected":false},"featured_media":27955,"comment_status":"open","ping_status":"closed","template":"","meta":{"_season_start":"","_season_end":"","_season_days":"","_season_months":"","_season_auto_visibility":""},"product_brand":[797],"product_cat":[1886],"product_tag":[],"class_list":{"0":"post-12979","1":"product","2":"type-product","3":"status-publish","4":"has-post-thumbnail","6":"product_brand-epson","7":"product_cat-originalios-kasetes-rasaliniams-spausdintuvams","9":"first","10":"instock","11":"taxable","12":"shipping-taxable","13":"purchasable","14":"product-type-simple"},"yoast_head":"<!-- This site is optimized with the Yoast SEO plugin v26.1.1 - https:\/\/yoast.com\/wordpress\/plugins\/seo\/ -->\n<title>Ra\u0161alo buteliukas T6643 raudonas Epson C13T66434A - Rutana - Ra\u0161tin\u0117s reikmenys<\/title>\n<meta name=\"robots\" content=\"index, follow, max-snippet:-1, max-image-preview:large, max-video-preview:-1\" \/>\n<link rel=\"canonical\" href=\"https:\/\/rutana.lt\/en\/product\/rasalo-buteliukas-t6643-raudonas-epson-c13t66434a\/\" \/>\n<meta property=\"og:locale\" content=\"en_US\" \/>\n<meta property=\"og:type\" content=\"article\" \/>\n<meta property=\"og:title\" content=\"Ra\u0161alo buteliukas T6643 raudonas Epson C13T66434A - Rutana - Ra\u0161tin\u0117s reikmenys\" \/>\n<meta property=\"og:description\" content=\"Originalus ra\u0161alas buteliuke, tinkantis Epson gamintojo spausdintuvams: Epson L100, L110, L120, L130, L132, L200, L210, L220, L222, L300, L310, L312, L350, L355, L362, L364, L365, L366, L382, L386, L455, L456, L486, L550, L555, L565, L566, L1300, EcoTank ITS L3050, L3060, L3070.Buteliuko talpa: 70 mlSpalva: raudonaSpausdinimo technologija: ra\u0161alinisPuslapi\u0173 skai\u010dius: 6500Gamintojo kodas: C13T66434AGamintojas: Epson\" \/>\n<meta property=\"og:url\" content=\"https:\/\/rutana.lt\/en\/product\/rasalo-buteliukas-t6643-raudonas-epson-c13t66434a\/\" \/>\n<meta property=\"og:site_name\" content=\"Rutana - Ra\u0161tin\u0117s reikmenys\" \/>\n<meta property=\"article:publisher\" content=\"https:\/\/www.facebook.com\/RutanaKanceliarinesPrekes\/\" \/>\n<meta property=\"article:modified_time\" content=\"2025-10-13T13:43:08+00:00\" \/>\n<meta property=\"og:image\" content=\"https:\/\/rutana.lt\/wp-content\/uploads\/2025\/09\/B031-126.jpg\" \/>\n\t<meta property=\"og:image:width\" content=\"500\" \/>\n\t<meta property=\"og:image:height\" content=\"500\" \/>\n\t<meta property=\"og:image:type\" content=\"image\/jpeg\" \/>\n<meta name=\"twitter:card\" content=\"summary_large_image\" \/>\n<script type=\"application\/ld+json\" class=\"yoast-schema-graph\">{\"@context\":\"https:\/\/schema.org\",\"@graph\":[{\"@type\":\"WebPage\",\"@id\":\"https:\/\/rutana.lt\/produktas\/rasalo-buteliukas-t6643-raudonas-epson-c13t66434a\/\",\"url\":\"https:\/\/rutana.lt\/produktas\/rasalo-buteliukas-t6643-raudonas-epson-c13t66434a\/\",\"name\":\"Ra\u0161alo buteliukas T6643 raudonas Epson C13T66434A - Rutana - Ra\u0161tin\u0117s reikmenys\",\"isPartOf\":{\"@id\":\"https:\/\/rutana.lt\/#website\"},\"primaryImageOfPage\":{\"@id\":\"https:\/\/rutana.lt\/produktas\/rasalo-buteliukas-t6643-raudonas-epson-c13t66434a\/#primaryimage\"},\"image\":{\"@id\":\"https:\/\/rutana.lt\/produktas\/rasalo-buteliukas-t6643-raudonas-epson-c13t66434a\/#primaryimage\"},\"thumbnailUrl\":\"https:\/\/rutana.lt\/wp-content\/uploads\/2025\/09\/B031-126-1.jpg?v=1763619337\",\"datePublished\":\"2025-09-03T07:25:56+00:00\",\"dateModified\":\"2025-10-13T13:43:08+00:00\",\"breadcrumb\":{\"@id\":\"https:\/\/rutana.lt\/produktas\/rasalo-buteliukas-t6643-raudonas-epson-c13t66434a\/#breadcrumb\"},\"inLanguage\":\"en-US\",\"potentialAction\":[{\"@type\":\"ReadAction\",\"target\":[\"https:\/\/rutana.lt\/produktas\/rasalo-buteliukas-t6643-raudonas-epson-c13t66434a\/\"]}]},{\"@type\":\"ImageObject\",\"inLanguage\":\"en-US\",\"@id\":\"https:\/\/rutana.lt\/produktas\/rasalo-buteliukas-t6643-raudonas-epson-c13t66434a\/#primaryimage\",\"url\":\"https:\/\/rutana.lt\/wp-content\/uploads\/2025\/09\/B031-126-1.jpg?v=1763619337\",\"contentUrl\":\"https:\/\/rutana.lt\/wp-content\/uploads\/2025\/09\/B031-126-1.jpg?v=1763619337\",\"width\":500,\"height\":500},{\"@type\":\"BreadcrumbList\",\"@id\":\"https:\/\/rutana.lt\/produktas\/rasalo-buteliukas-t6643-raudonas-epson-c13t66434a\/#breadcrumb\",\"itemListElement\":[{\"@type\":\"ListItem\",\"position\":1,\"name\":\"Home\",\"item\":\"https:\/\/rutana.lt\/\"},{\"@type\":\"ListItem\",\"position\":2,\"name\":\"Parduotuv\u0117\",\"item\":\"https:\/\/rutana.lt\/parduotuve\/\"},{\"@type\":\"ListItem\",\"position\":3,\"name\":\"Ra\u0161alo buteliukas T6643 raudonas Epson C13T66434A\"}]},{\"@type\":\"WebSite\",\"@id\":\"https:\/\/rutana.lt\/#website\",\"url\":\"https:\/\/rutana.lt\/\",\"name\":\"Rutana - Ra\u0161tin\u0117s reikmenys\",\"description\":\"Prekiaujame pasaulin\u0117je rinkoje pripa\u017eintomis, kokybi\u0161komis biuro prek\u0117mis toki\u0173  gamintoj\u0173 kaip: Schneider, Esselte, Novus, 3M, Faber-Castell, Citizen, Milan, Leitz, Colop, Zebra, Staedtler, Durable, Tork, Parker, Waterman ir kt.\",\"publisher\":{\"@id\":\"https:\/\/rutana.lt\/#organization\"},\"potentialAction\":[{\"@type\":\"SearchAction\",\"target\":{\"@type\":\"EntryPoint\",\"urlTemplate\":\"https:\/\/rutana.lt\/?s={search_term_string}\"},\"query-input\":{\"@type\":\"PropertyValueSpecification\",\"valueRequired\":true,\"valueName\":\"search_term_string\"}}],\"inLanguage\":\"en-US\"},{\"@type\":\"Organization\",\"@id\":\"https:\/\/rutana.lt\/#organization\",\"name\":\"Rutana - Ra\u0161tin\u0117s reikmenys\",\"url\":\"https:\/\/rutana.lt\/\",\"logo\":{\"@type\":\"ImageObject\",\"inLanguage\":\"en-US\",\"@id\":\"https:\/\/rutana.lt\/#\/schema\/logo\/image\/\",\"url\":\"https:\/\/rutana.lt\/wp-content\/uploads\/2025\/10\/Asset-32.png\",\"contentUrl\":\"https:\/\/rutana.lt\/wp-content\/uploads\/2025\/10\/Asset-32.png\",\"width\":433,\"height\":119,\"caption\":\"Rutana - Ra\u0161tin\u0117s reikmenys\"},\"image\":{\"@id\":\"https:\/\/rutana.lt\/#\/schema\/logo\/image\/\"},\"sameAs\":[\"https:\/\/www.facebook.com\/RutanaKanceliarinesPrekes\/\"]}]}<\/script>\n<!-- \/ Yoast SEO plugin. -->","yoast_head_json":{"title":"Ra\u0161alo buteliukas T6643 raudonas Epson C13T66434A - Rutana - Ra\u0161tin\u0117s reikmenys","robots":{"index":"index","follow":"follow","max-snippet":"max-snippet:-1","max-image-preview":"max-image-preview:large","max-video-preview":"max-video-preview:-1"},"canonical":"https:\/\/rutana.lt\/en\/product\/rasalo-buteliukas-t6643-raudonas-epson-c13t66434a\/","og_locale":"en_US","og_type":"article","og_title":"Ra\u0161alo buteliukas T6643 raudonas Epson C13T66434A - Rutana - Ra\u0161tin\u0117s reikmenys","og_description":"Originalus ra\u0161alas buteliuke, tinkantis Epson gamintojo spausdintuvams: Epson L100, L110, L120, L130, L132, L200, L210, L220, L222, L300, L310, L312, L350, L355, L362, L364, L365, L366, L382, L386, L455, L456, L486, L550, L555, L565, L566, L1300, EcoTank ITS L3050, L3060, L3070.Buteliuko talpa: 70 mlSpalva: raudonaSpausdinimo technologija: ra\u0161alinisPuslapi\u0173 skai\u010dius: 6500Gamintojo kodas: C13T66434AGamintojas: Epson","og_url":"https:\/\/rutana.lt\/en\/product\/rasalo-buteliukas-t6643-raudonas-epson-c13t66434a\/","og_site_name":"Rutana - Ra\u0161tin\u0117s reikmenys","article_publisher":"https:\/\/www.facebook.com\/RutanaKanceliarinesPrekes\/","article_modified_time":"2025-10-13T13:43:08+00:00","og_image":[{"width":500,"height":500,"url":"https:\/\/rutana.lt\/wp-content\/uploads\/2025\/09\/B031-126.jpg","type":"image\/jpeg"}],"twitter_card":"summary_large_image","schema":{"@context":"https:\/\/schema.org","@graph":[{"@type":"WebPage","@id":"https:\/\/rutana.lt\/produktas\/rasalo-buteliukas-t6643-raudonas-epson-c13t66434a\/","url":"https:\/\/rutana.lt\/produktas\/rasalo-buteliukas-t6643-raudonas-epson-c13t66434a\/","name":"Ra\u0161alo buteliukas T6643 raudonas Epson C13T66434A - Rutana - Ra\u0161tin\u0117s reikmenys","isPartOf":{"@id":"https:\/\/rutana.lt\/#website"},"primaryImageOfPage":{"@id":"https:\/\/rutana.lt\/produktas\/rasalo-buteliukas-t6643-raudonas-epson-c13t66434a\/#primaryimage"},"image":{"@id":"https:\/\/rutana.lt\/produktas\/rasalo-buteliukas-t6643-raudonas-epson-c13t66434a\/#primaryimage"},"thumbnailUrl":"https:\/\/rutana.lt\/wp-content\/uploads\/2025\/09\/B031-126-1.jpg?v=1763619337","datePublished":"2025-09-03T07:25:56+00:00","dateModified":"2025-10-13T13:43:08+00:00","breadcrumb":{"@id":"https:\/\/rutana.lt\/produktas\/rasalo-buteliukas-t6643-raudonas-epson-c13t66434a\/#breadcrumb"},"inLanguage":"en-US","potentialAction":[{"@type":"ReadAction","target":["https:\/\/rutana.lt\/produktas\/rasalo-buteliukas-t6643-raudonas-epson-c13t66434a\/"]}]},{"@type":"ImageObject","inLanguage":"en-US","@id":"https:\/\/rutana.lt\/produktas\/rasalo-buteliukas-t6643-raudonas-epson-c13t66434a\/#primaryimage","url":"https:\/\/rutana.lt\/wp-content\/uploads\/2025\/09\/B031-126-1.jpg?v=1763619337","contentUrl":"https:\/\/rutana.lt\/wp-content\/uploads\/2025\/09\/B031-126-1.jpg?v=1763619337","width":500,"height":500},{"@type":"BreadcrumbList","@id":"https:\/\/rutana.lt\/produktas\/rasalo-buteliukas-t6643-raudonas-epson-c13t66434a\/#breadcrumb","itemListElement":[{"@type":"ListItem","position":1,"name":"Home","item":"https:\/\/rutana.lt\/"},{"@type":"ListItem","position":2,"name":"Parduotuv\u0117","item":"https:\/\/rutana.lt\/parduotuve\/"},{"@type":"ListItem","position":3,"name":"Ra\u0161alo buteliukas T6643 raudonas Epson C13T66434A"}]},{"@type":"WebSite","@id":"https:\/\/rutana.lt\/#website","url":"https:\/\/rutana.lt\/","name":"Rutana - Ra\u0161tin\u0117s reikmenys","description":"Prekiaujame pasaulin\u0117je rinkoje pripa\u017eintomis, kokybi\u0161komis biuro prek\u0117mis toki\u0173  gamintoj\u0173 kaip: Schneider, Esselte, Novus, 3M, Faber-Castell, Citizen, Milan, Leitz, Colop, Zebra, Staedtler, Durable, Tork, Parker, Waterman ir kt.","publisher":{"@id":"https:\/\/rutana.lt\/#organization"},"potentialAction":[{"@type":"SearchAction","target":{"@type":"EntryPoint","urlTemplate":"https:\/\/rutana.lt\/?s={search_term_string}"},"query-input":{"@type":"PropertyValueSpecification","valueRequired":true,"valueName":"search_term_string"}}],"inLanguage":"en-US"},{"@type":"Organization","@id":"https:\/\/rutana.lt\/#organization","name":"Rutana - Ra\u0161tin\u0117s reikmenys","url":"https:\/\/rutana.lt\/","logo":{"@type":"ImageObject","inLanguage":"en-US","@id":"https:\/\/rutana.lt\/#\/schema\/logo\/image\/","url":"https:\/\/rutana.lt\/wp-content\/uploads\/2025\/10\/Asset-32.png","contentUrl":"https:\/\/rutana.lt\/wp-content\/uploads\/2025\/10\/Asset-32.png","width":433,"height":119,"caption":"Rutana - Ra\u0161tin\u0117s reikmenys"},"image":{"@id":"https:\/\/rutana.lt\/#\/schema\/logo\/image\/"},"sameAs":["https:\/\/www.facebook.com\/RutanaKanceliarinesPrekes\/"]}]}},"_links":{"self":[{"href":"https:\/\/rutana.lt\/en\/wp-json\/wp\/v2\/product\/12979","targetHints":{"allow":["GET"]}}],"collection":[{"href":"https:\/\/rutana.lt\/en\/wp-json\/wp\/v2\/product"}],"about":[{"href":"https:\/\/rutana.lt\/en\/wp-json\/wp\/v2\/types\/product"}],"replies":[{"embeddable":true,"href":"https:\/\/rutana.lt\/en\/wp-json\/wp\/v2\/comments?post=12979"}],"version-history":[{"count":1,"href":"https:\/\/rutana.lt\/en\/wp-json\/wp\/v2\/product\/12979\/revisions"}],"predecessor-version":[{"id":13023,"href":"https:\/\/rutana.lt\/en\/wp-json\/wp\/v2\/product\/12979\/revisions\/13023"}],"wp:featuredmedia":[{"embeddable":true,"href":"https:\/\/rutana.lt\/en\/wp-json\/wp\/v2\/media\/27955"}],"wp:attachment":[{"href":"https:\/\/rutana.lt\/en\/wp-json\/wp\/v2\/media?parent=12979"}],"wp:term":[{"taxonomy":"product_brand","embeddable":true,"href":"https:\/\/rutana.lt\/en\/wp-json\/wp\/v2\/product_brand?post=12979"},{"taxonomy":"product_cat","embeddable":true,"href":"https:\/\/rutana.lt\/en\/wp-json\/wp\/v2\/product_cat?post=12979"},{"taxonomy":"product_tag","embeddable":true,"href":"https:\/\/rutana.lt\/en\/wp-json\/wp\/v2\/product_tag?post=12979"}],"curies":[{"name":"wp","href":"https:\/\/api.w.org\/{rel}","templated":true}]}}