{"id":12893,"date":"2025-09-03T09:25:32","date_gmt":"2025-09-03T07:25:32","guid":{"rendered":"https:\/\/rutana.webdemo.lt\/?post_type=product&#038;p=12893"},"modified":"2025-10-13T15:42:53","modified_gmt":"2025-10-13T13:42:53","slug":"internetine-web-kamera-full-hd-x301-proxtend-px-cam001","status":"publish","type":"product","link":"https:\/\/rutana.lt\/en\/product\/internetine-web-kamera-full-hd-x301-proxtend-px-cam001\/","title":{"rendered":"Internetin\u0117 WEB kamera Full HD X301 ProXtend PX-CAM001"},"content":{"rendered":"<p>Su dideliu optiniu jutikliu ir patobulinta optika \u201eProxtend X301\u201c u\u017etikrina puiki\u0105 vaizdo kokyb\u0119 net ir pa\u010diomis sud\u0117tingiausiomis ap\u0161vietimo s\u0105lygomis. \u201eProXtend\u201c gamintojai supranta, kad vaizdo kokyb\u0117s megapikseliai n\u0117ra viskas, tod\u0117l jie sutelkia d\u0117mes\u012f \u012f aparatin\u0119 \u012frang\u0105, kuri i\u0161 tikr\u0173j\u0173 svarbi, u\u017etikrindama, kad esate \u201ematomi ir  girdimi\u201c!<\/p>\n<p>Rezoliucija: 2592 x 1944 ( Full HD )<\/p>\n<p>Megapikseliai: 5 MP<\/p>\n<p>Mikrofonas: taip<\/p>\n<p>Jungtis: USB 2.0<\/p>\n<p>Fokusavimo metodas: auto<\/p>\n<p>Baltos spalvos balansas: automatinis<\/p>\n<p>Tinkamos operacin\u0117s sistemos: Windows, MAC<\/p>\n<p><\/p>\n<p><\/p>","protected":false},"excerpt":{"rendered":"<p>Su dideliu optiniu jutikliu ir patobulinta optika \u201eProxtend X301\u201c u\u017etikrina puiki\u0105 vaizdo kokyb\u0119 net ir pa\u010diomis sud\u0117tingiausiomis ap\u0161vietimo s\u0105lygomis. \u201eProXtend\u201c gamintojai supranta, kad vaizdo kokyb\u0117s megapikseliai n\u0117ra viskas, tod\u0117l jie sutelkia d\u0117mes\u012f \u012f aparatin\u0119 \u012frang\u0105, kuri i\u0161 tikr\u0173j\u0173 svarbi, u\u017etikrindama, kad esate \u201ematomi ir girdimi\u201c! Rezoliucija: 2592 x 1944 ( Full HD ) Megapikseliai: 5 [&hellip;]<\/p>","protected":false},"featured_media":27932,"comment_status":"open","ping_status":"closed","template":"","meta":{"_season_start":"","_season_end":"","_season_days":"","_season_months":"","_season_auto_visibility":""},"product_brand":[856],"product_cat":[1710],"product_tag":[],"class_list":{"0":"post-12893","1":"product","2":"type-product","3":"status-publish","4":"has-post-thumbnail","6":"product_brand-proxtend","7":"product_cat-web-kameros","9":"first","10":"instock","11":"taxable","12":"shipping-taxable","13":"purchasable","14":"product-type-simple"},"yoast_head":"<!-- This site is optimized with the Yoast SEO plugin v27.4 - https:\/\/yoast.com\/product\/yoast-seo-wordpress\/ -->\n<title>Internetin\u0117 WEB kamera Full HD X301 ProXtend PX-CAM001 - Rutana - Ra\u0161tin\u0117s reikmenys<\/title>\n<meta name=\"robots\" content=\"index, follow, max-snippet:-1, max-image-preview:large, max-video-preview:-1\" \/>\n<link rel=\"canonical\" href=\"https:\/\/rutana.lt\/en\/product\/internetine-web-kamera-full-hd-x301-proxtend-px-cam001\/\" \/>\n<meta property=\"og:locale\" content=\"en_US\" \/>\n<meta property=\"og:type\" content=\"article\" \/>\n<meta property=\"og:title\" content=\"Internetin\u0117 WEB kamera Full HD X301 ProXtend PX-CAM001 - Rutana - Ra\u0161tin\u0117s reikmenys\" \/>\n<meta property=\"og:description\" content=\"Su dideliu optiniu jutikliu ir patobulinta optika \u201eProxtend X301\u201c u\u017etikrina puiki\u0105 vaizdo kokyb\u0119 net ir pa\u010diomis sud\u0117tingiausiomis ap\u0161vietimo s\u0105lygomis. \u201eProXtend\u201c gamintojai supranta, kad vaizdo kokyb\u0117s megapikseliai n\u0117ra viskas, tod\u0117l jie sutelkia d\u0117mes\u012f \u012f aparatin\u0119 \u012frang\u0105, kuri i\u0161 tikr\u0173j\u0173 svarbi, u\u017etikrindama, kad esate \u201ematomi ir girdimi\u201c! Rezoliucija: 2592 x 1944 ( Full HD ) Megapikseliai: 5 [&hellip;]\" \/>\n<meta property=\"og:url\" content=\"https:\/\/rutana.lt\/en\/product\/internetine-web-kamera-full-hd-x301-proxtend-px-cam001\/\" \/>\n<meta property=\"og:site_name\" content=\"Rutana - Ra\u0161tin\u0117s reikmenys\" \/>\n<meta property=\"article:publisher\" content=\"https:\/\/www.facebook.com\/RutanaKanceliarinesPrekes\/\" \/>\n<meta property=\"article:modified_time\" content=\"2025-10-13T13:42:53+00:00\" \/>\n<meta property=\"og:image\" content=\"https:\/\/rutana.lt\/wp-content\/uploads\/2025\/09\/B039-833.jpg\" \/>\n\t<meta property=\"og:image:width\" content=\"600\" \/>\n\t<meta property=\"og:image:height\" content=\"450\" \/>\n\t<meta property=\"og:image:type\" content=\"image\/jpeg\" \/>\n<meta name=\"twitter:card\" content=\"summary_large_image\" \/>\n<script type=\"application\/ld+json\" class=\"yoast-schema-graph\">{\"@context\":\"https:\\\/\\\/schema.org\",\"@graph\":[{\"@type\":\"WebPage\",\"@id\":\"https:\\\/\\\/rutana.lt\\\/produktas\\\/internetine-web-kamera-full-hd-x301-proxtend-px-cam001\\\/\",\"url\":\"https:\\\/\\\/rutana.lt\\\/produktas\\\/internetine-web-kamera-full-hd-x301-proxtend-px-cam001\\\/\",\"name\":\"Internetin\u0117 WEB kamera Full HD X301 ProXtend PX-CAM001 - Rutana - Ra\u0161tin\u0117s reikmenys\",\"isPartOf\":{\"@id\":\"https:\\\/\\\/rutana.lt\\\/#website\"},\"primaryImageOfPage\":{\"@id\":\"https:\\\/\\\/rutana.lt\\\/produktas\\\/internetine-web-kamera-full-hd-x301-proxtend-px-cam001\\\/#primaryimage\"},\"image\":{\"@id\":\"https:\\\/\\\/rutana.lt\\\/produktas\\\/internetine-web-kamera-full-hd-x301-proxtend-px-cam001\\\/#primaryimage\"},\"thumbnailUrl\":\"https:\\\/\\\/rutana.lt\\\/wp-content\\\/uploads\\\/2025\\\/09\\\/B039-833-1.jpg?v=1763619365\",\"datePublished\":\"2025-09-03T07:25:32+00:00\",\"dateModified\":\"2025-10-13T13:42:53+00:00\",\"breadcrumb\":{\"@id\":\"https:\\\/\\\/rutana.lt\\\/produktas\\\/internetine-web-kamera-full-hd-x301-proxtend-px-cam001\\\/#breadcrumb\"},\"inLanguage\":\"en-US\",\"potentialAction\":[{\"@type\":\"ReadAction\",\"target\":[\"https:\\\/\\\/rutana.lt\\\/produktas\\\/internetine-web-kamera-full-hd-x301-proxtend-px-cam001\\\/\"]}]},{\"@type\":\"ImageObject\",\"inLanguage\":\"en-US\",\"@id\":\"https:\\\/\\\/rutana.lt\\\/produktas\\\/internetine-web-kamera-full-hd-x301-proxtend-px-cam001\\\/#primaryimage\",\"url\":\"https:\\\/\\\/rutana.lt\\\/wp-content\\\/uploads\\\/2025\\\/09\\\/B039-833-1.jpg?v=1763619365\",\"contentUrl\":\"https:\\\/\\\/rutana.lt\\\/wp-content\\\/uploads\\\/2025\\\/09\\\/B039-833-1.jpg?v=1763619365\",\"width\":600,\"height\":450},{\"@type\":\"BreadcrumbList\",\"@id\":\"https:\\\/\\\/rutana.lt\\\/produktas\\\/internetine-web-kamera-full-hd-x301-proxtend-px-cam001\\\/#breadcrumb\",\"itemListElement\":[{\"@type\":\"ListItem\",\"position\":1,\"name\":\"Home\",\"item\":\"https:\\\/\\\/rutana.lt\\\/\"},{\"@type\":\"ListItem\",\"position\":2,\"name\":\"Parduotuv\u0117\",\"item\":\"https:\\\/\\\/rutana.lt\\\/parduotuve\\\/\"},{\"@type\":\"ListItem\",\"position\":3,\"name\":\"Internetin\u0117 WEB kamera Full HD X301 ProXtend PX-CAM001\"}]},{\"@type\":\"WebSite\",\"@id\":\"https:\\\/\\\/rutana.lt\\\/#website\",\"url\":\"https:\\\/\\\/rutana.lt\\\/\",\"name\":\"Rutana - Ra\u0161tin\u0117s reikmenys\",\"description\":\"Prekiaujame pasaulin\u0117je rinkoje pripa\u017eintomis, kokybi\u0161komis biuro prek\u0117mis toki\u0173  gamintoj\u0173 kaip: Schneider, Esselte, Novus, 3M, Faber-Castell, Citizen, Milan, Leitz, Colop, Zebra, Staedtler, Durable, Tork, Parker, Waterman ir kt.\",\"publisher\":{\"@id\":\"https:\\\/\\\/rutana.lt\\\/#organization\"},\"potentialAction\":[{\"@type\":\"SearchAction\",\"target\":{\"@type\":\"EntryPoint\",\"urlTemplate\":\"https:\\\/\\\/rutana.lt\\\/?s={search_term_string}\"},\"query-input\":{\"@type\":\"PropertyValueSpecification\",\"valueRequired\":true,\"valueName\":\"search_term_string\"}}],\"inLanguage\":\"en-US\"},{\"@type\":\"Organization\",\"@id\":\"https:\\\/\\\/rutana.lt\\\/#organization\",\"name\":\"Rutana - Ra\u0161tin\u0117s reikmenys\",\"url\":\"https:\\\/\\\/rutana.lt\\\/\",\"logo\":{\"@type\":\"ImageObject\",\"inLanguage\":\"en-US\",\"@id\":\"https:\\\/\\\/rutana.lt\\\/#\\\/schema\\\/logo\\\/image\\\/\",\"url\":\"https:\\\/\\\/rutana.lt\\\/wp-content\\\/uploads\\\/2025\\\/10\\\/Asset-32.png\",\"contentUrl\":\"https:\\\/\\\/rutana.lt\\\/wp-content\\\/uploads\\\/2025\\\/10\\\/Asset-32.png\",\"width\":433,\"height\":119,\"caption\":\"Rutana - Ra\u0161tin\u0117s reikmenys\"},\"image\":{\"@id\":\"https:\\\/\\\/rutana.lt\\\/#\\\/schema\\\/logo\\\/image\\\/\"},\"sameAs\":[\"https:\\\/\\\/www.facebook.com\\\/RutanaKanceliarinesPrekes\\\/\"]}]}<\/script>\n<!-- \/ Yoast SEO plugin. -->","yoast_head_json":{"title":"Internetin\u0117 WEB kamera Full HD X301 ProXtend PX-CAM001 - Rutana - Ra\u0161tin\u0117s reikmenys","robots":{"index":"index","follow":"follow","max-snippet":"max-snippet:-1","max-image-preview":"max-image-preview:large","max-video-preview":"max-video-preview:-1"},"canonical":"https:\/\/rutana.lt\/en\/product\/internetine-web-kamera-full-hd-x301-proxtend-px-cam001\/","og_locale":"en_US","og_type":"article","og_title":"Internetin\u0117 WEB kamera Full HD X301 ProXtend PX-CAM001 - Rutana - Ra\u0161tin\u0117s reikmenys","og_description":"Su dideliu optiniu jutikliu ir patobulinta optika \u201eProxtend X301\u201c u\u017etikrina puiki\u0105 vaizdo kokyb\u0119 net ir pa\u010diomis sud\u0117tingiausiomis ap\u0161vietimo s\u0105lygomis. \u201eProXtend\u201c gamintojai supranta, kad vaizdo kokyb\u0117s megapikseliai n\u0117ra viskas, tod\u0117l jie sutelkia d\u0117mes\u012f \u012f aparatin\u0119 \u012frang\u0105, kuri i\u0161 tikr\u0173j\u0173 svarbi, u\u017etikrindama, kad esate \u201ematomi ir girdimi\u201c! Rezoliucija: 2592 x 1944 ( Full HD ) Megapikseliai: 5 [&hellip;]","og_url":"https:\/\/rutana.lt\/en\/product\/internetine-web-kamera-full-hd-x301-proxtend-px-cam001\/","og_site_name":"Rutana - Ra\u0161tin\u0117s reikmenys","article_publisher":"https:\/\/www.facebook.com\/RutanaKanceliarinesPrekes\/","article_modified_time":"2025-10-13T13:42:53+00:00","og_image":[{"width":600,"height":450,"url":"https:\/\/rutana.lt\/wp-content\/uploads\/2025\/09\/B039-833.jpg","type":"image\/jpeg"}],"twitter_card":"summary_large_image","schema":{"@context":"https:\/\/schema.org","@graph":[{"@type":"WebPage","@id":"https:\/\/rutana.lt\/produktas\/internetine-web-kamera-full-hd-x301-proxtend-px-cam001\/","url":"https:\/\/rutana.lt\/produktas\/internetine-web-kamera-full-hd-x301-proxtend-px-cam001\/","name":"Internetin\u0117 WEB kamera Full HD X301 ProXtend PX-CAM001 - Rutana - Ra\u0161tin\u0117s reikmenys","isPartOf":{"@id":"https:\/\/rutana.lt\/#website"},"primaryImageOfPage":{"@id":"https:\/\/rutana.lt\/produktas\/internetine-web-kamera-full-hd-x301-proxtend-px-cam001\/#primaryimage"},"image":{"@id":"https:\/\/rutana.lt\/produktas\/internetine-web-kamera-full-hd-x301-proxtend-px-cam001\/#primaryimage"},"thumbnailUrl":"https:\/\/rutana.lt\/wp-content\/uploads\/2025\/09\/B039-833-1.jpg?v=1763619365","datePublished":"2025-09-03T07:25:32+00:00","dateModified":"2025-10-13T13:42:53+00:00","breadcrumb":{"@id":"https:\/\/rutana.lt\/produktas\/internetine-web-kamera-full-hd-x301-proxtend-px-cam001\/#breadcrumb"},"inLanguage":"en-US","potentialAction":[{"@type":"ReadAction","target":["https:\/\/rutana.lt\/produktas\/internetine-web-kamera-full-hd-x301-proxtend-px-cam001\/"]}]},{"@type":"ImageObject","inLanguage":"en-US","@id":"https:\/\/rutana.lt\/produktas\/internetine-web-kamera-full-hd-x301-proxtend-px-cam001\/#primaryimage","url":"https:\/\/rutana.lt\/wp-content\/uploads\/2025\/09\/B039-833-1.jpg?v=1763619365","contentUrl":"https:\/\/rutana.lt\/wp-content\/uploads\/2025\/09\/B039-833-1.jpg?v=1763619365","width":600,"height":450},{"@type":"BreadcrumbList","@id":"https:\/\/rutana.lt\/produktas\/internetine-web-kamera-full-hd-x301-proxtend-px-cam001\/#breadcrumb","itemListElement":[{"@type":"ListItem","position":1,"name":"Home","item":"https:\/\/rutana.lt\/"},{"@type":"ListItem","position":2,"name":"Parduotuv\u0117","item":"https:\/\/rutana.lt\/parduotuve\/"},{"@type":"ListItem","position":3,"name":"Internetin\u0117 WEB kamera Full HD X301 ProXtend PX-CAM001"}]},{"@type":"WebSite","@id":"https:\/\/rutana.lt\/#website","url":"https:\/\/rutana.lt\/","name":"Rutana - Ra\u0161tin\u0117s reikmenys","description":"Prekiaujame pasaulin\u0117je rinkoje pripa\u017eintomis, kokybi\u0161komis biuro prek\u0117mis toki\u0173  gamintoj\u0173 kaip: Schneider, Esselte, Novus, 3M, Faber-Castell, Citizen, Milan, Leitz, Colop, Zebra, Staedtler, Durable, Tork, Parker, Waterman ir kt.","publisher":{"@id":"https:\/\/rutana.lt\/#organization"},"potentialAction":[{"@type":"SearchAction","target":{"@type":"EntryPoint","urlTemplate":"https:\/\/rutana.lt\/?s={search_term_string}"},"query-input":{"@type":"PropertyValueSpecification","valueRequired":true,"valueName":"search_term_string"}}],"inLanguage":"en-US"},{"@type":"Organization","@id":"https:\/\/rutana.lt\/#organization","name":"Rutana - Ra\u0161tin\u0117s reikmenys","url":"https:\/\/rutana.lt\/","logo":{"@type":"ImageObject","inLanguage":"en-US","@id":"https:\/\/rutana.lt\/#\/schema\/logo\/image\/","url":"https:\/\/rutana.lt\/wp-content\/uploads\/2025\/10\/Asset-32.png","contentUrl":"https:\/\/rutana.lt\/wp-content\/uploads\/2025\/10\/Asset-32.png","width":433,"height":119,"caption":"Rutana - Ra\u0161tin\u0117s reikmenys"},"image":{"@id":"https:\/\/rutana.lt\/#\/schema\/logo\/image\/"},"sameAs":["https:\/\/www.facebook.com\/RutanaKanceliarinesPrekes\/"]}]}},"_links":{"self":[{"href":"https:\/\/rutana.lt\/en\/wp-json\/wp\/v2\/product\/12893","targetHints":{"allow":["GET"]}}],"collection":[{"href":"https:\/\/rutana.lt\/en\/wp-json\/wp\/v2\/product"}],"about":[{"href":"https:\/\/rutana.lt\/en\/wp-json\/wp\/v2\/types\/product"}],"replies":[{"embeddable":true,"href":"https:\/\/rutana.lt\/en\/wp-json\/wp\/v2\/comments?post=12893"}],"version-history":[{"count":1,"href":"https:\/\/rutana.lt\/en\/wp-json\/wp\/v2\/product\/12893\/revisions"}],"predecessor-version":[{"id":12935,"href":"https:\/\/rutana.lt\/en\/wp-json\/wp\/v2\/product\/12893\/revisions\/12935"}],"wp:featuredmedia":[{"embeddable":true,"href":"https:\/\/rutana.lt\/en\/wp-json\/wp\/v2\/media\/27932"}],"wp:attachment":[{"href":"https:\/\/rutana.lt\/en\/wp-json\/wp\/v2\/media?parent=12893"}],"wp:term":[{"taxonomy":"product_brand","embeddable":true,"href":"https:\/\/rutana.lt\/en\/wp-json\/wp\/v2\/product_brand?post=12893"},{"taxonomy":"product_cat","embeddable":true,"href":"https:\/\/rutana.lt\/en\/wp-json\/wp\/v2\/product_cat?post=12893"},{"taxonomy":"product_tag","embeddable":true,"href":"https:\/\/rutana.lt\/en\/wp-json\/wp\/v2\/product_tag?post=12893"}],"curies":[{"name":"wp","href":"https:\/\/api.w.org\/{rel}","templated":true}]}}