{"id":12892,"date":"2025-09-03T09:25:32","date_gmt":"2025-09-03T07:25:32","guid":{"rendered":"https:\/\/rutana.webdemo.lt\/?post_type=product&#038;p=12892"},"modified":"2025-10-13T15:42:53","modified_gmt":"2025-10-13T13:42:53","slug":"internetine-web-kamera-full-hd-x201-proxtend-px-cam004","status":"publish","type":"product","link":"https:\/\/rutana.lt\/en\/product\/internetine-web-kamera-full-hd-x201-proxtend-px-cam004\/","title":{"rendered":"Internetin\u0117 WEB kamera Full HD X201 ProXtend PX-CAM004"},"content":{"rendered":"<p>Su savo 3 megapikseli\u0173 1 \/ 2.7 \u201coptiniu jutikliu ir fiksuotu \u017eidinio objektyvu, kartu su \u012fvairiakryp\u010diu mikrofonu, \u201e Proxtend X201\u201c yra puikus pasirinkimas internetini\u0173 pokalbi\u0173 ir internetini\u0173 vaizdo program\u0173 vartotojams. \u201eProXtend\u201c gamintojai supranta, kad vaizdo kokyb\u0117s megapikseliai n\u0117ra viskas, tod\u0117l jie sutelkia d\u0117mes\u012f \u012f aparatin\u0119 \u012frang\u0105, kuri i\u0161 tikr\u0173j\u0173 svarbi, u\u017etikrindama, kad esate \u201ematomi ir  girdimi\u201c!<\/p>\n<p>Rezoliucija: 2048 x 1536 ( Full HD )<\/p>\n<p>Megapikseliai: 3 MP<\/p>\n<p>Mikrofonas: taip<\/p>\n<p>Jungtis: USB 2.0<\/p>\n<p>Fokusavimo metodas: rankinis fokusavimas<\/p>\n<p>Baltos spalvos balansas: automatinis<\/p>\n<p>Tinkamos operacin\u0117s sistemos: Windows, MAC<\/p>\n<p><\/p>\n<p><\/p>","protected":false},"excerpt":{"rendered":"<p>Su savo 3 megapikseli\u0173 1 \/ 2.7 \u201coptiniu jutikliu ir fiksuotu \u017eidinio objektyvu, kartu su \u012fvairiakryp\u010diu mikrofonu, \u201e Proxtend X201\u201c yra puikus pasirinkimas internetini\u0173 pokalbi\u0173 ir internetini\u0173 vaizdo program\u0173 vartotojams. \u201eProXtend\u201c gamintojai supranta, kad vaizdo kokyb\u0117s megapikseliai n\u0117ra viskas, tod\u0117l jie sutelkia d\u0117mes\u012f \u012f aparatin\u0119 \u012frang\u0105, kuri i\u0161 tikr\u0173j\u0173 svarbi, u\u017etikrindama, kad esate \u201ematomi ir [&hellip;]<\/p>","protected":false},"featured_media":27931,"comment_status":"open","ping_status":"closed","template":"","meta":{"_season_start":"","_season_end":"","_season_days":"","_season_months":"","_season_auto_visibility":""},"product_brand":[856],"product_cat":[1710],"product_tag":[],"class_list":{"0":"post-12892","1":"product","2":"type-product","3":"status-publish","4":"has-post-thumbnail","6":"product_brand-proxtend","7":"product_cat-web-kameros","9":"first","10":"instock","11":"taxable","12":"shipping-taxable","13":"purchasable","14":"product-type-simple"},"yoast_head":"<!-- This site is optimized with the Yoast SEO plugin v27.4 - https:\/\/yoast.com\/product\/yoast-seo-wordpress\/ -->\n<title>Internetin\u0117 WEB kamera Full HD X201 ProXtend PX-CAM004 - Rutana - Ra\u0161tin\u0117s reikmenys<\/title>\n<meta name=\"robots\" content=\"index, follow, max-snippet:-1, max-image-preview:large, max-video-preview:-1\" \/>\n<link rel=\"canonical\" href=\"https:\/\/rutana.lt\/en\/product\/internetine-web-kamera-full-hd-x201-proxtend-px-cam004\/\" \/>\n<meta property=\"og:locale\" content=\"en_US\" \/>\n<meta property=\"og:type\" content=\"article\" \/>\n<meta property=\"og:title\" content=\"Internetin\u0117 WEB kamera Full HD X201 ProXtend PX-CAM004 - Rutana - Ra\u0161tin\u0117s reikmenys\" \/>\n<meta property=\"og:description\" content=\"Su savo 3 megapikseli\u0173 1 \/ 2.7 \u201coptiniu jutikliu ir fiksuotu \u017eidinio objektyvu, kartu su \u012fvairiakryp\u010diu mikrofonu, \u201e Proxtend X201\u201c yra puikus pasirinkimas internetini\u0173 pokalbi\u0173 ir internetini\u0173 vaizdo program\u0173 vartotojams. \u201eProXtend\u201c gamintojai supranta, kad vaizdo kokyb\u0117s megapikseliai n\u0117ra viskas, tod\u0117l jie sutelkia d\u0117mes\u012f \u012f aparatin\u0119 \u012frang\u0105, kuri i\u0161 tikr\u0173j\u0173 svarbi, u\u017etikrindama, kad esate \u201ematomi ir [&hellip;]\" \/>\n<meta property=\"og:url\" content=\"https:\/\/rutana.lt\/en\/product\/internetine-web-kamera-full-hd-x201-proxtend-px-cam004\/\" \/>\n<meta property=\"og:site_name\" content=\"Rutana - Ra\u0161tin\u0117s reikmenys\" \/>\n<meta property=\"article:publisher\" content=\"https:\/\/www.facebook.com\/RutanaKanceliarinesPrekes\/\" \/>\n<meta property=\"article:modified_time\" content=\"2025-10-13T13:42:53+00:00\" \/>\n<meta property=\"og:image\" content=\"https:\/\/rutana.lt\/wp-content\/uploads\/2025\/09\/B039-831.jpg\" \/>\n\t<meta property=\"og:image:width\" content=\"600\" \/>\n\t<meta property=\"og:image:height\" content=\"528\" \/>\n\t<meta property=\"og:image:type\" content=\"image\/jpeg\" \/>\n<meta name=\"twitter:card\" content=\"summary_large_image\" \/>\n<script type=\"application\/ld+json\" class=\"yoast-schema-graph\">{\"@context\":\"https:\\\/\\\/schema.org\",\"@graph\":[{\"@type\":\"WebPage\",\"@id\":\"https:\\\/\\\/rutana.lt\\\/produktas\\\/internetine-web-kamera-full-hd-x201-proxtend-px-cam004\\\/\",\"url\":\"https:\\\/\\\/rutana.lt\\\/produktas\\\/internetine-web-kamera-full-hd-x201-proxtend-px-cam004\\\/\",\"name\":\"Internetin\u0117 WEB kamera Full HD X201 ProXtend PX-CAM004 - Rutana - Ra\u0161tin\u0117s reikmenys\",\"isPartOf\":{\"@id\":\"https:\\\/\\\/rutana.lt\\\/#website\"},\"primaryImageOfPage\":{\"@id\":\"https:\\\/\\\/rutana.lt\\\/produktas\\\/internetine-web-kamera-full-hd-x201-proxtend-px-cam004\\\/#primaryimage\"},\"image\":{\"@id\":\"https:\\\/\\\/rutana.lt\\\/produktas\\\/internetine-web-kamera-full-hd-x201-proxtend-px-cam004\\\/#primaryimage\"},\"thumbnailUrl\":\"https:\\\/\\\/rutana.lt\\\/wp-content\\\/uploads\\\/2025\\\/09\\\/B039-831-1.jpg?v=1763619364\",\"datePublished\":\"2025-09-03T07:25:32+00:00\",\"dateModified\":\"2025-10-13T13:42:53+00:00\",\"breadcrumb\":{\"@id\":\"https:\\\/\\\/rutana.lt\\\/produktas\\\/internetine-web-kamera-full-hd-x201-proxtend-px-cam004\\\/#breadcrumb\"},\"inLanguage\":\"en-US\",\"potentialAction\":[{\"@type\":\"ReadAction\",\"target\":[\"https:\\\/\\\/rutana.lt\\\/produktas\\\/internetine-web-kamera-full-hd-x201-proxtend-px-cam004\\\/\"]}]},{\"@type\":\"ImageObject\",\"inLanguage\":\"en-US\",\"@id\":\"https:\\\/\\\/rutana.lt\\\/produktas\\\/internetine-web-kamera-full-hd-x201-proxtend-px-cam004\\\/#primaryimage\",\"url\":\"https:\\\/\\\/rutana.lt\\\/wp-content\\\/uploads\\\/2025\\\/09\\\/B039-831-1.jpg?v=1763619364\",\"contentUrl\":\"https:\\\/\\\/rutana.lt\\\/wp-content\\\/uploads\\\/2025\\\/09\\\/B039-831-1.jpg?v=1763619364\",\"width\":600,\"height\":528},{\"@type\":\"BreadcrumbList\",\"@id\":\"https:\\\/\\\/rutana.lt\\\/produktas\\\/internetine-web-kamera-full-hd-x201-proxtend-px-cam004\\\/#breadcrumb\",\"itemListElement\":[{\"@type\":\"ListItem\",\"position\":1,\"name\":\"Home\",\"item\":\"https:\\\/\\\/rutana.lt\\\/\"},{\"@type\":\"ListItem\",\"position\":2,\"name\":\"Parduotuv\u0117\",\"item\":\"https:\\\/\\\/rutana.lt\\\/parduotuve\\\/\"},{\"@type\":\"ListItem\",\"position\":3,\"name\":\"Internetin\u0117 WEB kamera Full HD X201 ProXtend PX-CAM004\"}]},{\"@type\":\"WebSite\",\"@id\":\"https:\\\/\\\/rutana.lt\\\/#website\",\"url\":\"https:\\\/\\\/rutana.lt\\\/\",\"name\":\"Rutana - Ra\u0161tin\u0117s reikmenys\",\"description\":\"Prekiaujame pasaulin\u0117je rinkoje pripa\u017eintomis, kokybi\u0161komis biuro prek\u0117mis toki\u0173  gamintoj\u0173 kaip: Schneider, Esselte, Novus, 3M, Faber-Castell, Citizen, Milan, Leitz, Colop, Zebra, Staedtler, Durable, Tork, Parker, Waterman ir kt.\",\"publisher\":{\"@id\":\"https:\\\/\\\/rutana.lt\\\/#organization\"},\"potentialAction\":[{\"@type\":\"SearchAction\",\"target\":{\"@type\":\"EntryPoint\",\"urlTemplate\":\"https:\\\/\\\/rutana.lt\\\/?s={search_term_string}\"},\"query-input\":{\"@type\":\"PropertyValueSpecification\",\"valueRequired\":true,\"valueName\":\"search_term_string\"}}],\"inLanguage\":\"en-US\"},{\"@type\":\"Organization\",\"@id\":\"https:\\\/\\\/rutana.lt\\\/#organization\",\"name\":\"Rutana - Ra\u0161tin\u0117s reikmenys\",\"url\":\"https:\\\/\\\/rutana.lt\\\/\",\"logo\":{\"@type\":\"ImageObject\",\"inLanguage\":\"en-US\",\"@id\":\"https:\\\/\\\/rutana.lt\\\/#\\\/schema\\\/logo\\\/image\\\/\",\"url\":\"https:\\\/\\\/rutana.lt\\\/wp-content\\\/uploads\\\/2025\\\/10\\\/Asset-32.png\",\"contentUrl\":\"https:\\\/\\\/rutana.lt\\\/wp-content\\\/uploads\\\/2025\\\/10\\\/Asset-32.png\",\"width\":433,\"height\":119,\"caption\":\"Rutana - Ra\u0161tin\u0117s reikmenys\"},\"image\":{\"@id\":\"https:\\\/\\\/rutana.lt\\\/#\\\/schema\\\/logo\\\/image\\\/\"},\"sameAs\":[\"https:\\\/\\\/www.facebook.com\\\/RutanaKanceliarinesPrekes\\\/\"]}]}<\/script>\n<!-- \/ Yoast SEO plugin. -->","yoast_head_json":{"title":"Internetin\u0117 WEB kamera Full HD X201 ProXtend PX-CAM004 - Rutana - Ra\u0161tin\u0117s reikmenys","robots":{"index":"index","follow":"follow","max-snippet":"max-snippet:-1","max-image-preview":"max-image-preview:large","max-video-preview":"max-video-preview:-1"},"canonical":"https:\/\/rutana.lt\/en\/product\/internetine-web-kamera-full-hd-x201-proxtend-px-cam004\/","og_locale":"en_US","og_type":"article","og_title":"Internetin\u0117 WEB kamera Full HD X201 ProXtend PX-CAM004 - Rutana - Ra\u0161tin\u0117s reikmenys","og_description":"Su savo 3 megapikseli\u0173 1 \/ 2.7 \u201coptiniu jutikliu ir fiksuotu \u017eidinio objektyvu, kartu su \u012fvairiakryp\u010diu mikrofonu, \u201e Proxtend X201\u201c yra puikus pasirinkimas internetini\u0173 pokalbi\u0173 ir internetini\u0173 vaizdo program\u0173 vartotojams. \u201eProXtend\u201c gamintojai supranta, kad vaizdo kokyb\u0117s megapikseliai n\u0117ra viskas, tod\u0117l jie sutelkia d\u0117mes\u012f \u012f aparatin\u0119 \u012frang\u0105, kuri i\u0161 tikr\u0173j\u0173 svarbi, u\u017etikrindama, kad esate \u201ematomi ir [&hellip;]","og_url":"https:\/\/rutana.lt\/en\/product\/internetine-web-kamera-full-hd-x201-proxtend-px-cam004\/","og_site_name":"Rutana - Ra\u0161tin\u0117s reikmenys","article_publisher":"https:\/\/www.facebook.com\/RutanaKanceliarinesPrekes\/","article_modified_time":"2025-10-13T13:42:53+00:00","og_image":[{"width":600,"height":528,"url":"https:\/\/rutana.lt\/wp-content\/uploads\/2025\/09\/B039-831.jpg","type":"image\/jpeg"}],"twitter_card":"summary_large_image","schema":{"@context":"https:\/\/schema.org","@graph":[{"@type":"WebPage","@id":"https:\/\/rutana.lt\/produktas\/internetine-web-kamera-full-hd-x201-proxtend-px-cam004\/","url":"https:\/\/rutana.lt\/produktas\/internetine-web-kamera-full-hd-x201-proxtend-px-cam004\/","name":"Internetin\u0117 WEB kamera Full HD X201 ProXtend PX-CAM004 - Rutana - Ra\u0161tin\u0117s reikmenys","isPartOf":{"@id":"https:\/\/rutana.lt\/#website"},"primaryImageOfPage":{"@id":"https:\/\/rutana.lt\/produktas\/internetine-web-kamera-full-hd-x201-proxtend-px-cam004\/#primaryimage"},"image":{"@id":"https:\/\/rutana.lt\/produktas\/internetine-web-kamera-full-hd-x201-proxtend-px-cam004\/#primaryimage"},"thumbnailUrl":"https:\/\/rutana.lt\/wp-content\/uploads\/2025\/09\/B039-831-1.jpg?v=1763619364","datePublished":"2025-09-03T07:25:32+00:00","dateModified":"2025-10-13T13:42:53+00:00","breadcrumb":{"@id":"https:\/\/rutana.lt\/produktas\/internetine-web-kamera-full-hd-x201-proxtend-px-cam004\/#breadcrumb"},"inLanguage":"en-US","potentialAction":[{"@type":"ReadAction","target":["https:\/\/rutana.lt\/produktas\/internetine-web-kamera-full-hd-x201-proxtend-px-cam004\/"]}]},{"@type":"ImageObject","inLanguage":"en-US","@id":"https:\/\/rutana.lt\/produktas\/internetine-web-kamera-full-hd-x201-proxtend-px-cam004\/#primaryimage","url":"https:\/\/rutana.lt\/wp-content\/uploads\/2025\/09\/B039-831-1.jpg?v=1763619364","contentUrl":"https:\/\/rutana.lt\/wp-content\/uploads\/2025\/09\/B039-831-1.jpg?v=1763619364","width":600,"height":528},{"@type":"BreadcrumbList","@id":"https:\/\/rutana.lt\/produktas\/internetine-web-kamera-full-hd-x201-proxtend-px-cam004\/#breadcrumb","itemListElement":[{"@type":"ListItem","position":1,"name":"Home","item":"https:\/\/rutana.lt\/"},{"@type":"ListItem","position":2,"name":"Parduotuv\u0117","item":"https:\/\/rutana.lt\/parduotuve\/"},{"@type":"ListItem","position":3,"name":"Internetin\u0117 WEB kamera Full HD X201 ProXtend PX-CAM004"}]},{"@type":"WebSite","@id":"https:\/\/rutana.lt\/#website","url":"https:\/\/rutana.lt\/","name":"Rutana - Ra\u0161tin\u0117s reikmenys","description":"Prekiaujame pasaulin\u0117je rinkoje pripa\u017eintomis, kokybi\u0161komis biuro prek\u0117mis toki\u0173  gamintoj\u0173 kaip: Schneider, Esselte, Novus, 3M, Faber-Castell, Citizen, Milan, Leitz, Colop, Zebra, Staedtler, Durable, Tork, Parker, Waterman ir kt.","publisher":{"@id":"https:\/\/rutana.lt\/#organization"},"potentialAction":[{"@type":"SearchAction","target":{"@type":"EntryPoint","urlTemplate":"https:\/\/rutana.lt\/?s={search_term_string}"},"query-input":{"@type":"PropertyValueSpecification","valueRequired":true,"valueName":"search_term_string"}}],"inLanguage":"en-US"},{"@type":"Organization","@id":"https:\/\/rutana.lt\/#organization","name":"Rutana - Ra\u0161tin\u0117s reikmenys","url":"https:\/\/rutana.lt\/","logo":{"@type":"ImageObject","inLanguage":"en-US","@id":"https:\/\/rutana.lt\/#\/schema\/logo\/image\/","url":"https:\/\/rutana.lt\/wp-content\/uploads\/2025\/10\/Asset-32.png","contentUrl":"https:\/\/rutana.lt\/wp-content\/uploads\/2025\/10\/Asset-32.png","width":433,"height":119,"caption":"Rutana - Ra\u0161tin\u0117s reikmenys"},"image":{"@id":"https:\/\/rutana.lt\/#\/schema\/logo\/image\/"},"sameAs":["https:\/\/www.facebook.com\/RutanaKanceliarinesPrekes\/"]}]}},"_links":{"self":[{"href":"https:\/\/rutana.lt\/en\/wp-json\/wp\/v2\/product\/12892","targetHints":{"allow":["GET"]}}],"collection":[{"href":"https:\/\/rutana.lt\/en\/wp-json\/wp\/v2\/product"}],"about":[{"href":"https:\/\/rutana.lt\/en\/wp-json\/wp\/v2\/types\/product"}],"replies":[{"embeddable":true,"href":"https:\/\/rutana.lt\/en\/wp-json\/wp\/v2\/comments?post=12892"}],"version-history":[{"count":1,"href":"https:\/\/rutana.lt\/en\/wp-json\/wp\/v2\/product\/12892\/revisions"}],"predecessor-version":[{"id":12933,"href":"https:\/\/rutana.lt\/en\/wp-json\/wp\/v2\/product\/12892\/revisions\/12933"}],"wp:featuredmedia":[{"embeddable":true,"href":"https:\/\/rutana.lt\/en\/wp-json\/wp\/v2\/media\/27931"}],"wp:attachment":[{"href":"https:\/\/rutana.lt\/en\/wp-json\/wp\/v2\/media?parent=12892"}],"wp:term":[{"taxonomy":"product_brand","embeddable":true,"href":"https:\/\/rutana.lt\/en\/wp-json\/wp\/v2\/product_brand?post=12892"},{"taxonomy":"product_cat","embeddable":true,"href":"https:\/\/rutana.lt\/en\/wp-json\/wp\/v2\/product_cat?post=12892"},{"taxonomy":"product_tag","embeddable":true,"href":"https:\/\/rutana.lt\/en\/wp-json\/wp\/v2\/product_tag?post=12892"}],"curies":[{"name":"wp","href":"https:\/\/api.w.org\/{rel}","templated":true}]}}