{"id":12890,"date":"2025-09-03T09:25:32","date_gmt":"2025-09-03T07:25:32","guid":{"rendered":"https:\/\/rutana.webdemo.lt\/?post_type=product&#038;p=12890"},"modified":"2025-10-13T15:42:53","modified_gmt":"2025-10-13T13:42:53","slug":"purskiamas-valiklis-baltai-magnetinei-lentai-250-ml-stanger-55020001","status":"publish","type":"product","link":"https:\/\/rutana.lt\/en\/product\/purskiamas-valiklis-baltai-magnetinei-lentai-250-ml-stanger-55020001\/","title":{"rendered":"Pur\u0161kiamas valiklis baltai magnetinei lentai 250 ml Stanger 55020001"},"content":{"rendered":"<p>Baltos lentos pur\u0161kiamas valiklis efektyviai pa\u0161alina ir nuvalo \u017eymekli\u0173 ra\u0161al\u0105, dulkes ir ne\u0161varumus nuo lentos pavir\u0161i\u0173. Papras\u010diausiai purk\u0161kite ant audinio, kad nuvalytum\u0117te pavir\u0161i\u0173, tada poliruokite sausa \u0161luoste. Valiklis yra biologi\u0161kai skaidomas, alkoholio pagrindu.<\/p>\n<p>Talpa: 250 ml <\/p>\n<p>Kilm\u0117s \u0161alis: Vokietija<\/p>\n<\/p>\n<p><\/p>","protected":false},"excerpt":{"rendered":"<p>Baltos lentos pur\u0161kiamas valiklis efektyviai pa\u0161alina ir nuvalo \u017eymekli\u0173 ra\u0161al\u0105, dulkes ir ne\u0161varumus nuo lentos pavir\u0161i\u0173. Papras\u010diausiai purk\u0161kite ant audinio, kad nuvalytum\u0117te pavir\u0161i\u0173, tada poliruokite sausa \u0161luoste. Valiklis yra biologi\u0161kai skaidomas, alkoholio pagrindu. Talpa: 250 ml Kilm\u0117s \u0161alis: Vokietija<\/p>","protected":false},"featured_media":27929,"comment_status":"open","ping_status":"closed","template":"","meta":{"_season_start":"","_season_end":"","_season_days":"","_season_months":"","_season_auto_visibility":""},"product_brand":[687],"product_cat":[1794],"product_tag":[],"class_list":{"0":"post-12890","1":"product","2":"type-product","3":"status-publish","4":"has-post-thumbnail","6":"product_brand-stanger","7":"product_cat-lentu-valymo-priemones","9":"first","10":"instock","11":"taxable","12":"shipping-taxable","13":"purchasable","14":"product-type-simple"},"yoast_head":"<!-- This site is optimized with the Yoast SEO plugin v26.1.1 - https:\/\/yoast.com\/wordpress\/plugins\/seo\/ -->\n<title>Pur\u0161kiamas valiklis baltai magnetinei lentai 250 ml Stanger 55020001 - Rutana - Ra\u0161tin\u0117s reikmenys<\/title>\n<meta name=\"robots\" content=\"index, follow, max-snippet:-1, max-image-preview:large, max-video-preview:-1\" \/>\n<link rel=\"canonical\" href=\"https:\/\/rutana.lt\/en\/product\/purskiamas-valiklis-baltai-magnetinei-lentai-250-ml-stanger-55020001\/\" \/>\n<meta property=\"og:locale\" content=\"en_US\" \/>\n<meta property=\"og:type\" content=\"article\" \/>\n<meta property=\"og:title\" content=\"Pur\u0161kiamas valiklis baltai magnetinei lentai 250 ml Stanger 55020001 - Rutana - Ra\u0161tin\u0117s reikmenys\" \/>\n<meta property=\"og:description\" content=\"Baltos lentos pur\u0161kiamas valiklis efektyviai pa\u0161alina ir nuvalo \u017eymekli\u0173 ra\u0161al\u0105, dulkes ir ne\u0161varumus nuo lentos pavir\u0161i\u0173. Papras\u010diausiai purk\u0161kite ant audinio, kad nuvalytum\u0117te pavir\u0161i\u0173, tada poliruokite sausa \u0161luoste. Valiklis yra biologi\u0161kai skaidomas, alkoholio pagrindu. Talpa: 250 ml Kilm\u0117s \u0161alis: Vokietija\" \/>\n<meta property=\"og:url\" content=\"https:\/\/rutana.lt\/en\/product\/purskiamas-valiklis-baltai-magnetinei-lentai-250-ml-stanger-55020001\/\" \/>\n<meta property=\"og:site_name\" content=\"Rutana - Ra\u0161tin\u0117s reikmenys\" \/>\n<meta property=\"article:publisher\" content=\"https:\/\/www.facebook.com\/RutanaKanceliarinesPrekes\/\" \/>\n<meta property=\"article:modified_time\" content=\"2025-10-13T13:42:53+00:00\" \/>\n<meta property=\"og:image\" content=\"https:\/\/rutana.lt\/wp-content\/uploads\/2025\/09\/B065-201.jpg\" \/>\n\t<meta property=\"og:image:width\" content=\"484\" \/>\n\t<meta property=\"og:image:height\" content=\"661\" \/>\n\t<meta property=\"og:image:type\" content=\"image\/jpeg\" \/>\n<meta name=\"twitter:card\" content=\"summary_large_image\" \/>\n<script type=\"application\/ld+json\" class=\"yoast-schema-graph\">{\"@context\":\"https:\/\/schema.org\",\"@graph\":[{\"@type\":\"WebPage\",\"@id\":\"https:\/\/rutana.lt\/produktas\/purskiamas-valiklis-baltai-magnetinei-lentai-250-ml-stanger-55020001\/\",\"url\":\"https:\/\/rutana.lt\/produktas\/purskiamas-valiklis-baltai-magnetinei-lentai-250-ml-stanger-55020001\/\",\"name\":\"Pur\u0161kiamas valiklis baltai magnetinei lentai 250 ml Stanger 55020001 - Rutana - Ra\u0161tin\u0117s reikmenys\",\"isPartOf\":{\"@id\":\"https:\/\/rutana.lt\/#website\"},\"primaryImageOfPage\":{\"@id\":\"https:\/\/rutana.lt\/produktas\/purskiamas-valiklis-baltai-magnetinei-lentai-250-ml-stanger-55020001\/#primaryimage\"},\"image\":{\"@id\":\"https:\/\/rutana.lt\/produktas\/purskiamas-valiklis-baltai-magnetinei-lentai-250-ml-stanger-55020001\/#primaryimage\"},\"thumbnailUrl\":\"https:\/\/rutana.lt\/wp-content\/uploads\/2025\/09\/B065-201-1.jpg?v=1763619369\",\"datePublished\":\"2025-09-03T07:25:32+00:00\",\"dateModified\":\"2025-10-13T13:42:53+00:00\",\"breadcrumb\":{\"@id\":\"https:\/\/rutana.lt\/produktas\/purskiamas-valiklis-baltai-magnetinei-lentai-250-ml-stanger-55020001\/#breadcrumb\"},\"inLanguage\":\"en-US\",\"potentialAction\":[{\"@type\":\"ReadAction\",\"target\":[\"https:\/\/rutana.lt\/produktas\/purskiamas-valiklis-baltai-magnetinei-lentai-250-ml-stanger-55020001\/\"]}]},{\"@type\":\"ImageObject\",\"inLanguage\":\"en-US\",\"@id\":\"https:\/\/rutana.lt\/produktas\/purskiamas-valiklis-baltai-magnetinei-lentai-250-ml-stanger-55020001\/#primaryimage\",\"url\":\"https:\/\/rutana.lt\/wp-content\/uploads\/2025\/09\/B065-201-1.jpg?v=1763619369\",\"contentUrl\":\"https:\/\/rutana.lt\/wp-content\/uploads\/2025\/09\/B065-201-1.jpg?v=1763619369\",\"width\":484,\"height\":661},{\"@type\":\"BreadcrumbList\",\"@id\":\"https:\/\/rutana.lt\/produktas\/purskiamas-valiklis-baltai-magnetinei-lentai-250-ml-stanger-55020001\/#breadcrumb\",\"itemListElement\":[{\"@type\":\"ListItem\",\"position\":1,\"name\":\"Home\",\"item\":\"https:\/\/rutana.lt\/\"},{\"@type\":\"ListItem\",\"position\":2,\"name\":\"Parduotuv\u0117\",\"item\":\"https:\/\/rutana.lt\/parduotuve\/\"},{\"@type\":\"ListItem\",\"position\":3,\"name\":\"Pur\u0161kiamas valiklis baltai magnetinei lentai 250 ml Stanger 55020001\"}]},{\"@type\":\"WebSite\",\"@id\":\"https:\/\/rutana.lt\/#website\",\"url\":\"https:\/\/rutana.lt\/\",\"name\":\"Rutana - Ra\u0161tin\u0117s reikmenys\",\"description\":\"Prekiaujame pasaulin\u0117je rinkoje pripa\u017eintomis, kokybi\u0161komis biuro prek\u0117mis toki\u0173  gamintoj\u0173 kaip: Schneider, Esselte, Novus, 3M, Faber-Castell, Citizen, Milan, Leitz, Colop, Zebra, Staedtler, Durable, Tork, Parker, Waterman ir kt.\",\"publisher\":{\"@id\":\"https:\/\/rutana.lt\/#organization\"},\"potentialAction\":[{\"@type\":\"SearchAction\",\"target\":{\"@type\":\"EntryPoint\",\"urlTemplate\":\"https:\/\/rutana.lt\/?s={search_term_string}\"},\"query-input\":{\"@type\":\"PropertyValueSpecification\",\"valueRequired\":true,\"valueName\":\"search_term_string\"}}],\"inLanguage\":\"en-US\"},{\"@type\":\"Organization\",\"@id\":\"https:\/\/rutana.lt\/#organization\",\"name\":\"Rutana - Ra\u0161tin\u0117s reikmenys\",\"url\":\"https:\/\/rutana.lt\/\",\"logo\":{\"@type\":\"ImageObject\",\"inLanguage\":\"en-US\",\"@id\":\"https:\/\/rutana.lt\/#\/schema\/logo\/image\/\",\"url\":\"https:\/\/rutana.lt\/wp-content\/uploads\/2025\/10\/Asset-32.png\",\"contentUrl\":\"https:\/\/rutana.lt\/wp-content\/uploads\/2025\/10\/Asset-32.png\",\"width\":433,\"height\":119,\"caption\":\"Rutana - Ra\u0161tin\u0117s reikmenys\"},\"image\":{\"@id\":\"https:\/\/rutana.lt\/#\/schema\/logo\/image\/\"},\"sameAs\":[\"https:\/\/www.facebook.com\/RutanaKanceliarinesPrekes\/\"]}]}<\/script>\n<!-- \/ Yoast SEO plugin. -->","yoast_head_json":{"title":"Pur\u0161kiamas valiklis baltai magnetinei lentai 250 ml Stanger 55020001 - Rutana - Ra\u0161tin\u0117s reikmenys","robots":{"index":"index","follow":"follow","max-snippet":"max-snippet:-1","max-image-preview":"max-image-preview:large","max-video-preview":"max-video-preview:-1"},"canonical":"https:\/\/rutana.lt\/en\/product\/purskiamas-valiklis-baltai-magnetinei-lentai-250-ml-stanger-55020001\/","og_locale":"en_US","og_type":"article","og_title":"Pur\u0161kiamas valiklis baltai magnetinei lentai 250 ml Stanger 55020001 - Rutana - Ra\u0161tin\u0117s reikmenys","og_description":"Baltos lentos pur\u0161kiamas valiklis efektyviai pa\u0161alina ir nuvalo \u017eymekli\u0173 ra\u0161al\u0105, dulkes ir ne\u0161varumus nuo lentos pavir\u0161i\u0173. Papras\u010diausiai purk\u0161kite ant audinio, kad nuvalytum\u0117te pavir\u0161i\u0173, tada poliruokite sausa \u0161luoste. Valiklis yra biologi\u0161kai skaidomas, alkoholio pagrindu. Talpa: 250 ml Kilm\u0117s \u0161alis: Vokietija","og_url":"https:\/\/rutana.lt\/en\/product\/purskiamas-valiklis-baltai-magnetinei-lentai-250-ml-stanger-55020001\/","og_site_name":"Rutana - Ra\u0161tin\u0117s reikmenys","article_publisher":"https:\/\/www.facebook.com\/RutanaKanceliarinesPrekes\/","article_modified_time":"2025-10-13T13:42:53+00:00","og_image":[{"width":484,"height":661,"url":"https:\/\/rutana.lt\/wp-content\/uploads\/2025\/09\/B065-201.jpg","type":"image\/jpeg"}],"twitter_card":"summary_large_image","schema":{"@context":"https:\/\/schema.org","@graph":[{"@type":"WebPage","@id":"https:\/\/rutana.lt\/produktas\/purskiamas-valiklis-baltai-magnetinei-lentai-250-ml-stanger-55020001\/","url":"https:\/\/rutana.lt\/produktas\/purskiamas-valiklis-baltai-magnetinei-lentai-250-ml-stanger-55020001\/","name":"Pur\u0161kiamas valiklis baltai magnetinei lentai 250 ml Stanger 55020001 - Rutana - Ra\u0161tin\u0117s reikmenys","isPartOf":{"@id":"https:\/\/rutana.lt\/#website"},"primaryImageOfPage":{"@id":"https:\/\/rutana.lt\/produktas\/purskiamas-valiklis-baltai-magnetinei-lentai-250-ml-stanger-55020001\/#primaryimage"},"image":{"@id":"https:\/\/rutana.lt\/produktas\/purskiamas-valiklis-baltai-magnetinei-lentai-250-ml-stanger-55020001\/#primaryimage"},"thumbnailUrl":"https:\/\/rutana.lt\/wp-content\/uploads\/2025\/09\/B065-201-1.jpg?v=1763619369","datePublished":"2025-09-03T07:25:32+00:00","dateModified":"2025-10-13T13:42:53+00:00","breadcrumb":{"@id":"https:\/\/rutana.lt\/produktas\/purskiamas-valiklis-baltai-magnetinei-lentai-250-ml-stanger-55020001\/#breadcrumb"},"inLanguage":"en-US","potentialAction":[{"@type":"ReadAction","target":["https:\/\/rutana.lt\/produktas\/purskiamas-valiklis-baltai-magnetinei-lentai-250-ml-stanger-55020001\/"]}]},{"@type":"ImageObject","inLanguage":"en-US","@id":"https:\/\/rutana.lt\/produktas\/purskiamas-valiklis-baltai-magnetinei-lentai-250-ml-stanger-55020001\/#primaryimage","url":"https:\/\/rutana.lt\/wp-content\/uploads\/2025\/09\/B065-201-1.jpg?v=1763619369","contentUrl":"https:\/\/rutana.lt\/wp-content\/uploads\/2025\/09\/B065-201-1.jpg?v=1763619369","width":484,"height":661},{"@type":"BreadcrumbList","@id":"https:\/\/rutana.lt\/produktas\/purskiamas-valiklis-baltai-magnetinei-lentai-250-ml-stanger-55020001\/#breadcrumb","itemListElement":[{"@type":"ListItem","position":1,"name":"Home","item":"https:\/\/rutana.lt\/"},{"@type":"ListItem","position":2,"name":"Parduotuv\u0117","item":"https:\/\/rutana.lt\/parduotuve\/"},{"@type":"ListItem","position":3,"name":"Pur\u0161kiamas valiklis baltai magnetinei lentai 250 ml Stanger 55020001"}]},{"@type":"WebSite","@id":"https:\/\/rutana.lt\/#website","url":"https:\/\/rutana.lt\/","name":"Rutana - Ra\u0161tin\u0117s reikmenys","description":"Prekiaujame pasaulin\u0117je rinkoje pripa\u017eintomis, kokybi\u0161komis biuro prek\u0117mis toki\u0173  gamintoj\u0173 kaip: Schneider, Esselte, Novus, 3M, Faber-Castell, Citizen, Milan, Leitz, Colop, Zebra, Staedtler, Durable, Tork, Parker, Waterman ir kt.","publisher":{"@id":"https:\/\/rutana.lt\/#organization"},"potentialAction":[{"@type":"SearchAction","target":{"@type":"EntryPoint","urlTemplate":"https:\/\/rutana.lt\/?s={search_term_string}"},"query-input":{"@type":"PropertyValueSpecification","valueRequired":true,"valueName":"search_term_string"}}],"inLanguage":"en-US"},{"@type":"Organization","@id":"https:\/\/rutana.lt\/#organization","name":"Rutana - Ra\u0161tin\u0117s reikmenys","url":"https:\/\/rutana.lt\/","logo":{"@type":"ImageObject","inLanguage":"en-US","@id":"https:\/\/rutana.lt\/#\/schema\/logo\/image\/","url":"https:\/\/rutana.lt\/wp-content\/uploads\/2025\/10\/Asset-32.png","contentUrl":"https:\/\/rutana.lt\/wp-content\/uploads\/2025\/10\/Asset-32.png","width":433,"height":119,"caption":"Rutana - Ra\u0161tin\u0117s reikmenys"},"image":{"@id":"https:\/\/rutana.lt\/#\/schema\/logo\/image\/"},"sameAs":["https:\/\/www.facebook.com\/RutanaKanceliarinesPrekes\/"]}]}},"_links":{"self":[{"href":"https:\/\/rutana.lt\/en\/wp-json\/wp\/v2\/product\/12890","targetHints":{"allow":["GET"]}}],"collection":[{"href":"https:\/\/rutana.lt\/en\/wp-json\/wp\/v2\/product"}],"about":[{"href":"https:\/\/rutana.lt\/en\/wp-json\/wp\/v2\/types\/product"}],"replies":[{"embeddable":true,"href":"https:\/\/rutana.lt\/en\/wp-json\/wp\/v2\/comments?post=12890"}],"version-history":[{"count":1,"href":"https:\/\/rutana.lt\/en\/wp-json\/wp\/v2\/product\/12890\/revisions"}],"predecessor-version":[{"id":12929,"href":"https:\/\/rutana.lt\/en\/wp-json\/wp\/v2\/product\/12890\/revisions\/12929"}],"wp:featuredmedia":[{"embeddable":true,"href":"https:\/\/rutana.lt\/en\/wp-json\/wp\/v2\/media\/27929"}],"wp:attachment":[{"href":"https:\/\/rutana.lt\/en\/wp-json\/wp\/v2\/media?parent=12890"}],"wp:term":[{"taxonomy":"product_brand","embeddable":true,"href":"https:\/\/rutana.lt\/en\/wp-json\/wp\/v2\/product_brand?post=12890"},{"taxonomy":"product_cat","embeddable":true,"href":"https:\/\/rutana.lt\/en\/wp-json\/wp\/v2\/product_cat?post=12890"},{"taxonomy":"product_tag","embeddable":true,"href":"https:\/\/rutana.lt\/en\/wp-json\/wp\/v2\/product_tag?post=12890"}],"curies":[{"name":"wp","href":"https:\/\/api.w.org\/{rel}","templated":true}]}}