{"id":12823,"date":"2025-09-03T09:25:09","date_gmt":"2025-09-03T07:25:09","guid":{"rendered":"https:\/\/rutana.webdemo.lt\/?post_type=product&#038;p=12823"},"modified":"2025-10-13T15:42:44","modified_gmt":"2025-10-13T13:42:44","slug":"lipnios-etiketes-apvalios-19mm-100vnt-rozines-sp-herma-1886","status":"publish","type":"product","link":"https:\/\/rutana.lt\/en\/product\/lipnios-etiketes-apvalios-19mm-100vnt-rozines-sp-herma-1886\/","title":{"rendered":"Lipnios etiket\u0117s apvalios 19mm 100vnt. ro\u017ein\u0117s sp. Herma 1886"},"content":{"rendered":"<p>Lipnios etiket\u0117s, apvalios formos, idealiai tinka greitai u\u017era\u0161yti, pa\u017eym\u0117ti, tvarkyti, planuoti ir organizuoti. Galima naudoti ant lent\u0173 ar bloknot\u0173. Naudokite etiketes darbo vietose, susitikimams, pristatymams, atostog\u0173 planavimui, gaunam\u0173 preki\u0173 \u017eym\u0117jimui, u\u017esakym\u0173 rinkimui, atsargoms ir kokyb\u0117s kontrolei. Ant \u017eenklinimo lipduk\u0173 galima u\u017era\u0161yti bet kokiu \u012fprastu ra\u0161ymo \u012frankiu. Netinka spausdinti kompiuteriu.<\/p>\n<p>Etike\u010di\u0173 kiekis: 100 vnt.<\/p>\n<p>Etiket\u0117s skersmuo: 19 mm <\/p>\n<p>Etiket\u0117s spalva: ro\u017ein\u0117<\/p>\n<p>Kilm\u0117s \u0161alis: Vokietija<\/p>\n<p><\/p>\n<p><iframe src=\"\/\/www.youtube.com\/embed\/NBjf_yPqUN0\" width=\"640\" height=\"360\" frameborder=\"0\"><\/iframe><\/p>\n<p><\/p>\n<\/p>\n<p><\/p>","protected":false},"excerpt":{"rendered":"<p>Lipnios etiket\u0117s, apvalios formos, idealiai tinka greitai u\u017era\u0161yti, pa\u017eym\u0117ti, tvarkyti, planuoti ir organizuoti. Galima naudoti ant lent\u0173 ar bloknot\u0173. Naudokite etiketes darbo vietose, susitikimams, pristatymams, atostog\u0173 planavimui, gaunam\u0173 preki\u0173 \u017eym\u0117jimui, u\u017esakym\u0173 rinkimui, atsargoms ir kokyb\u0117s kontrolei. Ant \u017eenklinimo lipduk\u0173 galima u\u017era\u0161yti bet kokiu \u012fprastu ra\u0161ymo \u012frankiu. Netinka spausdinti kompiuteriu. Etike\u010di\u0173 kiekis: 100 vnt. Etiket\u0117s skersmuo: [&hellip;]<\/p>","protected":false},"featured_media":27909,"comment_status":"open","ping_status":"closed","template":"","meta":{"_season_start":"","_season_end":"","_season_days":"","_season_months":"","_season_auto_visibility":""},"product_brand":[665],"product_cat":[1796],"product_tag":[],"class_list":{"0":"post-12823","1":"product","2":"type-product","3":"status-publish","4":"has-post-thumbnail","6":"product_brand-herma","7":"product_cat-lipnios-etiketes","9":"first","10":"instock","11":"taxable","12":"shipping-taxable","13":"purchasable","14":"product-type-simple"},"yoast_head":"<!-- This site is optimized with the Yoast SEO plugin v27.4 - https:\/\/yoast.com\/product\/yoast-seo-wordpress\/ -->\n<title>Lipnios etiket\u0117s apvalios 19mm 100vnt. ro\u017ein\u0117s sp. Herma 1886 - Rutana - Ra\u0161tin\u0117s reikmenys<\/title>\n<meta name=\"robots\" content=\"index, follow, max-snippet:-1, max-image-preview:large, max-video-preview:-1\" \/>\n<link rel=\"canonical\" href=\"https:\/\/rutana.lt\/en\/product\/lipnios-etiketes-apvalios-19mm-100vnt-rozines-sp-herma-1886\/\" \/>\n<meta property=\"og:locale\" content=\"en_US\" \/>\n<meta property=\"og:type\" content=\"article\" \/>\n<meta property=\"og:title\" content=\"Lipnios etiket\u0117s apvalios 19mm 100vnt. ro\u017ein\u0117s sp. Herma 1886 - Rutana - Ra\u0161tin\u0117s reikmenys\" \/>\n<meta property=\"og:description\" content=\"Lipnios etiket\u0117s, apvalios formos, idealiai tinka greitai u\u017era\u0161yti, pa\u017eym\u0117ti, tvarkyti, planuoti ir organizuoti. Galima naudoti ant lent\u0173 ar bloknot\u0173. Naudokite etiketes darbo vietose, susitikimams, pristatymams, atostog\u0173 planavimui, gaunam\u0173 preki\u0173 \u017eym\u0117jimui, u\u017esakym\u0173 rinkimui, atsargoms ir kokyb\u0117s kontrolei. Ant \u017eenklinimo lipduk\u0173 galima u\u017era\u0161yti bet kokiu \u012fprastu ra\u0161ymo \u012frankiu. Netinka spausdinti kompiuteriu. Etike\u010di\u0173 kiekis: 100 vnt. Etiket\u0117s skersmuo: [&hellip;]\" \/>\n<meta property=\"og:url\" content=\"https:\/\/rutana.lt\/en\/product\/lipnios-etiketes-apvalios-19mm-100vnt-rozines-sp-herma-1886\/\" \/>\n<meta property=\"og:site_name\" content=\"Rutana - Ra\u0161tin\u0117s reikmenys\" \/>\n<meta property=\"article:publisher\" content=\"https:\/\/www.facebook.com\/RutanaKanceliarinesPrekes\/\" \/>\n<meta property=\"article:modified_time\" content=\"2025-10-13T13:42:44+00:00\" \/>\n<meta property=\"og:image\" content=\"https:\/\/rutana.lt\/wp-content\/uploads\/2025\/09\/A113-517.jpg\" \/>\n\t<meta property=\"og:image:width\" content=\"500\" \/>\n\t<meta property=\"og:image:height\" content=\"542\" \/>\n\t<meta property=\"og:image:type\" content=\"image\/jpeg\" \/>\n<meta name=\"twitter:card\" content=\"summary_large_image\" \/>\n<script type=\"application\/ld+json\" class=\"yoast-schema-graph\">{\"@context\":\"https:\\\/\\\/schema.org\",\"@graph\":[{\"@type\":\"WebPage\",\"@id\":\"https:\\\/\\\/rutana.lt\\\/produktas\\\/lipnios-etiketes-apvalios-19mm-100vnt-rozines-sp-herma-1886\\\/\",\"url\":\"https:\\\/\\\/rutana.lt\\\/produktas\\\/lipnios-etiketes-apvalios-19mm-100vnt-rozines-sp-herma-1886\\\/\",\"name\":\"Lipnios etiket\u0117s apvalios 19mm 100vnt. ro\u017ein\u0117s sp. Herma 1886 - Rutana - Ra\u0161tin\u0117s reikmenys\",\"isPartOf\":{\"@id\":\"https:\\\/\\\/rutana.lt\\\/#website\"},\"primaryImageOfPage\":{\"@id\":\"https:\\\/\\\/rutana.lt\\\/produktas\\\/lipnios-etiketes-apvalios-19mm-100vnt-rozines-sp-herma-1886\\\/#primaryimage\"},\"image\":{\"@id\":\"https:\\\/\\\/rutana.lt\\\/produktas\\\/lipnios-etiketes-apvalios-19mm-100vnt-rozines-sp-herma-1886\\\/#primaryimage\"},\"thumbnailUrl\":\"https:\\\/\\\/rutana.lt\\\/wp-content\\\/uploads\\\/2025\\\/09\\\/A113-517-1.jpg?v=1763619391\",\"datePublished\":\"2025-09-03T07:25:09+00:00\",\"dateModified\":\"2025-10-13T13:42:44+00:00\",\"breadcrumb\":{\"@id\":\"https:\\\/\\\/rutana.lt\\\/produktas\\\/lipnios-etiketes-apvalios-19mm-100vnt-rozines-sp-herma-1886\\\/#breadcrumb\"},\"inLanguage\":\"en-US\",\"potentialAction\":[{\"@type\":\"ReadAction\",\"target\":[\"https:\\\/\\\/rutana.lt\\\/produktas\\\/lipnios-etiketes-apvalios-19mm-100vnt-rozines-sp-herma-1886\\\/\"]}]},{\"@type\":\"ImageObject\",\"inLanguage\":\"en-US\",\"@id\":\"https:\\\/\\\/rutana.lt\\\/produktas\\\/lipnios-etiketes-apvalios-19mm-100vnt-rozines-sp-herma-1886\\\/#primaryimage\",\"url\":\"https:\\\/\\\/rutana.lt\\\/wp-content\\\/uploads\\\/2025\\\/09\\\/A113-517-1.jpg?v=1763619391\",\"contentUrl\":\"https:\\\/\\\/rutana.lt\\\/wp-content\\\/uploads\\\/2025\\\/09\\\/A113-517-1.jpg?v=1763619391\",\"width\":500,\"height\":542},{\"@type\":\"BreadcrumbList\",\"@id\":\"https:\\\/\\\/rutana.lt\\\/produktas\\\/lipnios-etiketes-apvalios-19mm-100vnt-rozines-sp-herma-1886\\\/#breadcrumb\",\"itemListElement\":[{\"@type\":\"ListItem\",\"position\":1,\"name\":\"Home\",\"item\":\"https:\\\/\\\/rutana.lt\\\/\"},{\"@type\":\"ListItem\",\"position\":2,\"name\":\"Parduotuv\u0117\",\"item\":\"https:\\\/\\\/rutana.lt\\\/parduotuve\\\/\"},{\"@type\":\"ListItem\",\"position\":3,\"name\":\"Lipnios etiket\u0117s apvalios 19mm 100vnt. ro\u017ein\u0117s sp. Herma 1886\"}]},{\"@type\":\"WebSite\",\"@id\":\"https:\\\/\\\/rutana.lt\\\/#website\",\"url\":\"https:\\\/\\\/rutana.lt\\\/\",\"name\":\"Rutana - Ra\u0161tin\u0117s reikmenys\",\"description\":\"Prekiaujame pasaulin\u0117je rinkoje pripa\u017eintomis, kokybi\u0161komis biuro prek\u0117mis toki\u0173  gamintoj\u0173 kaip: Schneider, Esselte, Novus, 3M, Faber-Castell, Citizen, Milan, Leitz, Colop, Zebra, Staedtler, Durable, Tork, Parker, Waterman ir kt.\",\"publisher\":{\"@id\":\"https:\\\/\\\/rutana.lt\\\/#organization\"},\"potentialAction\":[{\"@type\":\"SearchAction\",\"target\":{\"@type\":\"EntryPoint\",\"urlTemplate\":\"https:\\\/\\\/rutana.lt\\\/?s={search_term_string}\"},\"query-input\":{\"@type\":\"PropertyValueSpecification\",\"valueRequired\":true,\"valueName\":\"search_term_string\"}}],\"inLanguage\":\"en-US\"},{\"@type\":\"Organization\",\"@id\":\"https:\\\/\\\/rutana.lt\\\/#organization\",\"name\":\"Rutana - Ra\u0161tin\u0117s reikmenys\",\"url\":\"https:\\\/\\\/rutana.lt\\\/\",\"logo\":{\"@type\":\"ImageObject\",\"inLanguage\":\"en-US\",\"@id\":\"https:\\\/\\\/rutana.lt\\\/#\\\/schema\\\/logo\\\/image\\\/\",\"url\":\"https:\\\/\\\/rutana.lt\\\/wp-content\\\/uploads\\\/2025\\\/10\\\/Asset-32.png\",\"contentUrl\":\"https:\\\/\\\/rutana.lt\\\/wp-content\\\/uploads\\\/2025\\\/10\\\/Asset-32.png\",\"width\":433,\"height\":119,\"caption\":\"Rutana - Ra\u0161tin\u0117s reikmenys\"},\"image\":{\"@id\":\"https:\\\/\\\/rutana.lt\\\/#\\\/schema\\\/logo\\\/image\\\/\"},\"sameAs\":[\"https:\\\/\\\/www.facebook.com\\\/RutanaKanceliarinesPrekes\\\/\"]}]}<\/script>\n<!-- \/ Yoast SEO plugin. -->","yoast_head_json":{"title":"Lipnios etiket\u0117s apvalios 19mm 100vnt. ro\u017ein\u0117s sp. Herma 1886 - Rutana - Ra\u0161tin\u0117s reikmenys","robots":{"index":"index","follow":"follow","max-snippet":"max-snippet:-1","max-image-preview":"max-image-preview:large","max-video-preview":"max-video-preview:-1"},"canonical":"https:\/\/rutana.lt\/en\/product\/lipnios-etiketes-apvalios-19mm-100vnt-rozines-sp-herma-1886\/","og_locale":"en_US","og_type":"article","og_title":"Lipnios etiket\u0117s apvalios 19mm 100vnt. ro\u017ein\u0117s sp. Herma 1886 - Rutana - Ra\u0161tin\u0117s reikmenys","og_description":"Lipnios etiket\u0117s, apvalios formos, idealiai tinka greitai u\u017era\u0161yti, pa\u017eym\u0117ti, tvarkyti, planuoti ir organizuoti. Galima naudoti ant lent\u0173 ar bloknot\u0173. Naudokite etiketes darbo vietose, susitikimams, pristatymams, atostog\u0173 planavimui, gaunam\u0173 preki\u0173 \u017eym\u0117jimui, u\u017esakym\u0173 rinkimui, atsargoms ir kokyb\u0117s kontrolei. Ant \u017eenklinimo lipduk\u0173 galima u\u017era\u0161yti bet kokiu \u012fprastu ra\u0161ymo \u012frankiu. Netinka spausdinti kompiuteriu. Etike\u010di\u0173 kiekis: 100 vnt. Etiket\u0117s skersmuo: [&hellip;]","og_url":"https:\/\/rutana.lt\/en\/product\/lipnios-etiketes-apvalios-19mm-100vnt-rozines-sp-herma-1886\/","og_site_name":"Rutana - Ra\u0161tin\u0117s reikmenys","article_publisher":"https:\/\/www.facebook.com\/RutanaKanceliarinesPrekes\/","article_modified_time":"2025-10-13T13:42:44+00:00","og_image":[{"width":500,"height":542,"url":"https:\/\/rutana.lt\/wp-content\/uploads\/2025\/09\/A113-517.jpg","type":"image\/jpeg"}],"twitter_card":"summary_large_image","schema":{"@context":"https:\/\/schema.org","@graph":[{"@type":"WebPage","@id":"https:\/\/rutana.lt\/produktas\/lipnios-etiketes-apvalios-19mm-100vnt-rozines-sp-herma-1886\/","url":"https:\/\/rutana.lt\/produktas\/lipnios-etiketes-apvalios-19mm-100vnt-rozines-sp-herma-1886\/","name":"Lipnios etiket\u0117s apvalios 19mm 100vnt. ro\u017ein\u0117s sp. Herma 1886 - Rutana - Ra\u0161tin\u0117s reikmenys","isPartOf":{"@id":"https:\/\/rutana.lt\/#website"},"primaryImageOfPage":{"@id":"https:\/\/rutana.lt\/produktas\/lipnios-etiketes-apvalios-19mm-100vnt-rozines-sp-herma-1886\/#primaryimage"},"image":{"@id":"https:\/\/rutana.lt\/produktas\/lipnios-etiketes-apvalios-19mm-100vnt-rozines-sp-herma-1886\/#primaryimage"},"thumbnailUrl":"https:\/\/rutana.lt\/wp-content\/uploads\/2025\/09\/A113-517-1.jpg?v=1763619391","datePublished":"2025-09-03T07:25:09+00:00","dateModified":"2025-10-13T13:42:44+00:00","breadcrumb":{"@id":"https:\/\/rutana.lt\/produktas\/lipnios-etiketes-apvalios-19mm-100vnt-rozines-sp-herma-1886\/#breadcrumb"},"inLanguage":"en-US","potentialAction":[{"@type":"ReadAction","target":["https:\/\/rutana.lt\/produktas\/lipnios-etiketes-apvalios-19mm-100vnt-rozines-sp-herma-1886\/"]}]},{"@type":"ImageObject","inLanguage":"en-US","@id":"https:\/\/rutana.lt\/produktas\/lipnios-etiketes-apvalios-19mm-100vnt-rozines-sp-herma-1886\/#primaryimage","url":"https:\/\/rutana.lt\/wp-content\/uploads\/2025\/09\/A113-517-1.jpg?v=1763619391","contentUrl":"https:\/\/rutana.lt\/wp-content\/uploads\/2025\/09\/A113-517-1.jpg?v=1763619391","width":500,"height":542},{"@type":"BreadcrumbList","@id":"https:\/\/rutana.lt\/produktas\/lipnios-etiketes-apvalios-19mm-100vnt-rozines-sp-herma-1886\/#breadcrumb","itemListElement":[{"@type":"ListItem","position":1,"name":"Home","item":"https:\/\/rutana.lt\/"},{"@type":"ListItem","position":2,"name":"Parduotuv\u0117","item":"https:\/\/rutana.lt\/parduotuve\/"},{"@type":"ListItem","position":3,"name":"Lipnios etiket\u0117s apvalios 19mm 100vnt. ro\u017ein\u0117s sp. Herma 1886"}]},{"@type":"WebSite","@id":"https:\/\/rutana.lt\/#website","url":"https:\/\/rutana.lt\/","name":"Rutana - Ra\u0161tin\u0117s reikmenys","description":"Prekiaujame pasaulin\u0117je rinkoje pripa\u017eintomis, kokybi\u0161komis biuro prek\u0117mis toki\u0173  gamintoj\u0173 kaip: Schneider, Esselte, Novus, 3M, Faber-Castell, Citizen, Milan, Leitz, Colop, Zebra, Staedtler, Durable, Tork, Parker, Waterman ir kt.","publisher":{"@id":"https:\/\/rutana.lt\/#organization"},"potentialAction":[{"@type":"SearchAction","target":{"@type":"EntryPoint","urlTemplate":"https:\/\/rutana.lt\/?s={search_term_string}"},"query-input":{"@type":"PropertyValueSpecification","valueRequired":true,"valueName":"search_term_string"}}],"inLanguage":"en-US"},{"@type":"Organization","@id":"https:\/\/rutana.lt\/#organization","name":"Rutana - Ra\u0161tin\u0117s reikmenys","url":"https:\/\/rutana.lt\/","logo":{"@type":"ImageObject","inLanguage":"en-US","@id":"https:\/\/rutana.lt\/#\/schema\/logo\/image\/","url":"https:\/\/rutana.lt\/wp-content\/uploads\/2025\/10\/Asset-32.png","contentUrl":"https:\/\/rutana.lt\/wp-content\/uploads\/2025\/10\/Asset-32.png","width":433,"height":119,"caption":"Rutana - Ra\u0161tin\u0117s reikmenys"},"image":{"@id":"https:\/\/rutana.lt\/#\/schema\/logo\/image\/"},"sameAs":["https:\/\/www.facebook.com\/RutanaKanceliarinesPrekes\/"]}]}},"_links":{"self":[{"href":"https:\/\/rutana.lt\/en\/wp-json\/wp\/v2\/product\/12823","targetHints":{"allow":["GET"]}}],"collection":[{"href":"https:\/\/rutana.lt\/en\/wp-json\/wp\/v2\/product"}],"about":[{"href":"https:\/\/rutana.lt\/en\/wp-json\/wp\/v2\/types\/product"}],"replies":[{"embeddable":true,"href":"https:\/\/rutana.lt\/en\/wp-json\/wp\/v2\/comments?post=12823"}],"version-history":[{"count":1,"href":"https:\/\/rutana.lt\/en\/wp-json\/wp\/v2\/product\/12823\/revisions"}],"predecessor-version":[{"id":12862,"href":"https:\/\/rutana.lt\/en\/wp-json\/wp\/v2\/product\/12823\/revisions\/12862"}],"wp:featuredmedia":[{"embeddable":true,"href":"https:\/\/rutana.lt\/en\/wp-json\/wp\/v2\/media\/27909"}],"wp:attachment":[{"href":"https:\/\/rutana.lt\/en\/wp-json\/wp\/v2\/media?parent=12823"}],"wp:term":[{"taxonomy":"product_brand","embeddable":true,"href":"https:\/\/rutana.lt\/en\/wp-json\/wp\/v2\/product_brand?post=12823"},{"taxonomy":"product_cat","embeddable":true,"href":"https:\/\/rutana.lt\/en\/wp-json\/wp\/v2\/product_cat?post=12823"},{"taxonomy":"product_tag","embeddable":true,"href":"https:\/\/rutana.lt\/en\/wp-json\/wp\/v2\/product_tag?post=12823"}],"curies":[{"name":"wp","href":"https:\/\/api.w.org\/{rel}","templated":true}]}}