{"id":12595,"date":"2025-09-03T09:23:59","date_gmt":"2025-09-03T07:23:59","guid":{"rendered":"https:\/\/rutana.webdemo.lt\/?post_type=product&#038;p=12595"},"modified":"2025-10-13T15:42:04","modified_gmt":"2025-10-13T13:42:04","slug":"magnetas-lentai-13-mm-1vnt-melynas-dahle-9551306","status":"publish","type":"product","link":"https:\/\/rutana.lt\/en\/product\/magnetas-lentai-13-mm-1vnt-melynas-dahle-9551306\/","title":{"rendered":"Magnetas lentai 13 mm 1vnt. m\u0117lynas Dahle 9551306"},"content":{"rendered":"<p>Spalvotas stiprus magnetas skirtas magnetin\u0117ms lentoms planavimui ir pritvirtinimui. Apvali forma.<\/p>\n<p>Magneto skersmuo: 13 mm <\/p>\n<p>Magneto auk\u0161tis: 7 mm<\/p>\n<p>Pritraukimo j\u0117ga: 1N<\/p>\n<p>Magneto spalva: m\u0117lyna<\/p>\n<p>Kilm\u0117s \u0161alis: Vokietija<\/p>\n<\/p>\n<p><\/p>","protected":false},"excerpt":{"rendered":"<p>Spalvotas stiprus magnetas skirtas magnetin\u0117ms lentoms planavimui ir pritvirtinimui. Apvali forma. Magneto skersmuo: 13 mm Magneto auk\u0161tis: 7 mm Pritraukimo j\u0117ga: 1N Magneto spalva: m\u0117lyna Kilm\u0117s \u0161alis: Vokietija<\/p>","protected":false},"featured_media":27845,"comment_status":"open","ping_status":"closed","template":"","meta":{"_season_start":"","_season_end":"","_season_days":"","_season_months":"","_season_auto_visibility":""},"product_brand":[269],"product_cat":[1791,1793,1792],"product_tag":[],"class_list":{"0":"post-12595","1":"product","2":"type-product","3":"status-publish","4":"has-post-thumbnail","6":"product_brand-dahle","7":"product_cat-magnetukai","8":"product_cat-rodykles","9":"product_cat-smeigtukai-2","11":"first","12":"instock","13":"taxable","14":"shipping-taxable","15":"purchasable","16":"product-type-simple"},"yoast_head":"<!-- This site is optimized with the Yoast SEO plugin v26.1.1 - https:\/\/yoast.com\/wordpress\/plugins\/seo\/ -->\n<title>Magnetas lentai 13 mm 1vnt. m\u0117lynas Dahle 9551306 - Rutana - Ra\u0161tin\u0117s reikmenys<\/title>\n<meta name=\"robots\" content=\"index, follow, max-snippet:-1, max-image-preview:large, max-video-preview:-1\" \/>\n<link rel=\"canonical\" href=\"https:\/\/rutana.lt\/en\/product\/magnetas-lentai-13-mm-1vnt-melynas-dahle-9551306\/\" \/>\n<meta property=\"og:locale\" content=\"en_US\" \/>\n<meta property=\"og:type\" content=\"article\" \/>\n<meta property=\"og:title\" content=\"Magnetas lentai 13 mm 1vnt. m\u0117lynas Dahle 9551306 - Rutana - Ra\u0161tin\u0117s reikmenys\" \/>\n<meta property=\"og:description\" content=\"Spalvotas stiprus magnetas skirtas magnetin\u0117ms lentoms planavimui ir pritvirtinimui. Apvali forma. Magneto skersmuo: 13 mm Magneto auk\u0161tis: 7 mm Pritraukimo j\u0117ga: 1N Magneto spalva: m\u0117lyna Kilm\u0117s \u0161alis: Vokietija\" \/>\n<meta property=\"og:url\" content=\"https:\/\/rutana.lt\/en\/product\/magnetas-lentai-13-mm-1vnt-melynas-dahle-9551306\/\" \/>\n<meta property=\"og:site_name\" content=\"Rutana - Ra\u0161tin\u0117s reikmenys\" \/>\n<meta property=\"article:publisher\" content=\"https:\/\/www.facebook.com\/RutanaKanceliarinesPrekes\/\" \/>\n<meta property=\"article:modified_time\" content=\"2025-10-13T13:42:04+00:00\" \/>\n<meta property=\"og:image\" content=\"https:\/\/rutana.lt\/wp-content\/uploads\/2025\/09\/B064-096.jpg\" \/>\n\t<meta property=\"og:image:width\" content=\"522\" \/>\n\t<meta property=\"og:image:height\" content=\"416\" \/>\n\t<meta property=\"og:image:type\" content=\"image\/jpeg\" \/>\n<meta name=\"twitter:card\" content=\"summary_large_image\" \/>\n<script type=\"application\/ld+json\" class=\"yoast-schema-graph\">{\"@context\":\"https:\/\/schema.org\",\"@graph\":[{\"@type\":\"WebPage\",\"@id\":\"https:\/\/rutana.lt\/produktas\/magnetas-lentai-13-mm-1vnt-melynas-dahle-9551306\/\",\"url\":\"https:\/\/rutana.lt\/produktas\/magnetas-lentai-13-mm-1vnt-melynas-dahle-9551306\/\",\"name\":\"Magnetas lentai 13 mm 1vnt. m\u0117lynas Dahle 9551306 - Rutana - Ra\u0161tin\u0117s reikmenys\",\"isPartOf\":{\"@id\":\"https:\/\/rutana.lt\/#website\"},\"primaryImageOfPage\":{\"@id\":\"https:\/\/rutana.lt\/produktas\/magnetas-lentai-13-mm-1vnt-melynas-dahle-9551306\/#primaryimage\"},\"image\":{\"@id\":\"https:\/\/rutana.lt\/produktas\/magnetas-lentai-13-mm-1vnt-melynas-dahle-9551306\/#primaryimage\"},\"thumbnailUrl\":\"https:\/\/rutana.lt\/wp-content\/uploads\/2025\/09\/B064-096-1.jpg?v=1763619467\",\"datePublished\":\"2025-09-03T07:23:59+00:00\",\"dateModified\":\"2025-10-13T13:42:04+00:00\",\"breadcrumb\":{\"@id\":\"https:\/\/rutana.lt\/produktas\/magnetas-lentai-13-mm-1vnt-melynas-dahle-9551306\/#breadcrumb\"},\"inLanguage\":\"en-US\",\"potentialAction\":[{\"@type\":\"ReadAction\",\"target\":[\"https:\/\/rutana.lt\/produktas\/magnetas-lentai-13-mm-1vnt-melynas-dahle-9551306\/\"]}]},{\"@type\":\"ImageObject\",\"inLanguage\":\"en-US\",\"@id\":\"https:\/\/rutana.lt\/produktas\/magnetas-lentai-13-mm-1vnt-melynas-dahle-9551306\/#primaryimage\",\"url\":\"https:\/\/rutana.lt\/wp-content\/uploads\/2025\/09\/B064-096-1.jpg?v=1763619467\",\"contentUrl\":\"https:\/\/rutana.lt\/wp-content\/uploads\/2025\/09\/B064-096-1.jpg?v=1763619467\",\"width\":522,\"height\":416},{\"@type\":\"BreadcrumbList\",\"@id\":\"https:\/\/rutana.lt\/produktas\/magnetas-lentai-13-mm-1vnt-melynas-dahle-9551306\/#breadcrumb\",\"itemListElement\":[{\"@type\":\"ListItem\",\"position\":1,\"name\":\"Home\",\"item\":\"https:\/\/rutana.lt\/\"},{\"@type\":\"ListItem\",\"position\":2,\"name\":\"Parduotuv\u0117\",\"item\":\"https:\/\/rutana.lt\/parduotuve\/\"},{\"@type\":\"ListItem\",\"position\":3,\"name\":\"Magnetas lentai 13 mm 1vnt. m\u0117lynas Dahle 9551306\"}]},{\"@type\":\"WebSite\",\"@id\":\"https:\/\/rutana.lt\/#website\",\"url\":\"https:\/\/rutana.lt\/\",\"name\":\"Rutana - Ra\u0161tin\u0117s reikmenys\",\"description\":\"Prekiaujame pasaulin\u0117je rinkoje pripa\u017eintomis, kokybi\u0161komis biuro prek\u0117mis toki\u0173  gamintoj\u0173 kaip: Schneider, Esselte, Novus, 3M, Faber-Castell, Citizen, Milan, Leitz, Colop, Zebra, Staedtler, Durable, Tork, Parker, Waterman ir kt.\",\"publisher\":{\"@id\":\"https:\/\/rutana.lt\/#organization\"},\"potentialAction\":[{\"@type\":\"SearchAction\",\"target\":{\"@type\":\"EntryPoint\",\"urlTemplate\":\"https:\/\/rutana.lt\/?s={search_term_string}\"},\"query-input\":{\"@type\":\"PropertyValueSpecification\",\"valueRequired\":true,\"valueName\":\"search_term_string\"}}],\"inLanguage\":\"en-US\"},{\"@type\":\"Organization\",\"@id\":\"https:\/\/rutana.lt\/#organization\",\"name\":\"Rutana - Ra\u0161tin\u0117s reikmenys\",\"url\":\"https:\/\/rutana.lt\/\",\"logo\":{\"@type\":\"ImageObject\",\"inLanguage\":\"en-US\",\"@id\":\"https:\/\/rutana.lt\/#\/schema\/logo\/image\/\",\"url\":\"https:\/\/rutana.lt\/wp-content\/uploads\/2025\/10\/Asset-32.png\",\"contentUrl\":\"https:\/\/rutana.lt\/wp-content\/uploads\/2025\/10\/Asset-32.png\",\"width\":433,\"height\":119,\"caption\":\"Rutana - Ra\u0161tin\u0117s reikmenys\"},\"image\":{\"@id\":\"https:\/\/rutana.lt\/#\/schema\/logo\/image\/\"},\"sameAs\":[\"https:\/\/www.facebook.com\/RutanaKanceliarinesPrekes\/\"]}]}<\/script>\n<!-- \/ Yoast SEO plugin. -->","yoast_head_json":{"title":"Magnetas lentai 13 mm 1vnt. m\u0117lynas Dahle 9551306 - Rutana - Ra\u0161tin\u0117s reikmenys","robots":{"index":"index","follow":"follow","max-snippet":"max-snippet:-1","max-image-preview":"max-image-preview:large","max-video-preview":"max-video-preview:-1"},"canonical":"https:\/\/rutana.lt\/en\/product\/magnetas-lentai-13-mm-1vnt-melynas-dahle-9551306\/","og_locale":"en_US","og_type":"article","og_title":"Magnetas lentai 13 mm 1vnt. m\u0117lynas Dahle 9551306 - Rutana - Ra\u0161tin\u0117s reikmenys","og_description":"Spalvotas stiprus magnetas skirtas magnetin\u0117ms lentoms planavimui ir pritvirtinimui. Apvali forma. Magneto skersmuo: 13 mm Magneto auk\u0161tis: 7 mm Pritraukimo j\u0117ga: 1N Magneto spalva: m\u0117lyna Kilm\u0117s \u0161alis: Vokietija","og_url":"https:\/\/rutana.lt\/en\/product\/magnetas-lentai-13-mm-1vnt-melynas-dahle-9551306\/","og_site_name":"Rutana - Ra\u0161tin\u0117s reikmenys","article_publisher":"https:\/\/www.facebook.com\/RutanaKanceliarinesPrekes\/","article_modified_time":"2025-10-13T13:42:04+00:00","og_image":[{"width":522,"height":416,"url":"https:\/\/rutana.lt\/wp-content\/uploads\/2025\/09\/B064-096.jpg","type":"image\/jpeg"}],"twitter_card":"summary_large_image","schema":{"@context":"https:\/\/schema.org","@graph":[{"@type":"WebPage","@id":"https:\/\/rutana.lt\/produktas\/magnetas-lentai-13-mm-1vnt-melynas-dahle-9551306\/","url":"https:\/\/rutana.lt\/produktas\/magnetas-lentai-13-mm-1vnt-melynas-dahle-9551306\/","name":"Magnetas lentai 13 mm 1vnt. m\u0117lynas Dahle 9551306 - Rutana - Ra\u0161tin\u0117s reikmenys","isPartOf":{"@id":"https:\/\/rutana.lt\/#website"},"primaryImageOfPage":{"@id":"https:\/\/rutana.lt\/produktas\/magnetas-lentai-13-mm-1vnt-melynas-dahle-9551306\/#primaryimage"},"image":{"@id":"https:\/\/rutana.lt\/produktas\/magnetas-lentai-13-mm-1vnt-melynas-dahle-9551306\/#primaryimage"},"thumbnailUrl":"https:\/\/rutana.lt\/wp-content\/uploads\/2025\/09\/B064-096-1.jpg?v=1763619467","datePublished":"2025-09-03T07:23:59+00:00","dateModified":"2025-10-13T13:42:04+00:00","breadcrumb":{"@id":"https:\/\/rutana.lt\/produktas\/magnetas-lentai-13-mm-1vnt-melynas-dahle-9551306\/#breadcrumb"},"inLanguage":"en-US","potentialAction":[{"@type":"ReadAction","target":["https:\/\/rutana.lt\/produktas\/magnetas-lentai-13-mm-1vnt-melynas-dahle-9551306\/"]}]},{"@type":"ImageObject","inLanguage":"en-US","@id":"https:\/\/rutana.lt\/produktas\/magnetas-lentai-13-mm-1vnt-melynas-dahle-9551306\/#primaryimage","url":"https:\/\/rutana.lt\/wp-content\/uploads\/2025\/09\/B064-096-1.jpg?v=1763619467","contentUrl":"https:\/\/rutana.lt\/wp-content\/uploads\/2025\/09\/B064-096-1.jpg?v=1763619467","width":522,"height":416},{"@type":"BreadcrumbList","@id":"https:\/\/rutana.lt\/produktas\/magnetas-lentai-13-mm-1vnt-melynas-dahle-9551306\/#breadcrumb","itemListElement":[{"@type":"ListItem","position":1,"name":"Home","item":"https:\/\/rutana.lt\/"},{"@type":"ListItem","position":2,"name":"Parduotuv\u0117","item":"https:\/\/rutana.lt\/parduotuve\/"},{"@type":"ListItem","position":3,"name":"Magnetas lentai 13 mm 1vnt. m\u0117lynas Dahle 9551306"}]},{"@type":"WebSite","@id":"https:\/\/rutana.lt\/#website","url":"https:\/\/rutana.lt\/","name":"Rutana - Ra\u0161tin\u0117s reikmenys","description":"Prekiaujame pasaulin\u0117je rinkoje pripa\u017eintomis, kokybi\u0161komis biuro prek\u0117mis toki\u0173  gamintoj\u0173 kaip: Schneider, Esselte, Novus, 3M, Faber-Castell, Citizen, Milan, Leitz, Colop, Zebra, Staedtler, Durable, Tork, Parker, Waterman ir kt.","publisher":{"@id":"https:\/\/rutana.lt\/#organization"},"potentialAction":[{"@type":"SearchAction","target":{"@type":"EntryPoint","urlTemplate":"https:\/\/rutana.lt\/?s={search_term_string}"},"query-input":{"@type":"PropertyValueSpecification","valueRequired":true,"valueName":"search_term_string"}}],"inLanguage":"en-US"},{"@type":"Organization","@id":"https:\/\/rutana.lt\/#organization","name":"Rutana - Ra\u0161tin\u0117s reikmenys","url":"https:\/\/rutana.lt\/","logo":{"@type":"ImageObject","inLanguage":"en-US","@id":"https:\/\/rutana.lt\/#\/schema\/logo\/image\/","url":"https:\/\/rutana.lt\/wp-content\/uploads\/2025\/10\/Asset-32.png","contentUrl":"https:\/\/rutana.lt\/wp-content\/uploads\/2025\/10\/Asset-32.png","width":433,"height":119,"caption":"Rutana - Ra\u0161tin\u0117s reikmenys"},"image":{"@id":"https:\/\/rutana.lt\/#\/schema\/logo\/image\/"},"sameAs":["https:\/\/www.facebook.com\/RutanaKanceliarinesPrekes\/"]}]}},"_links":{"self":[{"href":"https:\/\/rutana.lt\/en\/wp-json\/wp\/v2\/product\/12595","targetHints":{"allow":["GET"]}}],"collection":[{"href":"https:\/\/rutana.lt\/en\/wp-json\/wp\/v2\/product"}],"about":[{"href":"https:\/\/rutana.lt\/en\/wp-json\/wp\/v2\/types\/product"}],"replies":[{"embeddable":true,"href":"https:\/\/rutana.lt\/en\/wp-json\/wp\/v2\/comments?post=12595"}],"version-history":[{"count":1,"href":"https:\/\/rutana.lt\/en\/wp-json\/wp\/v2\/product\/12595\/revisions"}],"predecessor-version":[{"id":12636,"href":"https:\/\/rutana.lt\/en\/wp-json\/wp\/v2\/product\/12595\/revisions\/12636"}],"wp:featuredmedia":[{"embeddable":true,"href":"https:\/\/rutana.lt\/en\/wp-json\/wp\/v2\/media\/27845"}],"wp:attachment":[{"href":"https:\/\/rutana.lt\/en\/wp-json\/wp\/v2\/media?parent=12595"}],"wp:term":[{"taxonomy":"product_brand","embeddable":true,"href":"https:\/\/rutana.lt\/en\/wp-json\/wp\/v2\/product_brand?post=12595"},{"taxonomy":"product_cat","embeddable":true,"href":"https:\/\/rutana.lt\/en\/wp-json\/wp\/v2\/product_cat?post=12595"},{"taxonomy":"product_tag","embeddable":true,"href":"https:\/\/rutana.lt\/en\/wp-json\/wp\/v2\/product_tag?post=12595"}],"curies":[{"name":"wp","href":"https:\/\/api.w.org\/{rel}","templated":true}]}}