{"id":12585,"date":"2025-09-03T09:23:58","date_gmt":"2025-09-03T07:23:58","guid":{"rendered":"https:\/\/rutana.webdemo.lt\/?post_type=product&#038;p=12585"},"modified":"2025-10-13T15:41:58","modified_gmt":"2025-10-13T13:41:58","slug":"kasete-lazeriniam-spausdintuvui-hp-cf259a-be-mikroschemos-juoda-lc","status":"publish","type":"product","link":"https:\/\/rutana.lt\/en\/product\/kasete-lazeriniam-spausdintuvui-hp-cf259a-be-mikroschemos-juoda-lc\/","title":{"rendered":"Kaset\u0117 lazeriniam spausdintuvui HP CF259A (be mikroschemos) juoda LC"},"content":{"rendered":"<p>Analogin\u0117 HP kaset\u0117, kuri veikia nepriekai\u0161tingai. M\u0117gaukit\u0117s i\u0161skirtine spausdinimo kokybe naudodami nebrangias ir kokybi\u0161kas kasetes. Parduodama be mikroschemos, kuri\u0105 reikia perstatyti i\u0161 senos kaset\u0117s ir nauja kaset\u0117 spausdins nepriekai\u0161tingai. <\/p>\n<p>Tinka spausdintuvams: Hewlett-Packard Laser Jet M304a, Pro M404dn, Pro M404dw, Pro M404n, Pro MFP M428dw, Pro MFP M428fdn, Pro MFP M428fdw, Pro MFP M428m.<\/p>\n<p>Spausdinimo spalva: juoda<\/p>\n<p>Spausdinimo technologija: lazeris<\/p>\n<p>Puslapi\u0173 skai\u010dius: 3000<\/p>\n<p>Gamintojo kodas: CF259A (59A)<\/p>\n<p>\u017demiau video kaip perd\u0117ti mikroschem\u0105:<\/p>\n<p><\/p>\n<p><iframe src=\"\/\/www.youtube.com\/embed\/nHR7-jCbsGo\" width=\"640\" height=\"360\" frameborder=\"0\"><\/iframe><\/p>\n<p><\/p>\n<p><\/p>\n<p><\/p>","protected":false},"excerpt":{"rendered":"<p>Analogin\u0117 HP kaset\u0117, kuri veikia nepriekai\u0161tingai. M\u0117gaukit\u0117s i\u0161skirtine spausdinimo kokybe naudodami nebrangias ir kokybi\u0161kas kasetes. Parduodama be mikroschemos, kuri\u0105 reikia perstatyti i\u0161 senos kaset\u0117s ir nauja kaset\u0117 spausdins nepriekai\u0161tingai. Tinka spausdintuvams: Hewlett-Packard Laser Jet M304a, Pro M404dn, Pro M404dw, Pro M404n, Pro MFP M428dw, Pro MFP M428fdn, Pro MFP M428fdw, Pro MFP M428m. Spausdinimo spalva: [&hellip;]<\/p>","protected":false},"featured_media":27836,"comment_status":"open","ping_status":"closed","template":"","meta":{"_season_start":"","_season_end":"","_season_days":"","_season_months":"","_season_auto_visibility":""},"product_brand":[83],"product_cat":[1890],"product_tag":[],"class_list":{"0":"post-12585","1":"product","2":"type-product","3":"status-publish","4":"has-post-thumbnail","6":"product_brand-null","7":"product_cat-neoriginalus-toneriai","9":"first","10":"instock","11":"taxable","12":"shipping-taxable","13":"purchasable","14":"product-type-simple"},"yoast_head":"<!-- This site is optimized with the Yoast SEO plugin v26.1.1 - https:\/\/yoast.com\/wordpress\/plugins\/seo\/ -->\n<title>Kaset\u0117 lazeriniam spausdintuvui HP CF259A (be mikroschemos) juoda LC - Rutana - Ra\u0161tin\u0117s reikmenys<\/title>\n<meta name=\"robots\" content=\"index, follow, max-snippet:-1, max-image-preview:large, max-video-preview:-1\" \/>\n<link rel=\"canonical\" href=\"https:\/\/rutana.lt\/en\/product\/kasete-lazeriniam-spausdintuvui-hp-cf259a-be-mikroschemos-juoda-lc\/\" \/>\n<meta property=\"og:locale\" content=\"en_US\" \/>\n<meta property=\"og:type\" content=\"article\" \/>\n<meta property=\"og:title\" content=\"Kaset\u0117 lazeriniam spausdintuvui HP CF259A (be mikroschemos) juoda LC - Rutana - Ra\u0161tin\u0117s reikmenys\" \/>\n<meta property=\"og:description\" content=\"Analogin\u0117 HP kaset\u0117, kuri veikia nepriekai\u0161tingai. M\u0117gaukit\u0117s i\u0161skirtine spausdinimo kokybe naudodami nebrangias ir kokybi\u0161kas kasetes. Parduodama be mikroschemos, kuri\u0105 reikia perstatyti i\u0161 senos kaset\u0117s ir nauja kaset\u0117 spausdins nepriekai\u0161tingai. Tinka spausdintuvams: Hewlett-Packard Laser Jet M304a, Pro M404dn, Pro M404dw, Pro M404n, Pro MFP M428dw, Pro MFP M428fdn, Pro MFP M428fdw, Pro MFP M428m. Spausdinimo spalva: [&hellip;]\" \/>\n<meta property=\"og:url\" content=\"https:\/\/rutana.lt\/en\/product\/kasete-lazeriniam-spausdintuvui-hp-cf259a-be-mikroschemos-juoda-lc\/\" \/>\n<meta property=\"og:site_name\" content=\"Rutana - Ra\u0161tin\u0117s reikmenys\" \/>\n<meta property=\"article:publisher\" content=\"https:\/\/www.facebook.com\/RutanaKanceliarinesPrekes\/\" \/>\n<meta property=\"article:modified_time\" content=\"2025-10-13T13:41:58+00:00\" \/>\n<meta property=\"og:image\" content=\"https:\/\/rutana.lt\/wp-content\/uploads\/2025\/09\/B031-754.jpg\" \/>\n\t<meta property=\"og:image:width\" content=\"592\" \/>\n\t<meta property=\"og:image:height\" content=\"505\" \/>\n\t<meta property=\"og:image:type\" content=\"image\/jpeg\" \/>\n<meta name=\"twitter:card\" content=\"summary_large_image\" \/>\n<script type=\"application\/ld+json\" class=\"yoast-schema-graph\">{\"@context\":\"https:\/\/schema.org\",\"@graph\":[{\"@type\":\"WebPage\",\"@id\":\"https:\/\/rutana.lt\/produktas\/kasete-lazeriniam-spausdintuvui-hp-cf259a-be-mikroschemos-juoda-lc\/\",\"url\":\"https:\/\/rutana.lt\/produktas\/kasete-lazeriniam-spausdintuvui-hp-cf259a-be-mikroschemos-juoda-lc\/\",\"name\":\"Kaset\u0117 lazeriniam spausdintuvui HP CF259A (be mikroschemos) juoda LC - Rutana - Ra\u0161tin\u0117s reikmenys\",\"isPartOf\":{\"@id\":\"https:\/\/rutana.lt\/#website\"},\"primaryImageOfPage\":{\"@id\":\"https:\/\/rutana.lt\/produktas\/kasete-lazeriniam-spausdintuvui-hp-cf259a-be-mikroschemos-juoda-lc\/#primaryimage\"},\"image\":{\"@id\":\"https:\/\/rutana.lt\/produktas\/kasete-lazeriniam-spausdintuvui-hp-cf259a-be-mikroschemos-juoda-lc\/#primaryimage\"},\"thumbnailUrl\":\"https:\/\/rutana.lt\/wp-content\/uploads\/2025\/09\/B031-754-1.jpg?v=1763619476\",\"datePublished\":\"2025-09-03T07:23:58+00:00\",\"dateModified\":\"2025-10-13T13:41:58+00:00\",\"breadcrumb\":{\"@id\":\"https:\/\/rutana.lt\/produktas\/kasete-lazeriniam-spausdintuvui-hp-cf259a-be-mikroschemos-juoda-lc\/#breadcrumb\"},\"inLanguage\":\"en-US\",\"potentialAction\":[{\"@type\":\"ReadAction\",\"target\":[\"https:\/\/rutana.lt\/produktas\/kasete-lazeriniam-spausdintuvui-hp-cf259a-be-mikroschemos-juoda-lc\/\"]}]},{\"@type\":\"ImageObject\",\"inLanguage\":\"en-US\",\"@id\":\"https:\/\/rutana.lt\/produktas\/kasete-lazeriniam-spausdintuvui-hp-cf259a-be-mikroschemos-juoda-lc\/#primaryimage\",\"url\":\"https:\/\/rutana.lt\/wp-content\/uploads\/2025\/09\/B031-754-1.jpg?v=1763619476\",\"contentUrl\":\"https:\/\/rutana.lt\/wp-content\/uploads\/2025\/09\/B031-754-1.jpg?v=1763619476\",\"width\":592,\"height\":505},{\"@type\":\"BreadcrumbList\",\"@id\":\"https:\/\/rutana.lt\/produktas\/kasete-lazeriniam-spausdintuvui-hp-cf259a-be-mikroschemos-juoda-lc\/#breadcrumb\",\"itemListElement\":[{\"@type\":\"ListItem\",\"position\":1,\"name\":\"Home\",\"item\":\"https:\/\/rutana.lt\/\"},{\"@type\":\"ListItem\",\"position\":2,\"name\":\"Parduotuv\u0117\",\"item\":\"https:\/\/rutana.lt\/parduotuve\/\"},{\"@type\":\"ListItem\",\"position\":3,\"name\":\"Kaset\u0117 lazeriniam spausdintuvui HP CF259A (be mikroschemos) juoda LC\"}]},{\"@type\":\"WebSite\",\"@id\":\"https:\/\/rutana.lt\/#website\",\"url\":\"https:\/\/rutana.lt\/\",\"name\":\"Rutana - Ra\u0161tin\u0117s reikmenys\",\"description\":\"Prekiaujame pasaulin\u0117je rinkoje pripa\u017eintomis, kokybi\u0161komis biuro prek\u0117mis toki\u0173  gamintoj\u0173 kaip: Schneider, Esselte, Novus, 3M, Faber-Castell, Citizen, Milan, Leitz, Colop, Zebra, Staedtler, Durable, Tork, Parker, Waterman ir kt.\",\"publisher\":{\"@id\":\"https:\/\/rutana.lt\/#organization\"},\"potentialAction\":[{\"@type\":\"SearchAction\",\"target\":{\"@type\":\"EntryPoint\",\"urlTemplate\":\"https:\/\/rutana.lt\/?s={search_term_string}\"},\"query-input\":{\"@type\":\"PropertyValueSpecification\",\"valueRequired\":true,\"valueName\":\"search_term_string\"}}],\"inLanguage\":\"en-US\"},{\"@type\":\"Organization\",\"@id\":\"https:\/\/rutana.lt\/#organization\",\"name\":\"Rutana - Ra\u0161tin\u0117s reikmenys\",\"url\":\"https:\/\/rutana.lt\/\",\"logo\":{\"@type\":\"ImageObject\",\"inLanguage\":\"en-US\",\"@id\":\"https:\/\/rutana.lt\/#\/schema\/logo\/image\/\",\"url\":\"https:\/\/rutana.lt\/wp-content\/uploads\/2025\/10\/Asset-32.png\",\"contentUrl\":\"https:\/\/rutana.lt\/wp-content\/uploads\/2025\/10\/Asset-32.png\",\"width\":433,\"height\":119,\"caption\":\"Rutana - Ra\u0161tin\u0117s reikmenys\"},\"image\":{\"@id\":\"https:\/\/rutana.lt\/#\/schema\/logo\/image\/\"},\"sameAs\":[\"https:\/\/www.facebook.com\/RutanaKanceliarinesPrekes\/\"]}]}<\/script>\n<!-- \/ Yoast SEO plugin. -->","yoast_head_json":{"title":"Kaset\u0117 lazeriniam spausdintuvui HP CF259A (be mikroschemos) juoda LC - Rutana - Ra\u0161tin\u0117s reikmenys","robots":{"index":"index","follow":"follow","max-snippet":"max-snippet:-1","max-image-preview":"max-image-preview:large","max-video-preview":"max-video-preview:-1"},"canonical":"https:\/\/rutana.lt\/en\/product\/kasete-lazeriniam-spausdintuvui-hp-cf259a-be-mikroschemos-juoda-lc\/","og_locale":"en_US","og_type":"article","og_title":"Kaset\u0117 lazeriniam spausdintuvui HP CF259A (be mikroschemos) juoda LC - Rutana - Ra\u0161tin\u0117s reikmenys","og_description":"Analogin\u0117 HP kaset\u0117, kuri veikia nepriekai\u0161tingai. M\u0117gaukit\u0117s i\u0161skirtine spausdinimo kokybe naudodami nebrangias ir kokybi\u0161kas kasetes. Parduodama be mikroschemos, kuri\u0105 reikia perstatyti i\u0161 senos kaset\u0117s ir nauja kaset\u0117 spausdins nepriekai\u0161tingai. Tinka spausdintuvams: Hewlett-Packard Laser Jet M304a, Pro M404dn, Pro M404dw, Pro M404n, Pro MFP M428dw, Pro MFP M428fdn, Pro MFP M428fdw, Pro MFP M428m. Spausdinimo spalva: [&hellip;]","og_url":"https:\/\/rutana.lt\/en\/product\/kasete-lazeriniam-spausdintuvui-hp-cf259a-be-mikroschemos-juoda-lc\/","og_site_name":"Rutana - Ra\u0161tin\u0117s reikmenys","article_publisher":"https:\/\/www.facebook.com\/RutanaKanceliarinesPrekes\/","article_modified_time":"2025-10-13T13:41:58+00:00","og_image":[{"width":592,"height":505,"url":"https:\/\/rutana.lt\/wp-content\/uploads\/2025\/09\/B031-754.jpg","type":"image\/jpeg"}],"twitter_card":"summary_large_image","schema":{"@context":"https:\/\/schema.org","@graph":[{"@type":"WebPage","@id":"https:\/\/rutana.lt\/produktas\/kasete-lazeriniam-spausdintuvui-hp-cf259a-be-mikroschemos-juoda-lc\/","url":"https:\/\/rutana.lt\/produktas\/kasete-lazeriniam-spausdintuvui-hp-cf259a-be-mikroschemos-juoda-lc\/","name":"Kaset\u0117 lazeriniam spausdintuvui HP CF259A (be mikroschemos) juoda LC - Rutana - Ra\u0161tin\u0117s reikmenys","isPartOf":{"@id":"https:\/\/rutana.lt\/#website"},"primaryImageOfPage":{"@id":"https:\/\/rutana.lt\/produktas\/kasete-lazeriniam-spausdintuvui-hp-cf259a-be-mikroschemos-juoda-lc\/#primaryimage"},"image":{"@id":"https:\/\/rutana.lt\/produktas\/kasete-lazeriniam-spausdintuvui-hp-cf259a-be-mikroschemos-juoda-lc\/#primaryimage"},"thumbnailUrl":"https:\/\/rutana.lt\/wp-content\/uploads\/2025\/09\/B031-754-1.jpg?v=1763619476","datePublished":"2025-09-03T07:23:58+00:00","dateModified":"2025-10-13T13:41:58+00:00","breadcrumb":{"@id":"https:\/\/rutana.lt\/produktas\/kasete-lazeriniam-spausdintuvui-hp-cf259a-be-mikroschemos-juoda-lc\/#breadcrumb"},"inLanguage":"en-US","potentialAction":[{"@type":"ReadAction","target":["https:\/\/rutana.lt\/produktas\/kasete-lazeriniam-spausdintuvui-hp-cf259a-be-mikroschemos-juoda-lc\/"]}]},{"@type":"ImageObject","inLanguage":"en-US","@id":"https:\/\/rutana.lt\/produktas\/kasete-lazeriniam-spausdintuvui-hp-cf259a-be-mikroschemos-juoda-lc\/#primaryimage","url":"https:\/\/rutana.lt\/wp-content\/uploads\/2025\/09\/B031-754-1.jpg?v=1763619476","contentUrl":"https:\/\/rutana.lt\/wp-content\/uploads\/2025\/09\/B031-754-1.jpg?v=1763619476","width":592,"height":505},{"@type":"BreadcrumbList","@id":"https:\/\/rutana.lt\/produktas\/kasete-lazeriniam-spausdintuvui-hp-cf259a-be-mikroschemos-juoda-lc\/#breadcrumb","itemListElement":[{"@type":"ListItem","position":1,"name":"Home","item":"https:\/\/rutana.lt\/"},{"@type":"ListItem","position":2,"name":"Parduotuv\u0117","item":"https:\/\/rutana.lt\/parduotuve\/"},{"@type":"ListItem","position":3,"name":"Kaset\u0117 lazeriniam spausdintuvui HP CF259A (be mikroschemos) juoda LC"}]},{"@type":"WebSite","@id":"https:\/\/rutana.lt\/#website","url":"https:\/\/rutana.lt\/","name":"Rutana - Ra\u0161tin\u0117s reikmenys","description":"Prekiaujame pasaulin\u0117je rinkoje pripa\u017eintomis, kokybi\u0161komis biuro prek\u0117mis toki\u0173  gamintoj\u0173 kaip: Schneider, Esselte, Novus, 3M, Faber-Castell, Citizen, Milan, Leitz, Colop, Zebra, Staedtler, Durable, Tork, Parker, Waterman ir kt.","publisher":{"@id":"https:\/\/rutana.lt\/#organization"},"potentialAction":[{"@type":"SearchAction","target":{"@type":"EntryPoint","urlTemplate":"https:\/\/rutana.lt\/?s={search_term_string}"},"query-input":{"@type":"PropertyValueSpecification","valueRequired":true,"valueName":"search_term_string"}}],"inLanguage":"en-US"},{"@type":"Organization","@id":"https:\/\/rutana.lt\/#organization","name":"Rutana - Ra\u0161tin\u0117s reikmenys","url":"https:\/\/rutana.lt\/","logo":{"@type":"ImageObject","inLanguage":"en-US","@id":"https:\/\/rutana.lt\/#\/schema\/logo\/image\/","url":"https:\/\/rutana.lt\/wp-content\/uploads\/2025\/10\/Asset-32.png","contentUrl":"https:\/\/rutana.lt\/wp-content\/uploads\/2025\/10\/Asset-32.png","width":433,"height":119,"caption":"Rutana - Ra\u0161tin\u0117s reikmenys"},"image":{"@id":"https:\/\/rutana.lt\/#\/schema\/logo\/image\/"},"sameAs":["https:\/\/www.facebook.com\/RutanaKanceliarinesPrekes\/"]}]}},"_links":{"self":[{"href":"https:\/\/rutana.lt\/en\/wp-json\/wp\/v2\/product\/12585","targetHints":{"allow":["GET"]}}],"collection":[{"href":"https:\/\/rutana.lt\/en\/wp-json\/wp\/v2\/product"}],"about":[{"href":"https:\/\/rutana.lt\/en\/wp-json\/wp\/v2\/types\/product"}],"replies":[{"embeddable":true,"href":"https:\/\/rutana.lt\/en\/wp-json\/wp\/v2\/comments?post=12585"}],"version-history":[{"count":1,"href":"https:\/\/rutana.lt\/en\/wp-json\/wp\/v2\/product\/12585\/revisions"}],"predecessor-version":[{"id":12617,"href":"https:\/\/rutana.lt\/en\/wp-json\/wp\/v2\/product\/12585\/revisions\/12617"}],"wp:featuredmedia":[{"embeddable":true,"href":"https:\/\/rutana.lt\/en\/wp-json\/wp\/v2\/media\/27836"}],"wp:attachment":[{"href":"https:\/\/rutana.lt\/en\/wp-json\/wp\/v2\/media?parent=12585"}],"wp:term":[{"taxonomy":"product_brand","embeddable":true,"href":"https:\/\/rutana.lt\/en\/wp-json\/wp\/v2\/product_brand?post=12585"},{"taxonomy":"product_cat","embeddable":true,"href":"https:\/\/rutana.lt\/en\/wp-json\/wp\/v2\/product_cat?post=12585"},{"taxonomy":"product_tag","embeddable":true,"href":"https:\/\/rutana.lt\/en\/wp-json\/wp\/v2\/product_tag?post=12585"}],"curies":[{"name":"wp","href":"https:\/\/api.w.org\/{rel}","templated":true}]}}