{"id":12502,"date":"2025-09-03T09:23:23","date_gmt":"2025-09-03T07:23:23","guid":{"rendered":"https:\/\/rutana.webdemo.lt\/?post_type=product&#038;p=12502"},"modified":"2025-10-13T15:41:44","modified_gmt":"2025-10-13T13:41:44","slug":"tusinukas-sonnet-lacquer-black-gt-parker-1931497","status":"publish","type":"product","link":"https:\/\/rutana.lt\/en\/product\/tusinukas-sonnet-lacquer-black-gt-parker-1931497\/","title":{"rendered":"Tu\u0161inukas Sonnet Lacquer Black GT Parker 1931497"},"content":{"rendered":"<p style=\"margin-bottom: 10px;\">\u0160is tu\u0161inukas yra klasikin\u0117 rafinuoto stiliaus i\u0161rai\u0161ka, \u201eSonnet\u201c yra Parkerio elegancijos simbolis visiems. Su \u012fvairiais dizainais, \u012fskaitant patvar\u0173 Cisel\u00e9 model\u012f, kiekviena sud\u0117tinga detal\u0117 yra meistri\u0161kai atlikta, kad b\u016bt\u0173 rafinuota kiekviena ra\u0161ymo proga. \u0160is produktas geriausiai tinka \u017emon\u0117ms, norintiems b\u016bti atpa\u017eintiems, bet nesuvokiamiems kaip i\u0161galvotiems. \u201eSonnet Black Lacquer GT\u201c tu\u0161inukas puikiai tinka graviravimui lazeriu, tod\u0117l \u0161\u012f tu\u0161inuk\u0105 galite padovanoti kiekvienomis progomis, pavyzd\u017eiui, kal\u0117dine dovana ar bet kokiu jubiliejumi. Kiekviena \u012fmon\u0117 i\u0161 to gali padaryti tikrai gra\u017ei\u0105 \u201eParker\u201c dovan\u0105 darbuotojams, partneriams ar investuotojams. Juodas lakas su aukso apdaila. Supakuota \u012f auk\u0161\u010diausios kokyb\u0117s \u201ePARKER\u201c dovan\u0173 d\u0117\u017eut\u0119. Ra\u0161ikliui naudojama kei\u010diama &#8222;Parker&#8221; \u0161erdel\u0117. <\/p>\n<p style=\"margin-bottom: 10px;\">\u0160erdel\u0117s br\u0117\u017eio storis: M ( 1.0 mm )<\/p>\n<p style=\"margin-bottom: 10px;\">Korpusas: juodos spalvos<\/p>\n<p style=\"margin-bottom: 10px;\">Kilm\u0117s \u0161alis: Pranc\u016bzija<\/p>\n<p style=\"margin-bottom: 10px;\"><\/p>\n<p style=\"margin-bottom: 10px;\"><\/p>","protected":false},"excerpt":{"rendered":"<p>\u0160is tu\u0161inukas yra klasikin\u0117 rafinuoto stiliaus i\u0161rai\u0161ka, \u201eSonnet\u201c yra Parkerio elegancijos simbolis visiems. Su \u012fvairiais dizainais, \u012fskaitant patvar\u0173 Cisel\u00e9 model\u012f, kiekviena sud\u0117tinga detal\u0117 yra meistri\u0161kai atlikta, kad b\u016bt\u0173 rafinuota kiekviena ra\u0161ymo proga. \u0160is produktas geriausiai tinka \u017emon\u0117ms, norintiems b\u016bti atpa\u017eintiems, bet nesuvokiamiems kaip i\u0161galvotiems. \u201eSonnet Black Lacquer GT\u201c tu\u0161inukas puikiai tinka graviravimui lazeriu, tod\u0117l \u0161\u012f [&hellip;]<\/p>","protected":false},"featured_media":27815,"comment_status":"open","ping_status":"closed","template":"","meta":{"_season_start":"","_season_end":"","_season_days":"","_season_months":"","_season_auto_visibility":""},"product_brand":[559],"product_cat":[1673],"product_tag":[],"class_list":{"0":"post-12502","1":"product","2":"type-product","3":"status-publish","4":"has-post-thumbnail","6":"product_brand-parker","7":"product_cat-prabangus-tusinukai","9":"first","10":"instock","11":"taxable","12":"shipping-taxable","13":"purchasable","14":"product-type-simple"},"yoast_head":"<!-- This site is optimized with the Yoast SEO plugin v27.4 - https:\/\/yoast.com\/product\/yoast-seo-wordpress\/ -->\n<title>Tu\u0161inukas Sonnet Lacquer Black GT Parker 1931497 - Rutana - Ra\u0161tin\u0117s reikmenys<\/title>\n<meta name=\"robots\" content=\"index, follow, max-snippet:-1, max-image-preview:large, max-video-preview:-1\" \/>\n<link rel=\"canonical\" href=\"https:\/\/rutana.lt\/en\/product\/tusinukas-sonnet-lacquer-black-gt-parker-1931497\/\" \/>\n<meta property=\"og:locale\" content=\"en_US\" \/>\n<meta property=\"og:type\" content=\"article\" \/>\n<meta property=\"og:title\" content=\"Tu\u0161inukas Sonnet Lacquer Black GT Parker 1931497 - Rutana - Ra\u0161tin\u0117s reikmenys\" \/>\n<meta property=\"og:description\" content=\"\u0160is tu\u0161inukas yra klasikin\u0117 rafinuoto stiliaus i\u0161rai\u0161ka, \u201eSonnet\u201c yra Parkerio elegancijos simbolis visiems. Su \u012fvairiais dizainais, \u012fskaitant patvar\u0173 Cisel\u00e9 model\u012f, kiekviena sud\u0117tinga detal\u0117 yra meistri\u0161kai atlikta, kad b\u016bt\u0173 rafinuota kiekviena ra\u0161ymo proga. \u0160is produktas geriausiai tinka \u017emon\u0117ms, norintiems b\u016bti atpa\u017eintiems, bet nesuvokiamiems kaip i\u0161galvotiems. \u201eSonnet Black Lacquer GT\u201c tu\u0161inukas puikiai tinka graviravimui lazeriu, tod\u0117l \u0161\u012f [&hellip;]\" \/>\n<meta property=\"og:url\" content=\"https:\/\/rutana.lt\/en\/product\/tusinukas-sonnet-lacquer-black-gt-parker-1931497\/\" \/>\n<meta property=\"og:site_name\" content=\"Rutana - Ra\u0161tin\u0117s reikmenys\" \/>\n<meta property=\"article:publisher\" content=\"https:\/\/www.facebook.com\/RutanaKanceliarinesPrekes\/\" \/>\n<meta property=\"article:modified_time\" content=\"2025-10-13T13:41:44+00:00\" \/>\n<meta property=\"og:image\" content=\"https:\/\/rutana.lt\/wp-content\/uploads\/2025\/09\/C033-738.jpg\" \/>\n\t<meta property=\"og:image:width\" content=\"600\" \/>\n\t<meta property=\"og:image:height\" content=\"600\" \/>\n\t<meta property=\"og:image:type\" content=\"image\/jpeg\" \/>\n<meta name=\"twitter:card\" content=\"summary_large_image\" \/>\n<meta name=\"twitter:label1\" content=\"Est. reading time\" \/>\n\t<meta name=\"twitter:data1\" content=\"1 minute\" \/>\n<script type=\"application\/ld+json\" class=\"yoast-schema-graph\">{\"@context\":\"https:\\\/\\\/schema.org\",\"@graph\":[{\"@type\":\"WebPage\",\"@id\":\"https:\\\/\\\/rutana.lt\\\/produktas\\\/tusinukas-sonnet-lacquer-black-gt-parker-1931497\\\/\",\"url\":\"https:\\\/\\\/rutana.lt\\\/produktas\\\/tusinukas-sonnet-lacquer-black-gt-parker-1931497\\\/\",\"name\":\"Tu\u0161inukas Sonnet Lacquer Black GT Parker 1931497 - Rutana - Ra\u0161tin\u0117s reikmenys\",\"isPartOf\":{\"@id\":\"https:\\\/\\\/rutana.lt\\\/#website\"},\"primaryImageOfPage\":{\"@id\":\"https:\\\/\\\/rutana.lt\\\/produktas\\\/tusinukas-sonnet-lacquer-black-gt-parker-1931497\\\/#primaryimage\"},\"image\":{\"@id\":\"https:\\\/\\\/rutana.lt\\\/produktas\\\/tusinukas-sonnet-lacquer-black-gt-parker-1931497\\\/#primaryimage\"},\"thumbnailUrl\":\"https:\\\/\\\/rutana.lt\\\/wp-content\\\/uploads\\\/2025\\\/09\\\/C033-738-2.jpg?v=1763619505\",\"datePublished\":\"2025-09-03T07:23:23+00:00\",\"dateModified\":\"2025-10-13T13:41:44+00:00\",\"breadcrumb\":{\"@id\":\"https:\\\/\\\/rutana.lt\\\/produktas\\\/tusinukas-sonnet-lacquer-black-gt-parker-1931497\\\/#breadcrumb\"},\"inLanguage\":\"en-US\",\"potentialAction\":[{\"@type\":\"ReadAction\",\"target\":[\"https:\\\/\\\/rutana.lt\\\/produktas\\\/tusinukas-sonnet-lacquer-black-gt-parker-1931497\\\/\"]}]},{\"@type\":\"ImageObject\",\"inLanguage\":\"en-US\",\"@id\":\"https:\\\/\\\/rutana.lt\\\/produktas\\\/tusinukas-sonnet-lacquer-black-gt-parker-1931497\\\/#primaryimage\",\"url\":\"https:\\\/\\\/rutana.lt\\\/wp-content\\\/uploads\\\/2025\\\/09\\\/C033-738-2.jpg?v=1763619505\",\"contentUrl\":\"https:\\\/\\\/rutana.lt\\\/wp-content\\\/uploads\\\/2025\\\/09\\\/C033-738-2.jpg?v=1763619505\",\"width\":600,\"height\":600},{\"@type\":\"BreadcrumbList\",\"@id\":\"https:\\\/\\\/rutana.lt\\\/produktas\\\/tusinukas-sonnet-lacquer-black-gt-parker-1931497\\\/#breadcrumb\",\"itemListElement\":[{\"@type\":\"ListItem\",\"position\":1,\"name\":\"Home\",\"item\":\"https:\\\/\\\/rutana.lt\\\/\"},{\"@type\":\"ListItem\",\"position\":2,\"name\":\"Parduotuv\u0117\",\"item\":\"https:\\\/\\\/rutana.lt\\\/parduotuve\\\/\"},{\"@type\":\"ListItem\",\"position\":3,\"name\":\"Tu\u0161inukas Sonnet Lacquer Black GT Parker 1931497\"}]},{\"@type\":\"WebSite\",\"@id\":\"https:\\\/\\\/rutana.lt\\\/#website\",\"url\":\"https:\\\/\\\/rutana.lt\\\/\",\"name\":\"Rutana - Ra\u0161tin\u0117s reikmenys\",\"description\":\"Prekiaujame pasaulin\u0117je rinkoje pripa\u017eintomis, kokybi\u0161komis biuro prek\u0117mis toki\u0173  gamintoj\u0173 kaip: Schneider, Esselte, Novus, 3M, Faber-Castell, Citizen, Milan, Leitz, Colop, Zebra, Staedtler, Durable, Tork, Parker, Waterman ir kt.\",\"publisher\":{\"@id\":\"https:\\\/\\\/rutana.lt\\\/#organization\"},\"potentialAction\":[{\"@type\":\"SearchAction\",\"target\":{\"@type\":\"EntryPoint\",\"urlTemplate\":\"https:\\\/\\\/rutana.lt\\\/?s={search_term_string}\"},\"query-input\":{\"@type\":\"PropertyValueSpecification\",\"valueRequired\":true,\"valueName\":\"search_term_string\"}}],\"inLanguage\":\"en-US\"},{\"@type\":\"Organization\",\"@id\":\"https:\\\/\\\/rutana.lt\\\/#organization\",\"name\":\"Rutana - Ra\u0161tin\u0117s reikmenys\",\"url\":\"https:\\\/\\\/rutana.lt\\\/\",\"logo\":{\"@type\":\"ImageObject\",\"inLanguage\":\"en-US\",\"@id\":\"https:\\\/\\\/rutana.lt\\\/#\\\/schema\\\/logo\\\/image\\\/\",\"url\":\"https:\\\/\\\/rutana.lt\\\/wp-content\\\/uploads\\\/2025\\\/10\\\/Asset-32.png\",\"contentUrl\":\"https:\\\/\\\/rutana.lt\\\/wp-content\\\/uploads\\\/2025\\\/10\\\/Asset-32.png\",\"width\":433,\"height\":119,\"caption\":\"Rutana - Ra\u0161tin\u0117s reikmenys\"},\"image\":{\"@id\":\"https:\\\/\\\/rutana.lt\\\/#\\\/schema\\\/logo\\\/image\\\/\"},\"sameAs\":[\"https:\\\/\\\/www.facebook.com\\\/RutanaKanceliarinesPrekes\\\/\"]}]}<\/script>\n<!-- \/ Yoast SEO plugin. -->","yoast_head_json":{"title":"Tu\u0161inukas Sonnet Lacquer Black GT Parker 1931497 - Rutana - Ra\u0161tin\u0117s reikmenys","robots":{"index":"index","follow":"follow","max-snippet":"max-snippet:-1","max-image-preview":"max-image-preview:large","max-video-preview":"max-video-preview:-1"},"canonical":"https:\/\/rutana.lt\/en\/product\/tusinukas-sonnet-lacquer-black-gt-parker-1931497\/","og_locale":"en_US","og_type":"article","og_title":"Tu\u0161inukas Sonnet Lacquer Black GT Parker 1931497 - Rutana - Ra\u0161tin\u0117s reikmenys","og_description":"\u0160is tu\u0161inukas yra klasikin\u0117 rafinuoto stiliaus i\u0161rai\u0161ka, \u201eSonnet\u201c yra Parkerio elegancijos simbolis visiems. Su \u012fvairiais dizainais, \u012fskaitant patvar\u0173 Cisel\u00e9 model\u012f, kiekviena sud\u0117tinga detal\u0117 yra meistri\u0161kai atlikta, kad b\u016bt\u0173 rafinuota kiekviena ra\u0161ymo proga. \u0160is produktas geriausiai tinka \u017emon\u0117ms, norintiems b\u016bti atpa\u017eintiems, bet nesuvokiamiems kaip i\u0161galvotiems. \u201eSonnet Black Lacquer GT\u201c tu\u0161inukas puikiai tinka graviravimui lazeriu, tod\u0117l \u0161\u012f [&hellip;]","og_url":"https:\/\/rutana.lt\/en\/product\/tusinukas-sonnet-lacquer-black-gt-parker-1931497\/","og_site_name":"Rutana - Ra\u0161tin\u0117s reikmenys","article_publisher":"https:\/\/www.facebook.com\/RutanaKanceliarinesPrekes\/","article_modified_time":"2025-10-13T13:41:44+00:00","og_image":[{"width":600,"height":600,"url":"https:\/\/rutana.lt\/wp-content\/uploads\/2025\/09\/C033-738.jpg","type":"image\/jpeg"}],"twitter_card":"summary_large_image","twitter_misc":{"Est. reading time":"1 minute"},"schema":{"@context":"https:\/\/schema.org","@graph":[{"@type":"WebPage","@id":"https:\/\/rutana.lt\/produktas\/tusinukas-sonnet-lacquer-black-gt-parker-1931497\/","url":"https:\/\/rutana.lt\/produktas\/tusinukas-sonnet-lacquer-black-gt-parker-1931497\/","name":"Tu\u0161inukas Sonnet Lacquer Black GT Parker 1931497 - Rutana - Ra\u0161tin\u0117s reikmenys","isPartOf":{"@id":"https:\/\/rutana.lt\/#website"},"primaryImageOfPage":{"@id":"https:\/\/rutana.lt\/produktas\/tusinukas-sonnet-lacquer-black-gt-parker-1931497\/#primaryimage"},"image":{"@id":"https:\/\/rutana.lt\/produktas\/tusinukas-sonnet-lacquer-black-gt-parker-1931497\/#primaryimage"},"thumbnailUrl":"https:\/\/rutana.lt\/wp-content\/uploads\/2025\/09\/C033-738-2.jpg?v=1763619505","datePublished":"2025-09-03T07:23:23+00:00","dateModified":"2025-10-13T13:41:44+00:00","breadcrumb":{"@id":"https:\/\/rutana.lt\/produktas\/tusinukas-sonnet-lacquer-black-gt-parker-1931497\/#breadcrumb"},"inLanguage":"en-US","potentialAction":[{"@type":"ReadAction","target":["https:\/\/rutana.lt\/produktas\/tusinukas-sonnet-lacquer-black-gt-parker-1931497\/"]}]},{"@type":"ImageObject","inLanguage":"en-US","@id":"https:\/\/rutana.lt\/produktas\/tusinukas-sonnet-lacquer-black-gt-parker-1931497\/#primaryimage","url":"https:\/\/rutana.lt\/wp-content\/uploads\/2025\/09\/C033-738-2.jpg?v=1763619505","contentUrl":"https:\/\/rutana.lt\/wp-content\/uploads\/2025\/09\/C033-738-2.jpg?v=1763619505","width":600,"height":600},{"@type":"BreadcrumbList","@id":"https:\/\/rutana.lt\/produktas\/tusinukas-sonnet-lacquer-black-gt-parker-1931497\/#breadcrumb","itemListElement":[{"@type":"ListItem","position":1,"name":"Home","item":"https:\/\/rutana.lt\/"},{"@type":"ListItem","position":2,"name":"Parduotuv\u0117","item":"https:\/\/rutana.lt\/parduotuve\/"},{"@type":"ListItem","position":3,"name":"Tu\u0161inukas Sonnet Lacquer Black GT Parker 1931497"}]},{"@type":"WebSite","@id":"https:\/\/rutana.lt\/#website","url":"https:\/\/rutana.lt\/","name":"Rutana - Ra\u0161tin\u0117s reikmenys","description":"Prekiaujame pasaulin\u0117je rinkoje pripa\u017eintomis, kokybi\u0161komis biuro prek\u0117mis toki\u0173  gamintoj\u0173 kaip: Schneider, Esselte, Novus, 3M, Faber-Castell, Citizen, Milan, Leitz, Colop, Zebra, Staedtler, Durable, Tork, Parker, Waterman ir kt.","publisher":{"@id":"https:\/\/rutana.lt\/#organization"},"potentialAction":[{"@type":"SearchAction","target":{"@type":"EntryPoint","urlTemplate":"https:\/\/rutana.lt\/?s={search_term_string}"},"query-input":{"@type":"PropertyValueSpecification","valueRequired":true,"valueName":"search_term_string"}}],"inLanguage":"en-US"},{"@type":"Organization","@id":"https:\/\/rutana.lt\/#organization","name":"Rutana - Ra\u0161tin\u0117s reikmenys","url":"https:\/\/rutana.lt\/","logo":{"@type":"ImageObject","inLanguage":"en-US","@id":"https:\/\/rutana.lt\/#\/schema\/logo\/image\/","url":"https:\/\/rutana.lt\/wp-content\/uploads\/2025\/10\/Asset-32.png","contentUrl":"https:\/\/rutana.lt\/wp-content\/uploads\/2025\/10\/Asset-32.png","width":433,"height":119,"caption":"Rutana - Ra\u0161tin\u0117s reikmenys"},"image":{"@id":"https:\/\/rutana.lt\/#\/schema\/logo\/image\/"},"sameAs":["https:\/\/www.facebook.com\/RutanaKanceliarinesPrekes\/"]}]}},"_links":{"self":[{"href":"https:\/\/rutana.lt\/en\/wp-json\/wp\/v2\/product\/12502","targetHints":{"allow":["GET"]}}],"collection":[{"href":"https:\/\/rutana.lt\/en\/wp-json\/wp\/v2\/product"}],"about":[{"href":"https:\/\/rutana.lt\/en\/wp-json\/wp\/v2\/types\/product"}],"replies":[{"embeddable":true,"href":"https:\/\/rutana.lt\/en\/wp-json\/wp\/v2\/comments?post=12502"}],"version-history":[{"count":1,"href":"https:\/\/rutana.lt\/en\/wp-json\/wp\/v2\/product\/12502\/revisions"}],"predecessor-version":[{"id":12539,"href":"https:\/\/rutana.lt\/en\/wp-json\/wp\/v2\/product\/12502\/revisions\/12539"}],"wp:featuredmedia":[{"embeddable":true,"href":"https:\/\/rutana.lt\/en\/wp-json\/wp\/v2\/media\/27815"}],"wp:attachment":[{"href":"https:\/\/rutana.lt\/en\/wp-json\/wp\/v2\/media?parent=12502"}],"wp:term":[{"taxonomy":"product_brand","embeddable":true,"href":"https:\/\/rutana.lt\/en\/wp-json\/wp\/v2\/product_brand?post=12502"},{"taxonomy":"product_cat","embeddable":true,"href":"https:\/\/rutana.lt\/en\/wp-json\/wp\/v2\/product_cat?post=12502"},{"taxonomy":"product_tag","embeddable":true,"href":"https:\/\/rutana.lt\/en\/wp-json\/wp\/v2\/product_tag?post=12502"}],"curies":[{"name":"wp","href":"https:\/\/api.w.org\/{rel}","templated":true}]}}