{"id":12450,"date":"2025-09-03T09:22:57","date_gmt":"2025-09-03T07:22:57","guid":{"rendered":"https:\/\/rutana.webdemo.lt\/?post_type=product&#038;p=12450"},"modified":"2025-10-13T15:41:43","modified_gmt":"2025-10-13T13:41:43","slug":"pavirsiu-valymo-serveteles-fastclean-100-vnt-papernet-419295","status":"publish","type":"product","link":"https:\/\/rutana.lt\/en\/product\/pavirsiu-valymo-serveteles-fastclean-100-vnt-papernet-419295\/","title":{"rendered":"Pavir\u0161i\u0173 valymo servet\u0117l\u0117s Fast&#038;Clean 100 vnt. Papernet 419295"},"content":{"rendered":"<p>I\u0161 nuolatini\u0173 \u201ePapernet\u201c tyrim\u0173 ir naujovi\u0173 atsiranda \u201eDefend Tech\u201c asortimentas &#8211; geriausi\u0173 ir i\u0161skirtiniausi\u0173 technologij\u0173 pasirinkimas, leid\u017eiantis dar labiau pakelti popieriaus gamini\u0173, dozatori\u0173, antibakterini\u0173 muil\u0173 ir geli\u0173 higienos normas. Naujas po\u017ei\u016bris \u012f pa\u017eangiausi\u0173 sprendim\u0173, palaikan\u010di\u0173 kasdien\u0119 prevencij\u0105, pateikim\u0105 klientams ir vartotojams. Celiulioz\u0117s servet\u0117l\u0117s suteiks dar daugiau higienos ir saugumo. Skirtos pavir\u0161i\u0173 valymui.<\/p>\n<p style=\"margin-bottom: 10px;\">I\u0161lankstytos servet\u0117l\u0117s ilgis: 33.25 cm<\/p>\n<p style=\"margin-bottom: 10px;\">I\u0161lankstytos servet\u0117l\u0117s plotis: 21.6 cm<\/p>\n<p style=\"margin-bottom: 10px;\">Sulankstytos servet\u0117l\u0117s matmenys: 16.6 x 10.8 cm<\/p>\n<p style=\"margin-bottom: 10px;\">Servet\u0117li\u0173 kiekis pakuot\u0117je: 100<\/p>\n<p style=\"margin-bottom: 10px;\">Sluoksniai: 2<\/p>\n<p style=\"margin-bottom: 10px;\">Spalva: balta<\/p>\n<p style=\"margin-bottom: 10px;\">Reljefinis: mikro<\/p>\n<p style=\"margin-bottom: 10px;\">Kilm\u0117s \u0161alis: Italija<\/p>\n<p style=\"margin-bottom: 10px;\"><br style=\"color: rgb(0, 0, 0); font-size: 14px;\"><\/p>","protected":false},"excerpt":{"rendered":"<p>I\u0161 nuolatini\u0173 \u201ePapernet\u201c tyrim\u0173 ir naujovi\u0173 atsiranda \u201eDefend Tech\u201c asortimentas &#8211; geriausi\u0173 ir i\u0161skirtiniausi\u0173 technologij\u0173 pasirinkimas, leid\u017eiantis dar labiau pakelti popieriaus gamini\u0173, dozatori\u0173, antibakterini\u0173 muil\u0173 ir geli\u0173 higienos normas. Naujas po\u017ei\u016bris \u012f pa\u017eangiausi\u0173 sprendim\u0173, palaikan\u010di\u0173 kasdien\u0119 prevencij\u0105, pateikim\u0105 klientams ir vartotojams. Celiulioz\u0117s servet\u0117l\u0117s suteiks dar daugiau higienos ir saugumo. Skirtos pavir\u0161i\u0173 valymui. I\u0161lankstytos servet\u0117l\u0117s ilgis: [&hellip;]<\/p>","protected":false},"featured_media":27811,"comment_status":"open","ping_status":"closed","template":"","meta":{"_season_start":"","_season_end":"","_season_days":"","_season_months":"","_season_auto_visibility":""},"product_brand":[238],"product_cat":[1691],"product_tag":[],"class_list":{"0":"post-12450","1":"product","2":"type-product","3":"status-publish","4":"has-post-thumbnail","6":"product_brand-papernet","7":"product_cat-popierines-serveteles","9":"first","10":"instock","11":"taxable","12":"shipping-taxable","13":"purchasable","14":"product-type-simple"},"yoast_head":"<!-- This site is optimized with the Yoast SEO plugin v26.1.1 - https:\/\/yoast.com\/wordpress\/plugins\/seo\/ -->\n<title>Pavir\u0161i\u0173 valymo servet\u0117l\u0117s Fast&amp;Clean 100 vnt. Papernet 419295 - Rutana - Ra\u0161tin\u0117s reikmenys<\/title>\n<meta name=\"robots\" content=\"index, follow, max-snippet:-1, max-image-preview:large, max-video-preview:-1\" \/>\n<link rel=\"canonical\" href=\"https:\/\/rutana.lt\/en\/product\/pavirsiu-valymo-serveteles-fastclean-100-vnt-papernet-419295\/\" \/>\n<meta property=\"og:locale\" content=\"en_US\" \/>\n<meta property=\"og:type\" content=\"article\" \/>\n<meta property=\"og:title\" content=\"Pavir\u0161i\u0173 valymo servet\u0117l\u0117s Fast&amp;Clean 100 vnt. Papernet 419295 - Rutana - Ra\u0161tin\u0117s reikmenys\" \/>\n<meta property=\"og:description\" content=\"I\u0161 nuolatini\u0173 \u201ePapernet\u201c tyrim\u0173 ir naujovi\u0173 atsiranda \u201eDefend Tech\u201c asortimentas &#8211; geriausi\u0173 ir i\u0161skirtiniausi\u0173 technologij\u0173 pasirinkimas, leid\u017eiantis dar labiau pakelti popieriaus gamini\u0173, dozatori\u0173, antibakterini\u0173 muil\u0173 ir geli\u0173 higienos normas. Naujas po\u017ei\u016bris \u012f pa\u017eangiausi\u0173 sprendim\u0173, palaikan\u010di\u0173 kasdien\u0119 prevencij\u0105, pateikim\u0105 klientams ir vartotojams. Celiulioz\u0117s servet\u0117l\u0117s suteiks dar daugiau higienos ir saugumo. Skirtos pavir\u0161i\u0173 valymui. I\u0161lankstytos servet\u0117l\u0117s ilgis: [&hellip;]\" \/>\n<meta property=\"og:url\" content=\"https:\/\/rutana.lt\/en\/product\/pavirsiu-valymo-serveteles-fastclean-100-vnt-papernet-419295\/\" \/>\n<meta property=\"og:site_name\" content=\"Rutana - Ra\u0161tin\u0117s reikmenys\" \/>\n<meta property=\"article:publisher\" content=\"https:\/\/www.facebook.com\/RutanaKanceliarinesPrekes\/\" \/>\n<meta property=\"article:modified_time\" content=\"2025-10-13T13:41:43+00:00\" \/>\n<meta property=\"og:image\" content=\"https:\/\/rutana.lt\/wp-content\/uploads\/2025\/09\/B094-885.jpg\" \/>\n\t<meta property=\"og:image:width\" content=\"569\" \/>\n\t<meta property=\"og:image:height\" content=\"600\" \/>\n\t<meta property=\"og:image:type\" content=\"image\/jpeg\" \/>\n<meta name=\"twitter:card\" content=\"summary_large_image\" \/>\n<script type=\"application\/ld+json\" class=\"yoast-schema-graph\">{\"@context\":\"https:\/\/schema.org\",\"@graph\":[{\"@type\":\"WebPage\",\"@id\":\"https:\/\/rutana.lt\/produktas\/pavirsiu-valymo-serveteles-fastclean-100-vnt-papernet-419295\/\",\"url\":\"https:\/\/rutana.lt\/produktas\/pavirsiu-valymo-serveteles-fastclean-100-vnt-papernet-419295\/\",\"name\":\"Pavir\u0161i\u0173 valymo servet\u0117l\u0117s Fast&Clean 100 vnt. Papernet 419295 - Rutana - Ra\u0161tin\u0117s reikmenys\",\"isPartOf\":{\"@id\":\"https:\/\/rutana.lt\/#website\"},\"primaryImageOfPage\":{\"@id\":\"https:\/\/rutana.lt\/produktas\/pavirsiu-valymo-serveteles-fastclean-100-vnt-papernet-419295\/#primaryimage\"},\"image\":{\"@id\":\"https:\/\/rutana.lt\/produktas\/pavirsiu-valymo-serveteles-fastclean-100-vnt-papernet-419295\/#primaryimage\"},\"thumbnailUrl\":\"https:\/\/rutana.lt\/wp-content\/uploads\/2025\/09\/B094-885-1.jpg?v=1763619508\",\"datePublished\":\"2025-09-03T07:22:57+00:00\",\"dateModified\":\"2025-10-13T13:41:43+00:00\",\"breadcrumb\":{\"@id\":\"https:\/\/rutana.lt\/produktas\/pavirsiu-valymo-serveteles-fastclean-100-vnt-papernet-419295\/#breadcrumb\"},\"inLanguage\":\"en-US\",\"potentialAction\":[{\"@type\":\"ReadAction\",\"target\":[\"https:\/\/rutana.lt\/produktas\/pavirsiu-valymo-serveteles-fastclean-100-vnt-papernet-419295\/\"]}]},{\"@type\":\"ImageObject\",\"inLanguage\":\"en-US\",\"@id\":\"https:\/\/rutana.lt\/produktas\/pavirsiu-valymo-serveteles-fastclean-100-vnt-papernet-419295\/#primaryimage\",\"url\":\"https:\/\/rutana.lt\/wp-content\/uploads\/2025\/09\/B094-885-1.jpg?v=1763619508\",\"contentUrl\":\"https:\/\/rutana.lt\/wp-content\/uploads\/2025\/09\/B094-885-1.jpg?v=1763619508\",\"width\":569,\"height\":600},{\"@type\":\"BreadcrumbList\",\"@id\":\"https:\/\/rutana.lt\/produktas\/pavirsiu-valymo-serveteles-fastclean-100-vnt-papernet-419295\/#breadcrumb\",\"itemListElement\":[{\"@type\":\"ListItem\",\"position\":1,\"name\":\"Home\",\"item\":\"https:\/\/rutana.lt\/\"},{\"@type\":\"ListItem\",\"position\":2,\"name\":\"Parduotuv\u0117\",\"item\":\"https:\/\/rutana.lt\/parduotuve\/\"},{\"@type\":\"ListItem\",\"position\":3,\"name\":\"Pavir\u0161i\u0173 valymo servet\u0117l\u0117s Fast&#038;Clean 100 vnt. Papernet 419295\"}]},{\"@type\":\"WebSite\",\"@id\":\"https:\/\/rutana.lt\/#website\",\"url\":\"https:\/\/rutana.lt\/\",\"name\":\"Rutana - Ra\u0161tin\u0117s reikmenys\",\"description\":\"Prekiaujame pasaulin\u0117je rinkoje pripa\u017eintomis, kokybi\u0161komis biuro prek\u0117mis toki\u0173  gamintoj\u0173 kaip: Schneider, Esselte, Novus, 3M, Faber-Castell, Citizen, Milan, Leitz, Colop, Zebra, Staedtler, Durable, Tork, Parker, Waterman ir kt.\",\"publisher\":{\"@id\":\"https:\/\/rutana.lt\/#organization\"},\"potentialAction\":[{\"@type\":\"SearchAction\",\"target\":{\"@type\":\"EntryPoint\",\"urlTemplate\":\"https:\/\/rutana.lt\/?s={search_term_string}\"},\"query-input\":{\"@type\":\"PropertyValueSpecification\",\"valueRequired\":true,\"valueName\":\"search_term_string\"}}],\"inLanguage\":\"en-US\"},{\"@type\":\"Organization\",\"@id\":\"https:\/\/rutana.lt\/#organization\",\"name\":\"Rutana - Ra\u0161tin\u0117s reikmenys\",\"url\":\"https:\/\/rutana.lt\/\",\"logo\":{\"@type\":\"ImageObject\",\"inLanguage\":\"en-US\",\"@id\":\"https:\/\/rutana.lt\/#\/schema\/logo\/image\/\",\"url\":\"https:\/\/rutana.lt\/wp-content\/uploads\/2025\/10\/Asset-32.png\",\"contentUrl\":\"https:\/\/rutana.lt\/wp-content\/uploads\/2025\/10\/Asset-32.png\",\"width\":433,\"height\":119,\"caption\":\"Rutana - Ra\u0161tin\u0117s reikmenys\"},\"image\":{\"@id\":\"https:\/\/rutana.lt\/#\/schema\/logo\/image\/\"},\"sameAs\":[\"https:\/\/www.facebook.com\/RutanaKanceliarinesPrekes\/\"]}]}<\/script>\n<!-- \/ Yoast SEO plugin. -->","yoast_head_json":{"title":"Pavir\u0161i\u0173 valymo servet\u0117l\u0117s Fast&Clean 100 vnt. Papernet 419295 - Rutana - Ra\u0161tin\u0117s reikmenys","robots":{"index":"index","follow":"follow","max-snippet":"max-snippet:-1","max-image-preview":"max-image-preview:large","max-video-preview":"max-video-preview:-1"},"canonical":"https:\/\/rutana.lt\/en\/product\/pavirsiu-valymo-serveteles-fastclean-100-vnt-papernet-419295\/","og_locale":"en_US","og_type":"article","og_title":"Pavir\u0161i\u0173 valymo servet\u0117l\u0117s Fast&Clean 100 vnt. Papernet 419295 - Rutana - Ra\u0161tin\u0117s reikmenys","og_description":"I\u0161 nuolatini\u0173 \u201ePapernet\u201c tyrim\u0173 ir naujovi\u0173 atsiranda \u201eDefend Tech\u201c asortimentas &#8211; geriausi\u0173 ir i\u0161skirtiniausi\u0173 technologij\u0173 pasirinkimas, leid\u017eiantis dar labiau pakelti popieriaus gamini\u0173, dozatori\u0173, antibakterini\u0173 muil\u0173 ir geli\u0173 higienos normas. Naujas po\u017ei\u016bris \u012f pa\u017eangiausi\u0173 sprendim\u0173, palaikan\u010di\u0173 kasdien\u0119 prevencij\u0105, pateikim\u0105 klientams ir vartotojams. Celiulioz\u0117s servet\u0117l\u0117s suteiks dar daugiau higienos ir saugumo. Skirtos pavir\u0161i\u0173 valymui. I\u0161lankstytos servet\u0117l\u0117s ilgis: [&hellip;]","og_url":"https:\/\/rutana.lt\/en\/product\/pavirsiu-valymo-serveteles-fastclean-100-vnt-papernet-419295\/","og_site_name":"Rutana - Ra\u0161tin\u0117s reikmenys","article_publisher":"https:\/\/www.facebook.com\/RutanaKanceliarinesPrekes\/","article_modified_time":"2025-10-13T13:41:43+00:00","og_image":[{"width":569,"height":600,"url":"https:\/\/rutana.lt\/wp-content\/uploads\/2025\/09\/B094-885.jpg","type":"image\/jpeg"}],"twitter_card":"summary_large_image","schema":{"@context":"https:\/\/schema.org","@graph":[{"@type":"WebPage","@id":"https:\/\/rutana.lt\/produktas\/pavirsiu-valymo-serveteles-fastclean-100-vnt-papernet-419295\/","url":"https:\/\/rutana.lt\/produktas\/pavirsiu-valymo-serveteles-fastclean-100-vnt-papernet-419295\/","name":"Pavir\u0161i\u0173 valymo servet\u0117l\u0117s Fast&Clean 100 vnt. Papernet 419295 - Rutana - Ra\u0161tin\u0117s reikmenys","isPartOf":{"@id":"https:\/\/rutana.lt\/#website"},"primaryImageOfPage":{"@id":"https:\/\/rutana.lt\/produktas\/pavirsiu-valymo-serveteles-fastclean-100-vnt-papernet-419295\/#primaryimage"},"image":{"@id":"https:\/\/rutana.lt\/produktas\/pavirsiu-valymo-serveteles-fastclean-100-vnt-papernet-419295\/#primaryimage"},"thumbnailUrl":"https:\/\/rutana.lt\/wp-content\/uploads\/2025\/09\/B094-885-1.jpg?v=1763619508","datePublished":"2025-09-03T07:22:57+00:00","dateModified":"2025-10-13T13:41:43+00:00","breadcrumb":{"@id":"https:\/\/rutana.lt\/produktas\/pavirsiu-valymo-serveteles-fastclean-100-vnt-papernet-419295\/#breadcrumb"},"inLanguage":"en-US","potentialAction":[{"@type":"ReadAction","target":["https:\/\/rutana.lt\/produktas\/pavirsiu-valymo-serveteles-fastclean-100-vnt-papernet-419295\/"]}]},{"@type":"ImageObject","inLanguage":"en-US","@id":"https:\/\/rutana.lt\/produktas\/pavirsiu-valymo-serveteles-fastclean-100-vnt-papernet-419295\/#primaryimage","url":"https:\/\/rutana.lt\/wp-content\/uploads\/2025\/09\/B094-885-1.jpg?v=1763619508","contentUrl":"https:\/\/rutana.lt\/wp-content\/uploads\/2025\/09\/B094-885-1.jpg?v=1763619508","width":569,"height":600},{"@type":"BreadcrumbList","@id":"https:\/\/rutana.lt\/produktas\/pavirsiu-valymo-serveteles-fastclean-100-vnt-papernet-419295\/#breadcrumb","itemListElement":[{"@type":"ListItem","position":1,"name":"Home","item":"https:\/\/rutana.lt\/"},{"@type":"ListItem","position":2,"name":"Parduotuv\u0117","item":"https:\/\/rutana.lt\/parduotuve\/"},{"@type":"ListItem","position":3,"name":"Pavir\u0161i\u0173 valymo servet\u0117l\u0117s Fast&#038;Clean 100 vnt. Papernet 419295"}]},{"@type":"WebSite","@id":"https:\/\/rutana.lt\/#website","url":"https:\/\/rutana.lt\/","name":"Rutana - Ra\u0161tin\u0117s reikmenys","description":"Prekiaujame pasaulin\u0117je rinkoje pripa\u017eintomis, kokybi\u0161komis biuro prek\u0117mis toki\u0173  gamintoj\u0173 kaip: Schneider, Esselte, Novus, 3M, Faber-Castell, Citizen, Milan, Leitz, Colop, Zebra, Staedtler, Durable, Tork, Parker, Waterman ir kt.","publisher":{"@id":"https:\/\/rutana.lt\/#organization"},"potentialAction":[{"@type":"SearchAction","target":{"@type":"EntryPoint","urlTemplate":"https:\/\/rutana.lt\/?s={search_term_string}"},"query-input":{"@type":"PropertyValueSpecification","valueRequired":true,"valueName":"search_term_string"}}],"inLanguage":"en-US"},{"@type":"Organization","@id":"https:\/\/rutana.lt\/#organization","name":"Rutana - Ra\u0161tin\u0117s reikmenys","url":"https:\/\/rutana.lt\/","logo":{"@type":"ImageObject","inLanguage":"en-US","@id":"https:\/\/rutana.lt\/#\/schema\/logo\/image\/","url":"https:\/\/rutana.lt\/wp-content\/uploads\/2025\/10\/Asset-32.png","contentUrl":"https:\/\/rutana.lt\/wp-content\/uploads\/2025\/10\/Asset-32.png","width":433,"height":119,"caption":"Rutana - Ra\u0161tin\u0117s reikmenys"},"image":{"@id":"https:\/\/rutana.lt\/#\/schema\/logo\/image\/"},"sameAs":["https:\/\/www.facebook.com\/RutanaKanceliarinesPrekes\/"]}]}},"_links":{"self":[{"href":"https:\/\/rutana.lt\/en\/wp-json\/wp\/v2\/product\/12450","targetHints":{"allow":["GET"]}}],"collection":[{"href":"https:\/\/rutana.lt\/en\/wp-json\/wp\/v2\/product"}],"about":[{"href":"https:\/\/rutana.lt\/en\/wp-json\/wp\/v2\/types\/product"}],"replies":[{"embeddable":true,"href":"https:\/\/rutana.lt\/en\/wp-json\/wp\/v2\/comments?post=12450"}],"version-history":[{"count":1,"href":"https:\/\/rutana.lt\/en\/wp-json\/wp\/v2\/product\/12450\/revisions"}],"predecessor-version":[{"id":12531,"href":"https:\/\/rutana.lt\/en\/wp-json\/wp\/v2\/product\/12450\/revisions\/12531"}],"wp:featuredmedia":[{"embeddable":true,"href":"https:\/\/rutana.lt\/en\/wp-json\/wp\/v2\/media\/27811"}],"wp:attachment":[{"href":"https:\/\/rutana.lt\/en\/wp-json\/wp\/v2\/media?parent=12450"}],"wp:term":[{"taxonomy":"product_brand","embeddable":true,"href":"https:\/\/rutana.lt\/en\/wp-json\/wp\/v2\/product_brand?post=12450"},{"taxonomy":"product_cat","embeddable":true,"href":"https:\/\/rutana.lt\/en\/wp-json\/wp\/v2\/product_cat?post=12450"},{"taxonomy":"product_tag","embeddable":true,"href":"https:\/\/rutana.lt\/en\/wp-json\/wp\/v2\/product_tag?post=12450"}],"curies":[{"name":"wp","href":"https:\/\/api.w.org\/{rel}","templated":true}]}}