{"id":12446,"date":"2025-09-03T09:22:57","date_gmt":"2025-09-03T07:22:57","guid":{"rendered":"https:\/\/rutana.webdemo.lt\/?post_type=product&#038;p=12446"},"modified":"2025-10-13T15:41:41","modified_gmt":"2025-10-13T13:41:41","slug":"pramonines-sluostes-profix-escon-print-50-vnt-temca-067066","status":"publish","type":"product","link":"https:\/\/rutana.lt\/en\/product\/pramonines-sluostes-profix-escon-print-50-vnt-temca-067066\/","title":{"rendered":"Pramonin\u0117s \u0161luost\u0117s Profix Escon Print 50 vnt. Temca 067066"},"content":{"rendered":"<p>Itin atspari ply\u0161imui bei dilimui, tvirta \u0161luost\u0117 lygiu pavir\u0161iumi. Atspari tirpikliams. Pla\u010diai naudojama, jei reikia kruop\u0161taus valymo, be nuos\u0117d\u0173 ant pavir\u0161iaus ir atsparumo \u012fbr\u0117\u017eimams. Tinkama pavir\u0161i\u0173 nuriebalinimui prie\u0161 da\u017eym\u0105 \u012fvairiose pramon\u0117s \u0161akose.<\/p>\n<p>Med\u017eiaga: celiulioz\u0117 ( 55 % ), poliesteris ( 45 % )<\/p>\n<p>Spalva: turkio<\/p>\n<p>Servet\u0117l\u0117s ilgis: 38 cm<\/p>\n<p>Servet\u0117l\u0117s plotis: 30 cm<\/p>\n<p>Gramat\u016bra: 73 g \/ m<span style=\"vertical-align: super;\">2<\/span><\/p>\n<p><span style=\"vertical-align: super;\">Pakuot\u0117je: 50 servet\u0117li\u0173 ( kaina nurodyta u\u017e 50 vnt. )<\/span><\/p>\n<p><span style=\"vertical-align: super;\">Kilm\u0117s \u0161alis: Vokietija<br \/><\/span><\/p><\/p>","protected":false},"excerpt":{"rendered":"<p>Itin atspari ply\u0161imui bei dilimui, tvirta \u0161luost\u0117 lygiu pavir\u0161iumi. Atspari tirpikliams. Pla\u010diai naudojama, jei reikia kruop\u0161taus valymo, be nuos\u0117d\u0173 ant pavir\u0161iaus ir atsparumo \u012fbr\u0117\u017eimams. Tinkama pavir\u0161i\u0173 nuriebalinimui prie\u0161 da\u017eym\u0105 \u012fvairiose pramon\u0117s \u0161akose. Med\u017eiaga: celiulioz\u0117 ( 55 % ), poliesteris ( 45 % ) Spalva: turkio Servet\u0117l\u0117s ilgis: 38 cm Servet\u0117l\u0117s plotis: 30 cm Gramat\u016bra: 73 [&hellip;]<\/p>","protected":false},"featured_media":27807,"comment_status":"open","ping_status":"closed","template":"","meta":{"_season_start":"","_season_end":"","_season_days":"","_season_months":"","_season_auto_visibility":""},"product_brand":[839],"product_cat":[1688,1687],"product_tag":[],"class_list":{"0":"post-12446","1":"product","2":"type-product","3":"status-publish","4":"has-post-thumbnail","6":"product_brand-temca","7":"product_cat-kempines","8":"product_cat-sluostes","10":"first","11":"instock","12":"taxable","13":"shipping-taxable","14":"purchasable","15":"product-type-simple"},"yoast_head":"<!-- This site is optimized with the Yoast SEO plugin v27.4 - https:\/\/yoast.com\/product\/yoast-seo-wordpress\/ -->\n<title>Pramonin\u0117s \u0161luost\u0117s Profix Escon Print 50 vnt. Temca 067066 - Rutana - Ra\u0161tin\u0117s reikmenys<\/title>\n<meta name=\"robots\" content=\"index, follow, max-snippet:-1, max-image-preview:large, max-video-preview:-1\" \/>\n<link rel=\"canonical\" href=\"https:\/\/rutana.lt\/en\/product\/pramonines-sluostes-profix-escon-print-50-vnt-temca-067066\/\" \/>\n<meta property=\"og:locale\" content=\"en_US\" \/>\n<meta property=\"og:type\" content=\"article\" \/>\n<meta property=\"og:title\" content=\"Pramonin\u0117s \u0161luost\u0117s Profix Escon Print 50 vnt. Temca 067066 - Rutana - Ra\u0161tin\u0117s reikmenys\" \/>\n<meta property=\"og:description\" content=\"Itin atspari ply\u0161imui bei dilimui, tvirta \u0161luost\u0117 lygiu pavir\u0161iumi. Atspari tirpikliams. Pla\u010diai naudojama, jei reikia kruop\u0161taus valymo, be nuos\u0117d\u0173 ant pavir\u0161iaus ir atsparumo \u012fbr\u0117\u017eimams. Tinkama pavir\u0161i\u0173 nuriebalinimui prie\u0161 da\u017eym\u0105 \u012fvairiose pramon\u0117s \u0161akose. Med\u017eiaga: celiulioz\u0117 ( 55 % ), poliesteris ( 45 % ) Spalva: turkio Servet\u0117l\u0117s ilgis: 38 cm Servet\u0117l\u0117s plotis: 30 cm Gramat\u016bra: 73 [&hellip;]\" \/>\n<meta property=\"og:url\" content=\"https:\/\/rutana.lt\/en\/product\/pramonines-sluostes-profix-escon-print-50-vnt-temca-067066\/\" \/>\n<meta property=\"og:site_name\" content=\"Rutana - Ra\u0161tin\u0117s reikmenys\" \/>\n<meta property=\"article:publisher\" content=\"https:\/\/www.facebook.com\/RutanaKanceliarinesPrekes\/\" \/>\n<meta property=\"article:modified_time\" content=\"2025-10-13T13:41:41+00:00\" \/>\n<meta property=\"og:image\" content=\"https:\/\/rutana.lt\/wp-content\/uploads\/2025\/09\/B094-887.jpg\" \/>\n\t<meta property=\"og:image:width\" content=\"500\" \/>\n\t<meta property=\"og:image:height\" content=\"500\" \/>\n\t<meta property=\"og:image:type\" content=\"image\/jpeg\" \/>\n<meta name=\"twitter:card\" content=\"summary_large_image\" \/>\n<script type=\"application\/ld+json\" class=\"yoast-schema-graph\">{\"@context\":\"https:\\\/\\\/schema.org\",\"@graph\":[{\"@type\":\"WebPage\",\"@id\":\"https:\\\/\\\/rutana.lt\\\/produktas\\\/pramonines-sluostes-profix-escon-print-50-vnt-temca-067066\\\/\",\"url\":\"https:\\\/\\\/rutana.lt\\\/produktas\\\/pramonines-sluostes-profix-escon-print-50-vnt-temca-067066\\\/\",\"name\":\"Pramonin\u0117s \u0161luost\u0117s Profix Escon Print 50 vnt. Temca 067066 - Rutana - Ra\u0161tin\u0117s reikmenys\",\"isPartOf\":{\"@id\":\"https:\\\/\\\/rutana.lt\\\/#website\"},\"primaryImageOfPage\":{\"@id\":\"https:\\\/\\\/rutana.lt\\\/produktas\\\/pramonines-sluostes-profix-escon-print-50-vnt-temca-067066\\\/#primaryimage\"},\"image\":{\"@id\":\"https:\\\/\\\/rutana.lt\\\/produktas\\\/pramonines-sluostes-profix-escon-print-50-vnt-temca-067066\\\/#primaryimage\"},\"thumbnailUrl\":\"https:\\\/\\\/rutana.lt\\\/wp-content\\\/uploads\\\/2025\\\/09\\\/B094-887-1.jpg?v=1763619513\",\"datePublished\":\"2025-09-03T07:22:57+00:00\",\"dateModified\":\"2025-10-13T13:41:41+00:00\",\"breadcrumb\":{\"@id\":\"https:\\\/\\\/rutana.lt\\\/produktas\\\/pramonines-sluostes-profix-escon-print-50-vnt-temca-067066\\\/#breadcrumb\"},\"inLanguage\":\"en-US\",\"potentialAction\":[{\"@type\":\"ReadAction\",\"target\":[\"https:\\\/\\\/rutana.lt\\\/produktas\\\/pramonines-sluostes-profix-escon-print-50-vnt-temca-067066\\\/\"]}]},{\"@type\":\"ImageObject\",\"inLanguage\":\"en-US\",\"@id\":\"https:\\\/\\\/rutana.lt\\\/produktas\\\/pramonines-sluostes-profix-escon-print-50-vnt-temca-067066\\\/#primaryimage\",\"url\":\"https:\\\/\\\/rutana.lt\\\/wp-content\\\/uploads\\\/2025\\\/09\\\/B094-887-1.jpg?v=1763619513\",\"contentUrl\":\"https:\\\/\\\/rutana.lt\\\/wp-content\\\/uploads\\\/2025\\\/09\\\/B094-887-1.jpg?v=1763619513\",\"width\":500,\"height\":500},{\"@type\":\"BreadcrumbList\",\"@id\":\"https:\\\/\\\/rutana.lt\\\/produktas\\\/pramonines-sluostes-profix-escon-print-50-vnt-temca-067066\\\/#breadcrumb\",\"itemListElement\":[{\"@type\":\"ListItem\",\"position\":1,\"name\":\"Home\",\"item\":\"https:\\\/\\\/rutana.lt\\\/\"},{\"@type\":\"ListItem\",\"position\":2,\"name\":\"Parduotuv\u0117\",\"item\":\"https:\\\/\\\/rutana.lt\\\/parduotuve\\\/\"},{\"@type\":\"ListItem\",\"position\":3,\"name\":\"Pramonin\u0117s \u0161luost\u0117s Profix Escon Print 50 vnt. Temca 067066\"}]},{\"@type\":\"WebSite\",\"@id\":\"https:\\\/\\\/rutana.lt\\\/#website\",\"url\":\"https:\\\/\\\/rutana.lt\\\/\",\"name\":\"Rutana - Ra\u0161tin\u0117s reikmenys\",\"description\":\"Prekiaujame pasaulin\u0117je rinkoje pripa\u017eintomis, kokybi\u0161komis biuro prek\u0117mis toki\u0173  gamintoj\u0173 kaip: Schneider, Esselte, Novus, 3M, Faber-Castell, Citizen, Milan, Leitz, Colop, Zebra, Staedtler, Durable, Tork, Parker, Waterman ir kt.\",\"publisher\":{\"@id\":\"https:\\\/\\\/rutana.lt\\\/#organization\"},\"potentialAction\":[{\"@type\":\"SearchAction\",\"target\":{\"@type\":\"EntryPoint\",\"urlTemplate\":\"https:\\\/\\\/rutana.lt\\\/?s={search_term_string}\"},\"query-input\":{\"@type\":\"PropertyValueSpecification\",\"valueRequired\":true,\"valueName\":\"search_term_string\"}}],\"inLanguage\":\"en-US\"},{\"@type\":\"Organization\",\"@id\":\"https:\\\/\\\/rutana.lt\\\/#organization\",\"name\":\"Rutana - Ra\u0161tin\u0117s reikmenys\",\"url\":\"https:\\\/\\\/rutana.lt\\\/\",\"logo\":{\"@type\":\"ImageObject\",\"inLanguage\":\"en-US\",\"@id\":\"https:\\\/\\\/rutana.lt\\\/#\\\/schema\\\/logo\\\/image\\\/\",\"url\":\"https:\\\/\\\/rutana.lt\\\/wp-content\\\/uploads\\\/2025\\\/10\\\/Asset-32.png\",\"contentUrl\":\"https:\\\/\\\/rutana.lt\\\/wp-content\\\/uploads\\\/2025\\\/10\\\/Asset-32.png\",\"width\":433,\"height\":119,\"caption\":\"Rutana - Ra\u0161tin\u0117s reikmenys\"},\"image\":{\"@id\":\"https:\\\/\\\/rutana.lt\\\/#\\\/schema\\\/logo\\\/image\\\/\"},\"sameAs\":[\"https:\\\/\\\/www.facebook.com\\\/RutanaKanceliarinesPrekes\\\/\"]}]}<\/script>\n<!-- \/ Yoast SEO plugin. -->","yoast_head_json":{"title":"Pramonin\u0117s \u0161luost\u0117s Profix Escon Print 50 vnt. Temca 067066 - Rutana - Ra\u0161tin\u0117s reikmenys","robots":{"index":"index","follow":"follow","max-snippet":"max-snippet:-1","max-image-preview":"max-image-preview:large","max-video-preview":"max-video-preview:-1"},"canonical":"https:\/\/rutana.lt\/en\/product\/pramonines-sluostes-profix-escon-print-50-vnt-temca-067066\/","og_locale":"en_US","og_type":"article","og_title":"Pramonin\u0117s \u0161luost\u0117s Profix Escon Print 50 vnt. Temca 067066 - Rutana - Ra\u0161tin\u0117s reikmenys","og_description":"Itin atspari ply\u0161imui bei dilimui, tvirta \u0161luost\u0117 lygiu pavir\u0161iumi. Atspari tirpikliams. Pla\u010diai naudojama, jei reikia kruop\u0161taus valymo, be nuos\u0117d\u0173 ant pavir\u0161iaus ir atsparumo \u012fbr\u0117\u017eimams. Tinkama pavir\u0161i\u0173 nuriebalinimui prie\u0161 da\u017eym\u0105 \u012fvairiose pramon\u0117s \u0161akose. Med\u017eiaga: celiulioz\u0117 ( 55 % ), poliesteris ( 45 % ) Spalva: turkio Servet\u0117l\u0117s ilgis: 38 cm Servet\u0117l\u0117s plotis: 30 cm Gramat\u016bra: 73 [&hellip;]","og_url":"https:\/\/rutana.lt\/en\/product\/pramonines-sluostes-profix-escon-print-50-vnt-temca-067066\/","og_site_name":"Rutana - Ra\u0161tin\u0117s reikmenys","article_publisher":"https:\/\/www.facebook.com\/RutanaKanceliarinesPrekes\/","article_modified_time":"2025-10-13T13:41:41+00:00","og_image":[{"width":500,"height":500,"url":"https:\/\/rutana.lt\/wp-content\/uploads\/2025\/09\/B094-887.jpg","type":"image\/jpeg"}],"twitter_card":"summary_large_image","schema":{"@context":"https:\/\/schema.org","@graph":[{"@type":"WebPage","@id":"https:\/\/rutana.lt\/produktas\/pramonines-sluostes-profix-escon-print-50-vnt-temca-067066\/","url":"https:\/\/rutana.lt\/produktas\/pramonines-sluostes-profix-escon-print-50-vnt-temca-067066\/","name":"Pramonin\u0117s \u0161luost\u0117s Profix Escon Print 50 vnt. Temca 067066 - Rutana - Ra\u0161tin\u0117s reikmenys","isPartOf":{"@id":"https:\/\/rutana.lt\/#website"},"primaryImageOfPage":{"@id":"https:\/\/rutana.lt\/produktas\/pramonines-sluostes-profix-escon-print-50-vnt-temca-067066\/#primaryimage"},"image":{"@id":"https:\/\/rutana.lt\/produktas\/pramonines-sluostes-profix-escon-print-50-vnt-temca-067066\/#primaryimage"},"thumbnailUrl":"https:\/\/rutana.lt\/wp-content\/uploads\/2025\/09\/B094-887-1.jpg?v=1763619513","datePublished":"2025-09-03T07:22:57+00:00","dateModified":"2025-10-13T13:41:41+00:00","breadcrumb":{"@id":"https:\/\/rutana.lt\/produktas\/pramonines-sluostes-profix-escon-print-50-vnt-temca-067066\/#breadcrumb"},"inLanguage":"en-US","potentialAction":[{"@type":"ReadAction","target":["https:\/\/rutana.lt\/produktas\/pramonines-sluostes-profix-escon-print-50-vnt-temca-067066\/"]}]},{"@type":"ImageObject","inLanguage":"en-US","@id":"https:\/\/rutana.lt\/produktas\/pramonines-sluostes-profix-escon-print-50-vnt-temca-067066\/#primaryimage","url":"https:\/\/rutana.lt\/wp-content\/uploads\/2025\/09\/B094-887-1.jpg?v=1763619513","contentUrl":"https:\/\/rutana.lt\/wp-content\/uploads\/2025\/09\/B094-887-1.jpg?v=1763619513","width":500,"height":500},{"@type":"BreadcrumbList","@id":"https:\/\/rutana.lt\/produktas\/pramonines-sluostes-profix-escon-print-50-vnt-temca-067066\/#breadcrumb","itemListElement":[{"@type":"ListItem","position":1,"name":"Home","item":"https:\/\/rutana.lt\/"},{"@type":"ListItem","position":2,"name":"Parduotuv\u0117","item":"https:\/\/rutana.lt\/parduotuve\/"},{"@type":"ListItem","position":3,"name":"Pramonin\u0117s \u0161luost\u0117s Profix Escon Print 50 vnt. Temca 067066"}]},{"@type":"WebSite","@id":"https:\/\/rutana.lt\/#website","url":"https:\/\/rutana.lt\/","name":"Rutana - Ra\u0161tin\u0117s reikmenys","description":"Prekiaujame pasaulin\u0117je rinkoje pripa\u017eintomis, kokybi\u0161komis biuro prek\u0117mis toki\u0173  gamintoj\u0173 kaip: Schneider, Esselte, Novus, 3M, Faber-Castell, Citizen, Milan, Leitz, Colop, Zebra, Staedtler, Durable, Tork, Parker, Waterman ir kt.","publisher":{"@id":"https:\/\/rutana.lt\/#organization"},"potentialAction":[{"@type":"SearchAction","target":{"@type":"EntryPoint","urlTemplate":"https:\/\/rutana.lt\/?s={search_term_string}"},"query-input":{"@type":"PropertyValueSpecification","valueRequired":true,"valueName":"search_term_string"}}],"inLanguage":"en-US"},{"@type":"Organization","@id":"https:\/\/rutana.lt\/#organization","name":"Rutana - Ra\u0161tin\u0117s reikmenys","url":"https:\/\/rutana.lt\/","logo":{"@type":"ImageObject","inLanguage":"en-US","@id":"https:\/\/rutana.lt\/#\/schema\/logo\/image\/","url":"https:\/\/rutana.lt\/wp-content\/uploads\/2025\/10\/Asset-32.png","contentUrl":"https:\/\/rutana.lt\/wp-content\/uploads\/2025\/10\/Asset-32.png","width":433,"height":119,"caption":"Rutana - Ra\u0161tin\u0117s reikmenys"},"image":{"@id":"https:\/\/rutana.lt\/#\/schema\/logo\/image\/"},"sameAs":["https:\/\/www.facebook.com\/RutanaKanceliarinesPrekes\/"]}]}},"_links":{"self":[{"href":"https:\/\/rutana.lt\/en\/wp-json\/wp\/v2\/product\/12446","targetHints":{"allow":["GET"]}}],"collection":[{"href":"https:\/\/rutana.lt\/en\/wp-json\/wp\/v2\/product"}],"about":[{"href":"https:\/\/rutana.lt\/en\/wp-json\/wp\/v2\/types\/product"}],"replies":[{"embeddable":true,"href":"https:\/\/rutana.lt\/en\/wp-json\/wp\/v2\/comments?post=12446"}],"version-history":[{"count":1,"href":"https:\/\/rutana.lt\/en\/wp-json\/wp\/v2\/product\/12446\/revisions"}],"predecessor-version":[{"id":12499,"href":"https:\/\/rutana.lt\/en\/wp-json\/wp\/v2\/product\/12446\/revisions\/12499"}],"wp:featuredmedia":[{"embeddable":true,"href":"https:\/\/rutana.lt\/en\/wp-json\/wp\/v2\/media\/27807"}],"wp:attachment":[{"href":"https:\/\/rutana.lt\/en\/wp-json\/wp\/v2\/media?parent=12446"}],"wp:term":[{"taxonomy":"product_brand","embeddable":true,"href":"https:\/\/rutana.lt\/en\/wp-json\/wp\/v2\/product_brand?post=12446"},{"taxonomy":"product_cat","embeddable":true,"href":"https:\/\/rutana.lt\/en\/wp-json\/wp\/v2\/product_cat?post=12446"},{"taxonomy":"product_tag","embeddable":true,"href":"https:\/\/rutana.lt\/en\/wp-json\/wp\/v2\/product_tag?post=12446"}],"curies":[{"name":"wp","href":"https:\/\/api.w.org\/{rel}","templated":true}]}}