{"id":12445,"date":"2025-09-03T09:22:57","date_gmt":"2025-09-03T07:22:57","guid":{"rendered":"https:\/\/rutana.webdemo.lt\/?post_type=product&#038;p=12445"},"modified":"2025-10-13T15:41:41","modified_gmt":"2025-10-13T13:41:41","slug":"pramonines-sluostes-profix-alpha-50-vnt-temca-068810","status":"publish","type":"product","link":"https:\/\/rutana.lt\/en\/product\/pramonines-sluostes-profix-alpha-50-vnt-temca-068810\/","title":{"rendered":"Pramonin\u0117s \u0161luost\u0117s Profix Alpha 50 vnt. Temca 068810"},"content":{"rendered":"<p>Labai mink\u0161tos ir tvirtos valomosios \u0161luost\u0117s. Be silikono ir atsparios tirpikliams. Daugkartinis naudojimas, atsparios ply\u0161imui, tinkamos sausam ir \u0161lapiam valymui. Didelis dulki\u0173 sulaikymas d\u0117l tinklo strukt\u016bros. Galima naudoti kaip lygi\u0173 ir jautri\u0173 pavir\u0161i\u0173 valymo ir dezinfekavimo servet\u0117les da\u017e\u0173 parduotuv\u0117se, automobili\u0173 ir bald\u0173 pramon\u0117je, in\u017einerijoje, liejimo, stiklo pramon\u0117je ir dirbtuv\u0117se.<\/p>\n<p>Med\u017eiaga: viskoz\u0117 ( 70 % ), poliesteris ( 30 % )<\/p>\n<p>Spalva: m\u0117lyna<\/p>\n<p>Servet\u0117l\u0117s ilgis: 36 cm<\/p>\n<p>Servet\u0117l\u0117s plotis: 29 cm<\/p>\n<p>Gramat\u016bra: 65 g \/ m<span style=\"vertical-align: super;\">2<\/span><\/p>\n<p><span style=\"vertical-align: super;\">Pakuot\u0117je: 50 servet\u0117li\u0173 ( kaina nurodyta u\u017e 50 vnt. )<\/span><\/p>\n<p><span style=\"vertical-align: super;\">Kilm\u0117s \u0161alis: Vokietija<br \/><\/span><\/p>","protected":false},"excerpt":{"rendered":"<p>Labai mink\u0161tos ir tvirtos valomosios \u0161luost\u0117s. Be silikono ir atsparios tirpikliams. Daugkartinis naudojimas, atsparios ply\u0161imui, tinkamos sausam ir \u0161lapiam valymui. Didelis dulki\u0173 sulaikymas d\u0117l tinklo strukt\u016bros. Galima naudoti kaip lygi\u0173 ir jautri\u0173 pavir\u0161i\u0173 valymo ir dezinfekavimo servet\u0117les da\u017e\u0173 parduotuv\u0117se, automobili\u0173 ir bald\u0173 pramon\u0117je, in\u017einerijoje, liejimo, stiklo pramon\u0117je ir dirbtuv\u0117se. Med\u017eiaga: viskoz\u0117 ( 70 % ), [&hellip;]<\/p>","protected":false},"featured_media":27806,"comment_status":"open","ping_status":"closed","template":"","meta":{"_season_start":"","_season_end":"","_season_days":"","_season_months":"","_season_auto_visibility":""},"product_brand":[839],"product_cat":[1688,1687],"product_tag":[],"class_list":{"0":"post-12445","1":"product","2":"type-product","3":"status-publish","4":"has-post-thumbnail","6":"product_brand-temca","7":"product_cat-kempines","8":"product_cat-sluostes","10":"first","11":"instock","12":"taxable","13":"shipping-taxable","14":"purchasable","15":"product-type-simple"},"yoast_head":"<!-- This site is optimized with the Yoast SEO plugin v27.4 - https:\/\/yoast.com\/product\/yoast-seo-wordpress\/ -->\n<title>Pramonin\u0117s \u0161luost\u0117s Profix Alpha 50 vnt. Temca 068810 - Rutana - Ra\u0161tin\u0117s reikmenys<\/title>\n<meta name=\"robots\" content=\"index, follow, max-snippet:-1, max-image-preview:large, max-video-preview:-1\" \/>\n<link rel=\"canonical\" href=\"https:\/\/rutana.lt\/en\/product\/pramonines-sluostes-profix-alpha-50-vnt-temca-068810\/\" \/>\n<meta property=\"og:locale\" content=\"en_US\" \/>\n<meta property=\"og:type\" content=\"article\" \/>\n<meta property=\"og:title\" content=\"Pramonin\u0117s \u0161luost\u0117s Profix Alpha 50 vnt. Temca 068810 - Rutana - Ra\u0161tin\u0117s reikmenys\" \/>\n<meta property=\"og:description\" content=\"Labai mink\u0161tos ir tvirtos valomosios \u0161luost\u0117s. Be silikono ir atsparios tirpikliams. Daugkartinis naudojimas, atsparios ply\u0161imui, tinkamos sausam ir \u0161lapiam valymui. Didelis dulki\u0173 sulaikymas d\u0117l tinklo strukt\u016bros. Galima naudoti kaip lygi\u0173 ir jautri\u0173 pavir\u0161i\u0173 valymo ir dezinfekavimo servet\u0117les da\u017e\u0173 parduotuv\u0117se, automobili\u0173 ir bald\u0173 pramon\u0117je, in\u017einerijoje, liejimo, stiklo pramon\u0117je ir dirbtuv\u0117se. Med\u017eiaga: viskoz\u0117 ( 70 % ), [&hellip;]\" \/>\n<meta property=\"og:url\" content=\"https:\/\/rutana.lt\/en\/product\/pramonines-sluostes-profix-alpha-50-vnt-temca-068810\/\" \/>\n<meta property=\"og:site_name\" content=\"Rutana - Ra\u0161tin\u0117s reikmenys\" \/>\n<meta property=\"article:publisher\" content=\"https:\/\/www.facebook.com\/RutanaKanceliarinesPrekes\/\" \/>\n<meta property=\"article:modified_time\" content=\"2025-10-13T13:41:41+00:00\" \/>\n<meta property=\"og:image\" content=\"https:\/\/rutana.lt\/wp-content\/uploads\/2025\/09\/B094-886.jpg\" \/>\n\t<meta property=\"og:image:width\" content=\"600\" \/>\n\t<meta property=\"og:image:height\" content=\"600\" \/>\n\t<meta property=\"og:image:type\" content=\"image\/jpeg\" \/>\n<meta name=\"twitter:card\" content=\"summary_large_image\" \/>\n<script type=\"application\/ld+json\" class=\"yoast-schema-graph\">{\"@context\":\"https:\\\/\\\/schema.org\",\"@graph\":[{\"@type\":\"WebPage\",\"@id\":\"https:\\\/\\\/rutana.lt\\\/produktas\\\/pramonines-sluostes-profix-alpha-50-vnt-temca-068810\\\/\",\"url\":\"https:\\\/\\\/rutana.lt\\\/produktas\\\/pramonines-sluostes-profix-alpha-50-vnt-temca-068810\\\/\",\"name\":\"Pramonin\u0117s \u0161luost\u0117s Profix Alpha 50 vnt. Temca 068810 - Rutana - Ra\u0161tin\u0117s reikmenys\",\"isPartOf\":{\"@id\":\"https:\\\/\\\/rutana.lt\\\/#website\"},\"primaryImageOfPage\":{\"@id\":\"https:\\\/\\\/rutana.lt\\\/produktas\\\/pramonines-sluostes-profix-alpha-50-vnt-temca-068810\\\/#primaryimage\"},\"image\":{\"@id\":\"https:\\\/\\\/rutana.lt\\\/produktas\\\/pramonines-sluostes-profix-alpha-50-vnt-temca-068810\\\/#primaryimage\"},\"thumbnailUrl\":\"https:\\\/\\\/rutana.lt\\\/wp-content\\\/uploads\\\/2025\\\/09\\\/B094-886-1.jpg?v=1763619517\",\"datePublished\":\"2025-09-03T07:22:57+00:00\",\"dateModified\":\"2025-10-13T13:41:41+00:00\",\"breadcrumb\":{\"@id\":\"https:\\\/\\\/rutana.lt\\\/produktas\\\/pramonines-sluostes-profix-alpha-50-vnt-temca-068810\\\/#breadcrumb\"},\"inLanguage\":\"en-US\",\"potentialAction\":[{\"@type\":\"ReadAction\",\"target\":[\"https:\\\/\\\/rutana.lt\\\/produktas\\\/pramonines-sluostes-profix-alpha-50-vnt-temca-068810\\\/\"]}]},{\"@type\":\"ImageObject\",\"inLanguage\":\"en-US\",\"@id\":\"https:\\\/\\\/rutana.lt\\\/produktas\\\/pramonines-sluostes-profix-alpha-50-vnt-temca-068810\\\/#primaryimage\",\"url\":\"https:\\\/\\\/rutana.lt\\\/wp-content\\\/uploads\\\/2025\\\/09\\\/B094-886-1.jpg?v=1763619517\",\"contentUrl\":\"https:\\\/\\\/rutana.lt\\\/wp-content\\\/uploads\\\/2025\\\/09\\\/B094-886-1.jpg?v=1763619517\",\"width\":600,\"height\":600},{\"@type\":\"BreadcrumbList\",\"@id\":\"https:\\\/\\\/rutana.lt\\\/produktas\\\/pramonines-sluostes-profix-alpha-50-vnt-temca-068810\\\/#breadcrumb\",\"itemListElement\":[{\"@type\":\"ListItem\",\"position\":1,\"name\":\"Home\",\"item\":\"https:\\\/\\\/rutana.lt\\\/\"},{\"@type\":\"ListItem\",\"position\":2,\"name\":\"Parduotuv\u0117\",\"item\":\"https:\\\/\\\/rutana.lt\\\/parduotuve\\\/\"},{\"@type\":\"ListItem\",\"position\":3,\"name\":\"Pramonin\u0117s \u0161luost\u0117s Profix Alpha 50 vnt. Temca 068810\"}]},{\"@type\":\"WebSite\",\"@id\":\"https:\\\/\\\/rutana.lt\\\/#website\",\"url\":\"https:\\\/\\\/rutana.lt\\\/\",\"name\":\"Rutana - Ra\u0161tin\u0117s reikmenys\",\"description\":\"Prekiaujame pasaulin\u0117je rinkoje pripa\u017eintomis, kokybi\u0161komis biuro prek\u0117mis toki\u0173  gamintoj\u0173 kaip: Schneider, Esselte, Novus, 3M, Faber-Castell, Citizen, Milan, Leitz, Colop, Zebra, Staedtler, Durable, Tork, Parker, Waterman ir kt.\",\"publisher\":{\"@id\":\"https:\\\/\\\/rutana.lt\\\/#organization\"},\"potentialAction\":[{\"@type\":\"SearchAction\",\"target\":{\"@type\":\"EntryPoint\",\"urlTemplate\":\"https:\\\/\\\/rutana.lt\\\/?s={search_term_string}\"},\"query-input\":{\"@type\":\"PropertyValueSpecification\",\"valueRequired\":true,\"valueName\":\"search_term_string\"}}],\"inLanguage\":\"en-US\"},{\"@type\":\"Organization\",\"@id\":\"https:\\\/\\\/rutana.lt\\\/#organization\",\"name\":\"Rutana - Ra\u0161tin\u0117s reikmenys\",\"url\":\"https:\\\/\\\/rutana.lt\\\/\",\"logo\":{\"@type\":\"ImageObject\",\"inLanguage\":\"en-US\",\"@id\":\"https:\\\/\\\/rutana.lt\\\/#\\\/schema\\\/logo\\\/image\\\/\",\"url\":\"https:\\\/\\\/rutana.lt\\\/wp-content\\\/uploads\\\/2025\\\/10\\\/Asset-32.png\",\"contentUrl\":\"https:\\\/\\\/rutana.lt\\\/wp-content\\\/uploads\\\/2025\\\/10\\\/Asset-32.png\",\"width\":433,\"height\":119,\"caption\":\"Rutana - Ra\u0161tin\u0117s reikmenys\"},\"image\":{\"@id\":\"https:\\\/\\\/rutana.lt\\\/#\\\/schema\\\/logo\\\/image\\\/\"},\"sameAs\":[\"https:\\\/\\\/www.facebook.com\\\/RutanaKanceliarinesPrekes\\\/\"]}]}<\/script>\n<!-- \/ Yoast SEO plugin. -->","yoast_head_json":{"title":"Pramonin\u0117s \u0161luost\u0117s Profix Alpha 50 vnt. Temca 068810 - Rutana - Ra\u0161tin\u0117s reikmenys","robots":{"index":"index","follow":"follow","max-snippet":"max-snippet:-1","max-image-preview":"max-image-preview:large","max-video-preview":"max-video-preview:-1"},"canonical":"https:\/\/rutana.lt\/en\/product\/pramonines-sluostes-profix-alpha-50-vnt-temca-068810\/","og_locale":"en_US","og_type":"article","og_title":"Pramonin\u0117s \u0161luost\u0117s Profix Alpha 50 vnt. Temca 068810 - Rutana - Ra\u0161tin\u0117s reikmenys","og_description":"Labai mink\u0161tos ir tvirtos valomosios \u0161luost\u0117s. Be silikono ir atsparios tirpikliams. Daugkartinis naudojimas, atsparios ply\u0161imui, tinkamos sausam ir \u0161lapiam valymui. Didelis dulki\u0173 sulaikymas d\u0117l tinklo strukt\u016bros. Galima naudoti kaip lygi\u0173 ir jautri\u0173 pavir\u0161i\u0173 valymo ir dezinfekavimo servet\u0117les da\u017e\u0173 parduotuv\u0117se, automobili\u0173 ir bald\u0173 pramon\u0117je, in\u017einerijoje, liejimo, stiklo pramon\u0117je ir dirbtuv\u0117se. Med\u017eiaga: viskoz\u0117 ( 70 % ), [&hellip;]","og_url":"https:\/\/rutana.lt\/en\/product\/pramonines-sluostes-profix-alpha-50-vnt-temca-068810\/","og_site_name":"Rutana - Ra\u0161tin\u0117s reikmenys","article_publisher":"https:\/\/www.facebook.com\/RutanaKanceliarinesPrekes\/","article_modified_time":"2025-10-13T13:41:41+00:00","og_image":[{"width":600,"height":600,"url":"https:\/\/rutana.lt\/wp-content\/uploads\/2025\/09\/B094-886.jpg","type":"image\/jpeg"}],"twitter_card":"summary_large_image","schema":{"@context":"https:\/\/schema.org","@graph":[{"@type":"WebPage","@id":"https:\/\/rutana.lt\/produktas\/pramonines-sluostes-profix-alpha-50-vnt-temca-068810\/","url":"https:\/\/rutana.lt\/produktas\/pramonines-sluostes-profix-alpha-50-vnt-temca-068810\/","name":"Pramonin\u0117s \u0161luost\u0117s Profix Alpha 50 vnt. Temca 068810 - Rutana - Ra\u0161tin\u0117s reikmenys","isPartOf":{"@id":"https:\/\/rutana.lt\/#website"},"primaryImageOfPage":{"@id":"https:\/\/rutana.lt\/produktas\/pramonines-sluostes-profix-alpha-50-vnt-temca-068810\/#primaryimage"},"image":{"@id":"https:\/\/rutana.lt\/produktas\/pramonines-sluostes-profix-alpha-50-vnt-temca-068810\/#primaryimage"},"thumbnailUrl":"https:\/\/rutana.lt\/wp-content\/uploads\/2025\/09\/B094-886-1.jpg?v=1763619517","datePublished":"2025-09-03T07:22:57+00:00","dateModified":"2025-10-13T13:41:41+00:00","breadcrumb":{"@id":"https:\/\/rutana.lt\/produktas\/pramonines-sluostes-profix-alpha-50-vnt-temca-068810\/#breadcrumb"},"inLanguage":"en-US","potentialAction":[{"@type":"ReadAction","target":["https:\/\/rutana.lt\/produktas\/pramonines-sluostes-profix-alpha-50-vnt-temca-068810\/"]}]},{"@type":"ImageObject","inLanguage":"en-US","@id":"https:\/\/rutana.lt\/produktas\/pramonines-sluostes-profix-alpha-50-vnt-temca-068810\/#primaryimage","url":"https:\/\/rutana.lt\/wp-content\/uploads\/2025\/09\/B094-886-1.jpg?v=1763619517","contentUrl":"https:\/\/rutana.lt\/wp-content\/uploads\/2025\/09\/B094-886-1.jpg?v=1763619517","width":600,"height":600},{"@type":"BreadcrumbList","@id":"https:\/\/rutana.lt\/produktas\/pramonines-sluostes-profix-alpha-50-vnt-temca-068810\/#breadcrumb","itemListElement":[{"@type":"ListItem","position":1,"name":"Home","item":"https:\/\/rutana.lt\/"},{"@type":"ListItem","position":2,"name":"Parduotuv\u0117","item":"https:\/\/rutana.lt\/parduotuve\/"},{"@type":"ListItem","position":3,"name":"Pramonin\u0117s \u0161luost\u0117s Profix Alpha 50 vnt. Temca 068810"}]},{"@type":"WebSite","@id":"https:\/\/rutana.lt\/#website","url":"https:\/\/rutana.lt\/","name":"Rutana - Ra\u0161tin\u0117s reikmenys","description":"Prekiaujame pasaulin\u0117je rinkoje pripa\u017eintomis, kokybi\u0161komis biuro prek\u0117mis toki\u0173  gamintoj\u0173 kaip: Schneider, Esselte, Novus, 3M, Faber-Castell, Citizen, Milan, Leitz, Colop, Zebra, Staedtler, Durable, Tork, Parker, Waterman ir kt.","publisher":{"@id":"https:\/\/rutana.lt\/#organization"},"potentialAction":[{"@type":"SearchAction","target":{"@type":"EntryPoint","urlTemplate":"https:\/\/rutana.lt\/?s={search_term_string}"},"query-input":{"@type":"PropertyValueSpecification","valueRequired":true,"valueName":"search_term_string"}}],"inLanguage":"en-US"},{"@type":"Organization","@id":"https:\/\/rutana.lt\/#organization","name":"Rutana - Ra\u0161tin\u0117s reikmenys","url":"https:\/\/rutana.lt\/","logo":{"@type":"ImageObject","inLanguage":"en-US","@id":"https:\/\/rutana.lt\/#\/schema\/logo\/image\/","url":"https:\/\/rutana.lt\/wp-content\/uploads\/2025\/10\/Asset-32.png","contentUrl":"https:\/\/rutana.lt\/wp-content\/uploads\/2025\/10\/Asset-32.png","width":433,"height":119,"caption":"Rutana - Ra\u0161tin\u0117s reikmenys"},"image":{"@id":"https:\/\/rutana.lt\/#\/schema\/logo\/image\/"},"sameAs":["https:\/\/www.facebook.com\/RutanaKanceliarinesPrekes\/"]}]}},"_links":{"self":[{"href":"https:\/\/rutana.lt\/en\/wp-json\/wp\/v2\/product\/12445","targetHints":{"allow":["GET"]}}],"collection":[{"href":"https:\/\/rutana.lt\/en\/wp-json\/wp\/v2\/product"}],"about":[{"href":"https:\/\/rutana.lt\/en\/wp-json\/wp\/v2\/types\/product"}],"replies":[{"embeddable":true,"href":"https:\/\/rutana.lt\/en\/wp-json\/wp\/v2\/comments?post=12445"}],"version-history":[{"count":1,"href":"https:\/\/rutana.lt\/en\/wp-json\/wp\/v2\/product\/12445\/revisions"}],"predecessor-version":[{"id":12497,"href":"https:\/\/rutana.lt\/en\/wp-json\/wp\/v2\/product\/12445\/revisions\/12497"}],"wp:featuredmedia":[{"embeddable":true,"href":"https:\/\/rutana.lt\/en\/wp-json\/wp\/v2\/media\/27806"}],"wp:attachment":[{"href":"https:\/\/rutana.lt\/en\/wp-json\/wp\/v2\/media?parent=12445"}],"wp:term":[{"taxonomy":"product_brand","embeddable":true,"href":"https:\/\/rutana.lt\/en\/wp-json\/wp\/v2\/product_brand?post=12445"},{"taxonomy":"product_cat","embeddable":true,"href":"https:\/\/rutana.lt\/en\/wp-json\/wp\/v2\/product_cat?post=12445"},{"taxonomy":"product_tag","embeddable":true,"href":"https:\/\/rutana.lt\/en\/wp-json\/wp\/v2\/product_tag?post=12445"}],"curies":[{"name":"wp","href":"https:\/\/api.w.org\/{rel}","templated":true}]}}