{"id":12437,"date":"2025-09-03T09:22:56","date_gmt":"2025-09-03T07:22:56","guid":{"rendered":"https:\/\/rutana.webdemo.lt\/?post_type=product&#038;p=12437"},"modified":"2025-10-13T15:41:38","modified_gmt":"2025-10-13T13:41:38","slug":"rasiklis-urban-muted-black-ct-parker-1931583","status":"publish","type":"product","link":"https:\/\/rutana.lt\/en\/product\/rasiklis-urban-muted-black-ct-parker-1931583\/","title":{"rendered":"Ra\u0161iklis Urban Muted Black CT Parker 1931583"},"content":{"rendered":"<p style=\"margin-bottom: 10px;\">I\u0161skirtinis stilius su puikiu atlikimu. Ak\u012f traukiantis \u201eUrban\u201c perkelia per \u0161imtmet\u012f trukusi\u0105 \u201eParker\u201c tradicij\u0105 \u012f nauj\u0105 dinami\u0161k\u0105 teritorij\u0105. Savo nepakartojamu lenktu dizainu ir apdailos asortimentu jis buvo sukurtas taip, kad pagirt\u0173 asmenin\u012f stili\u0173 ir padidint\u0173 pasitik\u0117jim\u0105 kiekvienu \u017eod\u017eiu. Ra\u0161iklis puikiai tinka graviruoti lazeriu, tod\u0117l \u0161\u012f ra\u0161ikl\u012f galite padovanoti kiekvienomis progomis, pavyzd\u017eiui, kal\u0117dine dovana ar bet kokiu jubiliejumi. Kiekviena \u012fmon\u0117 gali i\u0161 to padaryti tikrai gra\u017ei\u0105 \u201eParker\u201c dovan\u0105 darbuotojams ar reklamos tikslais. Korpusas padengtas juodu laku ir nupoliruotas iki blizgesio, kad sustiprint\u0173 apdailos i\u0161skirtinum\u0105. Supakuota \u012f \u201eParker\u201c dovan\u0173 d\u0117\u017eut\u0119. Ra\u0161ikliui naudojama kei\u010diama Parker \u0161erdel\u0117.<\/p>\n<p style=\"margin-bottom: 10px;\">\u0160erdel\u0117s br\u0117\u017eio storis: F ( 0.8 mm )<\/p>\n<p style=\"margin-bottom: 10px;\">Korpusas: juodos spalvos<\/p>\n<p style=\"margin-bottom: 10px;\">Kilm\u0117s \u0161alis: Pranc\u016bzija<\/p>\n<p style=\"margin-bottom: 10px;\"><\/p>\n<p style=\"margin-bottom: 10px;\"><\/p>","protected":false},"excerpt":{"rendered":"<p>I\u0161skirtinis stilius su puikiu atlikimu. Ak\u012f traukiantis \u201eUrban\u201c perkelia per \u0161imtmet\u012f trukusi\u0105 \u201eParker\u201c tradicij\u0105 \u012f nauj\u0105 dinami\u0161k\u0105 teritorij\u0105. Savo nepakartojamu lenktu dizainu ir apdailos asortimentu jis buvo sukurtas taip, kad pagirt\u0173 asmenin\u012f stili\u0173 ir padidint\u0173 pasitik\u0117jim\u0105 kiekvienu \u017eod\u017eiu. Ra\u0161iklis puikiai tinka graviruoti lazeriu, tod\u0117l \u0161\u012f ra\u0161ikl\u012f galite padovanoti kiekvienomis progomis, pavyzd\u017eiui, kal\u0117dine dovana ar bet [&hellip;]<\/p>","protected":false},"featured_media":27798,"comment_status":"open","ping_status":"closed","template":"","meta":{"_season_start":"","_season_end":"","_season_days":"","_season_months":"","_season_auto_visibility":""},"product_brand":[559],"product_cat":[1673],"product_tag":[],"class_list":{"0":"post-12437","1":"product","2":"type-product","3":"status-publish","4":"has-post-thumbnail","6":"product_brand-parker","7":"product_cat-prabangus-tusinukai","9":"first","10":"instock","11":"taxable","12":"shipping-taxable","13":"purchasable","14":"product-type-simple"},"yoast_head":"<!-- This site is optimized with the Yoast SEO plugin v27.4 - https:\/\/yoast.com\/product\/yoast-seo-wordpress\/ -->\n<title>Ra\u0161iklis Urban Muted Black CT Parker 1931583 - Rutana - Ra\u0161tin\u0117s reikmenys<\/title>\n<meta name=\"robots\" content=\"index, follow, max-snippet:-1, max-image-preview:large, max-video-preview:-1\" \/>\n<link rel=\"canonical\" href=\"https:\/\/rutana.lt\/en\/product\/rasiklis-urban-muted-black-ct-parker-1931583\/\" \/>\n<meta property=\"og:locale\" content=\"en_US\" \/>\n<meta property=\"og:type\" content=\"article\" \/>\n<meta property=\"og:title\" content=\"Ra\u0161iklis Urban Muted Black CT Parker 1931583 - Rutana - Ra\u0161tin\u0117s reikmenys\" \/>\n<meta property=\"og:description\" content=\"I\u0161skirtinis stilius su puikiu atlikimu. Ak\u012f traukiantis \u201eUrban\u201c perkelia per \u0161imtmet\u012f trukusi\u0105 \u201eParker\u201c tradicij\u0105 \u012f nauj\u0105 dinami\u0161k\u0105 teritorij\u0105. Savo nepakartojamu lenktu dizainu ir apdailos asortimentu jis buvo sukurtas taip, kad pagirt\u0173 asmenin\u012f stili\u0173 ir padidint\u0173 pasitik\u0117jim\u0105 kiekvienu \u017eod\u017eiu. Ra\u0161iklis puikiai tinka graviruoti lazeriu, tod\u0117l \u0161\u012f ra\u0161ikl\u012f galite padovanoti kiekvienomis progomis, pavyzd\u017eiui, kal\u0117dine dovana ar bet [&hellip;]\" \/>\n<meta property=\"og:url\" content=\"https:\/\/rutana.lt\/en\/product\/rasiklis-urban-muted-black-ct-parker-1931583\/\" \/>\n<meta property=\"og:site_name\" content=\"Rutana - Ra\u0161tin\u0117s reikmenys\" \/>\n<meta property=\"article:publisher\" content=\"https:\/\/www.facebook.com\/RutanaKanceliarinesPrekes\/\" \/>\n<meta property=\"article:modified_time\" content=\"2025-10-13T13:41:38+00:00\" \/>\n<meta property=\"og:image\" content=\"https:\/\/rutana.lt\/wp-content\/uploads\/2025\/09\/C035-834-2.jpg\" \/>\n\t<meta property=\"og:image:width\" content=\"557\" \/>\n\t<meta property=\"og:image:height\" content=\"511\" \/>\n\t<meta property=\"og:image:type\" content=\"image\/jpeg\" \/>\n<meta name=\"twitter:card\" content=\"summary_large_image\" \/>\n<meta name=\"twitter:label1\" content=\"Est. reading time\" \/>\n\t<meta name=\"twitter:data1\" content=\"1 minute\" \/>\n<script type=\"application\/ld+json\" class=\"yoast-schema-graph\">{\"@context\":\"https:\\\/\\\/schema.org\",\"@graph\":[{\"@type\":\"WebPage\",\"@id\":\"https:\\\/\\\/rutana.lt\\\/produktas\\\/rasiklis-urban-muted-black-ct-parker-1931583\\\/\",\"url\":\"https:\\\/\\\/rutana.lt\\\/produktas\\\/rasiklis-urban-muted-black-ct-parker-1931583\\\/\",\"name\":\"Ra\u0161iklis Urban Muted Black CT Parker 1931583 - Rutana - Ra\u0161tin\u0117s reikmenys\",\"isPartOf\":{\"@id\":\"https:\\\/\\\/rutana.lt\\\/#website\"},\"primaryImageOfPage\":{\"@id\":\"https:\\\/\\\/rutana.lt\\\/produktas\\\/rasiklis-urban-muted-black-ct-parker-1931583\\\/#primaryimage\"},\"image\":{\"@id\":\"https:\\\/\\\/rutana.lt\\\/produktas\\\/rasiklis-urban-muted-black-ct-parker-1931583\\\/#primaryimage\"},\"thumbnailUrl\":\"https:\\\/\\\/rutana.lt\\\/wp-content\\\/uploads\\\/2025\\\/09\\\/C035-834-2-1.jpg?v=1763619524\",\"datePublished\":\"2025-09-03T07:22:56+00:00\",\"dateModified\":\"2025-10-13T13:41:38+00:00\",\"breadcrumb\":{\"@id\":\"https:\\\/\\\/rutana.lt\\\/produktas\\\/rasiklis-urban-muted-black-ct-parker-1931583\\\/#breadcrumb\"},\"inLanguage\":\"en-US\",\"potentialAction\":[{\"@type\":\"ReadAction\",\"target\":[\"https:\\\/\\\/rutana.lt\\\/produktas\\\/rasiklis-urban-muted-black-ct-parker-1931583\\\/\"]}]},{\"@type\":\"ImageObject\",\"inLanguage\":\"en-US\",\"@id\":\"https:\\\/\\\/rutana.lt\\\/produktas\\\/rasiklis-urban-muted-black-ct-parker-1931583\\\/#primaryimage\",\"url\":\"https:\\\/\\\/rutana.lt\\\/wp-content\\\/uploads\\\/2025\\\/09\\\/C035-834-2-1.jpg?v=1763619524\",\"contentUrl\":\"https:\\\/\\\/rutana.lt\\\/wp-content\\\/uploads\\\/2025\\\/09\\\/C035-834-2-1.jpg?v=1763619524\",\"width\":557,\"height\":511},{\"@type\":\"BreadcrumbList\",\"@id\":\"https:\\\/\\\/rutana.lt\\\/produktas\\\/rasiklis-urban-muted-black-ct-parker-1931583\\\/#breadcrumb\",\"itemListElement\":[{\"@type\":\"ListItem\",\"position\":1,\"name\":\"Home\",\"item\":\"https:\\\/\\\/rutana.lt\\\/\"},{\"@type\":\"ListItem\",\"position\":2,\"name\":\"Parduotuv\u0117\",\"item\":\"https:\\\/\\\/rutana.lt\\\/parduotuve\\\/\"},{\"@type\":\"ListItem\",\"position\":3,\"name\":\"Ra\u0161iklis Urban Muted Black CT Parker 1931583\"}]},{\"@type\":\"WebSite\",\"@id\":\"https:\\\/\\\/rutana.lt\\\/#website\",\"url\":\"https:\\\/\\\/rutana.lt\\\/\",\"name\":\"Rutana - Ra\u0161tin\u0117s reikmenys\",\"description\":\"Prekiaujame pasaulin\u0117je rinkoje pripa\u017eintomis, kokybi\u0161komis biuro prek\u0117mis toki\u0173  gamintoj\u0173 kaip: Schneider, Esselte, Novus, 3M, Faber-Castell, Citizen, Milan, Leitz, Colop, Zebra, Staedtler, Durable, Tork, Parker, Waterman ir kt.\",\"publisher\":{\"@id\":\"https:\\\/\\\/rutana.lt\\\/#organization\"},\"potentialAction\":[{\"@type\":\"SearchAction\",\"target\":{\"@type\":\"EntryPoint\",\"urlTemplate\":\"https:\\\/\\\/rutana.lt\\\/?s={search_term_string}\"},\"query-input\":{\"@type\":\"PropertyValueSpecification\",\"valueRequired\":true,\"valueName\":\"search_term_string\"}}],\"inLanguage\":\"en-US\"},{\"@type\":\"Organization\",\"@id\":\"https:\\\/\\\/rutana.lt\\\/#organization\",\"name\":\"Rutana - Ra\u0161tin\u0117s reikmenys\",\"url\":\"https:\\\/\\\/rutana.lt\\\/\",\"logo\":{\"@type\":\"ImageObject\",\"inLanguage\":\"en-US\",\"@id\":\"https:\\\/\\\/rutana.lt\\\/#\\\/schema\\\/logo\\\/image\\\/\",\"url\":\"https:\\\/\\\/rutana.lt\\\/wp-content\\\/uploads\\\/2025\\\/10\\\/Asset-32.png\",\"contentUrl\":\"https:\\\/\\\/rutana.lt\\\/wp-content\\\/uploads\\\/2025\\\/10\\\/Asset-32.png\",\"width\":433,\"height\":119,\"caption\":\"Rutana - Ra\u0161tin\u0117s reikmenys\"},\"image\":{\"@id\":\"https:\\\/\\\/rutana.lt\\\/#\\\/schema\\\/logo\\\/image\\\/\"},\"sameAs\":[\"https:\\\/\\\/www.facebook.com\\\/RutanaKanceliarinesPrekes\\\/\"]}]}<\/script>\n<!-- \/ Yoast SEO plugin. -->","yoast_head_json":{"title":"Ra\u0161iklis Urban Muted Black CT Parker 1931583 - Rutana - Ra\u0161tin\u0117s reikmenys","robots":{"index":"index","follow":"follow","max-snippet":"max-snippet:-1","max-image-preview":"max-image-preview:large","max-video-preview":"max-video-preview:-1"},"canonical":"https:\/\/rutana.lt\/en\/product\/rasiklis-urban-muted-black-ct-parker-1931583\/","og_locale":"en_US","og_type":"article","og_title":"Ra\u0161iklis Urban Muted Black CT Parker 1931583 - Rutana - Ra\u0161tin\u0117s reikmenys","og_description":"I\u0161skirtinis stilius su puikiu atlikimu. Ak\u012f traukiantis \u201eUrban\u201c perkelia per \u0161imtmet\u012f trukusi\u0105 \u201eParker\u201c tradicij\u0105 \u012f nauj\u0105 dinami\u0161k\u0105 teritorij\u0105. Savo nepakartojamu lenktu dizainu ir apdailos asortimentu jis buvo sukurtas taip, kad pagirt\u0173 asmenin\u012f stili\u0173 ir padidint\u0173 pasitik\u0117jim\u0105 kiekvienu \u017eod\u017eiu. Ra\u0161iklis puikiai tinka graviruoti lazeriu, tod\u0117l \u0161\u012f ra\u0161ikl\u012f galite padovanoti kiekvienomis progomis, pavyzd\u017eiui, kal\u0117dine dovana ar bet [&hellip;]","og_url":"https:\/\/rutana.lt\/en\/product\/rasiklis-urban-muted-black-ct-parker-1931583\/","og_site_name":"Rutana - Ra\u0161tin\u0117s reikmenys","article_publisher":"https:\/\/www.facebook.com\/RutanaKanceliarinesPrekes\/","article_modified_time":"2025-10-13T13:41:38+00:00","og_image":[{"width":557,"height":511,"url":"https:\/\/rutana.lt\/wp-content\/uploads\/2025\/09\/C035-834-2.jpg","type":"image\/jpeg"}],"twitter_card":"summary_large_image","twitter_misc":{"Est. reading time":"1 minute"},"schema":{"@context":"https:\/\/schema.org","@graph":[{"@type":"WebPage","@id":"https:\/\/rutana.lt\/produktas\/rasiklis-urban-muted-black-ct-parker-1931583\/","url":"https:\/\/rutana.lt\/produktas\/rasiklis-urban-muted-black-ct-parker-1931583\/","name":"Ra\u0161iklis Urban Muted Black CT Parker 1931583 - Rutana - Ra\u0161tin\u0117s reikmenys","isPartOf":{"@id":"https:\/\/rutana.lt\/#website"},"primaryImageOfPage":{"@id":"https:\/\/rutana.lt\/produktas\/rasiklis-urban-muted-black-ct-parker-1931583\/#primaryimage"},"image":{"@id":"https:\/\/rutana.lt\/produktas\/rasiklis-urban-muted-black-ct-parker-1931583\/#primaryimage"},"thumbnailUrl":"https:\/\/rutana.lt\/wp-content\/uploads\/2025\/09\/C035-834-2-1.jpg?v=1763619524","datePublished":"2025-09-03T07:22:56+00:00","dateModified":"2025-10-13T13:41:38+00:00","breadcrumb":{"@id":"https:\/\/rutana.lt\/produktas\/rasiklis-urban-muted-black-ct-parker-1931583\/#breadcrumb"},"inLanguage":"en-US","potentialAction":[{"@type":"ReadAction","target":["https:\/\/rutana.lt\/produktas\/rasiklis-urban-muted-black-ct-parker-1931583\/"]}]},{"@type":"ImageObject","inLanguage":"en-US","@id":"https:\/\/rutana.lt\/produktas\/rasiklis-urban-muted-black-ct-parker-1931583\/#primaryimage","url":"https:\/\/rutana.lt\/wp-content\/uploads\/2025\/09\/C035-834-2-1.jpg?v=1763619524","contentUrl":"https:\/\/rutana.lt\/wp-content\/uploads\/2025\/09\/C035-834-2-1.jpg?v=1763619524","width":557,"height":511},{"@type":"BreadcrumbList","@id":"https:\/\/rutana.lt\/produktas\/rasiklis-urban-muted-black-ct-parker-1931583\/#breadcrumb","itemListElement":[{"@type":"ListItem","position":1,"name":"Home","item":"https:\/\/rutana.lt\/"},{"@type":"ListItem","position":2,"name":"Parduotuv\u0117","item":"https:\/\/rutana.lt\/parduotuve\/"},{"@type":"ListItem","position":3,"name":"Ra\u0161iklis Urban Muted Black CT Parker 1931583"}]},{"@type":"WebSite","@id":"https:\/\/rutana.lt\/#website","url":"https:\/\/rutana.lt\/","name":"Rutana - Ra\u0161tin\u0117s reikmenys","description":"Prekiaujame pasaulin\u0117je rinkoje pripa\u017eintomis, kokybi\u0161komis biuro prek\u0117mis toki\u0173  gamintoj\u0173 kaip: Schneider, Esselte, Novus, 3M, Faber-Castell, Citizen, Milan, Leitz, Colop, Zebra, Staedtler, Durable, Tork, Parker, Waterman ir kt.","publisher":{"@id":"https:\/\/rutana.lt\/#organization"},"potentialAction":[{"@type":"SearchAction","target":{"@type":"EntryPoint","urlTemplate":"https:\/\/rutana.lt\/?s={search_term_string}"},"query-input":{"@type":"PropertyValueSpecification","valueRequired":true,"valueName":"search_term_string"}}],"inLanguage":"en-US"},{"@type":"Organization","@id":"https:\/\/rutana.lt\/#organization","name":"Rutana - Ra\u0161tin\u0117s reikmenys","url":"https:\/\/rutana.lt\/","logo":{"@type":"ImageObject","inLanguage":"en-US","@id":"https:\/\/rutana.lt\/#\/schema\/logo\/image\/","url":"https:\/\/rutana.lt\/wp-content\/uploads\/2025\/10\/Asset-32.png","contentUrl":"https:\/\/rutana.lt\/wp-content\/uploads\/2025\/10\/Asset-32.png","width":433,"height":119,"caption":"Rutana - Ra\u0161tin\u0117s reikmenys"},"image":{"@id":"https:\/\/rutana.lt\/#\/schema\/logo\/image\/"},"sameAs":["https:\/\/www.facebook.com\/RutanaKanceliarinesPrekes\/"]}]}},"_links":{"self":[{"href":"https:\/\/rutana.lt\/en\/wp-json\/wp\/v2\/product\/12437","targetHints":{"allow":["GET"]}}],"collection":[{"href":"https:\/\/rutana.lt\/en\/wp-json\/wp\/v2\/product"}],"about":[{"href":"https:\/\/rutana.lt\/en\/wp-json\/wp\/v2\/types\/product"}],"replies":[{"embeddable":true,"href":"https:\/\/rutana.lt\/en\/wp-json\/wp\/v2\/comments?post=12437"}],"version-history":[{"count":1,"href":"https:\/\/rutana.lt\/en\/wp-json\/wp\/v2\/product\/12437\/revisions"}],"predecessor-version":[{"id":12481,"href":"https:\/\/rutana.lt\/en\/wp-json\/wp\/v2\/product\/12437\/revisions\/12481"}],"wp:featuredmedia":[{"embeddable":true,"href":"https:\/\/rutana.lt\/en\/wp-json\/wp\/v2\/media\/27798"}],"wp:attachment":[{"href":"https:\/\/rutana.lt\/en\/wp-json\/wp\/v2\/media?parent=12437"}],"wp:term":[{"taxonomy":"product_brand","embeddable":true,"href":"https:\/\/rutana.lt\/en\/wp-json\/wp\/v2\/product_brand?post=12437"},{"taxonomy":"product_cat","embeddable":true,"href":"https:\/\/rutana.lt\/en\/wp-json\/wp\/v2\/product_cat?post=12437"},{"taxonomy":"product_tag","embeddable":true,"href":"https:\/\/rutana.lt\/en\/wp-json\/wp\/v2\/product_tag?post=12437"}],"curies":[{"name":"wp","href":"https:\/\/api.w.org\/{rel}","templated":true}]}}