{"id":12376,"date":"2025-09-03T09:22:34","date_gmt":"2025-09-03T07:22:34","guid":{"rendered":"https:\/\/rutana.webdemo.lt\/?post_type=product&#038;p=12376"},"modified":"2025-10-13T15:41:34","modified_gmt":"2025-10-13T13:41:34","slug":"foto-popierius-matinis-a4-170g-50-lapu-canon-mp-101","status":"publish","type":"product","link":"https:\/\/rutana.lt\/en\/product\/foto-popierius-matinis-a4-170g-50-lapu-canon-mp-101\/","title":{"rendered":"Foto popierius matinis A4 170g 50 lap\u0173 Canon MP-101"},"content":{"rendered":"<p><span style=\"text-align: center;\">Ant matinio fotopopieriaus spausdinamos auk\u0161tos kokyb\u0117s nuotraukos, pie\u0161iniai ir tekstas su matiniu efektu. Jis taip pat tinkamas kitiems k\u016brybiniams projektams \u2013 sveikinimo atvirukams, rodiniams ir modeliams i\u0161 popieriaus kurti. <\/span>Originalus \u201eCanon\u201c fotopopierius padengtas mikroskopini\u0173 por\u0173 danga, kuri greitai sugeria ra\u0161al\u0105 \u012f gilesnius sluoksnius, d\u0117l to ant popieriaus pavir\u0161iaus visi\u0161kai nelieka ra\u0161alo pertekliaus, rezultatas \u2013 akimirksniu d\u017ei\u016bstantys nuotrauk\u0173 spaudiniai. Labai \u0161viesus matinis fotopopierius puikiai tinka nuotraukoms \u0161velniu pavir\u0161iumi ir ry\u0161ki\u0173 spalv\u0173 pie\u0161iniams spausdinti. Jis taip pat tinkamas kitiems k\u016brybiniams projektams: kai svarbu meni\u0161kumas, \u0161is popierius \u2013 tinkamiausias.<\/p>\n<p>Formatas: A4<\/p>\n<p>Popieriaus storis: 170 g \/ m<span style=\"vertical-align: super;\">2<\/span><\/p>\n<p><span style=\"vertical-align: super;\">Popieriaus pavir\u0161ius: matinis<\/span><\/p>\n<p><span style=\"vertical-align: super;\">Lap\u0173 kiekis pakuot\u0117je: 50 lap\u0173 ( kaina nurodyta u\u017e vis\u0105 pakuot\u0119 )<\/span><\/p>\n<p><span style=\"vertical-align: super;\"><br \/><\/span><\/p>\n<p><span style=\"vertical-align: super;\"><br \/><\/span><\/p>","protected":false},"excerpt":{"rendered":"<p>Ant matinio fotopopieriaus spausdinamos auk\u0161tos kokyb\u0117s nuotraukos, pie\u0161iniai ir tekstas su matiniu efektu. Jis taip pat tinkamas kitiems k\u016brybiniams projektams \u2013 sveikinimo atvirukams, rodiniams ir modeliams i\u0161 popieriaus kurti. Originalus \u201eCanon\u201c fotopopierius padengtas mikroskopini\u0173 por\u0173 danga, kuri greitai sugeria ra\u0161al\u0105 \u012f gilesnius sluoksnius, d\u0117l to ant popieriaus pavir\u0161iaus visi\u0161kai nelieka ra\u0161alo pertekliaus, rezultatas \u2013 akimirksniu [&hellip;]<\/p>","protected":false},"featured_media":27788,"comment_status":"open","ping_status":"closed","template":"","meta":{"_season_start":"","_season_end":"","_season_days":"","_season_months":"","_season_auto_visibility":""},"product_brand":[514],"product_cat":[1678],"product_tag":[],"class_list":{"0":"post-12376","1":"product","2":"type-product","3":"status-publish","4":"has-post-thumbnail","6":"product_brand-canon","7":"product_cat-foto-popierius","9":"first","10":"instock","11":"taxable","12":"shipping-taxable","13":"purchasable","14":"product-type-simple"},"yoast_head":"<!-- This site is optimized with the Yoast SEO plugin v27.4 - https:\/\/yoast.com\/product\/yoast-seo-wordpress\/ -->\n<title>Foto popierius matinis A4 170g 50 lap\u0173 Canon MP-101 - Rutana - Ra\u0161tin\u0117s reikmenys<\/title>\n<meta name=\"robots\" content=\"index, follow, max-snippet:-1, max-image-preview:large, max-video-preview:-1\" \/>\n<link rel=\"canonical\" href=\"https:\/\/rutana.lt\/en\/product\/foto-popierius-matinis-a4-170g-50-lapu-canon-mp-101\/\" \/>\n<meta property=\"og:locale\" content=\"en_US\" \/>\n<meta property=\"og:type\" content=\"article\" \/>\n<meta property=\"og:title\" content=\"Foto popierius matinis A4 170g 50 lap\u0173 Canon MP-101 - Rutana - Ra\u0161tin\u0117s reikmenys\" \/>\n<meta property=\"og:description\" content=\"Ant matinio fotopopieriaus spausdinamos auk\u0161tos kokyb\u0117s nuotraukos, pie\u0161iniai ir tekstas su matiniu efektu. Jis taip pat tinkamas kitiems k\u016brybiniams projektams \u2013 sveikinimo atvirukams, rodiniams ir modeliams i\u0161 popieriaus kurti. Originalus \u201eCanon\u201c fotopopierius padengtas mikroskopini\u0173 por\u0173 danga, kuri greitai sugeria ra\u0161al\u0105 \u012f gilesnius sluoksnius, d\u0117l to ant popieriaus pavir\u0161iaus visi\u0161kai nelieka ra\u0161alo pertekliaus, rezultatas \u2013 akimirksniu [&hellip;]\" \/>\n<meta property=\"og:url\" content=\"https:\/\/rutana.lt\/en\/product\/foto-popierius-matinis-a4-170g-50-lapu-canon-mp-101\/\" \/>\n<meta property=\"og:site_name\" content=\"Rutana - Ra\u0161tin\u0117s reikmenys\" \/>\n<meta property=\"article:publisher\" content=\"https:\/\/www.facebook.com\/RutanaKanceliarinesPrekes\/\" \/>\n<meta property=\"article:modified_time\" content=\"2025-10-13T13:41:34+00:00\" \/>\n<meta property=\"og:image\" content=\"https:\/\/rutana.lt\/wp-content\/uploads\/2025\/09\/A057-003.jpg\" \/>\n\t<meta property=\"og:image:width\" content=\"600\" \/>\n\t<meta property=\"og:image:height\" content=\"498\" \/>\n\t<meta property=\"og:image:type\" content=\"image\/jpeg\" \/>\n<meta name=\"twitter:card\" content=\"summary_large_image\" \/>\n<meta name=\"twitter:label1\" content=\"Est. reading time\" \/>\n\t<meta name=\"twitter:data1\" content=\"1 minute\" \/>\n<script type=\"application\/ld+json\" class=\"yoast-schema-graph\">{\"@context\":\"https:\\\/\\\/schema.org\",\"@graph\":[{\"@type\":\"WebPage\",\"@id\":\"https:\\\/\\\/rutana.lt\\\/produktas\\\/foto-popierius-matinis-a4-170g-50-lapu-canon-mp-101\\\/\",\"url\":\"https:\\\/\\\/rutana.lt\\\/produktas\\\/foto-popierius-matinis-a4-170g-50-lapu-canon-mp-101\\\/\",\"name\":\"Foto popierius matinis A4 170g 50 lap\u0173 Canon MP-101 - Rutana - Ra\u0161tin\u0117s reikmenys\",\"isPartOf\":{\"@id\":\"https:\\\/\\\/rutana.lt\\\/#website\"},\"primaryImageOfPage\":{\"@id\":\"https:\\\/\\\/rutana.lt\\\/produktas\\\/foto-popierius-matinis-a4-170g-50-lapu-canon-mp-101\\\/#primaryimage\"},\"image\":{\"@id\":\"https:\\\/\\\/rutana.lt\\\/produktas\\\/foto-popierius-matinis-a4-170g-50-lapu-canon-mp-101\\\/#primaryimage\"},\"thumbnailUrl\":\"https:\\\/\\\/rutana.lt\\\/wp-content\\\/uploads\\\/2025\\\/09\\\/A057-003-1.jpg?v=1763619539\",\"datePublished\":\"2025-09-03T07:22:34+00:00\",\"dateModified\":\"2025-10-13T13:41:34+00:00\",\"breadcrumb\":{\"@id\":\"https:\\\/\\\/rutana.lt\\\/produktas\\\/foto-popierius-matinis-a4-170g-50-lapu-canon-mp-101\\\/#breadcrumb\"},\"inLanguage\":\"en-US\",\"potentialAction\":[{\"@type\":\"ReadAction\",\"target\":[\"https:\\\/\\\/rutana.lt\\\/produktas\\\/foto-popierius-matinis-a4-170g-50-lapu-canon-mp-101\\\/\"]}]},{\"@type\":\"ImageObject\",\"inLanguage\":\"en-US\",\"@id\":\"https:\\\/\\\/rutana.lt\\\/produktas\\\/foto-popierius-matinis-a4-170g-50-lapu-canon-mp-101\\\/#primaryimage\",\"url\":\"https:\\\/\\\/rutana.lt\\\/wp-content\\\/uploads\\\/2025\\\/09\\\/A057-003-1.jpg?v=1763619539\",\"contentUrl\":\"https:\\\/\\\/rutana.lt\\\/wp-content\\\/uploads\\\/2025\\\/09\\\/A057-003-1.jpg?v=1763619539\",\"width\":600,\"height\":498},{\"@type\":\"BreadcrumbList\",\"@id\":\"https:\\\/\\\/rutana.lt\\\/produktas\\\/foto-popierius-matinis-a4-170g-50-lapu-canon-mp-101\\\/#breadcrumb\",\"itemListElement\":[{\"@type\":\"ListItem\",\"position\":1,\"name\":\"Home\",\"item\":\"https:\\\/\\\/rutana.lt\\\/\"},{\"@type\":\"ListItem\",\"position\":2,\"name\":\"Parduotuv\u0117\",\"item\":\"https:\\\/\\\/rutana.lt\\\/parduotuve\\\/\"},{\"@type\":\"ListItem\",\"position\":3,\"name\":\"Foto popierius matinis A4 170g 50 lap\u0173 Canon MP-101\"}]},{\"@type\":\"WebSite\",\"@id\":\"https:\\\/\\\/rutana.lt\\\/#website\",\"url\":\"https:\\\/\\\/rutana.lt\\\/\",\"name\":\"Rutana - Ra\u0161tin\u0117s reikmenys\",\"description\":\"Prekiaujame pasaulin\u0117je rinkoje pripa\u017eintomis, kokybi\u0161komis biuro prek\u0117mis toki\u0173  gamintoj\u0173 kaip: Schneider, Esselte, Novus, 3M, Faber-Castell, Citizen, Milan, Leitz, Colop, Zebra, Staedtler, Durable, Tork, Parker, Waterman ir kt.\",\"publisher\":{\"@id\":\"https:\\\/\\\/rutana.lt\\\/#organization\"},\"potentialAction\":[{\"@type\":\"SearchAction\",\"target\":{\"@type\":\"EntryPoint\",\"urlTemplate\":\"https:\\\/\\\/rutana.lt\\\/?s={search_term_string}\"},\"query-input\":{\"@type\":\"PropertyValueSpecification\",\"valueRequired\":true,\"valueName\":\"search_term_string\"}}],\"inLanguage\":\"en-US\"},{\"@type\":\"Organization\",\"@id\":\"https:\\\/\\\/rutana.lt\\\/#organization\",\"name\":\"Rutana - Ra\u0161tin\u0117s reikmenys\",\"url\":\"https:\\\/\\\/rutana.lt\\\/\",\"logo\":{\"@type\":\"ImageObject\",\"inLanguage\":\"en-US\",\"@id\":\"https:\\\/\\\/rutana.lt\\\/#\\\/schema\\\/logo\\\/image\\\/\",\"url\":\"https:\\\/\\\/rutana.lt\\\/wp-content\\\/uploads\\\/2025\\\/10\\\/Asset-32.png\",\"contentUrl\":\"https:\\\/\\\/rutana.lt\\\/wp-content\\\/uploads\\\/2025\\\/10\\\/Asset-32.png\",\"width\":433,\"height\":119,\"caption\":\"Rutana - Ra\u0161tin\u0117s reikmenys\"},\"image\":{\"@id\":\"https:\\\/\\\/rutana.lt\\\/#\\\/schema\\\/logo\\\/image\\\/\"},\"sameAs\":[\"https:\\\/\\\/www.facebook.com\\\/RutanaKanceliarinesPrekes\\\/\"]}]}<\/script>\n<!-- \/ Yoast SEO plugin. -->","yoast_head_json":{"title":"Foto popierius matinis A4 170g 50 lap\u0173 Canon MP-101 - Rutana - Ra\u0161tin\u0117s reikmenys","robots":{"index":"index","follow":"follow","max-snippet":"max-snippet:-1","max-image-preview":"max-image-preview:large","max-video-preview":"max-video-preview:-1"},"canonical":"https:\/\/rutana.lt\/en\/product\/foto-popierius-matinis-a4-170g-50-lapu-canon-mp-101\/","og_locale":"en_US","og_type":"article","og_title":"Foto popierius matinis A4 170g 50 lap\u0173 Canon MP-101 - Rutana - Ra\u0161tin\u0117s reikmenys","og_description":"Ant matinio fotopopieriaus spausdinamos auk\u0161tos kokyb\u0117s nuotraukos, pie\u0161iniai ir tekstas su matiniu efektu. Jis taip pat tinkamas kitiems k\u016brybiniams projektams \u2013 sveikinimo atvirukams, rodiniams ir modeliams i\u0161 popieriaus kurti. Originalus \u201eCanon\u201c fotopopierius padengtas mikroskopini\u0173 por\u0173 danga, kuri greitai sugeria ra\u0161al\u0105 \u012f gilesnius sluoksnius, d\u0117l to ant popieriaus pavir\u0161iaus visi\u0161kai nelieka ra\u0161alo pertekliaus, rezultatas \u2013 akimirksniu [&hellip;]","og_url":"https:\/\/rutana.lt\/en\/product\/foto-popierius-matinis-a4-170g-50-lapu-canon-mp-101\/","og_site_name":"Rutana - Ra\u0161tin\u0117s reikmenys","article_publisher":"https:\/\/www.facebook.com\/RutanaKanceliarinesPrekes\/","article_modified_time":"2025-10-13T13:41:34+00:00","og_image":[{"width":600,"height":498,"url":"https:\/\/rutana.lt\/wp-content\/uploads\/2025\/09\/A057-003.jpg","type":"image\/jpeg"}],"twitter_card":"summary_large_image","twitter_misc":{"Est. reading time":"1 minute"},"schema":{"@context":"https:\/\/schema.org","@graph":[{"@type":"WebPage","@id":"https:\/\/rutana.lt\/produktas\/foto-popierius-matinis-a4-170g-50-lapu-canon-mp-101\/","url":"https:\/\/rutana.lt\/produktas\/foto-popierius-matinis-a4-170g-50-lapu-canon-mp-101\/","name":"Foto popierius matinis A4 170g 50 lap\u0173 Canon MP-101 - Rutana - Ra\u0161tin\u0117s reikmenys","isPartOf":{"@id":"https:\/\/rutana.lt\/#website"},"primaryImageOfPage":{"@id":"https:\/\/rutana.lt\/produktas\/foto-popierius-matinis-a4-170g-50-lapu-canon-mp-101\/#primaryimage"},"image":{"@id":"https:\/\/rutana.lt\/produktas\/foto-popierius-matinis-a4-170g-50-lapu-canon-mp-101\/#primaryimage"},"thumbnailUrl":"https:\/\/rutana.lt\/wp-content\/uploads\/2025\/09\/A057-003-1.jpg?v=1763619539","datePublished":"2025-09-03T07:22:34+00:00","dateModified":"2025-10-13T13:41:34+00:00","breadcrumb":{"@id":"https:\/\/rutana.lt\/produktas\/foto-popierius-matinis-a4-170g-50-lapu-canon-mp-101\/#breadcrumb"},"inLanguage":"en-US","potentialAction":[{"@type":"ReadAction","target":["https:\/\/rutana.lt\/produktas\/foto-popierius-matinis-a4-170g-50-lapu-canon-mp-101\/"]}]},{"@type":"ImageObject","inLanguage":"en-US","@id":"https:\/\/rutana.lt\/produktas\/foto-popierius-matinis-a4-170g-50-lapu-canon-mp-101\/#primaryimage","url":"https:\/\/rutana.lt\/wp-content\/uploads\/2025\/09\/A057-003-1.jpg?v=1763619539","contentUrl":"https:\/\/rutana.lt\/wp-content\/uploads\/2025\/09\/A057-003-1.jpg?v=1763619539","width":600,"height":498},{"@type":"BreadcrumbList","@id":"https:\/\/rutana.lt\/produktas\/foto-popierius-matinis-a4-170g-50-lapu-canon-mp-101\/#breadcrumb","itemListElement":[{"@type":"ListItem","position":1,"name":"Home","item":"https:\/\/rutana.lt\/"},{"@type":"ListItem","position":2,"name":"Parduotuv\u0117","item":"https:\/\/rutana.lt\/parduotuve\/"},{"@type":"ListItem","position":3,"name":"Foto popierius matinis A4 170g 50 lap\u0173 Canon MP-101"}]},{"@type":"WebSite","@id":"https:\/\/rutana.lt\/#website","url":"https:\/\/rutana.lt\/","name":"Rutana - Ra\u0161tin\u0117s reikmenys","description":"Prekiaujame pasaulin\u0117je rinkoje pripa\u017eintomis, kokybi\u0161komis biuro prek\u0117mis toki\u0173  gamintoj\u0173 kaip: Schneider, Esselte, Novus, 3M, Faber-Castell, Citizen, Milan, Leitz, Colop, Zebra, Staedtler, Durable, Tork, Parker, Waterman ir kt.","publisher":{"@id":"https:\/\/rutana.lt\/#organization"},"potentialAction":[{"@type":"SearchAction","target":{"@type":"EntryPoint","urlTemplate":"https:\/\/rutana.lt\/?s={search_term_string}"},"query-input":{"@type":"PropertyValueSpecification","valueRequired":true,"valueName":"search_term_string"}}],"inLanguage":"en-US"},{"@type":"Organization","@id":"https:\/\/rutana.lt\/#organization","name":"Rutana - Ra\u0161tin\u0117s reikmenys","url":"https:\/\/rutana.lt\/","logo":{"@type":"ImageObject","inLanguage":"en-US","@id":"https:\/\/rutana.lt\/#\/schema\/logo\/image\/","url":"https:\/\/rutana.lt\/wp-content\/uploads\/2025\/10\/Asset-32.png","contentUrl":"https:\/\/rutana.lt\/wp-content\/uploads\/2025\/10\/Asset-32.png","width":433,"height":119,"caption":"Rutana - Ra\u0161tin\u0117s reikmenys"},"image":{"@id":"https:\/\/rutana.lt\/#\/schema\/logo\/image\/"},"sameAs":["https:\/\/www.facebook.com\/RutanaKanceliarinesPrekes\/"]}]}},"_links":{"self":[{"href":"https:\/\/rutana.lt\/en\/wp-json\/wp\/v2\/product\/12376","targetHints":{"allow":["GET"]}}],"collection":[{"href":"https:\/\/rutana.lt\/en\/wp-json\/wp\/v2\/product"}],"about":[{"href":"https:\/\/rutana.lt\/en\/wp-json\/wp\/v2\/types\/product"}],"replies":[{"embeddable":true,"href":"https:\/\/rutana.lt\/en\/wp-json\/wp\/v2\/comments?post=12376"}],"version-history":[{"count":1,"href":"https:\/\/rutana.lt\/en\/wp-json\/wp\/v2\/product\/12376\/revisions"}],"predecessor-version":[{"id":12461,"href":"https:\/\/rutana.lt\/en\/wp-json\/wp\/v2\/product\/12376\/revisions\/12461"}],"wp:featuredmedia":[{"embeddable":true,"href":"https:\/\/rutana.lt\/en\/wp-json\/wp\/v2\/media\/27788"}],"wp:attachment":[{"href":"https:\/\/rutana.lt\/en\/wp-json\/wp\/v2\/media?parent=12376"}],"wp:term":[{"taxonomy":"product_brand","embeddable":true,"href":"https:\/\/rutana.lt\/en\/wp-json\/wp\/v2\/product_brand?post=12376"},{"taxonomy":"product_cat","embeddable":true,"href":"https:\/\/rutana.lt\/en\/wp-json\/wp\/v2\/product_cat?post=12376"},{"taxonomy":"product_tag","embeddable":true,"href":"https:\/\/rutana.lt\/en\/wp-json\/wp\/v2\/product_tag?post=12376"}],"curies":[{"name":"wp","href":"https:\/\/api.w.org\/{rel}","templated":true}]}}