{"id":12375,"date":"2025-09-03T09:22:33","date_gmt":"2025-09-03T07:22:33","guid":{"rendered":"https:\/\/rutana.webdemo.lt\/?post_type=product&#038;p=12375"},"modified":"2025-10-13T15:41:33","modified_gmt":"2025-10-13T13:41:33","slug":"internetine-web-kamera-imilab-1080p-xiaomi-cmsxj22a","status":"publish","type":"product","link":"https:\/\/rutana.lt\/en\/product\/internetine-web-kamera-imilab-1080p-xiaomi-cmsxj22a\/","title":{"rendered":"Internetin\u0117 WEB kamera IMILAB 1080P Xiaomi CMSXJ22A"},"content":{"rendered":"<p>Internetin\u0117 kamera su auk\u0161tos rai\u0161kos 1080P skiriam\u0105ja geba, specialiai sukurta profesionalioms vaizdo konferencijoms dirbant namuose. Taip pat puikiai tinka \u017eaidim\u0173 vaizdo \u012fra\u0161ams, skland\u016bs vaizdai \u201eSkype\u201c konferencijoms, vaizdo skambu\u010diams ir \u201eYouTube\u201c \u012fra\u0161ams. Greitas montavimas: patogiai prisekite \u0161i\u0105 kamer\u0105 prie plok\u0161\u010diaekrani\u0173 kompiuteri\u0173 monitori\u0173 ir ne\u0161iojam\u0173j\u0173 kompiuteri\u0173 ekran\u0173 arba pastatykite ant stal\u0173 ir kit\u0173 plok\u0161\u010di\u0173 pavir\u0161i\u0173.<\/p>\n<p>Rezoliucija: 1920 x 1080 ( Full HD )<\/p>\n<p>Mikrofonas: taip<\/p>\n<p>Jungtis: USB 2.0<\/p>\n<p>Maksimalus kadr\u0173 da\u017enis: 30 kadr\u0173 per sekund\u0119<\/p>\n<p>Fokusavimo metodas: rankinis fokusavimas<\/p>\n<p>Baltos spalvos balansas: automatinis<\/p>\n<p>Tinkamos operacin\u0117s sistemos: Windows, MAC<\/p>\n<p><\/p>\n<p><iframe src=\"\/\/www.youtube.com\/embed\/3OIuJ53rg-8\" width=\"640\" height=\"360\" frameborder=\"0\"><\/iframe><\/p>\n<p><\/p>","protected":false},"excerpt":{"rendered":"<p>Internetin\u0117 kamera su auk\u0161tos rai\u0161kos 1080P skiriam\u0105ja geba, specialiai sukurta profesionalioms vaizdo konferencijoms dirbant namuose. Taip pat puikiai tinka \u017eaidim\u0173 vaizdo \u012fra\u0161ams, skland\u016bs vaizdai \u201eSkype\u201c konferencijoms, vaizdo skambu\u010diams ir \u201eYouTube\u201c \u012fra\u0161ams. Greitas montavimas: patogiai prisekite \u0161i\u0105 kamer\u0105 prie plok\u0161\u010diaekrani\u0173 kompiuteri\u0173 monitori\u0173 ir ne\u0161iojam\u0173j\u0173 kompiuteri\u0173 ekran\u0173 arba pastatykite ant stal\u0173 ir kit\u0173 plok\u0161\u010di\u0173 pavir\u0161i\u0173. Rezoliucija: 1920 [&hellip;]<\/p>","protected":false},"featured_media":27787,"comment_status":"open","ping_status":"closed","template":"","meta":{"_season_start":"","_season_end":"","_season_days":"","_season_months":"","_season_auto_visibility":""},"product_brand":[838],"product_cat":[1710],"product_tag":[],"class_list":{"0":"post-12375","1":"product","2":"type-product","3":"status-publish","4":"has-post-thumbnail","6":"product_brand-xiaomi","7":"product_cat-web-kameros","9":"first","10":"instock","11":"taxable","12":"shipping-taxable","13":"purchasable","14":"product-type-simple"},"yoast_head":"<!-- This site is optimized with the Yoast SEO plugin v27.4 - https:\/\/yoast.com\/product\/yoast-seo-wordpress\/ -->\n<title>Internetin\u0117 WEB kamera IMILAB 1080P Xiaomi CMSXJ22A - Rutana - Ra\u0161tin\u0117s reikmenys<\/title>\n<meta name=\"robots\" content=\"index, follow, max-snippet:-1, max-image-preview:large, max-video-preview:-1\" \/>\n<link rel=\"canonical\" href=\"https:\/\/rutana.lt\/en\/product\/internetine-web-kamera-imilab-1080p-xiaomi-cmsxj22a\/\" \/>\n<meta property=\"og:locale\" content=\"en_US\" \/>\n<meta property=\"og:type\" content=\"article\" \/>\n<meta property=\"og:title\" content=\"Internetin\u0117 WEB kamera IMILAB 1080P Xiaomi CMSXJ22A - Rutana - Ra\u0161tin\u0117s reikmenys\" \/>\n<meta property=\"og:description\" content=\"Internetin\u0117 kamera su auk\u0161tos rai\u0161kos 1080P skiriam\u0105ja geba, specialiai sukurta profesionalioms vaizdo konferencijoms dirbant namuose. Taip pat puikiai tinka \u017eaidim\u0173 vaizdo \u012fra\u0161ams, skland\u016bs vaizdai \u201eSkype\u201c konferencijoms, vaizdo skambu\u010diams ir \u201eYouTube\u201c \u012fra\u0161ams. Greitas montavimas: patogiai prisekite \u0161i\u0105 kamer\u0105 prie plok\u0161\u010diaekrani\u0173 kompiuteri\u0173 monitori\u0173 ir ne\u0161iojam\u0173j\u0173 kompiuteri\u0173 ekran\u0173 arba pastatykite ant stal\u0173 ir kit\u0173 plok\u0161\u010di\u0173 pavir\u0161i\u0173. Rezoliucija: 1920 [&hellip;]\" \/>\n<meta property=\"og:url\" content=\"https:\/\/rutana.lt\/en\/product\/internetine-web-kamera-imilab-1080p-xiaomi-cmsxj22a\/\" \/>\n<meta property=\"og:site_name\" content=\"Rutana - Ra\u0161tin\u0117s reikmenys\" \/>\n<meta property=\"article:publisher\" content=\"https:\/\/www.facebook.com\/RutanaKanceliarinesPrekes\/\" \/>\n<meta property=\"article:modified_time\" content=\"2025-10-13T13:41:33+00:00\" \/>\n<meta property=\"og:image\" content=\"https:\/\/rutana.lt\/wp-content\/uploads\/2025\/09\/B039-832.jpg\" \/>\n\t<meta property=\"og:image:width\" content=\"500\" \/>\n\t<meta property=\"og:image:height\" content=\"500\" \/>\n\t<meta property=\"og:image:type\" content=\"image\/jpeg\" \/>\n<meta name=\"twitter:card\" content=\"summary_large_image\" \/>\n<script type=\"application\/ld+json\" class=\"yoast-schema-graph\">{\"@context\":\"https:\\\/\\\/schema.org\",\"@graph\":[{\"@type\":\"WebPage\",\"@id\":\"https:\\\/\\\/rutana.lt\\\/produktas\\\/internetine-web-kamera-imilab-1080p-xiaomi-cmsxj22a\\\/\",\"url\":\"https:\\\/\\\/rutana.lt\\\/produktas\\\/internetine-web-kamera-imilab-1080p-xiaomi-cmsxj22a\\\/\",\"name\":\"Internetin\u0117 WEB kamera IMILAB 1080P Xiaomi CMSXJ22A - Rutana - Ra\u0161tin\u0117s reikmenys\",\"isPartOf\":{\"@id\":\"https:\\\/\\\/rutana.lt\\\/#website\"},\"primaryImageOfPage\":{\"@id\":\"https:\\\/\\\/rutana.lt\\\/produktas\\\/internetine-web-kamera-imilab-1080p-xiaomi-cmsxj22a\\\/#primaryimage\"},\"image\":{\"@id\":\"https:\\\/\\\/rutana.lt\\\/produktas\\\/internetine-web-kamera-imilab-1080p-xiaomi-cmsxj22a\\\/#primaryimage\"},\"thumbnailUrl\":\"https:\\\/\\\/rutana.lt\\\/wp-content\\\/uploads\\\/2025\\\/09\\\/B039-832-1.jpg?v=1763619537\",\"datePublished\":\"2025-09-03T07:22:33+00:00\",\"dateModified\":\"2025-10-13T13:41:33+00:00\",\"breadcrumb\":{\"@id\":\"https:\\\/\\\/rutana.lt\\\/produktas\\\/internetine-web-kamera-imilab-1080p-xiaomi-cmsxj22a\\\/#breadcrumb\"},\"inLanguage\":\"en-US\",\"potentialAction\":[{\"@type\":\"ReadAction\",\"target\":[\"https:\\\/\\\/rutana.lt\\\/produktas\\\/internetine-web-kamera-imilab-1080p-xiaomi-cmsxj22a\\\/\"]}]},{\"@type\":\"ImageObject\",\"inLanguage\":\"en-US\",\"@id\":\"https:\\\/\\\/rutana.lt\\\/produktas\\\/internetine-web-kamera-imilab-1080p-xiaomi-cmsxj22a\\\/#primaryimage\",\"url\":\"https:\\\/\\\/rutana.lt\\\/wp-content\\\/uploads\\\/2025\\\/09\\\/B039-832-1.jpg?v=1763619537\",\"contentUrl\":\"https:\\\/\\\/rutana.lt\\\/wp-content\\\/uploads\\\/2025\\\/09\\\/B039-832-1.jpg?v=1763619537\",\"width\":500,\"height\":500},{\"@type\":\"BreadcrumbList\",\"@id\":\"https:\\\/\\\/rutana.lt\\\/produktas\\\/internetine-web-kamera-imilab-1080p-xiaomi-cmsxj22a\\\/#breadcrumb\",\"itemListElement\":[{\"@type\":\"ListItem\",\"position\":1,\"name\":\"Home\",\"item\":\"https:\\\/\\\/rutana.lt\\\/\"},{\"@type\":\"ListItem\",\"position\":2,\"name\":\"Parduotuv\u0117\",\"item\":\"https:\\\/\\\/rutana.lt\\\/parduotuve\\\/\"},{\"@type\":\"ListItem\",\"position\":3,\"name\":\"Internetin\u0117 WEB kamera IMILAB 1080P Xiaomi CMSXJ22A\"}]},{\"@type\":\"WebSite\",\"@id\":\"https:\\\/\\\/rutana.lt\\\/#website\",\"url\":\"https:\\\/\\\/rutana.lt\\\/\",\"name\":\"Rutana - Ra\u0161tin\u0117s reikmenys\",\"description\":\"Prekiaujame pasaulin\u0117je rinkoje pripa\u017eintomis, kokybi\u0161komis biuro prek\u0117mis toki\u0173  gamintoj\u0173 kaip: Schneider, Esselte, Novus, 3M, Faber-Castell, Citizen, Milan, Leitz, Colop, Zebra, Staedtler, Durable, Tork, Parker, Waterman ir kt.\",\"publisher\":{\"@id\":\"https:\\\/\\\/rutana.lt\\\/#organization\"},\"potentialAction\":[{\"@type\":\"SearchAction\",\"target\":{\"@type\":\"EntryPoint\",\"urlTemplate\":\"https:\\\/\\\/rutana.lt\\\/?s={search_term_string}\"},\"query-input\":{\"@type\":\"PropertyValueSpecification\",\"valueRequired\":true,\"valueName\":\"search_term_string\"}}],\"inLanguage\":\"en-US\"},{\"@type\":\"Organization\",\"@id\":\"https:\\\/\\\/rutana.lt\\\/#organization\",\"name\":\"Rutana - Ra\u0161tin\u0117s reikmenys\",\"url\":\"https:\\\/\\\/rutana.lt\\\/\",\"logo\":{\"@type\":\"ImageObject\",\"inLanguage\":\"en-US\",\"@id\":\"https:\\\/\\\/rutana.lt\\\/#\\\/schema\\\/logo\\\/image\\\/\",\"url\":\"https:\\\/\\\/rutana.lt\\\/wp-content\\\/uploads\\\/2025\\\/10\\\/Asset-32.png\",\"contentUrl\":\"https:\\\/\\\/rutana.lt\\\/wp-content\\\/uploads\\\/2025\\\/10\\\/Asset-32.png\",\"width\":433,\"height\":119,\"caption\":\"Rutana - Ra\u0161tin\u0117s reikmenys\"},\"image\":{\"@id\":\"https:\\\/\\\/rutana.lt\\\/#\\\/schema\\\/logo\\\/image\\\/\"},\"sameAs\":[\"https:\\\/\\\/www.facebook.com\\\/RutanaKanceliarinesPrekes\\\/\"]}]}<\/script>\n<!-- \/ Yoast SEO plugin. -->","yoast_head_json":{"title":"Internetin\u0117 WEB kamera IMILAB 1080P Xiaomi CMSXJ22A - Rutana - Ra\u0161tin\u0117s reikmenys","robots":{"index":"index","follow":"follow","max-snippet":"max-snippet:-1","max-image-preview":"max-image-preview:large","max-video-preview":"max-video-preview:-1"},"canonical":"https:\/\/rutana.lt\/en\/product\/internetine-web-kamera-imilab-1080p-xiaomi-cmsxj22a\/","og_locale":"en_US","og_type":"article","og_title":"Internetin\u0117 WEB kamera IMILAB 1080P Xiaomi CMSXJ22A - Rutana - Ra\u0161tin\u0117s reikmenys","og_description":"Internetin\u0117 kamera su auk\u0161tos rai\u0161kos 1080P skiriam\u0105ja geba, specialiai sukurta profesionalioms vaizdo konferencijoms dirbant namuose. Taip pat puikiai tinka \u017eaidim\u0173 vaizdo \u012fra\u0161ams, skland\u016bs vaizdai \u201eSkype\u201c konferencijoms, vaizdo skambu\u010diams ir \u201eYouTube\u201c \u012fra\u0161ams. Greitas montavimas: patogiai prisekite \u0161i\u0105 kamer\u0105 prie plok\u0161\u010diaekrani\u0173 kompiuteri\u0173 monitori\u0173 ir ne\u0161iojam\u0173j\u0173 kompiuteri\u0173 ekran\u0173 arba pastatykite ant stal\u0173 ir kit\u0173 plok\u0161\u010di\u0173 pavir\u0161i\u0173. Rezoliucija: 1920 [&hellip;]","og_url":"https:\/\/rutana.lt\/en\/product\/internetine-web-kamera-imilab-1080p-xiaomi-cmsxj22a\/","og_site_name":"Rutana - Ra\u0161tin\u0117s reikmenys","article_publisher":"https:\/\/www.facebook.com\/RutanaKanceliarinesPrekes\/","article_modified_time":"2025-10-13T13:41:33+00:00","og_image":[{"width":500,"height":500,"url":"https:\/\/rutana.lt\/wp-content\/uploads\/2025\/09\/B039-832.jpg","type":"image\/jpeg"}],"twitter_card":"summary_large_image","schema":{"@context":"https:\/\/schema.org","@graph":[{"@type":"WebPage","@id":"https:\/\/rutana.lt\/produktas\/internetine-web-kamera-imilab-1080p-xiaomi-cmsxj22a\/","url":"https:\/\/rutana.lt\/produktas\/internetine-web-kamera-imilab-1080p-xiaomi-cmsxj22a\/","name":"Internetin\u0117 WEB kamera IMILAB 1080P Xiaomi CMSXJ22A - Rutana - Ra\u0161tin\u0117s reikmenys","isPartOf":{"@id":"https:\/\/rutana.lt\/#website"},"primaryImageOfPage":{"@id":"https:\/\/rutana.lt\/produktas\/internetine-web-kamera-imilab-1080p-xiaomi-cmsxj22a\/#primaryimage"},"image":{"@id":"https:\/\/rutana.lt\/produktas\/internetine-web-kamera-imilab-1080p-xiaomi-cmsxj22a\/#primaryimage"},"thumbnailUrl":"https:\/\/rutana.lt\/wp-content\/uploads\/2025\/09\/B039-832-1.jpg?v=1763619537","datePublished":"2025-09-03T07:22:33+00:00","dateModified":"2025-10-13T13:41:33+00:00","breadcrumb":{"@id":"https:\/\/rutana.lt\/produktas\/internetine-web-kamera-imilab-1080p-xiaomi-cmsxj22a\/#breadcrumb"},"inLanguage":"en-US","potentialAction":[{"@type":"ReadAction","target":["https:\/\/rutana.lt\/produktas\/internetine-web-kamera-imilab-1080p-xiaomi-cmsxj22a\/"]}]},{"@type":"ImageObject","inLanguage":"en-US","@id":"https:\/\/rutana.lt\/produktas\/internetine-web-kamera-imilab-1080p-xiaomi-cmsxj22a\/#primaryimage","url":"https:\/\/rutana.lt\/wp-content\/uploads\/2025\/09\/B039-832-1.jpg?v=1763619537","contentUrl":"https:\/\/rutana.lt\/wp-content\/uploads\/2025\/09\/B039-832-1.jpg?v=1763619537","width":500,"height":500},{"@type":"BreadcrumbList","@id":"https:\/\/rutana.lt\/produktas\/internetine-web-kamera-imilab-1080p-xiaomi-cmsxj22a\/#breadcrumb","itemListElement":[{"@type":"ListItem","position":1,"name":"Home","item":"https:\/\/rutana.lt\/"},{"@type":"ListItem","position":2,"name":"Parduotuv\u0117","item":"https:\/\/rutana.lt\/parduotuve\/"},{"@type":"ListItem","position":3,"name":"Internetin\u0117 WEB kamera IMILAB 1080P Xiaomi CMSXJ22A"}]},{"@type":"WebSite","@id":"https:\/\/rutana.lt\/#website","url":"https:\/\/rutana.lt\/","name":"Rutana - Ra\u0161tin\u0117s reikmenys","description":"Prekiaujame pasaulin\u0117je rinkoje pripa\u017eintomis, kokybi\u0161komis biuro prek\u0117mis toki\u0173  gamintoj\u0173 kaip: Schneider, Esselte, Novus, 3M, Faber-Castell, Citizen, Milan, Leitz, Colop, Zebra, Staedtler, Durable, Tork, Parker, Waterman ir kt.","publisher":{"@id":"https:\/\/rutana.lt\/#organization"},"potentialAction":[{"@type":"SearchAction","target":{"@type":"EntryPoint","urlTemplate":"https:\/\/rutana.lt\/?s={search_term_string}"},"query-input":{"@type":"PropertyValueSpecification","valueRequired":true,"valueName":"search_term_string"}}],"inLanguage":"en-US"},{"@type":"Organization","@id":"https:\/\/rutana.lt\/#organization","name":"Rutana - Ra\u0161tin\u0117s reikmenys","url":"https:\/\/rutana.lt\/","logo":{"@type":"ImageObject","inLanguage":"en-US","@id":"https:\/\/rutana.lt\/#\/schema\/logo\/image\/","url":"https:\/\/rutana.lt\/wp-content\/uploads\/2025\/10\/Asset-32.png","contentUrl":"https:\/\/rutana.lt\/wp-content\/uploads\/2025\/10\/Asset-32.png","width":433,"height":119,"caption":"Rutana - Ra\u0161tin\u0117s reikmenys"},"image":{"@id":"https:\/\/rutana.lt\/#\/schema\/logo\/image\/"},"sameAs":["https:\/\/www.facebook.com\/RutanaKanceliarinesPrekes\/"]}]}},"_links":{"self":[{"href":"https:\/\/rutana.lt\/en\/wp-json\/wp\/v2\/product\/12375","targetHints":{"allow":["GET"]}}],"collection":[{"href":"https:\/\/rutana.lt\/en\/wp-json\/wp\/v2\/product"}],"about":[{"href":"https:\/\/rutana.lt\/en\/wp-json\/wp\/v2\/types\/product"}],"replies":[{"embeddable":true,"href":"https:\/\/rutana.lt\/en\/wp-json\/wp\/v2\/comments?post=12375"}],"version-history":[{"count":1,"href":"https:\/\/rutana.lt\/en\/wp-json\/wp\/v2\/product\/12375\/revisions"}],"predecessor-version":[{"id":12459,"href":"https:\/\/rutana.lt\/en\/wp-json\/wp\/v2\/product\/12375\/revisions\/12459"}],"wp:featuredmedia":[{"embeddable":true,"href":"https:\/\/rutana.lt\/en\/wp-json\/wp\/v2\/media\/27787"}],"wp:attachment":[{"href":"https:\/\/rutana.lt\/en\/wp-json\/wp\/v2\/media?parent=12375"}],"wp:term":[{"taxonomy":"product_brand","embeddable":true,"href":"https:\/\/rutana.lt\/en\/wp-json\/wp\/v2\/product_brand?post=12375"},{"taxonomy":"product_cat","embeddable":true,"href":"https:\/\/rutana.lt\/en\/wp-json\/wp\/v2\/product_cat?post=12375"},{"taxonomy":"product_tag","embeddable":true,"href":"https:\/\/rutana.lt\/en\/wp-json\/wp\/v2\/product_tag?post=12375"}],"curies":[{"name":"wp","href":"https:\/\/api.w.org\/{rel}","templated":true}]}}