{"id":12373,"date":"2025-09-03T09:22:33","date_gmt":"2025-09-03T07:22:33","guid":{"rendered":"https:\/\/rutana.webdemo.lt\/?post_type=product&#038;p=12373"},"modified":"2025-10-13T15:41:33","modified_gmt":"2025-10-13T13:41:33","slug":"pele-kompiuteriui-beviele-pebble-m350-logitech","status":"publish","type":"product","link":"https:\/\/rutana.lt\/en\/product\/pele-kompiuteriui-beviele-pebble-m350-logitech\/","title":{"rendered":"Pel\u0117 kompiuteriui beviel\u0117 Pebble M350 Logitech"},"content":{"rendered":"<p>\u0160iuolaiki\u0161ko dizaino, kompakti\u0161ka beviel\u0117 kompiuterio pel\u0117 u\u017etikrins malonias, ilgas darbo valandas prie kompiuterio. Pagaminta pagal \u0161iandieninius technikos reikalavimus. Nenutr\u016bkstamas ir pastovus ry\u0161ys iki 10 m atstumu. Ypatingai tylus mygtuk\u0173 ir ratuko veikimas suteikia galimyb\u0119 darbuotis bibliotekoje ar kavin\u0117je, netrukdant aplinkiniams. Du pajungimo b\u016bdai prie kompiuterio, plan\u0161et\u0117s ar ne\u0161iojamo kompiuterio: Bluetooth ry\u0161iu arba su mini USB priem\u0117ju, kur\u012f s\u0117kmingai galima laikyti po pel\u0117s dangteliu. Elemento nereik\u0117s keisti net 18 m\u0117nesi\u0173, jei nedirbant su pele j\u0105 i\u0161jungsite. Naujai pajungiant pel\u0119 prie kompiuterio, ji prad\u0117s veikti nedelsiant, nereik\u0117s \u012fra\u0161in\u0117ti joki\u0173 program\u0173.<\/p>\n<p>Pel\u0117s matmenys: 107 mm ( ilgis ) x 59 mm ( plotis ) x 26.5 mm ( storis )<\/p>\n<p>Pel\u0117s svoris: 100 g ( su elementu )<\/p>\n<p>Elementas: AA tipo (1 vnt.)<\/p>\n<p>Pajungimo b\u016bdas: bevielis ry\u0161ys Bluetooth LE<\/p>\n<p>Tinkamos sistemos: Windows 7, Windows 8, Windows 10, MAC OS 10.8, Chrome OS, Linux, iPadOS, Android<\/p>\n<p>Galima korpuso spalva: pilka, balta<\/p>\n<p><\/p>","protected":false},"excerpt":{"rendered":"<p>\u0160iuolaiki\u0161ko dizaino, kompakti\u0161ka beviel\u0117 kompiuterio pel\u0117 u\u017etikrins malonias, ilgas darbo valandas prie kompiuterio. Pagaminta pagal \u0161iandieninius technikos reikalavimus. Nenutr\u016bkstamas ir pastovus ry\u0161ys iki 10 m atstumu. Ypatingai tylus mygtuk\u0173 ir ratuko veikimas suteikia galimyb\u0119 darbuotis bibliotekoje ar kavin\u0117je, netrukdant aplinkiniams. Du pajungimo b\u016bdai prie kompiuterio, plan\u0161et\u0117s ar ne\u0161iojamo kompiuterio: Bluetooth ry\u0161iu arba su mini USB [&hellip;]<\/p>","protected":false},"featured_media":27785,"comment_status":"open","ping_status":"closed","template":"","meta":{"_season_start":"","_season_end":"","_season_days":"","_season_months":"","_season_auto_visibility":""},"product_brand":[583],"product_cat":[1672,1671],"product_tag":[],"class_list":{"0":"post-12373","1":"product","2":"type-product","3":"status-publish","4":"has-post-thumbnail","6":"product_brand-logitech","7":"product_cat-kilimeliai","8":"product_cat-kompiuterines-peles","10":"first","11":"instock","12":"taxable","13":"shipping-taxable","14":"purchasable","15":"product-type-simple"},"yoast_head":"<!-- This site is optimized with the Yoast SEO plugin v27.4 - https:\/\/yoast.com\/product\/yoast-seo-wordpress\/ -->\n<title>Pel\u0117 kompiuteriui beviel\u0117 Pebble M350 Logitech - Rutana - Ra\u0161tin\u0117s reikmenys<\/title>\n<meta name=\"robots\" content=\"index, follow, max-snippet:-1, max-image-preview:large, max-video-preview:-1\" \/>\n<link rel=\"canonical\" href=\"https:\/\/rutana.lt\/en\/product\/pele-kompiuteriui-beviele-pebble-m350-logitech\/\" \/>\n<meta property=\"og:locale\" content=\"en_US\" \/>\n<meta property=\"og:type\" content=\"article\" \/>\n<meta property=\"og:title\" content=\"Pel\u0117 kompiuteriui beviel\u0117 Pebble M350 Logitech - Rutana - Ra\u0161tin\u0117s reikmenys\" \/>\n<meta property=\"og:description\" content=\"\u0160iuolaiki\u0161ko dizaino, kompakti\u0161ka beviel\u0117 kompiuterio pel\u0117 u\u017etikrins malonias, ilgas darbo valandas prie kompiuterio. Pagaminta pagal \u0161iandieninius technikos reikalavimus. Nenutr\u016bkstamas ir pastovus ry\u0161ys iki 10 m atstumu. Ypatingai tylus mygtuk\u0173 ir ratuko veikimas suteikia galimyb\u0119 darbuotis bibliotekoje ar kavin\u0117je, netrukdant aplinkiniams. Du pajungimo b\u016bdai prie kompiuterio, plan\u0161et\u0117s ar ne\u0161iojamo kompiuterio: Bluetooth ry\u0161iu arba su mini USB [&hellip;]\" \/>\n<meta property=\"og:url\" content=\"https:\/\/rutana.lt\/en\/product\/pele-kompiuteriui-beviele-pebble-m350-logitech\/\" \/>\n<meta property=\"og:site_name\" content=\"Rutana - Ra\u0161tin\u0117s reikmenys\" \/>\n<meta property=\"article:publisher\" content=\"https:\/\/www.facebook.com\/RutanaKanceliarinesPrekes\/\" \/>\n<meta property=\"article:modified_time\" content=\"2025-10-13T13:41:33+00:00\" \/>\n<meta property=\"og:image\" content=\"https:\/\/rutana.lt\/wp-content\/uploads\/2025\/09\/B039-086.jpg\" \/>\n\t<meta property=\"og:image:width\" content=\"600\" \/>\n\t<meta property=\"og:image:height\" content=\"600\" \/>\n\t<meta property=\"og:image:type\" content=\"image\/jpeg\" \/>\n<meta name=\"twitter:card\" content=\"summary_large_image\" \/>\n<meta name=\"twitter:label1\" content=\"Est. reading time\" \/>\n\t<meta name=\"twitter:data1\" content=\"1 minute\" \/>\n<script type=\"application\/ld+json\" class=\"yoast-schema-graph\">{\"@context\":\"https:\\\/\\\/schema.org\",\"@graph\":[{\"@type\":\"WebPage\",\"@id\":\"https:\\\/\\\/rutana.lt\\\/produktas\\\/pele-kompiuteriui-beviele-pebble-m350-logitech\\\/\",\"url\":\"https:\\\/\\\/rutana.lt\\\/produktas\\\/pele-kompiuteriui-beviele-pebble-m350-logitech\\\/\",\"name\":\"Pel\u0117 kompiuteriui beviel\u0117 Pebble M350 Logitech - Rutana - Ra\u0161tin\u0117s reikmenys\",\"isPartOf\":{\"@id\":\"https:\\\/\\\/rutana.lt\\\/#website\"},\"primaryImageOfPage\":{\"@id\":\"https:\\\/\\\/rutana.lt\\\/produktas\\\/pele-kompiuteriui-beviele-pebble-m350-logitech\\\/#primaryimage\"},\"image\":{\"@id\":\"https:\\\/\\\/rutana.lt\\\/produktas\\\/pele-kompiuteriui-beviele-pebble-m350-logitech\\\/#primaryimage\"},\"thumbnailUrl\":\"https:\\\/\\\/rutana.lt\\\/wp-content\\\/uploads\\\/2025\\\/09\\\/B039-086-2.jpg?v=1763619540\",\"datePublished\":\"2025-09-03T07:22:33+00:00\",\"dateModified\":\"2025-10-13T13:41:33+00:00\",\"breadcrumb\":{\"@id\":\"https:\\\/\\\/rutana.lt\\\/produktas\\\/pele-kompiuteriui-beviele-pebble-m350-logitech\\\/#breadcrumb\"},\"inLanguage\":\"en-US\",\"potentialAction\":[{\"@type\":\"ReadAction\",\"target\":[\"https:\\\/\\\/rutana.lt\\\/produktas\\\/pele-kompiuteriui-beviele-pebble-m350-logitech\\\/\"]}]},{\"@type\":\"ImageObject\",\"inLanguage\":\"en-US\",\"@id\":\"https:\\\/\\\/rutana.lt\\\/produktas\\\/pele-kompiuteriui-beviele-pebble-m350-logitech\\\/#primaryimage\",\"url\":\"https:\\\/\\\/rutana.lt\\\/wp-content\\\/uploads\\\/2025\\\/09\\\/B039-086-2.jpg?v=1763619540\",\"contentUrl\":\"https:\\\/\\\/rutana.lt\\\/wp-content\\\/uploads\\\/2025\\\/09\\\/B039-086-2.jpg?v=1763619540\",\"width\":600,\"height\":600},{\"@type\":\"BreadcrumbList\",\"@id\":\"https:\\\/\\\/rutana.lt\\\/produktas\\\/pele-kompiuteriui-beviele-pebble-m350-logitech\\\/#breadcrumb\",\"itemListElement\":[{\"@type\":\"ListItem\",\"position\":1,\"name\":\"Home\",\"item\":\"https:\\\/\\\/rutana.lt\\\/\"},{\"@type\":\"ListItem\",\"position\":2,\"name\":\"Parduotuv\u0117\",\"item\":\"https:\\\/\\\/rutana.lt\\\/parduotuve\\\/\"},{\"@type\":\"ListItem\",\"position\":3,\"name\":\"Pel\u0117 kompiuteriui beviel\u0117 Pebble M350 Logitech\"}]},{\"@type\":\"WebSite\",\"@id\":\"https:\\\/\\\/rutana.lt\\\/#website\",\"url\":\"https:\\\/\\\/rutana.lt\\\/\",\"name\":\"Rutana - Ra\u0161tin\u0117s reikmenys\",\"description\":\"Prekiaujame pasaulin\u0117je rinkoje pripa\u017eintomis, kokybi\u0161komis biuro prek\u0117mis toki\u0173  gamintoj\u0173 kaip: Schneider, Esselte, Novus, 3M, Faber-Castell, Citizen, Milan, Leitz, Colop, Zebra, Staedtler, Durable, Tork, Parker, Waterman ir kt.\",\"publisher\":{\"@id\":\"https:\\\/\\\/rutana.lt\\\/#organization\"},\"potentialAction\":[{\"@type\":\"SearchAction\",\"target\":{\"@type\":\"EntryPoint\",\"urlTemplate\":\"https:\\\/\\\/rutana.lt\\\/?s={search_term_string}\"},\"query-input\":{\"@type\":\"PropertyValueSpecification\",\"valueRequired\":true,\"valueName\":\"search_term_string\"}}],\"inLanguage\":\"en-US\"},{\"@type\":\"Organization\",\"@id\":\"https:\\\/\\\/rutana.lt\\\/#organization\",\"name\":\"Rutana - Ra\u0161tin\u0117s reikmenys\",\"url\":\"https:\\\/\\\/rutana.lt\\\/\",\"logo\":{\"@type\":\"ImageObject\",\"inLanguage\":\"en-US\",\"@id\":\"https:\\\/\\\/rutana.lt\\\/#\\\/schema\\\/logo\\\/image\\\/\",\"url\":\"https:\\\/\\\/rutana.lt\\\/wp-content\\\/uploads\\\/2025\\\/10\\\/Asset-32.png\",\"contentUrl\":\"https:\\\/\\\/rutana.lt\\\/wp-content\\\/uploads\\\/2025\\\/10\\\/Asset-32.png\",\"width\":433,\"height\":119,\"caption\":\"Rutana - Ra\u0161tin\u0117s reikmenys\"},\"image\":{\"@id\":\"https:\\\/\\\/rutana.lt\\\/#\\\/schema\\\/logo\\\/image\\\/\"},\"sameAs\":[\"https:\\\/\\\/www.facebook.com\\\/RutanaKanceliarinesPrekes\\\/\"]}]}<\/script>\n<!-- \/ Yoast SEO plugin. -->","yoast_head_json":{"title":"Pel\u0117 kompiuteriui beviel\u0117 Pebble M350 Logitech - Rutana - Ra\u0161tin\u0117s reikmenys","robots":{"index":"index","follow":"follow","max-snippet":"max-snippet:-1","max-image-preview":"max-image-preview:large","max-video-preview":"max-video-preview:-1"},"canonical":"https:\/\/rutana.lt\/en\/product\/pele-kompiuteriui-beviele-pebble-m350-logitech\/","og_locale":"en_US","og_type":"article","og_title":"Pel\u0117 kompiuteriui beviel\u0117 Pebble M350 Logitech - Rutana - Ra\u0161tin\u0117s reikmenys","og_description":"\u0160iuolaiki\u0161ko dizaino, kompakti\u0161ka beviel\u0117 kompiuterio pel\u0117 u\u017etikrins malonias, ilgas darbo valandas prie kompiuterio. Pagaminta pagal \u0161iandieninius technikos reikalavimus. Nenutr\u016bkstamas ir pastovus ry\u0161ys iki 10 m atstumu. Ypatingai tylus mygtuk\u0173 ir ratuko veikimas suteikia galimyb\u0119 darbuotis bibliotekoje ar kavin\u0117je, netrukdant aplinkiniams. Du pajungimo b\u016bdai prie kompiuterio, plan\u0161et\u0117s ar ne\u0161iojamo kompiuterio: Bluetooth ry\u0161iu arba su mini USB [&hellip;]","og_url":"https:\/\/rutana.lt\/en\/product\/pele-kompiuteriui-beviele-pebble-m350-logitech\/","og_site_name":"Rutana - Ra\u0161tin\u0117s reikmenys","article_publisher":"https:\/\/www.facebook.com\/RutanaKanceliarinesPrekes\/","article_modified_time":"2025-10-13T13:41:33+00:00","og_image":[{"width":600,"height":600,"url":"https:\/\/rutana.lt\/wp-content\/uploads\/2025\/09\/B039-086.jpg","type":"image\/jpeg"}],"twitter_card":"summary_large_image","twitter_misc":{"Est. reading time":"1 minute"},"schema":{"@context":"https:\/\/schema.org","@graph":[{"@type":"WebPage","@id":"https:\/\/rutana.lt\/produktas\/pele-kompiuteriui-beviele-pebble-m350-logitech\/","url":"https:\/\/rutana.lt\/produktas\/pele-kompiuteriui-beviele-pebble-m350-logitech\/","name":"Pel\u0117 kompiuteriui beviel\u0117 Pebble M350 Logitech - Rutana - Ra\u0161tin\u0117s reikmenys","isPartOf":{"@id":"https:\/\/rutana.lt\/#website"},"primaryImageOfPage":{"@id":"https:\/\/rutana.lt\/produktas\/pele-kompiuteriui-beviele-pebble-m350-logitech\/#primaryimage"},"image":{"@id":"https:\/\/rutana.lt\/produktas\/pele-kompiuteriui-beviele-pebble-m350-logitech\/#primaryimage"},"thumbnailUrl":"https:\/\/rutana.lt\/wp-content\/uploads\/2025\/09\/B039-086-2.jpg?v=1763619540","datePublished":"2025-09-03T07:22:33+00:00","dateModified":"2025-10-13T13:41:33+00:00","breadcrumb":{"@id":"https:\/\/rutana.lt\/produktas\/pele-kompiuteriui-beviele-pebble-m350-logitech\/#breadcrumb"},"inLanguage":"en-US","potentialAction":[{"@type":"ReadAction","target":["https:\/\/rutana.lt\/produktas\/pele-kompiuteriui-beviele-pebble-m350-logitech\/"]}]},{"@type":"ImageObject","inLanguage":"en-US","@id":"https:\/\/rutana.lt\/produktas\/pele-kompiuteriui-beviele-pebble-m350-logitech\/#primaryimage","url":"https:\/\/rutana.lt\/wp-content\/uploads\/2025\/09\/B039-086-2.jpg?v=1763619540","contentUrl":"https:\/\/rutana.lt\/wp-content\/uploads\/2025\/09\/B039-086-2.jpg?v=1763619540","width":600,"height":600},{"@type":"BreadcrumbList","@id":"https:\/\/rutana.lt\/produktas\/pele-kompiuteriui-beviele-pebble-m350-logitech\/#breadcrumb","itemListElement":[{"@type":"ListItem","position":1,"name":"Home","item":"https:\/\/rutana.lt\/"},{"@type":"ListItem","position":2,"name":"Parduotuv\u0117","item":"https:\/\/rutana.lt\/parduotuve\/"},{"@type":"ListItem","position":3,"name":"Pel\u0117 kompiuteriui beviel\u0117 Pebble M350 Logitech"}]},{"@type":"WebSite","@id":"https:\/\/rutana.lt\/#website","url":"https:\/\/rutana.lt\/","name":"Rutana - Ra\u0161tin\u0117s reikmenys","description":"Prekiaujame pasaulin\u0117je rinkoje pripa\u017eintomis, kokybi\u0161komis biuro prek\u0117mis toki\u0173  gamintoj\u0173 kaip: Schneider, Esselte, Novus, 3M, Faber-Castell, Citizen, Milan, Leitz, Colop, Zebra, Staedtler, Durable, Tork, Parker, Waterman ir kt.","publisher":{"@id":"https:\/\/rutana.lt\/#organization"},"potentialAction":[{"@type":"SearchAction","target":{"@type":"EntryPoint","urlTemplate":"https:\/\/rutana.lt\/?s={search_term_string}"},"query-input":{"@type":"PropertyValueSpecification","valueRequired":true,"valueName":"search_term_string"}}],"inLanguage":"en-US"},{"@type":"Organization","@id":"https:\/\/rutana.lt\/#organization","name":"Rutana - Ra\u0161tin\u0117s reikmenys","url":"https:\/\/rutana.lt\/","logo":{"@type":"ImageObject","inLanguage":"en-US","@id":"https:\/\/rutana.lt\/#\/schema\/logo\/image\/","url":"https:\/\/rutana.lt\/wp-content\/uploads\/2025\/10\/Asset-32.png","contentUrl":"https:\/\/rutana.lt\/wp-content\/uploads\/2025\/10\/Asset-32.png","width":433,"height":119,"caption":"Rutana - Ra\u0161tin\u0117s reikmenys"},"image":{"@id":"https:\/\/rutana.lt\/#\/schema\/logo\/image\/"},"sameAs":["https:\/\/www.facebook.com\/RutanaKanceliarinesPrekes\/"]}]}},"_links":{"self":[{"href":"https:\/\/rutana.lt\/en\/wp-json\/wp\/v2\/product\/12373","targetHints":{"allow":["GET"]}}],"collection":[{"href":"https:\/\/rutana.lt\/en\/wp-json\/wp\/v2\/product"}],"about":[{"href":"https:\/\/rutana.lt\/en\/wp-json\/wp\/v2\/types\/product"}],"replies":[{"embeddable":true,"href":"https:\/\/rutana.lt\/en\/wp-json\/wp\/v2\/comments?post=12373"}],"version-history":[{"count":1,"href":"https:\/\/rutana.lt\/en\/wp-json\/wp\/v2\/product\/12373\/revisions"}],"predecessor-version":[{"id":12455,"href":"https:\/\/rutana.lt\/en\/wp-json\/wp\/v2\/product\/12373\/revisions\/12455"}],"wp:featuredmedia":[{"embeddable":true,"href":"https:\/\/rutana.lt\/en\/wp-json\/wp\/v2\/media\/27785"}],"wp:attachment":[{"href":"https:\/\/rutana.lt\/en\/wp-json\/wp\/v2\/media?parent=12373"}],"wp:term":[{"taxonomy":"product_brand","embeddable":true,"href":"https:\/\/rutana.lt\/en\/wp-json\/wp\/v2\/product_brand?post=12373"},{"taxonomy":"product_cat","embeddable":true,"href":"https:\/\/rutana.lt\/en\/wp-json\/wp\/v2\/product_cat?post=12373"},{"taxonomy":"product_tag","embeddable":true,"href":"https:\/\/rutana.lt\/en\/wp-json\/wp\/v2\/product_tag?post=12373"}],"curies":[{"name":"wp","href":"https:\/\/api.w.org\/{rel}","templated":true}]}}