{"id":12371,"date":"2025-09-03T09:22:33","date_gmt":"2025-09-03T07:22:33","guid":{"rendered":"https:\/\/rutana.webdemo.lt\/?post_type=product&#038;p=12371"},"modified":"2026-03-04T17:32:37","modified_gmt":"2026-03-04T15:32:37","slug":"lipdukai-klaviaturai-su-lietuviu-kalbos-raidemis-baltos-sp","status":"publish","type":"product","link":"https:\/\/rutana.lt\/en\/product\/lipdukai-klaviaturai-su-lietuviu-kalbos-raidemis-baltos-sp\/","title":{"rendered":"Lipdukai klaviat\u016brai su lietuvi\u0173 kalbos raid\u0117mis baltos sp."},"content":{"rendered":"<p>Lipdukai su lietuvi\u0173 kalbos raid\u0117mis, skirti klijuoti ant juodos spalvos kompiuterio klaviat\u016bros.<\/p>\n<p>Lietuvi\u0161k\u0173 raid\u017ei\u0173 spalva: balta<\/p>\n<p>&nbsp;<\/p>","protected":false},"excerpt":{"rendered":"<p>Lipdukai su lietuvi\u0173 kalbos raid\u0117mis, skirti klijuoti ant juodos spalvos kompiuterio klaviat\u016bros.<\/p>","protected":false},"featured_media":27783,"comment_status":"open","ping_status":"closed","template":"","meta":{"_season_start":"","_season_end":"","_season_days":"","_season_months":"","_season_auto_visibility":"1"},"product_brand":[83],"product_cat":[1709,1889],"product_tag":[],"class_list":{"0":"post-12371","1":"product","2":"type-product","3":"status-publish","4":"has-post-thumbnail","6":"product_brand-null","7":"product_cat-klaviaturos-ir-ju-priedai","8":"product_cat-lipnus-informaciniai-zenklai","10":"first","11":"instock","12":"taxable","13":"shipping-taxable","14":"purchasable","15":"product-type-simple"},"yoast_head":"<!-- This site is optimized with the Yoast SEO plugin v26.1.1 - https:\/\/yoast.com\/wordpress\/plugins\/seo\/ -->\n<title>Lipdukai klaviat\u016brai su lietuvi\u0173 kalbos raid\u0117mis baltos sp. - Rutana - Ra\u0161tin\u0117s reikmenys<\/title>\n<meta name=\"robots\" content=\"index, follow, max-snippet:-1, max-image-preview:large, max-video-preview:-1\" \/>\n<link rel=\"canonical\" href=\"https:\/\/rutana.lt\/en\/product\/lipdukai-klaviaturai-su-lietuviu-kalbos-raidemis-baltos-sp\/\" \/>\n<meta property=\"og:locale\" content=\"en_US\" \/>\n<meta property=\"og:type\" content=\"article\" \/>\n<meta property=\"og:title\" content=\"Lipdukai klaviat\u016brai su lietuvi\u0173 kalbos raid\u0117mis baltos sp. - Rutana - Ra\u0161tin\u0117s reikmenys\" \/>\n<meta property=\"og:description\" content=\"Lipdukai su lietuvi\u0173 kalbos raid\u0117mis, skirti klijuoti ant juodos spalvos kompiuterio klaviat\u016bros.\" \/>\n<meta property=\"og:url\" content=\"https:\/\/rutana.lt\/en\/product\/lipdukai-klaviaturai-su-lietuviu-kalbos-raidemis-baltos-sp\/\" \/>\n<meta property=\"og:site_name\" content=\"Rutana - Ra\u0161tin\u0117s reikmenys\" \/>\n<meta property=\"article:publisher\" content=\"https:\/\/www.facebook.com\/RutanaKanceliarinesPrekes\/\" \/>\n<meta property=\"article:modified_time\" content=\"2026-03-04T15:32:37+00:00\" \/>\n<meta property=\"og:image\" content=\"https:\/\/rutana.lt\/wp-content\/uploads\/2025\/09\/A113-704-1.jpg?v=1763619545\" \/>\n\t<meta property=\"og:image:width\" content=\"500\" \/>\n\t<meta property=\"og:image:height\" content=\"391\" \/>\n\t<meta property=\"og:image:type\" content=\"image\/jpeg\" \/>\n<meta name=\"twitter:card\" content=\"summary_large_image\" \/>\n<meta name=\"twitter:label1\" content=\"Est. reading time\" \/>\n\t<meta name=\"twitter:data1\" content=\"1 minute\" \/>\n<script type=\"application\/ld+json\" class=\"yoast-schema-graph\">{\"@context\":\"https:\/\/schema.org\",\"@graph\":[{\"@type\":\"WebPage\",\"@id\":\"https:\/\/rutana.lt\/produktas\/lipdukai-klaviaturai-su-lietuviu-kalbos-raidemis-baltos-sp\/\",\"url\":\"https:\/\/rutana.lt\/produktas\/lipdukai-klaviaturai-su-lietuviu-kalbos-raidemis-baltos-sp\/\",\"name\":\"Lipdukai klaviat\u016brai su lietuvi\u0173 kalbos raid\u0117mis baltos sp. - Rutana - Ra\u0161tin\u0117s reikmenys\",\"isPartOf\":{\"@id\":\"https:\/\/rutana.lt\/#website\"},\"primaryImageOfPage\":{\"@id\":\"https:\/\/rutana.lt\/produktas\/lipdukai-klaviaturai-su-lietuviu-kalbos-raidemis-baltos-sp\/#primaryimage\"},\"image\":{\"@id\":\"https:\/\/rutana.lt\/produktas\/lipdukai-klaviaturai-su-lietuviu-kalbos-raidemis-baltos-sp\/#primaryimage\"},\"thumbnailUrl\":\"https:\/\/rutana.lt\/wp-content\/uploads\/2025\/09\/A113-704-1.jpg?v=1763619545\",\"datePublished\":\"2025-09-03T07:22:33+00:00\",\"dateModified\":\"2026-03-04T15:32:37+00:00\",\"breadcrumb\":{\"@id\":\"https:\/\/rutana.lt\/produktas\/lipdukai-klaviaturai-su-lietuviu-kalbos-raidemis-baltos-sp\/#breadcrumb\"},\"inLanguage\":\"en-US\",\"potentialAction\":[{\"@type\":\"ReadAction\",\"target\":[\"https:\/\/rutana.lt\/produktas\/lipdukai-klaviaturai-su-lietuviu-kalbos-raidemis-baltos-sp\/\"]}]},{\"@type\":\"ImageObject\",\"inLanguage\":\"en-US\",\"@id\":\"https:\/\/rutana.lt\/produktas\/lipdukai-klaviaturai-su-lietuviu-kalbos-raidemis-baltos-sp\/#primaryimage\",\"url\":\"https:\/\/rutana.lt\/wp-content\/uploads\/2025\/09\/A113-704-1.jpg?v=1763619545\",\"contentUrl\":\"https:\/\/rutana.lt\/wp-content\/uploads\/2025\/09\/A113-704-1.jpg?v=1763619545\",\"width\":500,\"height\":391},{\"@type\":\"BreadcrumbList\",\"@id\":\"https:\/\/rutana.lt\/produktas\/lipdukai-klaviaturai-su-lietuviu-kalbos-raidemis-baltos-sp\/#breadcrumb\",\"itemListElement\":[{\"@type\":\"ListItem\",\"position\":1,\"name\":\"Home\",\"item\":\"https:\/\/rutana.lt\/\"},{\"@type\":\"ListItem\",\"position\":2,\"name\":\"Parduotuv\u0117\",\"item\":\"https:\/\/rutana.lt\/parduotuve\/\"},{\"@type\":\"ListItem\",\"position\":3,\"name\":\"Lipdukai klaviat\u016brai su lietuvi\u0173 kalbos raid\u0117mis baltos sp.\"}]},{\"@type\":\"WebSite\",\"@id\":\"https:\/\/rutana.lt\/#website\",\"url\":\"https:\/\/rutana.lt\/\",\"name\":\"Rutana - Ra\u0161tin\u0117s reikmenys\",\"description\":\"Prekiaujame pasaulin\u0117je rinkoje pripa\u017eintomis, kokybi\u0161komis biuro prek\u0117mis toki\u0173  gamintoj\u0173 kaip: Schneider, Esselte, Novus, 3M, Faber-Castell, Citizen, Milan, Leitz, Colop, Zebra, Staedtler, Durable, Tork, Parker, Waterman ir kt.\",\"publisher\":{\"@id\":\"https:\/\/rutana.lt\/#organization\"},\"potentialAction\":[{\"@type\":\"SearchAction\",\"target\":{\"@type\":\"EntryPoint\",\"urlTemplate\":\"https:\/\/rutana.lt\/?s={search_term_string}\"},\"query-input\":{\"@type\":\"PropertyValueSpecification\",\"valueRequired\":true,\"valueName\":\"search_term_string\"}}],\"inLanguage\":\"en-US\"},{\"@type\":\"Organization\",\"@id\":\"https:\/\/rutana.lt\/#organization\",\"name\":\"Rutana - Ra\u0161tin\u0117s reikmenys\",\"url\":\"https:\/\/rutana.lt\/\",\"logo\":{\"@type\":\"ImageObject\",\"inLanguage\":\"en-US\",\"@id\":\"https:\/\/rutana.lt\/#\/schema\/logo\/image\/\",\"url\":\"https:\/\/rutana.lt\/wp-content\/uploads\/2025\/10\/Asset-32.png\",\"contentUrl\":\"https:\/\/rutana.lt\/wp-content\/uploads\/2025\/10\/Asset-32.png\",\"width\":433,\"height\":119,\"caption\":\"Rutana - Ra\u0161tin\u0117s reikmenys\"},\"image\":{\"@id\":\"https:\/\/rutana.lt\/#\/schema\/logo\/image\/\"},\"sameAs\":[\"https:\/\/www.facebook.com\/RutanaKanceliarinesPrekes\/\"]}]}<\/script>\n<!-- \/ Yoast SEO plugin. -->","yoast_head_json":{"title":"Lipdukai klaviat\u016brai su lietuvi\u0173 kalbos raid\u0117mis baltos sp. - Rutana - Ra\u0161tin\u0117s reikmenys","robots":{"index":"index","follow":"follow","max-snippet":"max-snippet:-1","max-image-preview":"max-image-preview:large","max-video-preview":"max-video-preview:-1"},"canonical":"https:\/\/rutana.lt\/en\/product\/lipdukai-klaviaturai-su-lietuviu-kalbos-raidemis-baltos-sp\/","og_locale":"en_US","og_type":"article","og_title":"Lipdukai klaviat\u016brai su lietuvi\u0173 kalbos raid\u0117mis baltos sp. - Rutana - Ra\u0161tin\u0117s reikmenys","og_description":"Lipdukai su lietuvi\u0173 kalbos raid\u0117mis, skirti klijuoti ant juodos spalvos kompiuterio klaviat\u016bros.","og_url":"https:\/\/rutana.lt\/en\/product\/lipdukai-klaviaturai-su-lietuviu-kalbos-raidemis-baltos-sp\/","og_site_name":"Rutana - Ra\u0161tin\u0117s reikmenys","article_publisher":"https:\/\/www.facebook.com\/RutanaKanceliarinesPrekes\/","article_modified_time":"2026-03-04T15:32:37+00:00","og_image":[{"width":500,"height":391,"url":"https:\/\/rutana.lt\/wp-content\/uploads\/2025\/09\/A113-704-1.jpg?v=1763619545","type":"image\/jpeg"}],"twitter_card":"summary_large_image","twitter_misc":{"Est. reading time":"1 minute"},"schema":{"@context":"https:\/\/schema.org","@graph":[{"@type":"WebPage","@id":"https:\/\/rutana.lt\/produktas\/lipdukai-klaviaturai-su-lietuviu-kalbos-raidemis-baltos-sp\/","url":"https:\/\/rutana.lt\/produktas\/lipdukai-klaviaturai-su-lietuviu-kalbos-raidemis-baltos-sp\/","name":"Lipdukai klaviat\u016brai su lietuvi\u0173 kalbos raid\u0117mis baltos sp. - Rutana - Ra\u0161tin\u0117s reikmenys","isPartOf":{"@id":"https:\/\/rutana.lt\/#website"},"primaryImageOfPage":{"@id":"https:\/\/rutana.lt\/produktas\/lipdukai-klaviaturai-su-lietuviu-kalbos-raidemis-baltos-sp\/#primaryimage"},"image":{"@id":"https:\/\/rutana.lt\/produktas\/lipdukai-klaviaturai-su-lietuviu-kalbos-raidemis-baltos-sp\/#primaryimage"},"thumbnailUrl":"https:\/\/rutana.lt\/wp-content\/uploads\/2025\/09\/A113-704-1.jpg?v=1763619545","datePublished":"2025-09-03T07:22:33+00:00","dateModified":"2026-03-04T15:32:37+00:00","breadcrumb":{"@id":"https:\/\/rutana.lt\/produktas\/lipdukai-klaviaturai-su-lietuviu-kalbos-raidemis-baltos-sp\/#breadcrumb"},"inLanguage":"en-US","potentialAction":[{"@type":"ReadAction","target":["https:\/\/rutana.lt\/produktas\/lipdukai-klaviaturai-su-lietuviu-kalbos-raidemis-baltos-sp\/"]}]},{"@type":"ImageObject","inLanguage":"en-US","@id":"https:\/\/rutana.lt\/produktas\/lipdukai-klaviaturai-su-lietuviu-kalbos-raidemis-baltos-sp\/#primaryimage","url":"https:\/\/rutana.lt\/wp-content\/uploads\/2025\/09\/A113-704-1.jpg?v=1763619545","contentUrl":"https:\/\/rutana.lt\/wp-content\/uploads\/2025\/09\/A113-704-1.jpg?v=1763619545","width":500,"height":391},{"@type":"BreadcrumbList","@id":"https:\/\/rutana.lt\/produktas\/lipdukai-klaviaturai-su-lietuviu-kalbos-raidemis-baltos-sp\/#breadcrumb","itemListElement":[{"@type":"ListItem","position":1,"name":"Home","item":"https:\/\/rutana.lt\/"},{"@type":"ListItem","position":2,"name":"Parduotuv\u0117","item":"https:\/\/rutana.lt\/parduotuve\/"},{"@type":"ListItem","position":3,"name":"Lipdukai klaviat\u016brai su lietuvi\u0173 kalbos raid\u0117mis baltos sp."}]},{"@type":"WebSite","@id":"https:\/\/rutana.lt\/#website","url":"https:\/\/rutana.lt\/","name":"Rutana - Ra\u0161tin\u0117s reikmenys","description":"Prekiaujame pasaulin\u0117je rinkoje pripa\u017eintomis, kokybi\u0161komis biuro prek\u0117mis toki\u0173  gamintoj\u0173 kaip: Schneider, Esselte, Novus, 3M, Faber-Castell, Citizen, Milan, Leitz, Colop, Zebra, Staedtler, Durable, Tork, Parker, Waterman ir kt.","publisher":{"@id":"https:\/\/rutana.lt\/#organization"},"potentialAction":[{"@type":"SearchAction","target":{"@type":"EntryPoint","urlTemplate":"https:\/\/rutana.lt\/?s={search_term_string}"},"query-input":{"@type":"PropertyValueSpecification","valueRequired":true,"valueName":"search_term_string"}}],"inLanguage":"en-US"},{"@type":"Organization","@id":"https:\/\/rutana.lt\/#organization","name":"Rutana - Ra\u0161tin\u0117s reikmenys","url":"https:\/\/rutana.lt\/","logo":{"@type":"ImageObject","inLanguage":"en-US","@id":"https:\/\/rutana.lt\/#\/schema\/logo\/image\/","url":"https:\/\/rutana.lt\/wp-content\/uploads\/2025\/10\/Asset-32.png","contentUrl":"https:\/\/rutana.lt\/wp-content\/uploads\/2025\/10\/Asset-32.png","width":433,"height":119,"caption":"Rutana - Ra\u0161tin\u0117s reikmenys"},"image":{"@id":"https:\/\/rutana.lt\/#\/schema\/logo\/image\/"},"sameAs":["https:\/\/www.facebook.com\/RutanaKanceliarinesPrekes\/"]}]}},"_links":{"self":[{"href":"https:\/\/rutana.lt\/en\/wp-json\/wp\/v2\/product\/12371","targetHints":{"allow":["GET"]}}],"collection":[{"href":"https:\/\/rutana.lt\/en\/wp-json\/wp\/v2\/product"}],"about":[{"href":"https:\/\/rutana.lt\/en\/wp-json\/wp\/v2\/types\/product"}],"replies":[{"embeddable":true,"href":"https:\/\/rutana.lt\/en\/wp-json\/wp\/v2\/comments?post=12371"}],"version-history":[{"count":3,"href":"https:\/\/rutana.lt\/en\/wp-json\/wp\/v2\/product\/12371\/revisions"}],"predecessor-version":[{"id":35300,"href":"https:\/\/rutana.lt\/en\/wp-json\/wp\/v2\/product\/12371\/revisions\/35300"}],"wp:featuredmedia":[{"embeddable":true,"href":"https:\/\/rutana.lt\/en\/wp-json\/wp\/v2\/media\/27783"}],"wp:attachment":[{"href":"https:\/\/rutana.lt\/en\/wp-json\/wp\/v2\/media?parent=12371"}],"wp:term":[{"taxonomy":"product_brand","embeddable":true,"href":"https:\/\/rutana.lt\/en\/wp-json\/wp\/v2\/product_brand?post=12371"},{"taxonomy":"product_cat","embeddable":true,"href":"https:\/\/rutana.lt\/en\/wp-json\/wp\/v2\/product_cat?post=12371"},{"taxonomy":"product_tag","embeddable":true,"href":"https:\/\/rutana.lt\/en\/wp-json\/wp\/v2\/product_tag?post=12371"}],"curies":[{"name":"wp","href":"https:\/\/api.w.org\/{rel}","templated":true}]}}