{"id":12310,"date":"2025-09-03T09:22:09","date_gmt":"2025-09-03T07:22:09","guid":{"rendered":"https:\/\/rutana.webdemo.lt\/?post_type=product&#038;p=12310"},"modified":"2025-10-13T15:41:26","modified_gmt":"2025-10-13T13:41:26","slug":"nesiojamo-kompiuterio-krepsys-cocco-15-6-raudonas-bombata-e00661-5","status":"publish","type":"product","link":"https:\/\/rutana.lt\/en\/product\/nesiojamo-kompiuterio-krepsys-cocco-15-6-raudonas-bombata-e00661-5\/","title":{"rendered":"Ne\u0161iojamo kompiuterio krep\u0161ys Cocco 15.6&#8242; raudonas Bombata E00661-5"},"content":{"rendered":"<p>Itali\u0161ko dizaino, madingas unisex tipo kompiuterio krep\u0161ys. Krep\u0161ys turi du tvirtus dir\u017eus kompiuterio iki 15.6&#8243; sutvirtinimui, 3 skyrius dokumentams, u\u017etrauktuku u\u017esegam\u0105 vidin\u0119 ki\u0161en\u0119, papildomos ki\u0161en\u0117s ra\u0161ikliams ir kitokiems smulkiems daiktams, reguliuojam\u0105 bei nuimam\u0105 peties dir\u017e\u0105 ir prid\u0117tas mai\u0161elis nuo dulki\u0173. Krep\u0161ys pagamintas i\u0161 vinilo su krokodilo odos imitacija, silikonin\u0117s rankenos.<\/p>\n<p style=\"margin-bottom: 10px;\"><span style=\"text-align: justify;\">Spalva: raudona<\/span><\/p>\n<p style=\"margin-bottom: 10px;\"><span style=\"text-align: justify;\">Med\u017eiaga: vinilas<\/span><\/p>\n<p style=\"margin-bottom: 10px;\">I\u0161oriniai matmenys: 420 x 380 x 80 mm<\/p>\n<p style=\"margin-bottom: 10px;\">Svoris: 783 g<\/p>\n<p style=\"margin-bottom: 10px;\"><span style=\"text-align: justify;\">Tinka ne\u0161iojamam kompiuteriui: iki 15.6&#8243;<\/span><\/p>\n<p style=\"margin-bottom: 10px;\"><span style=\"text-align: justify;\">Kilm\u0117s \u0161alis: Italija<br \/><\/span><\/p>\n<p style=\"margin-bottom: 10px;\"><span style=\"text-align: justify;\"><br \/><\/span><\/p>\n<p style=\"margin-bottom: 10px;\"><\/p>","protected":false},"excerpt":{"rendered":"<p>Itali\u0161ko dizaino, madingas unisex tipo kompiuterio krep\u0161ys. Krep\u0161ys turi du tvirtus dir\u017eus kompiuterio iki 15.6&#8243; sutvirtinimui, 3 skyrius dokumentams, u\u017etrauktuku u\u017esegam\u0105 vidin\u0119 ki\u0161en\u0119, papildomos ki\u0161en\u0117s ra\u0161ikliams ir kitokiems smulkiems daiktams, reguliuojam\u0105 bei nuimam\u0105 peties dir\u017e\u0105 ir prid\u0117tas mai\u0161elis nuo dulki\u0173. Krep\u0161ys pagamintas i\u0161 vinilo su krokodilo odos imitacija, silikonin\u0117s rankenos. Spalva: raudona Med\u017eiaga: vinilas I\u0161oriniai [&hellip;]<\/p>","protected":false},"featured_media":27766,"comment_status":"open","ping_status":"closed","template":"","meta":{"_season_start":"","_season_end":"","_season_days":"","_season_months":"","_season_auto_visibility":""},"product_brand":[653],"product_cat":[1646,1645],"product_tag":[],"class_list":{"0":"post-12310","1":"product","2":"type-product","3":"status-publish","4":"has-post-thumbnail","6":"product_brand-bombata","7":"product_cat-deklai-ir-kuprines-nesiojamiems-kompiuteriams","8":"product_cat-krepsiai","10":"first","11":"instock","12":"taxable","13":"shipping-taxable","14":"purchasable","15":"product-type-simple"},"yoast_head":"<!-- This site is optimized with the Yoast SEO plugin v27.4 - https:\/\/yoast.com\/product\/yoast-seo-wordpress\/ -->\n<title>Ne\u0161iojamo kompiuterio krep\u0161ys Cocco 15.6&#039; raudonas Bombata E00661-5 - Rutana - Ra\u0161tin\u0117s reikmenys<\/title>\n<meta name=\"robots\" content=\"index, follow, max-snippet:-1, max-image-preview:large, max-video-preview:-1\" \/>\n<link rel=\"canonical\" href=\"https:\/\/rutana.lt\/en\/product\/nesiojamo-kompiuterio-krepsys-cocco-15-6-raudonas-bombata-e00661-5\/\" \/>\n<meta property=\"og:locale\" content=\"en_US\" \/>\n<meta property=\"og:type\" content=\"article\" \/>\n<meta property=\"og:title\" content=\"Ne\u0161iojamo kompiuterio krep\u0161ys Cocco 15.6&#039; raudonas Bombata E00661-5 - Rutana - Ra\u0161tin\u0117s reikmenys\" \/>\n<meta property=\"og:description\" content=\"Itali\u0161ko dizaino, madingas unisex tipo kompiuterio krep\u0161ys. Krep\u0161ys turi du tvirtus dir\u017eus kompiuterio iki 15.6&#8243; sutvirtinimui, 3 skyrius dokumentams, u\u017etrauktuku u\u017esegam\u0105 vidin\u0119 ki\u0161en\u0119, papildomos ki\u0161en\u0117s ra\u0161ikliams ir kitokiems smulkiems daiktams, reguliuojam\u0105 bei nuimam\u0105 peties dir\u017e\u0105 ir prid\u0117tas mai\u0161elis nuo dulki\u0173. Krep\u0161ys pagamintas i\u0161 vinilo su krokodilo odos imitacija, silikonin\u0117s rankenos. Spalva: raudona Med\u017eiaga: vinilas I\u0161oriniai [&hellip;]\" \/>\n<meta property=\"og:url\" content=\"https:\/\/rutana.lt\/en\/product\/nesiojamo-kompiuterio-krepsys-cocco-15-6-raudonas-bombata-e00661-5\/\" \/>\n<meta property=\"og:site_name\" content=\"Rutana - Ra\u0161tin\u0117s reikmenys\" \/>\n<meta property=\"article:publisher\" content=\"https:\/\/www.facebook.com\/RutanaKanceliarinesPrekes\/\" \/>\n<meta property=\"article:modified_time\" content=\"2025-10-13T13:41:26+00:00\" \/>\n<meta property=\"og:image\" content=\"https:\/\/rutana.lt\/wp-content\/uploads\/2025\/09\/B040-060.jpg\" \/>\n\t<meta property=\"og:image:width\" content=\"600\" \/>\n\t<meta property=\"og:image:height\" content=\"548\" \/>\n\t<meta property=\"og:image:type\" content=\"image\/jpeg\" \/>\n<meta name=\"twitter:card\" content=\"summary_large_image\" \/>\n<script type=\"application\/ld+json\" class=\"yoast-schema-graph\">{\"@context\":\"https:\\\/\\\/schema.org\",\"@graph\":[{\"@type\":\"WebPage\",\"@id\":\"https:\\\/\\\/rutana.lt\\\/produktas\\\/nesiojamo-kompiuterio-krepsys-cocco-15-6-raudonas-bombata-e00661-5\\\/\",\"url\":\"https:\\\/\\\/rutana.lt\\\/produktas\\\/nesiojamo-kompiuterio-krepsys-cocco-15-6-raudonas-bombata-e00661-5\\\/\",\"name\":\"Ne\u0161iojamo kompiuterio krep\u0161ys Cocco 15.6' raudonas Bombata E00661-5 - Rutana - Ra\u0161tin\u0117s reikmenys\",\"isPartOf\":{\"@id\":\"https:\\\/\\\/rutana.lt\\\/#website\"},\"primaryImageOfPage\":{\"@id\":\"https:\\\/\\\/rutana.lt\\\/produktas\\\/nesiojamo-kompiuterio-krepsys-cocco-15-6-raudonas-bombata-e00661-5\\\/#primaryimage\"},\"image\":{\"@id\":\"https:\\\/\\\/rutana.lt\\\/produktas\\\/nesiojamo-kompiuterio-krepsys-cocco-15-6-raudonas-bombata-e00661-5\\\/#primaryimage\"},\"thumbnailUrl\":\"https:\\\/\\\/rutana.lt\\\/wp-content\\\/uploads\\\/2025\\\/09\\\/B040-060-1.jpg?v=1763619562\",\"datePublished\":\"2025-09-03T07:22:09+00:00\",\"dateModified\":\"2025-10-13T13:41:26+00:00\",\"breadcrumb\":{\"@id\":\"https:\\\/\\\/rutana.lt\\\/produktas\\\/nesiojamo-kompiuterio-krepsys-cocco-15-6-raudonas-bombata-e00661-5\\\/#breadcrumb\"},\"inLanguage\":\"en-US\",\"potentialAction\":[{\"@type\":\"ReadAction\",\"target\":[\"https:\\\/\\\/rutana.lt\\\/produktas\\\/nesiojamo-kompiuterio-krepsys-cocco-15-6-raudonas-bombata-e00661-5\\\/\"]}]},{\"@type\":\"ImageObject\",\"inLanguage\":\"en-US\",\"@id\":\"https:\\\/\\\/rutana.lt\\\/produktas\\\/nesiojamo-kompiuterio-krepsys-cocco-15-6-raudonas-bombata-e00661-5\\\/#primaryimage\",\"url\":\"https:\\\/\\\/rutana.lt\\\/wp-content\\\/uploads\\\/2025\\\/09\\\/B040-060-1.jpg?v=1763619562\",\"contentUrl\":\"https:\\\/\\\/rutana.lt\\\/wp-content\\\/uploads\\\/2025\\\/09\\\/B040-060-1.jpg?v=1763619562\",\"width\":600,\"height\":548},{\"@type\":\"BreadcrumbList\",\"@id\":\"https:\\\/\\\/rutana.lt\\\/produktas\\\/nesiojamo-kompiuterio-krepsys-cocco-15-6-raudonas-bombata-e00661-5\\\/#breadcrumb\",\"itemListElement\":[{\"@type\":\"ListItem\",\"position\":1,\"name\":\"Home\",\"item\":\"https:\\\/\\\/rutana.lt\\\/\"},{\"@type\":\"ListItem\",\"position\":2,\"name\":\"Parduotuv\u0117\",\"item\":\"https:\\\/\\\/rutana.lt\\\/parduotuve\\\/\"},{\"@type\":\"ListItem\",\"position\":3,\"name\":\"Ne\u0161iojamo kompiuterio krep\u0161ys Cocco 15.6&#8242; raudonas Bombata E00661-5\"}]},{\"@type\":\"WebSite\",\"@id\":\"https:\\\/\\\/rutana.lt\\\/#website\",\"url\":\"https:\\\/\\\/rutana.lt\\\/\",\"name\":\"Rutana - Ra\u0161tin\u0117s reikmenys\",\"description\":\"Prekiaujame pasaulin\u0117je rinkoje pripa\u017eintomis, kokybi\u0161komis biuro prek\u0117mis toki\u0173  gamintoj\u0173 kaip: Schneider, Esselte, Novus, 3M, Faber-Castell, Citizen, Milan, Leitz, Colop, Zebra, Staedtler, Durable, Tork, Parker, Waterman ir kt.\",\"publisher\":{\"@id\":\"https:\\\/\\\/rutana.lt\\\/#organization\"},\"potentialAction\":[{\"@type\":\"SearchAction\",\"target\":{\"@type\":\"EntryPoint\",\"urlTemplate\":\"https:\\\/\\\/rutana.lt\\\/?s={search_term_string}\"},\"query-input\":{\"@type\":\"PropertyValueSpecification\",\"valueRequired\":true,\"valueName\":\"search_term_string\"}}],\"inLanguage\":\"en-US\"},{\"@type\":\"Organization\",\"@id\":\"https:\\\/\\\/rutana.lt\\\/#organization\",\"name\":\"Rutana - Ra\u0161tin\u0117s reikmenys\",\"url\":\"https:\\\/\\\/rutana.lt\\\/\",\"logo\":{\"@type\":\"ImageObject\",\"inLanguage\":\"en-US\",\"@id\":\"https:\\\/\\\/rutana.lt\\\/#\\\/schema\\\/logo\\\/image\\\/\",\"url\":\"https:\\\/\\\/rutana.lt\\\/wp-content\\\/uploads\\\/2025\\\/10\\\/Asset-32.png\",\"contentUrl\":\"https:\\\/\\\/rutana.lt\\\/wp-content\\\/uploads\\\/2025\\\/10\\\/Asset-32.png\",\"width\":433,\"height\":119,\"caption\":\"Rutana - Ra\u0161tin\u0117s reikmenys\"},\"image\":{\"@id\":\"https:\\\/\\\/rutana.lt\\\/#\\\/schema\\\/logo\\\/image\\\/\"},\"sameAs\":[\"https:\\\/\\\/www.facebook.com\\\/RutanaKanceliarinesPrekes\\\/\"]}]}<\/script>\n<!-- \/ Yoast SEO plugin. -->","yoast_head_json":{"title":"Ne\u0161iojamo kompiuterio krep\u0161ys Cocco 15.6' raudonas Bombata E00661-5 - Rutana - Ra\u0161tin\u0117s reikmenys","robots":{"index":"index","follow":"follow","max-snippet":"max-snippet:-1","max-image-preview":"max-image-preview:large","max-video-preview":"max-video-preview:-1"},"canonical":"https:\/\/rutana.lt\/en\/product\/nesiojamo-kompiuterio-krepsys-cocco-15-6-raudonas-bombata-e00661-5\/","og_locale":"en_US","og_type":"article","og_title":"Ne\u0161iojamo kompiuterio krep\u0161ys Cocco 15.6' raudonas Bombata E00661-5 - Rutana - Ra\u0161tin\u0117s reikmenys","og_description":"Itali\u0161ko dizaino, madingas unisex tipo kompiuterio krep\u0161ys. Krep\u0161ys turi du tvirtus dir\u017eus kompiuterio iki 15.6&#8243; sutvirtinimui, 3 skyrius dokumentams, u\u017etrauktuku u\u017esegam\u0105 vidin\u0119 ki\u0161en\u0119, papildomos ki\u0161en\u0117s ra\u0161ikliams ir kitokiems smulkiems daiktams, reguliuojam\u0105 bei nuimam\u0105 peties dir\u017e\u0105 ir prid\u0117tas mai\u0161elis nuo dulki\u0173. Krep\u0161ys pagamintas i\u0161 vinilo su krokodilo odos imitacija, silikonin\u0117s rankenos. Spalva: raudona Med\u017eiaga: vinilas I\u0161oriniai [&hellip;]","og_url":"https:\/\/rutana.lt\/en\/product\/nesiojamo-kompiuterio-krepsys-cocco-15-6-raudonas-bombata-e00661-5\/","og_site_name":"Rutana - Ra\u0161tin\u0117s reikmenys","article_publisher":"https:\/\/www.facebook.com\/RutanaKanceliarinesPrekes\/","article_modified_time":"2025-10-13T13:41:26+00:00","og_image":[{"width":600,"height":548,"url":"https:\/\/rutana.lt\/wp-content\/uploads\/2025\/09\/B040-060.jpg","type":"image\/jpeg"}],"twitter_card":"summary_large_image","schema":{"@context":"https:\/\/schema.org","@graph":[{"@type":"WebPage","@id":"https:\/\/rutana.lt\/produktas\/nesiojamo-kompiuterio-krepsys-cocco-15-6-raudonas-bombata-e00661-5\/","url":"https:\/\/rutana.lt\/produktas\/nesiojamo-kompiuterio-krepsys-cocco-15-6-raudonas-bombata-e00661-5\/","name":"Ne\u0161iojamo kompiuterio krep\u0161ys Cocco 15.6' raudonas Bombata E00661-5 - Rutana - Ra\u0161tin\u0117s reikmenys","isPartOf":{"@id":"https:\/\/rutana.lt\/#website"},"primaryImageOfPage":{"@id":"https:\/\/rutana.lt\/produktas\/nesiojamo-kompiuterio-krepsys-cocco-15-6-raudonas-bombata-e00661-5\/#primaryimage"},"image":{"@id":"https:\/\/rutana.lt\/produktas\/nesiojamo-kompiuterio-krepsys-cocco-15-6-raudonas-bombata-e00661-5\/#primaryimage"},"thumbnailUrl":"https:\/\/rutana.lt\/wp-content\/uploads\/2025\/09\/B040-060-1.jpg?v=1763619562","datePublished":"2025-09-03T07:22:09+00:00","dateModified":"2025-10-13T13:41:26+00:00","breadcrumb":{"@id":"https:\/\/rutana.lt\/produktas\/nesiojamo-kompiuterio-krepsys-cocco-15-6-raudonas-bombata-e00661-5\/#breadcrumb"},"inLanguage":"en-US","potentialAction":[{"@type":"ReadAction","target":["https:\/\/rutana.lt\/produktas\/nesiojamo-kompiuterio-krepsys-cocco-15-6-raudonas-bombata-e00661-5\/"]}]},{"@type":"ImageObject","inLanguage":"en-US","@id":"https:\/\/rutana.lt\/produktas\/nesiojamo-kompiuterio-krepsys-cocco-15-6-raudonas-bombata-e00661-5\/#primaryimage","url":"https:\/\/rutana.lt\/wp-content\/uploads\/2025\/09\/B040-060-1.jpg?v=1763619562","contentUrl":"https:\/\/rutana.lt\/wp-content\/uploads\/2025\/09\/B040-060-1.jpg?v=1763619562","width":600,"height":548},{"@type":"BreadcrumbList","@id":"https:\/\/rutana.lt\/produktas\/nesiojamo-kompiuterio-krepsys-cocco-15-6-raudonas-bombata-e00661-5\/#breadcrumb","itemListElement":[{"@type":"ListItem","position":1,"name":"Home","item":"https:\/\/rutana.lt\/"},{"@type":"ListItem","position":2,"name":"Parduotuv\u0117","item":"https:\/\/rutana.lt\/parduotuve\/"},{"@type":"ListItem","position":3,"name":"Ne\u0161iojamo kompiuterio krep\u0161ys Cocco 15.6&#8242; raudonas Bombata E00661-5"}]},{"@type":"WebSite","@id":"https:\/\/rutana.lt\/#website","url":"https:\/\/rutana.lt\/","name":"Rutana - Ra\u0161tin\u0117s reikmenys","description":"Prekiaujame pasaulin\u0117je rinkoje pripa\u017eintomis, kokybi\u0161komis biuro prek\u0117mis toki\u0173  gamintoj\u0173 kaip: Schneider, Esselte, Novus, 3M, Faber-Castell, Citizen, Milan, Leitz, Colop, Zebra, Staedtler, Durable, Tork, Parker, Waterman ir kt.","publisher":{"@id":"https:\/\/rutana.lt\/#organization"},"potentialAction":[{"@type":"SearchAction","target":{"@type":"EntryPoint","urlTemplate":"https:\/\/rutana.lt\/?s={search_term_string}"},"query-input":{"@type":"PropertyValueSpecification","valueRequired":true,"valueName":"search_term_string"}}],"inLanguage":"en-US"},{"@type":"Organization","@id":"https:\/\/rutana.lt\/#organization","name":"Rutana - Ra\u0161tin\u0117s reikmenys","url":"https:\/\/rutana.lt\/","logo":{"@type":"ImageObject","inLanguage":"en-US","@id":"https:\/\/rutana.lt\/#\/schema\/logo\/image\/","url":"https:\/\/rutana.lt\/wp-content\/uploads\/2025\/10\/Asset-32.png","contentUrl":"https:\/\/rutana.lt\/wp-content\/uploads\/2025\/10\/Asset-32.png","width":433,"height":119,"caption":"Rutana - Ra\u0161tin\u0117s reikmenys"},"image":{"@id":"https:\/\/rutana.lt\/#\/schema\/logo\/image\/"},"sameAs":["https:\/\/www.facebook.com\/RutanaKanceliarinesPrekes\/"]}]}},"_links":{"self":[{"href":"https:\/\/rutana.lt\/en\/wp-json\/wp\/v2\/product\/12310","targetHints":{"allow":["GET"]}}],"collection":[{"href":"https:\/\/rutana.lt\/en\/wp-json\/wp\/v2\/product"}],"about":[{"href":"https:\/\/rutana.lt\/en\/wp-json\/wp\/v2\/types\/product"}],"replies":[{"embeddable":true,"href":"https:\/\/rutana.lt\/en\/wp-json\/wp\/v2\/comments?post=12310"}],"version-history":[{"count":1,"href":"https:\/\/rutana.lt\/en\/wp-json\/wp\/v2\/product\/12310\/revisions"}],"predecessor-version":[{"id":12391,"href":"https:\/\/rutana.lt\/en\/wp-json\/wp\/v2\/product\/12310\/revisions\/12391"}],"wp:featuredmedia":[{"embeddable":true,"href":"https:\/\/rutana.lt\/en\/wp-json\/wp\/v2\/media\/27766"}],"wp:attachment":[{"href":"https:\/\/rutana.lt\/en\/wp-json\/wp\/v2\/media?parent=12310"}],"wp:term":[{"taxonomy":"product_brand","embeddable":true,"href":"https:\/\/rutana.lt\/en\/wp-json\/wp\/v2\/product_brand?post=12310"},{"taxonomy":"product_cat","embeddable":true,"href":"https:\/\/rutana.lt\/en\/wp-json\/wp\/v2\/product_cat?post=12310"},{"taxonomy":"product_tag","embeddable":true,"href":"https:\/\/rutana.lt\/en\/wp-json\/wp\/v2\/product_tag?post=12310"}],"curies":[{"name":"wp","href":"https:\/\/api.w.org\/{rel}","templated":true}]}}