{"id":12308,"date":"2025-09-03T09:22:09","date_gmt":"2025-09-03T07:22:09","guid":{"rendered":"https:\/\/rutana.webdemo.lt\/?post_type=product&#038;p=12308"},"modified":"2025-10-13T15:41:25","modified_gmt":"2025-10-13T13:41:25","slug":"parfumuotos-zvakes-ir-namu-kvapo-rinkinys-fantasy-aromatic-89","status":"publish","type":"product","link":"https:\/\/rutana.lt\/en\/product\/parfumuotos-zvakes-ir-namu-kvapo-rinkinys-fantasy-aromatic-89\/","title":{"rendered":"Parfumuotos \u017evak\u0117s ir nam\u0173 kvapo rinkinys &#8222;Fantasy&#8221; Aromatic 89"},"content":{"rendered":"<p>Prabangios \u017evak\u0117s yra sukurtos rank\u0173 darbo, naudojant parfumuotus kvapus, kurie ypa\u010d aktyviai skleid\u017eiasi \u017evak\u0117s deginimo metu. Kristalo efektas ant \u017evak\u0117s suteikia ekskliuzyvin\u0119 i\u0161vaizd\u0105 ir gali b\u016bti naudojama kaip interjero detal\u0117. \u017dvak\u0117 pagaminta i\u0161 nat\u016bralaus palmi\u0173 va\u0161ko.<\/p>\n<p>Kvapas su lazdel\u0117mis: namams, biurui ar kitoms patalpoms. Ypa\u010d efektyvus ir intensyvus patalp\u0173 kv\u0117pinimo sprendimas. Kvapas pasklinda grei\u010diau ir efektyviau apvertus lazdeles, v\u0117dinamoje, \u0161iltoje ir sausoje patalpoje. Naudojant visas 6 lazdeles, galima i\u0161kv\u0117pinti patalp\u0105 net iki 70 m\u00b2, o kvapo pakaks net iki 90 dien\u0173. Rekomenduojame lazdeles vartyti 1-2 kartus per savait\u0119. Sukurta naudojant ekologi\u0161k\u0105 baz\u0119, kvapuose n\u0117ra spirito ar alkoholio, pagamintas aliejiniu pagrindu, prailginto veikimo. Nat\u016bralios juodos ratano med\u017eio lazdel\u0117s 25mm ilgio ir 3mm plo\u010dio. <\/p>\n<p>Parfumuot\u0173 produkt\u0173 rinkinys kasdieniniam nam\u0173 jaukumui. Supakuota prabangioje juodos spalvos popierin\u0117je d\u0117\u017eut\u0117je, puikiai tinka kaip dovana.<br style=\"\"><\/p>\n<p class=\"MsoNoSpacing\" style=\"margin-bottom: 10px;\">&#8222;Fantasy&#8221; aromatas priklauso ELITE kolekcijai. Tai kvap\u0173 kolekcija, puikiai tinkanti m\u0117gstantiems prabang\u0105, kitoni\u0161kum\u0105 ir naujoves savo namuose. Parfumuoti ir ypa\u010d prabang\u016bs aromatai. Esate k\u016brybingas \u017emogus ir kartais pritr\u016bksta id\u0117j\u0173? Nam\u0173 kvapas &#8222;Fantasy&#8221; \u2013 u\u017eburiantis ir ry\u017et\u0105 su\u017eadinantis aromatas, kuris, skleisdamas citrusini\u0173 vaisi\u0173, susiliejusi\u0173 su jazmin\u0173, pakalnu\u010di\u0173 bei kit\u0173 g\u0117li\u0173 salsvais tonais neju\u010dia \u012fkv\u0117ps naujoms mintims. Nam\u0173 kvapas &#8222;Fantasy&#8221; i\u0161laisvins k\u016brybines galias ir panardins \u012f magi\u0161k\u0105 vidin\u012f pasaul\u012f.<\/p>\n<p class=\"MsoNoSpacing\" style=\"margin-bottom: 10px;\"><o:p><\/o:p><\/p>\n<p class=\"MsoNoSpacing\" style=\"margin-bottom: 10px;\"><o:p><\/o:p><\/p>\n<p class=\"MsoNoSpacing\" style=\"margin-bottom: 10px;\"><o:p><\/o:p><\/p>\n<p class=\"MsoNoSpacing\" style=\"margin-bottom: 10px;\"><o:p><\/o:p><\/p>\n<p class=\"MsoNoSpacing\" style=\"margin-bottom: 10px;\">Vir\u0161utin\u0117s natos: Citrusiniai Vaisiai, Obuolys, Persikas.<o:p><\/o:p><\/p>\n<p class=\"MsoNoSpacing\" style=\"margin-bottom: 10px;\">Vidurin\u0117s natos: Jazminas, Pakalnut\u0117, Heliotropas, Ro\u017e\u0117.<o:p><\/o:p><\/p>\n<p class=\"MsoNoSpacing\" style=\"margin-bottom: 10px;\">\n<p class=\"MsoNoSpacing\" style=\"margin-bottom: 10px;\">Apatin\u0117s natos: Baltasis Muskusas, Vanil\u0117, Gintaras, Pa\u010diulis, Kedras.<\/p>\n<p class=\"MsoNoSpacing\"><o:p><\/o:p><\/p>\n<p class=\"MsoNoSpacing\"><o:p><\/o:p><\/p>\n<p>Kiekis: \u017dvak\u0117 390 g, nam\u0173 kvapas 50 ml<\/p>\n<p>Kvapo pavadinimas: FANTASY<\/p>\n<p class=\"MsoNoSpacing\">Kilm\u0117s \u0161alis: Lietuva<\/p>\n<p class=\"MsoNoSpacing\"><o:p><br \/><\/o:p><\/p>","protected":false},"excerpt":{"rendered":"<p>Prabangios \u017evak\u0117s yra sukurtos rank\u0173 darbo, naudojant parfumuotus kvapus, kurie ypa\u010d aktyviai skleid\u017eiasi \u017evak\u0117s deginimo metu. Kristalo efektas ant \u017evak\u0117s suteikia ekskliuzyvin\u0119 i\u0161vaizd\u0105 ir gali b\u016bti naudojama kaip interjero detal\u0117. \u017dvak\u0117 pagaminta i\u0161 nat\u016bralaus palmi\u0173 va\u0161ko. Kvapas su lazdel\u0117mis: namams, biurui ar kitoms patalpoms. Ypa\u010d efektyvus ir intensyvus patalp\u0173 kv\u0117pinimo sprendimas. Kvapas pasklinda grei\u010diau ir [&hellip;]<\/p>","protected":false},"featured_media":27764,"comment_status":"open","ping_status":"closed","template":"","meta":{"_season_start":"","_season_end":"","_season_days":"","_season_months":"","_season_auto_visibility":""},"product_brand":[789],"product_cat":[1703],"product_tag":[],"class_list":{"0":"post-12308","1":"product","2":"type-product","3":"status-publish","4":"has-post-thumbnail","6":"product_brand-aromatic-89","7":"product_cat-parfumuoti-kvapai","9":"first","10":"instock","11":"taxable","12":"shipping-taxable","13":"purchasable","14":"product-type-simple"},"yoast_head":"<!-- This site is optimized with the Yoast SEO plugin v27.4 - https:\/\/yoast.com\/product\/yoast-seo-wordpress\/ -->\n<title>Parfumuotos \u017evak\u0117s ir nam\u0173 kvapo rinkinys &quot;Fantasy&quot; Aromatic 89 - Rutana - Ra\u0161tin\u0117s reikmenys<\/title>\n<meta name=\"robots\" content=\"index, follow, max-snippet:-1, max-image-preview:large, max-video-preview:-1\" \/>\n<link rel=\"canonical\" href=\"https:\/\/rutana.lt\/en\/product\/parfumuotos-zvakes-ir-namu-kvapo-rinkinys-fantasy-aromatic-89\/\" \/>\n<meta property=\"og:locale\" content=\"en_US\" \/>\n<meta property=\"og:type\" content=\"article\" \/>\n<meta property=\"og:title\" content=\"Parfumuotos \u017evak\u0117s ir nam\u0173 kvapo rinkinys &quot;Fantasy&quot; Aromatic 89 - Rutana - Ra\u0161tin\u0117s reikmenys\" \/>\n<meta property=\"og:description\" content=\"Prabangios \u017evak\u0117s yra sukurtos rank\u0173 darbo, naudojant parfumuotus kvapus, kurie ypa\u010d aktyviai skleid\u017eiasi \u017evak\u0117s deginimo metu. Kristalo efektas ant \u017evak\u0117s suteikia ekskliuzyvin\u0119 i\u0161vaizd\u0105 ir gali b\u016bti naudojama kaip interjero detal\u0117. \u017dvak\u0117 pagaminta i\u0161 nat\u016bralaus palmi\u0173 va\u0161ko. Kvapas su lazdel\u0117mis: namams, biurui ar kitoms patalpoms. Ypa\u010d efektyvus ir intensyvus patalp\u0173 kv\u0117pinimo sprendimas. Kvapas pasklinda grei\u010diau ir [&hellip;]\" \/>\n<meta property=\"og:url\" content=\"https:\/\/rutana.lt\/en\/product\/parfumuotos-zvakes-ir-namu-kvapo-rinkinys-fantasy-aromatic-89\/\" \/>\n<meta property=\"og:site_name\" content=\"Rutana - Ra\u0161tin\u0117s reikmenys\" \/>\n<meta property=\"article:publisher\" content=\"https:\/\/www.facebook.com\/RutanaKanceliarinesPrekes\/\" \/>\n<meta property=\"article:modified_time\" content=\"2025-10-13T13:41:25+00:00\" \/>\n<meta property=\"og:image\" content=\"https:\/\/rutana.lt\/wp-content\/uploads\/2025\/09\/B196-191.jpg\" \/>\n\t<meta property=\"og:image:width\" content=\"600\" \/>\n\t<meta property=\"og:image:height\" content=\"400\" \/>\n\t<meta property=\"og:image:type\" content=\"image\/jpeg\" \/>\n<meta name=\"twitter:card\" content=\"summary_large_image\" \/>\n<meta name=\"twitter:label1\" content=\"Est. reading time\" \/>\n\t<meta name=\"twitter:data1\" content=\"1 minute\" \/>\n<script type=\"application\/ld+json\" class=\"yoast-schema-graph\">{\"@context\":\"https:\\\/\\\/schema.org\",\"@graph\":[{\"@type\":\"WebPage\",\"@id\":\"https:\\\/\\\/rutana.lt\\\/produktas\\\/parfumuotos-zvakes-ir-namu-kvapo-rinkinys-fantasy-aromatic-89\\\/\",\"url\":\"https:\\\/\\\/rutana.lt\\\/produktas\\\/parfumuotos-zvakes-ir-namu-kvapo-rinkinys-fantasy-aromatic-89\\\/\",\"name\":\"Parfumuotos \u017evak\u0117s ir nam\u0173 kvapo rinkinys \\\"Fantasy\\\" Aromatic 89 - Rutana - Ra\u0161tin\u0117s reikmenys\",\"isPartOf\":{\"@id\":\"https:\\\/\\\/rutana.lt\\\/#website\"},\"primaryImageOfPage\":{\"@id\":\"https:\\\/\\\/rutana.lt\\\/produktas\\\/parfumuotos-zvakes-ir-namu-kvapo-rinkinys-fantasy-aromatic-89\\\/#primaryimage\"},\"image\":{\"@id\":\"https:\\\/\\\/rutana.lt\\\/produktas\\\/parfumuotos-zvakes-ir-namu-kvapo-rinkinys-fantasy-aromatic-89\\\/#primaryimage\"},\"thumbnailUrl\":\"https:\\\/\\\/rutana.lt\\\/wp-content\\\/uploads\\\/2025\\\/09\\\/B196-191-1.jpg?v=1763619567\",\"datePublished\":\"2025-09-03T07:22:09+00:00\",\"dateModified\":\"2025-10-13T13:41:25+00:00\",\"breadcrumb\":{\"@id\":\"https:\\\/\\\/rutana.lt\\\/produktas\\\/parfumuotos-zvakes-ir-namu-kvapo-rinkinys-fantasy-aromatic-89\\\/#breadcrumb\"},\"inLanguage\":\"en-US\",\"potentialAction\":[{\"@type\":\"ReadAction\",\"target\":[\"https:\\\/\\\/rutana.lt\\\/produktas\\\/parfumuotos-zvakes-ir-namu-kvapo-rinkinys-fantasy-aromatic-89\\\/\"]}]},{\"@type\":\"ImageObject\",\"inLanguage\":\"en-US\",\"@id\":\"https:\\\/\\\/rutana.lt\\\/produktas\\\/parfumuotos-zvakes-ir-namu-kvapo-rinkinys-fantasy-aromatic-89\\\/#primaryimage\",\"url\":\"https:\\\/\\\/rutana.lt\\\/wp-content\\\/uploads\\\/2025\\\/09\\\/B196-191-1.jpg?v=1763619567\",\"contentUrl\":\"https:\\\/\\\/rutana.lt\\\/wp-content\\\/uploads\\\/2025\\\/09\\\/B196-191-1.jpg?v=1763619567\",\"width\":600,\"height\":400},{\"@type\":\"BreadcrumbList\",\"@id\":\"https:\\\/\\\/rutana.lt\\\/produktas\\\/parfumuotos-zvakes-ir-namu-kvapo-rinkinys-fantasy-aromatic-89\\\/#breadcrumb\",\"itemListElement\":[{\"@type\":\"ListItem\",\"position\":1,\"name\":\"Home\",\"item\":\"https:\\\/\\\/rutana.lt\\\/\"},{\"@type\":\"ListItem\",\"position\":2,\"name\":\"Parduotuv\u0117\",\"item\":\"https:\\\/\\\/rutana.lt\\\/parduotuve\\\/\"},{\"@type\":\"ListItem\",\"position\":3,\"name\":\"Parfumuotos \u017evak\u0117s ir nam\u0173 kvapo rinkinys &#8222;Fantasy&#8221; Aromatic 89\"}]},{\"@type\":\"WebSite\",\"@id\":\"https:\\\/\\\/rutana.lt\\\/#website\",\"url\":\"https:\\\/\\\/rutana.lt\\\/\",\"name\":\"Rutana - Ra\u0161tin\u0117s reikmenys\",\"description\":\"Prekiaujame pasaulin\u0117je rinkoje pripa\u017eintomis, kokybi\u0161komis biuro prek\u0117mis toki\u0173  gamintoj\u0173 kaip: Schneider, Esselte, Novus, 3M, Faber-Castell, Citizen, Milan, Leitz, Colop, Zebra, Staedtler, Durable, Tork, Parker, Waterman ir kt.\",\"publisher\":{\"@id\":\"https:\\\/\\\/rutana.lt\\\/#organization\"},\"potentialAction\":[{\"@type\":\"SearchAction\",\"target\":{\"@type\":\"EntryPoint\",\"urlTemplate\":\"https:\\\/\\\/rutana.lt\\\/?s={search_term_string}\"},\"query-input\":{\"@type\":\"PropertyValueSpecification\",\"valueRequired\":true,\"valueName\":\"search_term_string\"}}],\"inLanguage\":\"en-US\"},{\"@type\":\"Organization\",\"@id\":\"https:\\\/\\\/rutana.lt\\\/#organization\",\"name\":\"Rutana - Ra\u0161tin\u0117s reikmenys\",\"url\":\"https:\\\/\\\/rutana.lt\\\/\",\"logo\":{\"@type\":\"ImageObject\",\"inLanguage\":\"en-US\",\"@id\":\"https:\\\/\\\/rutana.lt\\\/#\\\/schema\\\/logo\\\/image\\\/\",\"url\":\"https:\\\/\\\/rutana.lt\\\/wp-content\\\/uploads\\\/2025\\\/10\\\/Asset-32.png\",\"contentUrl\":\"https:\\\/\\\/rutana.lt\\\/wp-content\\\/uploads\\\/2025\\\/10\\\/Asset-32.png\",\"width\":433,\"height\":119,\"caption\":\"Rutana - Ra\u0161tin\u0117s reikmenys\"},\"image\":{\"@id\":\"https:\\\/\\\/rutana.lt\\\/#\\\/schema\\\/logo\\\/image\\\/\"},\"sameAs\":[\"https:\\\/\\\/www.facebook.com\\\/RutanaKanceliarinesPrekes\\\/\"]}]}<\/script>\n<!-- \/ Yoast SEO plugin. -->","yoast_head_json":{"title":"Parfumuotos \u017evak\u0117s ir nam\u0173 kvapo rinkinys \"Fantasy\" Aromatic 89 - Rutana - Ra\u0161tin\u0117s reikmenys","robots":{"index":"index","follow":"follow","max-snippet":"max-snippet:-1","max-image-preview":"max-image-preview:large","max-video-preview":"max-video-preview:-1"},"canonical":"https:\/\/rutana.lt\/en\/product\/parfumuotos-zvakes-ir-namu-kvapo-rinkinys-fantasy-aromatic-89\/","og_locale":"en_US","og_type":"article","og_title":"Parfumuotos \u017evak\u0117s ir nam\u0173 kvapo rinkinys \"Fantasy\" Aromatic 89 - Rutana - Ra\u0161tin\u0117s reikmenys","og_description":"Prabangios \u017evak\u0117s yra sukurtos rank\u0173 darbo, naudojant parfumuotus kvapus, kurie ypa\u010d aktyviai skleid\u017eiasi \u017evak\u0117s deginimo metu. Kristalo efektas ant \u017evak\u0117s suteikia ekskliuzyvin\u0119 i\u0161vaizd\u0105 ir gali b\u016bti naudojama kaip interjero detal\u0117. \u017dvak\u0117 pagaminta i\u0161 nat\u016bralaus palmi\u0173 va\u0161ko. Kvapas su lazdel\u0117mis: namams, biurui ar kitoms patalpoms. Ypa\u010d efektyvus ir intensyvus patalp\u0173 kv\u0117pinimo sprendimas. Kvapas pasklinda grei\u010diau ir [&hellip;]","og_url":"https:\/\/rutana.lt\/en\/product\/parfumuotos-zvakes-ir-namu-kvapo-rinkinys-fantasy-aromatic-89\/","og_site_name":"Rutana - Ra\u0161tin\u0117s reikmenys","article_publisher":"https:\/\/www.facebook.com\/RutanaKanceliarinesPrekes\/","article_modified_time":"2025-10-13T13:41:25+00:00","og_image":[{"width":600,"height":400,"url":"https:\/\/rutana.lt\/wp-content\/uploads\/2025\/09\/B196-191.jpg","type":"image\/jpeg"}],"twitter_card":"summary_large_image","twitter_misc":{"Est. reading time":"1 minute"},"schema":{"@context":"https:\/\/schema.org","@graph":[{"@type":"WebPage","@id":"https:\/\/rutana.lt\/produktas\/parfumuotos-zvakes-ir-namu-kvapo-rinkinys-fantasy-aromatic-89\/","url":"https:\/\/rutana.lt\/produktas\/parfumuotos-zvakes-ir-namu-kvapo-rinkinys-fantasy-aromatic-89\/","name":"Parfumuotos \u017evak\u0117s ir nam\u0173 kvapo rinkinys \"Fantasy\" Aromatic 89 - Rutana - Ra\u0161tin\u0117s reikmenys","isPartOf":{"@id":"https:\/\/rutana.lt\/#website"},"primaryImageOfPage":{"@id":"https:\/\/rutana.lt\/produktas\/parfumuotos-zvakes-ir-namu-kvapo-rinkinys-fantasy-aromatic-89\/#primaryimage"},"image":{"@id":"https:\/\/rutana.lt\/produktas\/parfumuotos-zvakes-ir-namu-kvapo-rinkinys-fantasy-aromatic-89\/#primaryimage"},"thumbnailUrl":"https:\/\/rutana.lt\/wp-content\/uploads\/2025\/09\/B196-191-1.jpg?v=1763619567","datePublished":"2025-09-03T07:22:09+00:00","dateModified":"2025-10-13T13:41:25+00:00","breadcrumb":{"@id":"https:\/\/rutana.lt\/produktas\/parfumuotos-zvakes-ir-namu-kvapo-rinkinys-fantasy-aromatic-89\/#breadcrumb"},"inLanguage":"en-US","potentialAction":[{"@type":"ReadAction","target":["https:\/\/rutana.lt\/produktas\/parfumuotos-zvakes-ir-namu-kvapo-rinkinys-fantasy-aromatic-89\/"]}]},{"@type":"ImageObject","inLanguage":"en-US","@id":"https:\/\/rutana.lt\/produktas\/parfumuotos-zvakes-ir-namu-kvapo-rinkinys-fantasy-aromatic-89\/#primaryimage","url":"https:\/\/rutana.lt\/wp-content\/uploads\/2025\/09\/B196-191-1.jpg?v=1763619567","contentUrl":"https:\/\/rutana.lt\/wp-content\/uploads\/2025\/09\/B196-191-1.jpg?v=1763619567","width":600,"height":400},{"@type":"BreadcrumbList","@id":"https:\/\/rutana.lt\/produktas\/parfumuotos-zvakes-ir-namu-kvapo-rinkinys-fantasy-aromatic-89\/#breadcrumb","itemListElement":[{"@type":"ListItem","position":1,"name":"Home","item":"https:\/\/rutana.lt\/"},{"@type":"ListItem","position":2,"name":"Parduotuv\u0117","item":"https:\/\/rutana.lt\/parduotuve\/"},{"@type":"ListItem","position":3,"name":"Parfumuotos \u017evak\u0117s ir nam\u0173 kvapo rinkinys &#8222;Fantasy&#8221; Aromatic 89"}]},{"@type":"WebSite","@id":"https:\/\/rutana.lt\/#website","url":"https:\/\/rutana.lt\/","name":"Rutana - Ra\u0161tin\u0117s reikmenys","description":"Prekiaujame pasaulin\u0117je rinkoje pripa\u017eintomis, kokybi\u0161komis biuro prek\u0117mis toki\u0173  gamintoj\u0173 kaip: Schneider, Esselte, Novus, 3M, Faber-Castell, Citizen, Milan, Leitz, Colop, Zebra, Staedtler, Durable, Tork, Parker, Waterman ir kt.","publisher":{"@id":"https:\/\/rutana.lt\/#organization"},"potentialAction":[{"@type":"SearchAction","target":{"@type":"EntryPoint","urlTemplate":"https:\/\/rutana.lt\/?s={search_term_string}"},"query-input":{"@type":"PropertyValueSpecification","valueRequired":true,"valueName":"search_term_string"}}],"inLanguage":"en-US"},{"@type":"Organization","@id":"https:\/\/rutana.lt\/#organization","name":"Rutana - Ra\u0161tin\u0117s reikmenys","url":"https:\/\/rutana.lt\/","logo":{"@type":"ImageObject","inLanguage":"en-US","@id":"https:\/\/rutana.lt\/#\/schema\/logo\/image\/","url":"https:\/\/rutana.lt\/wp-content\/uploads\/2025\/10\/Asset-32.png","contentUrl":"https:\/\/rutana.lt\/wp-content\/uploads\/2025\/10\/Asset-32.png","width":433,"height":119,"caption":"Rutana - Ra\u0161tin\u0117s reikmenys"},"image":{"@id":"https:\/\/rutana.lt\/#\/schema\/logo\/image\/"},"sameAs":["https:\/\/www.facebook.com\/RutanaKanceliarinesPrekes\/"]}]}},"_links":{"self":[{"href":"https:\/\/rutana.lt\/en\/wp-json\/wp\/v2\/product\/12308","targetHints":{"allow":["GET"]}}],"collection":[{"href":"https:\/\/rutana.lt\/en\/wp-json\/wp\/v2\/product"}],"about":[{"href":"https:\/\/rutana.lt\/en\/wp-json\/wp\/v2\/types\/product"}],"replies":[{"embeddable":true,"href":"https:\/\/rutana.lt\/en\/wp-json\/wp\/v2\/comments?post=12308"}],"version-history":[{"count":1,"href":"https:\/\/rutana.lt\/en\/wp-json\/wp\/v2\/product\/12308\/revisions"}],"predecessor-version":[{"id":12387,"href":"https:\/\/rutana.lt\/en\/wp-json\/wp\/v2\/product\/12308\/revisions\/12387"}],"wp:featuredmedia":[{"embeddable":true,"href":"https:\/\/rutana.lt\/en\/wp-json\/wp\/v2\/media\/27764"}],"wp:attachment":[{"href":"https:\/\/rutana.lt\/en\/wp-json\/wp\/v2\/media?parent=12308"}],"wp:term":[{"taxonomy":"product_brand","embeddable":true,"href":"https:\/\/rutana.lt\/en\/wp-json\/wp\/v2\/product_brand?post=12308"},{"taxonomy":"product_cat","embeddable":true,"href":"https:\/\/rutana.lt\/en\/wp-json\/wp\/v2\/product_cat?post=12308"},{"taxonomy":"product_tag","embeddable":true,"href":"https:\/\/rutana.lt\/en\/wp-json\/wp\/v2\/product_tag?post=12308"}],"curies":[{"name":"wp","href":"https:\/\/api.w.org\/{rel}","templated":true}]}}