{"id":12298,"date":"2025-09-03T09:22:09","date_gmt":"2025-09-03T07:22:09","guid":{"rendered":"https:\/\/rutana.webdemo.lt\/?post_type=product&#038;p=12298"},"modified":"2025-10-13T15:41:18","modified_gmt":"2025-10-13T13:41:18","slug":"segtuvas-su-2-ziedais-a4-35-mm-geltonas-forofis-91089","status":"publish","type":"product","link":"https:\/\/rutana.lt\/en\/product\/segtuvas-su-2-ziedais-a4-35-mm-geltonas-forofis-91089\/","title":{"rendered":"Segtuvas su 2 \u017eiedais A4 35 mm geltonas Forofis 91089"},"content":{"rendered":"<p>Tvirtas, auk\u0161tos kokyb\u0117s segtuvas su 2 \u017eied\u0173 susegimo mechanizmu skirtas dokument\u0173 laikymui. Segtuvas pagamintas i\u0161 kartono ir padengtas spalvota pl\u0117vele i\u0161 vidin\u0117s bei i\u0161orin\u0117s segtuvo pus\u0117s. Nugar\u0117l\u0117je yra skaidri ki\u0161en\u0117l\u0117 etiketei ir skyl\u0117, kad patogiau b\u016bt\u0173 i\u0161traukti segtuv\u0105 i\u0161 lentynos.<\/p>\n<p>Formatas: A4<\/p>\n<p>\u017died\u0173 kiekis: 2<\/p>\n<p>Nugar\u0117l\u0117s plotis: 35 mm<\/p>\n<p>Segtuvo spalva: geltona<\/p>\n<p>Kilm\u0117s \u0161alis: Vokietija<\/p>\n<p><\/p>\n<p><\/p>","protected":false},"excerpt":{"rendered":"<p>Tvirtas, auk\u0161tos kokyb\u0117s segtuvas su 2 \u017eied\u0173 susegimo mechanizmu skirtas dokument\u0173 laikymui. Segtuvas pagamintas i\u0161 kartono ir padengtas spalvota pl\u0117vele i\u0161 vidin\u0117s bei i\u0161orin\u0117s segtuvo pus\u0117s. Nugar\u0117l\u0117je yra skaidri ki\u0161en\u0117l\u0117 etiketei ir skyl\u0117, kad patogiau b\u016bt\u0173 i\u0161traukti segtuv\u0105 i\u0161 lentynos. Formatas: A4 \u017died\u0173 kiekis: 2 Nugar\u0117l\u0117s plotis: 35 mm Segtuvo spalva: geltona Kilm\u0117s \u0161alis: Vokietija<\/p>","protected":false},"featured_media":27755,"comment_status":"open","ping_status":"closed","template":"","meta":{"_season_start":"","_season_end":"","_season_days":"","_season_months":"","_season_auto_visibility":""},"product_brand":[606],"product_cat":[1844],"product_tag":[],"class_list":{"0":"post-12298","1":"product","2":"type-product","3":"status-publish","4":"has-post-thumbnail","6":"product_brand-forofis","7":"product_cat-segtuvai-su-2-ziedais","9":"first","10":"instock","11":"taxable","12":"shipping-taxable","13":"purchasable","14":"product-type-simple"},"yoast_head":"<!-- This site is optimized with the Yoast SEO plugin v26.1.1 - https:\/\/yoast.com\/wordpress\/plugins\/seo\/ -->\n<title>Segtuvas su 2 \u017eiedais A4 35 mm geltonas Forofis 91089 - Rutana - Ra\u0161tin\u0117s reikmenys<\/title>\n<meta name=\"robots\" content=\"index, follow, max-snippet:-1, max-image-preview:large, max-video-preview:-1\" \/>\n<link rel=\"canonical\" href=\"https:\/\/rutana.lt\/en\/product\/segtuvas-su-2-ziedais-a4-35-mm-geltonas-forofis-91089\/\" \/>\n<meta property=\"og:locale\" content=\"en_US\" \/>\n<meta property=\"og:type\" content=\"article\" \/>\n<meta property=\"og:title\" content=\"Segtuvas su 2 \u017eiedais A4 35 mm geltonas Forofis 91089 - Rutana - Ra\u0161tin\u0117s reikmenys\" \/>\n<meta property=\"og:description\" content=\"Tvirtas, auk\u0161tos kokyb\u0117s segtuvas su 2 \u017eied\u0173 susegimo mechanizmu skirtas dokument\u0173 laikymui. Segtuvas pagamintas i\u0161 kartono ir padengtas spalvota pl\u0117vele i\u0161 vidin\u0117s bei i\u0161orin\u0117s segtuvo pus\u0117s. Nugar\u0117l\u0117je yra skaidri ki\u0161en\u0117l\u0117 etiketei ir skyl\u0117, kad patogiau b\u016bt\u0173 i\u0161traukti segtuv\u0105 i\u0161 lentynos. Formatas: A4 \u017died\u0173 kiekis: 2 Nugar\u0117l\u0117s plotis: 35 mm Segtuvo spalva: geltona Kilm\u0117s \u0161alis: Vokietija\" \/>\n<meta property=\"og:url\" content=\"https:\/\/rutana.lt\/en\/product\/segtuvas-su-2-ziedais-a4-35-mm-geltonas-forofis-91089\/\" \/>\n<meta property=\"og:site_name\" content=\"Rutana - Ra\u0161tin\u0117s reikmenys\" \/>\n<meta property=\"article:publisher\" content=\"https:\/\/www.facebook.com\/RutanaKanceliarinesPrekes\/\" \/>\n<meta property=\"article:modified_time\" content=\"2025-10-13T13:41:18+00:00\" \/>\n<meta property=\"og:image\" content=\"https:\/\/rutana.lt\/wp-content\/uploads\/2025\/09\/A161-011.jpg\" \/>\n\t<meta property=\"og:image:width\" content=\"600\" \/>\n\t<meta property=\"og:image:height\" content=\"600\" \/>\n\t<meta property=\"og:image:type\" content=\"image\/jpeg\" \/>\n<meta name=\"twitter:card\" content=\"summary_large_image\" \/>\n<script type=\"application\/ld+json\" class=\"yoast-schema-graph\">{\"@context\":\"https:\/\/schema.org\",\"@graph\":[{\"@type\":\"WebPage\",\"@id\":\"https:\/\/rutana.lt\/produktas\/segtuvas-su-2-ziedais-a4-35-mm-geltonas-forofis-91089\/\",\"url\":\"https:\/\/rutana.lt\/produktas\/segtuvas-su-2-ziedais-a4-35-mm-geltonas-forofis-91089\/\",\"name\":\"Segtuvas su 2 \u017eiedais A4 35 mm geltonas Forofis 91089 - Rutana - Ra\u0161tin\u0117s reikmenys\",\"isPartOf\":{\"@id\":\"https:\/\/rutana.lt\/#website\"},\"primaryImageOfPage\":{\"@id\":\"https:\/\/rutana.lt\/produktas\/segtuvas-su-2-ziedais-a4-35-mm-geltonas-forofis-91089\/#primaryimage\"},\"image\":{\"@id\":\"https:\/\/rutana.lt\/produktas\/segtuvas-su-2-ziedais-a4-35-mm-geltonas-forofis-91089\/#primaryimage\"},\"thumbnailUrl\":\"https:\/\/rutana.lt\/wp-content\/uploads\/2025\/09\/A161-011-1.jpg?v=1763619577\",\"datePublished\":\"2025-09-03T07:22:09+00:00\",\"dateModified\":\"2025-10-13T13:41:18+00:00\",\"breadcrumb\":{\"@id\":\"https:\/\/rutana.lt\/produktas\/segtuvas-su-2-ziedais-a4-35-mm-geltonas-forofis-91089\/#breadcrumb\"},\"inLanguage\":\"en-US\",\"potentialAction\":[{\"@type\":\"ReadAction\",\"target\":[\"https:\/\/rutana.lt\/produktas\/segtuvas-su-2-ziedais-a4-35-mm-geltonas-forofis-91089\/\"]}]},{\"@type\":\"ImageObject\",\"inLanguage\":\"en-US\",\"@id\":\"https:\/\/rutana.lt\/produktas\/segtuvas-su-2-ziedais-a4-35-mm-geltonas-forofis-91089\/#primaryimage\",\"url\":\"https:\/\/rutana.lt\/wp-content\/uploads\/2025\/09\/A161-011-1.jpg?v=1763619577\",\"contentUrl\":\"https:\/\/rutana.lt\/wp-content\/uploads\/2025\/09\/A161-011-1.jpg?v=1763619577\",\"width\":600,\"height\":600},{\"@type\":\"BreadcrumbList\",\"@id\":\"https:\/\/rutana.lt\/produktas\/segtuvas-su-2-ziedais-a4-35-mm-geltonas-forofis-91089\/#breadcrumb\",\"itemListElement\":[{\"@type\":\"ListItem\",\"position\":1,\"name\":\"Home\",\"item\":\"https:\/\/rutana.lt\/\"},{\"@type\":\"ListItem\",\"position\":2,\"name\":\"Parduotuv\u0117\",\"item\":\"https:\/\/rutana.lt\/parduotuve\/\"},{\"@type\":\"ListItem\",\"position\":3,\"name\":\"Segtuvas su 2 \u017eiedais A4 35 mm geltonas Forofis 91089\"}]},{\"@type\":\"WebSite\",\"@id\":\"https:\/\/rutana.lt\/#website\",\"url\":\"https:\/\/rutana.lt\/\",\"name\":\"Rutana - Ra\u0161tin\u0117s reikmenys\",\"description\":\"Prekiaujame pasaulin\u0117je rinkoje pripa\u017eintomis, kokybi\u0161komis biuro prek\u0117mis toki\u0173  gamintoj\u0173 kaip: Schneider, Esselte, Novus, 3M, Faber-Castell, Citizen, Milan, Leitz, Colop, Zebra, Staedtler, Durable, Tork, Parker, Waterman ir kt.\",\"publisher\":{\"@id\":\"https:\/\/rutana.lt\/#organization\"},\"potentialAction\":[{\"@type\":\"SearchAction\",\"target\":{\"@type\":\"EntryPoint\",\"urlTemplate\":\"https:\/\/rutana.lt\/?s={search_term_string}\"},\"query-input\":{\"@type\":\"PropertyValueSpecification\",\"valueRequired\":true,\"valueName\":\"search_term_string\"}}],\"inLanguage\":\"en-US\"},{\"@type\":\"Organization\",\"@id\":\"https:\/\/rutana.lt\/#organization\",\"name\":\"Rutana - Ra\u0161tin\u0117s reikmenys\",\"url\":\"https:\/\/rutana.lt\/\",\"logo\":{\"@type\":\"ImageObject\",\"inLanguage\":\"en-US\",\"@id\":\"https:\/\/rutana.lt\/#\/schema\/logo\/image\/\",\"url\":\"https:\/\/rutana.lt\/wp-content\/uploads\/2025\/10\/Asset-32.png\",\"contentUrl\":\"https:\/\/rutana.lt\/wp-content\/uploads\/2025\/10\/Asset-32.png\",\"width\":433,\"height\":119,\"caption\":\"Rutana - Ra\u0161tin\u0117s reikmenys\"},\"image\":{\"@id\":\"https:\/\/rutana.lt\/#\/schema\/logo\/image\/\"},\"sameAs\":[\"https:\/\/www.facebook.com\/RutanaKanceliarinesPrekes\/\"]}]}<\/script>\n<!-- \/ Yoast SEO plugin. -->","yoast_head_json":{"title":"Segtuvas su 2 \u017eiedais A4 35 mm geltonas Forofis 91089 - Rutana - Ra\u0161tin\u0117s reikmenys","robots":{"index":"index","follow":"follow","max-snippet":"max-snippet:-1","max-image-preview":"max-image-preview:large","max-video-preview":"max-video-preview:-1"},"canonical":"https:\/\/rutana.lt\/en\/product\/segtuvas-su-2-ziedais-a4-35-mm-geltonas-forofis-91089\/","og_locale":"en_US","og_type":"article","og_title":"Segtuvas su 2 \u017eiedais A4 35 mm geltonas Forofis 91089 - Rutana - Ra\u0161tin\u0117s reikmenys","og_description":"Tvirtas, auk\u0161tos kokyb\u0117s segtuvas su 2 \u017eied\u0173 susegimo mechanizmu skirtas dokument\u0173 laikymui. Segtuvas pagamintas i\u0161 kartono ir padengtas spalvota pl\u0117vele i\u0161 vidin\u0117s bei i\u0161orin\u0117s segtuvo pus\u0117s. Nugar\u0117l\u0117je yra skaidri ki\u0161en\u0117l\u0117 etiketei ir skyl\u0117, kad patogiau b\u016bt\u0173 i\u0161traukti segtuv\u0105 i\u0161 lentynos. Formatas: A4 \u017died\u0173 kiekis: 2 Nugar\u0117l\u0117s plotis: 35 mm Segtuvo spalva: geltona Kilm\u0117s \u0161alis: Vokietija","og_url":"https:\/\/rutana.lt\/en\/product\/segtuvas-su-2-ziedais-a4-35-mm-geltonas-forofis-91089\/","og_site_name":"Rutana - Ra\u0161tin\u0117s reikmenys","article_publisher":"https:\/\/www.facebook.com\/RutanaKanceliarinesPrekes\/","article_modified_time":"2025-10-13T13:41:18+00:00","og_image":[{"width":600,"height":600,"url":"https:\/\/rutana.lt\/wp-content\/uploads\/2025\/09\/A161-011.jpg","type":"image\/jpeg"}],"twitter_card":"summary_large_image","schema":{"@context":"https:\/\/schema.org","@graph":[{"@type":"WebPage","@id":"https:\/\/rutana.lt\/produktas\/segtuvas-su-2-ziedais-a4-35-mm-geltonas-forofis-91089\/","url":"https:\/\/rutana.lt\/produktas\/segtuvas-su-2-ziedais-a4-35-mm-geltonas-forofis-91089\/","name":"Segtuvas su 2 \u017eiedais A4 35 mm geltonas Forofis 91089 - Rutana - Ra\u0161tin\u0117s reikmenys","isPartOf":{"@id":"https:\/\/rutana.lt\/#website"},"primaryImageOfPage":{"@id":"https:\/\/rutana.lt\/produktas\/segtuvas-su-2-ziedais-a4-35-mm-geltonas-forofis-91089\/#primaryimage"},"image":{"@id":"https:\/\/rutana.lt\/produktas\/segtuvas-su-2-ziedais-a4-35-mm-geltonas-forofis-91089\/#primaryimage"},"thumbnailUrl":"https:\/\/rutana.lt\/wp-content\/uploads\/2025\/09\/A161-011-1.jpg?v=1763619577","datePublished":"2025-09-03T07:22:09+00:00","dateModified":"2025-10-13T13:41:18+00:00","breadcrumb":{"@id":"https:\/\/rutana.lt\/produktas\/segtuvas-su-2-ziedais-a4-35-mm-geltonas-forofis-91089\/#breadcrumb"},"inLanguage":"en-US","potentialAction":[{"@type":"ReadAction","target":["https:\/\/rutana.lt\/produktas\/segtuvas-su-2-ziedais-a4-35-mm-geltonas-forofis-91089\/"]}]},{"@type":"ImageObject","inLanguage":"en-US","@id":"https:\/\/rutana.lt\/produktas\/segtuvas-su-2-ziedais-a4-35-mm-geltonas-forofis-91089\/#primaryimage","url":"https:\/\/rutana.lt\/wp-content\/uploads\/2025\/09\/A161-011-1.jpg?v=1763619577","contentUrl":"https:\/\/rutana.lt\/wp-content\/uploads\/2025\/09\/A161-011-1.jpg?v=1763619577","width":600,"height":600},{"@type":"BreadcrumbList","@id":"https:\/\/rutana.lt\/produktas\/segtuvas-su-2-ziedais-a4-35-mm-geltonas-forofis-91089\/#breadcrumb","itemListElement":[{"@type":"ListItem","position":1,"name":"Home","item":"https:\/\/rutana.lt\/"},{"@type":"ListItem","position":2,"name":"Parduotuv\u0117","item":"https:\/\/rutana.lt\/parduotuve\/"},{"@type":"ListItem","position":3,"name":"Segtuvas su 2 \u017eiedais A4 35 mm geltonas Forofis 91089"}]},{"@type":"WebSite","@id":"https:\/\/rutana.lt\/#website","url":"https:\/\/rutana.lt\/","name":"Rutana - Ra\u0161tin\u0117s reikmenys","description":"Prekiaujame pasaulin\u0117je rinkoje pripa\u017eintomis, kokybi\u0161komis biuro prek\u0117mis toki\u0173  gamintoj\u0173 kaip: Schneider, Esselte, Novus, 3M, Faber-Castell, Citizen, Milan, Leitz, Colop, Zebra, Staedtler, Durable, Tork, Parker, Waterman ir kt.","publisher":{"@id":"https:\/\/rutana.lt\/#organization"},"potentialAction":[{"@type":"SearchAction","target":{"@type":"EntryPoint","urlTemplate":"https:\/\/rutana.lt\/?s={search_term_string}"},"query-input":{"@type":"PropertyValueSpecification","valueRequired":true,"valueName":"search_term_string"}}],"inLanguage":"en-US"},{"@type":"Organization","@id":"https:\/\/rutana.lt\/#organization","name":"Rutana - Ra\u0161tin\u0117s reikmenys","url":"https:\/\/rutana.lt\/","logo":{"@type":"ImageObject","inLanguage":"en-US","@id":"https:\/\/rutana.lt\/#\/schema\/logo\/image\/","url":"https:\/\/rutana.lt\/wp-content\/uploads\/2025\/10\/Asset-32.png","contentUrl":"https:\/\/rutana.lt\/wp-content\/uploads\/2025\/10\/Asset-32.png","width":433,"height":119,"caption":"Rutana - Ra\u0161tin\u0117s reikmenys"},"image":{"@id":"https:\/\/rutana.lt\/#\/schema\/logo\/image\/"},"sameAs":["https:\/\/www.facebook.com\/RutanaKanceliarinesPrekes\/"]}]}},"_links":{"self":[{"href":"https:\/\/rutana.lt\/en\/wp-json\/wp\/v2\/product\/12298","targetHints":{"allow":["GET"]}}],"collection":[{"href":"https:\/\/rutana.lt\/en\/wp-json\/wp\/v2\/product"}],"about":[{"href":"https:\/\/rutana.lt\/en\/wp-json\/wp\/v2\/types\/product"}],"replies":[{"embeddable":true,"href":"https:\/\/rutana.lt\/en\/wp-json\/wp\/v2\/comments?post=12298"}],"version-history":[{"count":1,"href":"https:\/\/rutana.lt\/en\/wp-json\/wp\/v2\/product\/12298\/revisions"}],"predecessor-version":[{"id":12346,"href":"https:\/\/rutana.lt\/en\/wp-json\/wp\/v2\/product\/12298\/revisions\/12346"}],"wp:featuredmedia":[{"embeddable":true,"href":"https:\/\/rutana.lt\/en\/wp-json\/wp\/v2\/media\/27755"}],"wp:attachment":[{"href":"https:\/\/rutana.lt\/en\/wp-json\/wp\/v2\/media?parent=12298"}],"wp:term":[{"taxonomy":"product_brand","embeddable":true,"href":"https:\/\/rutana.lt\/en\/wp-json\/wp\/v2\/product_brand?post=12298"},{"taxonomy":"product_cat","embeddable":true,"href":"https:\/\/rutana.lt\/en\/wp-json\/wp\/v2\/product_cat?post=12298"},{"taxonomy":"product_tag","embeddable":true,"href":"https:\/\/rutana.lt\/en\/wp-json\/wp\/v2\/product_tag?post=12298"}],"curies":[{"name":"wp","href":"https:\/\/api.w.org\/{rel}","templated":true}]}}