{"id":12238,"date":"2025-09-03T09:21:45","date_gmt":"2025-09-03T07:21:45","guid":{"rendered":"https:\/\/rutana.webdemo.lt\/?post_type=product&#038;p=12238"},"modified":"2025-10-13T15:41:12","modified_gmt":"2025-10-13T13:41:12","slug":"klaviaturos-ir-peles-komplektas-mk120-usb-logitech-920-002561","status":"publish","type":"product","link":"https:\/\/rutana.lt\/en\/product\/klaviaturos-ir-peles-komplektas-mk120-usb-logitech-920-002561\/","title":{"rendered":"Klaviat\u016bros ir pel\u0117s komplektas MK120 USB Logitech 920-002561"},"content":{"rendered":"<p>Kompiuterio klaviat\u016bros ir pelyt\u0117s komplektas lengvai ir greitai paruo\u0161iamas darbui, u\u017etenka tik pajungti prie kompiuterio USB lizdo ir nebereikia joki\u0173 papildom\u0173 instaliavimo veiksm\u0173 &#8211; galite darbuotis. Klaviat\u016bros begarsiai mygtukai yra patikimi ir j\u0173 paspaudim\u0173 resursas yra iki 10 milijon\u0173 kart\u0173. Taip pat klaviat\u016bra yra atspari vandeniui, nes vanduo i\u0161b\u0117ga i\u0161 jos ir jums neteks nerimauti i\u0161pylus ka\u017ekokio skys\u010dio ant klaviat\u016bros. Klaviat\u016bra turi pakeliamas kojytes. Optin\u0117 pel\u0117 lengvai susidoros su savo darbu, u\u017etikrins skland\u0173 rodykl\u0117s jud\u0117jim\u0105.<\/p>\n<p style=\"margin-bottom: 10px;\">Pajungimo b\u016bdas: USB <\/p>\n<p style=\"margin-bottom: 10px;\">Su laidu: taip<\/p>\n<p style=\"margin-bottom: 10px;\">Pel\u0117s klavi\u0161ai: 3<\/p>\n<p style=\"margin-bottom: 10px;\">Rezoliucija: 1000 dpi<\/p>\n<p style=\"margin-bottom: 10px;\">Tinkamos sistemos: Windows 7, Windows 8, Windows 10, Windows Vista, Windows XP, Linux 2.6 +<\/p>\n<p style=\"margin-bottom: 10px;\">Korpuso spalva: juoda<\/p>","protected":false},"excerpt":{"rendered":"<p>Kompiuterio klaviat\u016bros ir pelyt\u0117s komplektas lengvai ir greitai paruo\u0161iamas darbui, u\u017etenka tik pajungti prie kompiuterio USB lizdo ir nebereikia joki\u0173 papildom\u0173 instaliavimo veiksm\u0173 &#8211; galite darbuotis. Klaviat\u016bros begarsiai mygtukai yra patikimi ir j\u0173 paspaudim\u0173 resursas yra iki 10 milijon\u0173 kart\u0173. Taip pat klaviat\u016bra yra atspari vandeniui, nes vanduo i\u0161b\u0117ga i\u0161 jos ir jums neteks nerimauti [&hellip;]<\/p>","protected":false},"featured_media":27737,"comment_status":"open","ping_status":"closed","template":"","meta":{"_season_start":"","_season_end":"","_season_days":"","_season_months":"","_season_auto_visibility":""},"product_brand":[583],"product_cat":[1709],"product_tag":[],"class_list":{"0":"post-12238","1":"product","2":"type-product","3":"status-publish","4":"has-post-thumbnail","6":"product_brand-logitech","7":"product_cat-klaviaturos-ir-ju-priedai","9":"first","10":"instock","11":"taxable","12":"shipping-taxable","13":"purchasable","14":"product-type-simple"},"yoast_head":"<!-- This site is optimized with the Yoast SEO plugin v27.4 - https:\/\/yoast.com\/product\/yoast-seo-wordpress\/ -->\n<title>Klaviat\u016bros ir pel\u0117s komplektas MK120 USB Logitech 920-002561 - Rutana - Ra\u0161tin\u0117s reikmenys<\/title>\n<meta name=\"robots\" content=\"index, follow, max-snippet:-1, max-image-preview:large, max-video-preview:-1\" \/>\n<link rel=\"canonical\" href=\"https:\/\/rutana.lt\/en\/product\/klaviaturos-ir-peles-komplektas-mk120-usb-logitech-920-002561\/\" \/>\n<meta property=\"og:locale\" content=\"en_US\" \/>\n<meta property=\"og:type\" content=\"article\" \/>\n<meta property=\"og:title\" content=\"Klaviat\u016bros ir pel\u0117s komplektas MK120 USB Logitech 920-002561 - Rutana - Ra\u0161tin\u0117s reikmenys\" \/>\n<meta property=\"og:description\" content=\"Kompiuterio klaviat\u016bros ir pelyt\u0117s komplektas lengvai ir greitai paruo\u0161iamas darbui, u\u017etenka tik pajungti prie kompiuterio USB lizdo ir nebereikia joki\u0173 papildom\u0173 instaliavimo veiksm\u0173 &#8211; galite darbuotis. Klaviat\u016bros begarsiai mygtukai yra patikimi ir j\u0173 paspaudim\u0173 resursas yra iki 10 milijon\u0173 kart\u0173. Taip pat klaviat\u016bra yra atspari vandeniui, nes vanduo i\u0161b\u0117ga i\u0161 jos ir jums neteks nerimauti [&hellip;]\" \/>\n<meta property=\"og:url\" content=\"https:\/\/rutana.lt\/en\/product\/klaviaturos-ir-peles-komplektas-mk120-usb-logitech-920-002561\/\" \/>\n<meta property=\"og:site_name\" content=\"Rutana - Ra\u0161tin\u0117s reikmenys\" \/>\n<meta property=\"article:publisher\" content=\"https:\/\/www.facebook.com\/RutanaKanceliarinesPrekes\/\" \/>\n<meta property=\"article:modified_time\" content=\"2025-10-13T13:41:12+00:00\" \/>\n<meta property=\"og:image\" content=\"https:\/\/rutana.lt\/wp-content\/uploads\/2025\/09\/B039-222.jpg\" \/>\n\t<meta property=\"og:image:width\" content=\"500\" \/>\n\t<meta property=\"og:image:height\" content=\"499\" \/>\n\t<meta property=\"og:image:type\" content=\"image\/jpeg\" \/>\n<meta name=\"twitter:card\" content=\"summary_large_image\" \/>\n<meta name=\"twitter:label1\" content=\"Est. reading time\" \/>\n\t<meta name=\"twitter:data1\" content=\"1 minute\" \/>\n<script type=\"application\/ld+json\" class=\"yoast-schema-graph\">{\"@context\":\"https:\\\/\\\/schema.org\",\"@graph\":[{\"@type\":\"WebPage\",\"@id\":\"https:\\\/\\\/rutana.lt\\\/produktas\\\/klaviaturos-ir-peles-komplektas-mk120-usb-logitech-920-002561\\\/\",\"url\":\"https:\\\/\\\/rutana.lt\\\/produktas\\\/klaviaturos-ir-peles-komplektas-mk120-usb-logitech-920-002561\\\/\",\"name\":\"Klaviat\u016bros ir pel\u0117s komplektas MK120 USB Logitech 920-002561 - Rutana - Ra\u0161tin\u0117s reikmenys\",\"isPartOf\":{\"@id\":\"https:\\\/\\\/rutana.lt\\\/#website\"},\"primaryImageOfPage\":{\"@id\":\"https:\\\/\\\/rutana.lt\\\/produktas\\\/klaviaturos-ir-peles-komplektas-mk120-usb-logitech-920-002561\\\/#primaryimage\"},\"image\":{\"@id\":\"https:\\\/\\\/rutana.lt\\\/produktas\\\/klaviaturos-ir-peles-komplektas-mk120-usb-logitech-920-002561\\\/#primaryimage\"},\"thumbnailUrl\":\"https:\\\/\\\/rutana.lt\\\/wp-content\\\/uploads\\\/2025\\\/09\\\/B039-222-1.jpg?v=1763619597\",\"datePublished\":\"2025-09-03T07:21:45+00:00\",\"dateModified\":\"2025-10-13T13:41:12+00:00\",\"breadcrumb\":{\"@id\":\"https:\\\/\\\/rutana.lt\\\/produktas\\\/klaviaturos-ir-peles-komplektas-mk120-usb-logitech-920-002561\\\/#breadcrumb\"},\"inLanguage\":\"en-US\",\"potentialAction\":[{\"@type\":\"ReadAction\",\"target\":[\"https:\\\/\\\/rutana.lt\\\/produktas\\\/klaviaturos-ir-peles-komplektas-mk120-usb-logitech-920-002561\\\/\"]}]},{\"@type\":\"ImageObject\",\"inLanguage\":\"en-US\",\"@id\":\"https:\\\/\\\/rutana.lt\\\/produktas\\\/klaviaturos-ir-peles-komplektas-mk120-usb-logitech-920-002561\\\/#primaryimage\",\"url\":\"https:\\\/\\\/rutana.lt\\\/wp-content\\\/uploads\\\/2025\\\/09\\\/B039-222-1.jpg?v=1763619597\",\"contentUrl\":\"https:\\\/\\\/rutana.lt\\\/wp-content\\\/uploads\\\/2025\\\/09\\\/B039-222-1.jpg?v=1763619597\",\"width\":500,\"height\":499},{\"@type\":\"BreadcrumbList\",\"@id\":\"https:\\\/\\\/rutana.lt\\\/produktas\\\/klaviaturos-ir-peles-komplektas-mk120-usb-logitech-920-002561\\\/#breadcrumb\",\"itemListElement\":[{\"@type\":\"ListItem\",\"position\":1,\"name\":\"Home\",\"item\":\"https:\\\/\\\/rutana.lt\\\/\"},{\"@type\":\"ListItem\",\"position\":2,\"name\":\"Parduotuv\u0117\",\"item\":\"https:\\\/\\\/rutana.lt\\\/parduotuve\\\/\"},{\"@type\":\"ListItem\",\"position\":3,\"name\":\"Klaviat\u016bros ir pel\u0117s komplektas MK120 USB Logitech 920-002561\"}]},{\"@type\":\"WebSite\",\"@id\":\"https:\\\/\\\/rutana.lt\\\/#website\",\"url\":\"https:\\\/\\\/rutana.lt\\\/\",\"name\":\"Rutana - Ra\u0161tin\u0117s reikmenys\",\"description\":\"Prekiaujame pasaulin\u0117je rinkoje pripa\u017eintomis, kokybi\u0161komis biuro prek\u0117mis toki\u0173  gamintoj\u0173 kaip: Schneider, Esselte, Novus, 3M, Faber-Castell, Citizen, Milan, Leitz, Colop, Zebra, Staedtler, Durable, Tork, Parker, Waterman ir kt.\",\"publisher\":{\"@id\":\"https:\\\/\\\/rutana.lt\\\/#organization\"},\"potentialAction\":[{\"@type\":\"SearchAction\",\"target\":{\"@type\":\"EntryPoint\",\"urlTemplate\":\"https:\\\/\\\/rutana.lt\\\/?s={search_term_string}\"},\"query-input\":{\"@type\":\"PropertyValueSpecification\",\"valueRequired\":true,\"valueName\":\"search_term_string\"}}],\"inLanguage\":\"en-US\"},{\"@type\":\"Organization\",\"@id\":\"https:\\\/\\\/rutana.lt\\\/#organization\",\"name\":\"Rutana - Ra\u0161tin\u0117s reikmenys\",\"url\":\"https:\\\/\\\/rutana.lt\\\/\",\"logo\":{\"@type\":\"ImageObject\",\"inLanguage\":\"en-US\",\"@id\":\"https:\\\/\\\/rutana.lt\\\/#\\\/schema\\\/logo\\\/image\\\/\",\"url\":\"https:\\\/\\\/rutana.lt\\\/wp-content\\\/uploads\\\/2025\\\/10\\\/Asset-32.png\",\"contentUrl\":\"https:\\\/\\\/rutana.lt\\\/wp-content\\\/uploads\\\/2025\\\/10\\\/Asset-32.png\",\"width\":433,\"height\":119,\"caption\":\"Rutana - Ra\u0161tin\u0117s reikmenys\"},\"image\":{\"@id\":\"https:\\\/\\\/rutana.lt\\\/#\\\/schema\\\/logo\\\/image\\\/\"},\"sameAs\":[\"https:\\\/\\\/www.facebook.com\\\/RutanaKanceliarinesPrekes\\\/\"]}]}<\/script>\n<!-- \/ Yoast SEO plugin. -->","yoast_head_json":{"title":"Klaviat\u016bros ir pel\u0117s komplektas MK120 USB Logitech 920-002561 - Rutana - Ra\u0161tin\u0117s reikmenys","robots":{"index":"index","follow":"follow","max-snippet":"max-snippet:-1","max-image-preview":"max-image-preview:large","max-video-preview":"max-video-preview:-1"},"canonical":"https:\/\/rutana.lt\/en\/product\/klaviaturos-ir-peles-komplektas-mk120-usb-logitech-920-002561\/","og_locale":"en_US","og_type":"article","og_title":"Klaviat\u016bros ir pel\u0117s komplektas MK120 USB Logitech 920-002561 - Rutana - Ra\u0161tin\u0117s reikmenys","og_description":"Kompiuterio klaviat\u016bros ir pelyt\u0117s komplektas lengvai ir greitai paruo\u0161iamas darbui, u\u017etenka tik pajungti prie kompiuterio USB lizdo ir nebereikia joki\u0173 papildom\u0173 instaliavimo veiksm\u0173 &#8211; galite darbuotis. Klaviat\u016bros begarsiai mygtukai yra patikimi ir j\u0173 paspaudim\u0173 resursas yra iki 10 milijon\u0173 kart\u0173. Taip pat klaviat\u016bra yra atspari vandeniui, nes vanduo i\u0161b\u0117ga i\u0161 jos ir jums neteks nerimauti [&hellip;]","og_url":"https:\/\/rutana.lt\/en\/product\/klaviaturos-ir-peles-komplektas-mk120-usb-logitech-920-002561\/","og_site_name":"Rutana - Ra\u0161tin\u0117s reikmenys","article_publisher":"https:\/\/www.facebook.com\/RutanaKanceliarinesPrekes\/","article_modified_time":"2025-10-13T13:41:12+00:00","og_image":[{"width":500,"height":499,"url":"https:\/\/rutana.lt\/wp-content\/uploads\/2025\/09\/B039-222.jpg","type":"image\/jpeg"}],"twitter_card":"summary_large_image","twitter_misc":{"Est. reading time":"1 minute"},"schema":{"@context":"https:\/\/schema.org","@graph":[{"@type":"WebPage","@id":"https:\/\/rutana.lt\/produktas\/klaviaturos-ir-peles-komplektas-mk120-usb-logitech-920-002561\/","url":"https:\/\/rutana.lt\/produktas\/klaviaturos-ir-peles-komplektas-mk120-usb-logitech-920-002561\/","name":"Klaviat\u016bros ir pel\u0117s komplektas MK120 USB Logitech 920-002561 - Rutana - Ra\u0161tin\u0117s reikmenys","isPartOf":{"@id":"https:\/\/rutana.lt\/#website"},"primaryImageOfPage":{"@id":"https:\/\/rutana.lt\/produktas\/klaviaturos-ir-peles-komplektas-mk120-usb-logitech-920-002561\/#primaryimage"},"image":{"@id":"https:\/\/rutana.lt\/produktas\/klaviaturos-ir-peles-komplektas-mk120-usb-logitech-920-002561\/#primaryimage"},"thumbnailUrl":"https:\/\/rutana.lt\/wp-content\/uploads\/2025\/09\/B039-222-1.jpg?v=1763619597","datePublished":"2025-09-03T07:21:45+00:00","dateModified":"2025-10-13T13:41:12+00:00","breadcrumb":{"@id":"https:\/\/rutana.lt\/produktas\/klaviaturos-ir-peles-komplektas-mk120-usb-logitech-920-002561\/#breadcrumb"},"inLanguage":"en-US","potentialAction":[{"@type":"ReadAction","target":["https:\/\/rutana.lt\/produktas\/klaviaturos-ir-peles-komplektas-mk120-usb-logitech-920-002561\/"]}]},{"@type":"ImageObject","inLanguage":"en-US","@id":"https:\/\/rutana.lt\/produktas\/klaviaturos-ir-peles-komplektas-mk120-usb-logitech-920-002561\/#primaryimage","url":"https:\/\/rutana.lt\/wp-content\/uploads\/2025\/09\/B039-222-1.jpg?v=1763619597","contentUrl":"https:\/\/rutana.lt\/wp-content\/uploads\/2025\/09\/B039-222-1.jpg?v=1763619597","width":500,"height":499},{"@type":"BreadcrumbList","@id":"https:\/\/rutana.lt\/produktas\/klaviaturos-ir-peles-komplektas-mk120-usb-logitech-920-002561\/#breadcrumb","itemListElement":[{"@type":"ListItem","position":1,"name":"Home","item":"https:\/\/rutana.lt\/"},{"@type":"ListItem","position":2,"name":"Parduotuv\u0117","item":"https:\/\/rutana.lt\/parduotuve\/"},{"@type":"ListItem","position":3,"name":"Klaviat\u016bros ir pel\u0117s komplektas MK120 USB Logitech 920-002561"}]},{"@type":"WebSite","@id":"https:\/\/rutana.lt\/#website","url":"https:\/\/rutana.lt\/","name":"Rutana - Ra\u0161tin\u0117s reikmenys","description":"Prekiaujame pasaulin\u0117je rinkoje pripa\u017eintomis, kokybi\u0161komis biuro prek\u0117mis toki\u0173  gamintoj\u0173 kaip: Schneider, Esselte, Novus, 3M, Faber-Castell, Citizen, Milan, Leitz, Colop, Zebra, Staedtler, Durable, Tork, Parker, Waterman ir kt.","publisher":{"@id":"https:\/\/rutana.lt\/#organization"},"potentialAction":[{"@type":"SearchAction","target":{"@type":"EntryPoint","urlTemplate":"https:\/\/rutana.lt\/?s={search_term_string}"},"query-input":{"@type":"PropertyValueSpecification","valueRequired":true,"valueName":"search_term_string"}}],"inLanguage":"en-US"},{"@type":"Organization","@id":"https:\/\/rutana.lt\/#organization","name":"Rutana - Ra\u0161tin\u0117s reikmenys","url":"https:\/\/rutana.lt\/","logo":{"@type":"ImageObject","inLanguage":"en-US","@id":"https:\/\/rutana.lt\/#\/schema\/logo\/image\/","url":"https:\/\/rutana.lt\/wp-content\/uploads\/2025\/10\/Asset-32.png","contentUrl":"https:\/\/rutana.lt\/wp-content\/uploads\/2025\/10\/Asset-32.png","width":433,"height":119,"caption":"Rutana - Ra\u0161tin\u0117s reikmenys"},"image":{"@id":"https:\/\/rutana.lt\/#\/schema\/logo\/image\/"},"sameAs":["https:\/\/www.facebook.com\/RutanaKanceliarinesPrekes\/"]}]}},"_links":{"self":[{"href":"https:\/\/rutana.lt\/en\/wp-json\/wp\/v2\/product\/12238","targetHints":{"allow":["GET"]}}],"collection":[{"href":"https:\/\/rutana.lt\/en\/wp-json\/wp\/v2\/product"}],"about":[{"href":"https:\/\/rutana.lt\/en\/wp-json\/wp\/v2\/types\/product"}],"replies":[{"embeddable":true,"href":"https:\/\/rutana.lt\/en\/wp-json\/wp\/v2\/comments?post=12238"}],"version-history":[{"count":1,"href":"https:\/\/rutana.lt\/en\/wp-json\/wp\/v2\/product\/12238\/revisions"}],"predecessor-version":[{"id":12289,"href":"https:\/\/rutana.lt\/en\/wp-json\/wp\/v2\/product\/12238\/revisions\/12289"}],"wp:featuredmedia":[{"embeddable":true,"href":"https:\/\/rutana.lt\/en\/wp-json\/wp\/v2\/media\/27737"}],"wp:attachment":[{"href":"https:\/\/rutana.lt\/en\/wp-json\/wp\/v2\/media?parent=12238"}],"wp:term":[{"taxonomy":"product_brand","embeddable":true,"href":"https:\/\/rutana.lt\/en\/wp-json\/wp\/v2\/product_brand?post=12238"},{"taxonomy":"product_cat","embeddable":true,"href":"https:\/\/rutana.lt\/en\/wp-json\/wp\/v2\/product_cat?post=12238"},{"taxonomy":"product_tag","embeddable":true,"href":"https:\/\/rutana.lt\/en\/wp-json\/wp\/v2\/product_tag?post=12238"}],"curies":[{"name":"wp","href":"https:\/\/api.w.org\/{rel}","templated":true}]}}