{"id":12073,"date":"2025-09-03T09:20:52","date_gmt":"2025-09-03T07:20:52","guid":{"rendered":"https:\/\/rutana.webdemo.lt\/?post_type=product&#038;p=12073"},"modified":"2026-03-04T17:37:15","modified_gmt":"2026-03-04T15:37:15","slug":"rasalo-buteliukas-t6641-juodas-epson-c13t66414a","status":"publish","type":"product","link":"https:\/\/rutana.lt\/en\/product\/rasalo-buteliukas-t6641-juodas-epson-c13t66414a\/","title":{"rendered":"Ra\u0161alo buteliukas T6641 juodas Epson C13T66414A"},"content":{"rendered":"<div>Originalus ra\u0161alas buteliuke, tinkantis Epson gamintojo spausdintuvams: Epson L100, L110, L120, L130, L132, L200, L210, L220, L222, L300, L310, L312, L350, L355, L362, L364, L365, L366, L382, L386, L455, L456, L486, L550, L555, L565, L566, L1300, EcoTank ITS L3050, L3060, L3070.<\/div>\n<div><\/div>\n<div>Buteliuko talpa: 70 ml<\/div>\n<div>Spalva: juoda<\/div>\n<div>\n<p style=\"margin-bottom: 10px;\">Spausdinimo technologija: ra\u0161alinis<\/p>\n<p style=\"margin-bottom: 10px;\">Puslapi\u0173 skai\u010dius: 4500<\/p>\n<p style=\"margin-bottom: 10px;\">Gamintojo kodas: C13T66414A<\/p>\n<p style=\"margin-bottom: 10px;\">Gamintojas: Epson<\/p>\n<p style=\"margin-bottom: 10px;\">\n<\/div>","protected":false},"excerpt":{"rendered":"<p>Originalus ra\u0161alas buteliuke, tinkantis Epson gamintojo spausdintuvams.<\/p>","protected":false},"featured_media":27672,"comment_status":"open","ping_status":"closed","template":"","meta":{"_season_start":"","_season_end":"","_season_days":"","_season_months":"","_season_auto_visibility":"1"},"product_brand":[797],"product_cat":[1886],"product_tag":[],"class_list":{"0":"post-12073","1":"product","2":"type-product","3":"status-publish","4":"has-post-thumbnail","6":"product_brand-epson","7":"product_cat-originalios-kasetes-rasaliniams-spausdintuvams","9":"first","10":"instock","11":"taxable","12":"shipping-taxable","13":"purchasable","14":"product-type-simple"},"yoast_head":"<!-- This site is optimized with the Yoast SEO plugin v26.1.1 - https:\/\/yoast.com\/wordpress\/plugins\/seo\/ -->\n<title>Ra\u0161alo buteliukas T6641 juodas Epson C13T66414A - Rutana - Ra\u0161tin\u0117s reikmenys<\/title>\n<meta name=\"robots\" content=\"index, follow, max-snippet:-1, max-image-preview:large, max-video-preview:-1\" \/>\n<link rel=\"canonical\" href=\"https:\/\/rutana.lt\/en\/product\/rasalo-buteliukas-t6641-juodas-epson-c13t66414a\/\" \/>\n<meta property=\"og:locale\" content=\"en_US\" \/>\n<meta property=\"og:type\" content=\"article\" \/>\n<meta property=\"og:title\" content=\"Ra\u0161alo buteliukas T6641 juodas Epson C13T66414A - Rutana - Ra\u0161tin\u0117s reikmenys\" \/>\n<meta property=\"og:description\" content=\"Originalus ra\u0161alas buteliuke, tinkantis Epson gamintojo spausdintuvams.\" \/>\n<meta property=\"og:url\" content=\"https:\/\/rutana.lt\/en\/product\/rasalo-buteliukas-t6641-juodas-epson-c13t66414a\/\" \/>\n<meta property=\"og:site_name\" content=\"Rutana - Ra\u0161tin\u0117s reikmenys\" \/>\n<meta property=\"article:publisher\" content=\"https:\/\/www.facebook.com\/RutanaKanceliarinesPrekes\/\" \/>\n<meta property=\"article:modified_time\" content=\"2026-03-04T15:37:15+00:00\" \/>\n<meta property=\"og:image\" content=\"https:\/\/rutana.lt\/wp-content\/uploads\/2025\/09\/B031-124-1.jpg?v=1763619677\" \/>\n\t<meta property=\"og:image:width\" content=\"471\" \/>\n\t<meta property=\"og:image:height\" content=\"550\" \/>\n\t<meta property=\"og:image:type\" content=\"image\/jpeg\" \/>\n<meta name=\"twitter:card\" content=\"summary_large_image\" \/>\n<meta name=\"twitter:label1\" content=\"Est. reading time\" \/>\n\t<meta name=\"twitter:data1\" content=\"1 minute\" \/>\n<script type=\"application\/ld+json\" class=\"yoast-schema-graph\">{\"@context\":\"https:\/\/schema.org\",\"@graph\":[{\"@type\":\"WebPage\",\"@id\":\"https:\/\/rutana.lt\/produktas\/rasalo-buteliukas-t6641-juodas-epson-c13t66414a\/\",\"url\":\"https:\/\/rutana.lt\/produktas\/rasalo-buteliukas-t6641-juodas-epson-c13t66414a\/\",\"name\":\"Ra\u0161alo buteliukas T6641 juodas Epson C13T66414A - Rutana - Ra\u0161tin\u0117s reikmenys\",\"isPartOf\":{\"@id\":\"https:\/\/rutana.lt\/#website\"},\"primaryImageOfPage\":{\"@id\":\"https:\/\/rutana.lt\/produktas\/rasalo-buteliukas-t6641-juodas-epson-c13t66414a\/#primaryimage\"},\"image\":{\"@id\":\"https:\/\/rutana.lt\/produktas\/rasalo-buteliukas-t6641-juodas-epson-c13t66414a\/#primaryimage\"},\"thumbnailUrl\":\"https:\/\/rutana.lt\/wp-content\/uploads\/2025\/09\/B031-124-1.jpg?v=1763619677\",\"datePublished\":\"2025-09-03T07:20:52+00:00\",\"dateModified\":\"2026-03-04T15:37:15+00:00\",\"breadcrumb\":{\"@id\":\"https:\/\/rutana.lt\/produktas\/rasalo-buteliukas-t6641-juodas-epson-c13t66414a\/#breadcrumb\"},\"inLanguage\":\"en-US\",\"potentialAction\":[{\"@type\":\"ReadAction\",\"target\":[\"https:\/\/rutana.lt\/produktas\/rasalo-buteliukas-t6641-juodas-epson-c13t66414a\/\"]}]},{\"@type\":\"ImageObject\",\"inLanguage\":\"en-US\",\"@id\":\"https:\/\/rutana.lt\/produktas\/rasalo-buteliukas-t6641-juodas-epson-c13t66414a\/#primaryimage\",\"url\":\"https:\/\/rutana.lt\/wp-content\/uploads\/2025\/09\/B031-124-1.jpg?v=1763619677\",\"contentUrl\":\"https:\/\/rutana.lt\/wp-content\/uploads\/2025\/09\/B031-124-1.jpg?v=1763619677\",\"width\":471,\"height\":550},{\"@type\":\"BreadcrumbList\",\"@id\":\"https:\/\/rutana.lt\/produktas\/rasalo-buteliukas-t6641-juodas-epson-c13t66414a\/#breadcrumb\",\"itemListElement\":[{\"@type\":\"ListItem\",\"position\":1,\"name\":\"Home\",\"item\":\"https:\/\/rutana.lt\/\"},{\"@type\":\"ListItem\",\"position\":2,\"name\":\"Parduotuv\u0117\",\"item\":\"https:\/\/rutana.lt\/parduotuve\/\"},{\"@type\":\"ListItem\",\"position\":3,\"name\":\"Ra\u0161alo buteliukas T6641 juodas Epson C13T66414A\"}]},{\"@type\":\"WebSite\",\"@id\":\"https:\/\/rutana.lt\/#website\",\"url\":\"https:\/\/rutana.lt\/\",\"name\":\"Rutana - Ra\u0161tin\u0117s reikmenys\",\"description\":\"Prekiaujame pasaulin\u0117je rinkoje pripa\u017eintomis, kokybi\u0161komis biuro prek\u0117mis toki\u0173  gamintoj\u0173 kaip: Schneider, Esselte, Novus, 3M, Faber-Castell, Citizen, Milan, Leitz, Colop, Zebra, Staedtler, Durable, Tork, Parker, Waterman ir kt.\",\"publisher\":{\"@id\":\"https:\/\/rutana.lt\/#organization\"},\"potentialAction\":[{\"@type\":\"SearchAction\",\"target\":{\"@type\":\"EntryPoint\",\"urlTemplate\":\"https:\/\/rutana.lt\/?s={search_term_string}\"},\"query-input\":{\"@type\":\"PropertyValueSpecification\",\"valueRequired\":true,\"valueName\":\"search_term_string\"}}],\"inLanguage\":\"en-US\"},{\"@type\":\"Organization\",\"@id\":\"https:\/\/rutana.lt\/#organization\",\"name\":\"Rutana - Ra\u0161tin\u0117s reikmenys\",\"url\":\"https:\/\/rutana.lt\/\",\"logo\":{\"@type\":\"ImageObject\",\"inLanguage\":\"en-US\",\"@id\":\"https:\/\/rutana.lt\/#\/schema\/logo\/image\/\",\"url\":\"https:\/\/rutana.lt\/wp-content\/uploads\/2025\/10\/Asset-32.png\",\"contentUrl\":\"https:\/\/rutana.lt\/wp-content\/uploads\/2025\/10\/Asset-32.png\",\"width\":433,\"height\":119,\"caption\":\"Rutana - Ra\u0161tin\u0117s reikmenys\"},\"image\":{\"@id\":\"https:\/\/rutana.lt\/#\/schema\/logo\/image\/\"},\"sameAs\":[\"https:\/\/www.facebook.com\/RutanaKanceliarinesPrekes\/\"]}]}<\/script>\n<!-- \/ Yoast SEO plugin. -->","yoast_head_json":{"title":"Ra\u0161alo buteliukas T6641 juodas Epson C13T66414A - Rutana - Ra\u0161tin\u0117s reikmenys","robots":{"index":"index","follow":"follow","max-snippet":"max-snippet:-1","max-image-preview":"max-image-preview:large","max-video-preview":"max-video-preview:-1"},"canonical":"https:\/\/rutana.lt\/en\/product\/rasalo-buteliukas-t6641-juodas-epson-c13t66414a\/","og_locale":"en_US","og_type":"article","og_title":"Ra\u0161alo buteliukas T6641 juodas Epson C13T66414A - Rutana - Ra\u0161tin\u0117s reikmenys","og_description":"Originalus ra\u0161alas buteliuke, tinkantis Epson gamintojo spausdintuvams.","og_url":"https:\/\/rutana.lt\/en\/product\/rasalo-buteliukas-t6641-juodas-epson-c13t66414a\/","og_site_name":"Rutana - Ra\u0161tin\u0117s reikmenys","article_publisher":"https:\/\/www.facebook.com\/RutanaKanceliarinesPrekes\/","article_modified_time":"2026-03-04T15:37:15+00:00","og_image":[{"width":471,"height":550,"url":"https:\/\/rutana.lt\/wp-content\/uploads\/2025\/09\/B031-124-1.jpg?v=1763619677","type":"image\/jpeg"}],"twitter_card":"summary_large_image","twitter_misc":{"Est. reading time":"1 minute"},"schema":{"@context":"https:\/\/schema.org","@graph":[{"@type":"WebPage","@id":"https:\/\/rutana.lt\/produktas\/rasalo-buteliukas-t6641-juodas-epson-c13t66414a\/","url":"https:\/\/rutana.lt\/produktas\/rasalo-buteliukas-t6641-juodas-epson-c13t66414a\/","name":"Ra\u0161alo buteliukas T6641 juodas Epson C13T66414A - Rutana - Ra\u0161tin\u0117s reikmenys","isPartOf":{"@id":"https:\/\/rutana.lt\/#website"},"primaryImageOfPage":{"@id":"https:\/\/rutana.lt\/produktas\/rasalo-buteliukas-t6641-juodas-epson-c13t66414a\/#primaryimage"},"image":{"@id":"https:\/\/rutana.lt\/produktas\/rasalo-buteliukas-t6641-juodas-epson-c13t66414a\/#primaryimage"},"thumbnailUrl":"https:\/\/rutana.lt\/wp-content\/uploads\/2025\/09\/B031-124-1.jpg?v=1763619677","datePublished":"2025-09-03T07:20:52+00:00","dateModified":"2026-03-04T15:37:15+00:00","breadcrumb":{"@id":"https:\/\/rutana.lt\/produktas\/rasalo-buteliukas-t6641-juodas-epson-c13t66414a\/#breadcrumb"},"inLanguage":"en-US","potentialAction":[{"@type":"ReadAction","target":["https:\/\/rutana.lt\/produktas\/rasalo-buteliukas-t6641-juodas-epson-c13t66414a\/"]}]},{"@type":"ImageObject","inLanguage":"en-US","@id":"https:\/\/rutana.lt\/produktas\/rasalo-buteliukas-t6641-juodas-epson-c13t66414a\/#primaryimage","url":"https:\/\/rutana.lt\/wp-content\/uploads\/2025\/09\/B031-124-1.jpg?v=1763619677","contentUrl":"https:\/\/rutana.lt\/wp-content\/uploads\/2025\/09\/B031-124-1.jpg?v=1763619677","width":471,"height":550},{"@type":"BreadcrumbList","@id":"https:\/\/rutana.lt\/produktas\/rasalo-buteliukas-t6641-juodas-epson-c13t66414a\/#breadcrumb","itemListElement":[{"@type":"ListItem","position":1,"name":"Home","item":"https:\/\/rutana.lt\/"},{"@type":"ListItem","position":2,"name":"Parduotuv\u0117","item":"https:\/\/rutana.lt\/parduotuve\/"},{"@type":"ListItem","position":3,"name":"Ra\u0161alo buteliukas T6641 juodas Epson C13T66414A"}]},{"@type":"WebSite","@id":"https:\/\/rutana.lt\/#website","url":"https:\/\/rutana.lt\/","name":"Rutana - Ra\u0161tin\u0117s reikmenys","description":"Prekiaujame pasaulin\u0117je rinkoje pripa\u017eintomis, kokybi\u0161komis biuro prek\u0117mis toki\u0173  gamintoj\u0173 kaip: Schneider, Esselte, Novus, 3M, Faber-Castell, Citizen, Milan, Leitz, Colop, Zebra, Staedtler, Durable, Tork, Parker, Waterman ir kt.","publisher":{"@id":"https:\/\/rutana.lt\/#organization"},"potentialAction":[{"@type":"SearchAction","target":{"@type":"EntryPoint","urlTemplate":"https:\/\/rutana.lt\/?s={search_term_string}"},"query-input":{"@type":"PropertyValueSpecification","valueRequired":true,"valueName":"search_term_string"}}],"inLanguage":"en-US"},{"@type":"Organization","@id":"https:\/\/rutana.lt\/#organization","name":"Rutana - Ra\u0161tin\u0117s reikmenys","url":"https:\/\/rutana.lt\/","logo":{"@type":"ImageObject","inLanguage":"en-US","@id":"https:\/\/rutana.lt\/#\/schema\/logo\/image\/","url":"https:\/\/rutana.lt\/wp-content\/uploads\/2025\/10\/Asset-32.png","contentUrl":"https:\/\/rutana.lt\/wp-content\/uploads\/2025\/10\/Asset-32.png","width":433,"height":119,"caption":"Rutana - Ra\u0161tin\u0117s reikmenys"},"image":{"@id":"https:\/\/rutana.lt\/#\/schema\/logo\/image\/"},"sameAs":["https:\/\/www.facebook.com\/RutanaKanceliarinesPrekes\/"]}]}},"_links":{"self":[{"href":"https:\/\/rutana.lt\/en\/wp-json\/wp\/v2\/product\/12073","targetHints":{"allow":["GET"]}}],"collection":[{"href":"https:\/\/rutana.lt\/en\/wp-json\/wp\/v2\/product"}],"about":[{"href":"https:\/\/rutana.lt\/en\/wp-json\/wp\/v2\/types\/product"}],"replies":[{"embeddable":true,"href":"https:\/\/rutana.lt\/en\/wp-json\/wp\/v2\/comments?post=12073"}],"version-history":[{"count":3,"href":"https:\/\/rutana.lt\/en\/wp-json\/wp\/v2\/product\/12073\/revisions"}],"predecessor-version":[{"id":35302,"href":"https:\/\/rutana.lt\/en\/wp-json\/wp\/v2\/product\/12073\/revisions\/35302"}],"wp:featuredmedia":[{"embeddable":true,"href":"https:\/\/rutana.lt\/en\/wp-json\/wp\/v2\/media\/27672"}],"wp:attachment":[{"href":"https:\/\/rutana.lt\/en\/wp-json\/wp\/v2\/media?parent=12073"}],"wp:term":[{"taxonomy":"product_brand","embeddable":true,"href":"https:\/\/rutana.lt\/en\/wp-json\/wp\/v2\/product_brand?post=12073"},{"taxonomy":"product_cat","embeddable":true,"href":"https:\/\/rutana.lt\/en\/wp-json\/wp\/v2\/product_cat?post=12073"},{"taxonomy":"product_tag","embeddable":true,"href":"https:\/\/rutana.lt\/en\/wp-json\/wp\/v2\/product_tag?post=12073"}],"curies":[{"name":"wp","href":"https:\/\/api.w.org\/{rel}","templated":true}]}}