{"id":12008,"date":"2025-09-03T09:20:28","date_gmt":"2025-09-03T07:20:28","guid":{"rendered":"https:\/\/rutana.webdemo.lt\/?post_type=product&#038;p=12008"},"modified":"2025-10-13T15:40:30","modified_gmt":"2025-10-13T13:40:30","slug":"plunksnakotis-urban-premium-aureate-powder-gt-parker-1931571","status":"publish","type":"product","link":"https:\/\/rutana.lt\/en\/product\/plunksnakotis-urban-premium-aureate-powder-gt-parker-1931571\/","title":{"rendered":"Plunksnakotis Urban Premium Aureate Powder GT Parker 1931571"},"content":{"rendered":"<p style=\"margin-bottom: 10px;\">Plunksnakotis Urban yra stilingas naujos kartos ra\u0161iklis, kuris i\u0161 naujo apibr\u0117\u017eia ra\u0161ymo proces\u0105 \u0161iuolaikiniame pasaulyje ir nustato naujas taisykles. Jis sujungia ergonomik\u0105 su stiliumi, su ne\u012fprasta kulkos forma ir puikiu balansu ra\u0161ant. Naujas parkerio stilius atitinka \u201eParker\u201c prek\u0117s \u017eenklo tapatyb\u0119, kartu atspind\u0117damas naujausias spalv\u0173 tendencijas. Plunksnako\u010dio u\u017edaromas antgalis ir laikymo zona pagaminti i\u0161 \u017ealvario ir padengti 23K auksu. Plunksnako\u010diui naudojamos Parker ra\u0161alo kapsul\u0117s arba pritraukimo mechanizmas. Parduodamas prabangioje Parker dovan\u0173 d\u0117\u017eut\u0117je.<\/p>\n<p style=\"margin-bottom: 10px;\">Plunksna: ner\u016bdijantis plienas, graviruota<\/p>\n<p style=\"margin-bottom: 10px;\">Plunksnos br\u0117\u017eio storis: F ( 0.8 mm )<\/p>\n<p style=\"margin-bottom: 10px;\">Korpusas: sidabro spalvos, aliuminis ir juvelyrinis \u017ealvaris<\/p>\n<p style=\"margin-bottom: 10px;\">Kilm\u0117s \u0161alis: Pranc\u016bzija<\/p>\n<p style=\"margin-bottom: 10px;\"><\/p>\n<p style=\"margin-bottom: 10px;\"><\/p>","protected":false},"excerpt":{"rendered":"<p>Plunksnakotis Urban yra stilingas naujos kartos ra\u0161iklis, kuris i\u0161 naujo apibr\u0117\u017eia ra\u0161ymo proces\u0105 \u0161iuolaikiniame pasaulyje ir nustato naujas taisykles. Jis sujungia ergonomik\u0105 su stiliumi, su ne\u012fprasta kulkos forma ir puikiu balansu ra\u0161ant. Naujas parkerio stilius atitinka \u201eParker\u201c prek\u0117s \u017eenklo tapatyb\u0119, kartu atspind\u0117damas naujausias spalv\u0173 tendencijas. Plunksnako\u010dio u\u017edaromas antgalis ir laikymo zona pagaminti i\u0161 \u017ealvario ir [&hellip;]<\/p>","protected":false},"featured_media":27659,"comment_status":"open","ping_status":"closed","template":"","meta":{"_season_start":"","_season_end":"","_season_days":"","_season_months":"","_season_auto_visibility":""},"product_brand":[559],"product_cat":[1689],"product_tag":[],"class_list":{"0":"post-12008","1":"product","2":"type-product","3":"status-publish","4":"has-post-thumbnail","6":"product_brand-parker","7":"product_cat-prabangus-parkeriai","9":"first","10":"instock","11":"taxable","12":"shipping-taxable","13":"purchasable","14":"product-type-simple"},"yoast_head":"<!-- This site is optimized with the Yoast SEO plugin v27.4 - https:\/\/yoast.com\/product\/yoast-seo-wordpress\/ -->\n<title>Plunksnakotis Urban Premium Aureate Powder GT Parker 1931571 - Rutana - Ra\u0161tin\u0117s reikmenys<\/title>\n<meta name=\"robots\" content=\"index, follow, max-snippet:-1, max-image-preview:large, max-video-preview:-1\" \/>\n<link rel=\"canonical\" href=\"https:\/\/rutana.lt\/en\/product\/plunksnakotis-urban-premium-aureate-powder-gt-parker-1931571\/\" \/>\n<meta property=\"og:locale\" content=\"en_US\" \/>\n<meta property=\"og:type\" content=\"article\" \/>\n<meta property=\"og:title\" content=\"Plunksnakotis Urban Premium Aureate Powder GT Parker 1931571 - Rutana - Ra\u0161tin\u0117s reikmenys\" \/>\n<meta property=\"og:description\" content=\"Plunksnakotis Urban yra stilingas naujos kartos ra\u0161iklis, kuris i\u0161 naujo apibr\u0117\u017eia ra\u0161ymo proces\u0105 \u0161iuolaikiniame pasaulyje ir nustato naujas taisykles. Jis sujungia ergonomik\u0105 su stiliumi, su ne\u012fprasta kulkos forma ir puikiu balansu ra\u0161ant. Naujas parkerio stilius atitinka \u201eParker\u201c prek\u0117s \u017eenklo tapatyb\u0119, kartu atspind\u0117damas naujausias spalv\u0173 tendencijas. Plunksnako\u010dio u\u017edaromas antgalis ir laikymo zona pagaminti i\u0161 \u017ealvario ir [&hellip;]\" \/>\n<meta property=\"og:url\" content=\"https:\/\/rutana.lt\/en\/product\/plunksnakotis-urban-premium-aureate-powder-gt-parker-1931571\/\" \/>\n<meta property=\"og:site_name\" content=\"Rutana - Ra\u0161tin\u0117s reikmenys\" \/>\n<meta property=\"article:publisher\" content=\"https:\/\/www.facebook.com\/RutanaKanceliarinesPrekes\/\" \/>\n<meta property=\"article:modified_time\" content=\"2025-10-13T13:40:30+00:00\" \/>\n<meta property=\"og:image\" content=\"https:\/\/rutana.lt\/wp-content\/uploads\/2025\/09\/C051-369.jpg\" \/>\n\t<meta property=\"og:image:width\" content=\"481\" \/>\n\t<meta property=\"og:image:height\" content=\"500\" \/>\n\t<meta property=\"og:image:type\" content=\"image\/jpeg\" \/>\n<meta name=\"twitter:card\" content=\"summary_large_image\" \/>\n<meta name=\"twitter:label1\" content=\"Est. reading time\" \/>\n\t<meta name=\"twitter:data1\" content=\"1 minute\" \/>\n<script type=\"application\/ld+json\" class=\"yoast-schema-graph\">{\"@context\":\"https:\\\/\\\/schema.org\",\"@graph\":[{\"@type\":\"WebPage\",\"@id\":\"https:\\\/\\\/rutana.lt\\\/produktas\\\/plunksnakotis-urban-premium-aureate-powder-gt-parker-1931571\\\/\",\"url\":\"https:\\\/\\\/rutana.lt\\\/produktas\\\/plunksnakotis-urban-premium-aureate-powder-gt-parker-1931571\\\/\",\"name\":\"Plunksnakotis Urban Premium Aureate Powder GT Parker 1931571 - Rutana - Ra\u0161tin\u0117s reikmenys\",\"isPartOf\":{\"@id\":\"https:\\\/\\\/rutana.lt\\\/#website\"},\"primaryImageOfPage\":{\"@id\":\"https:\\\/\\\/rutana.lt\\\/produktas\\\/plunksnakotis-urban-premium-aureate-powder-gt-parker-1931571\\\/#primaryimage\"},\"image\":{\"@id\":\"https:\\\/\\\/rutana.lt\\\/produktas\\\/plunksnakotis-urban-premium-aureate-powder-gt-parker-1931571\\\/#primaryimage\"},\"thumbnailUrl\":\"https:\\\/\\\/rutana.lt\\\/wp-content\\\/uploads\\\/2025\\\/09\\\/C051-369-4.jpg?v=1763619693\",\"datePublished\":\"2025-09-03T07:20:28+00:00\",\"dateModified\":\"2025-10-13T13:40:30+00:00\",\"breadcrumb\":{\"@id\":\"https:\\\/\\\/rutana.lt\\\/produktas\\\/plunksnakotis-urban-premium-aureate-powder-gt-parker-1931571\\\/#breadcrumb\"},\"inLanguage\":\"en-US\",\"potentialAction\":[{\"@type\":\"ReadAction\",\"target\":[\"https:\\\/\\\/rutana.lt\\\/produktas\\\/plunksnakotis-urban-premium-aureate-powder-gt-parker-1931571\\\/\"]}]},{\"@type\":\"ImageObject\",\"inLanguage\":\"en-US\",\"@id\":\"https:\\\/\\\/rutana.lt\\\/produktas\\\/plunksnakotis-urban-premium-aureate-powder-gt-parker-1931571\\\/#primaryimage\",\"url\":\"https:\\\/\\\/rutana.lt\\\/wp-content\\\/uploads\\\/2025\\\/09\\\/C051-369-4.jpg?v=1763619693\",\"contentUrl\":\"https:\\\/\\\/rutana.lt\\\/wp-content\\\/uploads\\\/2025\\\/09\\\/C051-369-4.jpg?v=1763619693\",\"width\":481,\"height\":500},{\"@type\":\"BreadcrumbList\",\"@id\":\"https:\\\/\\\/rutana.lt\\\/produktas\\\/plunksnakotis-urban-premium-aureate-powder-gt-parker-1931571\\\/#breadcrumb\",\"itemListElement\":[{\"@type\":\"ListItem\",\"position\":1,\"name\":\"Home\",\"item\":\"https:\\\/\\\/rutana.lt\\\/\"},{\"@type\":\"ListItem\",\"position\":2,\"name\":\"Parduotuv\u0117\",\"item\":\"https:\\\/\\\/rutana.lt\\\/parduotuve\\\/\"},{\"@type\":\"ListItem\",\"position\":3,\"name\":\"Plunksnakotis Urban Premium Aureate Powder GT Parker 1931571\"}]},{\"@type\":\"WebSite\",\"@id\":\"https:\\\/\\\/rutana.lt\\\/#website\",\"url\":\"https:\\\/\\\/rutana.lt\\\/\",\"name\":\"Rutana - Ra\u0161tin\u0117s reikmenys\",\"description\":\"Prekiaujame pasaulin\u0117je rinkoje pripa\u017eintomis, kokybi\u0161komis biuro prek\u0117mis toki\u0173  gamintoj\u0173 kaip: Schneider, Esselte, Novus, 3M, Faber-Castell, Citizen, Milan, Leitz, Colop, Zebra, Staedtler, Durable, Tork, Parker, Waterman ir kt.\",\"publisher\":{\"@id\":\"https:\\\/\\\/rutana.lt\\\/#organization\"},\"potentialAction\":[{\"@type\":\"SearchAction\",\"target\":{\"@type\":\"EntryPoint\",\"urlTemplate\":\"https:\\\/\\\/rutana.lt\\\/?s={search_term_string}\"},\"query-input\":{\"@type\":\"PropertyValueSpecification\",\"valueRequired\":true,\"valueName\":\"search_term_string\"}}],\"inLanguage\":\"en-US\"},{\"@type\":\"Organization\",\"@id\":\"https:\\\/\\\/rutana.lt\\\/#organization\",\"name\":\"Rutana - Ra\u0161tin\u0117s reikmenys\",\"url\":\"https:\\\/\\\/rutana.lt\\\/\",\"logo\":{\"@type\":\"ImageObject\",\"inLanguage\":\"en-US\",\"@id\":\"https:\\\/\\\/rutana.lt\\\/#\\\/schema\\\/logo\\\/image\\\/\",\"url\":\"https:\\\/\\\/rutana.lt\\\/wp-content\\\/uploads\\\/2025\\\/10\\\/Asset-32.png\",\"contentUrl\":\"https:\\\/\\\/rutana.lt\\\/wp-content\\\/uploads\\\/2025\\\/10\\\/Asset-32.png\",\"width\":433,\"height\":119,\"caption\":\"Rutana - Ra\u0161tin\u0117s reikmenys\"},\"image\":{\"@id\":\"https:\\\/\\\/rutana.lt\\\/#\\\/schema\\\/logo\\\/image\\\/\"},\"sameAs\":[\"https:\\\/\\\/www.facebook.com\\\/RutanaKanceliarinesPrekes\\\/\"]}]}<\/script>\n<!-- \/ Yoast SEO plugin. -->","yoast_head_json":{"title":"Plunksnakotis Urban Premium Aureate Powder GT Parker 1931571 - Rutana - Ra\u0161tin\u0117s reikmenys","robots":{"index":"index","follow":"follow","max-snippet":"max-snippet:-1","max-image-preview":"max-image-preview:large","max-video-preview":"max-video-preview:-1"},"canonical":"https:\/\/rutana.lt\/en\/product\/plunksnakotis-urban-premium-aureate-powder-gt-parker-1931571\/","og_locale":"en_US","og_type":"article","og_title":"Plunksnakotis Urban Premium Aureate Powder GT Parker 1931571 - Rutana - Ra\u0161tin\u0117s reikmenys","og_description":"Plunksnakotis Urban yra stilingas naujos kartos ra\u0161iklis, kuris i\u0161 naujo apibr\u0117\u017eia ra\u0161ymo proces\u0105 \u0161iuolaikiniame pasaulyje ir nustato naujas taisykles. Jis sujungia ergonomik\u0105 su stiliumi, su ne\u012fprasta kulkos forma ir puikiu balansu ra\u0161ant. Naujas parkerio stilius atitinka \u201eParker\u201c prek\u0117s \u017eenklo tapatyb\u0119, kartu atspind\u0117damas naujausias spalv\u0173 tendencijas. Plunksnako\u010dio u\u017edaromas antgalis ir laikymo zona pagaminti i\u0161 \u017ealvario ir [&hellip;]","og_url":"https:\/\/rutana.lt\/en\/product\/plunksnakotis-urban-premium-aureate-powder-gt-parker-1931571\/","og_site_name":"Rutana - Ra\u0161tin\u0117s reikmenys","article_publisher":"https:\/\/www.facebook.com\/RutanaKanceliarinesPrekes\/","article_modified_time":"2025-10-13T13:40:30+00:00","og_image":[{"width":481,"height":500,"url":"https:\/\/rutana.lt\/wp-content\/uploads\/2025\/09\/C051-369.jpg","type":"image\/jpeg"}],"twitter_card":"summary_large_image","twitter_misc":{"Est. reading time":"1 minute"},"schema":{"@context":"https:\/\/schema.org","@graph":[{"@type":"WebPage","@id":"https:\/\/rutana.lt\/produktas\/plunksnakotis-urban-premium-aureate-powder-gt-parker-1931571\/","url":"https:\/\/rutana.lt\/produktas\/plunksnakotis-urban-premium-aureate-powder-gt-parker-1931571\/","name":"Plunksnakotis Urban Premium Aureate Powder GT Parker 1931571 - Rutana - Ra\u0161tin\u0117s reikmenys","isPartOf":{"@id":"https:\/\/rutana.lt\/#website"},"primaryImageOfPage":{"@id":"https:\/\/rutana.lt\/produktas\/plunksnakotis-urban-premium-aureate-powder-gt-parker-1931571\/#primaryimage"},"image":{"@id":"https:\/\/rutana.lt\/produktas\/plunksnakotis-urban-premium-aureate-powder-gt-parker-1931571\/#primaryimage"},"thumbnailUrl":"https:\/\/rutana.lt\/wp-content\/uploads\/2025\/09\/C051-369-4.jpg?v=1763619693","datePublished":"2025-09-03T07:20:28+00:00","dateModified":"2025-10-13T13:40:30+00:00","breadcrumb":{"@id":"https:\/\/rutana.lt\/produktas\/plunksnakotis-urban-premium-aureate-powder-gt-parker-1931571\/#breadcrumb"},"inLanguage":"en-US","potentialAction":[{"@type":"ReadAction","target":["https:\/\/rutana.lt\/produktas\/plunksnakotis-urban-premium-aureate-powder-gt-parker-1931571\/"]}]},{"@type":"ImageObject","inLanguage":"en-US","@id":"https:\/\/rutana.lt\/produktas\/plunksnakotis-urban-premium-aureate-powder-gt-parker-1931571\/#primaryimage","url":"https:\/\/rutana.lt\/wp-content\/uploads\/2025\/09\/C051-369-4.jpg?v=1763619693","contentUrl":"https:\/\/rutana.lt\/wp-content\/uploads\/2025\/09\/C051-369-4.jpg?v=1763619693","width":481,"height":500},{"@type":"BreadcrumbList","@id":"https:\/\/rutana.lt\/produktas\/plunksnakotis-urban-premium-aureate-powder-gt-parker-1931571\/#breadcrumb","itemListElement":[{"@type":"ListItem","position":1,"name":"Home","item":"https:\/\/rutana.lt\/"},{"@type":"ListItem","position":2,"name":"Parduotuv\u0117","item":"https:\/\/rutana.lt\/parduotuve\/"},{"@type":"ListItem","position":3,"name":"Plunksnakotis Urban Premium Aureate Powder GT Parker 1931571"}]},{"@type":"WebSite","@id":"https:\/\/rutana.lt\/#website","url":"https:\/\/rutana.lt\/","name":"Rutana - Ra\u0161tin\u0117s reikmenys","description":"Prekiaujame pasaulin\u0117je rinkoje pripa\u017eintomis, kokybi\u0161komis biuro prek\u0117mis toki\u0173  gamintoj\u0173 kaip: Schneider, Esselte, Novus, 3M, Faber-Castell, Citizen, Milan, Leitz, Colop, Zebra, Staedtler, Durable, Tork, Parker, Waterman ir kt.","publisher":{"@id":"https:\/\/rutana.lt\/#organization"},"potentialAction":[{"@type":"SearchAction","target":{"@type":"EntryPoint","urlTemplate":"https:\/\/rutana.lt\/?s={search_term_string}"},"query-input":{"@type":"PropertyValueSpecification","valueRequired":true,"valueName":"search_term_string"}}],"inLanguage":"en-US"},{"@type":"Organization","@id":"https:\/\/rutana.lt\/#organization","name":"Rutana - Ra\u0161tin\u0117s reikmenys","url":"https:\/\/rutana.lt\/","logo":{"@type":"ImageObject","inLanguage":"en-US","@id":"https:\/\/rutana.lt\/#\/schema\/logo\/image\/","url":"https:\/\/rutana.lt\/wp-content\/uploads\/2025\/10\/Asset-32.png","contentUrl":"https:\/\/rutana.lt\/wp-content\/uploads\/2025\/10\/Asset-32.png","width":433,"height":119,"caption":"Rutana - Ra\u0161tin\u0117s reikmenys"},"image":{"@id":"https:\/\/rutana.lt\/#\/schema\/logo\/image\/"},"sameAs":["https:\/\/www.facebook.com\/RutanaKanceliarinesPrekes\/"]}]}},"_links":{"self":[{"href":"https:\/\/rutana.lt\/en\/wp-json\/wp\/v2\/product\/12008","targetHints":{"allow":["GET"]}}],"collection":[{"href":"https:\/\/rutana.lt\/en\/wp-json\/wp\/v2\/product"}],"about":[{"href":"https:\/\/rutana.lt\/en\/wp-json\/wp\/v2\/types\/product"}],"replies":[{"embeddable":true,"href":"https:\/\/rutana.lt\/en\/wp-json\/wp\/v2\/comments?post=12008"}],"version-history":[{"count":1,"href":"https:\/\/rutana.lt\/en\/wp-json\/wp\/v2\/product\/12008\/revisions"}],"predecessor-version":[{"id":12057,"href":"https:\/\/rutana.lt\/en\/wp-json\/wp\/v2\/product\/12008\/revisions\/12057"}],"wp:featuredmedia":[{"embeddable":true,"href":"https:\/\/rutana.lt\/en\/wp-json\/wp\/v2\/media\/27659"}],"wp:attachment":[{"href":"https:\/\/rutana.lt\/en\/wp-json\/wp\/v2\/media?parent=12008"}],"wp:term":[{"taxonomy":"product_brand","embeddable":true,"href":"https:\/\/rutana.lt\/en\/wp-json\/wp\/v2\/product_brand?post=12008"},{"taxonomy":"product_cat","embeddable":true,"href":"https:\/\/rutana.lt\/en\/wp-json\/wp\/v2\/product_cat?post=12008"},{"taxonomy":"product_tag","embeddable":true,"href":"https:\/\/rutana.lt\/en\/wp-json\/wp\/v2\/product_tag?post=12008"}],"curies":[{"name":"wp","href":"https:\/\/api.w.org\/{rel}","templated":true}]}}