{"id":11953,"date":"2025-09-03T09:20:04","date_gmt":"2025-09-03T07:20:04","guid":{"rendered":"https:\/\/rutana.webdemo.lt\/?post_type=product&#038;p=11953"},"modified":"2025-10-13T15:40:26","modified_gmt":"2025-10-13T13:40:26","slug":"ranku-muilo-ir-kremo-rinkinys-dore-350ml-aromatic-89","status":"publish","type":"product","link":"https:\/\/rutana.lt\/en\/product\/ranku-muilo-ir-kremo-rinkinys-dore-350ml-aromatic-89\/","title":{"rendered":"Rank\u0173 muilo ir kremo rinkinys &#8222;Dore&#8221; 350ml Aromatic 89"},"content":{"rendered":"<p>Parfumuot\u0173 produkt\u0173 rinkinys kasdienei rank\u0173 prie\u017ei\u016brai ir puosel\u0117jimui. Skystas rank\u0173 muilas su alaviju ir provitaminais \u0161velniai nuvalys ne\u0161varumus bei apsaugos rankas nuo \u017ealingo aplinkos poveikio, o rank\u0173 kremas su \u0161ilko proteinais ir migdol\u0173 aliejumi akimirksniu nuramins, atgaivins ir pamaitins pavargusi\u0105 ar jautri\u0105 od\u0105. Rankos taps \u0161velnios it \u0161ilkas ir nuostabiai kvep\u0117s. Supakuota prabangioje juodos spalvos popierin\u0117je d\u0117\u017eut\u0117je, puikiai tinka kaip dovana.<br style=\"\"><\/p>\n<p style=\"margin-bottom: 10px;\">&#8222;Dore&#8221; aromatas priklauso ELITE kolekcijai:<\/p>\n<p style=\"margin-bottom: 10px;\"><span style=\"text-align: center;\">Vir\u0161utin\u0117s natos: Karamel\u0117, Apelsinas, Melionas, Laimas, Kartusis Apelsinas, \u017dali\u0173j\u0173 Lap\u0173 Natos, Greipfrutas.<\/span><br style=\"text-align: center;\"><span style=\"text-align: center;\">Vidurin\u0117s natos: Na\u0161lait\u0117, Ro\u017e\u0117, Levanda.<br \/><\/span><span style=\"text-align: center;\">Apatin\u0117s natos: Baltasis Muskusas, Gintaras, Pa\u010diulis.<\/span><\/p>\n<p class=\"MsoNoSpacing\" style=\"margin-bottom: 10px;\">Talpa: 350 ml<\/p>\n<p style=\"margin-bottom: 10px;\">Kvapo pavadinimas: DORE<\/p>\n<p class=\"MsoNoSpacing\" style=\"margin-bottom: 10px;\">Kilm\u0117s \u0161alis: Lietuva<\/p>\n<p style=\"margin-bottom: 10px;\"><br style=\"color: rgb(0, 0, 0); font-size: 14px;\"><\/p>","protected":false},"excerpt":{"rendered":"<p>Parfumuot\u0173 produkt\u0173 rinkinys kasdienei rank\u0173 prie\u017ei\u016brai ir puosel\u0117jimui. Skystas rank\u0173 muilas su alaviju ir provitaminais \u0161velniai nuvalys ne\u0161varumus bei apsaugos rankas nuo \u017ealingo aplinkos poveikio, o rank\u0173 kremas su \u0161ilko proteinais ir migdol\u0173 aliejumi akimirksniu nuramins, atgaivins ir pamaitins pavargusi\u0105 ar jautri\u0105 od\u0105. Rankos taps \u0161velnios it \u0161ilkas ir nuostabiai kvep\u0117s. Supakuota prabangioje juodos spalvos [&hellip;]<\/p>","protected":false},"featured_media":27644,"comment_status":"open","ping_status":"closed","template":"","meta":{"_season_start":"","_season_end":"","_season_days":"","_season_months":"","_season_auto_visibility":""},"product_brand":[789],"product_cat":[1704],"product_tag":[],"class_list":{"0":"post-11953","1":"product","2":"type-product","3":"status-publish","4":"has-post-thumbnail","6":"product_brand-aromatic-89","7":"product_cat-kuno-prieziuros-reikmenys-higienos-priemones-higienos-ir-valymo-priemones","9":"first","10":"instock","11":"taxable","12":"shipping-taxable","13":"purchasable","14":"product-type-simple"},"yoast_head":"<!-- This site is optimized with the Yoast SEO plugin v27.4 - https:\/\/yoast.com\/product\/yoast-seo-wordpress\/ -->\n<title>Rank\u0173 muilo ir kremo rinkinys &quot;Dore&quot; 350ml Aromatic 89 - Rutana - Ra\u0161tin\u0117s reikmenys<\/title>\n<meta name=\"robots\" content=\"index, follow, max-snippet:-1, max-image-preview:large, max-video-preview:-1\" \/>\n<link rel=\"canonical\" href=\"https:\/\/rutana.lt\/en\/product\/ranku-muilo-ir-kremo-rinkinys-dore-350ml-aromatic-89\/\" \/>\n<meta property=\"og:locale\" content=\"en_US\" \/>\n<meta property=\"og:type\" content=\"article\" \/>\n<meta property=\"og:title\" content=\"Rank\u0173 muilo ir kremo rinkinys &quot;Dore&quot; 350ml Aromatic 89 - Rutana - Ra\u0161tin\u0117s reikmenys\" \/>\n<meta property=\"og:description\" content=\"Parfumuot\u0173 produkt\u0173 rinkinys kasdienei rank\u0173 prie\u017ei\u016brai ir puosel\u0117jimui. Skystas rank\u0173 muilas su alaviju ir provitaminais \u0161velniai nuvalys ne\u0161varumus bei apsaugos rankas nuo \u017ealingo aplinkos poveikio, o rank\u0173 kremas su \u0161ilko proteinais ir migdol\u0173 aliejumi akimirksniu nuramins, atgaivins ir pamaitins pavargusi\u0105 ar jautri\u0105 od\u0105. Rankos taps \u0161velnios it \u0161ilkas ir nuostabiai kvep\u0117s. Supakuota prabangioje juodos spalvos [&hellip;]\" \/>\n<meta property=\"og:url\" content=\"https:\/\/rutana.lt\/en\/product\/ranku-muilo-ir-kremo-rinkinys-dore-350ml-aromatic-89\/\" \/>\n<meta property=\"og:site_name\" content=\"Rutana - Ra\u0161tin\u0117s reikmenys\" \/>\n<meta property=\"article:publisher\" content=\"https:\/\/www.facebook.com\/RutanaKanceliarinesPrekes\/\" \/>\n<meta property=\"article:modified_time\" content=\"2025-10-13T13:40:26+00:00\" \/>\n<meta property=\"og:image\" content=\"https:\/\/rutana.lt\/wp-content\/uploads\/2025\/09\/B196-158.jpg\" \/>\n\t<meta property=\"og:image:width\" content=\"600\" \/>\n\t<meta property=\"og:image:height\" content=\"400\" \/>\n\t<meta property=\"og:image:type\" content=\"image\/jpeg\" \/>\n<meta name=\"twitter:card\" content=\"summary_large_image\" \/>\n<meta name=\"twitter:label1\" content=\"Est. reading time\" \/>\n\t<meta name=\"twitter:data1\" content=\"1 minute\" \/>\n<script type=\"application\/ld+json\" class=\"yoast-schema-graph\">{\"@context\":\"https:\\\/\\\/schema.org\",\"@graph\":[{\"@type\":\"WebPage\",\"@id\":\"https:\\\/\\\/rutana.lt\\\/produktas\\\/ranku-muilo-ir-kremo-rinkinys-dore-350ml-aromatic-89\\\/\",\"url\":\"https:\\\/\\\/rutana.lt\\\/produktas\\\/ranku-muilo-ir-kremo-rinkinys-dore-350ml-aromatic-89\\\/\",\"name\":\"Rank\u0173 muilo ir kremo rinkinys \\\"Dore\\\" 350ml Aromatic 89 - Rutana - Ra\u0161tin\u0117s reikmenys\",\"isPartOf\":{\"@id\":\"https:\\\/\\\/rutana.lt\\\/#website\"},\"primaryImageOfPage\":{\"@id\":\"https:\\\/\\\/rutana.lt\\\/produktas\\\/ranku-muilo-ir-kremo-rinkinys-dore-350ml-aromatic-89\\\/#primaryimage\"},\"image\":{\"@id\":\"https:\\\/\\\/rutana.lt\\\/produktas\\\/ranku-muilo-ir-kremo-rinkinys-dore-350ml-aromatic-89\\\/#primaryimage\"},\"thumbnailUrl\":\"https:\\\/\\\/rutana.lt\\\/wp-content\\\/uploads\\\/2025\\\/09\\\/B196-158-1.jpg?v=1763619708\",\"datePublished\":\"2025-09-03T07:20:04+00:00\",\"dateModified\":\"2025-10-13T13:40:26+00:00\",\"breadcrumb\":{\"@id\":\"https:\\\/\\\/rutana.lt\\\/produktas\\\/ranku-muilo-ir-kremo-rinkinys-dore-350ml-aromatic-89\\\/#breadcrumb\"},\"inLanguage\":\"en-US\",\"potentialAction\":[{\"@type\":\"ReadAction\",\"target\":[\"https:\\\/\\\/rutana.lt\\\/produktas\\\/ranku-muilo-ir-kremo-rinkinys-dore-350ml-aromatic-89\\\/\"]}]},{\"@type\":\"ImageObject\",\"inLanguage\":\"en-US\",\"@id\":\"https:\\\/\\\/rutana.lt\\\/produktas\\\/ranku-muilo-ir-kremo-rinkinys-dore-350ml-aromatic-89\\\/#primaryimage\",\"url\":\"https:\\\/\\\/rutana.lt\\\/wp-content\\\/uploads\\\/2025\\\/09\\\/B196-158-1.jpg?v=1763619708\",\"contentUrl\":\"https:\\\/\\\/rutana.lt\\\/wp-content\\\/uploads\\\/2025\\\/09\\\/B196-158-1.jpg?v=1763619708\",\"width\":600,\"height\":400},{\"@type\":\"BreadcrumbList\",\"@id\":\"https:\\\/\\\/rutana.lt\\\/produktas\\\/ranku-muilo-ir-kremo-rinkinys-dore-350ml-aromatic-89\\\/#breadcrumb\",\"itemListElement\":[{\"@type\":\"ListItem\",\"position\":1,\"name\":\"Home\",\"item\":\"https:\\\/\\\/rutana.lt\\\/\"},{\"@type\":\"ListItem\",\"position\":2,\"name\":\"Parduotuv\u0117\",\"item\":\"https:\\\/\\\/rutana.lt\\\/parduotuve\\\/\"},{\"@type\":\"ListItem\",\"position\":3,\"name\":\"Rank\u0173 muilo ir kremo rinkinys &#8222;Dore&#8221; 350ml Aromatic 89\"}]},{\"@type\":\"WebSite\",\"@id\":\"https:\\\/\\\/rutana.lt\\\/#website\",\"url\":\"https:\\\/\\\/rutana.lt\\\/\",\"name\":\"Rutana - Ra\u0161tin\u0117s reikmenys\",\"description\":\"Prekiaujame pasaulin\u0117je rinkoje pripa\u017eintomis, kokybi\u0161komis biuro prek\u0117mis toki\u0173  gamintoj\u0173 kaip: Schneider, Esselte, Novus, 3M, Faber-Castell, Citizen, Milan, Leitz, Colop, Zebra, Staedtler, Durable, Tork, Parker, Waterman ir kt.\",\"publisher\":{\"@id\":\"https:\\\/\\\/rutana.lt\\\/#organization\"},\"potentialAction\":[{\"@type\":\"SearchAction\",\"target\":{\"@type\":\"EntryPoint\",\"urlTemplate\":\"https:\\\/\\\/rutana.lt\\\/?s={search_term_string}\"},\"query-input\":{\"@type\":\"PropertyValueSpecification\",\"valueRequired\":true,\"valueName\":\"search_term_string\"}}],\"inLanguage\":\"en-US\"},{\"@type\":\"Organization\",\"@id\":\"https:\\\/\\\/rutana.lt\\\/#organization\",\"name\":\"Rutana - Ra\u0161tin\u0117s reikmenys\",\"url\":\"https:\\\/\\\/rutana.lt\\\/\",\"logo\":{\"@type\":\"ImageObject\",\"inLanguage\":\"en-US\",\"@id\":\"https:\\\/\\\/rutana.lt\\\/#\\\/schema\\\/logo\\\/image\\\/\",\"url\":\"https:\\\/\\\/rutana.lt\\\/wp-content\\\/uploads\\\/2025\\\/10\\\/Asset-32.png\",\"contentUrl\":\"https:\\\/\\\/rutana.lt\\\/wp-content\\\/uploads\\\/2025\\\/10\\\/Asset-32.png\",\"width\":433,\"height\":119,\"caption\":\"Rutana - Ra\u0161tin\u0117s reikmenys\"},\"image\":{\"@id\":\"https:\\\/\\\/rutana.lt\\\/#\\\/schema\\\/logo\\\/image\\\/\"},\"sameAs\":[\"https:\\\/\\\/www.facebook.com\\\/RutanaKanceliarinesPrekes\\\/\"]}]}<\/script>\n<!-- \/ Yoast SEO plugin. -->","yoast_head_json":{"title":"Rank\u0173 muilo ir kremo rinkinys \"Dore\" 350ml Aromatic 89 - Rutana - Ra\u0161tin\u0117s reikmenys","robots":{"index":"index","follow":"follow","max-snippet":"max-snippet:-1","max-image-preview":"max-image-preview:large","max-video-preview":"max-video-preview:-1"},"canonical":"https:\/\/rutana.lt\/en\/product\/ranku-muilo-ir-kremo-rinkinys-dore-350ml-aromatic-89\/","og_locale":"en_US","og_type":"article","og_title":"Rank\u0173 muilo ir kremo rinkinys \"Dore\" 350ml Aromatic 89 - Rutana - Ra\u0161tin\u0117s reikmenys","og_description":"Parfumuot\u0173 produkt\u0173 rinkinys kasdienei rank\u0173 prie\u017ei\u016brai ir puosel\u0117jimui. Skystas rank\u0173 muilas su alaviju ir provitaminais \u0161velniai nuvalys ne\u0161varumus bei apsaugos rankas nuo \u017ealingo aplinkos poveikio, o rank\u0173 kremas su \u0161ilko proteinais ir migdol\u0173 aliejumi akimirksniu nuramins, atgaivins ir pamaitins pavargusi\u0105 ar jautri\u0105 od\u0105. Rankos taps \u0161velnios it \u0161ilkas ir nuostabiai kvep\u0117s. Supakuota prabangioje juodos spalvos [&hellip;]","og_url":"https:\/\/rutana.lt\/en\/product\/ranku-muilo-ir-kremo-rinkinys-dore-350ml-aromatic-89\/","og_site_name":"Rutana - Ra\u0161tin\u0117s reikmenys","article_publisher":"https:\/\/www.facebook.com\/RutanaKanceliarinesPrekes\/","article_modified_time":"2025-10-13T13:40:26+00:00","og_image":[{"width":600,"height":400,"url":"https:\/\/rutana.lt\/wp-content\/uploads\/2025\/09\/B196-158.jpg","type":"image\/jpeg"}],"twitter_card":"summary_large_image","twitter_misc":{"Est. reading time":"1 minute"},"schema":{"@context":"https:\/\/schema.org","@graph":[{"@type":"WebPage","@id":"https:\/\/rutana.lt\/produktas\/ranku-muilo-ir-kremo-rinkinys-dore-350ml-aromatic-89\/","url":"https:\/\/rutana.lt\/produktas\/ranku-muilo-ir-kremo-rinkinys-dore-350ml-aromatic-89\/","name":"Rank\u0173 muilo ir kremo rinkinys \"Dore\" 350ml Aromatic 89 - Rutana - Ra\u0161tin\u0117s reikmenys","isPartOf":{"@id":"https:\/\/rutana.lt\/#website"},"primaryImageOfPage":{"@id":"https:\/\/rutana.lt\/produktas\/ranku-muilo-ir-kremo-rinkinys-dore-350ml-aromatic-89\/#primaryimage"},"image":{"@id":"https:\/\/rutana.lt\/produktas\/ranku-muilo-ir-kremo-rinkinys-dore-350ml-aromatic-89\/#primaryimage"},"thumbnailUrl":"https:\/\/rutana.lt\/wp-content\/uploads\/2025\/09\/B196-158-1.jpg?v=1763619708","datePublished":"2025-09-03T07:20:04+00:00","dateModified":"2025-10-13T13:40:26+00:00","breadcrumb":{"@id":"https:\/\/rutana.lt\/produktas\/ranku-muilo-ir-kremo-rinkinys-dore-350ml-aromatic-89\/#breadcrumb"},"inLanguage":"en-US","potentialAction":[{"@type":"ReadAction","target":["https:\/\/rutana.lt\/produktas\/ranku-muilo-ir-kremo-rinkinys-dore-350ml-aromatic-89\/"]}]},{"@type":"ImageObject","inLanguage":"en-US","@id":"https:\/\/rutana.lt\/produktas\/ranku-muilo-ir-kremo-rinkinys-dore-350ml-aromatic-89\/#primaryimage","url":"https:\/\/rutana.lt\/wp-content\/uploads\/2025\/09\/B196-158-1.jpg?v=1763619708","contentUrl":"https:\/\/rutana.lt\/wp-content\/uploads\/2025\/09\/B196-158-1.jpg?v=1763619708","width":600,"height":400},{"@type":"BreadcrumbList","@id":"https:\/\/rutana.lt\/produktas\/ranku-muilo-ir-kremo-rinkinys-dore-350ml-aromatic-89\/#breadcrumb","itemListElement":[{"@type":"ListItem","position":1,"name":"Home","item":"https:\/\/rutana.lt\/"},{"@type":"ListItem","position":2,"name":"Parduotuv\u0117","item":"https:\/\/rutana.lt\/parduotuve\/"},{"@type":"ListItem","position":3,"name":"Rank\u0173 muilo ir kremo rinkinys &#8222;Dore&#8221; 350ml Aromatic 89"}]},{"@type":"WebSite","@id":"https:\/\/rutana.lt\/#website","url":"https:\/\/rutana.lt\/","name":"Rutana - Ra\u0161tin\u0117s reikmenys","description":"Prekiaujame pasaulin\u0117je rinkoje pripa\u017eintomis, kokybi\u0161komis biuro prek\u0117mis toki\u0173  gamintoj\u0173 kaip: Schneider, Esselte, Novus, 3M, Faber-Castell, Citizen, Milan, Leitz, Colop, Zebra, Staedtler, Durable, Tork, Parker, Waterman ir kt.","publisher":{"@id":"https:\/\/rutana.lt\/#organization"},"potentialAction":[{"@type":"SearchAction","target":{"@type":"EntryPoint","urlTemplate":"https:\/\/rutana.lt\/?s={search_term_string}"},"query-input":{"@type":"PropertyValueSpecification","valueRequired":true,"valueName":"search_term_string"}}],"inLanguage":"en-US"},{"@type":"Organization","@id":"https:\/\/rutana.lt\/#organization","name":"Rutana - Ra\u0161tin\u0117s reikmenys","url":"https:\/\/rutana.lt\/","logo":{"@type":"ImageObject","inLanguage":"en-US","@id":"https:\/\/rutana.lt\/#\/schema\/logo\/image\/","url":"https:\/\/rutana.lt\/wp-content\/uploads\/2025\/10\/Asset-32.png","contentUrl":"https:\/\/rutana.lt\/wp-content\/uploads\/2025\/10\/Asset-32.png","width":433,"height":119,"caption":"Rutana - Ra\u0161tin\u0117s reikmenys"},"image":{"@id":"https:\/\/rutana.lt\/#\/schema\/logo\/image\/"},"sameAs":["https:\/\/www.facebook.com\/RutanaKanceliarinesPrekes\/"]}]}},"_links":{"self":[{"href":"https:\/\/rutana.lt\/en\/wp-json\/wp\/v2\/product\/11953","targetHints":{"allow":["GET"]}}],"collection":[{"href":"https:\/\/rutana.lt\/en\/wp-json\/wp\/v2\/product"}],"about":[{"href":"https:\/\/rutana.lt\/en\/wp-json\/wp\/v2\/types\/product"}],"replies":[{"embeddable":true,"href":"https:\/\/rutana.lt\/en\/wp-json\/wp\/v2\/comments?post=11953"}],"version-history":[{"count":1,"href":"https:\/\/rutana.lt\/en\/wp-json\/wp\/v2\/product\/11953\/revisions"}],"predecessor-version":[{"id":12027,"href":"https:\/\/rutana.lt\/en\/wp-json\/wp\/v2\/product\/11953\/revisions\/12027"}],"wp:featuredmedia":[{"embeddable":true,"href":"https:\/\/rutana.lt\/en\/wp-json\/wp\/v2\/media\/27644"}],"wp:attachment":[{"href":"https:\/\/rutana.lt\/en\/wp-json\/wp\/v2\/media?parent=11953"}],"wp:term":[{"taxonomy":"product_brand","embeddable":true,"href":"https:\/\/rutana.lt\/en\/wp-json\/wp\/v2\/product_brand?post=11953"},{"taxonomy":"product_cat","embeddable":true,"href":"https:\/\/rutana.lt\/en\/wp-json\/wp\/v2\/product_cat?post=11953"},{"taxonomy":"product_tag","embeddable":true,"href":"https:\/\/rutana.lt\/en\/wp-json\/wp\/v2\/product_tag?post=11953"}],"curies":[{"name":"wp","href":"https:\/\/api.w.org\/{rel}","templated":true}]}}