{"id":11951,"date":"2025-09-03T09:20:04","date_gmt":"2025-09-03T07:20:04","guid":{"rendered":"https:\/\/rutana.webdemo.lt\/?post_type=product&#038;p=11951"},"modified":"2025-10-13T15:40:26","modified_gmt":"2025-10-13T13:40:26","slug":"duso-gelis-dore-300ml-aromatic-89","status":"publish","type":"product","link":"https:\/\/rutana.lt\/en\/product\/duso-gelis-dore-300ml-aromatic-89\/","title":{"rendered":"Du\u0161o gelis &#8222;Dore&#8221; 300ml Aromatic 89"},"content":{"rendered":"<p>Dr\u0117kinamasis du\u0161o gelis pagamintas tik i\u0161 nat\u016brali\u0173 ingredient\u0173, tod\u0117l jo sud\u0117tyje gausu B3, E ir C grup\u0117s vitamin\u0173, kurie lengvai pa\u0161alina per dien\u0105 susikaupusius ne\u0161varumus, intensyviai dr\u0117kina od\u0105 bei j\u0105 apsaugo nuo \u017ealingo aplinkos poveikio. Lengvai putojantis du\u0161o gelis gaiviai kvepia ir pasi\u017eymi savo \u0161ilko \u0161velnumu prausimosi metu. Priemon\u0117 tinka vis\u0173 tip\u0173 odos prie\u017ei\u016brai ir nesukelia tempimo poj\u016b\u010dio. Sud\u0117tyje esantis alijo\u0161i\u0173 ekstraktas veiksmingai ramina od\u0105, gerina jos elastingum\u0105 bei skatina odos l\u0105steli\u0173 regeneracij\u0105. Norint pasim\u0117gauti teikiama nat\u016bralaus prausiklio nauda, reik\u0117s nedidel\u012f kiek\u012f gelio \u012ftrinti \u012f dr\u0117gn\u0105 k\u016bno od\u0105, \u0161velniai i\u0161masa\u017euoti ir v\u0117liau nuplauti Jums malonios temperat\u016bros vandeniu. Kasdien naudojamas du\u0161o gelis nesausina odos, o kaip tik j\u0105 intensyviai dr\u0117kina ir prisodrina reikalingiausiais vitaminais bei mineralais. Po kiekvieno prausimosi gal\u0117site d\u017eiaugtis sveika oda ir i\u0161skirtini\u0173 aromat\u0173 \u017eaismingumu!<\/p>\n<p style=\"margin-bottom: 10px;\"><span style=\"text-align: center;\">Vir\u0161utin\u0117s natos: Karamel\u0117, Apelsinas, Melionas, Laimas, Kartusis Apelsinas, \u017dali\u0173j\u0173 Lap\u0173 Natos, Greipfrutas.<\/span><br style=\"text-align: center;\"><span style=\"text-align: center;\">Vidurin\u0117s natos: Na\u0161lait\u0117, Ro\u017e\u0117, Levanda.<br \/><\/span><span style=\"text-align: center;\">Apatin\u0117s natos: Baltasis Muskusas, Gintaras, Pa\u010diulis.<\/span><\/p>\n<p class=\"MsoNoSpacing\" style=\"margin-bottom: 10px;\">Talpa: 300 ml<\/p>\n<p style=\"margin-bottom: 10px;\">Kvapo pavadinimas: DORE<\/p>\n<p class=\"MsoNoSpacing\" style=\"margin-bottom: 10px;\">Kilm\u0117s \u0161alis: Lietuva<\/p>\n<p style=\"margin-bottom: 10px;\"><br style=\"color: rgb(0, 0, 0); font-size: 14px;\"><\/p>","protected":false},"excerpt":{"rendered":"<p>Dr\u0117kinamasis du\u0161o gelis pagamintas tik i\u0161 nat\u016brali\u0173 ingredient\u0173, tod\u0117l jo sud\u0117tyje gausu B3, E ir C grup\u0117s vitamin\u0173, kurie lengvai pa\u0161alina per dien\u0105 susikaupusius ne\u0161varumus, intensyviai dr\u0117kina od\u0105 bei j\u0105 apsaugo nuo \u017ealingo aplinkos poveikio. Lengvai putojantis du\u0161o gelis gaiviai kvepia ir pasi\u017eymi savo \u0161ilko \u0161velnumu prausimosi metu. Priemon\u0117 tinka vis\u0173 tip\u0173 odos prie\u017ei\u016brai ir [&hellip;]<\/p>","protected":false},"featured_media":27642,"comment_status":"open","ping_status":"closed","template":"","meta":{"_season_start":"","_season_end":"","_season_days":"","_season_months":"","_season_auto_visibility":""},"product_brand":[789],"product_cat":[1704],"product_tag":[],"class_list":{"0":"post-11951","1":"product","2":"type-product","3":"status-publish","4":"has-post-thumbnail","6":"product_brand-aromatic-89","7":"product_cat-kuno-prieziuros-reikmenys-higienos-priemones-higienos-ir-valymo-priemones","9":"first","10":"instock","11":"taxable","12":"shipping-taxable","13":"purchasable","14":"product-type-simple"},"yoast_head":"<!-- This site is optimized with the Yoast SEO plugin v27.4 - https:\/\/yoast.com\/product\/yoast-seo-wordpress\/ -->\n<title>Du\u0161o gelis &quot;Dore&quot; 300ml Aromatic 89 - Rutana - Ra\u0161tin\u0117s reikmenys<\/title>\n<meta name=\"robots\" content=\"index, follow, max-snippet:-1, max-image-preview:large, max-video-preview:-1\" \/>\n<link rel=\"canonical\" href=\"https:\/\/rutana.lt\/en\/product\/duso-gelis-dore-300ml-aromatic-89\/\" \/>\n<meta property=\"og:locale\" content=\"en_US\" \/>\n<meta property=\"og:type\" content=\"article\" \/>\n<meta property=\"og:title\" content=\"Du\u0161o gelis &quot;Dore&quot; 300ml Aromatic 89 - Rutana - Ra\u0161tin\u0117s reikmenys\" \/>\n<meta property=\"og:description\" content=\"Dr\u0117kinamasis du\u0161o gelis pagamintas tik i\u0161 nat\u016brali\u0173 ingredient\u0173, tod\u0117l jo sud\u0117tyje gausu B3, E ir C grup\u0117s vitamin\u0173, kurie lengvai pa\u0161alina per dien\u0105 susikaupusius ne\u0161varumus, intensyviai dr\u0117kina od\u0105 bei j\u0105 apsaugo nuo \u017ealingo aplinkos poveikio. Lengvai putojantis du\u0161o gelis gaiviai kvepia ir pasi\u017eymi savo \u0161ilko \u0161velnumu prausimosi metu. Priemon\u0117 tinka vis\u0173 tip\u0173 odos prie\u017ei\u016brai ir [&hellip;]\" \/>\n<meta property=\"og:url\" content=\"https:\/\/rutana.lt\/en\/product\/duso-gelis-dore-300ml-aromatic-89\/\" \/>\n<meta property=\"og:site_name\" content=\"Rutana - Ra\u0161tin\u0117s reikmenys\" \/>\n<meta property=\"article:publisher\" content=\"https:\/\/www.facebook.com\/RutanaKanceliarinesPrekes\/\" \/>\n<meta property=\"article:modified_time\" content=\"2025-10-13T13:40:26+00:00\" \/>\n<meta property=\"og:image\" content=\"https:\/\/rutana.lt\/wp-content\/uploads\/2025\/09\/B196-156N.jpg\" \/>\n\t<meta property=\"og:image:width\" content=\"1000\" \/>\n\t<meta property=\"og:image:height\" content=\"1000\" \/>\n\t<meta property=\"og:image:type\" content=\"image\/jpeg\" \/>\n<meta name=\"twitter:card\" content=\"summary_large_image\" \/>\n<meta name=\"twitter:label1\" content=\"Est. reading time\" \/>\n\t<meta name=\"twitter:data1\" content=\"1 minute\" \/>\n<script type=\"application\/ld+json\" class=\"yoast-schema-graph\">{\"@context\":\"https:\\\/\\\/schema.org\",\"@graph\":[{\"@type\":\"WebPage\",\"@id\":\"https:\\\/\\\/rutana.lt\\\/produktas\\\/duso-gelis-dore-300ml-aromatic-89\\\/\",\"url\":\"https:\\\/\\\/rutana.lt\\\/produktas\\\/duso-gelis-dore-300ml-aromatic-89\\\/\",\"name\":\"Du\u0161o gelis \\\"Dore\\\" 300ml Aromatic 89 - Rutana - Ra\u0161tin\u0117s reikmenys\",\"isPartOf\":{\"@id\":\"https:\\\/\\\/rutana.lt\\\/#website\"},\"primaryImageOfPage\":{\"@id\":\"https:\\\/\\\/rutana.lt\\\/produktas\\\/duso-gelis-dore-300ml-aromatic-89\\\/#primaryimage\"},\"image\":{\"@id\":\"https:\\\/\\\/rutana.lt\\\/produktas\\\/duso-gelis-dore-300ml-aromatic-89\\\/#primaryimage\"},\"thumbnailUrl\":\"https:\\\/\\\/rutana.lt\\\/wp-content\\\/uploads\\\/2025\\\/09\\\/B196-156N-1.jpg?v=1763619711\",\"datePublished\":\"2025-09-03T07:20:04+00:00\",\"dateModified\":\"2025-10-13T13:40:26+00:00\",\"breadcrumb\":{\"@id\":\"https:\\\/\\\/rutana.lt\\\/produktas\\\/duso-gelis-dore-300ml-aromatic-89\\\/#breadcrumb\"},\"inLanguage\":\"en-US\",\"potentialAction\":[{\"@type\":\"ReadAction\",\"target\":[\"https:\\\/\\\/rutana.lt\\\/produktas\\\/duso-gelis-dore-300ml-aromatic-89\\\/\"]}]},{\"@type\":\"ImageObject\",\"inLanguage\":\"en-US\",\"@id\":\"https:\\\/\\\/rutana.lt\\\/produktas\\\/duso-gelis-dore-300ml-aromatic-89\\\/#primaryimage\",\"url\":\"https:\\\/\\\/rutana.lt\\\/wp-content\\\/uploads\\\/2025\\\/09\\\/B196-156N-1.jpg?v=1763619711\",\"contentUrl\":\"https:\\\/\\\/rutana.lt\\\/wp-content\\\/uploads\\\/2025\\\/09\\\/B196-156N-1.jpg?v=1763619711\",\"width\":1000,\"height\":1000},{\"@type\":\"BreadcrumbList\",\"@id\":\"https:\\\/\\\/rutana.lt\\\/produktas\\\/duso-gelis-dore-300ml-aromatic-89\\\/#breadcrumb\",\"itemListElement\":[{\"@type\":\"ListItem\",\"position\":1,\"name\":\"Home\",\"item\":\"https:\\\/\\\/rutana.lt\\\/\"},{\"@type\":\"ListItem\",\"position\":2,\"name\":\"Parduotuv\u0117\",\"item\":\"https:\\\/\\\/rutana.lt\\\/parduotuve\\\/\"},{\"@type\":\"ListItem\",\"position\":3,\"name\":\"Du\u0161o gelis &#8222;Dore&#8221; 300ml Aromatic 89\"}]},{\"@type\":\"WebSite\",\"@id\":\"https:\\\/\\\/rutana.lt\\\/#website\",\"url\":\"https:\\\/\\\/rutana.lt\\\/\",\"name\":\"Rutana - Ra\u0161tin\u0117s reikmenys\",\"description\":\"Prekiaujame pasaulin\u0117je rinkoje pripa\u017eintomis, kokybi\u0161komis biuro prek\u0117mis toki\u0173  gamintoj\u0173 kaip: Schneider, Esselte, Novus, 3M, Faber-Castell, Citizen, Milan, Leitz, Colop, Zebra, Staedtler, Durable, Tork, Parker, Waterman ir kt.\",\"publisher\":{\"@id\":\"https:\\\/\\\/rutana.lt\\\/#organization\"},\"potentialAction\":[{\"@type\":\"SearchAction\",\"target\":{\"@type\":\"EntryPoint\",\"urlTemplate\":\"https:\\\/\\\/rutana.lt\\\/?s={search_term_string}\"},\"query-input\":{\"@type\":\"PropertyValueSpecification\",\"valueRequired\":true,\"valueName\":\"search_term_string\"}}],\"inLanguage\":\"en-US\"},{\"@type\":\"Organization\",\"@id\":\"https:\\\/\\\/rutana.lt\\\/#organization\",\"name\":\"Rutana - Ra\u0161tin\u0117s reikmenys\",\"url\":\"https:\\\/\\\/rutana.lt\\\/\",\"logo\":{\"@type\":\"ImageObject\",\"inLanguage\":\"en-US\",\"@id\":\"https:\\\/\\\/rutana.lt\\\/#\\\/schema\\\/logo\\\/image\\\/\",\"url\":\"https:\\\/\\\/rutana.lt\\\/wp-content\\\/uploads\\\/2025\\\/10\\\/Asset-32.png\",\"contentUrl\":\"https:\\\/\\\/rutana.lt\\\/wp-content\\\/uploads\\\/2025\\\/10\\\/Asset-32.png\",\"width\":433,\"height\":119,\"caption\":\"Rutana - Ra\u0161tin\u0117s reikmenys\"},\"image\":{\"@id\":\"https:\\\/\\\/rutana.lt\\\/#\\\/schema\\\/logo\\\/image\\\/\"},\"sameAs\":[\"https:\\\/\\\/www.facebook.com\\\/RutanaKanceliarinesPrekes\\\/\"]}]}<\/script>\n<!-- \/ Yoast SEO plugin. -->","yoast_head_json":{"title":"Du\u0161o gelis \"Dore\" 300ml Aromatic 89 - Rutana - Ra\u0161tin\u0117s reikmenys","robots":{"index":"index","follow":"follow","max-snippet":"max-snippet:-1","max-image-preview":"max-image-preview:large","max-video-preview":"max-video-preview:-1"},"canonical":"https:\/\/rutana.lt\/en\/product\/duso-gelis-dore-300ml-aromatic-89\/","og_locale":"en_US","og_type":"article","og_title":"Du\u0161o gelis \"Dore\" 300ml Aromatic 89 - Rutana - Ra\u0161tin\u0117s reikmenys","og_description":"Dr\u0117kinamasis du\u0161o gelis pagamintas tik i\u0161 nat\u016brali\u0173 ingredient\u0173, tod\u0117l jo sud\u0117tyje gausu B3, E ir C grup\u0117s vitamin\u0173, kurie lengvai pa\u0161alina per dien\u0105 susikaupusius ne\u0161varumus, intensyviai dr\u0117kina od\u0105 bei j\u0105 apsaugo nuo \u017ealingo aplinkos poveikio. Lengvai putojantis du\u0161o gelis gaiviai kvepia ir pasi\u017eymi savo \u0161ilko \u0161velnumu prausimosi metu. Priemon\u0117 tinka vis\u0173 tip\u0173 odos prie\u017ei\u016brai ir [&hellip;]","og_url":"https:\/\/rutana.lt\/en\/product\/duso-gelis-dore-300ml-aromatic-89\/","og_site_name":"Rutana - Ra\u0161tin\u0117s reikmenys","article_publisher":"https:\/\/www.facebook.com\/RutanaKanceliarinesPrekes\/","article_modified_time":"2025-10-13T13:40:26+00:00","og_image":[{"width":1000,"height":1000,"url":"https:\/\/rutana.lt\/wp-content\/uploads\/2025\/09\/B196-156N.jpg","type":"image\/jpeg"}],"twitter_card":"summary_large_image","twitter_misc":{"Est. reading time":"1 minute"},"schema":{"@context":"https:\/\/schema.org","@graph":[{"@type":"WebPage","@id":"https:\/\/rutana.lt\/produktas\/duso-gelis-dore-300ml-aromatic-89\/","url":"https:\/\/rutana.lt\/produktas\/duso-gelis-dore-300ml-aromatic-89\/","name":"Du\u0161o gelis \"Dore\" 300ml Aromatic 89 - Rutana - Ra\u0161tin\u0117s reikmenys","isPartOf":{"@id":"https:\/\/rutana.lt\/#website"},"primaryImageOfPage":{"@id":"https:\/\/rutana.lt\/produktas\/duso-gelis-dore-300ml-aromatic-89\/#primaryimage"},"image":{"@id":"https:\/\/rutana.lt\/produktas\/duso-gelis-dore-300ml-aromatic-89\/#primaryimage"},"thumbnailUrl":"https:\/\/rutana.lt\/wp-content\/uploads\/2025\/09\/B196-156N-1.jpg?v=1763619711","datePublished":"2025-09-03T07:20:04+00:00","dateModified":"2025-10-13T13:40:26+00:00","breadcrumb":{"@id":"https:\/\/rutana.lt\/produktas\/duso-gelis-dore-300ml-aromatic-89\/#breadcrumb"},"inLanguage":"en-US","potentialAction":[{"@type":"ReadAction","target":["https:\/\/rutana.lt\/produktas\/duso-gelis-dore-300ml-aromatic-89\/"]}]},{"@type":"ImageObject","inLanguage":"en-US","@id":"https:\/\/rutana.lt\/produktas\/duso-gelis-dore-300ml-aromatic-89\/#primaryimage","url":"https:\/\/rutana.lt\/wp-content\/uploads\/2025\/09\/B196-156N-1.jpg?v=1763619711","contentUrl":"https:\/\/rutana.lt\/wp-content\/uploads\/2025\/09\/B196-156N-1.jpg?v=1763619711","width":1000,"height":1000},{"@type":"BreadcrumbList","@id":"https:\/\/rutana.lt\/produktas\/duso-gelis-dore-300ml-aromatic-89\/#breadcrumb","itemListElement":[{"@type":"ListItem","position":1,"name":"Home","item":"https:\/\/rutana.lt\/"},{"@type":"ListItem","position":2,"name":"Parduotuv\u0117","item":"https:\/\/rutana.lt\/parduotuve\/"},{"@type":"ListItem","position":3,"name":"Du\u0161o gelis &#8222;Dore&#8221; 300ml Aromatic 89"}]},{"@type":"WebSite","@id":"https:\/\/rutana.lt\/#website","url":"https:\/\/rutana.lt\/","name":"Rutana - Ra\u0161tin\u0117s reikmenys","description":"Prekiaujame pasaulin\u0117je rinkoje pripa\u017eintomis, kokybi\u0161komis biuro prek\u0117mis toki\u0173  gamintoj\u0173 kaip: Schneider, Esselte, Novus, 3M, Faber-Castell, Citizen, Milan, Leitz, Colop, Zebra, Staedtler, Durable, Tork, Parker, Waterman ir kt.","publisher":{"@id":"https:\/\/rutana.lt\/#organization"},"potentialAction":[{"@type":"SearchAction","target":{"@type":"EntryPoint","urlTemplate":"https:\/\/rutana.lt\/?s={search_term_string}"},"query-input":{"@type":"PropertyValueSpecification","valueRequired":true,"valueName":"search_term_string"}}],"inLanguage":"en-US"},{"@type":"Organization","@id":"https:\/\/rutana.lt\/#organization","name":"Rutana - Ra\u0161tin\u0117s reikmenys","url":"https:\/\/rutana.lt\/","logo":{"@type":"ImageObject","inLanguage":"en-US","@id":"https:\/\/rutana.lt\/#\/schema\/logo\/image\/","url":"https:\/\/rutana.lt\/wp-content\/uploads\/2025\/10\/Asset-32.png","contentUrl":"https:\/\/rutana.lt\/wp-content\/uploads\/2025\/10\/Asset-32.png","width":433,"height":119,"caption":"Rutana - Ra\u0161tin\u0117s reikmenys"},"image":{"@id":"https:\/\/rutana.lt\/#\/schema\/logo\/image\/"},"sameAs":["https:\/\/www.facebook.com\/RutanaKanceliarinesPrekes\/"]}]}},"_links":{"self":[{"href":"https:\/\/rutana.lt\/en\/wp-json\/wp\/v2\/product\/11951","targetHints":{"allow":["GET"]}}],"collection":[{"href":"https:\/\/rutana.lt\/en\/wp-json\/wp\/v2\/product"}],"about":[{"href":"https:\/\/rutana.lt\/en\/wp-json\/wp\/v2\/types\/product"}],"replies":[{"embeddable":true,"href":"https:\/\/rutana.lt\/en\/wp-json\/wp\/v2\/comments?post=11951"}],"version-history":[{"count":1,"href":"https:\/\/rutana.lt\/en\/wp-json\/wp\/v2\/product\/11951\/revisions"}],"predecessor-version":[{"id":12023,"href":"https:\/\/rutana.lt\/en\/wp-json\/wp\/v2\/product\/11951\/revisions\/12023"}],"wp:featuredmedia":[{"embeddable":true,"href":"https:\/\/rutana.lt\/en\/wp-json\/wp\/v2\/media\/27642"}],"wp:attachment":[{"href":"https:\/\/rutana.lt\/en\/wp-json\/wp\/v2\/media?parent=11951"}],"wp:term":[{"taxonomy":"product_brand","embeddable":true,"href":"https:\/\/rutana.lt\/en\/wp-json\/wp\/v2\/product_brand?post=11951"},{"taxonomy":"product_cat","embeddable":true,"href":"https:\/\/rutana.lt\/en\/wp-json\/wp\/v2\/product_cat?post=11951"},{"taxonomy":"product_tag","embeddable":true,"href":"https:\/\/rutana.lt\/en\/wp-json\/wp\/v2\/product_tag?post=11951"}],"curies":[{"name":"wp","href":"https:\/\/api.w.org\/{rel}","templated":true}]}}