{"id":11950,"date":"2025-09-03T09:20:04","date_gmt":"2025-09-03T07:20:04","guid":{"rendered":"https:\/\/rutana.webdemo.lt\/?post_type=product&#038;p=11950"},"modified":"2025-10-13T15:40:25","modified_gmt":"2025-10-13T13:40:25","slug":"kuno-pienelis-ohena-300ml-aromatic-89","status":"publish","type":"product","link":"https:\/\/rutana.lt\/en\/product\/kuno-pienelis-ohena-300ml-aromatic-89\/","title":{"rendered":"K\u016bno pienelis &#8222;Ohena&#8221; 300ml Aromatic 89"},"content":{"rendered":"<p>Dr\u0117kinamasis k\u016bno pienelis su migdol\u0173 aliejumi \u2013 vis\u0173 tip\u0173 odai. Pienelis u\u017eburia savo kvapu, itin greitai ir lengvai susigeria, nepalieka riebumo jausmo. Tinka dr\u0117gm\u0119 praradusiai, \u0161iurk\u0161\u010diai, papilk\u0117jusiai odai. Apsaugo nuo \u017ealingo aplinkos poveikio. Naudojant kasdien, oda tampa gaivi ir elastinga. Supakuota prabangioje juodos spalvos popierin\u0117je d\u0117\u017eut\u0117je, puikiai tinka kaip dovana.<\/p>\n<p class=\"MsoNoSpacing\" style=\"margin-bottom: 10px;\">&#8222;Ohena&#8221; aromatas priklauso ELITE kolekcijai:<\/p>\n<p class=\"MsoNoSpacing\" style=\"margin-bottom: 10px;\"><o:p><\/o:p><\/p>\n<p style=\"margin-bottom: 10px;\">\n<p class=\"MsoNoSpacing\" style=\"margin-bottom: 10px;\"><span style=\"text-align: center;\">Vir\u0161utin\u0117s natos: Apelsinas, \u0160afranas<\/span><\/p>\n<p class=\"MsoNoSpacing\" style=\"margin-bottom: 10px;\"><span style=\"text-align: center;\">Vidurin\u0117s natos<\/span><span style=\"text-align: center;\">: Jazminas, Ambroksanas<\/span><\/p>\n<p class=\"MsoNoSpacing\" style=\"margin-bottom: 10px;\"><span style=\"text-align: center;\">Apatin\u0117s natos<\/span><span style=\"text-align: center;\">: \u0104\u017euolo samanos, K\u0117ni\u0173 balzamas<\/span><\/p>\n<p class=\"MsoNoSpacing\" style=\"margin-bottom: 10px;\">Talpa: 300 ml<\/p>\n<p style=\"margin-bottom: 10px;\">Kvapo pavadinimas: OHENA<\/p>\n<p class=\"MsoNoSpacing\" style=\"margin-bottom: 10px;\">Kilm\u0117s \u0161alis: Lietuva<\/p>","protected":false},"excerpt":{"rendered":"<p>Dr\u0117kinamasis k\u016bno pienelis su migdol\u0173 aliejumi \u2013 vis\u0173 tip\u0173 odai. Pienelis u\u017eburia savo kvapu, itin greitai ir lengvai susigeria, nepalieka riebumo jausmo. Tinka dr\u0117gm\u0119 praradusiai, \u0161iurk\u0161\u010diai, papilk\u0117jusiai odai. Apsaugo nuo \u017ealingo aplinkos poveikio. Naudojant kasdien, oda tampa gaivi ir elastinga. Supakuota prabangioje juodos spalvos popierin\u0117je d\u0117\u017eut\u0117je, puikiai tinka kaip dovana. &#8222;Ohena&#8221; aromatas priklauso ELITE kolekcijai: [&hellip;]<\/p>","protected":false},"featured_media":27641,"comment_status":"open","ping_status":"closed","template":"","meta":{"_season_start":"","_season_end":"","_season_days":"","_season_months":"","_season_auto_visibility":""},"product_brand":[789],"product_cat":[1704],"product_tag":[],"class_list":{"0":"post-11950","1":"product","2":"type-product","3":"status-publish","4":"has-post-thumbnail","6":"product_brand-aromatic-89","7":"product_cat-kuno-prieziuros-reikmenys-higienos-priemones-higienos-ir-valymo-priemones","9":"first","10":"instock","11":"taxable","12":"shipping-taxable","13":"purchasable","14":"product-type-simple"},"yoast_head":"<!-- This site is optimized with the Yoast SEO plugin v27.4 - https:\/\/yoast.com\/product\/yoast-seo-wordpress\/ -->\n<title>K\u016bno pienelis &quot;Ohena&quot; 300ml Aromatic 89 - Rutana - Ra\u0161tin\u0117s reikmenys<\/title>\n<meta name=\"robots\" content=\"index, follow, max-snippet:-1, max-image-preview:large, max-video-preview:-1\" \/>\n<link rel=\"canonical\" href=\"https:\/\/rutana.lt\/en\/product\/kuno-pienelis-ohena-300ml-aromatic-89\/\" \/>\n<meta property=\"og:locale\" content=\"en_US\" \/>\n<meta property=\"og:type\" content=\"article\" \/>\n<meta property=\"og:title\" content=\"K\u016bno pienelis &quot;Ohena&quot; 300ml Aromatic 89 - Rutana - Ra\u0161tin\u0117s reikmenys\" \/>\n<meta property=\"og:description\" content=\"Dr\u0117kinamasis k\u016bno pienelis su migdol\u0173 aliejumi \u2013 vis\u0173 tip\u0173 odai. Pienelis u\u017eburia savo kvapu, itin greitai ir lengvai susigeria, nepalieka riebumo jausmo. Tinka dr\u0117gm\u0119 praradusiai, \u0161iurk\u0161\u010diai, papilk\u0117jusiai odai. Apsaugo nuo \u017ealingo aplinkos poveikio. Naudojant kasdien, oda tampa gaivi ir elastinga. Supakuota prabangioje juodos spalvos popierin\u0117je d\u0117\u017eut\u0117je, puikiai tinka kaip dovana. &#8222;Ohena&#8221; aromatas priklauso ELITE kolekcijai: [&hellip;]\" \/>\n<meta property=\"og:url\" content=\"https:\/\/rutana.lt\/en\/product\/kuno-pienelis-ohena-300ml-aromatic-89\/\" \/>\n<meta property=\"og:site_name\" content=\"Rutana - Ra\u0161tin\u0117s reikmenys\" \/>\n<meta property=\"article:publisher\" content=\"https:\/\/www.facebook.com\/RutanaKanceliarinesPrekes\/\" \/>\n<meta property=\"article:modified_time\" content=\"2025-10-13T13:40:25+00:00\" \/>\n<meta property=\"og:image\" content=\"https:\/\/rutana.lt\/wp-content\/uploads\/2025\/09\/B196-155.jpg\" \/>\n\t<meta property=\"og:image:width\" content=\"600\" \/>\n\t<meta property=\"og:image:height\" content=\"475\" \/>\n\t<meta property=\"og:image:type\" content=\"image\/jpeg\" \/>\n<meta name=\"twitter:card\" content=\"summary_large_image\" \/>\n<script type=\"application\/ld+json\" class=\"yoast-schema-graph\">{\"@context\":\"https:\\\/\\\/schema.org\",\"@graph\":[{\"@type\":\"WebPage\",\"@id\":\"https:\\\/\\\/rutana.lt\\\/produktas\\\/kuno-pienelis-ohena-300ml-aromatic-89\\\/\",\"url\":\"https:\\\/\\\/rutana.lt\\\/produktas\\\/kuno-pienelis-ohena-300ml-aromatic-89\\\/\",\"name\":\"K\u016bno pienelis \\\"Ohena\\\" 300ml Aromatic 89 - Rutana - Ra\u0161tin\u0117s reikmenys\",\"isPartOf\":{\"@id\":\"https:\\\/\\\/rutana.lt\\\/#website\"},\"primaryImageOfPage\":{\"@id\":\"https:\\\/\\\/rutana.lt\\\/produktas\\\/kuno-pienelis-ohena-300ml-aromatic-89\\\/#primaryimage\"},\"image\":{\"@id\":\"https:\\\/\\\/rutana.lt\\\/produktas\\\/kuno-pienelis-ohena-300ml-aromatic-89\\\/#primaryimage\"},\"thumbnailUrl\":\"https:\\\/\\\/rutana.lt\\\/wp-content\\\/uploads\\\/2025\\\/09\\\/B196-155-1.jpg?v=1763619714\",\"datePublished\":\"2025-09-03T07:20:04+00:00\",\"dateModified\":\"2025-10-13T13:40:25+00:00\",\"breadcrumb\":{\"@id\":\"https:\\\/\\\/rutana.lt\\\/produktas\\\/kuno-pienelis-ohena-300ml-aromatic-89\\\/#breadcrumb\"},\"inLanguage\":\"en-US\",\"potentialAction\":[{\"@type\":\"ReadAction\",\"target\":[\"https:\\\/\\\/rutana.lt\\\/produktas\\\/kuno-pienelis-ohena-300ml-aromatic-89\\\/\"]}]},{\"@type\":\"ImageObject\",\"inLanguage\":\"en-US\",\"@id\":\"https:\\\/\\\/rutana.lt\\\/produktas\\\/kuno-pienelis-ohena-300ml-aromatic-89\\\/#primaryimage\",\"url\":\"https:\\\/\\\/rutana.lt\\\/wp-content\\\/uploads\\\/2025\\\/09\\\/B196-155-1.jpg?v=1763619714\",\"contentUrl\":\"https:\\\/\\\/rutana.lt\\\/wp-content\\\/uploads\\\/2025\\\/09\\\/B196-155-1.jpg?v=1763619714\",\"width\":600,\"height\":475},{\"@type\":\"BreadcrumbList\",\"@id\":\"https:\\\/\\\/rutana.lt\\\/produktas\\\/kuno-pienelis-ohena-300ml-aromatic-89\\\/#breadcrumb\",\"itemListElement\":[{\"@type\":\"ListItem\",\"position\":1,\"name\":\"Home\",\"item\":\"https:\\\/\\\/rutana.lt\\\/\"},{\"@type\":\"ListItem\",\"position\":2,\"name\":\"Parduotuv\u0117\",\"item\":\"https:\\\/\\\/rutana.lt\\\/parduotuve\\\/\"},{\"@type\":\"ListItem\",\"position\":3,\"name\":\"K\u016bno pienelis &#8222;Ohena&#8221; 300ml Aromatic 89\"}]},{\"@type\":\"WebSite\",\"@id\":\"https:\\\/\\\/rutana.lt\\\/#website\",\"url\":\"https:\\\/\\\/rutana.lt\\\/\",\"name\":\"Rutana - Ra\u0161tin\u0117s reikmenys\",\"description\":\"Prekiaujame pasaulin\u0117je rinkoje pripa\u017eintomis, kokybi\u0161komis biuro prek\u0117mis toki\u0173  gamintoj\u0173 kaip: Schneider, Esselte, Novus, 3M, Faber-Castell, Citizen, Milan, Leitz, Colop, Zebra, Staedtler, Durable, Tork, Parker, Waterman ir kt.\",\"publisher\":{\"@id\":\"https:\\\/\\\/rutana.lt\\\/#organization\"},\"potentialAction\":[{\"@type\":\"SearchAction\",\"target\":{\"@type\":\"EntryPoint\",\"urlTemplate\":\"https:\\\/\\\/rutana.lt\\\/?s={search_term_string}\"},\"query-input\":{\"@type\":\"PropertyValueSpecification\",\"valueRequired\":true,\"valueName\":\"search_term_string\"}}],\"inLanguage\":\"en-US\"},{\"@type\":\"Organization\",\"@id\":\"https:\\\/\\\/rutana.lt\\\/#organization\",\"name\":\"Rutana - Ra\u0161tin\u0117s reikmenys\",\"url\":\"https:\\\/\\\/rutana.lt\\\/\",\"logo\":{\"@type\":\"ImageObject\",\"inLanguage\":\"en-US\",\"@id\":\"https:\\\/\\\/rutana.lt\\\/#\\\/schema\\\/logo\\\/image\\\/\",\"url\":\"https:\\\/\\\/rutana.lt\\\/wp-content\\\/uploads\\\/2025\\\/10\\\/Asset-32.png\",\"contentUrl\":\"https:\\\/\\\/rutana.lt\\\/wp-content\\\/uploads\\\/2025\\\/10\\\/Asset-32.png\",\"width\":433,\"height\":119,\"caption\":\"Rutana - Ra\u0161tin\u0117s reikmenys\"},\"image\":{\"@id\":\"https:\\\/\\\/rutana.lt\\\/#\\\/schema\\\/logo\\\/image\\\/\"},\"sameAs\":[\"https:\\\/\\\/www.facebook.com\\\/RutanaKanceliarinesPrekes\\\/\"]}]}<\/script>\n<!-- \/ Yoast SEO plugin. -->","yoast_head_json":{"title":"K\u016bno pienelis \"Ohena\" 300ml Aromatic 89 - Rutana - Ra\u0161tin\u0117s reikmenys","robots":{"index":"index","follow":"follow","max-snippet":"max-snippet:-1","max-image-preview":"max-image-preview:large","max-video-preview":"max-video-preview:-1"},"canonical":"https:\/\/rutana.lt\/en\/product\/kuno-pienelis-ohena-300ml-aromatic-89\/","og_locale":"en_US","og_type":"article","og_title":"K\u016bno pienelis \"Ohena\" 300ml Aromatic 89 - Rutana - Ra\u0161tin\u0117s reikmenys","og_description":"Dr\u0117kinamasis k\u016bno pienelis su migdol\u0173 aliejumi \u2013 vis\u0173 tip\u0173 odai. Pienelis u\u017eburia savo kvapu, itin greitai ir lengvai susigeria, nepalieka riebumo jausmo. Tinka dr\u0117gm\u0119 praradusiai, \u0161iurk\u0161\u010diai, papilk\u0117jusiai odai. Apsaugo nuo \u017ealingo aplinkos poveikio. Naudojant kasdien, oda tampa gaivi ir elastinga. Supakuota prabangioje juodos spalvos popierin\u0117je d\u0117\u017eut\u0117je, puikiai tinka kaip dovana. &#8222;Ohena&#8221; aromatas priklauso ELITE kolekcijai: [&hellip;]","og_url":"https:\/\/rutana.lt\/en\/product\/kuno-pienelis-ohena-300ml-aromatic-89\/","og_site_name":"Rutana - Ra\u0161tin\u0117s reikmenys","article_publisher":"https:\/\/www.facebook.com\/RutanaKanceliarinesPrekes\/","article_modified_time":"2025-10-13T13:40:25+00:00","og_image":[{"width":600,"height":475,"url":"https:\/\/rutana.lt\/wp-content\/uploads\/2025\/09\/B196-155.jpg","type":"image\/jpeg"}],"twitter_card":"summary_large_image","schema":{"@context":"https:\/\/schema.org","@graph":[{"@type":"WebPage","@id":"https:\/\/rutana.lt\/produktas\/kuno-pienelis-ohena-300ml-aromatic-89\/","url":"https:\/\/rutana.lt\/produktas\/kuno-pienelis-ohena-300ml-aromatic-89\/","name":"K\u016bno pienelis \"Ohena\" 300ml Aromatic 89 - Rutana - Ra\u0161tin\u0117s reikmenys","isPartOf":{"@id":"https:\/\/rutana.lt\/#website"},"primaryImageOfPage":{"@id":"https:\/\/rutana.lt\/produktas\/kuno-pienelis-ohena-300ml-aromatic-89\/#primaryimage"},"image":{"@id":"https:\/\/rutana.lt\/produktas\/kuno-pienelis-ohena-300ml-aromatic-89\/#primaryimage"},"thumbnailUrl":"https:\/\/rutana.lt\/wp-content\/uploads\/2025\/09\/B196-155-1.jpg?v=1763619714","datePublished":"2025-09-03T07:20:04+00:00","dateModified":"2025-10-13T13:40:25+00:00","breadcrumb":{"@id":"https:\/\/rutana.lt\/produktas\/kuno-pienelis-ohena-300ml-aromatic-89\/#breadcrumb"},"inLanguage":"en-US","potentialAction":[{"@type":"ReadAction","target":["https:\/\/rutana.lt\/produktas\/kuno-pienelis-ohena-300ml-aromatic-89\/"]}]},{"@type":"ImageObject","inLanguage":"en-US","@id":"https:\/\/rutana.lt\/produktas\/kuno-pienelis-ohena-300ml-aromatic-89\/#primaryimage","url":"https:\/\/rutana.lt\/wp-content\/uploads\/2025\/09\/B196-155-1.jpg?v=1763619714","contentUrl":"https:\/\/rutana.lt\/wp-content\/uploads\/2025\/09\/B196-155-1.jpg?v=1763619714","width":600,"height":475},{"@type":"BreadcrumbList","@id":"https:\/\/rutana.lt\/produktas\/kuno-pienelis-ohena-300ml-aromatic-89\/#breadcrumb","itemListElement":[{"@type":"ListItem","position":1,"name":"Home","item":"https:\/\/rutana.lt\/"},{"@type":"ListItem","position":2,"name":"Parduotuv\u0117","item":"https:\/\/rutana.lt\/parduotuve\/"},{"@type":"ListItem","position":3,"name":"K\u016bno pienelis &#8222;Ohena&#8221; 300ml Aromatic 89"}]},{"@type":"WebSite","@id":"https:\/\/rutana.lt\/#website","url":"https:\/\/rutana.lt\/","name":"Rutana - Ra\u0161tin\u0117s reikmenys","description":"Prekiaujame pasaulin\u0117je rinkoje pripa\u017eintomis, kokybi\u0161komis biuro prek\u0117mis toki\u0173  gamintoj\u0173 kaip: Schneider, Esselte, Novus, 3M, Faber-Castell, Citizen, Milan, Leitz, Colop, Zebra, Staedtler, Durable, Tork, Parker, Waterman ir kt.","publisher":{"@id":"https:\/\/rutana.lt\/#organization"},"potentialAction":[{"@type":"SearchAction","target":{"@type":"EntryPoint","urlTemplate":"https:\/\/rutana.lt\/?s={search_term_string}"},"query-input":{"@type":"PropertyValueSpecification","valueRequired":true,"valueName":"search_term_string"}}],"inLanguage":"en-US"},{"@type":"Organization","@id":"https:\/\/rutana.lt\/#organization","name":"Rutana - Ra\u0161tin\u0117s reikmenys","url":"https:\/\/rutana.lt\/","logo":{"@type":"ImageObject","inLanguage":"en-US","@id":"https:\/\/rutana.lt\/#\/schema\/logo\/image\/","url":"https:\/\/rutana.lt\/wp-content\/uploads\/2025\/10\/Asset-32.png","contentUrl":"https:\/\/rutana.lt\/wp-content\/uploads\/2025\/10\/Asset-32.png","width":433,"height":119,"caption":"Rutana - Ra\u0161tin\u0117s reikmenys"},"image":{"@id":"https:\/\/rutana.lt\/#\/schema\/logo\/image\/"},"sameAs":["https:\/\/www.facebook.com\/RutanaKanceliarinesPrekes\/"]}]}},"_links":{"self":[{"href":"https:\/\/rutana.lt\/en\/wp-json\/wp\/v2\/product\/11950","targetHints":{"allow":["GET"]}}],"collection":[{"href":"https:\/\/rutana.lt\/en\/wp-json\/wp\/v2\/product"}],"about":[{"href":"https:\/\/rutana.lt\/en\/wp-json\/wp\/v2\/types\/product"}],"replies":[{"embeddable":true,"href":"https:\/\/rutana.lt\/en\/wp-json\/wp\/v2\/comments?post=11950"}],"version-history":[{"count":1,"href":"https:\/\/rutana.lt\/en\/wp-json\/wp\/v2\/product\/11950\/revisions"}],"predecessor-version":[{"id":12021,"href":"https:\/\/rutana.lt\/en\/wp-json\/wp\/v2\/product\/11950\/revisions\/12021"}],"wp:featuredmedia":[{"embeddable":true,"href":"https:\/\/rutana.lt\/en\/wp-json\/wp\/v2\/media\/27641"}],"wp:attachment":[{"href":"https:\/\/rutana.lt\/en\/wp-json\/wp\/v2\/media?parent=11950"}],"wp:term":[{"taxonomy":"product_brand","embeddable":true,"href":"https:\/\/rutana.lt\/en\/wp-json\/wp\/v2\/product_brand?post=11950"},{"taxonomy":"product_cat","embeddable":true,"href":"https:\/\/rutana.lt\/en\/wp-json\/wp\/v2\/product_cat?post=11950"},{"taxonomy":"product_tag","embeddable":true,"href":"https:\/\/rutana.lt\/en\/wp-json\/wp\/v2\/product_tag?post=11950"}],"curies":[{"name":"wp","href":"https:\/\/api.w.org\/{rel}","templated":true}]}}