{"id":11947,"date":"2025-09-03T09:20:04","date_gmt":"2025-09-03T07:20:04","guid":{"rendered":"https:\/\/rutana.webdemo.lt\/?post_type=product&#038;p=11947"},"modified":"2025-10-13T15:40:22","modified_gmt":"2025-10-13T13:40:22","slug":"ranku-muilas-dore-300ml-aromatic-89","status":"publish","type":"product","link":"https:\/\/rutana.lt\/en\/product\/ranku-muilas-dore-300ml-aromatic-89\/","title":{"rendered":"Rank\u0173 muilas &#8222;Dore&#8221; 300ml Aromatic 89"},"content":{"rendered":"<p>I\u0161skirtinio kvapo parfumuotas dr\u0117kinamasis kreminis rank\u0173 muilas su alaviju ir provitaminais \u0161velniai valo ne\u0161varumus bei apsaugo rankas nuo \u017ealingo poveikio. Tinka vis\u0173 tip\u0173 odos prie\u017ei\u016brai. Muilas nesukelia nemalonaus tempimo poj\u016b\u010dio, pamaitina od\u0105 ir palaiko dr\u0117gm\u0117s balans\u0105. Alavijo ekstraktas mink\u0161tina ir suteikia odai elastingumo. Ypatingos sud\u0117ties muilas maloniai slysta oda, paskleisdamas prabang\u0173 aromat\u0105. Supakuota prabangioje juodos spalvos popierin\u0117je d\u0117\u017eut\u0117je, puikiai tinka kaip dovana.<br style=\"\"><\/p>\n<p style=\"margin-bottom: 10px;\">&#8222;Dore&#8221; aromatas priklauso ELITE kolekcijai:<\/p>\n<p style=\"margin-bottom: 10px;\"><span style=\"text-align: center;\">Vir\u0161utin\u0117s natos: Karamel\u0117, Apelsinas, Melionas, Laimas, Kartusis Apelsinas, \u017dali\u0173j\u0173 Lap\u0173 Natos, Greipfrutas.<\/span><br style=\"text-align: center;\"><span style=\"text-align: center;\">Vidurin\u0117s natos: Na\u0161lait\u0117, Ro\u017e\u0117, Levanda.<br \/><\/span><span style=\"text-align: center;\">Apatin\u0117s natos: Baltasis Muskusas, Gintaras, Pa\u010diulis.<\/span><\/p>\n<p class=\"MsoNoSpacing\" style=\"margin-bottom: 10px;\">Talpa: 300 ml<\/p>\n<p style=\"margin-bottom: 10px;\">Kvapo pavadinimas: DORE<\/p>\n<p class=\"MsoNoSpacing\" style=\"margin-bottom: 10px;\">Kilm\u0117s \u0161alis: Lietuva<\/p>\n<p style=\"margin-bottom: 10px;\"><br style=\"color: rgb(0, 0, 0); font-size: 14px;\"><\/p>","protected":false},"excerpt":{"rendered":"<p>I\u0161skirtinio kvapo parfumuotas dr\u0117kinamasis kreminis rank\u0173 muilas su alaviju ir provitaminais \u0161velniai valo ne\u0161varumus bei apsaugo rankas nuo \u017ealingo poveikio. Tinka vis\u0173 tip\u0173 odos prie\u017ei\u016brai. Muilas nesukelia nemalonaus tempimo poj\u016b\u010dio, pamaitina od\u0105 ir palaiko dr\u0117gm\u0117s balans\u0105. Alavijo ekstraktas mink\u0161tina ir suteikia odai elastingumo. Ypatingos sud\u0117ties muilas maloniai slysta oda, paskleisdamas prabang\u0173 aromat\u0105. Supakuota prabangioje juodos [&hellip;]<\/p>","protected":false},"featured_media":27638,"comment_status":"open","ping_status":"closed","template":"","meta":{"_season_start":"","_season_end":"","_season_days":"","_season_months":"","_season_auto_visibility":""},"product_brand":[789],"product_cat":[1696],"product_tag":[],"class_list":{"0":"post-11947","1":"product","2":"type-product","3":"status-publish","4":"has-post-thumbnail","6":"product_brand-aromatic-89","7":"product_cat-muilas-ir-laikikliai","9":"first","10":"instock","11":"taxable","12":"shipping-taxable","13":"purchasable","14":"product-type-simple"},"yoast_head":"<!-- This site is optimized with the Yoast SEO plugin v26.1.1 - https:\/\/yoast.com\/wordpress\/plugins\/seo\/ -->\n<title>Rank\u0173 muilas &quot;Dore&quot; 300ml Aromatic 89 - Rutana - Ra\u0161tin\u0117s reikmenys<\/title>\n<meta name=\"robots\" content=\"index, follow, max-snippet:-1, max-image-preview:large, max-video-preview:-1\" \/>\n<link rel=\"canonical\" href=\"https:\/\/rutana.lt\/en\/product\/ranku-muilas-dore-300ml-aromatic-89\/\" \/>\n<meta property=\"og:locale\" content=\"en_US\" \/>\n<meta property=\"og:type\" content=\"article\" \/>\n<meta property=\"og:title\" content=\"Rank\u0173 muilas &quot;Dore&quot; 300ml Aromatic 89 - Rutana - Ra\u0161tin\u0117s reikmenys\" \/>\n<meta property=\"og:description\" content=\"I\u0161skirtinio kvapo parfumuotas dr\u0117kinamasis kreminis rank\u0173 muilas su alaviju ir provitaminais \u0161velniai valo ne\u0161varumus bei apsaugo rankas nuo \u017ealingo poveikio. Tinka vis\u0173 tip\u0173 odos prie\u017ei\u016brai. Muilas nesukelia nemalonaus tempimo poj\u016b\u010dio, pamaitina od\u0105 ir palaiko dr\u0117gm\u0117s balans\u0105. Alavijo ekstraktas mink\u0161tina ir suteikia odai elastingumo. Ypatingos sud\u0117ties muilas maloniai slysta oda, paskleisdamas prabang\u0173 aromat\u0105. Supakuota prabangioje juodos [&hellip;]\" \/>\n<meta property=\"og:url\" content=\"https:\/\/rutana.lt\/en\/product\/ranku-muilas-dore-300ml-aromatic-89\/\" \/>\n<meta property=\"og:site_name\" content=\"Rutana - Ra\u0161tin\u0117s reikmenys\" \/>\n<meta property=\"article:publisher\" content=\"https:\/\/www.facebook.com\/RutanaKanceliarinesPrekes\/\" \/>\n<meta property=\"article:modified_time\" content=\"2025-10-13T13:40:22+00:00\" \/>\n<meta property=\"og:image\" content=\"https:\/\/rutana.lt\/wp-content\/uploads\/2025\/09\/B196-152-2.jpg\" \/>\n\t<meta property=\"og:image:width\" content=\"600\" \/>\n\t<meta property=\"og:image:height\" content=\"600\" \/>\n\t<meta property=\"og:image:type\" content=\"image\/jpeg\" \/>\n<meta name=\"twitter:card\" content=\"summary_large_image\" \/>\n<meta name=\"twitter:label1\" content=\"Est. reading time\" \/>\n\t<meta name=\"twitter:data1\" content=\"1 minute\" \/>\n<script type=\"application\/ld+json\" class=\"yoast-schema-graph\">{\"@context\":\"https:\/\/schema.org\",\"@graph\":[{\"@type\":\"WebPage\",\"@id\":\"https:\/\/rutana.lt\/produktas\/ranku-muilas-dore-300ml-aromatic-89\/\",\"url\":\"https:\/\/rutana.lt\/produktas\/ranku-muilas-dore-300ml-aromatic-89\/\",\"name\":\"Rank\u0173 muilas \\\"Dore\\\" 300ml Aromatic 89 - Rutana - Ra\u0161tin\u0117s reikmenys\",\"isPartOf\":{\"@id\":\"https:\/\/rutana.lt\/#website\"},\"primaryImageOfPage\":{\"@id\":\"https:\/\/rutana.lt\/produktas\/ranku-muilas-dore-300ml-aromatic-89\/#primaryimage\"},\"image\":{\"@id\":\"https:\/\/rutana.lt\/produktas\/ranku-muilas-dore-300ml-aromatic-89\/#primaryimage\"},\"thumbnailUrl\":\"https:\/\/rutana.lt\/wp-content\/uploads\/2025\/09\/B196-152-2-1.jpg?v=1763619716\",\"datePublished\":\"2025-09-03T07:20:04+00:00\",\"dateModified\":\"2025-10-13T13:40:22+00:00\",\"breadcrumb\":{\"@id\":\"https:\/\/rutana.lt\/produktas\/ranku-muilas-dore-300ml-aromatic-89\/#breadcrumb\"},\"inLanguage\":\"en-US\",\"potentialAction\":[{\"@type\":\"ReadAction\",\"target\":[\"https:\/\/rutana.lt\/produktas\/ranku-muilas-dore-300ml-aromatic-89\/\"]}]},{\"@type\":\"ImageObject\",\"inLanguage\":\"en-US\",\"@id\":\"https:\/\/rutana.lt\/produktas\/ranku-muilas-dore-300ml-aromatic-89\/#primaryimage\",\"url\":\"https:\/\/rutana.lt\/wp-content\/uploads\/2025\/09\/B196-152-2-1.jpg?v=1763619716\",\"contentUrl\":\"https:\/\/rutana.lt\/wp-content\/uploads\/2025\/09\/B196-152-2-1.jpg?v=1763619716\",\"width\":600,\"height\":600},{\"@type\":\"BreadcrumbList\",\"@id\":\"https:\/\/rutana.lt\/produktas\/ranku-muilas-dore-300ml-aromatic-89\/#breadcrumb\",\"itemListElement\":[{\"@type\":\"ListItem\",\"position\":1,\"name\":\"Home\",\"item\":\"https:\/\/rutana.lt\/\"},{\"@type\":\"ListItem\",\"position\":2,\"name\":\"Parduotuv\u0117\",\"item\":\"https:\/\/rutana.lt\/parduotuve\/\"},{\"@type\":\"ListItem\",\"position\":3,\"name\":\"Rank\u0173 muilas &#8222;Dore&#8221; 300ml Aromatic 89\"}]},{\"@type\":\"WebSite\",\"@id\":\"https:\/\/rutana.lt\/#website\",\"url\":\"https:\/\/rutana.lt\/\",\"name\":\"Rutana - Ra\u0161tin\u0117s reikmenys\",\"description\":\"Prekiaujame pasaulin\u0117je rinkoje pripa\u017eintomis, kokybi\u0161komis biuro prek\u0117mis toki\u0173  gamintoj\u0173 kaip: Schneider, Esselte, Novus, 3M, Faber-Castell, Citizen, Milan, Leitz, Colop, Zebra, Staedtler, Durable, Tork, Parker, Waterman ir kt.\",\"publisher\":{\"@id\":\"https:\/\/rutana.lt\/#organization\"},\"potentialAction\":[{\"@type\":\"SearchAction\",\"target\":{\"@type\":\"EntryPoint\",\"urlTemplate\":\"https:\/\/rutana.lt\/?s={search_term_string}\"},\"query-input\":{\"@type\":\"PropertyValueSpecification\",\"valueRequired\":true,\"valueName\":\"search_term_string\"}}],\"inLanguage\":\"en-US\"},{\"@type\":\"Organization\",\"@id\":\"https:\/\/rutana.lt\/#organization\",\"name\":\"Rutana - Ra\u0161tin\u0117s reikmenys\",\"url\":\"https:\/\/rutana.lt\/\",\"logo\":{\"@type\":\"ImageObject\",\"inLanguage\":\"en-US\",\"@id\":\"https:\/\/rutana.lt\/#\/schema\/logo\/image\/\",\"url\":\"https:\/\/rutana.lt\/wp-content\/uploads\/2025\/10\/Asset-32.png\",\"contentUrl\":\"https:\/\/rutana.lt\/wp-content\/uploads\/2025\/10\/Asset-32.png\",\"width\":433,\"height\":119,\"caption\":\"Rutana - Ra\u0161tin\u0117s reikmenys\"},\"image\":{\"@id\":\"https:\/\/rutana.lt\/#\/schema\/logo\/image\/\"},\"sameAs\":[\"https:\/\/www.facebook.com\/RutanaKanceliarinesPrekes\/\"]}]}<\/script>\n<!-- \/ Yoast SEO plugin. -->","yoast_head_json":{"title":"Rank\u0173 muilas \"Dore\" 300ml Aromatic 89 - Rutana - Ra\u0161tin\u0117s reikmenys","robots":{"index":"index","follow":"follow","max-snippet":"max-snippet:-1","max-image-preview":"max-image-preview:large","max-video-preview":"max-video-preview:-1"},"canonical":"https:\/\/rutana.lt\/en\/product\/ranku-muilas-dore-300ml-aromatic-89\/","og_locale":"en_US","og_type":"article","og_title":"Rank\u0173 muilas \"Dore\" 300ml Aromatic 89 - Rutana - Ra\u0161tin\u0117s reikmenys","og_description":"I\u0161skirtinio kvapo parfumuotas dr\u0117kinamasis kreminis rank\u0173 muilas su alaviju ir provitaminais \u0161velniai valo ne\u0161varumus bei apsaugo rankas nuo \u017ealingo poveikio. Tinka vis\u0173 tip\u0173 odos prie\u017ei\u016brai. Muilas nesukelia nemalonaus tempimo poj\u016b\u010dio, pamaitina od\u0105 ir palaiko dr\u0117gm\u0117s balans\u0105. Alavijo ekstraktas mink\u0161tina ir suteikia odai elastingumo. Ypatingos sud\u0117ties muilas maloniai slysta oda, paskleisdamas prabang\u0173 aromat\u0105. Supakuota prabangioje juodos [&hellip;]","og_url":"https:\/\/rutana.lt\/en\/product\/ranku-muilas-dore-300ml-aromatic-89\/","og_site_name":"Rutana - Ra\u0161tin\u0117s reikmenys","article_publisher":"https:\/\/www.facebook.com\/RutanaKanceliarinesPrekes\/","article_modified_time":"2025-10-13T13:40:22+00:00","og_image":[{"width":600,"height":600,"url":"https:\/\/rutana.lt\/wp-content\/uploads\/2025\/09\/B196-152-2.jpg","type":"image\/jpeg"}],"twitter_card":"summary_large_image","twitter_misc":{"Est. reading time":"1 minute"},"schema":{"@context":"https:\/\/schema.org","@graph":[{"@type":"WebPage","@id":"https:\/\/rutana.lt\/produktas\/ranku-muilas-dore-300ml-aromatic-89\/","url":"https:\/\/rutana.lt\/produktas\/ranku-muilas-dore-300ml-aromatic-89\/","name":"Rank\u0173 muilas \"Dore\" 300ml Aromatic 89 - Rutana - Ra\u0161tin\u0117s reikmenys","isPartOf":{"@id":"https:\/\/rutana.lt\/#website"},"primaryImageOfPage":{"@id":"https:\/\/rutana.lt\/produktas\/ranku-muilas-dore-300ml-aromatic-89\/#primaryimage"},"image":{"@id":"https:\/\/rutana.lt\/produktas\/ranku-muilas-dore-300ml-aromatic-89\/#primaryimage"},"thumbnailUrl":"https:\/\/rutana.lt\/wp-content\/uploads\/2025\/09\/B196-152-2-1.jpg?v=1763619716","datePublished":"2025-09-03T07:20:04+00:00","dateModified":"2025-10-13T13:40:22+00:00","breadcrumb":{"@id":"https:\/\/rutana.lt\/produktas\/ranku-muilas-dore-300ml-aromatic-89\/#breadcrumb"},"inLanguage":"en-US","potentialAction":[{"@type":"ReadAction","target":["https:\/\/rutana.lt\/produktas\/ranku-muilas-dore-300ml-aromatic-89\/"]}]},{"@type":"ImageObject","inLanguage":"en-US","@id":"https:\/\/rutana.lt\/produktas\/ranku-muilas-dore-300ml-aromatic-89\/#primaryimage","url":"https:\/\/rutana.lt\/wp-content\/uploads\/2025\/09\/B196-152-2-1.jpg?v=1763619716","contentUrl":"https:\/\/rutana.lt\/wp-content\/uploads\/2025\/09\/B196-152-2-1.jpg?v=1763619716","width":600,"height":600},{"@type":"BreadcrumbList","@id":"https:\/\/rutana.lt\/produktas\/ranku-muilas-dore-300ml-aromatic-89\/#breadcrumb","itemListElement":[{"@type":"ListItem","position":1,"name":"Home","item":"https:\/\/rutana.lt\/"},{"@type":"ListItem","position":2,"name":"Parduotuv\u0117","item":"https:\/\/rutana.lt\/parduotuve\/"},{"@type":"ListItem","position":3,"name":"Rank\u0173 muilas &#8222;Dore&#8221; 300ml Aromatic 89"}]},{"@type":"WebSite","@id":"https:\/\/rutana.lt\/#website","url":"https:\/\/rutana.lt\/","name":"Rutana - Ra\u0161tin\u0117s reikmenys","description":"Prekiaujame pasaulin\u0117je rinkoje pripa\u017eintomis, kokybi\u0161komis biuro prek\u0117mis toki\u0173  gamintoj\u0173 kaip: Schneider, Esselte, Novus, 3M, Faber-Castell, Citizen, Milan, Leitz, Colop, Zebra, Staedtler, Durable, Tork, Parker, Waterman ir kt.","publisher":{"@id":"https:\/\/rutana.lt\/#organization"},"potentialAction":[{"@type":"SearchAction","target":{"@type":"EntryPoint","urlTemplate":"https:\/\/rutana.lt\/?s={search_term_string}"},"query-input":{"@type":"PropertyValueSpecification","valueRequired":true,"valueName":"search_term_string"}}],"inLanguage":"en-US"},{"@type":"Organization","@id":"https:\/\/rutana.lt\/#organization","name":"Rutana - Ra\u0161tin\u0117s reikmenys","url":"https:\/\/rutana.lt\/","logo":{"@type":"ImageObject","inLanguage":"en-US","@id":"https:\/\/rutana.lt\/#\/schema\/logo\/image\/","url":"https:\/\/rutana.lt\/wp-content\/uploads\/2025\/10\/Asset-32.png","contentUrl":"https:\/\/rutana.lt\/wp-content\/uploads\/2025\/10\/Asset-32.png","width":433,"height":119,"caption":"Rutana - Ra\u0161tin\u0117s reikmenys"},"image":{"@id":"https:\/\/rutana.lt\/#\/schema\/logo\/image\/"},"sameAs":["https:\/\/www.facebook.com\/RutanaKanceliarinesPrekes\/"]}]}},"_links":{"self":[{"href":"https:\/\/rutana.lt\/en\/wp-json\/wp\/v2\/product\/11947","targetHints":{"allow":["GET"]}}],"collection":[{"href":"https:\/\/rutana.lt\/en\/wp-json\/wp\/v2\/product"}],"about":[{"href":"https:\/\/rutana.lt\/en\/wp-json\/wp\/v2\/types\/product"}],"replies":[{"embeddable":true,"href":"https:\/\/rutana.lt\/en\/wp-json\/wp\/v2\/comments?post=11947"}],"version-history":[{"count":1,"href":"https:\/\/rutana.lt\/en\/wp-json\/wp\/v2\/product\/11947\/revisions"}],"predecessor-version":[{"id":11992,"href":"https:\/\/rutana.lt\/en\/wp-json\/wp\/v2\/product\/11947\/revisions\/11992"}],"wp:featuredmedia":[{"embeddable":true,"href":"https:\/\/rutana.lt\/en\/wp-json\/wp\/v2\/media\/27638"}],"wp:attachment":[{"href":"https:\/\/rutana.lt\/en\/wp-json\/wp\/v2\/media?parent=11947"}],"wp:term":[{"taxonomy":"product_brand","embeddable":true,"href":"https:\/\/rutana.lt\/en\/wp-json\/wp\/v2\/product_brand?post=11947"},{"taxonomy":"product_cat","embeddable":true,"href":"https:\/\/rutana.lt\/en\/wp-json\/wp\/v2\/product_cat?post=11947"},{"taxonomy":"product_tag","embeddable":true,"href":"https:\/\/rutana.lt\/en\/wp-json\/wp\/v2\/product_tag?post=11947"}],"curies":[{"name":"wp","href":"https:\/\/api.w.org\/{rel}","templated":true}]}}