{"id":11936,"date":"2025-09-03T09:20:03","date_gmt":"2025-09-03T07:20:03","guid":{"rendered":"https:\/\/rutana.webdemo.lt\/?post_type=product&#038;p=11936"},"modified":"2025-10-13T15:40:19","modified_gmt":"2025-10-13T13:40:19","slug":"kabinamas-oro-gaiviklis-instinct-8ml-aromatic-89","status":"publish","type":"product","link":"https:\/\/rutana.lt\/en\/product\/kabinamas-oro-gaiviklis-instinct-8ml-aromatic-89\/","title":{"rendered":"Kabinamas oro gaiviklis &#8222;Instinct&#8221; 8ml Aromatic 89"},"content":{"rendered":"<p>Kabinamas oro gaiviklis yra ma\u017eas, bet stiprus u\u017etikrinti auk\u0161tos kokyb\u0117s prabang\u0105 J\u016bs\u0173 aplinkoje. I\u0161skirtiniai aliejinio pagrindo kvapai yra saugomi 8 mililitr\u0173 talpos indelyje, o tokio kiekio pilnai u\u017etenka m\u0117gautis kvap\u0173 natomis iki 90 dien\u0173. Nat\u016bralaus med\u017eio kam\u0161tukas efektyviai skleid\u017eia i\u0161sirinkt\u0105 kvap\u0105 ir neleid\u017eia skys\u010diui greitai i\u0161garuoti, o tai u\u017etikrina ilgai i\u0161liekan\u010dius aromatus. Esteti\u0161ko dizaino kabinamas oro gaiviklis gali papuo\u0161ti ne tik J\u016bs\u0173 automobilio salon\u0105, bet ir r\u016bb\u0173 spint\u0105 ar bet kuri\u0105 kit\u0105 ma\u017eesn\u0119 erdv\u0119. M\u016bs\u0173 sueiliuotos kvap\u0173 natos efektyviai i\u0161sisklaido \u0161iltoje bei sausoje erdv\u0117je, kur yra pakankamas oro jud\u0117jimas. Kabinamas gaiviklis yra supakuojamas eleganti\u0161koje d\u0117\u017eut\u0117je, kas sukels naujus prabangos jausmus vien tik j\u0105 pa\u0117mus \u012f rankas!<\/p>\n<p class=\"MsoNoSpacing\" style=\"margin-bottom: 10px;\"><o:p><\/o:p><\/p>\n<p class=\"MsoNoSpacing\" style=\"margin-bottom: 10px;\"><o:p><\/o:p><\/p>\n<p class=\"MsoNoSpacing\" style=\"margin-bottom: 10px;\"><o:p><\/o:p><\/p>\n<p class=\"MsoNoSpacing\" style=\"margin-bottom: 10px;\"><o:p><\/o:p><\/p>\n<p class=\"MsoNoSpacing\" style=\"margin-bottom: 10px;\"><o:p><\/o:p><\/p>\n<p class=\"MsoNoSpacing\" style=\"margin-bottom: 10px;\">Vir\u0161utin\u0117s natos: Apelsinas, Kartusis Apelsinas, Eukaliptas, Greipfrutas.<o:p><\/o:p><\/p>\n<p class=\"MsoNoSpacing\" style=\"margin-bottom: 10px;\">Vidurin\u0117s natos: A\u0161trusis Pipiras, Levanda, Rozmarinas, \u010ciobreli\u0173 Aliejus.<o:p><\/o:p><\/p>\n<p class=\"MsoNoSpacing\" style=\"margin-bottom: 10px;\">\n<p class=\"MsoNoSpacing\" style=\"margin-bottom: 10px;\">Apatin\u0117s natos: Gintaro Muskusas, Kedras, Pa\u010diulis.<\/p>\n<p class=\"MsoNoSpacing\"><o:p><\/o:p><\/p>\n<p class=\"MsoNoSpacing\"><o:p><\/o:p><\/p>\n<\/p>\n<p class=\"MsoNoSpacing\">Talpa: 8 ml<\/p>\n<p>Kvapo pavadinimas: INSTINCT<\/p>\n<p class=\"MsoNoSpacing\">Galiojimo laikas: 12 m\u0117nesi\u0173 nuo atidarymo datos<\/p>\n<p class=\"MsoNoSpacing\"><o:p>Kilm\u0117s \u0161alis: Lietuva<\/o:p><\/p>\n<p class=\"MsoNoSpacing\"><o:p><br \/><\/o:p><\/p>\n<p><iframe src=\"\/\/www.youtube.com\/embed\/ALeinguWWGQ\" width=\"640\" height=\"360\" frameborder=\"0\"><\/iframe><\/p>\n<p class=\"MsoNoSpacing\"><o:p><br \/><\/o:p><\/p>","protected":false},"excerpt":{"rendered":"<p>Kabinamas oro gaiviklis yra ma\u017eas, bet stiprus u\u017etikrinti auk\u0161tos kokyb\u0117s prabang\u0105 J\u016bs\u0173 aplinkoje. I\u0161skirtiniai aliejinio pagrindo kvapai yra saugomi 8 mililitr\u0173 talpos indelyje, o tokio kiekio pilnai u\u017etenka m\u0117gautis kvap\u0173 natomis iki 90 dien\u0173. Nat\u016bralaus med\u017eio kam\u0161tukas efektyviai skleid\u017eia i\u0161sirinkt\u0105 kvap\u0105 ir neleid\u017eia skys\u010diui greitai i\u0161garuoti, o tai u\u017etikrina ilgai i\u0161liekan\u010dius aromatus. Esteti\u0161ko dizaino kabinamas [&hellip;]<\/p>","protected":false},"featured_media":27629,"comment_status":"open","ping_status":"closed","template":"","meta":{"_season_start":"","_season_end":"","_season_days":"","_season_months":"","_season_auto_visibility":""},"product_brand":[789],"product_cat":[1703],"product_tag":[],"class_list":{"0":"post-11936","1":"product","2":"type-product","3":"status-publish","4":"has-post-thumbnail","6":"product_brand-aromatic-89","7":"product_cat-parfumuoti-kvapai","9":"first","10":"instock","11":"taxable","12":"shipping-taxable","13":"purchasable","14":"product-type-simple"},"yoast_head":"<!-- This site is optimized with the Yoast SEO plugin v27.4 - https:\/\/yoast.com\/product\/yoast-seo-wordpress\/ -->\n<title>Kabinamas oro gaiviklis &quot;Instinct&quot; 8ml Aromatic 89 - Rutana - Ra\u0161tin\u0117s reikmenys<\/title>\n<meta name=\"robots\" content=\"index, follow, max-snippet:-1, max-image-preview:large, max-video-preview:-1\" \/>\n<link rel=\"canonical\" href=\"https:\/\/rutana.lt\/en\/product\/kabinamas-oro-gaiviklis-instinct-8ml-aromatic-89\/\" \/>\n<meta property=\"og:locale\" content=\"en_US\" \/>\n<meta property=\"og:type\" content=\"article\" \/>\n<meta property=\"og:title\" content=\"Kabinamas oro gaiviklis &quot;Instinct&quot; 8ml Aromatic 89 - Rutana - Ra\u0161tin\u0117s reikmenys\" \/>\n<meta property=\"og:description\" content=\"Kabinamas oro gaiviklis yra ma\u017eas, bet stiprus u\u017etikrinti auk\u0161tos kokyb\u0117s prabang\u0105 J\u016bs\u0173 aplinkoje. I\u0161skirtiniai aliejinio pagrindo kvapai yra saugomi 8 mililitr\u0173 talpos indelyje, o tokio kiekio pilnai u\u017etenka m\u0117gautis kvap\u0173 natomis iki 90 dien\u0173. Nat\u016bralaus med\u017eio kam\u0161tukas efektyviai skleid\u017eia i\u0161sirinkt\u0105 kvap\u0105 ir neleid\u017eia skys\u010diui greitai i\u0161garuoti, o tai u\u017etikrina ilgai i\u0161liekan\u010dius aromatus. Esteti\u0161ko dizaino kabinamas [&hellip;]\" \/>\n<meta property=\"og:url\" content=\"https:\/\/rutana.lt\/en\/product\/kabinamas-oro-gaiviklis-instinct-8ml-aromatic-89\/\" \/>\n<meta property=\"og:site_name\" content=\"Rutana - Ra\u0161tin\u0117s reikmenys\" \/>\n<meta property=\"article:publisher\" content=\"https:\/\/www.facebook.com\/RutanaKanceliarinesPrekes\/\" \/>\n<meta property=\"article:modified_time\" content=\"2025-10-13T13:40:19+00:00\" \/>\n<meta property=\"og:image\" content=\"https:\/\/rutana.lt\/wp-content\/uploads\/2025\/09\/B196-146N.jpg\" \/>\n\t<meta property=\"og:image:width\" content=\"1000\" \/>\n\t<meta property=\"og:image:height\" content=\"1000\" \/>\n\t<meta property=\"og:image:type\" content=\"image\/jpeg\" \/>\n<meta name=\"twitter:card\" content=\"summary_large_image\" \/>\n<meta name=\"twitter:label1\" content=\"Est. reading time\" \/>\n\t<meta name=\"twitter:data1\" content=\"1 minute\" \/>\n<script type=\"application\/ld+json\" class=\"yoast-schema-graph\">{\"@context\":\"https:\\\/\\\/schema.org\",\"@graph\":[{\"@type\":\"WebPage\",\"@id\":\"https:\\\/\\\/rutana.lt\\\/produktas\\\/kabinamas-oro-gaiviklis-instinct-8ml-aromatic-89\\\/\",\"url\":\"https:\\\/\\\/rutana.lt\\\/produktas\\\/kabinamas-oro-gaiviklis-instinct-8ml-aromatic-89\\\/\",\"name\":\"Kabinamas oro gaiviklis \\\"Instinct\\\" 8ml Aromatic 89 - Rutana - Ra\u0161tin\u0117s reikmenys\",\"isPartOf\":{\"@id\":\"https:\\\/\\\/rutana.lt\\\/#website\"},\"primaryImageOfPage\":{\"@id\":\"https:\\\/\\\/rutana.lt\\\/produktas\\\/kabinamas-oro-gaiviklis-instinct-8ml-aromatic-89\\\/#primaryimage\"},\"image\":{\"@id\":\"https:\\\/\\\/rutana.lt\\\/produktas\\\/kabinamas-oro-gaiviklis-instinct-8ml-aromatic-89\\\/#primaryimage\"},\"thumbnailUrl\":\"https:\\\/\\\/rutana.lt\\\/wp-content\\\/uploads\\\/2025\\\/09\\\/B196-146N-1.jpg?v=1763619731\",\"datePublished\":\"2025-09-03T07:20:03+00:00\",\"dateModified\":\"2025-10-13T13:40:19+00:00\",\"breadcrumb\":{\"@id\":\"https:\\\/\\\/rutana.lt\\\/produktas\\\/kabinamas-oro-gaiviklis-instinct-8ml-aromatic-89\\\/#breadcrumb\"},\"inLanguage\":\"en-US\",\"potentialAction\":[{\"@type\":\"ReadAction\",\"target\":[\"https:\\\/\\\/rutana.lt\\\/produktas\\\/kabinamas-oro-gaiviklis-instinct-8ml-aromatic-89\\\/\"]}]},{\"@type\":\"ImageObject\",\"inLanguage\":\"en-US\",\"@id\":\"https:\\\/\\\/rutana.lt\\\/produktas\\\/kabinamas-oro-gaiviklis-instinct-8ml-aromatic-89\\\/#primaryimage\",\"url\":\"https:\\\/\\\/rutana.lt\\\/wp-content\\\/uploads\\\/2025\\\/09\\\/B196-146N-1.jpg?v=1763619731\",\"contentUrl\":\"https:\\\/\\\/rutana.lt\\\/wp-content\\\/uploads\\\/2025\\\/09\\\/B196-146N-1.jpg?v=1763619731\",\"width\":1000,\"height\":1000},{\"@type\":\"BreadcrumbList\",\"@id\":\"https:\\\/\\\/rutana.lt\\\/produktas\\\/kabinamas-oro-gaiviklis-instinct-8ml-aromatic-89\\\/#breadcrumb\",\"itemListElement\":[{\"@type\":\"ListItem\",\"position\":1,\"name\":\"Home\",\"item\":\"https:\\\/\\\/rutana.lt\\\/\"},{\"@type\":\"ListItem\",\"position\":2,\"name\":\"Parduotuv\u0117\",\"item\":\"https:\\\/\\\/rutana.lt\\\/parduotuve\\\/\"},{\"@type\":\"ListItem\",\"position\":3,\"name\":\"Kabinamas oro gaiviklis &#8222;Instinct&#8221; 8ml Aromatic 89\"}]},{\"@type\":\"WebSite\",\"@id\":\"https:\\\/\\\/rutana.lt\\\/#website\",\"url\":\"https:\\\/\\\/rutana.lt\\\/\",\"name\":\"Rutana - Ra\u0161tin\u0117s reikmenys\",\"description\":\"Prekiaujame pasaulin\u0117je rinkoje pripa\u017eintomis, kokybi\u0161komis biuro prek\u0117mis toki\u0173  gamintoj\u0173 kaip: Schneider, Esselte, Novus, 3M, Faber-Castell, Citizen, Milan, Leitz, Colop, Zebra, Staedtler, Durable, Tork, Parker, Waterman ir kt.\",\"publisher\":{\"@id\":\"https:\\\/\\\/rutana.lt\\\/#organization\"},\"potentialAction\":[{\"@type\":\"SearchAction\",\"target\":{\"@type\":\"EntryPoint\",\"urlTemplate\":\"https:\\\/\\\/rutana.lt\\\/?s={search_term_string}\"},\"query-input\":{\"@type\":\"PropertyValueSpecification\",\"valueRequired\":true,\"valueName\":\"search_term_string\"}}],\"inLanguage\":\"en-US\"},{\"@type\":\"Organization\",\"@id\":\"https:\\\/\\\/rutana.lt\\\/#organization\",\"name\":\"Rutana - Ra\u0161tin\u0117s reikmenys\",\"url\":\"https:\\\/\\\/rutana.lt\\\/\",\"logo\":{\"@type\":\"ImageObject\",\"inLanguage\":\"en-US\",\"@id\":\"https:\\\/\\\/rutana.lt\\\/#\\\/schema\\\/logo\\\/image\\\/\",\"url\":\"https:\\\/\\\/rutana.lt\\\/wp-content\\\/uploads\\\/2025\\\/10\\\/Asset-32.png\",\"contentUrl\":\"https:\\\/\\\/rutana.lt\\\/wp-content\\\/uploads\\\/2025\\\/10\\\/Asset-32.png\",\"width\":433,\"height\":119,\"caption\":\"Rutana - Ra\u0161tin\u0117s reikmenys\"},\"image\":{\"@id\":\"https:\\\/\\\/rutana.lt\\\/#\\\/schema\\\/logo\\\/image\\\/\"},\"sameAs\":[\"https:\\\/\\\/www.facebook.com\\\/RutanaKanceliarinesPrekes\\\/\"]}]}<\/script>\n<!-- \/ Yoast SEO plugin. -->","yoast_head_json":{"title":"Kabinamas oro gaiviklis \"Instinct\" 8ml Aromatic 89 - Rutana - Ra\u0161tin\u0117s reikmenys","robots":{"index":"index","follow":"follow","max-snippet":"max-snippet:-1","max-image-preview":"max-image-preview:large","max-video-preview":"max-video-preview:-1"},"canonical":"https:\/\/rutana.lt\/en\/product\/kabinamas-oro-gaiviklis-instinct-8ml-aromatic-89\/","og_locale":"en_US","og_type":"article","og_title":"Kabinamas oro gaiviklis \"Instinct\" 8ml Aromatic 89 - Rutana - Ra\u0161tin\u0117s reikmenys","og_description":"Kabinamas oro gaiviklis yra ma\u017eas, bet stiprus u\u017etikrinti auk\u0161tos kokyb\u0117s prabang\u0105 J\u016bs\u0173 aplinkoje. I\u0161skirtiniai aliejinio pagrindo kvapai yra saugomi 8 mililitr\u0173 talpos indelyje, o tokio kiekio pilnai u\u017etenka m\u0117gautis kvap\u0173 natomis iki 90 dien\u0173. Nat\u016bralaus med\u017eio kam\u0161tukas efektyviai skleid\u017eia i\u0161sirinkt\u0105 kvap\u0105 ir neleid\u017eia skys\u010diui greitai i\u0161garuoti, o tai u\u017etikrina ilgai i\u0161liekan\u010dius aromatus. Esteti\u0161ko dizaino kabinamas [&hellip;]","og_url":"https:\/\/rutana.lt\/en\/product\/kabinamas-oro-gaiviklis-instinct-8ml-aromatic-89\/","og_site_name":"Rutana - Ra\u0161tin\u0117s reikmenys","article_publisher":"https:\/\/www.facebook.com\/RutanaKanceliarinesPrekes\/","article_modified_time":"2025-10-13T13:40:19+00:00","og_image":[{"width":1000,"height":1000,"url":"https:\/\/rutana.lt\/wp-content\/uploads\/2025\/09\/B196-146N.jpg","type":"image\/jpeg"}],"twitter_card":"summary_large_image","twitter_misc":{"Est. reading time":"1 minute"},"schema":{"@context":"https:\/\/schema.org","@graph":[{"@type":"WebPage","@id":"https:\/\/rutana.lt\/produktas\/kabinamas-oro-gaiviklis-instinct-8ml-aromatic-89\/","url":"https:\/\/rutana.lt\/produktas\/kabinamas-oro-gaiviklis-instinct-8ml-aromatic-89\/","name":"Kabinamas oro gaiviklis \"Instinct\" 8ml Aromatic 89 - Rutana - Ra\u0161tin\u0117s reikmenys","isPartOf":{"@id":"https:\/\/rutana.lt\/#website"},"primaryImageOfPage":{"@id":"https:\/\/rutana.lt\/produktas\/kabinamas-oro-gaiviklis-instinct-8ml-aromatic-89\/#primaryimage"},"image":{"@id":"https:\/\/rutana.lt\/produktas\/kabinamas-oro-gaiviklis-instinct-8ml-aromatic-89\/#primaryimage"},"thumbnailUrl":"https:\/\/rutana.lt\/wp-content\/uploads\/2025\/09\/B196-146N-1.jpg?v=1763619731","datePublished":"2025-09-03T07:20:03+00:00","dateModified":"2025-10-13T13:40:19+00:00","breadcrumb":{"@id":"https:\/\/rutana.lt\/produktas\/kabinamas-oro-gaiviklis-instinct-8ml-aromatic-89\/#breadcrumb"},"inLanguage":"en-US","potentialAction":[{"@type":"ReadAction","target":["https:\/\/rutana.lt\/produktas\/kabinamas-oro-gaiviklis-instinct-8ml-aromatic-89\/"]}]},{"@type":"ImageObject","inLanguage":"en-US","@id":"https:\/\/rutana.lt\/produktas\/kabinamas-oro-gaiviklis-instinct-8ml-aromatic-89\/#primaryimage","url":"https:\/\/rutana.lt\/wp-content\/uploads\/2025\/09\/B196-146N-1.jpg?v=1763619731","contentUrl":"https:\/\/rutana.lt\/wp-content\/uploads\/2025\/09\/B196-146N-1.jpg?v=1763619731","width":1000,"height":1000},{"@type":"BreadcrumbList","@id":"https:\/\/rutana.lt\/produktas\/kabinamas-oro-gaiviklis-instinct-8ml-aromatic-89\/#breadcrumb","itemListElement":[{"@type":"ListItem","position":1,"name":"Home","item":"https:\/\/rutana.lt\/"},{"@type":"ListItem","position":2,"name":"Parduotuv\u0117","item":"https:\/\/rutana.lt\/parduotuve\/"},{"@type":"ListItem","position":3,"name":"Kabinamas oro gaiviklis &#8222;Instinct&#8221; 8ml Aromatic 89"}]},{"@type":"WebSite","@id":"https:\/\/rutana.lt\/#website","url":"https:\/\/rutana.lt\/","name":"Rutana - Ra\u0161tin\u0117s reikmenys","description":"Prekiaujame pasaulin\u0117je rinkoje pripa\u017eintomis, kokybi\u0161komis biuro prek\u0117mis toki\u0173  gamintoj\u0173 kaip: Schneider, Esselte, Novus, 3M, Faber-Castell, Citizen, Milan, Leitz, Colop, Zebra, Staedtler, Durable, Tork, Parker, Waterman ir kt.","publisher":{"@id":"https:\/\/rutana.lt\/#organization"},"potentialAction":[{"@type":"SearchAction","target":{"@type":"EntryPoint","urlTemplate":"https:\/\/rutana.lt\/?s={search_term_string}"},"query-input":{"@type":"PropertyValueSpecification","valueRequired":true,"valueName":"search_term_string"}}],"inLanguage":"en-US"},{"@type":"Organization","@id":"https:\/\/rutana.lt\/#organization","name":"Rutana - Ra\u0161tin\u0117s reikmenys","url":"https:\/\/rutana.lt\/","logo":{"@type":"ImageObject","inLanguage":"en-US","@id":"https:\/\/rutana.lt\/#\/schema\/logo\/image\/","url":"https:\/\/rutana.lt\/wp-content\/uploads\/2025\/10\/Asset-32.png","contentUrl":"https:\/\/rutana.lt\/wp-content\/uploads\/2025\/10\/Asset-32.png","width":433,"height":119,"caption":"Rutana - Ra\u0161tin\u0117s reikmenys"},"image":{"@id":"https:\/\/rutana.lt\/#\/schema\/logo\/image\/"},"sameAs":["https:\/\/www.facebook.com\/RutanaKanceliarinesPrekes\/"]}]}},"_links":{"self":[{"href":"https:\/\/rutana.lt\/en\/wp-json\/wp\/v2\/product\/11936","targetHints":{"allow":["GET"]}}],"collection":[{"href":"https:\/\/rutana.lt\/en\/wp-json\/wp\/v2\/product"}],"about":[{"href":"https:\/\/rutana.lt\/en\/wp-json\/wp\/v2\/types\/product"}],"replies":[{"embeddable":true,"href":"https:\/\/rutana.lt\/en\/wp-json\/wp\/v2\/comments?post=11936"}],"version-history":[{"count":1,"href":"https:\/\/rutana.lt\/en\/wp-json\/wp\/v2\/product\/11936\/revisions"}],"predecessor-version":[{"id":11972,"href":"https:\/\/rutana.lt\/en\/wp-json\/wp\/v2\/product\/11936\/revisions\/11972"}],"wp:featuredmedia":[{"embeddable":true,"href":"https:\/\/rutana.lt\/en\/wp-json\/wp\/v2\/media\/27629"}],"wp:attachment":[{"href":"https:\/\/rutana.lt\/en\/wp-json\/wp\/v2\/media?parent=11936"}],"wp:term":[{"taxonomy":"product_brand","embeddable":true,"href":"https:\/\/rutana.lt\/en\/wp-json\/wp\/v2\/product_brand?post=11936"},{"taxonomy":"product_cat","embeddable":true,"href":"https:\/\/rutana.lt\/en\/wp-json\/wp\/v2\/product_cat?post=11936"},{"taxonomy":"product_tag","embeddable":true,"href":"https:\/\/rutana.lt\/en\/wp-json\/wp\/v2\/product_tag?post=11936"}],"curies":[{"name":"wp","href":"https:\/\/api.w.org\/{rel}","templated":true}]}}