{"id":11828,"date":"2025-09-03T09:19:20","date_gmt":"2025-09-03T07:19:20","guid":{"rendered":"https:\/\/rutana.webdemo.lt\/?post_type=product&#038;p=11828"},"modified":"2026-01-29T11:46:04","modified_gmt":"2026-01-29T09:46:04","slug":"namu-kvapas-su-lazdelemis-ohena-50ml-aromatic-89","status":"publish","type":"product","link":"https:\/\/rutana.lt\/en\/product\/namu-kvapas-su-lazdelemis-ohena-50ml-aromatic-89\/","title":{"rendered":"Nam\u0173 kvapas su lazdel\u0117mis &#8222;Ohena&#8221; 50ml Aromatic 89"},"content":{"rendered":"<p>Kvapas su lazdel\u0117mis: namams, biurui ar kitoms patalpoms. Ypa\u010d efektyvus ir intensyvus patalp\u0173 kv\u0117pinimo sprendimas. Kvapas pasklinda grei\u010diau ir efektyviau apvertus lazdeles, v\u0117dinamoje, \u0161iltoje ir sausoje patalpoje. Naudojant visas 6 lazdeles, galima i\u0161kv\u0117pinti patalp\u0105 net iki 70 m\u00b2, o kvapo pakaks net iki 90 dien\u0173. Rekomenduojame lazdeles vartyti 1-2 kartus per savait\u0119. Sukurta naudojant ekologi\u0161k\u0105 baz\u0119, kvapuose n\u0117ra spirito ar alkoholio, pagamintas aliejiniu pagrindu, prailginto veikimo. Nat\u016bralios juodos ratano med\u017eio lazdel\u0117s 25mm ilgio ir<br \/>\n3mm plo\u010dio. Supakuotas juodoje stilingoje d\u0117\u017eut\u0117je.<\/p>\n<p class=\"MsoNoSpacing\">&#8222;Ohena&#8221; aromatas priklauso ELITE kolekcijai. Tai kvap\u0173 kolekcija, puikiai tinkanti m\u0117gstantiems prabang\u0105,<br \/>\nkitoni\u0161kum\u0105 ir naujoves savo namuose. Parfumuoti ir ypa\u010d prabang\u016bs aromatai.<\/p>\n<p class=\"MsoNoSpacing\">\n<p class=\"MsoNoSpacing\" style=\"margin-bottom: 10px;\"><span style=\"text-align: center;\">Vir\u0161utin\u0117s natos: Apelsinas, \u0160afranas<\/span><\/p>\n<p class=\"MsoNoSpacing\" style=\"margin-bottom: 10px;\"><span style=\"text-align: center;\">Vidurin\u0117s natos<\/span><span style=\"text-align: center;\">: Jazminas, Ambroksanas<\/span><\/p>\n<p class=\"MsoNoSpacing\" style=\"margin-bottom: 10px;\"><span style=\"text-align: center;\">Apatin\u0117s natos<\/span><span style=\"text-align: center;\">: \u0104\u017euolo samanos, K\u0117ni\u0173 balzamas<\/span><\/p>\n<p class=\"MsoNoSpacing\">\n<p class=\"MsoNoSpacing\">\n<p>Talpa: 50 ml<\/p>\n<p>Kvapo pavadinimas: OHENA<\/p>\n<p class=\"MsoNoSpacing\">Galiojimo laikas: 12 m\u0117nesi\u0173 nuo atidarymo datos<\/p>\n<p class=\"MsoNoSpacing\">Kilm\u0117s \u0161alis: Lietuva<\/p>\n<p class=\"MsoNoSpacing\">\n<p><iframe src=\"\/\/www.youtube.com\/embed\/kSkUoYJDbVQ\" width=\"640\" height=\"360\" frameborder=\"0\"><\/iframe><\/p>\n<p class=\"MsoNoSpacing\">","protected":false},"excerpt":{"rendered":"<p>Kvapas su lazdel\u0117mis: namams, biurui ar kitoms patalpoms. Ypa\u010d efektyvus ir intensyvus patalp\u0173 kv\u0117pinimo sprendimas.<\/p>","protected":false},"featured_media":27607,"comment_status":"open","ping_status":"closed","template":"","meta":{"_season_start":"","_season_end":"","_season_days":"","_season_months":"","_season_auto_visibility":"1"},"product_brand":[789],"product_cat":[1703],"product_tag":[],"class_list":{"0":"post-11828","1":"product","2":"type-product","3":"status-publish","4":"has-post-thumbnail","6":"product_brand-aromatic-89","7":"product_cat-parfumuoti-kvapai","9":"first","10":"instock","11":"taxable","12":"shipping-taxable","13":"purchasable","14":"product-type-simple"},"yoast_head":"<!-- This site is optimized with the Yoast SEO plugin v26.1.1 - https:\/\/yoast.com\/wordpress\/plugins\/seo\/ -->\n<title>Nam\u0173 kvapas su lazdel\u0117mis &quot;Ohena&quot; 50ml Aromatic 89 - Rutana - Ra\u0161tin\u0117s reikmenys<\/title>\n<meta name=\"robots\" content=\"index, follow, max-snippet:-1, max-image-preview:large, max-video-preview:-1\" \/>\n<link rel=\"canonical\" href=\"https:\/\/rutana.lt\/en\/product\/namu-kvapas-su-lazdelemis-ohena-50ml-aromatic-89\/\" \/>\n<meta property=\"og:locale\" content=\"en_US\" \/>\n<meta property=\"og:type\" content=\"article\" \/>\n<meta property=\"og:title\" content=\"Nam\u0173 kvapas su lazdel\u0117mis &quot;Ohena&quot; 50ml Aromatic 89 - Rutana - Ra\u0161tin\u0117s reikmenys\" \/>\n<meta property=\"og:description\" content=\"Kvapas su lazdel\u0117mis: namams, biurui ar kitoms patalpoms. Ypa\u010d efektyvus ir intensyvus patalp\u0173 kv\u0117pinimo sprendimas.\" \/>\n<meta property=\"og:url\" content=\"https:\/\/rutana.lt\/en\/product\/namu-kvapas-su-lazdelemis-ohena-50ml-aromatic-89\/\" \/>\n<meta property=\"og:site_name\" content=\"Rutana - Ra\u0161tin\u0117s reikmenys\" \/>\n<meta property=\"article:publisher\" content=\"https:\/\/www.facebook.com\/RutanaKanceliarinesPrekes\/\" \/>\n<meta property=\"article:modified_time\" content=\"2026-01-29T09:46:04+00:00\" \/>\n<meta property=\"og:image\" content=\"https:\/\/rutana.lt\/wp-content\/uploads\/2025\/09\/B196-110N-1.jpg?v=1763619765\" \/>\n\t<meta property=\"og:image:width\" content=\"1000\" \/>\n\t<meta property=\"og:image:height\" content=\"1000\" \/>\n\t<meta property=\"og:image:type\" content=\"image\/jpeg\" \/>\n<meta name=\"twitter:card\" content=\"summary_large_image\" \/>\n<meta name=\"twitter:label1\" content=\"Est. reading time\" \/>\n\t<meta name=\"twitter:data1\" content=\"1 minute\" \/>\n<script type=\"application\/ld+json\" class=\"yoast-schema-graph\">{\"@context\":\"https:\/\/schema.org\",\"@graph\":[{\"@type\":\"WebPage\",\"@id\":\"https:\/\/rutana.lt\/produktas\/namu-kvapas-su-lazdelemis-ohena-50ml-aromatic-89\/\",\"url\":\"https:\/\/rutana.lt\/produktas\/namu-kvapas-su-lazdelemis-ohena-50ml-aromatic-89\/\",\"name\":\"Nam\u0173 kvapas su lazdel\u0117mis \\\"Ohena\\\" 50ml Aromatic 89 - Rutana - Ra\u0161tin\u0117s reikmenys\",\"isPartOf\":{\"@id\":\"https:\/\/rutana.lt\/#website\"},\"primaryImageOfPage\":{\"@id\":\"https:\/\/rutana.lt\/produktas\/namu-kvapas-su-lazdelemis-ohena-50ml-aromatic-89\/#primaryimage\"},\"image\":{\"@id\":\"https:\/\/rutana.lt\/produktas\/namu-kvapas-su-lazdelemis-ohena-50ml-aromatic-89\/#primaryimage\"},\"thumbnailUrl\":\"https:\/\/rutana.lt\/wp-content\/uploads\/2025\/09\/B196-110N-1.jpg?v=1763619765\",\"datePublished\":\"2025-09-03T07:19:20+00:00\",\"dateModified\":\"2026-01-29T09:46:04+00:00\",\"breadcrumb\":{\"@id\":\"https:\/\/rutana.lt\/produktas\/namu-kvapas-su-lazdelemis-ohena-50ml-aromatic-89\/#breadcrumb\"},\"inLanguage\":\"en-US\",\"potentialAction\":[{\"@type\":\"ReadAction\",\"target\":[\"https:\/\/rutana.lt\/produktas\/namu-kvapas-su-lazdelemis-ohena-50ml-aromatic-89\/\"]}]},{\"@type\":\"ImageObject\",\"inLanguage\":\"en-US\",\"@id\":\"https:\/\/rutana.lt\/produktas\/namu-kvapas-su-lazdelemis-ohena-50ml-aromatic-89\/#primaryimage\",\"url\":\"https:\/\/rutana.lt\/wp-content\/uploads\/2025\/09\/B196-110N-1.jpg?v=1763619765\",\"contentUrl\":\"https:\/\/rutana.lt\/wp-content\/uploads\/2025\/09\/B196-110N-1.jpg?v=1763619765\",\"width\":1000,\"height\":1000},{\"@type\":\"BreadcrumbList\",\"@id\":\"https:\/\/rutana.lt\/produktas\/namu-kvapas-su-lazdelemis-ohena-50ml-aromatic-89\/#breadcrumb\",\"itemListElement\":[{\"@type\":\"ListItem\",\"position\":1,\"name\":\"Home\",\"item\":\"https:\/\/rutana.lt\/\"},{\"@type\":\"ListItem\",\"position\":2,\"name\":\"Parduotuv\u0117\",\"item\":\"https:\/\/rutana.lt\/parduotuve\/\"},{\"@type\":\"ListItem\",\"position\":3,\"name\":\"Nam\u0173 kvapas su lazdel\u0117mis &#8222;Ohena&#8221; 50ml Aromatic 89\"}]},{\"@type\":\"WebSite\",\"@id\":\"https:\/\/rutana.lt\/#website\",\"url\":\"https:\/\/rutana.lt\/\",\"name\":\"Rutana - Ra\u0161tin\u0117s reikmenys\",\"description\":\"Prekiaujame pasaulin\u0117je rinkoje pripa\u017eintomis, kokybi\u0161komis biuro prek\u0117mis toki\u0173  gamintoj\u0173 kaip: Schneider, Esselte, Novus, 3M, Faber-Castell, Citizen, Milan, Leitz, Colop, Zebra, Staedtler, Durable, Tork, Parker, Waterman ir kt.\",\"publisher\":{\"@id\":\"https:\/\/rutana.lt\/#organization\"},\"potentialAction\":[{\"@type\":\"SearchAction\",\"target\":{\"@type\":\"EntryPoint\",\"urlTemplate\":\"https:\/\/rutana.lt\/?s={search_term_string}\"},\"query-input\":{\"@type\":\"PropertyValueSpecification\",\"valueRequired\":true,\"valueName\":\"search_term_string\"}}],\"inLanguage\":\"en-US\"},{\"@type\":\"Organization\",\"@id\":\"https:\/\/rutana.lt\/#organization\",\"name\":\"Rutana - Ra\u0161tin\u0117s reikmenys\",\"url\":\"https:\/\/rutana.lt\/\",\"logo\":{\"@type\":\"ImageObject\",\"inLanguage\":\"en-US\",\"@id\":\"https:\/\/rutana.lt\/#\/schema\/logo\/image\/\",\"url\":\"https:\/\/rutana.lt\/wp-content\/uploads\/2025\/10\/Asset-32.png\",\"contentUrl\":\"https:\/\/rutana.lt\/wp-content\/uploads\/2025\/10\/Asset-32.png\",\"width\":433,\"height\":119,\"caption\":\"Rutana - Ra\u0161tin\u0117s reikmenys\"},\"image\":{\"@id\":\"https:\/\/rutana.lt\/#\/schema\/logo\/image\/\"},\"sameAs\":[\"https:\/\/www.facebook.com\/RutanaKanceliarinesPrekes\/\"]}]}<\/script>\n<!-- \/ Yoast SEO plugin. -->","yoast_head_json":{"title":"Nam\u0173 kvapas su lazdel\u0117mis \"Ohena\" 50ml Aromatic 89 - Rutana - Ra\u0161tin\u0117s reikmenys","robots":{"index":"index","follow":"follow","max-snippet":"max-snippet:-1","max-image-preview":"max-image-preview:large","max-video-preview":"max-video-preview:-1"},"canonical":"https:\/\/rutana.lt\/en\/product\/namu-kvapas-su-lazdelemis-ohena-50ml-aromatic-89\/","og_locale":"en_US","og_type":"article","og_title":"Nam\u0173 kvapas su lazdel\u0117mis \"Ohena\" 50ml Aromatic 89 - Rutana - Ra\u0161tin\u0117s reikmenys","og_description":"Kvapas su lazdel\u0117mis: namams, biurui ar kitoms patalpoms. Ypa\u010d efektyvus ir intensyvus patalp\u0173 kv\u0117pinimo sprendimas.","og_url":"https:\/\/rutana.lt\/en\/product\/namu-kvapas-su-lazdelemis-ohena-50ml-aromatic-89\/","og_site_name":"Rutana - Ra\u0161tin\u0117s reikmenys","article_publisher":"https:\/\/www.facebook.com\/RutanaKanceliarinesPrekes\/","article_modified_time":"2026-01-29T09:46:04+00:00","og_image":[{"width":1000,"height":1000,"url":"https:\/\/rutana.lt\/wp-content\/uploads\/2025\/09\/B196-110N-1.jpg?v=1763619765","type":"image\/jpeg"}],"twitter_card":"summary_large_image","twitter_misc":{"Est. reading time":"1 minute"},"schema":{"@context":"https:\/\/schema.org","@graph":[{"@type":"WebPage","@id":"https:\/\/rutana.lt\/produktas\/namu-kvapas-su-lazdelemis-ohena-50ml-aromatic-89\/","url":"https:\/\/rutana.lt\/produktas\/namu-kvapas-su-lazdelemis-ohena-50ml-aromatic-89\/","name":"Nam\u0173 kvapas su lazdel\u0117mis \"Ohena\" 50ml Aromatic 89 - Rutana - Ra\u0161tin\u0117s reikmenys","isPartOf":{"@id":"https:\/\/rutana.lt\/#website"},"primaryImageOfPage":{"@id":"https:\/\/rutana.lt\/produktas\/namu-kvapas-su-lazdelemis-ohena-50ml-aromatic-89\/#primaryimage"},"image":{"@id":"https:\/\/rutana.lt\/produktas\/namu-kvapas-su-lazdelemis-ohena-50ml-aromatic-89\/#primaryimage"},"thumbnailUrl":"https:\/\/rutana.lt\/wp-content\/uploads\/2025\/09\/B196-110N-1.jpg?v=1763619765","datePublished":"2025-09-03T07:19:20+00:00","dateModified":"2026-01-29T09:46:04+00:00","breadcrumb":{"@id":"https:\/\/rutana.lt\/produktas\/namu-kvapas-su-lazdelemis-ohena-50ml-aromatic-89\/#breadcrumb"},"inLanguage":"en-US","potentialAction":[{"@type":"ReadAction","target":["https:\/\/rutana.lt\/produktas\/namu-kvapas-su-lazdelemis-ohena-50ml-aromatic-89\/"]}]},{"@type":"ImageObject","inLanguage":"en-US","@id":"https:\/\/rutana.lt\/produktas\/namu-kvapas-su-lazdelemis-ohena-50ml-aromatic-89\/#primaryimage","url":"https:\/\/rutana.lt\/wp-content\/uploads\/2025\/09\/B196-110N-1.jpg?v=1763619765","contentUrl":"https:\/\/rutana.lt\/wp-content\/uploads\/2025\/09\/B196-110N-1.jpg?v=1763619765","width":1000,"height":1000},{"@type":"BreadcrumbList","@id":"https:\/\/rutana.lt\/produktas\/namu-kvapas-su-lazdelemis-ohena-50ml-aromatic-89\/#breadcrumb","itemListElement":[{"@type":"ListItem","position":1,"name":"Home","item":"https:\/\/rutana.lt\/"},{"@type":"ListItem","position":2,"name":"Parduotuv\u0117","item":"https:\/\/rutana.lt\/parduotuve\/"},{"@type":"ListItem","position":3,"name":"Nam\u0173 kvapas su lazdel\u0117mis &#8222;Ohena&#8221; 50ml Aromatic 89"}]},{"@type":"WebSite","@id":"https:\/\/rutana.lt\/#website","url":"https:\/\/rutana.lt\/","name":"Rutana - Ra\u0161tin\u0117s reikmenys","description":"Prekiaujame pasaulin\u0117je rinkoje pripa\u017eintomis, kokybi\u0161komis biuro prek\u0117mis toki\u0173  gamintoj\u0173 kaip: Schneider, Esselte, Novus, 3M, Faber-Castell, Citizen, Milan, Leitz, Colop, Zebra, Staedtler, Durable, Tork, Parker, Waterman ir kt.","publisher":{"@id":"https:\/\/rutana.lt\/#organization"},"potentialAction":[{"@type":"SearchAction","target":{"@type":"EntryPoint","urlTemplate":"https:\/\/rutana.lt\/?s={search_term_string}"},"query-input":{"@type":"PropertyValueSpecification","valueRequired":true,"valueName":"search_term_string"}}],"inLanguage":"en-US"},{"@type":"Organization","@id":"https:\/\/rutana.lt\/#organization","name":"Rutana - Ra\u0161tin\u0117s reikmenys","url":"https:\/\/rutana.lt\/","logo":{"@type":"ImageObject","inLanguage":"en-US","@id":"https:\/\/rutana.lt\/#\/schema\/logo\/image\/","url":"https:\/\/rutana.lt\/wp-content\/uploads\/2025\/10\/Asset-32.png","contentUrl":"https:\/\/rutana.lt\/wp-content\/uploads\/2025\/10\/Asset-32.png","width":433,"height":119,"caption":"Rutana - Ra\u0161tin\u0117s reikmenys"},"image":{"@id":"https:\/\/rutana.lt\/#\/schema\/logo\/image\/"},"sameAs":["https:\/\/www.facebook.com\/RutanaKanceliarinesPrekes\/"]}]}},"_links":{"self":[{"href":"https:\/\/rutana.lt\/en\/wp-json\/wp\/v2\/product\/11828","targetHints":{"allow":["GET"]}}],"collection":[{"href":"https:\/\/rutana.lt\/en\/wp-json\/wp\/v2\/product"}],"about":[{"href":"https:\/\/rutana.lt\/en\/wp-json\/wp\/v2\/types\/product"}],"replies":[{"embeddable":true,"href":"https:\/\/rutana.lt\/en\/wp-json\/wp\/v2\/comments?post=11828"}],"version-history":[{"count":4,"href":"https:\/\/rutana.lt\/en\/wp-json\/wp\/v2\/product\/11828\/revisions"}],"predecessor-version":[{"id":34641,"href":"https:\/\/rutana.lt\/en\/wp-json\/wp\/v2\/product\/11828\/revisions\/34641"}],"wp:featuredmedia":[{"embeddable":true,"href":"https:\/\/rutana.lt\/en\/wp-json\/wp\/v2\/media\/27607"}],"wp:attachment":[{"href":"https:\/\/rutana.lt\/en\/wp-json\/wp\/v2\/media?parent=11828"}],"wp:term":[{"taxonomy":"product_brand","embeddable":true,"href":"https:\/\/rutana.lt\/en\/wp-json\/wp\/v2\/product_brand?post=11828"},{"taxonomy":"product_cat","embeddable":true,"href":"https:\/\/rutana.lt\/en\/wp-json\/wp\/v2\/product_cat?post=11828"},{"taxonomy":"product_tag","embeddable":true,"href":"https:\/\/rutana.lt\/en\/wp-json\/wp\/v2\/product_tag?post=11828"}],"curies":[{"name":"wp","href":"https:\/\/api.w.org\/{rel}","templated":true}]}}