{"id":11757,"date":"2025-09-03T09:18:56","date_gmt":"2025-09-03T07:18:56","guid":{"rendered":"https:\/\/rutana.webdemo.lt\/?post_type=product&#038;p=11757"},"modified":"2025-10-13T15:40:01","modified_gmt":"2025-10-13T13:40:01","slug":"aplankas-vokas-a4-su-spaustuku-ir-perforacija-centrum-80631","status":"publish","type":"product","link":"https:\/\/rutana.lt\/en\/product\/aplankas-vokas-a4-su-spaustuku-ir-perforacija-centrum-80631\/","title":{"rendered":"Aplankas &#8211; vokas A4 su spaustuku ir perforacija Centrum 80631"},"content":{"rendered":"<p>Aplankas pagamintas i\u0161 auk\u0161tos kokyb\u0117s skaidraus, spalvoto plastiko, voko formos, su tvirtai u\u017esegamu spaustuku. Plastiko storis 0.18 mm. Aplankas yra su perforacija ir j\u012f galima \u012fsegti \u012f segtuv\u0105 ar aplank\u0105 su \u017eiedais.<\/p>\n<p>Aplanko formatas: A4<\/p>\n<p>Aplanko spalva: skaidriai geltona, m\u0117lyna, \u017ealia arba pilka<\/p>\n<p>Kilm\u0117s \u0161alis: Vokietija<\/p>\n<\/p>\n<p><\/p>","protected":false},"excerpt":{"rendered":"<p>Aplankas pagamintas i\u0161 auk\u0161tos kokyb\u0117s skaidraus, spalvoto plastiko, voko formos, su tvirtai u\u017esegamu spaustuku. Plastiko storis 0.18 mm. Aplankas yra su perforacija ir j\u012f galima \u012fsegti \u012f segtuv\u0105 ar aplank\u0105 su \u017eiedais. Aplanko formatas: A4 Aplanko spalva: skaidriai geltona, m\u0117lyna, \u017ealia arba pilka Kilm\u0117s \u0161alis: Vokietija<\/p>","protected":false},"featured_media":27580,"comment_status":"open","ping_status":"closed","template":"","meta":{"_season_start":"","_season_end":"","_season_days":"","_season_months":"","_season_auto_visibility":""},"product_brand":[199],"product_cat":[1765],"product_tag":[],"class_list":{"0":"post-11757","1":"product","2":"type-product","3":"status-publish","4":"has-post-thumbnail","6":"product_brand-centrum","7":"product_cat-aplankai-su-spaustuku","9":"first","10":"instock","11":"taxable","12":"shipping-taxable","13":"purchasable","14":"product-type-simple"},"yoast_head":"<!-- This site is optimized with the Yoast SEO plugin v27.4 - https:\/\/yoast.com\/product\/yoast-seo-wordpress\/ -->\n<title>Aplankas - vokas A4 su spaustuku ir perforacija Centrum 80631 - Rutana - Ra\u0161tin\u0117s reikmenys<\/title>\n<meta name=\"robots\" content=\"index, follow, max-snippet:-1, max-image-preview:large, max-video-preview:-1\" \/>\n<link rel=\"canonical\" href=\"https:\/\/rutana.lt\/en\/product\/aplankas-vokas-a4-su-spaustuku-ir-perforacija-centrum-80631\/\" \/>\n<meta property=\"og:locale\" content=\"en_US\" \/>\n<meta property=\"og:type\" content=\"article\" \/>\n<meta property=\"og:title\" content=\"Aplankas - vokas A4 su spaustuku ir perforacija Centrum 80631 - Rutana - Ra\u0161tin\u0117s reikmenys\" \/>\n<meta property=\"og:description\" content=\"Aplankas pagamintas i\u0161 auk\u0161tos kokyb\u0117s skaidraus, spalvoto plastiko, voko formos, su tvirtai u\u017esegamu spaustuku. Plastiko storis 0.18 mm. Aplankas yra su perforacija ir j\u012f galima \u012fsegti \u012f segtuv\u0105 ar aplank\u0105 su \u017eiedais. Aplanko formatas: A4 Aplanko spalva: skaidriai geltona, m\u0117lyna, \u017ealia arba pilka Kilm\u0117s \u0161alis: Vokietija\" \/>\n<meta property=\"og:url\" content=\"https:\/\/rutana.lt\/en\/product\/aplankas-vokas-a4-su-spaustuku-ir-perforacija-centrum-80631\/\" \/>\n<meta property=\"og:site_name\" content=\"Rutana - Ra\u0161tin\u0117s reikmenys\" \/>\n<meta property=\"article:publisher\" content=\"https:\/\/www.facebook.com\/RutanaKanceliarinesPrekes\/\" \/>\n<meta property=\"article:modified_time\" content=\"2025-10-13T13:40:01+00:00\" \/>\n<meta property=\"og:image\" content=\"https:\/\/rutana.lt\/wp-content\/uploads\/2025\/09\/C017-158.jpg\" \/>\n\t<meta property=\"og:image:width\" content=\"662\" \/>\n\t<meta property=\"og:image:height\" content=\"515\" \/>\n\t<meta property=\"og:image:type\" content=\"image\/jpeg\" \/>\n<meta name=\"twitter:card\" content=\"summary_large_image\" \/>\n<script type=\"application\/ld+json\" class=\"yoast-schema-graph\">{\"@context\":\"https:\\\/\\\/schema.org\",\"@graph\":[{\"@type\":\"WebPage\",\"@id\":\"https:\\\/\\\/rutana.lt\\\/produktas\\\/aplankas-vokas-a4-su-spaustuku-ir-perforacija-centrum-80631\\\/\",\"url\":\"https:\\\/\\\/rutana.lt\\\/produktas\\\/aplankas-vokas-a4-su-spaustuku-ir-perforacija-centrum-80631\\\/\",\"name\":\"Aplankas - vokas A4 su spaustuku ir perforacija Centrum 80631 - Rutana - Ra\u0161tin\u0117s reikmenys\",\"isPartOf\":{\"@id\":\"https:\\\/\\\/rutana.lt\\\/#website\"},\"primaryImageOfPage\":{\"@id\":\"https:\\\/\\\/rutana.lt\\\/produktas\\\/aplankas-vokas-a4-su-spaustuku-ir-perforacija-centrum-80631\\\/#primaryimage\"},\"image\":{\"@id\":\"https:\\\/\\\/rutana.lt\\\/produktas\\\/aplankas-vokas-a4-su-spaustuku-ir-perforacija-centrum-80631\\\/#primaryimage\"},\"thumbnailUrl\":\"https:\\\/\\\/rutana.lt\\\/wp-content\\\/uploads\\\/2025\\\/09\\\/C017-158-1.jpg?v=1763619808\",\"datePublished\":\"2025-09-03T07:18:56+00:00\",\"dateModified\":\"2025-10-13T13:40:01+00:00\",\"breadcrumb\":{\"@id\":\"https:\\\/\\\/rutana.lt\\\/produktas\\\/aplankas-vokas-a4-su-spaustuku-ir-perforacija-centrum-80631\\\/#breadcrumb\"},\"inLanguage\":\"en-US\",\"potentialAction\":[{\"@type\":\"ReadAction\",\"target\":[\"https:\\\/\\\/rutana.lt\\\/produktas\\\/aplankas-vokas-a4-su-spaustuku-ir-perforacija-centrum-80631\\\/\"]}]},{\"@type\":\"ImageObject\",\"inLanguage\":\"en-US\",\"@id\":\"https:\\\/\\\/rutana.lt\\\/produktas\\\/aplankas-vokas-a4-su-spaustuku-ir-perforacija-centrum-80631\\\/#primaryimage\",\"url\":\"https:\\\/\\\/rutana.lt\\\/wp-content\\\/uploads\\\/2025\\\/09\\\/C017-158-1.jpg?v=1763619808\",\"contentUrl\":\"https:\\\/\\\/rutana.lt\\\/wp-content\\\/uploads\\\/2025\\\/09\\\/C017-158-1.jpg?v=1763619808\",\"width\":662,\"height\":515},{\"@type\":\"BreadcrumbList\",\"@id\":\"https:\\\/\\\/rutana.lt\\\/produktas\\\/aplankas-vokas-a4-su-spaustuku-ir-perforacija-centrum-80631\\\/#breadcrumb\",\"itemListElement\":[{\"@type\":\"ListItem\",\"position\":1,\"name\":\"Home\",\"item\":\"https:\\\/\\\/rutana.lt\\\/\"},{\"@type\":\"ListItem\",\"position\":2,\"name\":\"Parduotuv\u0117\",\"item\":\"https:\\\/\\\/rutana.lt\\\/parduotuve\\\/\"},{\"@type\":\"ListItem\",\"position\":3,\"name\":\"Aplankas &#8211; vokas A4 su spaustuku ir perforacija Centrum 80631\"}]},{\"@type\":\"WebSite\",\"@id\":\"https:\\\/\\\/rutana.lt\\\/#website\",\"url\":\"https:\\\/\\\/rutana.lt\\\/\",\"name\":\"Rutana - Ra\u0161tin\u0117s reikmenys\",\"description\":\"Prekiaujame pasaulin\u0117je rinkoje pripa\u017eintomis, kokybi\u0161komis biuro prek\u0117mis toki\u0173  gamintoj\u0173 kaip: Schneider, Esselte, Novus, 3M, Faber-Castell, Citizen, Milan, Leitz, Colop, Zebra, Staedtler, Durable, Tork, Parker, Waterman ir kt.\",\"publisher\":{\"@id\":\"https:\\\/\\\/rutana.lt\\\/#organization\"},\"potentialAction\":[{\"@type\":\"SearchAction\",\"target\":{\"@type\":\"EntryPoint\",\"urlTemplate\":\"https:\\\/\\\/rutana.lt\\\/?s={search_term_string}\"},\"query-input\":{\"@type\":\"PropertyValueSpecification\",\"valueRequired\":true,\"valueName\":\"search_term_string\"}}],\"inLanguage\":\"en-US\"},{\"@type\":\"Organization\",\"@id\":\"https:\\\/\\\/rutana.lt\\\/#organization\",\"name\":\"Rutana - Ra\u0161tin\u0117s reikmenys\",\"url\":\"https:\\\/\\\/rutana.lt\\\/\",\"logo\":{\"@type\":\"ImageObject\",\"inLanguage\":\"en-US\",\"@id\":\"https:\\\/\\\/rutana.lt\\\/#\\\/schema\\\/logo\\\/image\\\/\",\"url\":\"https:\\\/\\\/rutana.lt\\\/wp-content\\\/uploads\\\/2025\\\/10\\\/Asset-32.png\",\"contentUrl\":\"https:\\\/\\\/rutana.lt\\\/wp-content\\\/uploads\\\/2025\\\/10\\\/Asset-32.png\",\"width\":433,\"height\":119,\"caption\":\"Rutana - Ra\u0161tin\u0117s reikmenys\"},\"image\":{\"@id\":\"https:\\\/\\\/rutana.lt\\\/#\\\/schema\\\/logo\\\/image\\\/\"},\"sameAs\":[\"https:\\\/\\\/www.facebook.com\\\/RutanaKanceliarinesPrekes\\\/\"]}]}<\/script>\n<!-- \/ Yoast SEO plugin. -->","yoast_head_json":{"title":"Aplankas - vokas A4 su spaustuku ir perforacija Centrum 80631 - Rutana - Ra\u0161tin\u0117s reikmenys","robots":{"index":"index","follow":"follow","max-snippet":"max-snippet:-1","max-image-preview":"max-image-preview:large","max-video-preview":"max-video-preview:-1"},"canonical":"https:\/\/rutana.lt\/en\/product\/aplankas-vokas-a4-su-spaustuku-ir-perforacija-centrum-80631\/","og_locale":"en_US","og_type":"article","og_title":"Aplankas - vokas A4 su spaustuku ir perforacija Centrum 80631 - Rutana - Ra\u0161tin\u0117s reikmenys","og_description":"Aplankas pagamintas i\u0161 auk\u0161tos kokyb\u0117s skaidraus, spalvoto plastiko, voko formos, su tvirtai u\u017esegamu spaustuku. Plastiko storis 0.18 mm. Aplankas yra su perforacija ir j\u012f galima \u012fsegti \u012f segtuv\u0105 ar aplank\u0105 su \u017eiedais. Aplanko formatas: A4 Aplanko spalva: skaidriai geltona, m\u0117lyna, \u017ealia arba pilka Kilm\u0117s \u0161alis: Vokietija","og_url":"https:\/\/rutana.lt\/en\/product\/aplankas-vokas-a4-su-spaustuku-ir-perforacija-centrum-80631\/","og_site_name":"Rutana - Ra\u0161tin\u0117s reikmenys","article_publisher":"https:\/\/www.facebook.com\/RutanaKanceliarinesPrekes\/","article_modified_time":"2025-10-13T13:40:01+00:00","og_image":[{"width":662,"height":515,"url":"https:\/\/rutana.lt\/wp-content\/uploads\/2025\/09\/C017-158.jpg","type":"image\/jpeg"}],"twitter_card":"summary_large_image","schema":{"@context":"https:\/\/schema.org","@graph":[{"@type":"WebPage","@id":"https:\/\/rutana.lt\/produktas\/aplankas-vokas-a4-su-spaustuku-ir-perforacija-centrum-80631\/","url":"https:\/\/rutana.lt\/produktas\/aplankas-vokas-a4-su-spaustuku-ir-perforacija-centrum-80631\/","name":"Aplankas - vokas A4 su spaustuku ir perforacija Centrum 80631 - Rutana - Ra\u0161tin\u0117s reikmenys","isPartOf":{"@id":"https:\/\/rutana.lt\/#website"},"primaryImageOfPage":{"@id":"https:\/\/rutana.lt\/produktas\/aplankas-vokas-a4-su-spaustuku-ir-perforacija-centrum-80631\/#primaryimage"},"image":{"@id":"https:\/\/rutana.lt\/produktas\/aplankas-vokas-a4-su-spaustuku-ir-perforacija-centrum-80631\/#primaryimage"},"thumbnailUrl":"https:\/\/rutana.lt\/wp-content\/uploads\/2025\/09\/C017-158-1.jpg?v=1763619808","datePublished":"2025-09-03T07:18:56+00:00","dateModified":"2025-10-13T13:40:01+00:00","breadcrumb":{"@id":"https:\/\/rutana.lt\/produktas\/aplankas-vokas-a4-su-spaustuku-ir-perforacija-centrum-80631\/#breadcrumb"},"inLanguage":"en-US","potentialAction":[{"@type":"ReadAction","target":["https:\/\/rutana.lt\/produktas\/aplankas-vokas-a4-su-spaustuku-ir-perforacija-centrum-80631\/"]}]},{"@type":"ImageObject","inLanguage":"en-US","@id":"https:\/\/rutana.lt\/produktas\/aplankas-vokas-a4-su-spaustuku-ir-perforacija-centrum-80631\/#primaryimage","url":"https:\/\/rutana.lt\/wp-content\/uploads\/2025\/09\/C017-158-1.jpg?v=1763619808","contentUrl":"https:\/\/rutana.lt\/wp-content\/uploads\/2025\/09\/C017-158-1.jpg?v=1763619808","width":662,"height":515},{"@type":"BreadcrumbList","@id":"https:\/\/rutana.lt\/produktas\/aplankas-vokas-a4-su-spaustuku-ir-perforacija-centrum-80631\/#breadcrumb","itemListElement":[{"@type":"ListItem","position":1,"name":"Home","item":"https:\/\/rutana.lt\/"},{"@type":"ListItem","position":2,"name":"Parduotuv\u0117","item":"https:\/\/rutana.lt\/parduotuve\/"},{"@type":"ListItem","position":3,"name":"Aplankas &#8211; vokas A4 su spaustuku ir perforacija Centrum 80631"}]},{"@type":"WebSite","@id":"https:\/\/rutana.lt\/#website","url":"https:\/\/rutana.lt\/","name":"Rutana - Ra\u0161tin\u0117s reikmenys","description":"Prekiaujame pasaulin\u0117je rinkoje pripa\u017eintomis, kokybi\u0161komis biuro prek\u0117mis toki\u0173  gamintoj\u0173 kaip: Schneider, Esselte, Novus, 3M, Faber-Castell, Citizen, Milan, Leitz, Colop, Zebra, Staedtler, Durable, Tork, Parker, Waterman ir kt.","publisher":{"@id":"https:\/\/rutana.lt\/#organization"},"potentialAction":[{"@type":"SearchAction","target":{"@type":"EntryPoint","urlTemplate":"https:\/\/rutana.lt\/?s={search_term_string}"},"query-input":{"@type":"PropertyValueSpecification","valueRequired":true,"valueName":"search_term_string"}}],"inLanguage":"en-US"},{"@type":"Organization","@id":"https:\/\/rutana.lt\/#organization","name":"Rutana - Ra\u0161tin\u0117s reikmenys","url":"https:\/\/rutana.lt\/","logo":{"@type":"ImageObject","inLanguage":"en-US","@id":"https:\/\/rutana.lt\/#\/schema\/logo\/image\/","url":"https:\/\/rutana.lt\/wp-content\/uploads\/2025\/10\/Asset-32.png","contentUrl":"https:\/\/rutana.lt\/wp-content\/uploads\/2025\/10\/Asset-32.png","width":433,"height":119,"caption":"Rutana - Ra\u0161tin\u0117s reikmenys"},"image":{"@id":"https:\/\/rutana.lt\/#\/schema\/logo\/image\/"},"sameAs":["https:\/\/www.facebook.com\/RutanaKanceliarinesPrekes\/"]}]}},"_links":{"self":[{"href":"https:\/\/rutana.lt\/en\/wp-json\/wp\/v2\/product\/11757","targetHints":{"allow":["GET"]}}],"collection":[{"href":"https:\/\/rutana.lt\/en\/wp-json\/wp\/v2\/product"}],"about":[{"href":"https:\/\/rutana.lt\/en\/wp-json\/wp\/v2\/types\/product"}],"replies":[{"embeddable":true,"href":"https:\/\/rutana.lt\/en\/wp-json\/wp\/v2\/comments?post=11757"}],"version-history":[{"count":1,"href":"https:\/\/rutana.lt\/en\/wp-json\/wp\/v2\/product\/11757\/revisions"}],"predecessor-version":[{"id":11806,"href":"https:\/\/rutana.lt\/en\/wp-json\/wp\/v2\/product\/11757\/revisions\/11806"}],"wp:featuredmedia":[{"embeddable":true,"href":"https:\/\/rutana.lt\/en\/wp-json\/wp\/v2\/media\/27580"}],"wp:attachment":[{"href":"https:\/\/rutana.lt\/en\/wp-json\/wp\/v2\/media?parent=11757"}],"wp:term":[{"taxonomy":"product_brand","embeddable":true,"href":"https:\/\/rutana.lt\/en\/wp-json\/wp\/v2\/product_brand?post=11757"},{"taxonomy":"product_cat","embeddable":true,"href":"https:\/\/rutana.lt\/en\/wp-json\/wp\/v2\/product_cat?post=11757"},{"taxonomy":"product_tag","embeddable":true,"href":"https:\/\/rutana.lt\/en\/wp-json\/wp\/v2\/product_tag?post=11757"}],"curies":[{"name":"wp","href":"https:\/\/api.w.org\/{rel}","templated":true}]}}