{"id":11747,"date":"2025-09-03T09:18:55","date_gmt":"2025-09-03T07:18:55","guid":{"rendered":"https:\/\/rutana.webdemo.lt\/?post_type=product&#038;p=11747"},"modified":"2025-10-13T15:39:56","modified_gmt":"2025-10-13T13:39:56","slug":"pristatymo-aplankas-metallic-a4-su-20-vokeliu-zalias-forpus-22622","status":"publish","type":"product","link":"https:\/\/rutana.lt\/en\/product\/pristatymo-aplankas-metallic-a4-su-20-vokeliu-zalias-forpus-22622\/","title":{"rendered":"Pristatymo aplankas &#8222;Metallic&#8221; A4 su 20 vokeli\u0173 \u017ealias Forpus 22622"},"content":{"rendered":"<p>Plastikinis aplankas su skaidriais vokeliais skirtas prezentacij\u0173, pristatym\u0173 med\u017eiagai. Aplankas pagamintas i\u0161 kieto, stipraus plastiko. Metaliko atspalvio vir\u0161elis. Vokeli\u0173 storis 0.03 mm. Nugar\u0117l\u0117je yra nedidel\u0117 ki\u0161en\u0117l\u0117 u\u017era\u0161ui.<\/p>\n<p>Aplanko formatas: A4<\/p>\n<p>Vokeli\u0173 skai\u010dius: 20<\/p>\n<p>Plastiko storis: 0.7 mm<\/p>\n<p>Aplanko vir\u0161elio spalva: \u017ealia <\/p>\n<\/p>\n<p><\/p>","protected":false},"excerpt":{"rendered":"<p>Plastikinis aplankas su skaidriais vokeliais skirtas prezentacij\u0173, pristatym\u0173 med\u017eiagai. Aplankas pagamintas i\u0161 kieto, stipraus plastiko. Metaliko atspalvio vir\u0161elis. Vokeli\u0173 storis 0.03 mm. Nugar\u0117l\u0117je yra nedidel\u0117 ki\u0161en\u0117l\u0117 u\u017era\u0161ui. Aplanko formatas: A4 Vokeli\u0173 skai\u010dius: 20 Plastiko storis: 0.7 mm Aplanko vir\u0161elio spalva: \u017ealia<\/p>","protected":false},"featured_media":27570,"comment_status":"open","ping_status":"closed","template":"","meta":{"_season_start":"","_season_end":"","_season_days":"","_season_months":"","_season_auto_visibility":""},"product_brand":[74],"product_cat":[1755],"product_tag":[],"class_list":{"0":"post-11747","1":"product","2":"type-product","3":"status-publish","4":"has-post-thumbnail","6":"product_brand-forpus","7":"product_cat-aplankai-su-imautemis","9":"first","10":"instock","11":"taxable","12":"shipping-taxable","13":"purchasable","14":"product-type-simple"},"yoast_head":"<!-- This site is optimized with the Yoast SEO plugin v26.1.1 - https:\/\/yoast.com\/wordpress\/plugins\/seo\/ -->\n<title>Pristatymo aplankas &quot;Metallic&quot; A4 su 20 vokeli\u0173 \u017ealias Forpus 22622 - Rutana - Ra\u0161tin\u0117s reikmenys<\/title>\n<meta name=\"robots\" content=\"index, follow, max-snippet:-1, max-image-preview:large, max-video-preview:-1\" \/>\n<link rel=\"canonical\" href=\"https:\/\/rutana.lt\/en\/product\/pristatymo-aplankas-metallic-a4-su-20-vokeliu-zalias-forpus-22622\/\" \/>\n<meta property=\"og:locale\" content=\"en_US\" \/>\n<meta property=\"og:type\" content=\"article\" \/>\n<meta property=\"og:title\" content=\"Pristatymo aplankas &quot;Metallic&quot; A4 su 20 vokeli\u0173 \u017ealias Forpus 22622 - Rutana - Ra\u0161tin\u0117s reikmenys\" \/>\n<meta property=\"og:description\" content=\"Plastikinis aplankas su skaidriais vokeliais skirtas prezentacij\u0173, pristatym\u0173 med\u017eiagai. Aplankas pagamintas i\u0161 kieto, stipraus plastiko. Metaliko atspalvio vir\u0161elis. Vokeli\u0173 storis 0.03 mm. Nugar\u0117l\u0117je yra nedidel\u0117 ki\u0161en\u0117l\u0117 u\u017era\u0161ui. Aplanko formatas: A4 Vokeli\u0173 skai\u010dius: 20 Plastiko storis: 0.7 mm Aplanko vir\u0161elio spalva: \u017ealia\" \/>\n<meta property=\"og:url\" content=\"https:\/\/rutana.lt\/en\/product\/pristatymo-aplankas-metallic-a4-su-20-vokeliu-zalias-forpus-22622\/\" \/>\n<meta property=\"og:site_name\" content=\"Rutana - Ra\u0161tin\u0117s reikmenys\" \/>\n<meta property=\"article:publisher\" content=\"https:\/\/www.facebook.com\/RutanaKanceliarinesPrekes\/\" \/>\n<meta property=\"article:modified_time\" content=\"2025-10-13T13:39:56+00:00\" \/>\n<meta property=\"og:image\" content=\"https:\/\/rutana.lt\/wp-content\/uploads\/2025\/09\/C014-100.jpg\" \/>\n\t<meta property=\"og:image:width\" content=\"600\" \/>\n\t<meta property=\"og:image:height\" content=\"399\" \/>\n\t<meta property=\"og:image:type\" content=\"image\/jpeg\" \/>\n<meta name=\"twitter:card\" content=\"summary_large_image\" \/>\n<script type=\"application\/ld+json\" class=\"yoast-schema-graph\">{\"@context\":\"https:\/\/schema.org\",\"@graph\":[{\"@type\":\"WebPage\",\"@id\":\"https:\/\/rutana.lt\/produktas\/pristatymo-aplankas-metallic-a4-su-20-vokeliu-zalias-forpus-22622\/\",\"url\":\"https:\/\/rutana.lt\/produktas\/pristatymo-aplankas-metallic-a4-su-20-vokeliu-zalias-forpus-22622\/\",\"name\":\"Pristatymo aplankas \\\"Metallic\\\" A4 su 20 vokeli\u0173 \u017ealias Forpus 22622 - Rutana - Ra\u0161tin\u0117s reikmenys\",\"isPartOf\":{\"@id\":\"https:\/\/rutana.lt\/#website\"},\"primaryImageOfPage\":{\"@id\":\"https:\/\/rutana.lt\/produktas\/pristatymo-aplankas-metallic-a4-su-20-vokeliu-zalias-forpus-22622\/#primaryimage\"},\"image\":{\"@id\":\"https:\/\/rutana.lt\/produktas\/pristatymo-aplankas-metallic-a4-su-20-vokeliu-zalias-forpus-22622\/#primaryimage\"},\"thumbnailUrl\":\"https:\/\/rutana.lt\/wp-content\/uploads\/2025\/09\/C014-100-1.jpg?v=1763619818\",\"datePublished\":\"2025-09-03T07:18:55+00:00\",\"dateModified\":\"2025-10-13T13:39:56+00:00\",\"breadcrumb\":{\"@id\":\"https:\/\/rutana.lt\/produktas\/pristatymo-aplankas-metallic-a4-su-20-vokeliu-zalias-forpus-22622\/#breadcrumb\"},\"inLanguage\":\"en-US\",\"potentialAction\":[{\"@type\":\"ReadAction\",\"target\":[\"https:\/\/rutana.lt\/produktas\/pristatymo-aplankas-metallic-a4-su-20-vokeliu-zalias-forpus-22622\/\"]}]},{\"@type\":\"ImageObject\",\"inLanguage\":\"en-US\",\"@id\":\"https:\/\/rutana.lt\/produktas\/pristatymo-aplankas-metallic-a4-su-20-vokeliu-zalias-forpus-22622\/#primaryimage\",\"url\":\"https:\/\/rutana.lt\/wp-content\/uploads\/2025\/09\/C014-100-1.jpg?v=1763619818\",\"contentUrl\":\"https:\/\/rutana.lt\/wp-content\/uploads\/2025\/09\/C014-100-1.jpg?v=1763619818\",\"width\":600,\"height\":399},{\"@type\":\"BreadcrumbList\",\"@id\":\"https:\/\/rutana.lt\/produktas\/pristatymo-aplankas-metallic-a4-su-20-vokeliu-zalias-forpus-22622\/#breadcrumb\",\"itemListElement\":[{\"@type\":\"ListItem\",\"position\":1,\"name\":\"Home\",\"item\":\"https:\/\/rutana.lt\/\"},{\"@type\":\"ListItem\",\"position\":2,\"name\":\"Parduotuv\u0117\",\"item\":\"https:\/\/rutana.lt\/parduotuve\/\"},{\"@type\":\"ListItem\",\"position\":3,\"name\":\"Pristatymo aplankas &#8222;Metallic&#8221; A4 su 20 vokeli\u0173 \u017ealias Forpus 22622\"}]},{\"@type\":\"WebSite\",\"@id\":\"https:\/\/rutana.lt\/#website\",\"url\":\"https:\/\/rutana.lt\/\",\"name\":\"Rutana - Ra\u0161tin\u0117s reikmenys\",\"description\":\"Prekiaujame pasaulin\u0117je rinkoje pripa\u017eintomis, kokybi\u0161komis biuro prek\u0117mis toki\u0173  gamintoj\u0173 kaip: Schneider, Esselte, Novus, 3M, Faber-Castell, Citizen, Milan, Leitz, Colop, Zebra, Staedtler, Durable, Tork, Parker, Waterman ir kt.\",\"publisher\":{\"@id\":\"https:\/\/rutana.lt\/#organization\"},\"potentialAction\":[{\"@type\":\"SearchAction\",\"target\":{\"@type\":\"EntryPoint\",\"urlTemplate\":\"https:\/\/rutana.lt\/?s={search_term_string}\"},\"query-input\":{\"@type\":\"PropertyValueSpecification\",\"valueRequired\":true,\"valueName\":\"search_term_string\"}}],\"inLanguage\":\"en-US\"},{\"@type\":\"Organization\",\"@id\":\"https:\/\/rutana.lt\/#organization\",\"name\":\"Rutana - Ra\u0161tin\u0117s reikmenys\",\"url\":\"https:\/\/rutana.lt\/\",\"logo\":{\"@type\":\"ImageObject\",\"inLanguage\":\"en-US\",\"@id\":\"https:\/\/rutana.lt\/#\/schema\/logo\/image\/\",\"url\":\"https:\/\/rutana.lt\/wp-content\/uploads\/2025\/10\/Asset-32.png\",\"contentUrl\":\"https:\/\/rutana.lt\/wp-content\/uploads\/2025\/10\/Asset-32.png\",\"width\":433,\"height\":119,\"caption\":\"Rutana - Ra\u0161tin\u0117s reikmenys\"},\"image\":{\"@id\":\"https:\/\/rutana.lt\/#\/schema\/logo\/image\/\"},\"sameAs\":[\"https:\/\/www.facebook.com\/RutanaKanceliarinesPrekes\/\"]}]}<\/script>\n<!-- \/ Yoast SEO plugin. -->","yoast_head_json":{"title":"Pristatymo aplankas \"Metallic\" A4 su 20 vokeli\u0173 \u017ealias Forpus 22622 - Rutana - Ra\u0161tin\u0117s reikmenys","robots":{"index":"index","follow":"follow","max-snippet":"max-snippet:-1","max-image-preview":"max-image-preview:large","max-video-preview":"max-video-preview:-1"},"canonical":"https:\/\/rutana.lt\/en\/product\/pristatymo-aplankas-metallic-a4-su-20-vokeliu-zalias-forpus-22622\/","og_locale":"en_US","og_type":"article","og_title":"Pristatymo aplankas \"Metallic\" A4 su 20 vokeli\u0173 \u017ealias Forpus 22622 - Rutana - Ra\u0161tin\u0117s reikmenys","og_description":"Plastikinis aplankas su skaidriais vokeliais skirtas prezentacij\u0173, pristatym\u0173 med\u017eiagai. Aplankas pagamintas i\u0161 kieto, stipraus plastiko. Metaliko atspalvio vir\u0161elis. Vokeli\u0173 storis 0.03 mm. Nugar\u0117l\u0117je yra nedidel\u0117 ki\u0161en\u0117l\u0117 u\u017era\u0161ui. Aplanko formatas: A4 Vokeli\u0173 skai\u010dius: 20 Plastiko storis: 0.7 mm Aplanko vir\u0161elio spalva: \u017ealia","og_url":"https:\/\/rutana.lt\/en\/product\/pristatymo-aplankas-metallic-a4-su-20-vokeliu-zalias-forpus-22622\/","og_site_name":"Rutana - Ra\u0161tin\u0117s reikmenys","article_publisher":"https:\/\/www.facebook.com\/RutanaKanceliarinesPrekes\/","article_modified_time":"2025-10-13T13:39:56+00:00","og_image":[{"width":600,"height":399,"url":"https:\/\/rutana.lt\/wp-content\/uploads\/2025\/09\/C014-100.jpg","type":"image\/jpeg"}],"twitter_card":"summary_large_image","schema":{"@context":"https:\/\/schema.org","@graph":[{"@type":"WebPage","@id":"https:\/\/rutana.lt\/produktas\/pristatymo-aplankas-metallic-a4-su-20-vokeliu-zalias-forpus-22622\/","url":"https:\/\/rutana.lt\/produktas\/pristatymo-aplankas-metallic-a4-su-20-vokeliu-zalias-forpus-22622\/","name":"Pristatymo aplankas \"Metallic\" A4 su 20 vokeli\u0173 \u017ealias Forpus 22622 - Rutana - Ra\u0161tin\u0117s reikmenys","isPartOf":{"@id":"https:\/\/rutana.lt\/#website"},"primaryImageOfPage":{"@id":"https:\/\/rutana.lt\/produktas\/pristatymo-aplankas-metallic-a4-su-20-vokeliu-zalias-forpus-22622\/#primaryimage"},"image":{"@id":"https:\/\/rutana.lt\/produktas\/pristatymo-aplankas-metallic-a4-su-20-vokeliu-zalias-forpus-22622\/#primaryimage"},"thumbnailUrl":"https:\/\/rutana.lt\/wp-content\/uploads\/2025\/09\/C014-100-1.jpg?v=1763619818","datePublished":"2025-09-03T07:18:55+00:00","dateModified":"2025-10-13T13:39:56+00:00","breadcrumb":{"@id":"https:\/\/rutana.lt\/produktas\/pristatymo-aplankas-metallic-a4-su-20-vokeliu-zalias-forpus-22622\/#breadcrumb"},"inLanguage":"en-US","potentialAction":[{"@type":"ReadAction","target":["https:\/\/rutana.lt\/produktas\/pristatymo-aplankas-metallic-a4-su-20-vokeliu-zalias-forpus-22622\/"]}]},{"@type":"ImageObject","inLanguage":"en-US","@id":"https:\/\/rutana.lt\/produktas\/pristatymo-aplankas-metallic-a4-su-20-vokeliu-zalias-forpus-22622\/#primaryimage","url":"https:\/\/rutana.lt\/wp-content\/uploads\/2025\/09\/C014-100-1.jpg?v=1763619818","contentUrl":"https:\/\/rutana.lt\/wp-content\/uploads\/2025\/09\/C014-100-1.jpg?v=1763619818","width":600,"height":399},{"@type":"BreadcrumbList","@id":"https:\/\/rutana.lt\/produktas\/pristatymo-aplankas-metallic-a4-su-20-vokeliu-zalias-forpus-22622\/#breadcrumb","itemListElement":[{"@type":"ListItem","position":1,"name":"Home","item":"https:\/\/rutana.lt\/"},{"@type":"ListItem","position":2,"name":"Parduotuv\u0117","item":"https:\/\/rutana.lt\/parduotuve\/"},{"@type":"ListItem","position":3,"name":"Pristatymo aplankas &#8222;Metallic&#8221; A4 su 20 vokeli\u0173 \u017ealias Forpus 22622"}]},{"@type":"WebSite","@id":"https:\/\/rutana.lt\/#website","url":"https:\/\/rutana.lt\/","name":"Rutana - Ra\u0161tin\u0117s reikmenys","description":"Prekiaujame pasaulin\u0117je rinkoje pripa\u017eintomis, kokybi\u0161komis biuro prek\u0117mis toki\u0173  gamintoj\u0173 kaip: Schneider, Esselte, Novus, 3M, Faber-Castell, Citizen, Milan, Leitz, Colop, Zebra, Staedtler, Durable, Tork, Parker, Waterman ir kt.","publisher":{"@id":"https:\/\/rutana.lt\/#organization"},"potentialAction":[{"@type":"SearchAction","target":{"@type":"EntryPoint","urlTemplate":"https:\/\/rutana.lt\/?s={search_term_string}"},"query-input":{"@type":"PropertyValueSpecification","valueRequired":true,"valueName":"search_term_string"}}],"inLanguage":"en-US"},{"@type":"Organization","@id":"https:\/\/rutana.lt\/#organization","name":"Rutana - Ra\u0161tin\u0117s reikmenys","url":"https:\/\/rutana.lt\/","logo":{"@type":"ImageObject","inLanguage":"en-US","@id":"https:\/\/rutana.lt\/#\/schema\/logo\/image\/","url":"https:\/\/rutana.lt\/wp-content\/uploads\/2025\/10\/Asset-32.png","contentUrl":"https:\/\/rutana.lt\/wp-content\/uploads\/2025\/10\/Asset-32.png","width":433,"height":119,"caption":"Rutana - Ra\u0161tin\u0117s reikmenys"},"image":{"@id":"https:\/\/rutana.lt\/#\/schema\/logo\/image\/"},"sameAs":["https:\/\/www.facebook.com\/RutanaKanceliarinesPrekes\/"]}]}},"_links":{"self":[{"href":"https:\/\/rutana.lt\/en\/wp-json\/wp\/v2\/product\/11747","targetHints":{"allow":["GET"]}}],"collection":[{"href":"https:\/\/rutana.lt\/en\/wp-json\/wp\/v2\/product"}],"about":[{"href":"https:\/\/rutana.lt\/en\/wp-json\/wp\/v2\/types\/product"}],"replies":[{"embeddable":true,"href":"https:\/\/rutana.lt\/en\/wp-json\/wp\/v2\/comments?post=11747"}],"version-history":[{"count":1,"href":"https:\/\/rutana.lt\/en\/wp-json\/wp\/v2\/product\/11747\/revisions"}],"predecessor-version":[{"id":11786,"href":"https:\/\/rutana.lt\/en\/wp-json\/wp\/v2\/product\/11747\/revisions\/11786"}],"wp:featuredmedia":[{"embeddable":true,"href":"https:\/\/rutana.lt\/en\/wp-json\/wp\/v2\/media\/27570"}],"wp:attachment":[{"href":"https:\/\/rutana.lt\/en\/wp-json\/wp\/v2\/media?parent=11747"}],"wp:term":[{"taxonomy":"product_brand","embeddable":true,"href":"https:\/\/rutana.lt\/en\/wp-json\/wp\/v2\/product_brand?post=11747"},{"taxonomy":"product_cat","embeddable":true,"href":"https:\/\/rutana.lt\/en\/wp-json\/wp\/v2\/product_cat?post=11747"},{"taxonomy":"product_tag","embeddable":true,"href":"https:\/\/rutana.lt\/en\/wp-json\/wp\/v2\/product_tag?post=11747"}],"curies":[{"name":"wp","href":"https:\/\/api.w.org\/{rel}","templated":true}]}}