{"id":11603,"date":"2025-09-03T09:18:08","date_gmt":"2025-09-03T07:18:08","guid":{"rendered":"https:\/\/rutana.webdemo.lt\/?post_type=product&#038;p=11603"},"modified":"2025-10-13T15:39:33","modified_gmt":"2025-10-13T13:39:33","slug":"vonios-ir-tualeto-prieziuros-priemone-scalite-banos-750-ml-vijusa","status":"publish","type":"product","link":"https:\/\/rutana.lt\/en\/product\/vonios-ir-tualeto-prieziuros-priemone-scalite-banos-750-ml-vijusa\/","title":{"rendered":"Vonios ir tualeto prie\u017ei\u016bros priemon\u0117 Scalite Banos 750 ml Vijusa"},"content":{"rendered":"<p>Tualet\u0173 ir vonios prie\u017ei\u016bros bei higienos priemon\u0117. Ypatinga produkto sud\u0117tis pasi\u017eymi efektyviu<br \/>\nvalymo b\u016bdu. Tinka tualet\u0173, kriaukli\u0173, \u010diaup\u0173 valymui, palieka malon\u0173 bei gaiv\u0173<br \/>\nkvap\u0105. Priemon\u0117 padeda pa\u0161alinti kalki\u0173 nuos\u0117das, muilo liekanas. Pilti tiesiai<br \/>\nant norimo nuvalyti pavir\u0161iaus, kelet\u0105 minu\u010di\u0173 palaukti, lengvai patrinti<br \/>\npavir\u0161i\u0173 ir nuplauti vandeniu. Netinka labai pa\u017eeid\u017eiam\u0173 ir marmurini\u0173 pavir\u0161i\u0173<br \/>\nvalymui.<\/p>\n<p>Talpa: 750 ml<\/p>\n<p>pH: 1 +\/- 1<\/p>\n<p>Kilm\u0117s \u0161alis: Ispanija<\/p>","protected":false},"excerpt":{"rendered":"<p>Tualet\u0173 ir vonios prie\u017ei\u016bros bei higienos priemon\u0117. Ypatinga produkto sud\u0117tis pasi\u017eymi efektyviu valymo b\u016bdu. Tinka tualet\u0173, kriaukli\u0173, \u010diaup\u0173 valymui, palieka malon\u0173 bei gaiv\u0173 kvap\u0105. Priemon\u0117 padeda pa\u0161alinti kalki\u0173 nuos\u0117das, muilo liekanas. Pilti tiesiai ant norimo nuvalyti pavir\u0161iaus, kelet\u0105 minu\u010di\u0173 palaukti, lengvai patrinti pavir\u0161i\u0173 ir nuplauti vandeniu. Netinka labai pa\u017eeid\u017eiam\u0173 ir marmurini\u0173 pavir\u0161i\u0173 valymui. Talpa: 750 [&hellip;]<\/p>","protected":false},"featured_media":27522,"comment_status":"open","ping_status":"closed","template":"","meta":{"_season_start":"","_season_end":"","_season_days":"","_season_months":"","_season_auto_visibility":""},"product_brand":[664],"product_cat":[1635,1634],"product_tag":[],"class_list":{"0":"post-11603","1":"product","2":"type-product","3":"status-publish","4":"has-post-thumbnail","6":"product_brand-vijusa","7":"product_cat-vonios-ir-virtuves-valikliai","8":"product_cat-wc","10":"first","11":"instock","12":"taxable","13":"shipping-taxable","14":"purchasable","15":"product-type-simple"},"yoast_head":"<!-- This site is optimized with the Yoast SEO plugin v26.1.1 - https:\/\/yoast.com\/wordpress\/plugins\/seo\/ -->\n<title>Vonios ir tualeto prie\u017ei\u016bros priemon\u0117 Scalite Banos 750 ml Vijusa - Rutana - Ra\u0161tin\u0117s reikmenys<\/title>\n<meta name=\"robots\" content=\"index, follow, max-snippet:-1, max-image-preview:large, max-video-preview:-1\" \/>\n<link rel=\"canonical\" href=\"https:\/\/rutana.lt\/en\/product\/vonios-ir-tualeto-prieziuros-priemone-scalite-banos-750-ml-vijusa\/\" \/>\n<meta property=\"og:locale\" content=\"en_US\" \/>\n<meta property=\"og:type\" content=\"article\" \/>\n<meta property=\"og:title\" content=\"Vonios ir tualeto prie\u017ei\u016bros priemon\u0117 Scalite Banos 750 ml Vijusa - Rutana - Ra\u0161tin\u0117s reikmenys\" \/>\n<meta property=\"og:description\" content=\"Tualet\u0173 ir vonios prie\u017ei\u016bros bei higienos priemon\u0117. Ypatinga produkto sud\u0117tis pasi\u017eymi efektyviu valymo b\u016bdu. Tinka tualet\u0173, kriaukli\u0173, \u010diaup\u0173 valymui, palieka malon\u0173 bei gaiv\u0173 kvap\u0105. Priemon\u0117 padeda pa\u0161alinti kalki\u0173 nuos\u0117das, muilo liekanas. Pilti tiesiai ant norimo nuvalyti pavir\u0161iaus, kelet\u0105 minu\u010di\u0173 palaukti, lengvai patrinti pavir\u0161i\u0173 ir nuplauti vandeniu. Netinka labai pa\u017eeid\u017eiam\u0173 ir marmurini\u0173 pavir\u0161i\u0173 valymui. Talpa: 750 [&hellip;]\" \/>\n<meta property=\"og:url\" content=\"https:\/\/rutana.lt\/en\/product\/vonios-ir-tualeto-prieziuros-priemone-scalite-banos-750-ml-vijusa\/\" \/>\n<meta property=\"og:site_name\" content=\"Rutana - Ra\u0161tin\u0117s reikmenys\" \/>\n<meta property=\"article:publisher\" content=\"https:\/\/www.facebook.com\/RutanaKanceliarinesPrekes\/\" \/>\n<meta property=\"article:modified_time\" content=\"2025-10-13T13:39:33+00:00\" \/>\n<meta property=\"og:image\" content=\"https:\/\/rutana.lt\/wp-content\/uploads\/2025\/09\/B194-109.jpg\" \/>\n\t<meta property=\"og:image:width\" content=\"600\" \/>\n\t<meta property=\"og:image:height\" content=\"600\" \/>\n\t<meta property=\"og:image:type\" content=\"image\/jpeg\" \/>\n<meta name=\"twitter:card\" content=\"summary_large_image\" \/>\n<script type=\"application\/ld+json\" class=\"yoast-schema-graph\">{\"@context\":\"https:\/\/schema.org\",\"@graph\":[{\"@type\":\"WebPage\",\"@id\":\"https:\/\/rutana.lt\/produktas\/vonios-ir-tualeto-prieziuros-priemone-scalite-banos-750-ml-vijusa\/\",\"url\":\"https:\/\/rutana.lt\/produktas\/vonios-ir-tualeto-prieziuros-priemone-scalite-banos-750-ml-vijusa\/\",\"name\":\"Vonios ir tualeto prie\u017ei\u016bros priemon\u0117 Scalite Banos 750 ml Vijusa - Rutana - Ra\u0161tin\u0117s reikmenys\",\"isPartOf\":{\"@id\":\"https:\/\/rutana.lt\/#website\"},\"primaryImageOfPage\":{\"@id\":\"https:\/\/rutana.lt\/produktas\/vonios-ir-tualeto-prieziuros-priemone-scalite-banos-750-ml-vijusa\/#primaryimage\"},\"image\":{\"@id\":\"https:\/\/rutana.lt\/produktas\/vonios-ir-tualeto-prieziuros-priemone-scalite-banos-750-ml-vijusa\/#primaryimage\"},\"thumbnailUrl\":\"https:\/\/rutana.lt\/wp-content\/uploads\/2025\/09\/B194-109-1.jpg?v=1763619877\",\"datePublished\":\"2025-09-03T07:18:08+00:00\",\"dateModified\":\"2025-10-13T13:39:33+00:00\",\"breadcrumb\":{\"@id\":\"https:\/\/rutana.lt\/produktas\/vonios-ir-tualeto-prieziuros-priemone-scalite-banos-750-ml-vijusa\/#breadcrumb\"},\"inLanguage\":\"en-US\",\"potentialAction\":[{\"@type\":\"ReadAction\",\"target\":[\"https:\/\/rutana.lt\/produktas\/vonios-ir-tualeto-prieziuros-priemone-scalite-banos-750-ml-vijusa\/\"]}]},{\"@type\":\"ImageObject\",\"inLanguage\":\"en-US\",\"@id\":\"https:\/\/rutana.lt\/produktas\/vonios-ir-tualeto-prieziuros-priemone-scalite-banos-750-ml-vijusa\/#primaryimage\",\"url\":\"https:\/\/rutana.lt\/wp-content\/uploads\/2025\/09\/B194-109-1.jpg?v=1763619877\",\"contentUrl\":\"https:\/\/rutana.lt\/wp-content\/uploads\/2025\/09\/B194-109-1.jpg?v=1763619877\",\"width\":600,\"height\":600},{\"@type\":\"BreadcrumbList\",\"@id\":\"https:\/\/rutana.lt\/produktas\/vonios-ir-tualeto-prieziuros-priemone-scalite-banos-750-ml-vijusa\/#breadcrumb\",\"itemListElement\":[{\"@type\":\"ListItem\",\"position\":1,\"name\":\"Home\",\"item\":\"https:\/\/rutana.lt\/\"},{\"@type\":\"ListItem\",\"position\":2,\"name\":\"Parduotuv\u0117\",\"item\":\"https:\/\/rutana.lt\/parduotuve\/\"},{\"@type\":\"ListItem\",\"position\":3,\"name\":\"Vonios ir tualeto prie\u017ei\u016bros priemon\u0117 Scalite Banos 750 ml Vijusa\"}]},{\"@type\":\"WebSite\",\"@id\":\"https:\/\/rutana.lt\/#website\",\"url\":\"https:\/\/rutana.lt\/\",\"name\":\"Rutana - Ra\u0161tin\u0117s reikmenys\",\"description\":\"Prekiaujame pasaulin\u0117je rinkoje pripa\u017eintomis, kokybi\u0161komis biuro prek\u0117mis toki\u0173  gamintoj\u0173 kaip: Schneider, Esselte, Novus, 3M, Faber-Castell, Citizen, Milan, Leitz, Colop, Zebra, Staedtler, Durable, Tork, Parker, Waterman ir kt.\",\"publisher\":{\"@id\":\"https:\/\/rutana.lt\/#organization\"},\"potentialAction\":[{\"@type\":\"SearchAction\",\"target\":{\"@type\":\"EntryPoint\",\"urlTemplate\":\"https:\/\/rutana.lt\/?s={search_term_string}\"},\"query-input\":{\"@type\":\"PropertyValueSpecification\",\"valueRequired\":true,\"valueName\":\"search_term_string\"}}],\"inLanguage\":\"en-US\"},{\"@type\":\"Organization\",\"@id\":\"https:\/\/rutana.lt\/#organization\",\"name\":\"Rutana - Ra\u0161tin\u0117s reikmenys\",\"url\":\"https:\/\/rutana.lt\/\",\"logo\":{\"@type\":\"ImageObject\",\"inLanguage\":\"en-US\",\"@id\":\"https:\/\/rutana.lt\/#\/schema\/logo\/image\/\",\"url\":\"https:\/\/rutana.lt\/wp-content\/uploads\/2025\/10\/Asset-32.png\",\"contentUrl\":\"https:\/\/rutana.lt\/wp-content\/uploads\/2025\/10\/Asset-32.png\",\"width\":433,\"height\":119,\"caption\":\"Rutana - Ra\u0161tin\u0117s reikmenys\"},\"image\":{\"@id\":\"https:\/\/rutana.lt\/#\/schema\/logo\/image\/\"},\"sameAs\":[\"https:\/\/www.facebook.com\/RutanaKanceliarinesPrekes\/\"]}]}<\/script>\n<!-- \/ Yoast SEO plugin. -->","yoast_head_json":{"title":"Vonios ir tualeto prie\u017ei\u016bros priemon\u0117 Scalite Banos 750 ml Vijusa - Rutana - Ra\u0161tin\u0117s reikmenys","robots":{"index":"index","follow":"follow","max-snippet":"max-snippet:-1","max-image-preview":"max-image-preview:large","max-video-preview":"max-video-preview:-1"},"canonical":"https:\/\/rutana.lt\/en\/product\/vonios-ir-tualeto-prieziuros-priemone-scalite-banos-750-ml-vijusa\/","og_locale":"en_US","og_type":"article","og_title":"Vonios ir tualeto prie\u017ei\u016bros priemon\u0117 Scalite Banos 750 ml Vijusa - Rutana - Ra\u0161tin\u0117s reikmenys","og_description":"Tualet\u0173 ir vonios prie\u017ei\u016bros bei higienos priemon\u0117. Ypatinga produkto sud\u0117tis pasi\u017eymi efektyviu valymo b\u016bdu. Tinka tualet\u0173, kriaukli\u0173, \u010diaup\u0173 valymui, palieka malon\u0173 bei gaiv\u0173 kvap\u0105. Priemon\u0117 padeda pa\u0161alinti kalki\u0173 nuos\u0117das, muilo liekanas. Pilti tiesiai ant norimo nuvalyti pavir\u0161iaus, kelet\u0105 minu\u010di\u0173 palaukti, lengvai patrinti pavir\u0161i\u0173 ir nuplauti vandeniu. Netinka labai pa\u017eeid\u017eiam\u0173 ir marmurini\u0173 pavir\u0161i\u0173 valymui. Talpa: 750 [&hellip;]","og_url":"https:\/\/rutana.lt\/en\/product\/vonios-ir-tualeto-prieziuros-priemone-scalite-banos-750-ml-vijusa\/","og_site_name":"Rutana - Ra\u0161tin\u0117s reikmenys","article_publisher":"https:\/\/www.facebook.com\/RutanaKanceliarinesPrekes\/","article_modified_time":"2025-10-13T13:39:33+00:00","og_image":[{"width":600,"height":600,"url":"https:\/\/rutana.lt\/wp-content\/uploads\/2025\/09\/B194-109.jpg","type":"image\/jpeg"}],"twitter_card":"summary_large_image","schema":{"@context":"https:\/\/schema.org","@graph":[{"@type":"WebPage","@id":"https:\/\/rutana.lt\/produktas\/vonios-ir-tualeto-prieziuros-priemone-scalite-banos-750-ml-vijusa\/","url":"https:\/\/rutana.lt\/produktas\/vonios-ir-tualeto-prieziuros-priemone-scalite-banos-750-ml-vijusa\/","name":"Vonios ir tualeto prie\u017ei\u016bros priemon\u0117 Scalite Banos 750 ml Vijusa - Rutana - Ra\u0161tin\u0117s reikmenys","isPartOf":{"@id":"https:\/\/rutana.lt\/#website"},"primaryImageOfPage":{"@id":"https:\/\/rutana.lt\/produktas\/vonios-ir-tualeto-prieziuros-priemone-scalite-banos-750-ml-vijusa\/#primaryimage"},"image":{"@id":"https:\/\/rutana.lt\/produktas\/vonios-ir-tualeto-prieziuros-priemone-scalite-banos-750-ml-vijusa\/#primaryimage"},"thumbnailUrl":"https:\/\/rutana.lt\/wp-content\/uploads\/2025\/09\/B194-109-1.jpg?v=1763619877","datePublished":"2025-09-03T07:18:08+00:00","dateModified":"2025-10-13T13:39:33+00:00","breadcrumb":{"@id":"https:\/\/rutana.lt\/produktas\/vonios-ir-tualeto-prieziuros-priemone-scalite-banos-750-ml-vijusa\/#breadcrumb"},"inLanguage":"en-US","potentialAction":[{"@type":"ReadAction","target":["https:\/\/rutana.lt\/produktas\/vonios-ir-tualeto-prieziuros-priemone-scalite-banos-750-ml-vijusa\/"]}]},{"@type":"ImageObject","inLanguage":"en-US","@id":"https:\/\/rutana.lt\/produktas\/vonios-ir-tualeto-prieziuros-priemone-scalite-banos-750-ml-vijusa\/#primaryimage","url":"https:\/\/rutana.lt\/wp-content\/uploads\/2025\/09\/B194-109-1.jpg?v=1763619877","contentUrl":"https:\/\/rutana.lt\/wp-content\/uploads\/2025\/09\/B194-109-1.jpg?v=1763619877","width":600,"height":600},{"@type":"BreadcrumbList","@id":"https:\/\/rutana.lt\/produktas\/vonios-ir-tualeto-prieziuros-priemone-scalite-banos-750-ml-vijusa\/#breadcrumb","itemListElement":[{"@type":"ListItem","position":1,"name":"Home","item":"https:\/\/rutana.lt\/"},{"@type":"ListItem","position":2,"name":"Parduotuv\u0117","item":"https:\/\/rutana.lt\/parduotuve\/"},{"@type":"ListItem","position":3,"name":"Vonios ir tualeto prie\u017ei\u016bros priemon\u0117 Scalite Banos 750 ml Vijusa"}]},{"@type":"WebSite","@id":"https:\/\/rutana.lt\/#website","url":"https:\/\/rutana.lt\/","name":"Rutana - Ra\u0161tin\u0117s reikmenys","description":"Prekiaujame pasaulin\u0117je rinkoje pripa\u017eintomis, kokybi\u0161komis biuro prek\u0117mis toki\u0173  gamintoj\u0173 kaip: Schneider, Esselte, Novus, 3M, Faber-Castell, Citizen, Milan, Leitz, Colop, Zebra, Staedtler, Durable, Tork, Parker, Waterman ir kt.","publisher":{"@id":"https:\/\/rutana.lt\/#organization"},"potentialAction":[{"@type":"SearchAction","target":{"@type":"EntryPoint","urlTemplate":"https:\/\/rutana.lt\/?s={search_term_string}"},"query-input":{"@type":"PropertyValueSpecification","valueRequired":true,"valueName":"search_term_string"}}],"inLanguage":"en-US"},{"@type":"Organization","@id":"https:\/\/rutana.lt\/#organization","name":"Rutana - Ra\u0161tin\u0117s reikmenys","url":"https:\/\/rutana.lt\/","logo":{"@type":"ImageObject","inLanguage":"en-US","@id":"https:\/\/rutana.lt\/#\/schema\/logo\/image\/","url":"https:\/\/rutana.lt\/wp-content\/uploads\/2025\/10\/Asset-32.png","contentUrl":"https:\/\/rutana.lt\/wp-content\/uploads\/2025\/10\/Asset-32.png","width":433,"height":119,"caption":"Rutana - Ra\u0161tin\u0117s reikmenys"},"image":{"@id":"https:\/\/rutana.lt\/#\/schema\/logo\/image\/"},"sameAs":["https:\/\/www.facebook.com\/RutanaKanceliarinesPrekes\/"]}]}},"_links":{"self":[{"href":"https:\/\/rutana.lt\/en\/wp-json\/wp\/v2\/product\/11603","targetHints":{"allow":["GET"]}}],"collection":[{"href":"https:\/\/rutana.lt\/en\/wp-json\/wp\/v2\/product"}],"about":[{"href":"https:\/\/rutana.lt\/en\/wp-json\/wp\/v2\/types\/product"}],"replies":[{"embeddable":true,"href":"https:\/\/rutana.lt\/en\/wp-json\/wp\/v2\/comments?post=11603"}],"version-history":[{"count":1,"href":"https:\/\/rutana.lt\/en\/wp-json\/wp\/v2\/product\/11603\/revisions"}],"predecessor-version":[{"id":11642,"href":"https:\/\/rutana.lt\/en\/wp-json\/wp\/v2\/product\/11603\/revisions\/11642"}],"wp:featuredmedia":[{"embeddable":true,"href":"https:\/\/rutana.lt\/en\/wp-json\/wp\/v2\/media\/27522"}],"wp:attachment":[{"href":"https:\/\/rutana.lt\/en\/wp-json\/wp\/v2\/media?parent=11603"}],"wp:term":[{"taxonomy":"product_brand","embeddable":true,"href":"https:\/\/rutana.lt\/en\/wp-json\/wp\/v2\/product_brand?post=11603"},{"taxonomy":"product_cat","embeddable":true,"href":"https:\/\/rutana.lt\/en\/wp-json\/wp\/v2\/product_cat?post=11603"},{"taxonomy":"product_tag","embeddable":true,"href":"https:\/\/rutana.lt\/en\/wp-json\/wp\/v2\/product_tag?post=11603"}],"curies":[{"name":"wp","href":"https:\/\/api.w.org\/{rel}","templated":true}]}}