{"id":11470,"date":"2025-09-03T09:17:19","date_gmt":"2025-09-03T07:17:19","guid":{"rendered":"https:\/\/rutana.webdemo.lt\/?post_type=product&#038;p=11470"},"modified":"2025-10-13T15:39:19","modified_gmt":"2025-10-13T13:39:19","slug":"tusinuko-ir-piestuko-rinkinys-silver-ice-sidabro-sp-centrum-80535","status":"publish","type":"product","link":"https:\/\/rutana.lt\/en\/product\/tusinuko-ir-piestuko-rinkinys-silver-ice-sidabro-sp-centrum-80535\/","title":{"rendered":"Tu\u0161inuko ir pie\u0161tuko rinkinys &#8222;Silver Ice&#8221; sidabro sp. Centrum 80535"},"content":{"rendered":"<p>Automatinis tu\u0161inukas ir automatinis pie\u0161tukas pagaminti i\u0161 tvirto metalo. Tu\u0161inukui kei\u010diama \u0161erdel\u0117 Centrum 82093 arba 80357. Pie\u0161tukui naudojamos 0.5 mm storio grafitin\u0117s \u0161erdel\u0117s. Supakuoti gra\u017eioje, su u\u017edaromu dangteliu, plastikin\u0117je d\u0117\u017eut\u0117je. <\/p>\n<p>Tu\u0161inuko br\u0117\u017eio storis: 0.7 mm<\/p>\n<p>Pie\u0161tuko \u0161erdel\u0117s storis: 0.5 mm<\/p>\n<p>Spalva: sidabro<\/p>\n<p>Kilm\u0117s \u0161alis: Vokietija<\/p>","protected":false},"excerpt":{"rendered":"<p>Automatinis tu\u0161inukas ir automatinis pie\u0161tukas pagaminti i\u0161 tvirto metalo. Tu\u0161inukui kei\u010diama \u0161erdel\u0117 Centrum 82093 arba 80357. Pie\u0161tukui naudojamos 0.5 mm storio grafitin\u0117s \u0161erdel\u0117s. Supakuoti gra\u017eioje, su u\u017edaromu dangteliu, plastikin\u0117je d\u0117\u017eut\u0117je. Tu\u0161inuko br\u0117\u017eio storis: 0.7 mm Pie\u0161tuko \u0161erdel\u0117s storis: 0.5 mm Spalva: sidabro Kilm\u0117s \u0161alis: Vokietija<\/p>","protected":false},"featured_media":27484,"comment_status":"open","ping_status":"closed","template":"","meta":{"_season_start":"","_season_end":"","_season_days":"","_season_months":"","_season_auto_visibility":""},"product_brand":[199],"product_cat":[1807],"product_tag":[],"class_list":{"0":"post-11470","1":"product","2":"type-product","3":"status-publish","4":"has-post-thumbnail","6":"product_brand-centrum","7":"product_cat-automatiniai-piestukai","9":"first","10":"instock","11":"taxable","12":"shipping-taxable","13":"purchasable","14":"product-type-simple"},"yoast_head":"<!-- This site is optimized with the Yoast SEO plugin v26.1.1 - https:\/\/yoast.com\/wordpress\/plugins\/seo\/ -->\n<title>Tu\u0161inuko ir pie\u0161tuko rinkinys &quot;Silver Ice&quot; sidabro sp. Centrum 80535 - Rutana - Ra\u0161tin\u0117s reikmenys<\/title>\n<meta name=\"robots\" content=\"index, follow, max-snippet:-1, max-image-preview:large, max-video-preview:-1\" \/>\n<link rel=\"canonical\" href=\"https:\/\/rutana.lt\/en\/product\/tusinuko-ir-piestuko-rinkinys-silver-ice-sidabro-sp-centrum-80535\/\" \/>\n<meta property=\"og:locale\" content=\"en_US\" \/>\n<meta property=\"og:type\" content=\"article\" \/>\n<meta property=\"og:title\" content=\"Tu\u0161inuko ir pie\u0161tuko rinkinys &quot;Silver Ice&quot; sidabro sp. Centrum 80535 - Rutana - Ra\u0161tin\u0117s reikmenys\" \/>\n<meta property=\"og:description\" content=\"Automatinis tu\u0161inukas ir automatinis pie\u0161tukas pagaminti i\u0161 tvirto metalo. Tu\u0161inukui kei\u010diama \u0161erdel\u0117 Centrum 82093 arba 80357. Pie\u0161tukui naudojamos 0.5 mm storio grafitin\u0117s \u0161erdel\u0117s. Supakuoti gra\u017eioje, su u\u017edaromu dangteliu, plastikin\u0117je d\u0117\u017eut\u0117je. Tu\u0161inuko br\u0117\u017eio storis: 0.7 mm Pie\u0161tuko \u0161erdel\u0117s storis: 0.5 mm Spalva: sidabro Kilm\u0117s \u0161alis: Vokietija\" \/>\n<meta property=\"og:url\" content=\"https:\/\/rutana.lt\/en\/product\/tusinuko-ir-piestuko-rinkinys-silver-ice-sidabro-sp-centrum-80535\/\" \/>\n<meta property=\"og:site_name\" content=\"Rutana - Ra\u0161tin\u0117s reikmenys\" \/>\n<meta property=\"article:publisher\" content=\"https:\/\/www.facebook.com\/RutanaKanceliarinesPrekes\/\" \/>\n<meta property=\"article:modified_time\" content=\"2025-10-13T13:39:19+00:00\" \/>\n<meta property=\"og:image\" content=\"https:\/\/rutana.lt\/wp-content\/uploads\/2025\/09\/C061-003.jpg\" \/>\n\t<meta property=\"og:image:width\" content=\"600\" \/>\n\t<meta property=\"og:image:height\" content=\"504\" \/>\n\t<meta property=\"og:image:type\" content=\"image\/jpeg\" \/>\n<meta name=\"twitter:card\" content=\"summary_large_image\" \/>\n<script type=\"application\/ld+json\" class=\"yoast-schema-graph\">{\"@context\":\"https:\/\/schema.org\",\"@graph\":[{\"@type\":\"WebPage\",\"@id\":\"https:\/\/rutana.lt\/produktas\/tusinuko-ir-piestuko-rinkinys-silver-ice-sidabro-sp-centrum-80535\/\",\"url\":\"https:\/\/rutana.lt\/produktas\/tusinuko-ir-piestuko-rinkinys-silver-ice-sidabro-sp-centrum-80535\/\",\"name\":\"Tu\u0161inuko ir pie\u0161tuko rinkinys \\\"Silver Ice\\\" sidabro sp. Centrum 80535 - Rutana - Ra\u0161tin\u0117s reikmenys\",\"isPartOf\":{\"@id\":\"https:\/\/rutana.lt\/#website\"},\"primaryImageOfPage\":{\"@id\":\"https:\/\/rutana.lt\/produktas\/tusinuko-ir-piestuko-rinkinys-silver-ice-sidabro-sp-centrum-80535\/#primaryimage\"},\"image\":{\"@id\":\"https:\/\/rutana.lt\/produktas\/tusinuko-ir-piestuko-rinkinys-silver-ice-sidabro-sp-centrum-80535\/#primaryimage\"},\"thumbnailUrl\":\"https:\/\/rutana.lt\/wp-content\/uploads\/2025\/09\/C061-003-2.jpg?v=1763619927\",\"datePublished\":\"2025-09-03T07:17:19+00:00\",\"dateModified\":\"2025-10-13T13:39:19+00:00\",\"breadcrumb\":{\"@id\":\"https:\/\/rutana.lt\/produktas\/tusinuko-ir-piestuko-rinkinys-silver-ice-sidabro-sp-centrum-80535\/#breadcrumb\"},\"inLanguage\":\"en-US\",\"potentialAction\":[{\"@type\":\"ReadAction\",\"target\":[\"https:\/\/rutana.lt\/produktas\/tusinuko-ir-piestuko-rinkinys-silver-ice-sidabro-sp-centrum-80535\/\"]}]},{\"@type\":\"ImageObject\",\"inLanguage\":\"en-US\",\"@id\":\"https:\/\/rutana.lt\/produktas\/tusinuko-ir-piestuko-rinkinys-silver-ice-sidabro-sp-centrum-80535\/#primaryimage\",\"url\":\"https:\/\/rutana.lt\/wp-content\/uploads\/2025\/09\/C061-003-2.jpg?v=1763619927\",\"contentUrl\":\"https:\/\/rutana.lt\/wp-content\/uploads\/2025\/09\/C061-003-2.jpg?v=1763619927\",\"width\":600,\"height\":504},{\"@type\":\"BreadcrumbList\",\"@id\":\"https:\/\/rutana.lt\/produktas\/tusinuko-ir-piestuko-rinkinys-silver-ice-sidabro-sp-centrum-80535\/#breadcrumb\",\"itemListElement\":[{\"@type\":\"ListItem\",\"position\":1,\"name\":\"Home\",\"item\":\"https:\/\/rutana.lt\/\"},{\"@type\":\"ListItem\",\"position\":2,\"name\":\"Parduotuv\u0117\",\"item\":\"https:\/\/rutana.lt\/parduotuve\/\"},{\"@type\":\"ListItem\",\"position\":3,\"name\":\"Tu\u0161inuko ir pie\u0161tuko rinkinys &#8222;Silver Ice&#8221; sidabro sp. Centrum 80535\"}]},{\"@type\":\"WebSite\",\"@id\":\"https:\/\/rutana.lt\/#website\",\"url\":\"https:\/\/rutana.lt\/\",\"name\":\"Rutana - Ra\u0161tin\u0117s reikmenys\",\"description\":\"Prekiaujame pasaulin\u0117je rinkoje pripa\u017eintomis, kokybi\u0161komis biuro prek\u0117mis toki\u0173  gamintoj\u0173 kaip: Schneider, Esselte, Novus, 3M, Faber-Castell, Citizen, Milan, Leitz, Colop, Zebra, Staedtler, Durable, Tork, Parker, Waterman ir kt.\",\"publisher\":{\"@id\":\"https:\/\/rutana.lt\/#organization\"},\"potentialAction\":[{\"@type\":\"SearchAction\",\"target\":{\"@type\":\"EntryPoint\",\"urlTemplate\":\"https:\/\/rutana.lt\/?s={search_term_string}\"},\"query-input\":{\"@type\":\"PropertyValueSpecification\",\"valueRequired\":true,\"valueName\":\"search_term_string\"}}],\"inLanguage\":\"en-US\"},{\"@type\":\"Organization\",\"@id\":\"https:\/\/rutana.lt\/#organization\",\"name\":\"Rutana - Ra\u0161tin\u0117s reikmenys\",\"url\":\"https:\/\/rutana.lt\/\",\"logo\":{\"@type\":\"ImageObject\",\"inLanguage\":\"en-US\",\"@id\":\"https:\/\/rutana.lt\/#\/schema\/logo\/image\/\",\"url\":\"https:\/\/rutana.lt\/wp-content\/uploads\/2025\/10\/Asset-32.png\",\"contentUrl\":\"https:\/\/rutana.lt\/wp-content\/uploads\/2025\/10\/Asset-32.png\",\"width\":433,\"height\":119,\"caption\":\"Rutana - Ra\u0161tin\u0117s reikmenys\"},\"image\":{\"@id\":\"https:\/\/rutana.lt\/#\/schema\/logo\/image\/\"},\"sameAs\":[\"https:\/\/www.facebook.com\/RutanaKanceliarinesPrekes\/\"]}]}<\/script>\n<!-- \/ Yoast SEO plugin. -->","yoast_head_json":{"title":"Tu\u0161inuko ir pie\u0161tuko rinkinys \"Silver Ice\" sidabro sp. Centrum 80535 - Rutana - Ra\u0161tin\u0117s reikmenys","robots":{"index":"index","follow":"follow","max-snippet":"max-snippet:-1","max-image-preview":"max-image-preview:large","max-video-preview":"max-video-preview:-1"},"canonical":"https:\/\/rutana.lt\/en\/product\/tusinuko-ir-piestuko-rinkinys-silver-ice-sidabro-sp-centrum-80535\/","og_locale":"en_US","og_type":"article","og_title":"Tu\u0161inuko ir pie\u0161tuko rinkinys \"Silver Ice\" sidabro sp. Centrum 80535 - Rutana - Ra\u0161tin\u0117s reikmenys","og_description":"Automatinis tu\u0161inukas ir automatinis pie\u0161tukas pagaminti i\u0161 tvirto metalo. Tu\u0161inukui kei\u010diama \u0161erdel\u0117 Centrum 82093 arba 80357. Pie\u0161tukui naudojamos 0.5 mm storio grafitin\u0117s \u0161erdel\u0117s. Supakuoti gra\u017eioje, su u\u017edaromu dangteliu, plastikin\u0117je d\u0117\u017eut\u0117je. Tu\u0161inuko br\u0117\u017eio storis: 0.7 mm Pie\u0161tuko \u0161erdel\u0117s storis: 0.5 mm Spalva: sidabro Kilm\u0117s \u0161alis: Vokietija","og_url":"https:\/\/rutana.lt\/en\/product\/tusinuko-ir-piestuko-rinkinys-silver-ice-sidabro-sp-centrum-80535\/","og_site_name":"Rutana - Ra\u0161tin\u0117s reikmenys","article_publisher":"https:\/\/www.facebook.com\/RutanaKanceliarinesPrekes\/","article_modified_time":"2025-10-13T13:39:19+00:00","og_image":[{"width":600,"height":504,"url":"https:\/\/rutana.lt\/wp-content\/uploads\/2025\/09\/C061-003.jpg","type":"image\/jpeg"}],"twitter_card":"summary_large_image","schema":{"@context":"https:\/\/schema.org","@graph":[{"@type":"WebPage","@id":"https:\/\/rutana.lt\/produktas\/tusinuko-ir-piestuko-rinkinys-silver-ice-sidabro-sp-centrum-80535\/","url":"https:\/\/rutana.lt\/produktas\/tusinuko-ir-piestuko-rinkinys-silver-ice-sidabro-sp-centrum-80535\/","name":"Tu\u0161inuko ir pie\u0161tuko rinkinys \"Silver Ice\" sidabro sp. Centrum 80535 - Rutana - Ra\u0161tin\u0117s reikmenys","isPartOf":{"@id":"https:\/\/rutana.lt\/#website"},"primaryImageOfPage":{"@id":"https:\/\/rutana.lt\/produktas\/tusinuko-ir-piestuko-rinkinys-silver-ice-sidabro-sp-centrum-80535\/#primaryimage"},"image":{"@id":"https:\/\/rutana.lt\/produktas\/tusinuko-ir-piestuko-rinkinys-silver-ice-sidabro-sp-centrum-80535\/#primaryimage"},"thumbnailUrl":"https:\/\/rutana.lt\/wp-content\/uploads\/2025\/09\/C061-003-2.jpg?v=1763619927","datePublished":"2025-09-03T07:17:19+00:00","dateModified":"2025-10-13T13:39:19+00:00","breadcrumb":{"@id":"https:\/\/rutana.lt\/produktas\/tusinuko-ir-piestuko-rinkinys-silver-ice-sidabro-sp-centrum-80535\/#breadcrumb"},"inLanguage":"en-US","potentialAction":[{"@type":"ReadAction","target":["https:\/\/rutana.lt\/produktas\/tusinuko-ir-piestuko-rinkinys-silver-ice-sidabro-sp-centrum-80535\/"]}]},{"@type":"ImageObject","inLanguage":"en-US","@id":"https:\/\/rutana.lt\/produktas\/tusinuko-ir-piestuko-rinkinys-silver-ice-sidabro-sp-centrum-80535\/#primaryimage","url":"https:\/\/rutana.lt\/wp-content\/uploads\/2025\/09\/C061-003-2.jpg?v=1763619927","contentUrl":"https:\/\/rutana.lt\/wp-content\/uploads\/2025\/09\/C061-003-2.jpg?v=1763619927","width":600,"height":504},{"@type":"BreadcrumbList","@id":"https:\/\/rutana.lt\/produktas\/tusinuko-ir-piestuko-rinkinys-silver-ice-sidabro-sp-centrum-80535\/#breadcrumb","itemListElement":[{"@type":"ListItem","position":1,"name":"Home","item":"https:\/\/rutana.lt\/"},{"@type":"ListItem","position":2,"name":"Parduotuv\u0117","item":"https:\/\/rutana.lt\/parduotuve\/"},{"@type":"ListItem","position":3,"name":"Tu\u0161inuko ir pie\u0161tuko rinkinys &#8222;Silver Ice&#8221; sidabro sp. Centrum 80535"}]},{"@type":"WebSite","@id":"https:\/\/rutana.lt\/#website","url":"https:\/\/rutana.lt\/","name":"Rutana - Ra\u0161tin\u0117s reikmenys","description":"Prekiaujame pasaulin\u0117je rinkoje pripa\u017eintomis, kokybi\u0161komis biuro prek\u0117mis toki\u0173  gamintoj\u0173 kaip: Schneider, Esselte, Novus, 3M, Faber-Castell, Citizen, Milan, Leitz, Colop, Zebra, Staedtler, Durable, Tork, Parker, Waterman ir kt.","publisher":{"@id":"https:\/\/rutana.lt\/#organization"},"potentialAction":[{"@type":"SearchAction","target":{"@type":"EntryPoint","urlTemplate":"https:\/\/rutana.lt\/?s={search_term_string}"},"query-input":{"@type":"PropertyValueSpecification","valueRequired":true,"valueName":"search_term_string"}}],"inLanguage":"en-US"},{"@type":"Organization","@id":"https:\/\/rutana.lt\/#organization","name":"Rutana - Ra\u0161tin\u0117s reikmenys","url":"https:\/\/rutana.lt\/","logo":{"@type":"ImageObject","inLanguage":"en-US","@id":"https:\/\/rutana.lt\/#\/schema\/logo\/image\/","url":"https:\/\/rutana.lt\/wp-content\/uploads\/2025\/10\/Asset-32.png","contentUrl":"https:\/\/rutana.lt\/wp-content\/uploads\/2025\/10\/Asset-32.png","width":433,"height":119,"caption":"Rutana - Ra\u0161tin\u0117s reikmenys"},"image":{"@id":"https:\/\/rutana.lt\/#\/schema\/logo\/image\/"},"sameAs":["https:\/\/www.facebook.com\/RutanaKanceliarinesPrekes\/"]}]}},"_links":{"self":[{"href":"https:\/\/rutana.lt\/en\/wp-json\/wp\/v2\/product\/11470","targetHints":{"allow":["GET"]}}],"collection":[{"href":"https:\/\/rutana.lt\/en\/wp-json\/wp\/v2\/product"}],"about":[{"href":"https:\/\/rutana.lt\/en\/wp-json\/wp\/v2\/types\/product"}],"replies":[{"embeddable":true,"href":"https:\/\/rutana.lt\/en\/wp-json\/wp\/v2\/comments?post=11470"}],"version-history":[{"count":1,"href":"https:\/\/rutana.lt\/en\/wp-json\/wp\/v2\/product\/11470\/revisions"}],"predecessor-version":[{"id":11518,"href":"https:\/\/rutana.lt\/en\/wp-json\/wp\/v2\/product\/11470\/revisions\/11518"}],"wp:featuredmedia":[{"embeddable":true,"href":"https:\/\/rutana.lt\/en\/wp-json\/wp\/v2\/media\/27484"}],"wp:attachment":[{"href":"https:\/\/rutana.lt\/en\/wp-json\/wp\/v2\/media?parent=11470"}],"wp:term":[{"taxonomy":"product_brand","embeddable":true,"href":"https:\/\/rutana.lt\/en\/wp-json\/wp\/v2\/product_brand?post=11470"},{"taxonomy":"product_cat","embeddable":true,"href":"https:\/\/rutana.lt\/en\/wp-json\/wp\/v2\/product_cat?post=11470"},{"taxonomy":"product_tag","embeddable":true,"href":"https:\/\/rutana.lt\/en\/wp-json\/wp\/v2\/product_tag?post=11470"}],"curies":[{"name":"wp","href":"https:\/\/api.w.org\/{rel}","templated":true}]}}