{"id":11406,"date":"2025-09-03T09:16:56","date_gmt":"2025-09-03T07:16:56","guid":{"rendered":"https:\/\/rutana.webdemo.lt\/?post_type=product&#038;p=11406"},"modified":"2025-10-13T15:39:13","modified_gmt":"2025-10-13T13:39:13","slug":"popieriniai-ranksluosciai-h2-z-fold-15020","status":"publish","type":"product","link":"https:\/\/rutana.lt\/en\/product\/popieriniai-ranksluosciai-h2-z-fold-15020\/","title":{"rendered":"Popieriniai rank\u0161luos\u010diai H2 Z-Fold 15020"},"content":{"rendered":"<p>Popieriniai rank\u0161luos\u010diai pagaminti i\u0161 100 % celiulioz\u0117s. Rank\u0161luos\u010dius galima sud\u0117ti \u012f sulankstyt\u0173 popierini\u0173 rank\u0161luos\u010di\u0173 dozatorius. \u0160ie rank\u0161luos\u010diai tinka ma\u017eose patalpose, kuriose lankytojams suteikiamas komfortas ir higiena. Rank\u0161luos\u010diai sulankstyti taip, kad b\u016bt\u0173 dozuojami po vien\u0105, tod\u0117l suma\u017e\u0117ja s\u0105naud\u0173 ir geriau palaikoma \u0161vara.<\/p>\n<p>Naudojama laikikli\u0173 sistema: H2 &#8211; rank\u0161luos\u010di\u0173 sistema<\/p>\n<p>I\u0161lankstytos servet\u0117l\u0117s ilgis: 23 cm<\/p>\n<p>I\u0161lankstytos servet\u0117l\u0117s plotis: 20.5 cm<\/p>\n<p>Sulankstyt\u0173 servet\u0117li\u0173 pakuot\u0117s plotis: 20.5 cm<\/p>\n<p>Servet\u0117li\u0173 kiekis pakuot\u0117je: 150 <\/p>\n<p>Sluoksniai: 2<\/p>\n<p>Spalva: balta<\/p>\n<p>Spauda: ne<\/p>\n<p>Kilm\u0117s \u0161alis: EU<\/p>\n<p><span style=\"color: rgb(87, 87, 87); font-family: HelveticaNeueW01-55Roma, \"helvetica neue\", helvetica, arial, sans-serif; font-size: 14px; letter-spacing: -0.14px;\"><br \/><\/span><\/p>\n<p><\/p>","protected":false},"excerpt":{"rendered":"<p>Popieriniai rank\u0161luos\u010diai pagaminti i\u0161 100 % celiulioz\u0117s. Rank\u0161luos\u010dius galima sud\u0117ti \u012f sulankstyt\u0173 popierini\u0173 rank\u0161luos\u010di\u0173 dozatorius. \u0160ie rank\u0161luos\u010diai tinka ma\u017eose patalpose, kuriose lankytojams suteikiamas komfortas ir higiena. Rank\u0161luos\u010diai sulankstyti taip, kad b\u016bt\u0173 dozuojami po vien\u0105, tod\u0117l suma\u017e\u0117ja s\u0105naud\u0173 ir geriau palaikoma \u0161vara. Naudojama laikikli\u0173 sistema: H2 &#8211; rank\u0161luos\u010di\u0173 sistema I\u0161lankstytos servet\u0117l\u0117s ilgis: 23 cm I\u0161lankstytos servet\u0117l\u0117s [&hellip;]<\/p>","protected":false},"featured_media":27471,"comment_status":"open","ping_status":"closed","template":"","meta":{"_season_start":"","_season_end":"","_season_days":"","_season_months":"","_season_auto_visibility":""},"product_brand":[83],"product_cat":[1620],"product_tag":[],"class_list":{"0":"post-11406","1":"product","2":"type-product","3":"status-publish","4":"has-post-thumbnail","6":"product_brand-null","7":"product_cat-popieriniai-ranksluosciai","9":"first","10":"instock","11":"taxable","12":"shipping-taxable","13":"purchasable","14":"product-type-simple"},"yoast_head":"<!-- This site is optimized with the Yoast SEO plugin v26.1.1 - https:\/\/yoast.com\/wordpress\/plugins\/seo\/ -->\n<title>Popieriniai rank\u0161luos\u010diai H2 Z-Fold 15020 - Rutana - Ra\u0161tin\u0117s reikmenys<\/title>\n<meta name=\"robots\" content=\"index, follow, max-snippet:-1, max-image-preview:large, max-video-preview:-1\" \/>\n<link rel=\"canonical\" href=\"https:\/\/rutana.lt\/en\/product\/popieriniai-ranksluosciai-h2-z-fold-15020\/\" \/>\n<meta property=\"og:locale\" content=\"en_US\" \/>\n<meta property=\"og:type\" content=\"article\" \/>\n<meta property=\"og:title\" content=\"Popieriniai rank\u0161luos\u010diai H2 Z-Fold 15020 - Rutana - Ra\u0161tin\u0117s reikmenys\" \/>\n<meta property=\"og:description\" content=\"Popieriniai rank\u0161luos\u010diai pagaminti i\u0161 100 % celiulioz\u0117s. Rank\u0161luos\u010dius galima sud\u0117ti \u012f sulankstyt\u0173 popierini\u0173 rank\u0161luos\u010di\u0173 dozatorius. \u0160ie rank\u0161luos\u010diai tinka ma\u017eose patalpose, kuriose lankytojams suteikiamas komfortas ir higiena. Rank\u0161luos\u010diai sulankstyti taip, kad b\u016bt\u0173 dozuojami po vien\u0105, tod\u0117l suma\u017e\u0117ja s\u0105naud\u0173 ir geriau palaikoma \u0161vara. Naudojama laikikli\u0173 sistema: H2 &#8211; rank\u0161luos\u010di\u0173 sistema I\u0161lankstytos servet\u0117l\u0117s ilgis: 23 cm I\u0161lankstytos servet\u0117l\u0117s [&hellip;]\" \/>\n<meta property=\"og:url\" content=\"https:\/\/rutana.lt\/en\/product\/popieriniai-ranksluosciai-h2-z-fold-15020\/\" \/>\n<meta property=\"og:site_name\" content=\"Rutana - Ra\u0161tin\u0117s reikmenys\" \/>\n<meta property=\"article:publisher\" content=\"https:\/\/www.facebook.com\/RutanaKanceliarinesPrekes\/\" \/>\n<meta property=\"article:modified_time\" content=\"2025-10-13T13:39:13+00:00\" \/>\n<meta property=\"og:image\" content=\"https:\/\/rutana.lt\/wp-content\/uploads\/2025\/09\/A083-771.jpg\" \/>\n\t<meta property=\"og:image:width\" content=\"500\" \/>\n\t<meta property=\"og:image:height\" content=\"500\" \/>\n\t<meta property=\"og:image:type\" content=\"image\/jpeg\" \/>\n<meta name=\"twitter:card\" content=\"summary_large_image\" \/>\n<script type=\"application\/ld+json\" class=\"yoast-schema-graph\">{\"@context\":\"https:\/\/schema.org\",\"@graph\":[{\"@type\":\"WebPage\",\"@id\":\"https:\/\/rutana.lt\/produktas\/popieriniai-ranksluosciai-h2-z-fold-15020\/\",\"url\":\"https:\/\/rutana.lt\/produktas\/popieriniai-ranksluosciai-h2-z-fold-15020\/\",\"name\":\"Popieriniai rank\u0161luos\u010diai H2 Z-Fold 15020 - Rutana - Ra\u0161tin\u0117s reikmenys\",\"isPartOf\":{\"@id\":\"https:\/\/rutana.lt\/#website\"},\"primaryImageOfPage\":{\"@id\":\"https:\/\/rutana.lt\/produktas\/popieriniai-ranksluosciai-h2-z-fold-15020\/#primaryimage\"},\"image\":{\"@id\":\"https:\/\/rutana.lt\/produktas\/popieriniai-ranksluosciai-h2-z-fold-15020\/#primaryimage\"},\"thumbnailUrl\":\"https:\/\/rutana.lt\/wp-content\/uploads\/2025\/09\/A083-771-1.jpg?v=1763619942\",\"datePublished\":\"2025-09-03T07:16:56+00:00\",\"dateModified\":\"2025-10-13T13:39:13+00:00\",\"breadcrumb\":{\"@id\":\"https:\/\/rutana.lt\/produktas\/popieriniai-ranksluosciai-h2-z-fold-15020\/#breadcrumb\"},\"inLanguage\":\"en-US\",\"potentialAction\":[{\"@type\":\"ReadAction\",\"target\":[\"https:\/\/rutana.lt\/produktas\/popieriniai-ranksluosciai-h2-z-fold-15020\/\"]}]},{\"@type\":\"ImageObject\",\"inLanguage\":\"en-US\",\"@id\":\"https:\/\/rutana.lt\/produktas\/popieriniai-ranksluosciai-h2-z-fold-15020\/#primaryimage\",\"url\":\"https:\/\/rutana.lt\/wp-content\/uploads\/2025\/09\/A083-771-1.jpg?v=1763619942\",\"contentUrl\":\"https:\/\/rutana.lt\/wp-content\/uploads\/2025\/09\/A083-771-1.jpg?v=1763619942\",\"width\":500,\"height\":500},{\"@type\":\"BreadcrumbList\",\"@id\":\"https:\/\/rutana.lt\/produktas\/popieriniai-ranksluosciai-h2-z-fold-15020\/#breadcrumb\",\"itemListElement\":[{\"@type\":\"ListItem\",\"position\":1,\"name\":\"Home\",\"item\":\"https:\/\/rutana.lt\/\"},{\"@type\":\"ListItem\",\"position\":2,\"name\":\"Parduotuv\u0117\",\"item\":\"https:\/\/rutana.lt\/parduotuve\/\"},{\"@type\":\"ListItem\",\"position\":3,\"name\":\"Popieriniai rank\u0161luos\u010diai H2 Z-Fold 15020\"}]},{\"@type\":\"WebSite\",\"@id\":\"https:\/\/rutana.lt\/#website\",\"url\":\"https:\/\/rutana.lt\/\",\"name\":\"Rutana - Ra\u0161tin\u0117s reikmenys\",\"description\":\"Prekiaujame pasaulin\u0117je rinkoje pripa\u017eintomis, kokybi\u0161komis biuro prek\u0117mis toki\u0173  gamintoj\u0173 kaip: Schneider, Esselte, Novus, 3M, Faber-Castell, Citizen, Milan, Leitz, Colop, Zebra, Staedtler, Durable, Tork, Parker, Waterman ir kt.\",\"publisher\":{\"@id\":\"https:\/\/rutana.lt\/#organization\"},\"potentialAction\":[{\"@type\":\"SearchAction\",\"target\":{\"@type\":\"EntryPoint\",\"urlTemplate\":\"https:\/\/rutana.lt\/?s={search_term_string}\"},\"query-input\":{\"@type\":\"PropertyValueSpecification\",\"valueRequired\":true,\"valueName\":\"search_term_string\"}}],\"inLanguage\":\"en-US\"},{\"@type\":\"Organization\",\"@id\":\"https:\/\/rutana.lt\/#organization\",\"name\":\"Rutana - Ra\u0161tin\u0117s reikmenys\",\"url\":\"https:\/\/rutana.lt\/\",\"logo\":{\"@type\":\"ImageObject\",\"inLanguage\":\"en-US\",\"@id\":\"https:\/\/rutana.lt\/#\/schema\/logo\/image\/\",\"url\":\"https:\/\/rutana.lt\/wp-content\/uploads\/2025\/10\/Asset-32.png\",\"contentUrl\":\"https:\/\/rutana.lt\/wp-content\/uploads\/2025\/10\/Asset-32.png\",\"width\":433,\"height\":119,\"caption\":\"Rutana - Ra\u0161tin\u0117s reikmenys\"},\"image\":{\"@id\":\"https:\/\/rutana.lt\/#\/schema\/logo\/image\/\"},\"sameAs\":[\"https:\/\/www.facebook.com\/RutanaKanceliarinesPrekes\/\"]}]}<\/script>\n<!-- \/ Yoast SEO plugin. -->","yoast_head_json":{"title":"Popieriniai rank\u0161luos\u010diai H2 Z-Fold 15020 - Rutana - Ra\u0161tin\u0117s reikmenys","robots":{"index":"index","follow":"follow","max-snippet":"max-snippet:-1","max-image-preview":"max-image-preview:large","max-video-preview":"max-video-preview:-1"},"canonical":"https:\/\/rutana.lt\/en\/product\/popieriniai-ranksluosciai-h2-z-fold-15020\/","og_locale":"en_US","og_type":"article","og_title":"Popieriniai rank\u0161luos\u010diai H2 Z-Fold 15020 - Rutana - Ra\u0161tin\u0117s reikmenys","og_description":"Popieriniai rank\u0161luos\u010diai pagaminti i\u0161 100 % celiulioz\u0117s. Rank\u0161luos\u010dius galima sud\u0117ti \u012f sulankstyt\u0173 popierini\u0173 rank\u0161luos\u010di\u0173 dozatorius. \u0160ie rank\u0161luos\u010diai tinka ma\u017eose patalpose, kuriose lankytojams suteikiamas komfortas ir higiena. Rank\u0161luos\u010diai sulankstyti taip, kad b\u016bt\u0173 dozuojami po vien\u0105, tod\u0117l suma\u017e\u0117ja s\u0105naud\u0173 ir geriau palaikoma \u0161vara. Naudojama laikikli\u0173 sistema: H2 &#8211; rank\u0161luos\u010di\u0173 sistema I\u0161lankstytos servet\u0117l\u0117s ilgis: 23 cm I\u0161lankstytos servet\u0117l\u0117s [&hellip;]","og_url":"https:\/\/rutana.lt\/en\/product\/popieriniai-ranksluosciai-h2-z-fold-15020\/","og_site_name":"Rutana - Ra\u0161tin\u0117s reikmenys","article_publisher":"https:\/\/www.facebook.com\/RutanaKanceliarinesPrekes\/","article_modified_time":"2025-10-13T13:39:13+00:00","og_image":[{"width":500,"height":500,"url":"https:\/\/rutana.lt\/wp-content\/uploads\/2025\/09\/A083-771.jpg","type":"image\/jpeg"}],"twitter_card":"summary_large_image","schema":{"@context":"https:\/\/schema.org","@graph":[{"@type":"WebPage","@id":"https:\/\/rutana.lt\/produktas\/popieriniai-ranksluosciai-h2-z-fold-15020\/","url":"https:\/\/rutana.lt\/produktas\/popieriniai-ranksluosciai-h2-z-fold-15020\/","name":"Popieriniai rank\u0161luos\u010diai H2 Z-Fold 15020 - Rutana - Ra\u0161tin\u0117s reikmenys","isPartOf":{"@id":"https:\/\/rutana.lt\/#website"},"primaryImageOfPage":{"@id":"https:\/\/rutana.lt\/produktas\/popieriniai-ranksluosciai-h2-z-fold-15020\/#primaryimage"},"image":{"@id":"https:\/\/rutana.lt\/produktas\/popieriniai-ranksluosciai-h2-z-fold-15020\/#primaryimage"},"thumbnailUrl":"https:\/\/rutana.lt\/wp-content\/uploads\/2025\/09\/A083-771-1.jpg?v=1763619942","datePublished":"2025-09-03T07:16:56+00:00","dateModified":"2025-10-13T13:39:13+00:00","breadcrumb":{"@id":"https:\/\/rutana.lt\/produktas\/popieriniai-ranksluosciai-h2-z-fold-15020\/#breadcrumb"},"inLanguage":"en-US","potentialAction":[{"@type":"ReadAction","target":["https:\/\/rutana.lt\/produktas\/popieriniai-ranksluosciai-h2-z-fold-15020\/"]}]},{"@type":"ImageObject","inLanguage":"en-US","@id":"https:\/\/rutana.lt\/produktas\/popieriniai-ranksluosciai-h2-z-fold-15020\/#primaryimage","url":"https:\/\/rutana.lt\/wp-content\/uploads\/2025\/09\/A083-771-1.jpg?v=1763619942","contentUrl":"https:\/\/rutana.lt\/wp-content\/uploads\/2025\/09\/A083-771-1.jpg?v=1763619942","width":500,"height":500},{"@type":"BreadcrumbList","@id":"https:\/\/rutana.lt\/produktas\/popieriniai-ranksluosciai-h2-z-fold-15020\/#breadcrumb","itemListElement":[{"@type":"ListItem","position":1,"name":"Home","item":"https:\/\/rutana.lt\/"},{"@type":"ListItem","position":2,"name":"Parduotuv\u0117","item":"https:\/\/rutana.lt\/parduotuve\/"},{"@type":"ListItem","position":3,"name":"Popieriniai rank\u0161luos\u010diai H2 Z-Fold 15020"}]},{"@type":"WebSite","@id":"https:\/\/rutana.lt\/#website","url":"https:\/\/rutana.lt\/","name":"Rutana - Ra\u0161tin\u0117s reikmenys","description":"Prekiaujame pasaulin\u0117je rinkoje pripa\u017eintomis, kokybi\u0161komis biuro prek\u0117mis toki\u0173  gamintoj\u0173 kaip: Schneider, Esselte, Novus, 3M, Faber-Castell, Citizen, Milan, Leitz, Colop, Zebra, Staedtler, Durable, Tork, Parker, Waterman ir kt.","publisher":{"@id":"https:\/\/rutana.lt\/#organization"},"potentialAction":[{"@type":"SearchAction","target":{"@type":"EntryPoint","urlTemplate":"https:\/\/rutana.lt\/?s={search_term_string}"},"query-input":{"@type":"PropertyValueSpecification","valueRequired":true,"valueName":"search_term_string"}}],"inLanguage":"en-US"},{"@type":"Organization","@id":"https:\/\/rutana.lt\/#organization","name":"Rutana - Ra\u0161tin\u0117s reikmenys","url":"https:\/\/rutana.lt\/","logo":{"@type":"ImageObject","inLanguage":"en-US","@id":"https:\/\/rutana.lt\/#\/schema\/logo\/image\/","url":"https:\/\/rutana.lt\/wp-content\/uploads\/2025\/10\/Asset-32.png","contentUrl":"https:\/\/rutana.lt\/wp-content\/uploads\/2025\/10\/Asset-32.png","width":433,"height":119,"caption":"Rutana - Ra\u0161tin\u0117s reikmenys"},"image":{"@id":"https:\/\/rutana.lt\/#\/schema\/logo\/image\/"},"sameAs":["https:\/\/www.facebook.com\/RutanaKanceliarinesPrekes\/"]}]}},"_links":{"self":[{"href":"https:\/\/rutana.lt\/en\/wp-json\/wp\/v2\/product\/11406","targetHints":{"allow":["GET"]}}],"collection":[{"href":"https:\/\/rutana.lt\/en\/wp-json\/wp\/v2\/product"}],"about":[{"href":"https:\/\/rutana.lt\/en\/wp-json\/wp\/v2\/types\/product"}],"replies":[{"embeddable":true,"href":"https:\/\/rutana.lt\/en\/wp-json\/wp\/v2\/comments?post=11406"}],"version-history":[{"count":1,"href":"https:\/\/rutana.lt\/en\/wp-json\/wp\/v2\/product\/11406\/revisions"}],"predecessor-version":[{"id":11491,"href":"https:\/\/rutana.lt\/en\/wp-json\/wp\/v2\/product\/11406\/revisions\/11491"}],"wp:featuredmedia":[{"embeddable":true,"href":"https:\/\/rutana.lt\/en\/wp-json\/wp\/v2\/media\/27471"}],"wp:attachment":[{"href":"https:\/\/rutana.lt\/en\/wp-json\/wp\/v2\/media?parent=11406"}],"wp:term":[{"taxonomy":"product_brand","embeddable":true,"href":"https:\/\/rutana.lt\/en\/wp-json\/wp\/v2\/product_brand?post=11406"},{"taxonomy":"product_cat","embeddable":true,"href":"https:\/\/rutana.lt\/en\/wp-json\/wp\/v2\/product_cat?post=11406"},{"taxonomy":"product_tag","embeddable":true,"href":"https:\/\/rutana.lt\/en\/wp-json\/wp\/v2\/product_tag?post=11406"}],"curies":[{"name":"wp","href":"https:\/\/api.w.org\/{rel}","templated":true}]}}