{"id":11317,"date":"2025-09-03T09:16:31","date_gmt":"2025-09-03T07:16:31","guid":{"rendered":"https:\/\/rutana.webdemo.lt\/?post_type=product&#038;p=11317"},"modified":"2025-10-13T15:38:59","modified_gmt":"2025-10-13T13:38:59","slug":"zalioji-arbata-jasmine-200-g-impra-94285","status":"publish","type":"product","link":"https:\/\/rutana.lt\/en\/product\/zalioji-arbata-jasmine-200-g-impra-94285\/","title":{"rendered":"\u017dalioji arbata &#8222;Jasmine&#8221; 200 g Impra 94285"},"content":{"rendered":"<p class=\"MsoNormal\"><span lang=\"EN-GB\">Auk\u0161\u010diausios kokyb\u0117s stambialap\u0117 \u017ealioji<br \/>\nCeilono arbata su jazmin\u0173 \u017eiedais, u\u017eauginta geriausiuose \u0160ri Lankos arbat\u0173 plantacijose. Tai tobulas arbatos puodelis vakarui. Puikiausiai tinka \u017emon\u0117ms,<br \/>\nkurie m\u0117gsta paragauti geriausias arbatas.<\/span><\/p>\n<p class=\"MsoNormal\"><span lang=\"EN-GB\">Kiekis: 200 g<\/span><\/p>\n<p class=\"MsoNormal\"><span lang=\"EN-GB\">Sud\u0117tis: \u017ealioji arbata OPA 96 %, jazmin\u0173 \u017eiedai 3 %, jazmin\u0173 kvapioji med\u017eiaga 1 %<\/span><\/p>\n<p class=\"MsoNormal\"><span lang=\"EN-GB\">Paruo\u0161imo b\u016bdas: plikoma<\/span><\/p>\n<p class=\"MsoNormal\"><span lang=\"EN-GB\">Supakuota: metalin\u0117je d\u0117\u017eut\u0117je<br \/><\/span><\/p>\n<p class=\"MsoNormal\"><span lang=\"EN-GB\"><o:p><\/o:p><\/span><\/p>\n<\/p>\n<p class=\"MsoNormal\"><span lang=\"EN-GB\">Kilm\u0117s \u0161alis: \u0160ri lanka<\/span><\/p>\n<p class=\"MsoNormal\"><span lang=\"EN-GB\"><o:p><br \/><\/o:p><\/span><\/p>\n<p class=\"MsoNormal\"><\/p>","protected":false},"excerpt":{"rendered":"<p>Auk\u0161\u010diausios kokyb\u0117s stambialap\u0117 \u017ealioji Ceilono arbata su jazmin\u0173 \u017eiedais, u\u017eauginta geriausiuose \u0160ri Lankos arbat\u0173 plantacijose. Tai tobulas arbatos puodelis vakarui. Puikiausiai tinka \u017emon\u0117ms, kurie m\u0117gsta paragauti geriausias arbatas. Kiekis: 200 g Sud\u0117tis: \u017ealioji arbata OPA 96 %, jazmin\u0173 \u017eiedai 3 %, jazmin\u0173 kvapioji med\u017eiaga 1 % Paruo\u0161imo b\u016bdas: plikoma Supakuota: metalin\u0117je d\u0117\u017eut\u0117je Kilm\u0117s \u0161alis: \u0160ri [&hellip;]<\/p>","protected":false},"featured_media":27432,"comment_status":"open","ping_status":"closed","template":"","meta":{"_season_start":"","_season_end":"","_season_days":"","_season_months":"","_season_auto_visibility":""},"product_brand":[458],"product_cat":[1835],"product_tag":[],"class_list":{"0":"post-11317","1":"product","2":"type-product","3":"status-publish","4":"has-post-thumbnail","6":"product_brand-impra","7":"product_cat-plikoma-arbata","9":"first","10":"instock","11":"taxable","12":"shipping-taxable","13":"purchasable","14":"product-type-simple"},"yoast_head":"<!-- This site is optimized with the Yoast SEO plugin v27.4 - https:\/\/yoast.com\/product\/yoast-seo-wordpress\/ -->\n<title>\u017dalioji arbata &quot;Jasmine&quot; 200 g Impra 94285 - Rutana - Ra\u0161tin\u0117s reikmenys<\/title>\n<meta name=\"robots\" content=\"index, follow, max-snippet:-1, max-image-preview:large, max-video-preview:-1\" \/>\n<link rel=\"canonical\" href=\"https:\/\/rutana.lt\/en\/product\/zalioji-arbata-jasmine-200-g-impra-94285\/\" \/>\n<meta property=\"og:locale\" content=\"en_US\" \/>\n<meta property=\"og:type\" content=\"article\" \/>\n<meta property=\"og:title\" content=\"\u017dalioji arbata &quot;Jasmine&quot; 200 g Impra 94285 - Rutana - Ra\u0161tin\u0117s reikmenys\" \/>\n<meta property=\"og:description\" content=\"Auk\u0161\u010diausios kokyb\u0117s stambialap\u0117 \u017ealioji Ceilono arbata su jazmin\u0173 \u017eiedais, u\u017eauginta geriausiuose \u0160ri Lankos arbat\u0173 plantacijose. Tai tobulas arbatos puodelis vakarui. Puikiausiai tinka \u017emon\u0117ms, kurie m\u0117gsta paragauti geriausias arbatas. Kiekis: 200 g Sud\u0117tis: \u017ealioji arbata OPA 96 %, jazmin\u0173 \u017eiedai 3 %, jazmin\u0173 kvapioji med\u017eiaga 1 % Paruo\u0161imo b\u016bdas: plikoma Supakuota: metalin\u0117je d\u0117\u017eut\u0117je Kilm\u0117s \u0161alis: \u0160ri [&hellip;]\" \/>\n<meta property=\"og:url\" content=\"https:\/\/rutana.lt\/en\/product\/zalioji-arbata-jasmine-200-g-impra-94285\/\" \/>\n<meta property=\"og:site_name\" content=\"Rutana - Ra\u0161tin\u0117s reikmenys\" \/>\n<meta property=\"article:publisher\" content=\"https:\/\/www.facebook.com\/RutanaKanceliarinesPrekes\/\" \/>\n<meta property=\"article:modified_time\" content=\"2025-10-13T13:38:59+00:00\" \/>\n<meta property=\"og:image\" content=\"https:\/\/rutana.lt\/wp-content\/uploads\/2025\/09\/B090-248.jpg\" \/>\n\t<meta property=\"og:image:width\" content=\"498\" \/>\n\t<meta property=\"og:image:height\" content=\"500\" \/>\n\t<meta property=\"og:image:type\" content=\"image\/jpeg\" \/>\n<meta name=\"twitter:card\" content=\"summary_large_image\" \/>\n<script type=\"application\/ld+json\" class=\"yoast-schema-graph\">{\"@context\":\"https:\\\/\\\/schema.org\",\"@graph\":[{\"@type\":\"WebPage\",\"@id\":\"https:\\\/\\\/rutana.lt\\\/produktas\\\/zalioji-arbata-jasmine-200-g-impra-94285\\\/\",\"url\":\"https:\\\/\\\/rutana.lt\\\/produktas\\\/zalioji-arbata-jasmine-200-g-impra-94285\\\/\",\"name\":\"\u017dalioji arbata \\\"Jasmine\\\" 200 g Impra 94285 - Rutana - Ra\u0161tin\u0117s reikmenys\",\"isPartOf\":{\"@id\":\"https:\\\/\\\/rutana.lt\\\/#website\"},\"primaryImageOfPage\":{\"@id\":\"https:\\\/\\\/rutana.lt\\\/produktas\\\/zalioji-arbata-jasmine-200-g-impra-94285\\\/#primaryimage\"},\"image\":{\"@id\":\"https:\\\/\\\/rutana.lt\\\/produktas\\\/zalioji-arbata-jasmine-200-g-impra-94285\\\/#primaryimage\"},\"thumbnailUrl\":\"https:\\\/\\\/rutana.lt\\\/wp-content\\\/uploads\\\/2025\\\/09\\\/B090-248-1.jpg?v=1763619989\",\"datePublished\":\"2025-09-03T07:16:31+00:00\",\"dateModified\":\"2025-10-13T13:38:59+00:00\",\"breadcrumb\":{\"@id\":\"https:\\\/\\\/rutana.lt\\\/produktas\\\/zalioji-arbata-jasmine-200-g-impra-94285\\\/#breadcrumb\"},\"inLanguage\":\"en-US\",\"potentialAction\":[{\"@type\":\"ReadAction\",\"target\":[\"https:\\\/\\\/rutana.lt\\\/produktas\\\/zalioji-arbata-jasmine-200-g-impra-94285\\\/\"]}]},{\"@type\":\"ImageObject\",\"inLanguage\":\"en-US\",\"@id\":\"https:\\\/\\\/rutana.lt\\\/produktas\\\/zalioji-arbata-jasmine-200-g-impra-94285\\\/#primaryimage\",\"url\":\"https:\\\/\\\/rutana.lt\\\/wp-content\\\/uploads\\\/2025\\\/09\\\/B090-248-1.jpg?v=1763619989\",\"contentUrl\":\"https:\\\/\\\/rutana.lt\\\/wp-content\\\/uploads\\\/2025\\\/09\\\/B090-248-1.jpg?v=1763619989\",\"width\":498,\"height\":500},{\"@type\":\"BreadcrumbList\",\"@id\":\"https:\\\/\\\/rutana.lt\\\/produktas\\\/zalioji-arbata-jasmine-200-g-impra-94285\\\/#breadcrumb\",\"itemListElement\":[{\"@type\":\"ListItem\",\"position\":1,\"name\":\"Home\",\"item\":\"https:\\\/\\\/rutana.lt\\\/\"},{\"@type\":\"ListItem\",\"position\":2,\"name\":\"Parduotuv\u0117\",\"item\":\"https:\\\/\\\/rutana.lt\\\/parduotuve\\\/\"},{\"@type\":\"ListItem\",\"position\":3,\"name\":\"\u017dalioji arbata &#8222;Jasmine&#8221; 200 g Impra 94285\"}]},{\"@type\":\"WebSite\",\"@id\":\"https:\\\/\\\/rutana.lt\\\/#website\",\"url\":\"https:\\\/\\\/rutana.lt\\\/\",\"name\":\"Rutana - Ra\u0161tin\u0117s reikmenys\",\"description\":\"Prekiaujame pasaulin\u0117je rinkoje pripa\u017eintomis, kokybi\u0161komis biuro prek\u0117mis toki\u0173  gamintoj\u0173 kaip: Schneider, Esselte, Novus, 3M, Faber-Castell, Citizen, Milan, Leitz, Colop, Zebra, Staedtler, Durable, Tork, Parker, Waterman ir kt.\",\"publisher\":{\"@id\":\"https:\\\/\\\/rutana.lt\\\/#organization\"},\"potentialAction\":[{\"@type\":\"SearchAction\",\"target\":{\"@type\":\"EntryPoint\",\"urlTemplate\":\"https:\\\/\\\/rutana.lt\\\/?s={search_term_string}\"},\"query-input\":{\"@type\":\"PropertyValueSpecification\",\"valueRequired\":true,\"valueName\":\"search_term_string\"}}],\"inLanguage\":\"en-US\"},{\"@type\":\"Organization\",\"@id\":\"https:\\\/\\\/rutana.lt\\\/#organization\",\"name\":\"Rutana - Ra\u0161tin\u0117s reikmenys\",\"url\":\"https:\\\/\\\/rutana.lt\\\/\",\"logo\":{\"@type\":\"ImageObject\",\"inLanguage\":\"en-US\",\"@id\":\"https:\\\/\\\/rutana.lt\\\/#\\\/schema\\\/logo\\\/image\\\/\",\"url\":\"https:\\\/\\\/rutana.lt\\\/wp-content\\\/uploads\\\/2025\\\/10\\\/Asset-32.png\",\"contentUrl\":\"https:\\\/\\\/rutana.lt\\\/wp-content\\\/uploads\\\/2025\\\/10\\\/Asset-32.png\",\"width\":433,\"height\":119,\"caption\":\"Rutana - Ra\u0161tin\u0117s reikmenys\"},\"image\":{\"@id\":\"https:\\\/\\\/rutana.lt\\\/#\\\/schema\\\/logo\\\/image\\\/\"},\"sameAs\":[\"https:\\\/\\\/www.facebook.com\\\/RutanaKanceliarinesPrekes\\\/\"]}]}<\/script>\n<!-- \/ Yoast SEO plugin. -->","yoast_head_json":{"title":"\u017dalioji arbata \"Jasmine\" 200 g Impra 94285 - Rutana - Ra\u0161tin\u0117s reikmenys","robots":{"index":"index","follow":"follow","max-snippet":"max-snippet:-1","max-image-preview":"max-image-preview:large","max-video-preview":"max-video-preview:-1"},"canonical":"https:\/\/rutana.lt\/en\/product\/zalioji-arbata-jasmine-200-g-impra-94285\/","og_locale":"en_US","og_type":"article","og_title":"\u017dalioji arbata \"Jasmine\" 200 g Impra 94285 - Rutana - Ra\u0161tin\u0117s reikmenys","og_description":"Auk\u0161\u010diausios kokyb\u0117s stambialap\u0117 \u017ealioji Ceilono arbata su jazmin\u0173 \u017eiedais, u\u017eauginta geriausiuose \u0160ri Lankos arbat\u0173 plantacijose. Tai tobulas arbatos puodelis vakarui. Puikiausiai tinka \u017emon\u0117ms, kurie m\u0117gsta paragauti geriausias arbatas. Kiekis: 200 g Sud\u0117tis: \u017ealioji arbata OPA 96 %, jazmin\u0173 \u017eiedai 3 %, jazmin\u0173 kvapioji med\u017eiaga 1 % Paruo\u0161imo b\u016bdas: plikoma Supakuota: metalin\u0117je d\u0117\u017eut\u0117je Kilm\u0117s \u0161alis: \u0160ri [&hellip;]","og_url":"https:\/\/rutana.lt\/en\/product\/zalioji-arbata-jasmine-200-g-impra-94285\/","og_site_name":"Rutana - Ra\u0161tin\u0117s reikmenys","article_publisher":"https:\/\/www.facebook.com\/RutanaKanceliarinesPrekes\/","article_modified_time":"2025-10-13T13:38:59+00:00","og_image":[{"width":498,"height":500,"url":"https:\/\/rutana.lt\/wp-content\/uploads\/2025\/09\/B090-248.jpg","type":"image\/jpeg"}],"twitter_card":"summary_large_image","schema":{"@context":"https:\/\/schema.org","@graph":[{"@type":"WebPage","@id":"https:\/\/rutana.lt\/produktas\/zalioji-arbata-jasmine-200-g-impra-94285\/","url":"https:\/\/rutana.lt\/produktas\/zalioji-arbata-jasmine-200-g-impra-94285\/","name":"\u017dalioji arbata \"Jasmine\" 200 g Impra 94285 - Rutana - Ra\u0161tin\u0117s reikmenys","isPartOf":{"@id":"https:\/\/rutana.lt\/#website"},"primaryImageOfPage":{"@id":"https:\/\/rutana.lt\/produktas\/zalioji-arbata-jasmine-200-g-impra-94285\/#primaryimage"},"image":{"@id":"https:\/\/rutana.lt\/produktas\/zalioji-arbata-jasmine-200-g-impra-94285\/#primaryimage"},"thumbnailUrl":"https:\/\/rutana.lt\/wp-content\/uploads\/2025\/09\/B090-248-1.jpg?v=1763619989","datePublished":"2025-09-03T07:16:31+00:00","dateModified":"2025-10-13T13:38:59+00:00","breadcrumb":{"@id":"https:\/\/rutana.lt\/produktas\/zalioji-arbata-jasmine-200-g-impra-94285\/#breadcrumb"},"inLanguage":"en-US","potentialAction":[{"@type":"ReadAction","target":["https:\/\/rutana.lt\/produktas\/zalioji-arbata-jasmine-200-g-impra-94285\/"]}]},{"@type":"ImageObject","inLanguage":"en-US","@id":"https:\/\/rutana.lt\/produktas\/zalioji-arbata-jasmine-200-g-impra-94285\/#primaryimage","url":"https:\/\/rutana.lt\/wp-content\/uploads\/2025\/09\/B090-248-1.jpg?v=1763619989","contentUrl":"https:\/\/rutana.lt\/wp-content\/uploads\/2025\/09\/B090-248-1.jpg?v=1763619989","width":498,"height":500},{"@type":"BreadcrumbList","@id":"https:\/\/rutana.lt\/produktas\/zalioji-arbata-jasmine-200-g-impra-94285\/#breadcrumb","itemListElement":[{"@type":"ListItem","position":1,"name":"Home","item":"https:\/\/rutana.lt\/"},{"@type":"ListItem","position":2,"name":"Parduotuv\u0117","item":"https:\/\/rutana.lt\/parduotuve\/"},{"@type":"ListItem","position":3,"name":"\u017dalioji arbata &#8222;Jasmine&#8221; 200 g Impra 94285"}]},{"@type":"WebSite","@id":"https:\/\/rutana.lt\/#website","url":"https:\/\/rutana.lt\/","name":"Rutana - Ra\u0161tin\u0117s reikmenys","description":"Prekiaujame pasaulin\u0117je rinkoje pripa\u017eintomis, kokybi\u0161komis biuro prek\u0117mis toki\u0173  gamintoj\u0173 kaip: Schneider, Esselte, Novus, 3M, Faber-Castell, Citizen, Milan, Leitz, Colop, Zebra, Staedtler, Durable, Tork, Parker, Waterman ir kt.","publisher":{"@id":"https:\/\/rutana.lt\/#organization"},"potentialAction":[{"@type":"SearchAction","target":{"@type":"EntryPoint","urlTemplate":"https:\/\/rutana.lt\/?s={search_term_string}"},"query-input":{"@type":"PropertyValueSpecification","valueRequired":true,"valueName":"search_term_string"}}],"inLanguage":"en-US"},{"@type":"Organization","@id":"https:\/\/rutana.lt\/#organization","name":"Rutana - Ra\u0161tin\u0117s reikmenys","url":"https:\/\/rutana.lt\/","logo":{"@type":"ImageObject","inLanguage":"en-US","@id":"https:\/\/rutana.lt\/#\/schema\/logo\/image\/","url":"https:\/\/rutana.lt\/wp-content\/uploads\/2025\/10\/Asset-32.png","contentUrl":"https:\/\/rutana.lt\/wp-content\/uploads\/2025\/10\/Asset-32.png","width":433,"height":119,"caption":"Rutana - Ra\u0161tin\u0117s reikmenys"},"image":{"@id":"https:\/\/rutana.lt\/#\/schema\/logo\/image\/"},"sameAs":["https:\/\/www.facebook.com\/RutanaKanceliarinesPrekes\/"]}]}},"_links":{"self":[{"href":"https:\/\/rutana.lt\/en\/wp-json\/wp\/v2\/product\/11317","targetHints":{"allow":["GET"]}}],"collection":[{"href":"https:\/\/rutana.lt\/en\/wp-json\/wp\/v2\/product"}],"about":[{"href":"https:\/\/rutana.lt\/en\/wp-json\/wp\/v2\/types\/product"}],"replies":[{"embeddable":true,"href":"https:\/\/rutana.lt\/en\/wp-json\/wp\/v2\/comments?post=11317"}],"version-history":[{"count":1,"href":"https:\/\/rutana.lt\/en\/wp-json\/wp\/v2\/product\/11317\/revisions"}],"predecessor-version":[{"id":11363,"href":"https:\/\/rutana.lt\/en\/wp-json\/wp\/v2\/product\/11317\/revisions\/11363"}],"wp:featuredmedia":[{"embeddable":true,"href":"https:\/\/rutana.lt\/en\/wp-json\/wp\/v2\/media\/27432"}],"wp:attachment":[{"href":"https:\/\/rutana.lt\/en\/wp-json\/wp\/v2\/media?parent=11317"}],"wp:term":[{"taxonomy":"product_brand","embeddable":true,"href":"https:\/\/rutana.lt\/en\/wp-json\/wp\/v2\/product_brand?post=11317"},{"taxonomy":"product_cat","embeddable":true,"href":"https:\/\/rutana.lt\/en\/wp-json\/wp\/v2\/product_cat?post=11317"},{"taxonomy":"product_tag","embeddable":true,"href":"https:\/\/rutana.lt\/en\/wp-json\/wp\/v2\/product_tag?post=11317"}],"curies":[{"name":"wp","href":"https:\/\/api.w.org\/{rel}","templated":true}]}}