{"id":11243,"date":"2025-09-03T09:16:09","date_gmt":"2025-09-03T07:16:09","guid":{"rendered":"https:\/\/rutana.webdemo.lt\/?post_type=product&#038;p=11243"},"modified":"2025-10-13T15:38:41","modified_gmt":"2025-10-13T13:38:41","slug":"zymeklis-posca-pc-5m-1-8-2-5mm-oranzinis-uni-mitsubishi-pencil","status":"publish","type":"product","link":"https:\/\/rutana.lt\/en\/product\/zymeklis-posca-pc-5m-1-8-2-5mm-oranzinis-uni-mitsubishi-pencil\/","title":{"rendered":"\u017dymeklis POSCA PC-5M 1.8-2.5mm oran\u017einis Uni Mitsubishi Pencil"},"content":{"rendered":"<p>POSCA \u017eymekli\u0173 tu\u0161as yra vandens pagrindu, skirtas ra\u0161ymui ant bet koki\u0173 pavir\u0161i\u0173. Matini\u0173 da\u017e\u0173 formul\u0117, artima akrilui, u\u017etikrina puik\u0173 padengim\u0105 ir greit\u0105 d\u017ei\u016bvim\u0105 ant pavir\u0161iaus. U\u017era\u0161ai, padaryti \u0161iuo \u017eymekliu, gerai laikosi ant akyt\u0173 pavir\u0161i\u0173, toki\u0173 kaip medienos, kartono, audinio, akmens, kai kurios plastmas\u0117s ir metalo, da\u017eai i\u0161silaiko ilgam be joki\u0173 fiksatori\u0173. Kai kuriais atvejais ( tapyboje, individualiame dizaine, papuo\u0161imuose ) galima panaudoti fiksuojant\u012f lak\u0105 tam, kad apsaugoti sukurt\u0105 k\u016brin\u012f labai ilgam laikotarpiui. U\u017era\u0161ai gali b\u016bti nuvalomi nuo lygi\u0173, ne grubl\u0117t\u0173 pavir\u0161i\u0173, toki\u0173 kaip stiklo, PVC ar metalo, tod\u0117l \u0161is \u017eymeklis puikiai tinka vitrin\u0173 bei veidrod\u017ei\u0173 dekoracijoms. Naudojant ant popieriaus \u017eymeklio da\u017eai nepersigeria per j\u012f. \u017dymeklio ra\u0161omas galiukas yra dvipusis, tod\u0117l pa\u017eeidus vien\u0105 gal\u0105, galima j\u012f apsukti ir naudotis \u017eymekliu v\u0117l kaip nauju. Jei galiukas susitep\u0117 ar u\u017ed\u017ei\u016bvo &#8211; galima pamirkyti vandenyje ir v\u0117l naudotis.<\/p>\n<p>\u017dymeklis idealiai tinka vaik\u0173 k\u016brybai, nes jis turi ISO8124-3 standart\u0105 &#8211; &#8222;Saugus naudoti vaikams&#8221;. \u017dymeklyje n\u0117ra ksileno, da\u017eai vandens pagrindu ir bekvapis, tod\u0117l galite b\u016bti ram\u016bs d\u0117l vaiko saugumo, naudojant \u0161\u012f puik\u0173 \u017eymekl\u012f. Prie\u0161 kiekvien\u0105 \u017eymeklio naudojim\u0105 j\u012f reikia supurtyti. Galima mai\u0161yti skirting\u0173 spalv\u0173 \u017eymeklius ant pavir\u0161iaus, taip gaudami naujus atspalvius.<\/p>\n<p>\u017dymeklio galiukas: apvalus<\/p>\n<p>Linijos br\u0117\u017eio storis: 1.8 &#8211; 2.5 mm<\/p>\n<p>Ra\u0161ymo ilgis: 230 m<\/p>\n<p>Ra\u0161alo kiekis: 6.8 ml<\/p>\n<p>Da\u017e\u0173 spalva: oran\u017ein\u0117<\/p>\n<p>Kilm\u0117s \u0161alis: Japonija<\/p>\n<p><\/p>\n<p><iframe src=\"\/\/www.youtube.com\/embed\/_bbcMYDnOrM\" width=\"640\" height=\"360\" frameborder=\"0\"><\/iframe><\/p>\n<p><\/p>\n<p><\/p>","protected":false},"excerpt":{"rendered":"<p>POSCA \u017eymekli\u0173 tu\u0161as yra vandens pagrindu, skirtas ra\u0161ymui ant bet koki\u0173 pavir\u0161i\u0173. Matini\u0173 da\u017e\u0173 formul\u0117, artima akrilui, u\u017etikrina puik\u0173 padengim\u0105 ir greit\u0105 d\u017ei\u016bvim\u0105 ant pavir\u0161iaus. U\u017era\u0161ai, padaryti \u0161iuo \u017eymekliu, gerai laikosi ant akyt\u0173 pavir\u0161i\u0173, toki\u0173 kaip medienos, kartono, audinio, akmens, kai kurios plastmas\u0117s ir metalo, da\u017eai i\u0161silaiko ilgam be joki\u0173 fiksatori\u0173. Kai kuriais atvejais ( [&hellip;]<\/p>","protected":false},"featured_media":27406,"comment_status":"open","ping_status":"closed","template":"","meta":{"_season_start":"","_season_end":"","_season_days":"","_season_months":"","_season_auto_visibility":""},"product_brand":[91],"product_cat":[1878],"product_tag":[],"class_list":{"0":"post-11243","1":"product","2":"type-product","3":"status-publish","4":"has-post-thumbnail","6":"product_brand-uni-mitsubishi-pencil","7":"product_cat-vandens-pagrindu-zymekliai","9":"first","10":"instock","11":"taxable","12":"shipping-taxable","13":"purchasable","14":"product-type-simple"},"yoast_head":"<!-- This site is optimized with the Yoast SEO plugin v26.1.1 - https:\/\/yoast.com\/wordpress\/plugins\/seo\/ -->\n<title>\u017dymeklis POSCA PC-5M 1.8-2.5mm oran\u017einis Uni Mitsubishi Pencil - Rutana - Ra\u0161tin\u0117s reikmenys<\/title>\n<meta name=\"robots\" content=\"index, follow, max-snippet:-1, max-image-preview:large, max-video-preview:-1\" \/>\n<link rel=\"canonical\" href=\"https:\/\/rutana.lt\/en\/product\/zymeklis-posca-pc-5m-1-8-2-5mm-oranzinis-uni-mitsubishi-pencil\/\" \/>\n<meta property=\"og:locale\" content=\"en_US\" \/>\n<meta property=\"og:type\" content=\"article\" \/>\n<meta property=\"og:title\" content=\"\u017dymeklis POSCA PC-5M 1.8-2.5mm oran\u017einis Uni Mitsubishi Pencil - Rutana - Ra\u0161tin\u0117s reikmenys\" \/>\n<meta property=\"og:description\" content=\"POSCA \u017eymekli\u0173 tu\u0161as yra vandens pagrindu, skirtas ra\u0161ymui ant bet koki\u0173 pavir\u0161i\u0173. Matini\u0173 da\u017e\u0173 formul\u0117, artima akrilui, u\u017etikrina puik\u0173 padengim\u0105 ir greit\u0105 d\u017ei\u016bvim\u0105 ant pavir\u0161iaus. U\u017era\u0161ai, padaryti \u0161iuo \u017eymekliu, gerai laikosi ant akyt\u0173 pavir\u0161i\u0173, toki\u0173 kaip medienos, kartono, audinio, akmens, kai kurios plastmas\u0117s ir metalo, da\u017eai i\u0161silaiko ilgam be joki\u0173 fiksatori\u0173. Kai kuriais atvejais ( [&hellip;]\" \/>\n<meta property=\"og:url\" content=\"https:\/\/rutana.lt\/en\/product\/zymeklis-posca-pc-5m-1-8-2-5mm-oranzinis-uni-mitsubishi-pencil\/\" \/>\n<meta property=\"og:site_name\" content=\"Rutana - Ra\u0161tin\u0117s reikmenys\" \/>\n<meta property=\"article:publisher\" content=\"https:\/\/www.facebook.com\/RutanaKanceliarinesPrekes\/\" \/>\n<meta property=\"article:modified_time\" content=\"2025-10-13T13:38:41+00:00\" \/>\n<meta property=\"og:image\" content=\"https:\/\/rutana.lt\/wp-content\/uploads\/2025\/09\/C105-716.jpg\" \/>\n\t<meta property=\"og:image:width\" content=\"600\" \/>\n\t<meta property=\"og:image:height\" content=\"504\" \/>\n\t<meta property=\"og:image:type\" content=\"image\/jpeg\" \/>\n<meta name=\"twitter:card\" content=\"summary_large_image\" \/>\n<meta name=\"twitter:label1\" content=\"Est. reading time\" \/>\n\t<meta name=\"twitter:data1\" content=\"1 minute\" \/>\n<script type=\"application\/ld+json\" class=\"yoast-schema-graph\">{\"@context\":\"https:\/\/schema.org\",\"@graph\":[{\"@type\":\"WebPage\",\"@id\":\"https:\/\/rutana.lt\/produktas\/zymeklis-posca-pc-5m-1-8-2-5mm-oranzinis-uni-mitsubishi-pencil\/\",\"url\":\"https:\/\/rutana.lt\/produktas\/zymeklis-posca-pc-5m-1-8-2-5mm-oranzinis-uni-mitsubishi-pencil\/\",\"name\":\"\u017dymeklis POSCA PC-5M 1.8-2.5mm oran\u017einis Uni Mitsubishi Pencil - Rutana - Ra\u0161tin\u0117s reikmenys\",\"isPartOf\":{\"@id\":\"https:\/\/rutana.lt\/#website\"},\"primaryImageOfPage\":{\"@id\":\"https:\/\/rutana.lt\/produktas\/zymeklis-posca-pc-5m-1-8-2-5mm-oranzinis-uni-mitsubishi-pencil\/#primaryimage\"},\"image\":{\"@id\":\"https:\/\/rutana.lt\/produktas\/zymeklis-posca-pc-5m-1-8-2-5mm-oranzinis-uni-mitsubishi-pencil\/#primaryimage\"},\"thumbnailUrl\":\"https:\/\/rutana.lt\/wp-content\/uploads\/2025\/09\/C105-716-1.jpg?v=1763620018\",\"datePublished\":\"2025-09-03T07:16:09+00:00\",\"dateModified\":\"2025-10-13T13:38:41+00:00\",\"breadcrumb\":{\"@id\":\"https:\/\/rutana.lt\/produktas\/zymeklis-posca-pc-5m-1-8-2-5mm-oranzinis-uni-mitsubishi-pencil\/#breadcrumb\"},\"inLanguage\":\"en-US\",\"potentialAction\":[{\"@type\":\"ReadAction\",\"target\":[\"https:\/\/rutana.lt\/produktas\/zymeklis-posca-pc-5m-1-8-2-5mm-oranzinis-uni-mitsubishi-pencil\/\"]}]},{\"@type\":\"ImageObject\",\"inLanguage\":\"en-US\",\"@id\":\"https:\/\/rutana.lt\/produktas\/zymeklis-posca-pc-5m-1-8-2-5mm-oranzinis-uni-mitsubishi-pencil\/#primaryimage\",\"url\":\"https:\/\/rutana.lt\/wp-content\/uploads\/2025\/09\/C105-716-1.jpg?v=1763620018\",\"contentUrl\":\"https:\/\/rutana.lt\/wp-content\/uploads\/2025\/09\/C105-716-1.jpg?v=1763620018\",\"width\":600,\"height\":504},{\"@type\":\"BreadcrumbList\",\"@id\":\"https:\/\/rutana.lt\/produktas\/zymeklis-posca-pc-5m-1-8-2-5mm-oranzinis-uni-mitsubishi-pencil\/#breadcrumb\",\"itemListElement\":[{\"@type\":\"ListItem\",\"position\":1,\"name\":\"Home\",\"item\":\"https:\/\/rutana.lt\/\"},{\"@type\":\"ListItem\",\"position\":2,\"name\":\"Parduotuv\u0117\",\"item\":\"https:\/\/rutana.lt\/parduotuve\/\"},{\"@type\":\"ListItem\",\"position\":3,\"name\":\"\u017dymeklis POSCA PC-5M 1.8-2.5mm oran\u017einis Uni Mitsubishi Pencil\"}]},{\"@type\":\"WebSite\",\"@id\":\"https:\/\/rutana.lt\/#website\",\"url\":\"https:\/\/rutana.lt\/\",\"name\":\"Rutana - Ra\u0161tin\u0117s reikmenys\",\"description\":\"Prekiaujame pasaulin\u0117je rinkoje pripa\u017eintomis, kokybi\u0161komis biuro prek\u0117mis toki\u0173  gamintoj\u0173 kaip: Schneider, Esselte, Novus, 3M, Faber-Castell, Citizen, Milan, Leitz, Colop, Zebra, Staedtler, Durable, Tork, Parker, Waterman ir kt.\",\"publisher\":{\"@id\":\"https:\/\/rutana.lt\/#organization\"},\"potentialAction\":[{\"@type\":\"SearchAction\",\"target\":{\"@type\":\"EntryPoint\",\"urlTemplate\":\"https:\/\/rutana.lt\/?s={search_term_string}\"},\"query-input\":{\"@type\":\"PropertyValueSpecification\",\"valueRequired\":true,\"valueName\":\"search_term_string\"}}],\"inLanguage\":\"en-US\"},{\"@type\":\"Organization\",\"@id\":\"https:\/\/rutana.lt\/#organization\",\"name\":\"Rutana - Ra\u0161tin\u0117s reikmenys\",\"url\":\"https:\/\/rutana.lt\/\",\"logo\":{\"@type\":\"ImageObject\",\"inLanguage\":\"en-US\",\"@id\":\"https:\/\/rutana.lt\/#\/schema\/logo\/image\/\",\"url\":\"https:\/\/rutana.lt\/wp-content\/uploads\/2025\/10\/Asset-32.png\",\"contentUrl\":\"https:\/\/rutana.lt\/wp-content\/uploads\/2025\/10\/Asset-32.png\",\"width\":433,\"height\":119,\"caption\":\"Rutana - Ra\u0161tin\u0117s reikmenys\"},\"image\":{\"@id\":\"https:\/\/rutana.lt\/#\/schema\/logo\/image\/\"},\"sameAs\":[\"https:\/\/www.facebook.com\/RutanaKanceliarinesPrekes\/\"]}]}<\/script>\n<!-- \/ Yoast SEO plugin. -->","yoast_head_json":{"title":"\u017dymeklis POSCA PC-5M 1.8-2.5mm oran\u017einis Uni Mitsubishi Pencil - Rutana - Ra\u0161tin\u0117s reikmenys","robots":{"index":"index","follow":"follow","max-snippet":"max-snippet:-1","max-image-preview":"max-image-preview:large","max-video-preview":"max-video-preview:-1"},"canonical":"https:\/\/rutana.lt\/en\/product\/zymeklis-posca-pc-5m-1-8-2-5mm-oranzinis-uni-mitsubishi-pencil\/","og_locale":"en_US","og_type":"article","og_title":"\u017dymeklis POSCA PC-5M 1.8-2.5mm oran\u017einis Uni Mitsubishi Pencil - Rutana - Ra\u0161tin\u0117s reikmenys","og_description":"POSCA \u017eymekli\u0173 tu\u0161as yra vandens pagrindu, skirtas ra\u0161ymui ant bet koki\u0173 pavir\u0161i\u0173. Matini\u0173 da\u017e\u0173 formul\u0117, artima akrilui, u\u017etikrina puik\u0173 padengim\u0105 ir greit\u0105 d\u017ei\u016bvim\u0105 ant pavir\u0161iaus. U\u017era\u0161ai, padaryti \u0161iuo \u017eymekliu, gerai laikosi ant akyt\u0173 pavir\u0161i\u0173, toki\u0173 kaip medienos, kartono, audinio, akmens, kai kurios plastmas\u0117s ir metalo, da\u017eai i\u0161silaiko ilgam be joki\u0173 fiksatori\u0173. Kai kuriais atvejais ( [&hellip;]","og_url":"https:\/\/rutana.lt\/en\/product\/zymeklis-posca-pc-5m-1-8-2-5mm-oranzinis-uni-mitsubishi-pencil\/","og_site_name":"Rutana - Ra\u0161tin\u0117s reikmenys","article_publisher":"https:\/\/www.facebook.com\/RutanaKanceliarinesPrekes\/","article_modified_time":"2025-10-13T13:38:41+00:00","og_image":[{"width":600,"height":504,"url":"https:\/\/rutana.lt\/wp-content\/uploads\/2025\/09\/C105-716.jpg","type":"image\/jpeg"}],"twitter_card":"summary_large_image","twitter_misc":{"Est. reading time":"1 minute"},"schema":{"@context":"https:\/\/schema.org","@graph":[{"@type":"WebPage","@id":"https:\/\/rutana.lt\/produktas\/zymeklis-posca-pc-5m-1-8-2-5mm-oranzinis-uni-mitsubishi-pencil\/","url":"https:\/\/rutana.lt\/produktas\/zymeklis-posca-pc-5m-1-8-2-5mm-oranzinis-uni-mitsubishi-pencil\/","name":"\u017dymeklis POSCA PC-5M 1.8-2.5mm oran\u017einis Uni Mitsubishi Pencil - Rutana - Ra\u0161tin\u0117s reikmenys","isPartOf":{"@id":"https:\/\/rutana.lt\/#website"},"primaryImageOfPage":{"@id":"https:\/\/rutana.lt\/produktas\/zymeklis-posca-pc-5m-1-8-2-5mm-oranzinis-uni-mitsubishi-pencil\/#primaryimage"},"image":{"@id":"https:\/\/rutana.lt\/produktas\/zymeklis-posca-pc-5m-1-8-2-5mm-oranzinis-uni-mitsubishi-pencil\/#primaryimage"},"thumbnailUrl":"https:\/\/rutana.lt\/wp-content\/uploads\/2025\/09\/C105-716-1.jpg?v=1763620018","datePublished":"2025-09-03T07:16:09+00:00","dateModified":"2025-10-13T13:38:41+00:00","breadcrumb":{"@id":"https:\/\/rutana.lt\/produktas\/zymeklis-posca-pc-5m-1-8-2-5mm-oranzinis-uni-mitsubishi-pencil\/#breadcrumb"},"inLanguage":"en-US","potentialAction":[{"@type":"ReadAction","target":["https:\/\/rutana.lt\/produktas\/zymeklis-posca-pc-5m-1-8-2-5mm-oranzinis-uni-mitsubishi-pencil\/"]}]},{"@type":"ImageObject","inLanguage":"en-US","@id":"https:\/\/rutana.lt\/produktas\/zymeklis-posca-pc-5m-1-8-2-5mm-oranzinis-uni-mitsubishi-pencil\/#primaryimage","url":"https:\/\/rutana.lt\/wp-content\/uploads\/2025\/09\/C105-716-1.jpg?v=1763620018","contentUrl":"https:\/\/rutana.lt\/wp-content\/uploads\/2025\/09\/C105-716-1.jpg?v=1763620018","width":600,"height":504},{"@type":"BreadcrumbList","@id":"https:\/\/rutana.lt\/produktas\/zymeklis-posca-pc-5m-1-8-2-5mm-oranzinis-uni-mitsubishi-pencil\/#breadcrumb","itemListElement":[{"@type":"ListItem","position":1,"name":"Home","item":"https:\/\/rutana.lt\/"},{"@type":"ListItem","position":2,"name":"Parduotuv\u0117","item":"https:\/\/rutana.lt\/parduotuve\/"},{"@type":"ListItem","position":3,"name":"\u017dymeklis POSCA PC-5M 1.8-2.5mm oran\u017einis Uni Mitsubishi Pencil"}]},{"@type":"WebSite","@id":"https:\/\/rutana.lt\/#website","url":"https:\/\/rutana.lt\/","name":"Rutana - Ra\u0161tin\u0117s reikmenys","description":"Prekiaujame pasaulin\u0117je rinkoje pripa\u017eintomis, kokybi\u0161komis biuro prek\u0117mis toki\u0173  gamintoj\u0173 kaip: Schneider, Esselte, Novus, 3M, Faber-Castell, Citizen, Milan, Leitz, Colop, Zebra, Staedtler, Durable, Tork, Parker, Waterman ir kt.","publisher":{"@id":"https:\/\/rutana.lt\/#organization"},"potentialAction":[{"@type":"SearchAction","target":{"@type":"EntryPoint","urlTemplate":"https:\/\/rutana.lt\/?s={search_term_string}"},"query-input":{"@type":"PropertyValueSpecification","valueRequired":true,"valueName":"search_term_string"}}],"inLanguage":"en-US"},{"@type":"Organization","@id":"https:\/\/rutana.lt\/#organization","name":"Rutana - Ra\u0161tin\u0117s reikmenys","url":"https:\/\/rutana.lt\/","logo":{"@type":"ImageObject","inLanguage":"en-US","@id":"https:\/\/rutana.lt\/#\/schema\/logo\/image\/","url":"https:\/\/rutana.lt\/wp-content\/uploads\/2025\/10\/Asset-32.png","contentUrl":"https:\/\/rutana.lt\/wp-content\/uploads\/2025\/10\/Asset-32.png","width":433,"height":119,"caption":"Rutana - Ra\u0161tin\u0117s reikmenys"},"image":{"@id":"https:\/\/rutana.lt\/#\/schema\/logo\/image\/"},"sameAs":["https:\/\/www.facebook.com\/RutanaKanceliarinesPrekes\/"]}]}},"_links":{"self":[{"href":"https:\/\/rutana.lt\/en\/wp-json\/wp\/v2\/product\/11243","targetHints":{"allow":["GET"]}}],"collection":[{"href":"https:\/\/rutana.lt\/en\/wp-json\/wp\/v2\/product"}],"about":[{"href":"https:\/\/rutana.lt\/en\/wp-json\/wp\/v2\/types\/product"}],"replies":[{"embeddable":true,"href":"https:\/\/rutana.lt\/en\/wp-json\/wp\/v2\/comments?post=11243"}],"version-history":[{"count":1,"href":"https:\/\/rutana.lt\/en\/wp-json\/wp\/v2\/product\/11243\/revisions"}],"predecessor-version":[{"id":11287,"href":"https:\/\/rutana.lt\/en\/wp-json\/wp\/v2\/product\/11243\/revisions\/11287"}],"wp:featuredmedia":[{"embeddable":true,"href":"https:\/\/rutana.lt\/en\/wp-json\/wp\/v2\/media\/27406"}],"wp:attachment":[{"href":"https:\/\/rutana.lt\/en\/wp-json\/wp\/v2\/media?parent=11243"}],"wp:term":[{"taxonomy":"product_brand","embeddable":true,"href":"https:\/\/rutana.lt\/en\/wp-json\/wp\/v2\/product_brand?post=11243"},{"taxonomy":"product_cat","embeddable":true,"href":"https:\/\/rutana.lt\/en\/wp-json\/wp\/v2\/product_cat?post=11243"},{"taxonomy":"product_tag","embeddable":true,"href":"https:\/\/rutana.lt\/en\/wp-json\/wp\/v2\/product_tag?post=11243"}],"curies":[{"name":"wp","href":"https:\/\/api.w.org\/{rel}","templated":true}]}}