{"id":11097,"date":"2025-09-03T09:15:21","date_gmt":"2025-09-03T07:15:21","guid":{"rendered":"https:\/\/rutana.webdemo.lt\/?post_type=product&#038;p=11097"},"modified":"2025-10-13T15:38:16","modified_gmt":"2025-10-13T13:38:16","slug":"sokoladiniai-saldainiai-lietuva-1kg-laima","status":"publish","type":"product","link":"https:\/\/rutana.lt\/en\/product\/sokoladiniai-saldainiai-lietuva-1kg-laima\/","title":{"rendered":"\u0160okoladiniai saldainiai LIETUVA 1kg Laima"},"content":{"rendered":"<p>\u0160okoladiniai saldainiai LIETUVA.<\/p>\n<p>Sudedamosios dalys:<\/p>\n<p>\u0161okoladas 25 % (kakavos kiekis \u0161okolade ne ma\u017eiau kaip 39 %), cukrus, vanduo, sausos i\u0161r\u016bgos, lazdyn\u0173 rie\u0161utai, kakavos mas\u0117, gliukoz\u0117s sirupas, augaliniai riebalai (palmi\u0173 aliejus, branduoli\u0173 aliejus, emulsinimo SOJ\u0172 lecitinas), kakavos sviestas, neriebios kakavos milteliai, obuoliai, juod\u0173j\u0173 serbent\u0173, abrikosai, spiritas, emulsikliai (amonio fosfatid\u0173, poliglicerolio poliricinoleatas, SOJ\u0172 lecitinas), tir\u0161tiklis pektinas, r\u016bg\u0161tingum\u0105 reguliuojanti med\u017eiaga citrin\u0173 r\u016bg\u0161tis, konservantas kalio sorbatas, kvapiosios med\u017eiagos.<\/p>\n<p>Kiekis: 1 kg<\/p>\n<p>Kilm\u0117s \u0161alis: Latvija<\/p>","protected":false},"excerpt":{"rendered":"<p>\u0160okoladiniai saldainiai LIETUVA. Sudedamosios dalys: \u0161okoladas 25 % (kakavos kiekis \u0161okolade ne ma\u017eiau kaip 39 %), cukrus, vanduo, sausos i\u0161r\u016bgos, lazdyn\u0173 rie\u0161utai, kakavos mas\u0117, gliukoz\u0117s sirupas, augaliniai riebalai (palmi\u0173 aliejus, branduoli\u0173 aliejus, emulsinimo SOJ\u0172 lecitinas), kakavos sviestas, neriebios kakavos milteliai, obuoliai, juod\u0173j\u0173 serbent\u0173, abrikosai, spiritas, emulsikliai (amonio fosfatid\u0173, poliglicerolio poliricinoleatas, SOJ\u0172 lecitinas), tir\u0161tiklis pektinas, r\u016bg\u0161tingum\u0105 [&hellip;]<\/p>","protected":false},"featured_media":27356,"comment_status":"open","ping_status":"closed","template":"","meta":{"_season_start":"","_season_end":"","_season_days":"","_season_months":"","_season_auto_visibility":""},"product_brand":[755],"product_cat":[1879,1880],"product_tag":[],"class_list":{"0":"post-11097","1":"product","2":"type-product","3":"status-publish","4":"has-post-thumbnail","6":"product_brand-laima","7":"product_cat-saldainiai","8":"product_cat-sokolodai","10":"first","11":"instock","12":"taxable","13":"shipping-taxable","14":"purchasable","15":"product-type-simple"},"yoast_head":"<!-- This site is optimized with the Yoast SEO plugin v27.4 - https:\/\/yoast.com\/product\/yoast-seo-wordpress\/ -->\n<title>\u0160okoladiniai saldainiai LIETUVA 1kg Laima - Rutana - Ra\u0161tin\u0117s reikmenys<\/title>\n<meta name=\"robots\" content=\"index, follow, max-snippet:-1, max-image-preview:large, max-video-preview:-1\" \/>\n<link rel=\"canonical\" href=\"https:\/\/rutana.lt\/en\/product\/sokoladiniai-saldainiai-lietuva-1kg-laima\/\" \/>\n<meta property=\"og:locale\" content=\"en_US\" \/>\n<meta property=\"og:type\" content=\"article\" \/>\n<meta property=\"og:title\" content=\"\u0160okoladiniai saldainiai LIETUVA 1kg Laima - Rutana - Ra\u0161tin\u0117s reikmenys\" \/>\n<meta property=\"og:description\" content=\"\u0160okoladiniai saldainiai LIETUVA. Sudedamosios dalys: \u0161okoladas 25 % (kakavos kiekis \u0161okolade ne ma\u017eiau kaip 39 %), cukrus, vanduo, sausos i\u0161r\u016bgos, lazdyn\u0173 rie\u0161utai, kakavos mas\u0117, gliukoz\u0117s sirupas, augaliniai riebalai (palmi\u0173 aliejus, branduoli\u0173 aliejus, emulsinimo SOJ\u0172 lecitinas), kakavos sviestas, neriebios kakavos milteliai, obuoliai, juod\u0173j\u0173 serbent\u0173, abrikosai, spiritas, emulsikliai (amonio fosfatid\u0173, poliglicerolio poliricinoleatas, SOJ\u0172 lecitinas), tir\u0161tiklis pektinas, r\u016bg\u0161tingum\u0105 [&hellip;]\" \/>\n<meta property=\"og:url\" content=\"https:\/\/rutana.lt\/en\/product\/sokoladiniai-saldainiai-lietuva-1kg-laima\/\" \/>\n<meta property=\"og:site_name\" content=\"Rutana - Ra\u0161tin\u0117s reikmenys\" \/>\n<meta property=\"article:publisher\" content=\"https:\/\/www.facebook.com\/RutanaKanceliarinesPrekes\/\" \/>\n<meta property=\"article:modified_time\" content=\"2025-10-13T13:38:16+00:00\" \/>\n<meta property=\"og:image\" content=\"https:\/\/rutana.lt\/wp-content\/uploads\/2025\/09\/B090-034.jpg\" \/>\n\t<meta property=\"og:image:width\" content=\"500\" \/>\n\t<meta property=\"og:image:height\" content=\"390\" \/>\n\t<meta property=\"og:image:type\" content=\"image\/jpeg\" \/>\n<meta name=\"twitter:card\" content=\"summary_large_image\" \/>\n<script type=\"application\/ld+json\" class=\"yoast-schema-graph\">{\"@context\":\"https:\\\/\\\/schema.org\",\"@graph\":[{\"@type\":\"WebPage\",\"@id\":\"https:\\\/\\\/rutana.lt\\\/produktas\\\/sokoladiniai-saldainiai-lietuva-1kg-laima\\\/\",\"url\":\"https:\\\/\\\/rutana.lt\\\/produktas\\\/sokoladiniai-saldainiai-lietuva-1kg-laima\\\/\",\"name\":\"\u0160okoladiniai saldainiai LIETUVA 1kg Laima - Rutana - Ra\u0161tin\u0117s reikmenys\",\"isPartOf\":{\"@id\":\"https:\\\/\\\/rutana.lt\\\/#website\"},\"primaryImageOfPage\":{\"@id\":\"https:\\\/\\\/rutana.lt\\\/produktas\\\/sokoladiniai-saldainiai-lietuva-1kg-laima\\\/#primaryimage\"},\"image\":{\"@id\":\"https:\\\/\\\/rutana.lt\\\/produktas\\\/sokoladiniai-saldainiai-lietuva-1kg-laima\\\/#primaryimage\"},\"thumbnailUrl\":\"https:\\\/\\\/rutana.lt\\\/wp-content\\\/uploads\\\/2025\\\/09\\\/B090-034-1.jpg?v=1763620078\",\"datePublished\":\"2025-09-03T07:15:21+00:00\",\"dateModified\":\"2025-10-13T13:38:16+00:00\",\"breadcrumb\":{\"@id\":\"https:\\\/\\\/rutana.lt\\\/produktas\\\/sokoladiniai-saldainiai-lietuva-1kg-laima\\\/#breadcrumb\"},\"inLanguage\":\"en-US\",\"potentialAction\":[{\"@type\":\"ReadAction\",\"target\":[\"https:\\\/\\\/rutana.lt\\\/produktas\\\/sokoladiniai-saldainiai-lietuva-1kg-laima\\\/\"]}]},{\"@type\":\"ImageObject\",\"inLanguage\":\"en-US\",\"@id\":\"https:\\\/\\\/rutana.lt\\\/produktas\\\/sokoladiniai-saldainiai-lietuva-1kg-laima\\\/#primaryimage\",\"url\":\"https:\\\/\\\/rutana.lt\\\/wp-content\\\/uploads\\\/2025\\\/09\\\/B090-034-1.jpg?v=1763620078\",\"contentUrl\":\"https:\\\/\\\/rutana.lt\\\/wp-content\\\/uploads\\\/2025\\\/09\\\/B090-034-1.jpg?v=1763620078\",\"width\":500,\"height\":390},{\"@type\":\"BreadcrumbList\",\"@id\":\"https:\\\/\\\/rutana.lt\\\/produktas\\\/sokoladiniai-saldainiai-lietuva-1kg-laima\\\/#breadcrumb\",\"itemListElement\":[{\"@type\":\"ListItem\",\"position\":1,\"name\":\"Home\",\"item\":\"https:\\\/\\\/rutana.lt\\\/\"},{\"@type\":\"ListItem\",\"position\":2,\"name\":\"Parduotuv\u0117\",\"item\":\"https:\\\/\\\/rutana.lt\\\/parduotuve\\\/\"},{\"@type\":\"ListItem\",\"position\":3,\"name\":\"\u0160okoladiniai saldainiai LIETUVA 1kg Laima\"}]},{\"@type\":\"WebSite\",\"@id\":\"https:\\\/\\\/rutana.lt\\\/#website\",\"url\":\"https:\\\/\\\/rutana.lt\\\/\",\"name\":\"Rutana - Ra\u0161tin\u0117s reikmenys\",\"description\":\"Prekiaujame pasaulin\u0117je rinkoje pripa\u017eintomis, kokybi\u0161komis biuro prek\u0117mis toki\u0173  gamintoj\u0173 kaip: Schneider, Esselte, Novus, 3M, Faber-Castell, Citizen, Milan, Leitz, Colop, Zebra, Staedtler, Durable, Tork, Parker, Waterman ir kt.\",\"publisher\":{\"@id\":\"https:\\\/\\\/rutana.lt\\\/#organization\"},\"potentialAction\":[{\"@type\":\"SearchAction\",\"target\":{\"@type\":\"EntryPoint\",\"urlTemplate\":\"https:\\\/\\\/rutana.lt\\\/?s={search_term_string}\"},\"query-input\":{\"@type\":\"PropertyValueSpecification\",\"valueRequired\":true,\"valueName\":\"search_term_string\"}}],\"inLanguage\":\"en-US\"},{\"@type\":\"Organization\",\"@id\":\"https:\\\/\\\/rutana.lt\\\/#organization\",\"name\":\"Rutana - Ra\u0161tin\u0117s reikmenys\",\"url\":\"https:\\\/\\\/rutana.lt\\\/\",\"logo\":{\"@type\":\"ImageObject\",\"inLanguage\":\"en-US\",\"@id\":\"https:\\\/\\\/rutana.lt\\\/#\\\/schema\\\/logo\\\/image\\\/\",\"url\":\"https:\\\/\\\/rutana.lt\\\/wp-content\\\/uploads\\\/2025\\\/10\\\/Asset-32.png\",\"contentUrl\":\"https:\\\/\\\/rutana.lt\\\/wp-content\\\/uploads\\\/2025\\\/10\\\/Asset-32.png\",\"width\":433,\"height\":119,\"caption\":\"Rutana - Ra\u0161tin\u0117s reikmenys\"},\"image\":{\"@id\":\"https:\\\/\\\/rutana.lt\\\/#\\\/schema\\\/logo\\\/image\\\/\"},\"sameAs\":[\"https:\\\/\\\/www.facebook.com\\\/RutanaKanceliarinesPrekes\\\/\"]}]}<\/script>\n<!-- \/ Yoast SEO plugin. -->","yoast_head_json":{"title":"\u0160okoladiniai saldainiai LIETUVA 1kg Laima - Rutana - Ra\u0161tin\u0117s reikmenys","robots":{"index":"index","follow":"follow","max-snippet":"max-snippet:-1","max-image-preview":"max-image-preview:large","max-video-preview":"max-video-preview:-1"},"canonical":"https:\/\/rutana.lt\/en\/product\/sokoladiniai-saldainiai-lietuva-1kg-laima\/","og_locale":"en_US","og_type":"article","og_title":"\u0160okoladiniai saldainiai LIETUVA 1kg Laima - Rutana - Ra\u0161tin\u0117s reikmenys","og_description":"\u0160okoladiniai saldainiai LIETUVA. Sudedamosios dalys: \u0161okoladas 25 % (kakavos kiekis \u0161okolade ne ma\u017eiau kaip 39 %), cukrus, vanduo, sausos i\u0161r\u016bgos, lazdyn\u0173 rie\u0161utai, kakavos mas\u0117, gliukoz\u0117s sirupas, augaliniai riebalai (palmi\u0173 aliejus, branduoli\u0173 aliejus, emulsinimo SOJ\u0172 lecitinas), kakavos sviestas, neriebios kakavos milteliai, obuoliai, juod\u0173j\u0173 serbent\u0173, abrikosai, spiritas, emulsikliai (amonio fosfatid\u0173, poliglicerolio poliricinoleatas, SOJ\u0172 lecitinas), tir\u0161tiklis pektinas, r\u016bg\u0161tingum\u0105 [&hellip;]","og_url":"https:\/\/rutana.lt\/en\/product\/sokoladiniai-saldainiai-lietuva-1kg-laima\/","og_site_name":"Rutana - Ra\u0161tin\u0117s reikmenys","article_publisher":"https:\/\/www.facebook.com\/RutanaKanceliarinesPrekes\/","article_modified_time":"2025-10-13T13:38:16+00:00","og_image":[{"width":500,"height":390,"url":"https:\/\/rutana.lt\/wp-content\/uploads\/2025\/09\/B090-034.jpg","type":"image\/jpeg"}],"twitter_card":"summary_large_image","schema":{"@context":"https:\/\/schema.org","@graph":[{"@type":"WebPage","@id":"https:\/\/rutana.lt\/produktas\/sokoladiniai-saldainiai-lietuva-1kg-laima\/","url":"https:\/\/rutana.lt\/produktas\/sokoladiniai-saldainiai-lietuva-1kg-laima\/","name":"\u0160okoladiniai saldainiai LIETUVA 1kg Laima - Rutana - Ra\u0161tin\u0117s reikmenys","isPartOf":{"@id":"https:\/\/rutana.lt\/#website"},"primaryImageOfPage":{"@id":"https:\/\/rutana.lt\/produktas\/sokoladiniai-saldainiai-lietuva-1kg-laima\/#primaryimage"},"image":{"@id":"https:\/\/rutana.lt\/produktas\/sokoladiniai-saldainiai-lietuva-1kg-laima\/#primaryimage"},"thumbnailUrl":"https:\/\/rutana.lt\/wp-content\/uploads\/2025\/09\/B090-034-1.jpg?v=1763620078","datePublished":"2025-09-03T07:15:21+00:00","dateModified":"2025-10-13T13:38:16+00:00","breadcrumb":{"@id":"https:\/\/rutana.lt\/produktas\/sokoladiniai-saldainiai-lietuva-1kg-laima\/#breadcrumb"},"inLanguage":"en-US","potentialAction":[{"@type":"ReadAction","target":["https:\/\/rutana.lt\/produktas\/sokoladiniai-saldainiai-lietuva-1kg-laima\/"]}]},{"@type":"ImageObject","inLanguage":"en-US","@id":"https:\/\/rutana.lt\/produktas\/sokoladiniai-saldainiai-lietuva-1kg-laima\/#primaryimage","url":"https:\/\/rutana.lt\/wp-content\/uploads\/2025\/09\/B090-034-1.jpg?v=1763620078","contentUrl":"https:\/\/rutana.lt\/wp-content\/uploads\/2025\/09\/B090-034-1.jpg?v=1763620078","width":500,"height":390},{"@type":"BreadcrumbList","@id":"https:\/\/rutana.lt\/produktas\/sokoladiniai-saldainiai-lietuva-1kg-laima\/#breadcrumb","itemListElement":[{"@type":"ListItem","position":1,"name":"Home","item":"https:\/\/rutana.lt\/"},{"@type":"ListItem","position":2,"name":"Parduotuv\u0117","item":"https:\/\/rutana.lt\/parduotuve\/"},{"@type":"ListItem","position":3,"name":"\u0160okoladiniai saldainiai LIETUVA 1kg Laima"}]},{"@type":"WebSite","@id":"https:\/\/rutana.lt\/#website","url":"https:\/\/rutana.lt\/","name":"Rutana - Ra\u0161tin\u0117s reikmenys","description":"Prekiaujame pasaulin\u0117je rinkoje pripa\u017eintomis, kokybi\u0161komis biuro prek\u0117mis toki\u0173  gamintoj\u0173 kaip: Schneider, Esselte, Novus, 3M, Faber-Castell, Citizen, Milan, Leitz, Colop, Zebra, Staedtler, Durable, Tork, Parker, Waterman ir kt.","publisher":{"@id":"https:\/\/rutana.lt\/#organization"},"potentialAction":[{"@type":"SearchAction","target":{"@type":"EntryPoint","urlTemplate":"https:\/\/rutana.lt\/?s={search_term_string}"},"query-input":{"@type":"PropertyValueSpecification","valueRequired":true,"valueName":"search_term_string"}}],"inLanguage":"en-US"},{"@type":"Organization","@id":"https:\/\/rutana.lt\/#organization","name":"Rutana - Ra\u0161tin\u0117s reikmenys","url":"https:\/\/rutana.lt\/","logo":{"@type":"ImageObject","inLanguage":"en-US","@id":"https:\/\/rutana.lt\/#\/schema\/logo\/image\/","url":"https:\/\/rutana.lt\/wp-content\/uploads\/2025\/10\/Asset-32.png","contentUrl":"https:\/\/rutana.lt\/wp-content\/uploads\/2025\/10\/Asset-32.png","width":433,"height":119,"caption":"Rutana - Ra\u0161tin\u0117s reikmenys"},"image":{"@id":"https:\/\/rutana.lt\/#\/schema\/logo\/image\/"},"sameAs":["https:\/\/www.facebook.com\/RutanaKanceliarinesPrekes\/"]}]}},"_links":{"self":[{"href":"https:\/\/rutana.lt\/en\/wp-json\/wp\/v2\/product\/11097","targetHints":{"allow":["GET"]}}],"collection":[{"href":"https:\/\/rutana.lt\/en\/wp-json\/wp\/v2\/product"}],"about":[{"href":"https:\/\/rutana.lt\/en\/wp-json\/wp\/v2\/types\/product"}],"replies":[{"embeddable":true,"href":"https:\/\/rutana.lt\/en\/wp-json\/wp\/v2\/comments?post=11097"}],"version-history":[{"count":1,"href":"https:\/\/rutana.lt\/en\/wp-json\/wp\/v2\/product\/11097\/revisions"}],"predecessor-version":[{"id":11136,"href":"https:\/\/rutana.lt\/en\/wp-json\/wp\/v2\/product\/11097\/revisions\/11136"}],"wp:featuredmedia":[{"embeddable":true,"href":"https:\/\/rutana.lt\/en\/wp-json\/wp\/v2\/media\/27356"}],"wp:attachment":[{"href":"https:\/\/rutana.lt\/en\/wp-json\/wp\/v2\/media?parent=11097"}],"wp:term":[{"taxonomy":"product_brand","embeddable":true,"href":"https:\/\/rutana.lt\/en\/wp-json\/wp\/v2\/product_brand?post=11097"},{"taxonomy":"product_cat","embeddable":true,"href":"https:\/\/rutana.lt\/en\/wp-json\/wp\/v2\/product_cat?post=11097"},{"taxonomy":"product_tag","embeddable":true,"href":"https:\/\/rutana.lt\/en\/wp-json\/wp\/v2\/product_tag?post=11097"}],"curies":[{"name":"wp","href":"https:\/\/api.w.org\/{rel}","templated":true}]}}